{"id":29303,"date":"2024-04-29T13:21:21","date_gmt":"2024-04-29T13:21:21","guid":{"rendered":"https:\/\/chemsxpress.com\/?post_type=product&#038;p=29303"},"modified":"2024-07-04T21:58:39","modified_gmt":"2024-07-04T21:58:39","slug":"dpt-online-kaufen","status":"publish","type":"product","link":"https:\/\/chemsxpress.com\/de\/produkt\/dpt-online-kaufen\/","title":{"rendered":"DPT HCL"},"content":{"rendered":"<h1><strong>DPT online kaufen.<\/strong><\/h1>\n<p>DPT Online kaufen oder Dipropyltryptamin oder N,N-Dipropyltryptamin ist ein Mitglied der Tryptaminklasse. DPT ist eine Chemikalie, von der gesagt wird, dass sie starke psychedelische Ver\u00e4nderungen hervorruft. Sie wird mit den spirituell verst\u00e4rkenden Effekten in Verbindung gebracht, die mit DMT und Ayahuasca gleichzusetzen sind. In anekdotischen Berichten ist von Erfahrungen wie Eternalismus, Pr\u00e4determinismus und der Wahrnehmung der inneren Mechanismen des Bewusstseins die Rede. Aufgrund der St\u00e4rke von DPT ist es nicht ratsam, es an Teilnehmern mit wenig psychedelischer Erfahrung zu testen. Berichten zufolge ist es dem DMT sowohl in der Wirkung als auch in der Unvorhersehbarkeit der Nebenwirkungen sehr \u00e4hnlich. DPT kann zu h\u00f6chst unvorhersehbaren Ergebnissen f\u00fchren, weshalb sichergestellt werden sollte, dass vor dem Experimentieren Ma\u00dfnahmen zur Schadensbegrenzung ergriffen werden. Es ist wichtig, darauf hinzuweisen, dass DPT nicht f\u00fcr den menschlichen Verzehr bestimmt ist; daher sollten angemessene Ma\u00dfnahmen ergriffen werden, wenn experimentelle Forschung betrieben wird.<\/p>\n<h2><strong>DPT Chemische Eigenschaften<\/strong><\/h2>\n<p>Chemische Formel: C16H24N2<\/p>\n<p>Molare Masse: 244,37 g\/mol<\/p>\n<p>DPT ist ein Mitglied der Tryptaminklasse, ein synthetisches Indolmolek\u00fcl. Alle Tryptamine haben eine gemeinsame Kernstruktur, die aus einem bicyclischen Indol-Heterozyklus besteht, der an R3 \u00fcber eine Ethyl-Seitenkette mit einer Aminogruppe verbunden ist. In DPT finden sich zwei Propyl-Kohlenstoffketten, die an das endst\u00e4ndige Amin RN des Tryptamingrundger\u00fcsts gebunden sind.<\/p>\n<h2><strong>DPT-Verwendung<\/strong><\/h2>\n<p>Obwohl nur wenige Untersuchungen \u00fcber DPT durchgef\u00fchrt wurden, scheint es eine gewisse \u00dcbereinstimmung hinsichtlich der Auswirkungen der Forschung zu geben <a href=\"https:\/\/chemsxpress.com\/de\/produktkategorie\/forschungschemikalien\/\">Chemie<\/a> bei Teilnehmern an experimentellen Untersuchungen.<\/p>\n<p>Nachfolgend sind einige m\u00f6gliche Auswirkungen von DPT aufgef\u00fchrt, wobei diese Liste aufgrund des Mangels an Forschungsarbeiten zu DPT bei weitem nicht ersch\u00f6pfend ist:<\/p>\n<ul>\n<li>K\u00f6rperliche Euphorie<\/li>\n<li>Ver\u00e4nderungen der gef\u00fchlten Schwerkraft<\/li>\n<li>Ver\u00e4nderungen der gef\u00fchlten k\u00f6rperlichen Form<\/li>\n<li>Verst\u00e4rkung der K\u00f6rperkontrolle<\/li>\n<li>Drifting-Effekt in der visuellen Wahrnehmung (morphing, melting, flowing, breathing)<\/li>\n<\/ul>\n<h2><strong>Was sind die m\u00f6glichen Nebenwirkungen von DPT?<\/strong><\/h2>\n<p>Bei Experimenten mit DPT ist Vorsicht geboten, da die Chemikalie und ihre Wirkung auf den Menschen noch nicht ausreichend erforscht wurden.<\/p>\n<p>Die folgende Aufz\u00e4hlung der m\u00f6glichen Nebenwirkungen von DPT ist keineswegs ersch\u00f6pfend, sondern soll einen Eindruck von den m\u00f6glichen Nebenwirkungen vermitteln, die bei der Forschung mit dieser Chemikalie auftreten k\u00f6nnen.<\/p>\n<p><strong>Einige der bekannten Nebenwirkungen von DPT sind:<\/strong><\/p>\n<ul>\n<li><strong>Verlust der Motorsteuerung:\u00a0<\/strong>Dies scheint eine h\u00e4ufige Nebenwirkung von Substanzen wie DPT zu sein.<\/li>\n<li><strong>Pupillenerweiterung:\u00a0<\/strong>Es wurde berichtet, dass Teilnehmer unter dem Einfluss von DPT gr\u00f6\u00dfere Pupillen als normal aufwiesen.<\/li>\n<li><strong>Hautr\u00f6tung:<\/strong>\u00a0Eine weitere m\u00f6gliche Nebenwirkung ist eine R\u00f6tung der Haut und eine warme Gesichtsr\u00f6te.<\/li>\n<li><strong>R\u00e4umliche Desorientierung:\u00a0<\/strong>Dies ist bei den Wirkungen der Tryptamin-Familie h\u00e4ufig der Fall, insbesondere bei den st\u00e4rkeren Psychedelika.<\/li>\n<\/ul>\n<h2><strong>DPT-Toleranz<\/strong><\/h2>\n<p>Die Vertr\u00e4glichkeit von DPT soll der von DMT \u00e4hnlich sein. Daher ist der Teilnehmer innerhalb von 2 Stunden wieder auf dem Ausgangsniveau. Im Gegensatz zu vielen anderen Tryptaminen gibt es bei der Verwendung von DPT keine Kreuztoleranzkonflikte mit anderen Psychedelika, daher bleibt ihre Potenz die gleiche.<\/p>\n<h2><strong>Rechtm\u00e4\u00dfigkeit:<\/strong><\/h2>\n<p><strong>UK<\/strong>\u00a0- DPT wird als Droge der Klasse A eingestuft.<\/p>\n<p><strong>Deutschland -\u00a0<\/strong>Die DPT wird durch das NpSG kontrolliert.<\/p>\n<p><strong>Schweiz -\u00a0<\/strong>finden Sie es als kontrollierte Substanz in der Schweiz unter dem Verzeichnis E aufgef\u00fchrt.<\/p>\n<p><strong>Schweden -\u00a0<\/strong>DPT ist in Schweden seit 2016 eine kontrollierte Substanz.<\/p>\n<p><strong>USA.\u00a0<\/strong>DPT ist nicht zugelassen, aber es ist ein Analogon von DET, das in den USA ein zugelassenes Bet\u00e4ubungsmittel ist. Daher kann ein Experimentator aufgrund des Bundesgesetzes \u00fcber analoge Drogen Schwierigkeiten mit dem Gesetz bekommen.<\/p>\n<h2><strong>Wo zu kaufen <\/strong><strong>DPT HCL<\/strong><strong>?<\/strong><\/h2>\n<p>Hier bei Chemical Planet bieten wir qualitativ hochwertiges DPT an. Alle unsere Chemikalien werden von Dritten getestet. Wir verkaufen keine Chemikalien f\u00fcr den menschlichen Verzehr. Sie m\u00fcssen mindestens 18 Jahre alt sein, um bei uns einzukaufen. <a href=\"https:\/\/chemsxpress.com\/de\/\">Rchemshop<\/a><\/p>","protected":false},"excerpt":{"rendered":"<p><strong>IUPAC-Name: <\/strong>N-[2-(1H-indol-3-yl)]ethyl-N-propylpropan-1-amine<\/p>\n<p><strong>CAS # <\/strong>61-52-9<\/p>\n<p><strong>Other name: <\/strong>N,N-Dipropyltryptamine<\/p>\n<p><strong>Appearance: <\/strong>powder<\/p>\n<p><strong>Form: <\/strong>hcl<\/p>\n<p><strong>NMR Analysis: <\/strong>C16H24N2<\/p>\n","protected":false},"featured_media":29328,"comment_status":"open","ping_status":"closed","template":"","meta":[],"product_brand":[],"product_cat":[92],"product_tag":[],"class_list":{"0":"post-29303","1":"product","2":"type-product","3":"status-publish","4":"has-post-thumbnail","6":"product_cat-tryptamines","8":"first","9":"instock","10":"shipping-taxable","11":"purchasable","12":"product-type-variable"},"yoast_head":"<!-- This site is optimized with the Yoast SEO Premium plugin v24.1 (Yoast SEO v27.4) - https:\/\/yoast.com\/product\/yoast-seo-premium-wordpress\/ -->\n<title>Buy DPT Online: Premium Quality RC&#039;s at ChemsXpres<\/title>\n<meta name=\"description\" content=\"Explore DPT at ChemsXpress. Premium research chemicals, fast shipping. Trust our quality assurance for all your research needs. Order now\" \/>\n<meta name=\"robots\" content=\"index, follow, max-snippet:-1, max-image-preview:large, max-video-preview:-1\" \/>\n<link rel=\"canonical\" href=\"https:\/\/chemsxpress.com\/de\/produkt\/dpt-online-kaufen\/\" \/>\n<meta property=\"og:locale\" content=\"de_DE\" \/>\n<meta property=\"og:type\" content=\"article\" \/>\n<meta property=\"og:title\" content=\"DPT HCL\" \/>\n<meta property=\"og:description\" content=\"Explore DPT at ChemsXpress. Premium research chemicals, fast shipping. Trust our quality assurance for all your research needs. Order now\" \/>\n<meta property=\"og:url\" content=\"https:\/\/chemsxpress.com\/de\/produkt\/dpt-online-kaufen\/\" \/>\n<meta property=\"og:site_name\" content=\"SHOP MDPHP\" \/>\n<meta property=\"article:modified_time\" content=\"2024-07-04T21:58:39+00:00\" \/>\n<meta property=\"og:image\" content=\"https:\/\/chemsxpress.com\/wp-content\/uploads\/2024\/04\/DPT-HCL.jpg\" \/>\n\t<meta property=\"og:image:width\" content=\"600\" \/>\n\t<meta property=\"og:image:height\" content=\"600\" \/>\n\t<meta property=\"og:image:type\" content=\"image\/jpeg\" \/>\n<meta name=\"twitter:card\" content=\"summary_large_image\" \/>\n<meta name=\"twitter:label1\" content=\"Gesch\u00e4tzte Lesezeit\" \/>\n\t<meta name=\"twitter:data1\" content=\"3\u00a0Minuten\" \/>\n<script type=\"application\/ld+json\" class=\"yoast-schema-graph\">{\"@context\":\"https:\\\/\\\/schema.org\",\"@graph\":[{\"@type\":\"WebPage\",\"@id\":\"https:\\\/\\\/chemsxpress.com\\\/product\\\/buy-dpt-online\\\/\",\"url\":\"https:\\\/\\\/chemsxpress.com\\\/product\\\/buy-dpt-online\\\/\",\"name\":\"Buy DPT Online: Premium Quality RC's at ChemsXpres\",\"isPartOf\":{\"@id\":\"https:\\\/\\\/chemsxpress.com\\\/#website\"},\"primaryImageOfPage\":{\"@id\":\"https:\\\/\\\/chemsxpress.com\\\/product\\\/buy-dpt-online\\\/#primaryimage\"},\"image\":{\"@id\":\"https:\\\/\\\/chemsxpress.com\\\/product\\\/buy-dpt-online\\\/#primaryimage\"},\"thumbnailUrl\":\"https:\\\/\\\/chemsxpress.com\\\/wp-content\\\/uploads\\\/2024\\\/04\\\/DPT-HCL.jpg\",\"datePublished\":\"2024-04-29T13:21:21+00:00\",\"dateModified\":\"2024-07-04T21:58:39+00:00\",\"description\":\"Explore DPT at ChemsXpress. Premium research chemicals, fast shipping. Trust our quality assurance for all your research needs. Order now\",\"breadcrumb\":{\"@id\":\"https:\\\/\\\/chemsxpress.com\\\/product\\\/buy-dpt-online\\\/#breadcrumb\"},\"inLanguage\":\"de\",\"potentialAction\":[{\"@type\":\"ReadAction\",\"target\":[\"https:\\\/\\\/chemsxpress.com\\\/product\\\/buy-dpt-online\\\/\"]}]},{\"@type\":\"ImageObject\",\"inLanguage\":\"de\",\"@id\":\"https:\\\/\\\/chemsxpress.com\\\/product\\\/buy-dpt-online\\\/#primaryimage\",\"url\":\"https:\\\/\\\/chemsxpress.com\\\/wp-content\\\/uploads\\\/2024\\\/04\\\/DPT-HCL.jpg\",\"contentUrl\":\"https:\\\/\\\/chemsxpress.com\\\/wp-content\\\/uploads\\\/2024\\\/04\\\/DPT-HCL.jpg\",\"width\":600,\"height\":600,\"caption\":\"Buy DPT Online\"},{\"@type\":\"BreadcrumbList\",\"@id\":\"https:\\\/\\\/chemsxpress.com\\\/product\\\/buy-dpt-online\\\/#breadcrumb\",\"itemListElement\":[{\"@type\":\"ListItem\",\"position\":1,\"name\":\"Home\",\"item\":\"https:\\\/\\\/chemsxpress.com\\\/\"},{\"@type\":\"ListItem\",\"position\":2,\"name\":\"Shop\",\"item\":\"https:\\\/\\\/chemsxpress.com\\\/shop\\\/\"},{\"@type\":\"ListItem\",\"position\":3,\"name\":\"DPT HCL\"}]},{\"@type\":\"WebSite\",\"@id\":\"https:\\\/\\\/chemsxpress.com\\\/#website\",\"url\":\"https:\\\/\\\/chemsxpress.com\\\/\",\"name\":\"SHOP MDPHP\",\"description\":\"Buy MDPHP freebase from reliable supplier\",\"potentialAction\":[{\"@type\":\"SearchAction\",\"target\":{\"@type\":\"EntryPoint\",\"urlTemplate\":\"https:\\\/\\\/chemsxpress.com\\\/?s={search_term_string}\"},\"query-input\":{\"@type\":\"PropertyValueSpecification\",\"valueRequired\":true,\"valueName\":\"search_term_string\"}}],\"inLanguage\":\"de\"}]}<\/script>\n<!-- \/ Yoast SEO Premium plugin. -->","yoast_head_json":{"title":"DPT online kaufen: RC's in Premium-Qualit\u00e4t bei ChemsXpres","description":"Entdecken Sie DPT bei ChemsXpress. Hochwertige Forschungschemikalien, schneller Versand. Vertrauen Sie unserer Qualit\u00e4tssicherung f\u00fcr Ihren gesamten Forschungsbedarf. Jetzt bestellen","robots":{"index":"index","follow":"follow","max-snippet":"max-snippet:-1","max-image-preview":"max-image-preview:large","max-video-preview":"max-video-preview:-1"},"canonical":"https:\/\/chemsxpress.com\/de\/produkt\/dpt-online-kaufen\/","og_locale":"de_DE","og_type":"article","og_title":"DPT HCL","og_description":"Explore DPT at ChemsXpress. Premium research chemicals, fast shipping. Trust our quality assurance for all your research needs. Order now","og_url":"https:\/\/chemsxpress.com\/de\/produkt\/dpt-online-kaufen\/","og_site_name":"SHOP MDPHP","article_modified_time":"2024-07-04T21:58:39+00:00","og_image":[{"width":600,"height":600,"url":"https:\/\/chemsxpress.com\/wp-content\/uploads\/2024\/04\/DPT-HCL.jpg","type":"image\/jpeg"}],"twitter_card":"summary_large_image","twitter_misc":{"Gesch\u00e4tzte Lesezeit":"3\u00a0Minuten"},"schema":{"@context":"https:\/\/schema.org","@graph":[{"@type":"WebPage","@id":"https:\/\/chemsxpress.com\/product\/buy-dpt-online\/","url":"https:\/\/chemsxpress.com\/product\/buy-dpt-online\/","name":"DPT online kaufen: RC's in Premium-Qualit\u00e4t bei ChemsXpres","isPartOf":{"@id":"https:\/\/chemsxpress.com\/#website"},"primaryImageOfPage":{"@id":"https:\/\/chemsxpress.com\/product\/buy-dpt-online\/#primaryimage"},"image":{"@id":"https:\/\/chemsxpress.com\/product\/buy-dpt-online\/#primaryimage"},"thumbnailUrl":"https:\/\/chemsxpress.com\/wp-content\/uploads\/2024\/04\/DPT-HCL.jpg","datePublished":"2024-04-29T13:21:21+00:00","dateModified":"2024-07-04T21:58:39+00:00","description":"Entdecken Sie DPT bei ChemsXpress. Hochwertige Forschungschemikalien, schneller Versand. Vertrauen Sie unserer Qualit\u00e4tssicherung f\u00fcr Ihren gesamten Forschungsbedarf. Jetzt bestellen","breadcrumb":{"@id":"https:\/\/chemsxpress.com\/product\/buy-dpt-online\/#breadcrumb"},"inLanguage":"de","potentialAction":[{"@type":"ReadAction","target":["https:\/\/chemsxpress.com\/product\/buy-dpt-online\/"]}]},{"@type":"ImageObject","inLanguage":"de","@id":"https:\/\/chemsxpress.com\/product\/buy-dpt-online\/#primaryimage","url":"https:\/\/chemsxpress.com\/wp-content\/uploads\/2024\/04\/DPT-HCL.jpg","contentUrl":"https:\/\/chemsxpress.com\/wp-content\/uploads\/2024\/04\/DPT-HCL.jpg","width":600,"height":600,"caption":"Buy DPT Online"},{"@type":"BreadcrumbList","@id":"https:\/\/chemsxpress.com\/product\/buy-dpt-online\/#breadcrumb","itemListElement":[{"@type":"ListItem","position":1,"name":"Home","item":"https:\/\/chemsxpress.com\/"},{"@type":"ListItem","position":2,"name":"Shop","item":"https:\/\/chemsxpress.com\/shop\/"},{"@type":"ListItem","position":3,"name":"DPT HCL"}]},{"@type":"WebSite","@id":"https:\/\/chemsxpress.com\/#website","url":"https:\/\/chemsxpress.com\/","name":"MDPHP EINKAUFEN","description":"MDPHP freebase von einem zuverl\u00e4ssigen Anbieter kaufen","potentialAction":[{"@type":"SearchAction","target":{"@type":"EntryPoint","urlTemplate":"https:\/\/chemsxpress.com\/?s={search_term_string}"},"query-input":{"@type":"PropertyValueSpecification","valueRequired":true,"valueName":"search_term_string"}}],"inLanguage":"de"}]}},"jetpack_sharing_enabled":true,"_links":{"self":[{"href":"https:\/\/chemsxpress.com\/de\/wp-json\/wp\/v2\/product\/29303","targetHints":{"allow":["GET"]}}],"collection":[{"href":"https:\/\/chemsxpress.com\/de\/wp-json\/wp\/v2\/product"}],"about":[{"href":"https:\/\/chemsxpress.com\/de\/wp-json\/wp\/v2\/types\/product"}],"replies":[{"embeddable":true,"href":"https:\/\/chemsxpress.com\/de\/wp-json\/wp\/v2\/comments?post=29303"}],"version-history":[{"count":4,"href":"https:\/\/chemsxpress.com\/de\/wp-json\/wp\/v2\/product\/29303\/revisions"}],"predecessor-version":[{"id":29996,"href":"https:\/\/chemsxpress.com\/de\/wp-json\/wp\/v2\/product\/29303\/revisions\/29996"}],"wp:featuredmedia":[{"embeddable":true,"href":"https:\/\/chemsxpress.com\/de\/wp-json\/wp\/v2\/media\/29328"}],"wp:attachment":[{"href":"https:\/\/chemsxpress.com\/de\/wp-json\/wp\/v2\/media?parent=29303"}],"wp:term":[{"taxonomy":"product_brand","embeddable":true,"href":"https:\/\/chemsxpress.com\/de\/wp-json\/wp\/v2\/product_brand?post=29303"},{"taxonomy":"product_cat","embeddable":true,"href":"https:\/\/chemsxpress.com\/de\/wp-json\/wp\/v2\/product_cat?post=29303"},{"taxonomy":"product_tag","embeddable":true,"href":"https:\/\/chemsxpress.com\/de\/wp-json\/wp\/v2\/product_tag?post=29303"}],"curies":[{"name":"wp","href":"https:\/\/api.w.org\/{rel}","templated":true}]}}