{"id":29304,"date":"2024-04-29T13:21:21","date_gmt":"2024-04-29T13:21:21","guid":{"rendered":"https:\/\/chemsxpress.com\/?post_type=product&#038;p=29304"},"modified":"2025-05-18T22:50:11","modified_gmt":"2025-05-18T22:50:11","slug":"5-meo-dipt-kaufen","status":"publish","type":"product","link":"https:\/\/chemsxpress.com\/de\/produkt\/5-meo-dipt-kaufen\/","title":{"rendered":"DiPT"},"content":{"rendered":"<h2><strong>Was ist 5-MeO-DiPT kaufen?<\/strong><\/h2>\n<p>Buy 5-MeO-DiPT, umgangssprachlich auch als Foxy und Foxy Methoxy bekannt, ist eine psychedelische Droge aus der Klasse der Tryptamine. Sie wurde erstmals Mitte der 1970er Jahre von Alexander Shulgin synthetisiert und in seinem 1997 erschienenen Buch TiHKAL (Tryptamines I Have Known And Loved) ausf\u00fchrlich beschrieben.<\/p>\n<p>Obwohl die Substanz nur in begrenztem Umfang erforscht wurde, weisen anekdotische Berichte darauf hin, dass ihr die typischen halluzinogenen Eigenschaften fehlen, die bei anderen, bekannteren Tryptaminen wie Meskalin und LSD zu finden sind. Stattdessen ist sie f\u00fcr ihre stark stimulierenden und entaktogenen Laborwirkungen bekannt.<\/p>\n<p>Es ist wichtig zu wissen, dass 5-MeO-DiPT nicht f\u00fcr den menschlichen Verzehr zugelassen ist und nur in Form eines Arzneimittels erh\u00e4ltlich ist. <a href=\"https:\/\/chemsxpress.com\/de\/produktkategorie\/forschungschemikalien\/\">Forschungschemikalie<\/a>.<\/p>\n<h2><strong>Wo kann man 5-MeO-DiPT kaufen?<\/strong><\/h2>\n<p>\"Willkommen bei <a href=\"https:\/\/chemsxpress.com\/de\/\">ChemsXpress<\/a>Ihre vertrauensw\u00fcrdige Quelle f\u00fcr hochwertige Forschungschemikalien. Derzeit bieten wir zwar kein 5-MeO-DiPT zum Verkauf an, aber wir bieten eine breite Palette anderer Forschungssubstanzen f\u00fcr Ihre wissenschaftlichen Untersuchungen. Entdecken Sie unsere Auswahl an hochwertigen Produkten, den schnellen Versand und den hervorragenden Kundenservice. Vertrauen Sie ChemsXpress f\u00fcr Ihren gesamten Forschungsbedarf.\"<\/p>\n<p>Verbessern Sie Ihre Forschung mit 5-MeO-DiPT von ChemsXpress. Entdecken Sie unsere erstklassige Auswahl an Forschungschemikalien, die sorgf\u00e4ltig beschafft und streng getestet werden, um Qualit\u00e4t und Reinheit zu gew\u00e4hrleisten. Mit schnellem und diskretem Versand k\u00f6nnen Sie darauf vertrauen, dass wir Ihre Bestellung umgehend und sicher zustellen. Ganz gleich, ob Sie akademische Forschung betreiben oder innovative L\u00f6sungen erforschen, unser Engagement f\u00fcr hervorragende Qualit\u00e4t stellt sicher, dass Sie Zugang zu den hochwertigsten verf\u00fcgbaren Verbindungen haben. Kaufen Sie vertrauensvoll bei ChemsXpress ein und erleben Sie den Unterschied bei der Zusammenarbeit mit einem vertrauensw\u00fcrdigen Lieferanten. Erschlie\u00dfen Sie neue M\u00f6glichkeiten und treiben Sie Ihre wissenschaftlichen Bem\u00fchungen mit unserem hochwertigen 5-MeO-DiPT und anderen Forschungschemikalien voran. Vertrauen Sie ChemsXpress als Ihrem Partner in der wissenschaftlichen Erforschung<\/p>\n<h2><\/h2>","protected":false},"excerpt":{"rendered":"<p><strong>IUPAC-Name: <\/strong>3-[2-(Diisopropylamino)ethyl]indole<\/p>\n<p><strong>CAS # <\/strong>null<\/p>\n<p><strong>Other name: <\/strong>N,N-Diisopropyltryptamine<\/p>\n<p><strong>Appearance: <\/strong>powder<\/p>\n<p><strong>Form: <\/strong>fumarate<\/p>\n<p><strong>NMR Analysis: <\/strong>N\/A<\/p>\n","protected":false},"featured_media":29330,"comment_status":"open","ping_status":"closed","template":"","meta":[],"product_brand":[],"product_cat":[92],"product_tag":[],"class_list":{"0":"post-29304","1":"product","2":"type-product","3":"status-publish","4":"has-post-thumbnail","6":"product_cat-tryptamines","8":"first","9":"instock","10":"shipping-taxable","11":"purchasable","12":"product-type-variable"},"yoast_head":"<!-- This site is optimized with the Yoast SEO Premium plugin v24.1 (Yoast SEO v27.5) - https:\/\/yoast.com\/product\/yoast-seo-premium-wordpress\/ -->\n<title>&quot;Buy 5-MeO-DiPT Online: Premium Quality RC&#039;s| ChemsXpress&quot;<\/title>\n<meta name=\"description\" content=\"Buy 5-MeO-DiPT from ChemsXpress. Explore our selection of rigorously tested research chemicals, shipped discreetly. Trust in our quality assurance and fast, reliable shipping.\" \/>\n<meta name=\"robots\" content=\"index, follow, max-snippet:-1, max-image-preview:large, max-video-preview:-1\" \/>\n<link rel=\"canonical\" href=\"https:\/\/chemsxpress.com\/de\/produkt\/5-meo-dipt-kaufen\/\" \/>\n<meta property=\"og:locale\" content=\"de_DE\" \/>\n<meta property=\"og:type\" content=\"article\" \/>\n<meta property=\"og:title\" content=\"DiPT\" \/>\n<meta property=\"og:description\" content=\"Buy 5-MeO-DiPT from ChemsXpress. Explore our selection of rigorously tested research chemicals, shipped discreetly. Trust in our quality assurance and fast, reliable shipping.\" \/>\n<meta property=\"og:url\" content=\"https:\/\/chemsxpress.com\/de\/produkt\/5-meo-dipt-kaufen\/\" \/>\n<meta property=\"og:site_name\" content=\"SHOP MDPHP\" \/>\n<meta property=\"article:modified_time\" content=\"2025-05-18T22:50:11+00:00\" \/>\n<meta property=\"og:image\" content=\"https:\/\/chemsxpress.com\/wp-content\/uploads\/2024\/04\/DiPT.jpg\" \/>\n\t<meta property=\"og:image:width\" content=\"600\" \/>\n\t<meta property=\"og:image:height\" content=\"600\" \/>\n\t<meta property=\"og:image:type\" content=\"image\/jpeg\" \/>\n<meta name=\"twitter:card\" content=\"summary_large_image\" \/>\n<meta name=\"twitter:label1\" content=\"Gesch\u00e4tzte Lesezeit\" \/>\n\t<meta name=\"twitter:data1\" content=\"2\u00a0Minuten\" \/>\n<script type=\"application\/ld+json\" class=\"yoast-schema-graph\">{\"@context\":\"https:\\\/\\\/schema.org\",\"@graph\":[{\"@type\":\"WebPage\",\"@id\":\"https:\\\/\\\/chemsxpress.com\\\/product\\\/buy-5-meo-dipt\\\/\",\"url\":\"https:\\\/\\\/chemsxpress.com\\\/product\\\/buy-5-meo-dipt\\\/\",\"name\":\"\\\"Buy 5-MeO-DiPT Online: Premium Quality RC's| ChemsXpress\\\"\",\"isPartOf\":{\"@id\":\"https:\\\/\\\/chemsxpress.com\\\/#website\"},\"primaryImageOfPage\":{\"@id\":\"https:\\\/\\\/chemsxpress.com\\\/product\\\/buy-5-meo-dipt\\\/#primaryimage\"},\"image\":{\"@id\":\"https:\\\/\\\/chemsxpress.com\\\/product\\\/buy-5-meo-dipt\\\/#primaryimage\"},\"thumbnailUrl\":\"https:\\\/\\\/chemsxpress.com\\\/wp-content\\\/uploads\\\/2024\\\/04\\\/DiPT.jpg\",\"datePublished\":\"2024-04-29T13:21:21+00:00\",\"dateModified\":\"2025-05-18T22:50:11+00:00\",\"description\":\"Buy 5-MeO-DiPT from ChemsXpress. Explore our selection of rigorously tested research chemicals, shipped discreetly. Trust in our quality assurance and fast, reliable shipping.\",\"breadcrumb\":{\"@id\":\"https:\\\/\\\/chemsxpress.com\\\/product\\\/buy-5-meo-dipt\\\/#breadcrumb\"},\"inLanguage\":\"de\",\"potentialAction\":[{\"@type\":\"ReadAction\",\"target\":[\"https:\\\/\\\/chemsxpress.com\\\/product\\\/buy-5-meo-dipt\\\/\"]}]},{\"@type\":\"ImageObject\",\"inLanguage\":\"de\",\"@id\":\"https:\\\/\\\/chemsxpress.com\\\/product\\\/buy-5-meo-dipt\\\/#primaryimage\",\"url\":\"https:\\\/\\\/chemsxpress.com\\\/wp-content\\\/uploads\\\/2024\\\/04\\\/DiPT.jpg\",\"contentUrl\":\"https:\\\/\\\/chemsxpress.com\\\/wp-content\\\/uploads\\\/2024\\\/04\\\/DiPT.jpg\",\"width\":600,\"height\":600,\"caption\":\"Buy 5-MeO-DiPT\"},{\"@type\":\"BreadcrumbList\",\"@id\":\"https:\\\/\\\/chemsxpress.com\\\/product\\\/buy-5-meo-dipt\\\/#breadcrumb\",\"itemListElement\":[{\"@type\":\"ListItem\",\"position\":1,\"name\":\"Home\",\"item\":\"https:\\\/\\\/chemsxpress.com\\\/\"},{\"@type\":\"ListItem\",\"position\":2,\"name\":\"Shop\",\"item\":\"https:\\\/\\\/chemsxpress.com\\\/shop\\\/\"},{\"@type\":\"ListItem\",\"position\":3,\"name\":\"DiPT\"}]},{\"@type\":\"WebSite\",\"@id\":\"https:\\\/\\\/chemsxpress.com\\\/#website\",\"url\":\"https:\\\/\\\/chemsxpress.com\\\/\",\"name\":\"SHOP MDPHP\",\"description\":\"Buy MDPHP freebase from reliable supplier\",\"potentialAction\":[{\"@type\":\"SearchAction\",\"target\":{\"@type\":\"EntryPoint\",\"urlTemplate\":\"https:\\\/\\\/chemsxpress.com\\\/?s={search_term_string}\"},\"query-input\":{\"@type\":\"PropertyValueSpecification\",\"valueRequired\":true,\"valueName\":\"search_term_string\"}}],\"inLanguage\":\"de\"}]}<\/script>\n<!-- \/ Yoast SEO Premium plugin. -->","yoast_head_json":{"title":"\"5-MeO-DiPT online kaufen: Premium Qualit\\u00e4t RC's| ChemsXpress\"","description":"Kaufen Sie 5-MeO-DiPT von ChemsXpress. Entdecken Sie unsere Auswahl an streng getesteten Forschungschemikalien, die diskret versandt werden. Vertrauen Sie auf unsere Qualit\u00e4tssicherung und den schnellen, zuverl\u00e4ssigen Versand.","robots":{"index":"index","follow":"follow","max-snippet":"max-snippet:-1","max-image-preview":"max-image-preview:large","max-video-preview":"max-video-preview:-1"},"canonical":"https:\/\/chemsxpress.com\/de\/produkt\/5-meo-dipt-kaufen\/","og_locale":"de_DE","og_type":"article","og_title":"DiPT","og_description":"Buy 5-MeO-DiPT from ChemsXpress. Explore our selection of rigorously tested research chemicals, shipped discreetly. Trust in our quality assurance and fast, reliable shipping.","og_url":"https:\/\/chemsxpress.com\/de\/produkt\/5-meo-dipt-kaufen\/","og_site_name":"SHOP MDPHP","article_modified_time":"2025-05-18T22:50:11+00:00","og_image":[{"width":600,"height":600,"url":"https:\/\/chemsxpress.com\/wp-content\/uploads\/2024\/04\/DiPT.jpg","type":"image\/jpeg"}],"twitter_card":"summary_large_image","twitter_misc":{"Gesch\u00e4tzte Lesezeit":"2\u00a0Minuten"},"schema":{"@context":"https:\/\/schema.org","@graph":[{"@type":"WebPage","@id":"https:\/\/chemsxpress.com\/product\/buy-5-meo-dipt\/","url":"https:\/\/chemsxpress.com\/product\/buy-5-meo-dipt\/","name":"\"5-MeO-DiPT online kaufen: Premium Qualit\\u00e4t RC's| ChemsXpress\"","isPartOf":{"@id":"https:\/\/chemsxpress.com\/#website"},"primaryImageOfPage":{"@id":"https:\/\/chemsxpress.com\/product\/buy-5-meo-dipt\/#primaryimage"},"image":{"@id":"https:\/\/chemsxpress.com\/product\/buy-5-meo-dipt\/#primaryimage"},"thumbnailUrl":"https:\/\/chemsxpress.com\/wp-content\/uploads\/2024\/04\/DiPT.jpg","datePublished":"2024-04-29T13:21:21+00:00","dateModified":"2025-05-18T22:50:11+00:00","description":"Kaufen Sie 5-MeO-DiPT von ChemsXpress. Entdecken Sie unsere Auswahl an streng getesteten Forschungschemikalien, die diskret versandt werden. Vertrauen Sie auf unsere Qualit\u00e4tssicherung und den schnellen, zuverl\u00e4ssigen Versand.","breadcrumb":{"@id":"https:\/\/chemsxpress.com\/product\/buy-5-meo-dipt\/#breadcrumb"},"inLanguage":"de","potentialAction":[{"@type":"ReadAction","target":["https:\/\/chemsxpress.com\/product\/buy-5-meo-dipt\/"]}]},{"@type":"ImageObject","inLanguage":"de","@id":"https:\/\/chemsxpress.com\/product\/buy-5-meo-dipt\/#primaryimage","url":"https:\/\/chemsxpress.com\/wp-content\/uploads\/2024\/04\/DiPT.jpg","contentUrl":"https:\/\/chemsxpress.com\/wp-content\/uploads\/2024\/04\/DiPT.jpg","width":600,"height":600,"caption":"Buy 5-MeO-DiPT"},{"@type":"BreadcrumbList","@id":"https:\/\/chemsxpress.com\/product\/buy-5-meo-dipt\/#breadcrumb","itemListElement":[{"@type":"ListItem","position":1,"name":"Home","item":"https:\/\/chemsxpress.com\/"},{"@type":"ListItem","position":2,"name":"Shop","item":"https:\/\/chemsxpress.com\/shop\/"},{"@type":"ListItem","position":3,"name":"DiPT"}]},{"@type":"WebSite","@id":"https:\/\/chemsxpress.com\/#website","url":"https:\/\/chemsxpress.com\/","name":"MDPHP EINKAUFEN","description":"MDPHP freebase von einem zuverl\u00e4ssigen Anbieter kaufen","potentialAction":[{"@type":"SearchAction","target":{"@type":"EntryPoint","urlTemplate":"https:\/\/chemsxpress.com\/?s={search_term_string}"},"query-input":{"@type":"PropertyValueSpecification","valueRequired":true,"valueName":"search_term_string"}}],"inLanguage":"de"}]}},"jetpack_sharing_enabled":true,"_links":{"self":[{"href":"https:\/\/chemsxpress.com\/de\/wp-json\/wp\/v2\/product\/29304","targetHints":{"allow":["GET"]}}],"collection":[{"href":"https:\/\/chemsxpress.com\/de\/wp-json\/wp\/v2\/product"}],"about":[{"href":"https:\/\/chemsxpress.com\/de\/wp-json\/wp\/v2\/types\/product"}],"replies":[{"embeddable":true,"href":"https:\/\/chemsxpress.com\/de\/wp-json\/wp\/v2\/comments?post=29304"}],"version-history":[{"count":4,"href":"https:\/\/chemsxpress.com\/de\/wp-json\/wp\/v2\/product\/29304\/revisions"}],"predecessor-version":[{"id":29994,"href":"https:\/\/chemsxpress.com\/de\/wp-json\/wp\/v2\/product\/29304\/revisions\/29994"}],"wp:featuredmedia":[{"embeddable":true,"href":"https:\/\/chemsxpress.com\/de\/wp-json\/wp\/v2\/media\/29330"}],"wp:attachment":[{"href":"https:\/\/chemsxpress.com\/de\/wp-json\/wp\/v2\/media?parent=29304"}],"wp:term":[{"taxonomy":"product_brand","embeddable":true,"href":"https:\/\/chemsxpress.com\/de\/wp-json\/wp\/v2\/product_brand?post=29304"},{"taxonomy":"product_cat","embeddable":true,"href":"https:\/\/chemsxpress.com\/de\/wp-json\/wp\/v2\/product_cat?post=29304"},{"taxonomy":"product_tag","embeddable":true,"href":"https:\/\/chemsxpress.com\/de\/wp-json\/wp\/v2\/product_tag?post=29304"}],"curies":[{"name":"wp","href":"https:\/\/api.w.org\/{rel}","templated":true}]}}