{"id":29309,"date":"2024-04-29T13:21:21","date_gmt":"2024-04-29T13:21:21","guid":{"rendered":"https:\/\/chemsxpress.com\/?post_type=product&#038;p=29309"},"modified":"2025-05-28T14:58:32","modified_gmt":"2025-05-28T14:58:32","slug":"kaufen-4-ho-ept","status":"publish","type":"product","link":"https:\/\/chemsxpress.com\/de\/produkt\/kaufen-4-ho-ept\/","title":{"rendered":"4-HO-EPT"},"content":{"rendered":"<h2><strong>KAUFEN 4-HO-EPT<\/strong><\/h2>\n<p>4-HO-EPT, auch bekannt als 4-Hydroxy-N-Ethyl-N-Propyltryptamin, ist eine selten vorkommende chemische Verbindung aus der Klasse der Tryptamine. 4-HO-EPT ist strukturell eng verwandt mit Psilocin, einem starken Psychedelikum. 4-HO-EPT (4-Hydroxy-N-Ethyl-N-Propyltryptamin) wird von uns in Pulverform von h\u00f6chster Qualit\u00e4t (&gt;97% Reinheit) geliefert und ist in den Mengen 0,25gr, 0,5gr, 1gr und 2gr erh\u00e4ltlich.<\/p>\n<p>&nbsp;<\/p>\n<h2><strong>WIE VERWENDET MAN 4-HO-EPT-PULVER?<\/strong><\/h2>\n<p>Bei RealChems k\u00f6nnen Sie 4-HO-EPT in Form von Pulver h\u00f6chster Qualit\u00e4t (Reinheit &gt;97%) online kaufen. Wir haben 4-HO-EPT zum Verkauf in den Mengen 0,25gr, 0,5gr, 1gr und 2gr. Achten Sie darauf, das 4-HO-EPT Pulver an einem trockenen und k\u00fchlen Ort zu lagern, um eine maximale Haltbarkeit zu gew\u00e4hrleisten. Achten Sie beim Umgang mit Forschungschemikalien darauf, im Labor immer die entsprechenden Vorsichtsma\u00dfnahmen zu treffen, wie z. B. das Abwischen von Oberfl\u00e4chen und das Tragen von Handschuhen, einer Maske und Schutzkleidung. Wir raten dringend dazu, bei der Verwendung von Forschungschemikalien Praktiken zur Schadensbegrenzung anzuwenden.<\/p>\n<p>&nbsp;<\/p>\n<h2><strong>DEFINITION 4-HO-EPT<\/strong><\/h2>\n<p>Die Definition von 4-HO-EPT ist offiziell als 4-Hydroxy-N-ethyl-N-propyltryptamin bekannt, eine seltene Verbindung der Tryptaminklasse, die strukturell mit Psilocin verwandt ist. Psilocin ist eine nat\u00fcrlich vorkommende psychedelische Substanz, die besser bekannt ist als Magic Mushrooms, psychedelische Pilze, Zauberpilze und Shrooms.<\/p>\n<p>&nbsp;<\/p>\n<h2><strong>CHEMIE-HINTERGRUNDINFORMATIONEN 4-HO-EPT<\/strong><\/h2>\n<p>4-HO-EPT, oder 4-Hydroxy-N-Ethyl-N-Propyltryptamin, ist ein synthetisches Molek\u00fcl der chemischen Klasse der Tryptamine. Stoffe der Tryptaminklasse haben eine gemeinsame Kernstruktur, die aus einem bicyclischen Indol-Heterozyklus besteht, der an R3 mit einer Aminogruppe verbunden ist. Es wird angenommen, dass die psychedelischen Eigenschaften auf die Korrelation zwischen dem 4-HO-EPT und den 5-HT2A-Rezeptoren zur\u00fcckzuf\u00fchren sind. Die Rolle und die Ergebnisse dieser Wechselwirkungen sind jedoch nach wie vor schwer fassbar und m\u00fcssen weiter wissenschaftlich untersucht werden. 4-HO-EPT enth\u00e4lt eine Kette, die an das terminale Amin RN seines Tryptamin-Grundger\u00fcsts (EPT) gebunden ist.<\/p>\n<p>&nbsp;<\/p>\n<h2><strong>WO MAN 4-HO-EPT KAUFEN KANN<\/strong><\/h2>\n<p>4-HO-EPT steht hier auf der Website zum Verkauf <a href=\"https:\/\/chemsxpress.com\/de\/\">ChemsXpress<\/a> Website. Wir verkaufen nur 4-HO-EPT in Premiumqualit\u00e4t, normalerweise in Pulverform. Wir haben jedoch oft auch andere Substanzformen verf\u00fcgbar, also z\u00f6gern Sie nicht, uns zu kontaktieren, um zu sehen, ob wir Ihre bevorzugte Substanzform auf Lager haben. Sie m\u00fcssen mindestens 18 Jahre alt sein, um 4-HO-EPT bei uns zu kaufen.<\/p>","protected":false},"excerpt":{"rendered":"<p><strong>IUPAC-Name: <\/strong>3-{2-[Ethyl(propyl)amino]ethyl}-1H-indol-4-ol<\/p>\n<p><strong>CAS # <\/strong>N\/A<\/p>\n<p><strong>Other name: <\/strong>4-hydroxy-N-ethyl-N-propyltryptamine<\/p>\n<p><strong>Appearance: <\/strong>powder<\/p>\n<p><strong>Form: <\/strong>fumarate<\/p>\n<p><strong>NMR Analysis: <\/strong>C15H22N2O<\/p>\n","protected":false},"featured_media":29337,"comment_status":"open","ping_status":"closed","template":"","meta":[],"product_brand":[],"product_cat":[92],"product_tag":[],"class_list":{"0":"post-29309","1":"product","2":"type-product","3":"status-publish","4":"has-post-thumbnail","6":"product_cat-tryptamines","8":"first","9":"instock","10":"shipping-taxable","11":"purchasable","12":"product-type-variable"},"yoast_head":"<!-- This site is optimized with the Yoast SEO Premium plugin v24.1 (Yoast SEO v27.4) - https:\/\/yoast.com\/product\/yoast-seo-premium-wordpress\/ -->\n<title>Buy 4-HO-EPT Online: Premium Quality RC&#039;s | ChemsXpress<\/title>\n<meta name=\"description\" content=\"Discover 4-HO-EPT at ChemsXpress. Premium research chemicals, fast shipping. Trust our quality assurance for all your research needs. Order now\" \/>\n<meta name=\"robots\" content=\"index, follow, max-snippet:-1, max-image-preview:large, max-video-preview:-1\" \/>\n<link rel=\"canonical\" href=\"https:\/\/chemsxpress.com\/de\/produkt\/kaufen-4-ho-ept\/\" \/>\n<meta property=\"og:locale\" content=\"de_DE\" \/>\n<meta property=\"og:type\" content=\"article\" \/>\n<meta property=\"og:title\" content=\"4-HO-EPT\" \/>\n<meta property=\"og:description\" content=\"Discover 4-HO-EPT at ChemsXpress. Premium research chemicals, fast shipping. Trust our quality assurance for all your research needs. Order now\" \/>\n<meta property=\"og:url\" content=\"https:\/\/chemsxpress.com\/de\/produkt\/kaufen-4-ho-ept\/\" \/>\n<meta property=\"og:site_name\" content=\"SHOP MDPHP\" \/>\n<meta property=\"article:modified_time\" content=\"2025-05-28T14:58:32+00:00\" \/>\n<meta property=\"og:image\" content=\"https:\/\/chemsxpress.com\/wp-content\/uploads\/2024\/04\/4-HO-EPT.jpg\" \/>\n\t<meta property=\"og:image:width\" content=\"600\" \/>\n\t<meta property=\"og:image:height\" content=\"600\" \/>\n\t<meta property=\"og:image:type\" content=\"image\/jpeg\" \/>\n<meta name=\"twitter:card\" content=\"summary_large_image\" \/>\n<meta name=\"twitter:label1\" content=\"Gesch\u00e4tzte Lesezeit\" \/>\n\t<meta name=\"twitter:data1\" content=\"2\u00a0Minuten\" \/>\n<script type=\"application\/ld+json\" class=\"yoast-schema-graph\">{\"@context\":\"https:\\\/\\\/schema.org\",\"@graph\":[{\"@type\":\"WebPage\",\"@id\":\"https:\\\/\\\/chemsxpress.com\\\/product\\\/buy-4-ho-ept\\\/\",\"url\":\"https:\\\/\\\/chemsxpress.com\\\/product\\\/buy-4-ho-ept\\\/\",\"name\":\"Buy 4-HO-EPT Online: Premium Quality RC's | ChemsXpress\",\"isPartOf\":{\"@id\":\"https:\\\/\\\/chemsxpress.com\\\/#website\"},\"primaryImageOfPage\":{\"@id\":\"https:\\\/\\\/chemsxpress.com\\\/product\\\/buy-4-ho-ept\\\/#primaryimage\"},\"image\":{\"@id\":\"https:\\\/\\\/chemsxpress.com\\\/product\\\/buy-4-ho-ept\\\/#primaryimage\"},\"thumbnailUrl\":\"https:\\\/\\\/chemsxpress.com\\\/wp-content\\\/uploads\\\/2024\\\/04\\\/4-HO-EPT.jpg\",\"datePublished\":\"2024-04-29T13:21:21+00:00\",\"dateModified\":\"2025-05-28T14:58:32+00:00\",\"description\":\"Discover 4-HO-EPT at ChemsXpress. Premium research chemicals, fast shipping. Trust our quality assurance for all your research needs. Order now\",\"breadcrumb\":{\"@id\":\"https:\\\/\\\/chemsxpress.com\\\/product\\\/buy-4-ho-ept\\\/#breadcrumb\"},\"inLanguage\":\"de\",\"potentialAction\":[{\"@type\":\"ReadAction\",\"target\":[\"https:\\\/\\\/chemsxpress.com\\\/product\\\/buy-4-ho-ept\\\/\"]}]},{\"@type\":\"ImageObject\",\"inLanguage\":\"de\",\"@id\":\"https:\\\/\\\/chemsxpress.com\\\/product\\\/buy-4-ho-ept\\\/#primaryimage\",\"url\":\"https:\\\/\\\/chemsxpress.com\\\/wp-content\\\/uploads\\\/2024\\\/04\\\/4-HO-EPT.jpg\",\"contentUrl\":\"https:\\\/\\\/chemsxpress.com\\\/wp-content\\\/uploads\\\/2024\\\/04\\\/4-HO-EPT.jpg\",\"width\":600,\"height\":600,\"caption\":\"BUY 4-HO-EPT\"},{\"@type\":\"BreadcrumbList\",\"@id\":\"https:\\\/\\\/chemsxpress.com\\\/product\\\/buy-4-ho-ept\\\/#breadcrumb\",\"itemListElement\":[{\"@type\":\"ListItem\",\"position\":1,\"name\":\"Home\",\"item\":\"https:\\\/\\\/chemsxpress.com\\\/\"},{\"@type\":\"ListItem\",\"position\":2,\"name\":\"Shop\",\"item\":\"https:\\\/\\\/chemsxpress.com\\\/shop\\\/\"},{\"@type\":\"ListItem\",\"position\":3,\"name\":\"4-HO-EPT\"}]},{\"@type\":\"WebSite\",\"@id\":\"https:\\\/\\\/chemsxpress.com\\\/#website\",\"url\":\"https:\\\/\\\/chemsxpress.com\\\/\",\"name\":\"SHOP MDPHP\",\"description\":\"Buy MDPHP freebase from reliable supplier\",\"potentialAction\":[{\"@type\":\"SearchAction\",\"target\":{\"@type\":\"EntryPoint\",\"urlTemplate\":\"https:\\\/\\\/chemsxpress.com\\\/?s={search_term_string}\"},\"query-input\":{\"@type\":\"PropertyValueSpecification\",\"valueRequired\":true,\"valueName\":\"search_term_string\"}}],\"inLanguage\":\"de\"}]}<\/script>\n<!-- \/ Yoast SEO Premium plugin. -->","yoast_head_json":{"title":"Kaufen Sie 4-HO-EPT online: RCs in Premiumqualit\u00e4t | ChemsXpress","description":"Entdecken Sie 4-MPD bei ChemsXpress. Hochwertige Forschungschemikalien, schneller Versand. Vertrauen Sie unserer Qualit\u00e4tssicherung f\u00fcr Ihren gesamten Forschungsbedarf. Jetzt bestellen","robots":{"index":"index","follow":"follow","max-snippet":"max-snippet:-1","max-image-preview":"max-image-preview:large","max-video-preview":"max-video-preview:-1"},"canonical":"https:\/\/chemsxpress.com\/de\/produkt\/kaufen-4-ho-ept\/","og_locale":"de_DE","og_type":"article","og_title":"4-HO-EPT","og_description":"Discover 4-HO-EPT at ChemsXpress. Premium research chemicals, fast shipping. Trust our quality assurance for all your research needs. Order now","og_url":"https:\/\/chemsxpress.com\/de\/produkt\/kaufen-4-ho-ept\/","og_site_name":"SHOP MDPHP","article_modified_time":"2025-05-28T14:58:32+00:00","og_image":[{"width":600,"height":600,"url":"https:\/\/chemsxpress.com\/wp-content\/uploads\/2024\/04\/4-HO-EPT.jpg","type":"image\/jpeg"}],"twitter_card":"summary_large_image","twitter_misc":{"Gesch\u00e4tzte Lesezeit":"2\u00a0Minuten"},"schema":{"@context":"https:\/\/schema.org","@graph":[{"@type":"WebPage","@id":"https:\/\/chemsxpress.com\/product\/buy-4-ho-ept\/","url":"https:\/\/chemsxpress.com\/product\/buy-4-ho-ept\/","name":"Kaufen Sie 4-HO-EPT online: RCs in Premiumqualit\u00e4t | ChemsXpress","isPartOf":{"@id":"https:\/\/chemsxpress.com\/#website"},"primaryImageOfPage":{"@id":"https:\/\/chemsxpress.com\/product\/buy-4-ho-ept\/#primaryimage"},"image":{"@id":"https:\/\/chemsxpress.com\/product\/buy-4-ho-ept\/#primaryimage"},"thumbnailUrl":"https:\/\/chemsxpress.com\/wp-content\/uploads\/2024\/04\/4-HO-EPT.jpg","datePublished":"2024-04-29T13:21:21+00:00","dateModified":"2025-05-28T14:58:32+00:00","description":"Entdecken Sie 4-MPD bei ChemsXpress. Hochwertige Forschungschemikalien, schneller Versand. Vertrauen Sie unserer Qualit\u00e4tssicherung f\u00fcr Ihren gesamten Forschungsbedarf. Jetzt bestellen","breadcrumb":{"@id":"https:\/\/chemsxpress.com\/product\/buy-4-ho-ept\/#breadcrumb"},"inLanguage":"de","potentialAction":[{"@type":"ReadAction","target":["https:\/\/chemsxpress.com\/product\/buy-4-ho-ept\/"]}]},{"@type":"ImageObject","inLanguage":"de","@id":"https:\/\/chemsxpress.com\/product\/buy-4-ho-ept\/#primaryimage","url":"https:\/\/chemsxpress.com\/wp-content\/uploads\/2024\/04\/4-HO-EPT.jpg","contentUrl":"https:\/\/chemsxpress.com\/wp-content\/uploads\/2024\/04\/4-HO-EPT.jpg","width":600,"height":600,"caption":"BUY 4-HO-EPT"},{"@type":"BreadcrumbList","@id":"https:\/\/chemsxpress.com\/product\/buy-4-ho-ept\/#breadcrumb","itemListElement":[{"@type":"ListItem","position":1,"name":"Home","item":"https:\/\/chemsxpress.com\/"},{"@type":"ListItem","position":2,"name":"Shop","item":"https:\/\/chemsxpress.com\/shop\/"},{"@type":"ListItem","position":3,"name":"4-HO-EPT"}]},{"@type":"WebSite","@id":"https:\/\/chemsxpress.com\/#website","url":"https:\/\/chemsxpress.com\/","name":"MDPHP EINKAUFEN","description":"MDPHP freebase von einem zuverl\u00e4ssigen Anbieter kaufen","potentialAction":[{"@type":"SearchAction","target":{"@type":"EntryPoint","urlTemplate":"https:\/\/chemsxpress.com\/?s={search_term_string}"},"query-input":{"@type":"PropertyValueSpecification","valueRequired":true,"valueName":"search_term_string"}}],"inLanguage":"de"}]}},"jetpack_sharing_enabled":true,"_links":{"self":[{"href":"https:\/\/chemsxpress.com\/de\/wp-json\/wp\/v2\/product\/29309","targetHints":{"allow":["GET"]}}],"collection":[{"href":"https:\/\/chemsxpress.com\/de\/wp-json\/wp\/v2\/product"}],"about":[{"href":"https:\/\/chemsxpress.com\/de\/wp-json\/wp\/v2\/types\/product"}],"replies":[{"embeddable":true,"href":"https:\/\/chemsxpress.com\/de\/wp-json\/wp\/v2\/comments?post=29309"}],"version-history":[{"count":3,"href":"https:\/\/chemsxpress.com\/de\/wp-json\/wp\/v2\/product\/29309\/revisions"}],"predecessor-version":[{"id":29593,"href":"https:\/\/chemsxpress.com\/de\/wp-json\/wp\/v2\/product\/29309\/revisions\/29593"}],"wp:featuredmedia":[{"embeddable":true,"href":"https:\/\/chemsxpress.com\/de\/wp-json\/wp\/v2\/media\/29337"}],"wp:attachment":[{"href":"https:\/\/chemsxpress.com\/de\/wp-json\/wp\/v2\/media?parent=29309"}],"wp:term":[{"taxonomy":"product_brand","embeddable":true,"href":"https:\/\/chemsxpress.com\/de\/wp-json\/wp\/v2\/product_brand?post=29309"},{"taxonomy":"product_cat","embeddable":true,"href":"https:\/\/chemsxpress.com\/de\/wp-json\/wp\/v2\/product_cat?post=29309"},{"taxonomy":"product_tag","embeddable":true,"href":"https:\/\/chemsxpress.com\/de\/wp-json\/wp\/v2\/product_tag?post=29309"}],"curies":[{"name":"wp","href":"https:\/\/api.w.org\/{rel}","templated":true}]}}