{"id":29310,"date":"2024-04-29T13:21:22","date_gmt":"2024-04-29T13:21:22","guid":{"rendered":"https:\/\/chemsxpress.com\/?post_type=product&#038;p=29310"},"modified":"2025-05-29T13:39:19","modified_gmt":"2025-05-29T13:39:19","slug":"4-ho-dpt-kaufen","status":"publish","type":"product","link":"https:\/\/chemsxpress.com\/de\/produkt\/4-ho-dpt-kaufen\/","title":{"rendered":"4-HO-DPT"},"content":{"rendered":"<h2><strong>4-HO-DPT KAUFEN<\/strong><\/h2>\n<p>Kaufen 4-HO-DPT ist offiziell als 4-Hydroxy-Dipropyltryptamin bekannt und wird gelegentlich auch als Procin bezeichnet. 4-HO-DPT ist eine psychedelische Substanz aus der Klasse der Tryptamine. 4-HO-DPT wurde erstmals von Alexander Shulgin synthetisiert und in seinem Buch TiHKAL dokumentiert (<em>Tryptamine, die ich gekannt und geliebt habe<\/em>). Forscher verwenden es als entheogenes Mittel. Im Vergleich zu anderen Tryptaminen wie 4-HO-DMT und 4-AcO-DMT ist 4-Hydroxy-Dipropyltryptamin in seinen Wirkungen sehr \u00e4hnlich.<\/p>\n<p>&nbsp;<\/p>\n<h2><strong>WIE VERWENDET MAN 4-HO-DPT-PULVER?<\/strong><\/h2>\n<p>Unter <a href=\"https:\/\/chemsxpress.com\/de\/\">chemsxpress<\/a> k\u00f6nnen Sie 4-HO-DPT in Pulverform von h\u00f6chster Qualit\u00e4t kaufen (&gt;97% Reinheit). Wir haben 4-HO-DPT zum Verkauf in den Mengen 0,25gr, 0,5gr und 1gr. Achten Sie darauf, das 4-HO-DPT Pulver an einem trockenen und k\u00fchlen Ort zu lagern, um eine maximale Haltbarkeit zu gew\u00e4hrleisten. Achten Sie beim Umgang mit Forschungschemikalien darauf, im Labor immer die richtigen Vorsichtsma\u00dfnahmen zu treffen, wie z. B. das Abwischen von Oberfl\u00e4chen und das Tragen von Handschuhen, einer Maske und Schutzkleidung. Wir raten dringend dazu, bei der Verwendung von Forschungschemikalien Praktiken zur Schadensbegrenzung anzuwenden.<\/p>\n<p>&nbsp;<\/p>\n<h2><strong>DEFINITION 4-HO-DPT<\/strong><\/h2>\n<p>Die Definition von Buy 4-HO-DPT ist offiziell als 4-Hydroxy-Dipropyltryptamin bekannt und wird gelegentlich auch als Procin bezeichnet. Eine psychedelische Substanz der Tryptaminklasse und verwandt mit ihrem Grundger\u00fcst DPT, auch bekannt als Dipropyltryptamin \"The Light\".<\/p>\n<p>&nbsp;<\/p>\n<h2><strong>CHEMIE HINTERGRUNDINFORMATIONEN 4-HO-DPT<\/strong><\/h2>\n<p>Wie bei den meisten psychedelischen Tryptaminen wird auch bei 4-HO-DPT davon ausgegangen, dass es in erster Linie als partieller 5-HT2A-Agonist wirkt. Es wird angenommen, dass die psychedelischen Eigenschaften auf die Wirkung von 4-HO-DPT auf die 5-HT2A-Rezeptoren zur\u00fcckzuf\u00fchren sind. Die Rolle und die Ergebnisse dieser Wechselwirkungen sind jedoch nach wie vor schwer fassbar und m\u00fcssen weiter wissenschaftlich untersucht werden. Substanzen der Klasse der Tryptamine haben eine gemeinsame Kernstruktur, die aus einem bicyclischen Indol-Heterozyklus besteht, der an R3 mit einer Aminogruppe verbunden ist. 4-HO-DPT ist am R4 des Indol-Heterocyclus mit einer funktionellen Hydroxylgruppe OH- substituiert. Au\u00dferdem enth\u00e4lt es zwei Propylketten, die an das endst\u00e4ndige Amin RN seines Tryptamingrundger\u00fcsts (DPT) gebunden sind.<\/p>\n<p>&nbsp;<\/p>\n<h2><strong>WO MAN 4-HO-DPT KAUFEN KANN<\/strong><\/h2>\n<p>Sie k\u00f6nnen 4-HO-DPT hier auf der Website von Chemsxpress kaufen. Wir verkaufen 4-HO-DPT in erstklassiger Qualit\u00e4t, in der Regel als Pulver. Wir haben jedoch oft auch andere Substanzformen verf\u00fcgbar, also z\u00f6gern Sie nicht, uns zu kontaktieren, um zu sehen, ob wir Ihre bevorzugte Substanzform auf Lager haben. Sie m\u00fcssen mindestens 18 Jahre alt sein, um 4-HO-DPT von uns zu beziehen.<\/p>","protected":false},"excerpt":{"rendered":"<p><strong>IUPAC-Name: <\/strong>4-Hydroxy-N,N-dipropyltryptamin<\/p>\n<p><strong>Erscheinungsbild: <\/strong>Pulver<\/p>\n<p><strong>NMR-Analyse: <\/strong>K.A.<\/p>","protected":false},"featured_media":29339,"comment_status":"open","ping_status":"closed","template":"","meta":[],"product_brand":[],"product_cat":[92],"product_tag":[],"class_list":{"0":"post-29310","1":"product","2":"type-product","3":"status-publish","4":"has-post-thumbnail","6":"product_cat-tryptamines","8":"first","9":"instock","10":"shipping-taxable","11":"purchasable","12":"product-type-variable"},"yoast_head":"<!-- This site is optimized with the Yoast SEO Premium plugin v24.1 (Yoast SEO v27.4) - https:\/\/yoast.com\/product\/yoast-seo-premium-wordpress\/ -->\n<title>Buy 4-HO-DPT Online: Best Research Chemicals [chemsxpress]<\/title>\n<meta name=\"description\" content=\"Elevate your research with buy 4-HO-DPT. Explore our selection of premium-grade research chemicals. Trusted source, discreet packaging, fast shipping.\" \/>\n<meta name=\"robots\" content=\"index, follow, max-snippet:-1, max-image-preview:large, max-video-preview:-1\" \/>\n<link rel=\"canonical\" href=\"https:\/\/chemsxpress.com\/de\/produkt\/4-ho-dpt-kaufen\/\" \/>\n<meta property=\"og:locale\" content=\"de_DE\" \/>\n<meta property=\"og:type\" content=\"article\" \/>\n<meta property=\"og:title\" content=\"4-HO-DPT\" \/>\n<meta property=\"og:description\" content=\"Elevate your research with buy 4-HO-DPT. Explore our selection of premium-grade research chemicals. Trusted source, discreet packaging, fast shipping.\" \/>\n<meta property=\"og:url\" content=\"https:\/\/chemsxpress.com\/de\/produkt\/4-ho-dpt-kaufen\/\" \/>\n<meta property=\"og:site_name\" content=\"SHOP MDPHP\" \/>\n<meta property=\"article:modified_time\" content=\"2025-05-29T13:39:19+00:00\" \/>\n<meta property=\"og:image\" content=\"https:\/\/chemsxpress.com\/wp-content\/uploads\/2024\/04\/4-HO-DPT.jpg\" \/>\n\t<meta property=\"og:image:width\" content=\"600\" \/>\n\t<meta property=\"og:image:height\" content=\"600\" \/>\n\t<meta property=\"og:image:type\" content=\"image\/jpeg\" \/>\n<meta name=\"twitter:card\" content=\"summary_large_image\" \/>\n<meta name=\"twitter:label1\" content=\"Gesch\u00e4tzte Lesezeit\" \/>\n\t<meta name=\"twitter:data1\" content=\"2\u00a0Minuten\" \/>\n<script type=\"application\/ld+json\" class=\"yoast-schema-graph\">{\"@context\":\"https:\\\/\\\/schema.org\",\"@graph\":[{\"@type\":\"WebPage\",\"@id\":\"https:\\\/\\\/chemsxpress.com\\\/product\\\/buy-4-ho-dpt\\\/\",\"url\":\"https:\\\/\\\/chemsxpress.com\\\/product\\\/buy-4-ho-dpt\\\/\",\"name\":\"Buy 4-HO-DPT Online: Best Research Chemicals [chemsxpress]\",\"isPartOf\":{\"@id\":\"https:\\\/\\\/chemsxpress.com\\\/#website\"},\"primaryImageOfPage\":{\"@id\":\"https:\\\/\\\/chemsxpress.com\\\/product\\\/buy-4-ho-dpt\\\/#primaryimage\"},\"image\":{\"@id\":\"https:\\\/\\\/chemsxpress.com\\\/product\\\/buy-4-ho-dpt\\\/#primaryimage\"},\"thumbnailUrl\":\"https:\\\/\\\/chemsxpress.com\\\/wp-content\\\/uploads\\\/2024\\\/04\\\/4-HO-DPT.jpg\",\"datePublished\":\"2024-04-29T13:21:22+00:00\",\"dateModified\":\"2025-05-29T13:39:19+00:00\",\"description\":\"Elevate your research with buy 4-HO-DPT. Explore our selection of premium-grade research chemicals. Trusted source, discreet packaging, fast shipping.\",\"breadcrumb\":{\"@id\":\"https:\\\/\\\/chemsxpress.com\\\/product\\\/buy-4-ho-dpt\\\/#breadcrumb\"},\"inLanguage\":\"de\",\"potentialAction\":[{\"@type\":\"ReadAction\",\"target\":[\"https:\\\/\\\/chemsxpress.com\\\/product\\\/buy-4-ho-dpt\\\/\"]}]},{\"@type\":\"ImageObject\",\"inLanguage\":\"de\",\"@id\":\"https:\\\/\\\/chemsxpress.com\\\/product\\\/buy-4-ho-dpt\\\/#primaryimage\",\"url\":\"https:\\\/\\\/chemsxpress.com\\\/wp-content\\\/uploads\\\/2024\\\/04\\\/4-HO-DPT.jpg\",\"contentUrl\":\"https:\\\/\\\/chemsxpress.com\\\/wp-content\\\/uploads\\\/2024\\\/04\\\/4-HO-DPT.jpg\",\"width\":600,\"height\":600,\"caption\":\"Buy 4-HO-DPT\"},{\"@type\":\"BreadcrumbList\",\"@id\":\"https:\\\/\\\/chemsxpress.com\\\/product\\\/buy-4-ho-dpt\\\/#breadcrumb\",\"itemListElement\":[{\"@type\":\"ListItem\",\"position\":1,\"name\":\"Home\",\"item\":\"https:\\\/\\\/chemsxpress.com\\\/\"},{\"@type\":\"ListItem\",\"position\":2,\"name\":\"Shop\",\"item\":\"https:\\\/\\\/chemsxpress.com\\\/shop\\\/\"},{\"@type\":\"ListItem\",\"position\":3,\"name\":\"4-HO-DPT\"}]},{\"@type\":\"WebSite\",\"@id\":\"https:\\\/\\\/chemsxpress.com\\\/#website\",\"url\":\"https:\\\/\\\/chemsxpress.com\\\/\",\"name\":\"SHOP MDPHP\",\"description\":\"Buy MDPHP freebase from reliable supplier\",\"potentialAction\":[{\"@type\":\"SearchAction\",\"target\":{\"@type\":\"EntryPoint\",\"urlTemplate\":\"https:\\\/\\\/chemsxpress.com\\\/?s={search_term_string}\"},\"query-input\":{\"@type\":\"PropertyValueSpecification\",\"valueRequired\":true,\"valueName\":\"search_term_string\"}}],\"inLanguage\":\"de\"}]}<\/script>\n<!-- \/ Yoast SEO Premium plugin. -->","yoast_head_json":{"title":"Buy 4-HO-DPT Online: Best Research Chemicals [chemsxpress]","description":"Kaufen Sie 4-ACO-MET. Erweitern Sie Ihre Forschung mit 4-ACO-MET. Entdecken Sie unsere Auswahl an Forschungschemikalien der G\u00fcteklasse A. Vertrauensw\u00fcrdige Quelle, diskrete Verpackung, schneller Versand","robots":{"index":"index","follow":"follow","max-snippet":"max-snippet:-1","max-image-preview":"max-image-preview:large","max-video-preview":"max-video-preview:-1"},"canonical":"https:\/\/chemsxpress.com\/de\/produkt\/4-ho-dpt-kaufen\/","og_locale":"de_DE","og_type":"article","og_title":"4-HO-DPT","og_description":"Elevate your research with buy 4-HO-DPT. Explore our selection of premium-grade research chemicals. Trusted source, discreet packaging, fast shipping.","og_url":"https:\/\/chemsxpress.com\/de\/produkt\/4-ho-dpt-kaufen\/","og_site_name":"SHOP MDPHP","article_modified_time":"2025-05-29T13:39:19+00:00","og_image":[{"width":600,"height":600,"url":"https:\/\/chemsxpress.com\/wp-content\/uploads\/2024\/04\/4-HO-DPT.jpg","type":"image\/jpeg"}],"twitter_card":"summary_large_image","twitter_misc":{"Gesch\u00e4tzte Lesezeit":"2\u00a0Minuten"},"schema":{"@context":"https:\/\/schema.org","@graph":[{"@type":"WebPage","@id":"https:\/\/chemsxpress.com\/product\/buy-4-ho-dpt\/","url":"https:\/\/chemsxpress.com\/product\/buy-4-ho-dpt\/","name":"Buy 4-HO-DPT Online: Best Research Chemicals [chemsxpress]","isPartOf":{"@id":"https:\/\/chemsxpress.com\/#website"},"primaryImageOfPage":{"@id":"https:\/\/chemsxpress.com\/product\/buy-4-ho-dpt\/#primaryimage"},"image":{"@id":"https:\/\/chemsxpress.com\/product\/buy-4-ho-dpt\/#primaryimage"},"thumbnailUrl":"https:\/\/chemsxpress.com\/wp-content\/uploads\/2024\/04\/4-HO-DPT.jpg","datePublished":"2024-04-29T13:21:22+00:00","dateModified":"2025-05-29T13:39:19+00:00","description":"Kaufen Sie 4-ACO-MET. Erweitern Sie Ihre Forschung mit 4-ACO-MET. Entdecken Sie unsere Auswahl an Forschungschemikalien der G\u00fcteklasse A. Vertrauensw\u00fcrdige Quelle, diskrete Verpackung, schneller Versand","breadcrumb":{"@id":"https:\/\/chemsxpress.com\/product\/buy-4-ho-dpt\/#breadcrumb"},"inLanguage":"de","potentialAction":[{"@type":"ReadAction","target":["https:\/\/chemsxpress.com\/product\/buy-4-ho-dpt\/"]}]},{"@type":"ImageObject","inLanguage":"de","@id":"https:\/\/chemsxpress.com\/product\/buy-4-ho-dpt\/#primaryimage","url":"https:\/\/chemsxpress.com\/wp-content\/uploads\/2024\/04\/4-HO-DPT.jpg","contentUrl":"https:\/\/chemsxpress.com\/wp-content\/uploads\/2024\/04\/4-HO-DPT.jpg","width":600,"height":600,"caption":"Buy 4-HO-DPT"},{"@type":"BreadcrumbList","@id":"https:\/\/chemsxpress.com\/product\/buy-4-ho-dpt\/#breadcrumb","itemListElement":[{"@type":"ListItem","position":1,"name":"Home","item":"https:\/\/chemsxpress.com\/"},{"@type":"ListItem","position":2,"name":"Shop","item":"https:\/\/chemsxpress.com\/shop\/"},{"@type":"ListItem","position":3,"name":"4-HO-DPT"}]},{"@type":"WebSite","@id":"https:\/\/chemsxpress.com\/#website","url":"https:\/\/chemsxpress.com\/","name":"MDPHP EINKAUFEN","description":"MDPHP freebase von einem zuverl\u00e4ssigen Anbieter kaufen","potentialAction":[{"@type":"SearchAction","target":{"@type":"EntryPoint","urlTemplate":"https:\/\/chemsxpress.com\/?s={search_term_string}"},"query-input":{"@type":"PropertyValueSpecification","valueRequired":true,"valueName":"search_term_string"}}],"inLanguage":"de"}]}},"jetpack_sharing_enabled":true,"_links":{"self":[{"href":"https:\/\/chemsxpress.com\/de\/wp-json\/wp\/v2\/product\/29310","targetHints":{"allow":["GET"]}}],"collection":[{"href":"https:\/\/chemsxpress.com\/de\/wp-json\/wp\/v2\/product"}],"about":[{"href":"https:\/\/chemsxpress.com\/de\/wp-json\/wp\/v2\/types\/product"}],"replies":[{"embeddable":true,"href":"https:\/\/chemsxpress.com\/de\/wp-json\/wp\/v2\/comments?post=29310"}],"version-history":[{"count":3,"href":"https:\/\/chemsxpress.com\/de\/wp-json\/wp\/v2\/product\/29310\/revisions"}],"predecessor-version":[{"id":29550,"href":"https:\/\/chemsxpress.com\/de\/wp-json\/wp\/v2\/product\/29310\/revisions\/29550"}],"wp:featuredmedia":[{"embeddable":true,"href":"https:\/\/chemsxpress.com\/de\/wp-json\/wp\/v2\/media\/29339"}],"wp:attachment":[{"href":"https:\/\/chemsxpress.com\/de\/wp-json\/wp\/v2\/media?parent=29310"}],"wp:term":[{"taxonomy":"product_brand","embeddable":true,"href":"https:\/\/chemsxpress.com\/de\/wp-json\/wp\/v2\/product_brand?post=29310"},{"taxonomy":"product_cat","embeddable":true,"href":"https:\/\/chemsxpress.com\/de\/wp-json\/wp\/v2\/product_cat?post=29310"},{"taxonomy":"product_tag","embeddable":true,"href":"https:\/\/chemsxpress.com\/de\/wp-json\/wp\/v2\/product_tag?post=29310"}],"curies":[{"name":"wp","href":"https:\/\/api.w.org\/{rel}","templated":true}]}}