{"id":29312,"date":"2024-04-29T13:21:22","date_gmt":"2024-04-29T13:21:22","guid":{"rendered":"https:\/\/chemsxpress.com\/?post_type=product&#038;p=29312"},"modified":"2024-07-04T21:46:46","modified_gmt":"2024-07-04T21:46:46","slug":"kaufen-4-ho-det","status":"publish","type":"product","link":"https:\/\/chemsxpress.com\/de\/produkt\/kaufen-4-ho-det\/","title":{"rendered":"4-HO-DET"},"content":{"rendered":"<h1><strong>4-HO-DET KAUFEN<\/strong><\/h1>\n<p>4-HO-DET kaufen ist ein weniger bekanntes Psychedelikum aus der Klasse der Tryptamine und auch als 4-Hydroxy-N,N-diethyltryptamin, CZ-74 oder Ethocin bekannt. 4-HO-DET wurde erstmals in den sp\u00e4ten 1950er Jahren von Albert Hofmann und Franz Troxler synthetisiert. Die beiden Wissenschaftler untersuchten verschiedene psychedelische Verbindungen, die strukturell und chemisch mit den Hauptwirkstoffen verwandt waren, die er aus Zauberpilzen isoliert hatte: Psilocybin (4-PO-DMT) und Psilocin (4-HO-DMT).<\/p>\n<p>Psilocybin-Pilze, besser bekannt als Zauberpilze, psychedelische Pilze und magische Pilze, sind eine Familie psychoaktiver Pilze, die Psilocybin enthalten, eine psychedelische Klasse von Tryptaminen. Psilocybin-Pilze kommen auf allen Kontinenten vor und werden in mehr als 200 Arten unterteilt.<\/p>\n<p>&nbsp;<\/p>\n<h2><strong>WIE VERWENDET MAN 4-HO-DET PULVER?<\/strong><\/h2>\n<p>Unter <a href=\"https:\/\/chemsxpress.com\/de\/\">ChemsXpress<\/a> k\u00f6nnen Sie 4-HO-DET in Pulverform von h\u00f6chster Qualit\u00e4t kaufen. Wir haben 4-HO-DET zum Verkauf in den Mengen 0,25gr, 0,5gr, 1gr und 2gr. 4-HO-DET ist ein weniger bekanntes Psychedelikum aus der Klasse der Tryptamine und auch bekannt als 4-Hydroxy-N, N-Diethyltryptamin, CZ-74 oder Ethocin.<\/p>\n<p>Bewahren Sie das 4-HO-DET-Pulver an einem trockenen und k\u00fchlen Ort auf, um eine maximale Haltbarkeit zu gew\u00e4hrleisten. Achten Sie beim Umgang mit Forschungschemikalien darauf, im Labor immer die richtigen Vorsichtsma\u00dfnahmen zu treffen, wie z. B. das Abwischen von Oberfl\u00e4chen und das Tragen von Handschuhen, einer Maske und Schutzkleidung. Wir raten dringend dazu, bei der Verwendung von Forschungschemikalien Ma\u00dfnahmen zur Schadensbegrenzung zu ergreifen.<\/p>\n<p>&nbsp;<\/p>\n<h2><strong>DEFINITION 4-HO-DET<\/strong><\/h2>\n<p>Die Definition von 4-HO-DET ist offiziell als 4-Hydroxy-N oder N-Diethyltryptamin bekannt. Es ist ein weniger bekanntes Psychedelikum aus der Klasse der Tryptamine und wurde erstmals in den sp\u00e4ten 1950er Jahren von Albert Hofmann und Franz Troxler synthetisiert. 4-HO-DET ist eine eng verwandte Struktur von Psilocin (4-HO-DMT), der wichtigsten psychoaktiven Komponente in <a href=\"https:\/\/chemsxpress.com\/de\/produktkategorie\/forschungschemikalien\/\">Magic Mushrooms<\/a>.<\/p>\n<p>&nbsp;<\/p>\n<h2><strong>CHEMIE HINTERGRUNDINFORMATIONEN 4-HO-DET<\/strong><\/h2>\n<p>4-HO-DET oder 4-Hydroxy-N,N-diethyltryptamin ist ein synthetisches Molek\u00fcl aus der chemischen Klasse der Tryptamine. Substanzen der Klasse der Tryptamine haben eine gemeinsame Kernstruktur, die aus einem bicyclischen Indol-Heterozyklus besteht, der an R3 mit einer Aminogruppe verbunden ist. Es wird angenommen, dass die psychedelischen Eigenschaften auf die Wirkung von 4-HO-DPT auf die 5-HT2A-Rezeptoren zur\u00fcckzuf\u00fchren sind. Die Rolle und die Ergebnisse dieser Wechselwirkungen sind jedoch nach wie vor schwer fassbar und m\u00fcssen weiter wissenschaftlich untersucht werden. 4-HO-DET ist ein enger struktureller Verwandter von Psilocin (4-HO-DMT), dem wichtigsten psychoaktiven Bestandteil von Magic Mushrooms. Es zeichnet sich dadurch aus, dass es viele seiner Hauptmerkmale teilt.<\/p>\n<p>&nbsp;<\/p>\n<h2><strong>WO MAN 4-HO-DET KAUFEN KANN<\/strong><\/h2>\n<p>4-HO-DET kann hier auf der Rchemshop-Website gekauft werden. Wir verkaufen 4-HO-DET in Premiumqualit\u00e4t, in der Regel als Pulver. Wir haben jedoch oft auch andere Substanzformen verf\u00fcgbar, also z\u00f6gern Sie nicht, uns zu kontaktieren, um zu sehen, ob wir Ihre bevorzugte Substanzform auf Lager haben. Sie m\u00fcssen mindestens 18 Jahre alt sein, um 4-HO-DET bei uns zu kaufen.<\/p>","protected":false},"excerpt":{"rendered":"<p>panaceachems.com bietet Produkte an, die nicht f\u00fcr den menschlichen Verzehr bestimmt sind. Wenn Sie dieses Produkt (unbeabsichtigt) konsumieren, kann dies ernsthafte medizinische Folgen haben.<\/p>","protected":false},"featured_media":29343,"comment_status":"open","ping_status":"closed","template":"","meta":[],"product_brand":[],"product_cat":[92],"product_tag":[],"class_list":{"0":"post-29312","1":"product","2":"type-product","3":"status-publish","4":"has-post-thumbnail","6":"product_cat-tryptamines","8":"first","9":"instock","10":"shipping-taxable","11":"purchasable","12":"product-type-variable"},"yoast_head":"<!-- This site is optimized with the Yoast SEO Premium plugin v24.1 (Yoast SEO v27.4) - https:\/\/yoast.com\/product\/yoast-seo-premium-wordpress\/ -->\n<title>Buy 4-HO-DET Online: Premium Quality, Fast Shipping<\/title>\n<meta name=\"description\" content=\"Buy 4-HO-DET. Explore our selection of high-quality RC available for purchase online. Trust in our reliable source and fast shipping for all your needs.\" \/>\n<meta name=\"robots\" content=\"index, follow, max-snippet:-1, max-image-preview:large, max-video-preview:-1\" \/>\n<link rel=\"canonical\" href=\"https:\/\/chemsxpress.com\/de\/produkt\/kaufen-4-ho-det\/\" \/>\n<meta property=\"og:locale\" content=\"de_DE\" \/>\n<meta property=\"og:type\" content=\"article\" \/>\n<meta property=\"og:title\" content=\"4-HO-DET\" \/>\n<meta property=\"og:description\" content=\"Buy 4-HO-DET. Explore our selection of high-quality RC available for purchase online. Trust in our reliable source and fast shipping for all your needs.\" \/>\n<meta property=\"og:url\" content=\"https:\/\/chemsxpress.com\/de\/produkt\/kaufen-4-ho-det\/\" \/>\n<meta property=\"og:site_name\" content=\"SHOP MDPHP\" \/>\n<meta property=\"article:modified_time\" content=\"2024-07-04T21:46:46+00:00\" \/>\n<meta property=\"og:image\" content=\"https:\/\/chemsxpress.com\/wp-content\/uploads\/2024\/04\/4-HO-DET.jpg\" \/>\n\t<meta property=\"og:image:width\" content=\"600\" \/>\n\t<meta property=\"og:image:height\" content=\"600\" \/>\n\t<meta property=\"og:image:type\" content=\"image\/jpeg\" \/>\n<meta name=\"twitter:card\" content=\"summary_large_image\" \/>\n<meta name=\"twitter:label1\" content=\"Gesch\u00e4tzte Lesezeit\" \/>\n\t<meta name=\"twitter:data1\" content=\"3\u00a0Minuten\" \/>\n<script type=\"application\/ld+json\" class=\"yoast-schema-graph\">{\"@context\":\"https:\\\/\\\/schema.org\",\"@graph\":[{\"@type\":\"WebPage\",\"@id\":\"https:\\\/\\\/chemsxpress.com\\\/product\\\/buy-4-ho-det\\\/\",\"url\":\"https:\\\/\\\/chemsxpress.com\\\/product\\\/buy-4-ho-det\\\/\",\"name\":\"Buy 4-HO-DET Online: Premium Quality, Fast Shipping\",\"isPartOf\":{\"@id\":\"https:\\\/\\\/chemsxpress.com\\\/#website\"},\"primaryImageOfPage\":{\"@id\":\"https:\\\/\\\/chemsxpress.com\\\/product\\\/buy-4-ho-det\\\/#primaryimage\"},\"image\":{\"@id\":\"https:\\\/\\\/chemsxpress.com\\\/product\\\/buy-4-ho-det\\\/#primaryimage\"},\"thumbnailUrl\":\"https:\\\/\\\/chemsxpress.com\\\/wp-content\\\/uploads\\\/2024\\\/04\\\/4-HO-DET.jpg\",\"datePublished\":\"2024-04-29T13:21:22+00:00\",\"dateModified\":\"2024-07-04T21:46:46+00:00\",\"description\":\"Buy 4-HO-DET. Explore our selection of high-quality RC available for purchase online. Trust in our reliable source and fast shipping for all your needs.\",\"breadcrumb\":{\"@id\":\"https:\\\/\\\/chemsxpress.com\\\/product\\\/buy-4-ho-det\\\/#breadcrumb\"},\"inLanguage\":\"de\",\"potentialAction\":[{\"@type\":\"ReadAction\",\"target\":[\"https:\\\/\\\/chemsxpress.com\\\/product\\\/buy-4-ho-det\\\/\"]}]},{\"@type\":\"ImageObject\",\"inLanguage\":\"de\",\"@id\":\"https:\\\/\\\/chemsxpress.com\\\/product\\\/buy-4-ho-det\\\/#primaryimage\",\"url\":\"https:\\\/\\\/chemsxpress.com\\\/wp-content\\\/uploads\\\/2024\\\/04\\\/4-HO-DET.jpg\",\"contentUrl\":\"https:\\\/\\\/chemsxpress.com\\\/wp-content\\\/uploads\\\/2024\\\/04\\\/4-HO-DET.jpg\",\"width\":600,\"height\":600,\"caption\":\"Buy 4-HO-DET\"},{\"@type\":\"BreadcrumbList\",\"@id\":\"https:\\\/\\\/chemsxpress.com\\\/product\\\/buy-4-ho-det\\\/#breadcrumb\",\"itemListElement\":[{\"@type\":\"ListItem\",\"position\":1,\"name\":\"Home\",\"item\":\"https:\\\/\\\/chemsxpress.com\\\/\"},{\"@type\":\"ListItem\",\"position\":2,\"name\":\"Shop\",\"item\":\"https:\\\/\\\/chemsxpress.com\\\/shop\\\/\"},{\"@type\":\"ListItem\",\"position\":3,\"name\":\"4-HO-DET\"}]},{\"@type\":\"WebSite\",\"@id\":\"https:\\\/\\\/chemsxpress.com\\\/#website\",\"url\":\"https:\\\/\\\/chemsxpress.com\\\/\",\"name\":\"SHOP MDPHP\",\"description\":\"Buy MDPHP freebase from reliable supplier\",\"potentialAction\":[{\"@type\":\"SearchAction\",\"target\":{\"@type\":\"EntryPoint\",\"urlTemplate\":\"https:\\\/\\\/chemsxpress.com\\\/?s={search_term_string}\"},\"query-input\":{\"@type\":\"PropertyValueSpecification\",\"valueRequired\":true,\"valueName\":\"search_term_string\"}}],\"inLanguage\":\"de\"}]}<\/script>\n<!-- \/ Yoast SEO Premium plugin. -->","yoast_head_json":{"title":"Kaufen Sie 4-HO-DET online: Premium-Qualit\u00e4t, schneller Versand","description":"Kaufen Sie 4-HO-DET. Entdecken Sie unsere Auswahl an hochwertigen RC-Modellen, die Sie online kaufen k\u00f6nnen. Vertrauen Sie auf unsere zuverl\u00e4ssige Quelle und den schnellen Versand f\u00fcr alle Ihre Bed\u00fcrfnisse.","robots":{"index":"index","follow":"follow","max-snippet":"max-snippet:-1","max-image-preview":"max-image-preview:large","max-video-preview":"max-video-preview:-1"},"canonical":"https:\/\/chemsxpress.com\/de\/produkt\/kaufen-4-ho-det\/","og_locale":"de_DE","og_type":"article","og_title":"4-HO-DET","og_description":"Buy 4-HO-DET. Explore our selection of high-quality RC available for purchase online. Trust in our reliable source and fast shipping for all your needs.","og_url":"https:\/\/chemsxpress.com\/de\/produkt\/kaufen-4-ho-det\/","og_site_name":"SHOP MDPHP","article_modified_time":"2024-07-04T21:46:46+00:00","og_image":[{"width":600,"height":600,"url":"https:\/\/chemsxpress.com\/wp-content\/uploads\/2024\/04\/4-HO-DET.jpg","type":"image\/jpeg"}],"twitter_card":"summary_large_image","twitter_misc":{"Gesch\u00e4tzte Lesezeit":"3\u00a0Minuten"},"schema":{"@context":"https:\/\/schema.org","@graph":[{"@type":"WebPage","@id":"https:\/\/chemsxpress.com\/product\/buy-4-ho-det\/","url":"https:\/\/chemsxpress.com\/product\/buy-4-ho-det\/","name":"Kaufen Sie 4-HO-DET online: Premium-Qualit\u00e4t, schneller Versand","isPartOf":{"@id":"https:\/\/chemsxpress.com\/#website"},"primaryImageOfPage":{"@id":"https:\/\/chemsxpress.com\/product\/buy-4-ho-det\/#primaryimage"},"image":{"@id":"https:\/\/chemsxpress.com\/product\/buy-4-ho-det\/#primaryimage"},"thumbnailUrl":"https:\/\/chemsxpress.com\/wp-content\/uploads\/2024\/04\/4-HO-DET.jpg","datePublished":"2024-04-29T13:21:22+00:00","dateModified":"2024-07-04T21:46:46+00:00","description":"Kaufen Sie 4-HO-DET. Entdecken Sie unsere Auswahl an hochwertigen RC-Modellen, die Sie online kaufen k\u00f6nnen. Vertrauen Sie auf unsere zuverl\u00e4ssige Quelle und den schnellen Versand f\u00fcr alle Ihre Bed\u00fcrfnisse.","breadcrumb":{"@id":"https:\/\/chemsxpress.com\/product\/buy-4-ho-det\/#breadcrumb"},"inLanguage":"de","potentialAction":[{"@type":"ReadAction","target":["https:\/\/chemsxpress.com\/product\/buy-4-ho-det\/"]}]},{"@type":"ImageObject","inLanguage":"de","@id":"https:\/\/chemsxpress.com\/product\/buy-4-ho-det\/#primaryimage","url":"https:\/\/chemsxpress.com\/wp-content\/uploads\/2024\/04\/4-HO-DET.jpg","contentUrl":"https:\/\/chemsxpress.com\/wp-content\/uploads\/2024\/04\/4-HO-DET.jpg","width":600,"height":600,"caption":"Buy 4-HO-DET"},{"@type":"BreadcrumbList","@id":"https:\/\/chemsxpress.com\/product\/buy-4-ho-det\/#breadcrumb","itemListElement":[{"@type":"ListItem","position":1,"name":"Home","item":"https:\/\/chemsxpress.com\/"},{"@type":"ListItem","position":2,"name":"Shop","item":"https:\/\/chemsxpress.com\/shop\/"},{"@type":"ListItem","position":3,"name":"4-HO-DET"}]},{"@type":"WebSite","@id":"https:\/\/chemsxpress.com\/#website","url":"https:\/\/chemsxpress.com\/","name":"MDPHP EINKAUFEN","description":"MDPHP freebase von einem zuverl\u00e4ssigen Anbieter kaufen","potentialAction":[{"@type":"SearchAction","target":{"@type":"EntryPoint","urlTemplate":"https:\/\/chemsxpress.com\/?s={search_term_string}"},"query-input":{"@type":"PropertyValueSpecification","valueRequired":true,"valueName":"search_term_string"}}],"inLanguage":"de"}]}},"jetpack_sharing_enabled":true,"_links":{"self":[{"href":"https:\/\/chemsxpress.com\/de\/wp-json\/wp\/v2\/product\/29312","targetHints":{"allow":["GET"]}}],"collection":[{"href":"https:\/\/chemsxpress.com\/de\/wp-json\/wp\/v2\/product"}],"about":[{"href":"https:\/\/chemsxpress.com\/de\/wp-json\/wp\/v2\/types\/product"}],"replies":[{"embeddable":true,"href":"https:\/\/chemsxpress.com\/de\/wp-json\/wp\/v2\/comments?post=29312"}],"version-history":[{"count":4,"href":"https:\/\/chemsxpress.com\/de\/wp-json\/wp\/v2\/product\/29312\/revisions"}],"predecessor-version":[{"id":29986,"href":"https:\/\/chemsxpress.com\/de\/wp-json\/wp\/v2\/product\/29312\/revisions\/29986"}],"wp:featuredmedia":[{"embeddable":true,"href":"https:\/\/chemsxpress.com\/de\/wp-json\/wp\/v2\/media\/29343"}],"wp:attachment":[{"href":"https:\/\/chemsxpress.com\/de\/wp-json\/wp\/v2\/media?parent=29312"}],"wp:term":[{"taxonomy":"product_brand","embeddable":true,"href":"https:\/\/chemsxpress.com\/de\/wp-json\/wp\/v2\/product_brand?post=29312"},{"taxonomy":"product_cat","embeddable":true,"href":"https:\/\/chemsxpress.com\/de\/wp-json\/wp\/v2\/product_cat?post=29312"},{"taxonomy":"product_tag","embeddable":true,"href":"https:\/\/chemsxpress.com\/de\/wp-json\/wp\/v2\/product_tag?post=29312"}],"curies":[{"name":"wp","href":"https:\/\/api.w.org\/{rel}","templated":true}]}}