{"id":29313,"date":"2024-04-29T13:21:22","date_gmt":"2024-04-29T13:21:22","guid":{"rendered":"https:\/\/chemsxpress.com\/?post_type=product&#038;p=29313"},"modified":"2024-07-04T21:46:08","modified_gmt":"2024-07-04T21:46:08","slug":"4-aco-mipt-kaufen","status":"publish","type":"product","link":"https:\/\/chemsxpress.com\/de\/produkt\/4-aco-mipt-kaufen\/","title":{"rendered":"4-ACO-MIPT"},"content":{"rendered":"<h2><strong>4-ACO-MIPT KAUFEN\u00a0<\/strong><\/h2>\n<p>Kaufen Sie 4-ACO-MIPT, oder 4-Acetoxy-MiPT, auch bekannt als Mipracetin, ist ein psychedelisches Tryptamin. Bei RealChems k\u00f6nnen Sie 4-AcO-MiPT in der hochwertigsten Pulverform kaufen, erh\u00e4ltlich in den Mengen von 0,25 Gramm, 0,5 Gramm, 1 <a href=\"https:\/\/chemsxpress.com\/de\/produktkategorie\/forschungschemikalien\/\">Gramm und 2 Gramm<\/a>.<\/p>\n<p>Da die Verbindung relativ neu und wenig erforscht ist, gibt es nicht viele pharmakologische Daten. Die meisten 4-AcO-Verbindungen und Tryptamine im Allgemeinen sind jedoch sicher, es sei denn, sie werden im \u00dcberma\u00df eingenommen oder haben offensichtliche Nebenwirkungen, wie z. B. eine hohe K\u00f6rperbelastung.<\/p>\n<p>&nbsp;<\/p>\n<h2><strong>WIE MAN 4-ACOMIPT-PULVER VERWENDET\u00a0<\/strong><\/h2>\n<p>Realchems hat 4-AcO-MiPT in Pulverform von h\u00f6chster Qualit\u00e4t zum Verkauf. Sie k\u00f6nnen 4-AcO-MiPT-Pulver in Mengen von 0,25 Gramm, 0,5 Gramm, 1 Gramm oder 2 Gramm kaufen. Achten Sie darauf, 4-AcO-MiPT an einem trockenen und k\u00fchlen Ort zu lagern, um eine maximale Haltbarkeit zu gew\u00e4hrleisten. Achten Sie beim Umgang mit Forschungschemikalien darauf, dass Sie im Labor immer die entsprechenden Vorsichtsma\u00dfnahmen treffen, wie das Abwischen von Oberfl\u00e4chen und das Tragen von Handschuhen, einer Maske und Schutzkleidung.<\/p>\n<p>F\u00fcr die meisten ist 4-AcO-MiPT in Pulverform der beste Weg, um mit dieser Substanz zu experimentieren. Das Pulver kann f\u00fcr sich allein experimentell verwendet werden, aber es kann auch in Fl\u00fcssigkeit verd\u00fcnnt und mit einer Tropfflasche eingemischt werden. Im Allgemeinen erhalten Sie beim Kauf von 4-AcO-MiPT-Pulver ein besseres Angebot als beim Kauf anderer Formen, da Sie nicht f\u00fcr die Kosten der Zubereitung des Produkts aufkommen m\u00fcssen.<\/p>\n<p>&nbsp;<\/p>\n<h2><strong>DEFINITION 4-ACO-MIPT<\/strong><\/h2>\n<p>Die Definition der Droge 4-AcO-MiPT ist offiziell bekannt als 4-Acetoxy-MiPT, auch als Mipracetin bezeichnet, ist eine psychedelische Verbindung, die am h\u00e4ufigsten mit Psilocin oder 4-AcO-MiPT verglichen wird.<\/p>\n<h2><strong>CHEMIE HINTERGRUNDINFORMATIONEN 4-ACO-MIPT<\/strong><\/h2>\n<p>Aufgrund der \u00c4hnlichkeiten zwischen 4-AcO-MiPT und 4-HO-MiPT haben Forscher spekuliert, ob 4-Acetoxy-MiPT nicht einfach in 4-HO-MiPT umgewandelt wird. Dies ist \u00e4hnlich wie die Umwandlung von Psilocybin, das leicht in Psilocin umgewandelt wird.<\/p>\n<p>Aus diesem Grund sind die Wirkungen von 4-AcO-MiPT und 4-HO-MiPT sehr \u00e4hnlich, obwohl man davon ausgehen k\u00f6nnte, dass die f\u00fcr die Forschung ben\u00f6tigte Menge an 4-AcO-MiPT etwas h\u00f6her sein w\u00fcrde. Wenn die Substanz tats\u00e4chlich leicht in 4-HO-MiPT umgewandelt wird, w\u00fcrde wahrscheinlich ein Teil bei der Umwandlung verloren gehen, so dass eine h\u00f6here Dosis erforderlich w\u00e4re.<\/p>\n<p>&nbsp;<\/p>\n<h2><strong>WO KANN ICH 4-ACO-MIPT KAUFEN?<\/strong><\/h2>\n<p>4-AcO-MiPT k\u00f6nnen Sie hier auf der <a href=\"https:\/\/chemsxpress.com\/de\/\">ChemsXpress<\/a> Wir verkaufen 4-AcO-MiPT in erstklassiger Qualit\u00e4t, normalerweise als Pulver. Wir haben jedoch oft auch andere Substanzformen verf\u00fcgbar, also z\u00f6gern Sie nicht, uns zu kontaktieren, um zu sehen, ob wir Ihre bevorzugte Substanzform auf Lager haben. Sie m\u00fcssen mindestens 18 Jahre alt sein, um 4-AcO-MiPT bei uns zu kaufen.<\/p>","protected":false},"excerpt":{"rendered":"<p><strong>IUPAC-Name: <\/strong>[3-[2-[Isopropyl(methyl)amino]ethyl]-1H-indol-4-yl] acetate<\/p>\n<p><strong>Other name: <\/strong>4-Acetoxy-N-isopropyl-N-methyltryptamine<\/p>\n<p><strong>Appearance: <\/strong>powder<\/p>\n<p><strong>Form: <\/strong>fumarate<\/p>\n<p><strong>NMR Analysis: <\/strong>N\/A<\/p>\n","protected":false},"featured_media":29345,"comment_status":"open","ping_status":"closed","template":"","meta":[],"product_brand":[],"product_cat":[92],"product_tag":[],"class_list":{"0":"post-29313","1":"product","2":"type-product","3":"status-publish","4":"has-post-thumbnail","6":"product_cat-tryptamines","8":"first","9":"instock","10":"shipping-taxable","11":"purchasable","12":"product-type-variable"},"yoast_head":"<!-- This site is optimized with the Yoast SEO Premium plugin v24.1 (Yoast SEO v27.4) - https:\/\/yoast.com\/product\/yoast-seo-premium-wordpress\/ -->\n<title>Buy 4-ACO-MIPT at ChemSxpress: Premium Research Chemicals<\/title>\n<meta name=\"description\" content=\"Buy 4-ACO-MIPT &quot;Discover premium 4-ACO-MIPT at ChemsXpress. A trusted source, discreet shipping. Elevate your research today.&quot;\" \/>\n<meta name=\"robots\" content=\"index, follow, max-snippet:-1, max-image-preview:large, max-video-preview:-1\" \/>\n<link rel=\"canonical\" href=\"https:\/\/chemsxpress.com\/de\/produkt\/4-aco-mipt-kaufen\/\" \/>\n<meta property=\"og:locale\" content=\"de_DE\" \/>\n<meta property=\"og:type\" content=\"article\" \/>\n<meta property=\"og:title\" content=\"4-ACO-MIPT\" \/>\n<meta property=\"og:description\" content=\"Buy 4-ACO-MIPT &quot;Discover premium 4-ACO-MIPT at ChemsXpress. A trusted source, discreet shipping. Elevate your research today.&quot;\" \/>\n<meta property=\"og:url\" content=\"https:\/\/chemsxpress.com\/de\/produkt\/4-aco-mipt-kaufen\/\" \/>\n<meta property=\"og:site_name\" content=\"SHOP MDPHP\" \/>\n<meta property=\"article:modified_time\" content=\"2024-07-04T21:46:08+00:00\" \/>\n<meta property=\"og:image\" content=\"https:\/\/chemsxpress.com\/wp-content\/uploads\/2024\/04\/4-ACO-MIPT.jpg\" \/>\n\t<meta property=\"og:image:width\" content=\"600\" \/>\n\t<meta property=\"og:image:height\" content=\"600\" \/>\n\t<meta property=\"og:image:type\" content=\"image\/jpeg\" \/>\n<meta name=\"twitter:card\" content=\"summary_large_image\" \/>\n<meta name=\"twitter:label1\" content=\"Gesch\u00e4tzte Lesezeit\" \/>\n\t<meta name=\"twitter:data1\" content=\"2\u00a0Minuten\" \/>\n<script type=\"application\/ld+json\" class=\"yoast-schema-graph\">{\"@context\":\"https:\\\/\\\/schema.org\",\"@graph\":[{\"@type\":\"WebPage\",\"@id\":\"https:\\\/\\\/chemsxpress.com\\\/product\\\/buy-4-aco-mipt\\\/\",\"url\":\"https:\\\/\\\/chemsxpress.com\\\/product\\\/buy-4-aco-mipt\\\/\",\"name\":\"Buy 4-ACO-MIPT at ChemSxpress: Premium Research Chemicals\",\"isPartOf\":{\"@id\":\"https:\\\/\\\/chemsxpress.com\\\/#website\"},\"primaryImageOfPage\":{\"@id\":\"https:\\\/\\\/chemsxpress.com\\\/product\\\/buy-4-aco-mipt\\\/#primaryimage\"},\"image\":{\"@id\":\"https:\\\/\\\/chemsxpress.com\\\/product\\\/buy-4-aco-mipt\\\/#primaryimage\"},\"thumbnailUrl\":\"https:\\\/\\\/chemsxpress.com\\\/wp-content\\\/uploads\\\/2024\\\/04\\\/4-ACO-MIPT.jpg\",\"datePublished\":\"2024-04-29T13:21:22+00:00\",\"dateModified\":\"2024-07-04T21:46:08+00:00\",\"description\":\"Buy 4-ACO-MIPT \\\"Discover premium 4-ACO-MIPT at ChemsXpress. A trusted source, discreet shipping. Elevate your research today.\\\"\",\"breadcrumb\":{\"@id\":\"https:\\\/\\\/chemsxpress.com\\\/product\\\/buy-4-aco-mipt\\\/#breadcrumb\"},\"inLanguage\":\"de\",\"potentialAction\":[{\"@type\":\"ReadAction\",\"target\":[\"https:\\\/\\\/chemsxpress.com\\\/product\\\/buy-4-aco-mipt\\\/\"]}]},{\"@type\":\"ImageObject\",\"inLanguage\":\"de\",\"@id\":\"https:\\\/\\\/chemsxpress.com\\\/product\\\/buy-4-aco-mipt\\\/#primaryimage\",\"url\":\"https:\\\/\\\/chemsxpress.com\\\/wp-content\\\/uploads\\\/2024\\\/04\\\/4-ACO-MIPT.jpg\",\"contentUrl\":\"https:\\\/\\\/chemsxpress.com\\\/wp-content\\\/uploads\\\/2024\\\/04\\\/4-ACO-MIPT.jpg\",\"width\":600,\"height\":600,\"caption\":\"Buy 4-ACO-MIPT\"},{\"@type\":\"BreadcrumbList\",\"@id\":\"https:\\\/\\\/chemsxpress.com\\\/product\\\/buy-4-aco-mipt\\\/#breadcrumb\",\"itemListElement\":[{\"@type\":\"ListItem\",\"position\":1,\"name\":\"Home\",\"item\":\"https:\\\/\\\/chemsxpress.com\\\/\"},{\"@type\":\"ListItem\",\"position\":2,\"name\":\"Shop\",\"item\":\"https:\\\/\\\/chemsxpress.com\\\/shop\\\/\"},{\"@type\":\"ListItem\",\"position\":3,\"name\":\"4-ACO-MIPT\"}]},{\"@type\":\"WebSite\",\"@id\":\"https:\\\/\\\/chemsxpress.com\\\/#website\",\"url\":\"https:\\\/\\\/chemsxpress.com\\\/\",\"name\":\"SHOP MDPHP\",\"description\":\"Buy MDPHP freebase from reliable supplier\",\"potentialAction\":[{\"@type\":\"SearchAction\",\"target\":{\"@type\":\"EntryPoint\",\"urlTemplate\":\"https:\\\/\\\/chemsxpress.com\\\/?s={search_term_string}\"},\"query-input\":{\"@type\":\"PropertyValueSpecification\",\"valueRequired\":true,\"valueName\":\"search_term_string\"}}],\"inLanguage\":\"de\"}]}<\/script>\n<!-- \/ Yoast SEO Premium plugin. -->","yoast_head_json":{"title":"Kaufen Sie 4-ACO-MIPT bei ChemSxpress: Premium Research Chemicals","description":"Kaufen Sie 4-ACO-MIPT \u201eEntdecken Sie Premium-4-ACO-MIPT bei ChemsXpress. Eine vertrauensw\u00fcrdige Quelle, diskreter Versand. Erweitern Sie Ihre Forschung noch heute.\u201c","robots":{"index":"index","follow":"follow","max-snippet":"max-snippet:-1","max-image-preview":"max-image-preview:large","max-video-preview":"max-video-preview:-1"},"canonical":"https:\/\/chemsxpress.com\/de\/produkt\/4-aco-mipt-kaufen\/","og_locale":"de_DE","og_type":"article","og_title":"4-ACO-MIPT","og_description":"Buy 4-ACO-MIPT \"Discover premium 4-ACO-MIPT at ChemsXpress. A trusted source, discreet shipping. Elevate your research today.\"","og_url":"https:\/\/chemsxpress.com\/de\/produkt\/4-aco-mipt-kaufen\/","og_site_name":"SHOP MDPHP","article_modified_time":"2024-07-04T21:46:08+00:00","og_image":[{"width":600,"height":600,"url":"https:\/\/chemsxpress.com\/wp-content\/uploads\/2024\/04\/4-ACO-MIPT.jpg","type":"image\/jpeg"}],"twitter_card":"summary_large_image","twitter_misc":{"Gesch\u00e4tzte Lesezeit":"2\u00a0Minuten"},"schema":{"@context":"https:\/\/schema.org","@graph":[{"@type":"WebPage","@id":"https:\/\/chemsxpress.com\/product\/buy-4-aco-mipt\/","url":"https:\/\/chemsxpress.com\/product\/buy-4-aco-mipt\/","name":"Kaufen Sie 4-ACO-MIPT bei ChemSxpress: Premium Research Chemicals","isPartOf":{"@id":"https:\/\/chemsxpress.com\/#website"},"primaryImageOfPage":{"@id":"https:\/\/chemsxpress.com\/product\/buy-4-aco-mipt\/#primaryimage"},"image":{"@id":"https:\/\/chemsxpress.com\/product\/buy-4-aco-mipt\/#primaryimage"},"thumbnailUrl":"https:\/\/chemsxpress.com\/wp-content\/uploads\/2024\/04\/4-ACO-MIPT.jpg","datePublished":"2024-04-29T13:21:22+00:00","dateModified":"2024-07-04T21:46:08+00:00","description":"Kaufen Sie 4-ACO-MIPT \u201eEntdecken Sie Premium-4-ACO-MIPT bei ChemsXpress. Eine vertrauensw\u00fcrdige Quelle, diskreter Versand. Erweitern Sie Ihre Forschung noch heute.\u201c","breadcrumb":{"@id":"https:\/\/chemsxpress.com\/product\/buy-4-aco-mipt\/#breadcrumb"},"inLanguage":"de","potentialAction":[{"@type":"ReadAction","target":["https:\/\/chemsxpress.com\/product\/buy-4-aco-mipt\/"]}]},{"@type":"ImageObject","inLanguage":"de","@id":"https:\/\/chemsxpress.com\/product\/buy-4-aco-mipt\/#primaryimage","url":"https:\/\/chemsxpress.com\/wp-content\/uploads\/2024\/04\/4-ACO-MIPT.jpg","contentUrl":"https:\/\/chemsxpress.com\/wp-content\/uploads\/2024\/04\/4-ACO-MIPT.jpg","width":600,"height":600,"caption":"Buy 4-ACO-MIPT"},{"@type":"BreadcrumbList","@id":"https:\/\/chemsxpress.com\/product\/buy-4-aco-mipt\/#breadcrumb","itemListElement":[{"@type":"ListItem","position":1,"name":"Home","item":"https:\/\/chemsxpress.com\/"},{"@type":"ListItem","position":2,"name":"Shop","item":"https:\/\/chemsxpress.com\/shop\/"},{"@type":"ListItem","position":3,"name":"4-ACO-MIPT"}]},{"@type":"WebSite","@id":"https:\/\/chemsxpress.com\/#website","url":"https:\/\/chemsxpress.com\/","name":"MDPHP EINKAUFEN","description":"MDPHP freebase von einem zuverl\u00e4ssigen Anbieter kaufen","potentialAction":[{"@type":"SearchAction","target":{"@type":"EntryPoint","urlTemplate":"https:\/\/chemsxpress.com\/?s={search_term_string}"},"query-input":{"@type":"PropertyValueSpecification","valueRequired":true,"valueName":"search_term_string"}}],"inLanguage":"de"}]}},"jetpack_sharing_enabled":true,"_links":{"self":[{"href":"https:\/\/chemsxpress.com\/de\/wp-json\/wp\/v2\/product\/29313","targetHints":{"allow":["GET"]}}],"collection":[{"href":"https:\/\/chemsxpress.com\/de\/wp-json\/wp\/v2\/product"}],"about":[{"href":"https:\/\/chemsxpress.com\/de\/wp-json\/wp\/v2\/types\/product"}],"replies":[{"embeddable":true,"href":"https:\/\/chemsxpress.com\/de\/wp-json\/wp\/v2\/comments?post=29313"}],"version-history":[{"count":4,"href":"https:\/\/chemsxpress.com\/de\/wp-json\/wp\/v2\/product\/29313\/revisions"}],"predecessor-version":[{"id":29985,"href":"https:\/\/chemsxpress.com\/de\/wp-json\/wp\/v2\/product\/29313\/revisions\/29985"}],"wp:featuredmedia":[{"embeddable":true,"href":"https:\/\/chemsxpress.com\/de\/wp-json\/wp\/v2\/media\/29345"}],"wp:attachment":[{"href":"https:\/\/chemsxpress.com\/de\/wp-json\/wp\/v2\/media?parent=29313"}],"wp:term":[{"taxonomy":"product_brand","embeddable":true,"href":"https:\/\/chemsxpress.com\/de\/wp-json\/wp\/v2\/product_brand?post=29313"},{"taxonomy":"product_cat","embeddable":true,"href":"https:\/\/chemsxpress.com\/de\/wp-json\/wp\/v2\/product_cat?post=29313"},{"taxonomy":"product_tag","embeddable":true,"href":"https:\/\/chemsxpress.com\/de\/wp-json\/wp\/v2\/product_tag?post=29313"}],"curies":[{"name":"wp","href":"https:\/\/api.w.org\/{rel}","templated":true}]}}