{"id":29314,"date":"2024-04-29T13:21:22","date_gmt":"2024-04-29T13:21:22","guid":{"rendered":"https:\/\/chemsxpress.com\/?post_type=product&#038;p=29314"},"modified":"2024-07-04T21:52:36","modified_gmt":"2024-07-04T21:52:36","slug":"4f-mph-pellets-kaufen","status":"publish","type":"product","link":"https:\/\/chemsxpress.com\/de\/produkt\/4f-mph-pellets-kaufen\/","title":{"rendered":"4f-Pihp"},"content":{"rendered":"<h2><strong>4F-MPH PELLETS KAUFEN<\/strong><\/h2>\n<p>Kaufen Sie 4F-MPH Pellets, auch bekannt als 4-FMPH und 4-Fluoromethylphenidat, ist ein neuartiges synthetisches Stimulans der Phenidatklasse, das lang anhaltende euphorisierende und anregende Forschungsergebnisse erzeugt. 4-Fluormethylphenidat ist ein Stimulans, das als Dopamin-Wiederaufnahmehemmer mit h\u00f6herer Wirksamkeit wirkt als das eng verwandte Methylphenidat. 4F-MPH ist strukturell dem Amphetamin \u00e4hnlich. Jede <a href=\"https:\/\/chemsxpress.com\/de\/produkt\/5-meo-mipt-pellets-kaufen\/\">Pellet enth\u00e4lt genau 15mg<\/a> der Spitzenqualit\u00e4t 4F-MPH.<\/p>\n<p>4F-MPH hat eine kurze Forschungsgeschichte und wurde urspr\u00fcnglich von Wissenschaftlern als Ersatz f\u00fcr Ethylphenidat entwickelt. Kurz nach seiner Synthese wurde es auf dem Online-Markt f\u00fcr Forschungschemikalien zum Verkauf angeboten. Aufgrund seiner starken und lang anhaltenden stimulierenden Wirkung wird Forschern dringend empfohlen, bei der Verwendung dieser Substanz in ihrem Labor angemessene Ma\u00dfnahmen zur Schadensbegrenzung zu ergreifen.<\/p>\n<p>&nbsp;<\/p>\n<h2><strong>WIE VERWENDET MAN 4F-MPH-PELLETS?<\/strong><\/h2>\n<p>Bei ChemsXpress<a href=\"https:\/\/chemsxpress.com\/de\/\">https:\/\/chemsxpress.com\/<\/a> k\u00f6nnen Sie nur 4F-MPH in Premium-Qualit\u00e4t kaufen, gepresst zu 15 mg hochwertigen Pellets f\u00fcr Ihren gesamten Forschungsbedarf. Lagern Sie die Pellets an einem trockenen und k\u00fchlen Ort, um eine maximale Haltbarkeit zu erreichen. Lagern Sie die Pellets an einem trockenen und k\u00fchlen Ort, um eine maximale Haltbarkeit zu gew\u00e4hrleisten. Achten Sie beim Umgang mit Forschungschemikalien darauf, dass Sie im Labor immer die entsprechenden Vorsichtsma\u00dfnahmen ergreifen, wie z. B. das Abwischen von Oberfl\u00e4chen und das Tragen von Handschuhen, einer Maske und Schutzkleidung.<\/p>\n<p>&nbsp;<\/p>\n<h2><strong>DEFINITION 4F-MPH<\/strong><\/h2>\n<p>Die Definition von buy 4F-MPH pellets ist offiziell bekannt als 4-Fluoromethylphenidat, ein neuartiges synthetisches Stimulans der Phenidatklasse, das strukturell dem Amphetamin \u00e4hnelt und eng mit dem Methylphenidat verwandt ist. Man geht davon aus, dass 4F-MPH in erster Linie als Dopamin- und Noradrenalin-Wiederaufnahmehemmer wirkt, d. h., es steigert effektiv den Spiegel der Neurotransmitter Dopamin und Noradrenalin.<\/p>\n<p>&nbsp;<\/p>\n<h2><strong>CHEMIE HINTERGRUNDINFORMATIONEN 4F-MPH<\/strong><\/h2>\n<p>4F-MPH ist ein synthetisches Molek\u00fcl aus der Klasse der Phenethylamine und Phenidate. 4-Fluormethylphenidat enth\u00e4lt einen Phenethylaminkern mit einem Phenylring, der \u00fcber eine Ethylkette an eine Amino-NH2-Gruppe gebunden ist. 4F-MPH \u00e4hnelt strukturell dem Amphetamin und ist strukturell identisch mit Methylphenidat, mit Ausnahme eines einzelnen Fluoratoms, das an den Phenethylaminkern gebunden ist.<\/p>\n<p>Wissenschaftliche Untersuchungen haben ergeben, dass Amphetamine mit Fluor-, Chlor-, Brom- und Methylgruppen in der Regel st\u00e4rker sind als solche ohne diese Gruppen. Einer aktuellen Studie zufolge ist 4-Fluormethylphenidat als Norepinephrin-Wiederaufnahmehemmer (NRI) etwa genauso wirksam wie Methylphenidat. 4F-MPH hemmt die Wiederaufnahme von Dopamin etwa dreimal so wirksam wie seine Ausgangsverbindung. Aufgrund seiner starken und lang anhaltenden stimulierenden Wirkung wird den Forschern dringend empfohlen, bei der Verwendung dieser Substanz in ihren Labors angemessene Verfahren zur Schadensbegrenzung anzuwenden.<\/p>\n<p>&nbsp;<\/p>\n<h2><strong>WO KANN MAN 4F-MPH KAUFEN?<\/strong><\/h2>\n<p>Sie k\u00f6nnen 4F-MPH gleich hier auf der RChemshop-Website kaufen. Wir haben nur 4F-MPH in Premiumqualit\u00e4t zum Verkauf, normalerweise in Form von Pellets. Wir haben jedoch oft auch andere Substanzformen verf\u00fcgbar, also z\u00f6gern Sie nicht, uns zu kontaktieren, um zu sehen, ob wir Ihre bevorzugte Substanzform auf Lager haben. Sie m\u00fcssen mindestens 18 Jahre alt sein, um 4F-MPH bei uns kaufen zu k\u00f6nnen.<\/p>","protected":false},"excerpt":{"rendered":"<p><strong>IUPAC-Name: <\/strong>1-(4-Fluorphenyl)-4-methyl-2-(pyrrolidin-1-yl)pentan-1-on, Monohydrochlorid<\/p>\n<p><strong>Anderer Name: <\/strong>4-Fluor-\u03b1-PiHP<\/p>\n<p><strong>Form: <\/strong>kristalliner Feststoff<\/p>\n<p><strong>NMR-Analyse: <\/strong>C16H22FNO - HCl<\/p>","protected":false},"featured_media":29347,"comment_status":"open","ping_status":"closed","template":"","meta":[],"product_brand":[],"product_cat":[79],"product_tag":[],"class_list":{"0":"post-29314","1":"product","2":"type-product","3":"status-publish","4":"has-post-thumbnail","6":"product_cat-cathinone","8":"first","9":"instock","10":"shipping-taxable","11":"purchasable","12":"product-type-variable"},"yoast_head":"<!-- This site is optimized with the Yoast SEO Premium plugin v24.1 (Yoast SEO v27.3) - https:\/\/yoast.com\/product\/yoast-seo-premium-wordpress\/ -->\n<title>Buy 4F-MPH Pellets: Premium Quality RC&#039;s | ChemsXpress<\/title>\n<meta name=\"description\" content=\"Elevate your research with Buy 4F-MPH pellets from ChemsXpress. Explore our premium selection of research chemicals, with fast and discreet shipping.\" \/>\n<meta name=\"robots\" content=\"index, follow, max-snippet:-1, max-image-preview:large, max-video-preview:-1\" \/>\n<link rel=\"canonical\" href=\"https:\/\/chemsxpress.com\/de\/produkt\/4f-mph-pellets-kaufen\/\" \/>\n<meta property=\"og:locale\" content=\"de_DE\" \/>\n<meta property=\"og:type\" content=\"article\" \/>\n<meta property=\"og:title\" content=\"4f-Pihp\" \/>\n<meta property=\"og:description\" content=\"Elevate your research with Buy 4F-MPH pellets from ChemsXpress. Explore our premium selection of research chemicals, with fast and discreet shipping.\" \/>\n<meta property=\"og:url\" content=\"https:\/\/chemsxpress.com\/de\/produkt\/4f-mph-pellets-kaufen\/\" \/>\n<meta property=\"og:site_name\" content=\"SHOP MDPHP\" \/>\n<meta property=\"article:modified_time\" content=\"2024-07-04T21:52:36+00:00\" \/>\n<meta property=\"og:image\" content=\"https:\/\/chemsxpress.com\/wp-content\/uploads\/2024\/04\/4f-Pihp-1.jpg\" \/>\n\t<meta property=\"og:image:width\" content=\"600\" \/>\n\t<meta property=\"og:image:height\" content=\"600\" \/>\n\t<meta property=\"og:image:type\" content=\"image\/jpeg\" \/>\n<meta name=\"twitter:card\" content=\"summary_large_image\" \/>\n<meta name=\"twitter:label1\" content=\"Gesch\u00e4tzte Lesezeit\" \/>\n\t<meta name=\"twitter:data1\" content=\"3\u00a0Minuten\" \/>\n<script type=\"application\/ld+json\" class=\"yoast-schema-graph\">{\"@context\":\"https:\\\/\\\/schema.org\",\"@graph\":[{\"@type\":\"WebPage\",\"@id\":\"https:\\\/\\\/chemsxpress.com\\\/product\\\/buy-4f-mph-pellets\\\/\",\"url\":\"https:\\\/\\\/chemsxpress.com\\\/product\\\/buy-4f-mph-pellets\\\/\",\"name\":\"Buy 4F-MPH Pellets: Premium Quality RC's | ChemsXpress\",\"isPartOf\":{\"@id\":\"https:\\\/\\\/chemsxpress.com\\\/#website\"},\"primaryImageOfPage\":{\"@id\":\"https:\\\/\\\/chemsxpress.com\\\/product\\\/buy-4f-mph-pellets\\\/#primaryimage\"},\"image\":{\"@id\":\"https:\\\/\\\/chemsxpress.com\\\/product\\\/buy-4f-mph-pellets\\\/#primaryimage\"},\"thumbnailUrl\":\"https:\\\/\\\/chemsxpress.com\\\/wp-content\\\/uploads\\\/2024\\\/04\\\/4f-Pihp-1.jpg\",\"datePublished\":\"2024-04-29T13:21:22+00:00\",\"dateModified\":\"2024-07-04T21:52:36+00:00\",\"description\":\"Elevate your research with Buy 4F-MPH pellets from ChemsXpress. Explore our premium selection of research chemicals, with fast and discreet shipping.\",\"breadcrumb\":{\"@id\":\"https:\\\/\\\/chemsxpress.com\\\/product\\\/buy-4f-mph-pellets\\\/#breadcrumb\"},\"inLanguage\":\"de\",\"potentialAction\":[{\"@type\":\"ReadAction\",\"target\":[\"https:\\\/\\\/chemsxpress.com\\\/product\\\/buy-4f-mph-pellets\\\/\"]}]},{\"@type\":\"ImageObject\",\"inLanguage\":\"de\",\"@id\":\"https:\\\/\\\/chemsxpress.com\\\/product\\\/buy-4f-mph-pellets\\\/#primaryimage\",\"url\":\"https:\\\/\\\/chemsxpress.com\\\/wp-content\\\/uploads\\\/2024\\\/04\\\/4f-Pihp-1.jpg\",\"contentUrl\":\"https:\\\/\\\/chemsxpress.com\\\/wp-content\\\/uploads\\\/2024\\\/04\\\/4f-Pihp-1.jpg\",\"width\":600,\"height\":600,\"caption\":\"BUY 4F-MPH PELLETS\"},{\"@type\":\"BreadcrumbList\",\"@id\":\"https:\\\/\\\/chemsxpress.com\\\/product\\\/buy-4f-mph-pellets\\\/#breadcrumb\",\"itemListElement\":[{\"@type\":\"ListItem\",\"position\":1,\"name\":\"Home\",\"item\":\"https:\\\/\\\/chemsxpress.com\\\/\"},{\"@type\":\"ListItem\",\"position\":2,\"name\":\"Shop\",\"item\":\"https:\\\/\\\/chemsxpress.com\\\/shop\\\/\"},{\"@type\":\"ListItem\",\"position\":3,\"name\":\"4f-Pihp\"}]},{\"@type\":\"WebSite\",\"@id\":\"https:\\\/\\\/chemsxpress.com\\\/#website\",\"url\":\"https:\\\/\\\/chemsxpress.com\\\/\",\"name\":\"SHOP MDPHP\",\"description\":\"Buy MDPHP freebase from reliable supplier\",\"potentialAction\":[{\"@type\":\"SearchAction\",\"target\":{\"@type\":\"EntryPoint\",\"urlTemplate\":\"https:\\\/\\\/chemsxpress.com\\\/?s={search_term_string}\"},\"query-input\":{\"@type\":\"PropertyValueSpecification\",\"valueRequired\":true,\"valueName\":\"search_term_string\"}}],\"inLanguage\":\"de\"}]}<\/script>\n<!-- \/ Yoast SEO Premium plugin. -->","yoast_head_json":{"title":"Kaufen Sie 4F-MPH-Pellets: RCs in Premiumqualit\u00e4t | ChemsXpress","description":"Erweitern Sie Ihre Forschung mit dem Kauf von 4F-MPH-Pellets bei ChemsXpress. Entdecken Sie unsere erstklassige Auswahl an Forschungschemikalien mit schnellem und diskretem Versand.","robots":{"index":"index","follow":"follow","max-snippet":"max-snippet:-1","max-image-preview":"max-image-preview:large","max-video-preview":"max-video-preview:-1"},"canonical":"https:\/\/chemsxpress.com\/de\/produkt\/4f-mph-pellets-kaufen\/","og_locale":"de_DE","og_type":"article","og_title":"4f-Pihp","og_description":"Elevate your research with Buy 4F-MPH pellets from ChemsXpress. Explore our premium selection of research chemicals, with fast and discreet shipping.","og_url":"https:\/\/chemsxpress.com\/de\/produkt\/4f-mph-pellets-kaufen\/","og_site_name":"SHOP MDPHP","article_modified_time":"2024-07-04T21:52:36+00:00","og_image":[{"width":600,"height":600,"url":"https:\/\/chemsxpress.com\/wp-content\/uploads\/2024\/04\/4f-Pihp-1.jpg","type":"image\/jpeg"}],"twitter_card":"summary_large_image","twitter_misc":{"Gesch\u00e4tzte Lesezeit":"3\u00a0Minuten"},"schema":{"@context":"https:\/\/schema.org","@graph":[{"@type":"WebPage","@id":"https:\/\/chemsxpress.com\/product\/buy-4f-mph-pellets\/","url":"https:\/\/chemsxpress.com\/product\/buy-4f-mph-pellets\/","name":"Kaufen Sie 4F-MPH-Pellets: RCs in Premiumqualit\u00e4t | ChemsXpress","isPartOf":{"@id":"https:\/\/chemsxpress.com\/#website"},"primaryImageOfPage":{"@id":"https:\/\/chemsxpress.com\/product\/buy-4f-mph-pellets\/#primaryimage"},"image":{"@id":"https:\/\/chemsxpress.com\/product\/buy-4f-mph-pellets\/#primaryimage"},"thumbnailUrl":"https:\/\/chemsxpress.com\/wp-content\/uploads\/2024\/04\/4f-Pihp-1.jpg","datePublished":"2024-04-29T13:21:22+00:00","dateModified":"2024-07-04T21:52:36+00:00","description":"Erweitern Sie Ihre Forschung mit dem Kauf von 4F-MPH-Pellets bei ChemsXpress. Entdecken Sie unsere erstklassige Auswahl an Forschungschemikalien mit schnellem und diskretem Versand.","breadcrumb":{"@id":"https:\/\/chemsxpress.com\/product\/buy-4f-mph-pellets\/#breadcrumb"},"inLanguage":"de","potentialAction":[{"@type":"ReadAction","target":["https:\/\/chemsxpress.com\/product\/buy-4f-mph-pellets\/"]}]},{"@type":"ImageObject","inLanguage":"de","@id":"https:\/\/chemsxpress.com\/product\/buy-4f-mph-pellets\/#primaryimage","url":"https:\/\/chemsxpress.com\/wp-content\/uploads\/2024\/04\/4f-Pihp-1.jpg","contentUrl":"https:\/\/chemsxpress.com\/wp-content\/uploads\/2024\/04\/4f-Pihp-1.jpg","width":600,"height":600,"caption":"BUY 4F-MPH PELLETS"},{"@type":"BreadcrumbList","@id":"https:\/\/chemsxpress.com\/product\/buy-4f-mph-pellets\/#breadcrumb","itemListElement":[{"@type":"ListItem","position":1,"name":"Home","item":"https:\/\/chemsxpress.com\/"},{"@type":"ListItem","position":2,"name":"Shop","item":"https:\/\/chemsxpress.com\/shop\/"},{"@type":"ListItem","position":3,"name":"4f-Pihp"}]},{"@type":"WebSite","@id":"https:\/\/chemsxpress.com\/#website","url":"https:\/\/chemsxpress.com\/","name":"MDPHP EINKAUFEN","description":"MDPHP freebase von einem zuverl\u00e4ssigen Anbieter kaufen","potentialAction":[{"@type":"SearchAction","target":{"@type":"EntryPoint","urlTemplate":"https:\/\/chemsxpress.com\/?s={search_term_string}"},"query-input":{"@type":"PropertyValueSpecification","valueRequired":true,"valueName":"search_term_string"}}],"inLanguage":"de"}]}},"jetpack_sharing_enabled":true,"_links":{"self":[{"href":"https:\/\/chemsxpress.com\/de\/wp-json\/wp\/v2\/product\/29314","targetHints":{"allow":["GET"]}}],"collection":[{"href":"https:\/\/chemsxpress.com\/de\/wp-json\/wp\/v2\/product"}],"about":[{"href":"https:\/\/chemsxpress.com\/de\/wp-json\/wp\/v2\/types\/product"}],"replies":[{"embeddable":true,"href":"https:\/\/chemsxpress.com\/de\/wp-json\/wp\/v2\/comments?post=29314"}],"version-history":[{"count":4,"href":"https:\/\/chemsxpress.com\/de\/wp-json\/wp\/v2\/product\/29314\/revisions"}],"predecessor-version":[{"id":29989,"href":"https:\/\/chemsxpress.com\/de\/wp-json\/wp\/v2\/product\/29314\/revisions\/29989"}],"wp:featuredmedia":[{"embeddable":true,"href":"https:\/\/chemsxpress.com\/de\/wp-json\/wp\/v2\/media\/29347"}],"wp:attachment":[{"href":"https:\/\/chemsxpress.com\/de\/wp-json\/wp\/v2\/media?parent=29314"}],"wp:term":[{"taxonomy":"product_brand","embeddable":true,"href":"https:\/\/chemsxpress.com\/de\/wp-json\/wp\/v2\/product_brand?post=29314"},{"taxonomy":"product_cat","embeddable":true,"href":"https:\/\/chemsxpress.com\/de\/wp-json\/wp\/v2\/product_cat?post=29314"},{"taxonomy":"product_tag","embeddable":true,"href":"https:\/\/chemsxpress.com\/de\/wp-json\/wp\/v2\/product_tag?post=29314"}],"curies":[{"name":"wp","href":"https:\/\/api.w.org\/{rel}","templated":true}]}}