{"id":29315,"date":"2024-04-29T13:21:22","date_gmt":"2024-04-29T13:21:22","guid":{"rendered":"https:\/\/chemsxpress.com\/?post_type=product&#038;p=29315"},"modified":"2025-05-24T02:54:35","modified_gmt":"2025-05-24T02:54:35","slug":"3-fma-online-kaufen","status":"publish","type":"product","link":"https:\/\/chemsxpress.com\/de\/produkt\/3-fma-online-kaufen\/","title":{"rendered":"3-FMA"},"content":{"rendered":"<h2><strong>3-FMA ONLINE KAUFEN<\/strong><\/h2>\n<p>3-FMA Online kaufen ist eine neuartige synthetische Amphetaminverbindung, die entaktogene und stimulierende Forschungsergebnisse hervorbringt. Nach der Einf\u00fchrung von 3-FEA kam 3-FMA auf den Markt f\u00fcr Forschungschemikalien als eine Verbindung, die strukturell mit einer Reihe von fluorsubstituierten Amphetaminen verwandt ist, zu denen urspr\u00fcnglich Verbindungen wie 2-FMA, 3-FA, 4-FMA und 4-FA geh\u00f6rten.<\/p>\n<p>&nbsp;<\/p>\n<h2><strong>WIE VERWENDE ICH 3-FMA-PULVER?<\/strong><\/h2>\n<p>Kaufen Sie 3-FMA online in Pulverform von h\u00f6chster Qualit\u00e4t. Kaufen Sie 3-FMA in den Mengen 0,5gr, 1gr, 2gr, 5gr oder 10g. Bewahren Sie das 3-FMA-Pulver an einem trockenen und k\u00fchlen Ort auf, um eine maximale Haltbarkeit zu gew\u00e4hrleisten. Lagern Sie das Pulver an einem trockenen und k\u00fchlen Ort, um eine maximale Haltbarkeit zu gew\u00e4hrleisten. Beim Umgang mit Forschungschemikalien sind im Labor stets die entsprechenden Vorsichtsma\u00dfnahmen zu treffen, wie z. B. das Abwischen von Oberfl\u00e4chen und das Tragen von Handschuhen, einer Maske und Schutzkleidung.<\/p>\n<p>&nbsp;<\/p>\n<h2><strong>DEFINITION 3-FMA<\/strong><\/h2>\n<p>Die Definition von 3-FMA ist offiziell bekannt als <a href=\"https:\/\/chemsxpress.com\/de\/produktkategorie\/forschungschemikalien\/\">3-Fluormethamphetamin<\/a>e ist eine synthetische Amphetaminverbindung. 3-FMA ist strukturell mit einer Reihe von Amphetaminen verwandt, zu denen urspr\u00fcnglich Verbindungen wie 2-FMA, 3-FA, 4-FMA, 4-FA geh\u00f6rten.<\/p>\n<p>&nbsp;<\/p>\n<h2><strong>CHEMIE HINTERGRUNDINFORMATIONEN 3-FEA<\/strong><\/h2>\n<p>3-Fluormethamphetamin ist ein Molek\u00fcl der Amphetaminklasse. Molek\u00fcle der Amphetaminklasse enthalten eine Methylgruppe, die an das terminale Amin RN des Amphetaminkerns gebunden ist, eine Substitution, die es mit Methamphetamin teilt. 3-FMA ist das fluorierte Methamphetamin-Analogon in 3-Position. Es wird derzeit spekuliert, dass es in der Forschung mehr entaktogene Stimulanzien hervorbringt. Au\u00dferdem ist 3-FMA strukturell \u00e4hnlich wie 2-FMA und 4-FMA. 3-FMA wurde nicht auf demselben Niveau wie herk\u00f6mmliche Amphetamine untersucht, daher wird dringend empfohlen, beim Konsum dieser Substanz Sicherheitsma\u00dfnahmen zur Schadensbegrenzung anzuwenden.<\/p>\n<p>&nbsp;<\/p>\n<h2><strong>WO KANN MAN 3-FMA ONLINE KAUFEN?<\/strong><\/h2>\n<p>3-FMA kann hier gekauft werden auf der <a href=\"https:\/\/chemsxpress.com\/de\/\">ChemsXpress<\/a> Website. Wir verkaufen 3-FMA in Premiumqualit\u00e4t, in der Regel als Pulver. Wir haben jedoch oft auch andere Substanzformen zur Verf\u00fcgung, also z\u00f6gern Sie nicht, uns zu kontaktieren, um zu sehen, ob wir Ihre bevorzugte Substanzform auf Lager haben. Sie m\u00fcssen mindestens 18 Jahre alt sein, um 3-FMA bei uns kaufen zu k\u00f6nnen.<\/p>","protected":false},"excerpt":{"rendered":"<p><strong>IUPAC-Name: <\/strong>1-(3-Fluorphenyl)-N-methylpropan-2-amin<\/p>\n<p><strong>CAS # <\/strong>13415-59-3<\/p>\n<p><strong>Form: <\/strong>Pulver<\/p>","protected":false},"featured_media":29349,"comment_status":"open","ping_status":"closed","template":"","meta":[],"product_brand":[],"product_cat":[83],"product_tag":[],"class_list":{"0":"post-29315","1":"product","2":"type-product","3":"status-publish","4":"has-post-thumbnail","6":"product_cat-pellets","8":"first","9":"instock","10":"shipping-taxable","11":"purchasable","12":"product-type-variable"},"yoast_head":"<!-- This site is optimized with the Yoast SEO Premium plugin v24.1 (Yoast SEO v27.4) - https:\/\/yoast.com\/product\/yoast-seo-premium-wordpress\/ -->\n<title>Buy 3-FMA Online: Premium Research Chemicals | ChemsXpress<\/title>\n<meta name=\"description\" content=\"Buy 3-FMA online from ChemsXpress. Explore ourselection of RC&#039;s, with fast and discreet shipping. Trust in our quality assurance for all your needs.&quot;\" \/>\n<meta name=\"robots\" content=\"index, follow, max-snippet:-1, max-image-preview:large, max-video-preview:-1\" \/>\n<link rel=\"canonical\" href=\"https:\/\/chemsxpress.com\/de\/produkt\/3-fma-online-kaufen\/\" \/>\n<meta property=\"og:locale\" content=\"de_DE\" \/>\n<meta property=\"og:type\" content=\"article\" \/>\n<meta property=\"og:title\" content=\"3-FMA\" \/>\n<meta property=\"og:description\" content=\"Buy 3-FMA online from ChemsXpress. Explore ourselection of RC&#039;s, with fast and discreet shipping. Trust in our quality assurance for all your needs.&quot;\" \/>\n<meta property=\"og:url\" content=\"https:\/\/chemsxpress.com\/de\/produkt\/3-fma-online-kaufen\/\" \/>\n<meta property=\"og:site_name\" content=\"SHOP MDPHP\" \/>\n<meta property=\"article:modified_time\" content=\"2025-05-24T02:54:35+00:00\" \/>\n<meta property=\"og:image\" content=\"https:\/\/chemsxpress.com\/wp-content\/uploads\/2024\/04\/3-FMA.jpg\" \/>\n\t<meta property=\"og:image:width\" content=\"600\" \/>\n\t<meta property=\"og:image:height\" content=\"600\" \/>\n\t<meta property=\"og:image:type\" content=\"image\/jpeg\" \/>\n<meta name=\"twitter:card\" content=\"summary_large_image\" \/>\n<meta name=\"twitter:label1\" content=\"Gesch\u00e4tzte Lesezeit\" \/>\n\t<meta name=\"twitter:data1\" content=\"2\u00a0Minuten\" \/>\n<script type=\"application\/ld+json\" class=\"yoast-schema-graph\">{\"@context\":\"https:\\\/\\\/schema.org\",\"@graph\":[{\"@type\":\"WebPage\",\"@id\":\"https:\\\/\\\/chemsxpress.com\\\/product\\\/buy-3-fma-online\\\/\",\"url\":\"https:\\\/\\\/chemsxpress.com\\\/product\\\/buy-3-fma-online\\\/\",\"name\":\"Buy 3-FMA Online: Premium Research Chemicals | ChemsXpress\",\"isPartOf\":{\"@id\":\"https:\\\/\\\/chemsxpress.com\\\/#website\"},\"primaryImageOfPage\":{\"@id\":\"https:\\\/\\\/chemsxpress.com\\\/product\\\/buy-3-fma-online\\\/#primaryimage\"},\"image\":{\"@id\":\"https:\\\/\\\/chemsxpress.com\\\/product\\\/buy-3-fma-online\\\/#primaryimage\"},\"thumbnailUrl\":\"https:\\\/\\\/chemsxpress.com\\\/wp-content\\\/uploads\\\/2024\\\/04\\\/3-FMA.jpg\",\"datePublished\":\"2024-04-29T13:21:22+00:00\",\"dateModified\":\"2025-05-24T02:54:35+00:00\",\"description\":\"Buy 3-FMA online from ChemsXpress. Explore ourselection of RC's, with fast and discreet shipping. Trust in our quality assurance for all your needs.\\\"\",\"breadcrumb\":{\"@id\":\"https:\\\/\\\/chemsxpress.com\\\/product\\\/buy-3-fma-online\\\/#breadcrumb\"},\"inLanguage\":\"de\",\"potentialAction\":[{\"@type\":\"ReadAction\",\"target\":[\"https:\\\/\\\/chemsxpress.com\\\/product\\\/buy-3-fma-online\\\/\"]}]},{\"@type\":\"ImageObject\",\"inLanguage\":\"de\",\"@id\":\"https:\\\/\\\/chemsxpress.com\\\/product\\\/buy-3-fma-online\\\/#primaryimage\",\"url\":\"https:\\\/\\\/chemsxpress.com\\\/wp-content\\\/uploads\\\/2024\\\/04\\\/3-FMA.jpg\",\"contentUrl\":\"https:\\\/\\\/chemsxpress.com\\\/wp-content\\\/uploads\\\/2024\\\/04\\\/3-FMA.jpg\",\"width\":600,\"height\":600,\"caption\":\"Buy 3-FMA Online\"},{\"@type\":\"BreadcrumbList\",\"@id\":\"https:\\\/\\\/chemsxpress.com\\\/product\\\/buy-3-fma-online\\\/#breadcrumb\",\"itemListElement\":[{\"@type\":\"ListItem\",\"position\":1,\"name\":\"Home\",\"item\":\"https:\\\/\\\/chemsxpress.com\\\/\"},{\"@type\":\"ListItem\",\"position\":2,\"name\":\"Shop\",\"item\":\"https:\\\/\\\/chemsxpress.com\\\/shop\\\/\"},{\"@type\":\"ListItem\",\"position\":3,\"name\":\"3-FMA\"}]},{\"@type\":\"WebSite\",\"@id\":\"https:\\\/\\\/chemsxpress.com\\\/#website\",\"url\":\"https:\\\/\\\/chemsxpress.com\\\/\",\"name\":\"SHOP MDPHP\",\"description\":\"Buy MDPHP freebase from reliable supplier\",\"potentialAction\":[{\"@type\":\"SearchAction\",\"target\":{\"@type\":\"EntryPoint\",\"urlTemplate\":\"https:\\\/\\\/chemsxpress.com\\\/?s={search_term_string}\"},\"query-input\":{\"@type\":\"PropertyValueSpecification\",\"valueRequired\":true,\"valueName\":\"search_term_string\"}}],\"inLanguage\":\"de\"}]}<\/script>\n<!-- \/ Yoast SEO Premium plugin. -->","yoast_head_json":{"title":"Kaufen Sie 3-FMA online: Premium-Forschungschemikalien | ChemsXpress","description":"Kaufen Sie 3-FMA online bei ChemsXpress. Entdecken Sie unsere Auswahl an RCs mit schnellem und diskretem Versand. Vertrauen Sie auf unsere Qualit\u00e4tssicherung f\u00fcr alle Ihre Bed\u00fcrfnisse.\u201c","robots":{"index":"index","follow":"follow","max-snippet":"max-snippet:-1","max-image-preview":"max-image-preview:large","max-video-preview":"max-video-preview:-1"},"canonical":"https:\/\/chemsxpress.com\/de\/produkt\/3-fma-online-kaufen\/","og_locale":"de_DE","og_type":"article","og_title":"3-FMA","og_description":"Buy 3-FMA online from ChemsXpress. Explore ourselection of RC's, with fast and discreet shipping. Trust in our quality assurance for all your needs.\"","og_url":"https:\/\/chemsxpress.com\/de\/produkt\/3-fma-online-kaufen\/","og_site_name":"SHOP MDPHP","article_modified_time":"2025-05-24T02:54:35+00:00","og_image":[{"width":600,"height":600,"url":"https:\/\/chemsxpress.com\/wp-content\/uploads\/2024\/04\/3-FMA.jpg","type":"image\/jpeg"}],"twitter_card":"summary_large_image","twitter_misc":{"Gesch\u00e4tzte Lesezeit":"2\u00a0Minuten"},"schema":{"@context":"https:\/\/schema.org","@graph":[{"@type":"WebPage","@id":"https:\/\/chemsxpress.com\/product\/buy-3-fma-online\/","url":"https:\/\/chemsxpress.com\/product\/buy-3-fma-online\/","name":"Kaufen Sie 3-FMA online: Premium-Forschungschemikalien | ChemsXpress","isPartOf":{"@id":"https:\/\/chemsxpress.com\/#website"},"primaryImageOfPage":{"@id":"https:\/\/chemsxpress.com\/product\/buy-3-fma-online\/#primaryimage"},"image":{"@id":"https:\/\/chemsxpress.com\/product\/buy-3-fma-online\/#primaryimage"},"thumbnailUrl":"https:\/\/chemsxpress.com\/wp-content\/uploads\/2024\/04\/3-FMA.jpg","datePublished":"2024-04-29T13:21:22+00:00","dateModified":"2025-05-24T02:54:35+00:00","description":"Kaufen Sie 3-FMA online bei ChemsXpress. Entdecken Sie unsere Auswahl an RCs mit schnellem und diskretem Versand. Vertrauen Sie auf unsere Qualit\u00e4tssicherung f\u00fcr alle Ihre Bed\u00fcrfnisse.\u201c","breadcrumb":{"@id":"https:\/\/chemsxpress.com\/product\/buy-3-fma-online\/#breadcrumb"},"inLanguage":"de","potentialAction":[{"@type":"ReadAction","target":["https:\/\/chemsxpress.com\/product\/buy-3-fma-online\/"]}]},{"@type":"ImageObject","inLanguage":"de","@id":"https:\/\/chemsxpress.com\/product\/buy-3-fma-online\/#primaryimage","url":"https:\/\/chemsxpress.com\/wp-content\/uploads\/2024\/04\/3-FMA.jpg","contentUrl":"https:\/\/chemsxpress.com\/wp-content\/uploads\/2024\/04\/3-FMA.jpg","width":600,"height":600,"caption":"Buy 3-FMA Online"},{"@type":"BreadcrumbList","@id":"https:\/\/chemsxpress.com\/product\/buy-3-fma-online\/#breadcrumb","itemListElement":[{"@type":"ListItem","position":1,"name":"Home","item":"https:\/\/chemsxpress.com\/"},{"@type":"ListItem","position":2,"name":"Shop","item":"https:\/\/chemsxpress.com\/shop\/"},{"@type":"ListItem","position":3,"name":"3-FMA"}]},{"@type":"WebSite","@id":"https:\/\/chemsxpress.com\/#website","url":"https:\/\/chemsxpress.com\/","name":"MDPHP EINKAUFEN","description":"MDPHP freebase von einem zuverl\u00e4ssigen Anbieter kaufen","potentialAction":[{"@type":"SearchAction","target":{"@type":"EntryPoint","urlTemplate":"https:\/\/chemsxpress.com\/?s={search_term_string}"},"query-input":{"@type":"PropertyValueSpecification","valueRequired":true,"valueName":"search_term_string"}}],"inLanguage":"de"}]}},"jetpack_sharing_enabled":true,"_links":{"self":[{"href":"https:\/\/chemsxpress.com\/de\/wp-json\/wp\/v2\/product\/29315","targetHints":{"allow":["GET"]}}],"collection":[{"href":"https:\/\/chemsxpress.com\/de\/wp-json\/wp\/v2\/product"}],"about":[{"href":"https:\/\/chemsxpress.com\/de\/wp-json\/wp\/v2\/types\/product"}],"replies":[{"embeddable":true,"href":"https:\/\/chemsxpress.com\/de\/wp-json\/wp\/v2\/comments?post=29315"}],"version-history":[{"count":4,"href":"https:\/\/chemsxpress.com\/de\/wp-json\/wp\/v2\/product\/29315\/revisions"}],"predecessor-version":[{"id":29991,"href":"https:\/\/chemsxpress.com\/de\/wp-json\/wp\/v2\/product\/29315\/revisions\/29991"}],"wp:featuredmedia":[{"embeddable":true,"href":"https:\/\/chemsxpress.com\/de\/wp-json\/wp\/v2\/media\/29349"}],"wp:attachment":[{"href":"https:\/\/chemsxpress.com\/de\/wp-json\/wp\/v2\/media?parent=29315"}],"wp:term":[{"taxonomy":"product_brand","embeddable":true,"href":"https:\/\/chemsxpress.com\/de\/wp-json\/wp\/v2\/product_brand?post=29315"},{"taxonomy":"product_cat","embeddable":true,"href":"https:\/\/chemsxpress.com\/de\/wp-json\/wp\/v2\/product_cat?post=29315"},{"taxonomy":"product_tag","embeddable":true,"href":"https:\/\/chemsxpress.com\/de\/wp-json\/wp\/v2\/product_tag?post=29315"}],"curies":[{"name":"wp","href":"https:\/\/api.w.org\/{rel}","templated":true}]}}