{"id":29317,"date":"2024-04-29T13:21:22","date_gmt":"2024-04-29T13:21:22","guid":{"rendered":"https:\/\/chemsxpress.com\/?post_type=product&#038;p=29317"},"modified":"2024-05-02T04:30:19","modified_gmt":"2024-05-02T04:30:19","slug":"weises-sumatra-kratom-kaufen","status":"publish","type":"product","link":"https:\/\/chemsxpress.com\/de\/produkt\/weises-sumatra-kratom-kaufen\/","title":{"rendered":"Wei\u00dfer Sumatra"},"content":{"rendered":"<h1>Wei\u00dfes Sumatra Kratom kaufen<\/h1>\n<p>Kaufen Sie White Sumatra Kratom (mitragyna Speciosa) - White Sumatra ist eine sehr beliebte Sorte, die auf den reichen B\u00f6den Indonesiens w\u00e4chst. Sie ist bekannt f\u00fcr ihre gro\u00dfen, leuchtenden \"wei\u00dfen\" Bl\u00e4tter, die sorgf\u00e4ltig geerntet und zu einem feinen Pulver gemahlen werden. Diese Sorte ist ein Zeugnis f\u00fcr die Biodiversit\u00e4t Indonesiens und ist in verschiedenen Mengen erh\u00e4ltlich.<\/p>\n<p>White Sumatra Kratom kommt gleich nach Maeng Da White in Bezug auf die Popularit\u00e4t.<\/p>\n<div class=\"tab-content\">\n<h2><strong>Kratom-Pulver Europa<\/strong><\/h2>\n<p>Wir haben nur die frischesten kaufen wei\u00dfen Sumatra Kratom f\u00fcr Sie. Alle unsere Kratom Bl\u00e4tter werden von Hand gepfl\u00fcckt. Unsere Bauern arbeiten hart, um jedem die besten 100% nat\u00fcrlichen Kratom-Produkte von hoher Qualit\u00e4t anzubieten. Wir haben unser eigenes Trocknungshaus und unsere eigene Produktionsanlage in Indonesien. Auf diese Weise haben wir die volle Kontrolle \u00fcber die Qualit\u00e4t. Mehrmals im Jahr besuchen wir unsere Fabrik, um die Qualit\u00e4t zu \u00fcberpr\u00fcfen und (wenn n\u00f6tig) die Fabrik zu verbessern. Wir arbeiten mit guten Freunden zusammen, die unser Kratom mit den besten Maschinen mit hoher Hygiene verarbeiten. Jede Charge aus unserer Fabrik wird in einem Testlabor gepr\u00fcft.<\/p>\n<p>Unter <a href=\"https:\/\/chemsxpress.com\/de\/\">ChemsXpress<\/a> Wir halten die Preise niedrig, weil wir unsere eigene Kratom-Produktion haben. Die lokale Bev\u00f6lkerung erh\u00e4lt finanzielle Unterst\u00fctzung, wenn Sie unser Kratom kaufen.<\/p>\n<\/div>\n<p>Kratom steht nicht auf der Liste der zugelassenen neuartigen Lebensmittel und neuartigen Lebensmittelzutaten. Daher kann es nicht f\u00fcr den menschlichen Verzehr verkauft werden.<\/p>","protected":false},"excerpt":{"rendered":"<p><strong>IUPAC-Name:<\/strong><\/p>\n<p><strong>Form: <\/strong>Pulver<\/p>\n<p><strong>NMR-Analyse: <\/strong>K.A.<\/p>","protected":false},"featured_media":29353,"comment_status":"open","ping_status":"closed","template":"","meta":[],"product_brand":[],"product_cat":[81],"product_tag":[],"class_list":{"0":"post-29317","1":"product","2":"type-product","3":"status-publish","4":"has-post-thumbnail","6":"product_cat-kratom","8":"first","9":"instock","10":"shipping-taxable","11":"purchasable","12":"product-type-variable"},"yoast_head":"<!-- This site is optimized with the Yoast SEO Premium plugin v24.1 (Yoast SEO v27.4) - https:\/\/yoast.com\/product\/yoast-seo-premium-wordpress\/ -->\n<title>Buy White Sumatra Kratom: Premium Quality, Fast Shipping<\/title>\n<meta name=\"description\" content=\"Buy White Sumatra Kratom. Shop our premium selection for quality assurance and fast, discreet shipping. Discover the difference with our trusted source\" \/>\n<meta name=\"robots\" content=\"index, follow, max-snippet:-1, max-image-preview:large, max-video-preview:-1\" \/>\n<link rel=\"canonical\" href=\"https:\/\/chemsxpress.com\/de\/produkt\/weises-sumatra-kratom-kaufen\/\" \/>\n<meta property=\"og:locale\" content=\"de_DE\" \/>\n<meta property=\"og:type\" content=\"article\" \/>\n<meta property=\"og:title\" content=\"White Sumatra\" \/>\n<meta property=\"og:description\" content=\"Buy White Sumatra Kratom. Shop our premium selection for quality assurance and fast, discreet shipping. Discover the difference with our trusted source\" \/>\n<meta property=\"og:url\" content=\"https:\/\/chemsxpress.com\/de\/produkt\/weises-sumatra-kratom-kaufen\/\" \/>\n<meta property=\"og:site_name\" content=\"SHOP MDPHP\" \/>\n<meta property=\"article:modified_time\" content=\"2024-05-02T04:30:19+00:00\" \/>\n<meta property=\"og:image\" content=\"https:\/\/chemsxpress.com\/wp-content\/uploads\/2024\/04\/white-sumatra-1.jpg\" \/>\n\t<meta property=\"og:image:width\" content=\"600\" \/>\n\t<meta property=\"og:image:height\" content=\"600\" \/>\n\t<meta property=\"og:image:type\" content=\"image\/jpeg\" \/>\n<meta name=\"twitter:card\" content=\"summary_large_image\" \/>\n<meta name=\"twitter:label1\" content=\"Gesch\u00e4tzte Lesezeit\" \/>\n\t<meta name=\"twitter:data1\" content=\"2\u00a0Minuten\" \/>\n<script type=\"application\/ld+json\" class=\"yoast-schema-graph\">{\"@context\":\"https:\\\/\\\/schema.org\",\"@graph\":[{\"@type\":\"WebPage\",\"@id\":\"https:\\\/\\\/chemsxpress.com\\\/product\\\/buy-white-sumatra-kratom\\\/\",\"url\":\"https:\\\/\\\/chemsxpress.com\\\/product\\\/buy-white-sumatra-kratom\\\/\",\"name\":\"Buy White Sumatra Kratom: Premium Quality, Fast Shipping\",\"isPartOf\":{\"@id\":\"https:\\\/\\\/chemsxpress.com\\\/#website\"},\"primaryImageOfPage\":{\"@id\":\"https:\\\/\\\/chemsxpress.com\\\/product\\\/buy-white-sumatra-kratom\\\/#primaryimage\"},\"image\":{\"@id\":\"https:\\\/\\\/chemsxpress.com\\\/product\\\/buy-white-sumatra-kratom\\\/#primaryimage\"},\"thumbnailUrl\":\"https:\\\/\\\/chemsxpress.com\\\/wp-content\\\/uploads\\\/2024\\\/04\\\/white-sumatra-1.jpg\",\"datePublished\":\"2024-04-29T13:21:22+00:00\",\"dateModified\":\"2024-05-02T04:30:19+00:00\",\"description\":\"Buy White Sumatra Kratom. Shop our premium selection for quality assurance and fast, discreet shipping. Discover the difference with our trusted source\",\"breadcrumb\":{\"@id\":\"https:\\\/\\\/chemsxpress.com\\\/product\\\/buy-white-sumatra-kratom\\\/#breadcrumb\"},\"inLanguage\":\"de\",\"potentialAction\":[{\"@type\":\"ReadAction\",\"target\":[\"https:\\\/\\\/chemsxpress.com\\\/product\\\/buy-white-sumatra-kratom\\\/\"]}]},{\"@type\":\"ImageObject\",\"inLanguage\":\"de\",\"@id\":\"https:\\\/\\\/chemsxpress.com\\\/product\\\/buy-white-sumatra-kratom\\\/#primaryimage\",\"url\":\"https:\\\/\\\/chemsxpress.com\\\/wp-content\\\/uploads\\\/2024\\\/04\\\/white-sumatra-1.jpg\",\"contentUrl\":\"https:\\\/\\\/chemsxpress.com\\\/wp-content\\\/uploads\\\/2024\\\/04\\\/white-sumatra-1.jpg\",\"width\":600,\"height\":600,\"caption\":\"Buy White Sumatra Kratom\"},{\"@type\":\"BreadcrumbList\",\"@id\":\"https:\\\/\\\/chemsxpress.com\\\/product\\\/buy-white-sumatra-kratom\\\/#breadcrumb\",\"itemListElement\":[{\"@type\":\"ListItem\",\"position\":1,\"name\":\"Home\",\"item\":\"https:\\\/\\\/chemsxpress.com\\\/\"},{\"@type\":\"ListItem\",\"position\":2,\"name\":\"Shop\",\"item\":\"https:\\\/\\\/chemsxpress.com\\\/shop\\\/\"},{\"@type\":\"ListItem\",\"position\":3,\"name\":\"White Sumatra\"}]},{\"@type\":\"WebSite\",\"@id\":\"https:\\\/\\\/chemsxpress.com\\\/#website\",\"url\":\"https:\\\/\\\/chemsxpress.com\\\/\",\"name\":\"SHOP MDPHP\",\"description\":\"Buy MDPHP freebase from reliable supplier\",\"potentialAction\":[{\"@type\":\"SearchAction\",\"target\":{\"@type\":\"EntryPoint\",\"urlTemplate\":\"https:\\\/\\\/chemsxpress.com\\\/?s={search_term_string}\"},\"query-input\":{\"@type\":\"PropertyValueSpecification\",\"valueRequired\":true,\"valueName\":\"search_term_string\"}}],\"inLanguage\":\"de\"}]}<\/script>\n<!-- \/ Yoast SEO Premium plugin. -->","yoast_head_json":{"title":"Kaufen Sie wei\u00dfes Sumatra-Kratom: Premium-Qualit\u00e4t, schneller Versand","description":"Kaufen Sie wei\u00dfes Sumatra-Kratom. Kaufen Sie unsere Premium-Auswahl f\u00fcr Qualit\u00e4tssicherung und schnellen, diskreten Versand. Entdecken Sie den Unterschied mit unserer vertrauensw\u00fcrdigen Quelle","robots":{"index":"index","follow":"follow","max-snippet":"max-snippet:-1","max-image-preview":"max-image-preview:large","max-video-preview":"max-video-preview:-1"},"canonical":"https:\/\/chemsxpress.com\/de\/produkt\/weises-sumatra-kratom-kaufen\/","og_locale":"de_DE","og_type":"article","og_title":"White Sumatra","og_description":"Buy White Sumatra Kratom. Shop our premium selection for quality assurance and fast, discreet shipping. Discover the difference with our trusted source","og_url":"https:\/\/chemsxpress.com\/de\/produkt\/weises-sumatra-kratom-kaufen\/","og_site_name":"SHOP MDPHP","article_modified_time":"2024-05-02T04:30:19+00:00","og_image":[{"width":600,"height":600,"url":"https:\/\/chemsxpress.com\/wp-content\/uploads\/2024\/04\/white-sumatra-1.jpg","type":"image\/jpeg"}],"twitter_card":"summary_large_image","twitter_misc":{"Gesch\u00e4tzte Lesezeit":"2\u00a0Minuten"},"schema":{"@context":"https:\/\/schema.org","@graph":[{"@type":"WebPage","@id":"https:\/\/chemsxpress.com\/product\/buy-white-sumatra-kratom\/","url":"https:\/\/chemsxpress.com\/product\/buy-white-sumatra-kratom\/","name":"Kaufen Sie wei\u00dfes Sumatra-Kratom: Premium-Qualit\u00e4t, schneller Versand","isPartOf":{"@id":"https:\/\/chemsxpress.com\/#website"},"primaryImageOfPage":{"@id":"https:\/\/chemsxpress.com\/product\/buy-white-sumatra-kratom\/#primaryimage"},"image":{"@id":"https:\/\/chemsxpress.com\/product\/buy-white-sumatra-kratom\/#primaryimage"},"thumbnailUrl":"https:\/\/chemsxpress.com\/wp-content\/uploads\/2024\/04\/white-sumatra-1.jpg","datePublished":"2024-04-29T13:21:22+00:00","dateModified":"2024-05-02T04:30:19+00:00","description":"Kaufen Sie wei\u00dfes Sumatra-Kratom. Kaufen Sie unsere Premium-Auswahl f\u00fcr Qualit\u00e4tssicherung und schnellen, diskreten Versand. Entdecken Sie den Unterschied mit unserer vertrauensw\u00fcrdigen Quelle","breadcrumb":{"@id":"https:\/\/chemsxpress.com\/product\/buy-white-sumatra-kratom\/#breadcrumb"},"inLanguage":"de","potentialAction":[{"@type":"ReadAction","target":["https:\/\/chemsxpress.com\/product\/buy-white-sumatra-kratom\/"]}]},{"@type":"ImageObject","inLanguage":"de","@id":"https:\/\/chemsxpress.com\/product\/buy-white-sumatra-kratom\/#primaryimage","url":"https:\/\/chemsxpress.com\/wp-content\/uploads\/2024\/04\/white-sumatra-1.jpg","contentUrl":"https:\/\/chemsxpress.com\/wp-content\/uploads\/2024\/04\/white-sumatra-1.jpg","width":600,"height":600,"caption":"Buy White Sumatra Kratom"},{"@type":"BreadcrumbList","@id":"https:\/\/chemsxpress.com\/product\/buy-white-sumatra-kratom\/#breadcrumb","itemListElement":[{"@type":"ListItem","position":1,"name":"Home","item":"https:\/\/chemsxpress.com\/"},{"@type":"ListItem","position":2,"name":"Shop","item":"https:\/\/chemsxpress.com\/shop\/"},{"@type":"ListItem","position":3,"name":"White Sumatra"}]},{"@type":"WebSite","@id":"https:\/\/chemsxpress.com\/#website","url":"https:\/\/chemsxpress.com\/","name":"MDPHP EINKAUFEN","description":"MDPHP freebase von einem zuverl\u00e4ssigen Anbieter kaufen","potentialAction":[{"@type":"SearchAction","target":{"@type":"EntryPoint","urlTemplate":"https:\/\/chemsxpress.com\/?s={search_term_string}"},"query-input":{"@type":"PropertyValueSpecification","valueRequired":true,"valueName":"search_term_string"}}],"inLanguage":"de"}]}},"jetpack_sharing_enabled":true,"_links":{"self":[{"href":"https:\/\/chemsxpress.com\/de\/wp-json\/wp\/v2\/product\/29317","targetHints":{"allow":["GET"]}}],"collection":[{"href":"https:\/\/chemsxpress.com\/de\/wp-json\/wp\/v2\/product"}],"about":[{"href":"https:\/\/chemsxpress.com\/de\/wp-json\/wp\/v2\/types\/product"}],"replies":[{"embeddable":true,"href":"https:\/\/chemsxpress.com\/de\/wp-json\/wp\/v2\/comments?post=29317"}],"version-history":[{"count":3,"href":"https:\/\/chemsxpress.com\/de\/wp-json\/wp\/v2\/product\/29317\/revisions"}],"predecessor-version":[{"id":29561,"href":"https:\/\/chemsxpress.com\/de\/wp-json\/wp\/v2\/product\/29317\/revisions\/29561"}],"wp:featuredmedia":[{"embeddable":true,"href":"https:\/\/chemsxpress.com\/de\/wp-json\/wp\/v2\/media\/29353"}],"wp:attachment":[{"href":"https:\/\/chemsxpress.com\/de\/wp-json\/wp\/v2\/media?parent=29317"}],"wp:term":[{"taxonomy":"product_brand","embeddable":true,"href":"https:\/\/chemsxpress.com\/de\/wp-json\/wp\/v2\/product_brand?post=29317"},{"taxonomy":"product_cat","embeddable":true,"href":"https:\/\/chemsxpress.com\/de\/wp-json\/wp\/v2\/product_cat?post=29317"},{"taxonomy":"product_tag","embeddable":true,"href":"https:\/\/chemsxpress.com\/de\/wp-json\/wp\/v2\/product_tag?post=29317"}],"curies":[{"name":"wp","href":"https:\/\/api.w.org\/{rel}","templated":true}]}}