{"id":29318,"date":"2024-04-29T13:21:22","date_gmt":"2024-04-29T13:21:22","guid":{"rendered":"https:\/\/chemsxpress.com\/?post_type=product&#038;p=29318"},"modified":"2025-05-17T10:09:22","modified_gmt":"2025-05-17T10:09:22","slug":"weises-vietnamesisches-kratom-kaufen","status":"publish","type":"product","link":"https:\/\/chemsxpress.com\/de\/produkt\/weises-vietnamesisches-kratom-kaufen\/","title":{"rendered":"Wei\u00dfes Vietnam"},"content":{"rendered":"<h2>WEISSES VIETNAMESISCHES KRATOM KAUFEN<\/h2>\n<p>Kaufen Sie wei\u00dfes Vietnam Kratom, Obwohl Vietnam Kratom St\u00e4mme in den fruchtbaren W\u00e4ldern Vietnams schon seit geraumer Zeit wachsen, haben diese St\u00e4mme erst vor kurzem begonnen, Aufmerksamkeit in der Kratom-Gemeinschaft zu erregen. Das ist vor allem der Fall mit White Vietnam Kratom.<\/p>\n<p>Wie alle anderen Kratom-Sorten ist auch White Vietnam Kratom in verschiedenen Online-Shops wie Krabot erh\u00e4ltlich. Wenn Du mehr \u00fcber diese effektive und kraftvolle Variante erfahren m\u00f6chtest, bist Du hier genau richtig. <a href=\"https:\/\/chemsxpress.com\/de\/\">richtige Stelle<\/a>. Lesen Sie weiter, um mehr \u00fcber White Vietnam Kratom zu erfahren.<\/p>\n<h2>WAS IST WEISSES VIETNAMESISCHES KRATOM?<\/h2>\n<p>White Vietnam Kratom wird entlang des Mekong-Flusses in Vietnam angebaut und geerntet. Der Mekong-Fluss ist reich an Mineralien und fruchtbaren B\u00f6den, die f\u00fcr das Wachstum von White Vietnam Kratom geeignet sind. Dar\u00fcber hinaus sind die Bauern hochqualifiziert und verf\u00fcgen \u00fcber die Mittel, um hochwertige Vietnam-Kratom-Sorten anzubauen. Allerdings ist diese Sorte sehr schwer zu bekommen, da sie nur in kleinen Mengen angebaut wird.<\/p>\n<h2>WHITE VIETNAM KRATOM WIRKUNGEN UND VORTEILE<\/h2>\n<p>Wie bei allen Kratom-Sorten h\u00e4ngen die Wirkungen und Vorteile von White Vietnam Kratom von verschiedenen Faktoren wie der Potenz, der Erfahrung des Benutzers und der Dosierung ab. Loyale White Vietnam Kratom-Konsumenten sagen, dass die Wirkung dieser schwer fassbaren Sorte besser bei niedrigen Dosen zu sp\u00fcren ist und bis zu sechs Stunden anhalten kann. Viele Nutzer berichten, dass diese Sorte keine Nebenwirkungen hat, die normalerweise mit Kaffee verbunden sind.<\/p>\n<p>Wei\u00dfes Vietnam ist ein <a href=\"https:\/\/chemsxpress.com\/de\/produkt\/weises-venenhorn-kratom-kaufen\/\">wei\u00df ge\u00e4dert<\/a> Sorte. Urspr\u00fcnglich stammt sie aus Vietnam, wo sie entlang des Mekong angebaut wird. Yellow Vietnam ist eine der beliebtesten Sorten auf dem Markt, versuchen Sie die wei\u00dfe Version, bevor sie weg ist.<\/p>\n<h2>WEISSES VIETNAMESISCHES KRATOM DOSIERUNG<\/h2>\n<p>Das Geheimnis, um das Beste aus White Vietnam Kratom herauszuholen, ist, auf die Dosierung zu achten. Da White Vietnam Kratom immens stark ist, wird den Kunden geraten, bei der Einnahme dieser Sorte sehr vorsichtig zu sein. Neue Nutzer sollten mit ein paar Gramm t\u00e4glich beginnen, um dem K\u00f6rper gen\u00fcgend Zeit zu geben, sich an die Wirkung zu gew\u00f6hnen.<\/p>\n<p>Nach einiger Zeit k\u00f6nnen die Nutzer im Allgemeinen die t\u00e4gliche Dosis erh\u00f6hen, um eine st\u00e4rkere Wirkung zu erzielen. Sobald ein Kunde eine hohe K\u00f6rpervertr\u00e4glichkeit erlangt hat, kann er die Einnahme pro Tag erh\u00f6hen, um das volle Potenzial zu genie\u00dfen. Bitte beachten Sie, dass eine \u00dcberdosierung zu zahlreichen Nebenwirkungen wie Magenverstimmungen und \u00dcbelkeit f\u00fchren kann. Es ist ratsam, einen Arzt zu konsultieren, bevor Sie Ihre Kratom-Reise beginnen.<\/p>\n<h3>WO MAN WEISSES VIETNAMESISCHES KRATOM KAUFEN KANN<\/h3>\n<p>Reines und hochwertiges wei\u00dfes Vietnam Kratom zu finden, kann eine ziemliche Aufgabe sein. Es ist ratsam, nach einem Anbieter zu suchen, der hochwertiges wei\u00dfes Vietnam Kratom anbietet, wie zum Beispiel Krabot. Krabot bietet Qualit\u00e4t und Zuverl\u00e4ssigkeit<\/p>","protected":false},"excerpt":{"rendered":"<p><strong>IUPAC-Name:<\/strong><\/p>\n<p><strong>Form: <\/strong>Pulver<\/p>\n<p><strong>NMR-Analyse: <\/strong>K.A.<\/p>","protected":false},"featured_media":29381,"comment_status":"open","ping_status":"closed","template":"","meta":[],"product_brand":[],"product_cat":[81],"product_tag":[],"class_list":{"0":"post-29318","1":"product","2":"type-product","3":"status-publish","4":"has-post-thumbnail","6":"product_cat-kratom","8":"first","9":"instock","10":"shipping-taxable","11":"purchasable","12":"product-type-variable"},"yoast_head":"<!-- This site is optimized with the Yoast SEO Premium plugin v24.1 (Yoast SEO v27.4) - https:\/\/yoast.com\/product\/yoast-seo-premium-wordpress\/ -->\n<title>Buy White Vietnam Kratom: Fast Shipping, Trusted Source<\/title>\n<meta name=\"description\" content=\"Buy % White Vietnam Kratom strains. Explore our premium selection and elevate your botanical experience. Trusted source, fast shipping\" \/>\n<meta name=\"robots\" content=\"index, follow, max-snippet:-1, max-image-preview:large, max-video-preview:-1\" \/>\n<link rel=\"canonical\" href=\"https:\/\/chemsxpress.com\/de\/produkt\/weises-vietnamesisches-kratom-kaufen\/\" \/>\n<meta property=\"og:locale\" content=\"de_DE\" \/>\n<meta property=\"og:type\" content=\"article\" \/>\n<meta property=\"og:title\" content=\"White Vietnam\" \/>\n<meta property=\"og:description\" content=\"Buy % White Vietnam Kratom strains. Explore our premium selection and elevate your botanical experience. Trusted source, fast shipping\" \/>\n<meta property=\"og:url\" content=\"https:\/\/chemsxpress.com\/de\/produkt\/weises-vietnamesisches-kratom-kaufen\/\" \/>\n<meta property=\"og:site_name\" content=\"SHOP MDPHP\" \/>\n<meta property=\"article:modified_time\" content=\"2025-05-17T10:09:22+00:00\" \/>\n<meta property=\"og:image\" content=\"https:\/\/chemsxpress.com\/wp-content\/uploads\/2024\/04\/white-veitnam.jpg\" \/>\n\t<meta property=\"og:image:width\" content=\"600\" \/>\n\t<meta property=\"og:image:height\" content=\"600\" \/>\n\t<meta property=\"og:image:type\" content=\"image\/jpeg\" \/>\n<meta name=\"twitter:card\" content=\"summary_large_image\" \/>\n<meta name=\"twitter:label1\" content=\"Gesch\u00e4tzte Lesezeit\" \/>\n\t<meta name=\"twitter:data1\" content=\"3\u00a0Minuten\" \/>\n<script type=\"application\/ld+json\" class=\"yoast-schema-graph\">{\"@context\":\"https:\\\/\\\/schema.org\",\"@graph\":[{\"@type\":\"WebPage\",\"@id\":\"https:\\\/\\\/chemsxpress.com\\\/product\\\/buy-white-vietnam-kratom\\\/\",\"url\":\"https:\\\/\\\/chemsxpress.com\\\/product\\\/buy-white-vietnam-kratom\\\/\",\"name\":\"Buy White Vietnam Kratom: Fast Shipping, Trusted Source\",\"isPartOf\":{\"@id\":\"https:\\\/\\\/chemsxpress.com\\\/#website\"},\"primaryImageOfPage\":{\"@id\":\"https:\\\/\\\/chemsxpress.com\\\/product\\\/buy-white-vietnam-kratom\\\/#primaryimage\"},\"image\":{\"@id\":\"https:\\\/\\\/chemsxpress.com\\\/product\\\/buy-white-vietnam-kratom\\\/#primaryimage\"},\"thumbnailUrl\":\"https:\\\/\\\/chemsxpress.com\\\/wp-content\\\/uploads\\\/2024\\\/04\\\/white-veitnam.jpg\",\"datePublished\":\"2024-04-29T13:21:22+00:00\",\"dateModified\":\"2025-05-17T10:09:22+00:00\",\"description\":\"Buy % White Vietnam Kratom strains. Explore our premium selection and elevate your botanical experience. Trusted source, fast shipping\",\"breadcrumb\":{\"@id\":\"https:\\\/\\\/chemsxpress.com\\\/product\\\/buy-white-vietnam-kratom\\\/#breadcrumb\"},\"inLanguage\":\"de\",\"potentialAction\":[{\"@type\":\"ReadAction\",\"target\":[\"https:\\\/\\\/chemsxpress.com\\\/product\\\/buy-white-vietnam-kratom\\\/\"]}]},{\"@type\":\"ImageObject\",\"inLanguage\":\"de\",\"@id\":\"https:\\\/\\\/chemsxpress.com\\\/product\\\/buy-white-vietnam-kratom\\\/#primaryimage\",\"url\":\"https:\\\/\\\/chemsxpress.com\\\/wp-content\\\/uploads\\\/2024\\\/04\\\/white-veitnam.jpg\",\"contentUrl\":\"https:\\\/\\\/chemsxpress.com\\\/wp-content\\\/uploads\\\/2024\\\/04\\\/white-veitnam.jpg\",\"width\":600,\"height\":600,\"caption\":\"BUY WHITE VIETNAM KRATOM\"},{\"@type\":\"BreadcrumbList\",\"@id\":\"https:\\\/\\\/chemsxpress.com\\\/product\\\/buy-white-vietnam-kratom\\\/#breadcrumb\",\"itemListElement\":[{\"@type\":\"ListItem\",\"position\":1,\"name\":\"Home\",\"item\":\"https:\\\/\\\/chemsxpress.com\\\/\"},{\"@type\":\"ListItem\",\"position\":2,\"name\":\"Shop\",\"item\":\"https:\\\/\\\/chemsxpress.com\\\/shop\\\/\"},{\"@type\":\"ListItem\",\"position\":3,\"name\":\"White Vietnam\"}]},{\"@type\":\"WebSite\",\"@id\":\"https:\\\/\\\/chemsxpress.com\\\/#website\",\"url\":\"https:\\\/\\\/chemsxpress.com\\\/\",\"name\":\"SHOP MDPHP\",\"description\":\"Buy MDPHP freebase from reliable supplier\",\"potentialAction\":[{\"@type\":\"SearchAction\",\"target\":{\"@type\":\"EntryPoint\",\"urlTemplate\":\"https:\\\/\\\/chemsxpress.com\\\/?s={search_term_string}\"},\"query-input\":{\"@type\":\"PropertyValueSpecification\",\"valueRequired\":true,\"valueName\":\"search_term_string\"}}],\"inLanguage\":\"de\"}]}<\/script>\n<!-- \/ Yoast SEO Premium plugin. -->","yoast_head_json":{"title":"Kaufen Sie wei\u00dfes Vietnam-Kratom: Schneller Versand, vertrauensw\u00fcrdige Quelle","description":"Kaufen Sie 100 % wei\u00dfe Kratom-Sorten aus Vietnam. Entdecken Sie unsere Premium-Auswahl und steigern Sie Ihr botanisches Erlebnis. Vertrauensw\u00fcrdige Quelle, schneller Versand","robots":{"index":"index","follow":"follow","max-snippet":"max-snippet:-1","max-image-preview":"max-image-preview:large","max-video-preview":"max-video-preview:-1"},"canonical":"https:\/\/chemsxpress.com\/de\/produkt\/weises-vietnamesisches-kratom-kaufen\/","og_locale":"de_DE","og_type":"article","og_title":"White Vietnam","og_description":"Buy % White Vietnam Kratom strains. Explore our premium selection and elevate your botanical experience. Trusted source, fast shipping","og_url":"https:\/\/chemsxpress.com\/de\/produkt\/weises-vietnamesisches-kratom-kaufen\/","og_site_name":"SHOP MDPHP","article_modified_time":"2025-05-17T10:09:22+00:00","og_image":[{"width":600,"height":600,"url":"https:\/\/chemsxpress.com\/wp-content\/uploads\/2024\/04\/white-veitnam.jpg","type":"image\/jpeg"}],"twitter_card":"summary_large_image","twitter_misc":{"Gesch\u00e4tzte Lesezeit":"3\u00a0Minuten"},"schema":{"@context":"https:\/\/schema.org","@graph":[{"@type":"WebPage","@id":"https:\/\/chemsxpress.com\/product\/buy-white-vietnam-kratom\/","url":"https:\/\/chemsxpress.com\/product\/buy-white-vietnam-kratom\/","name":"Kaufen Sie wei\u00dfes Vietnam-Kratom: Schneller Versand, vertrauensw\u00fcrdige Quelle","isPartOf":{"@id":"https:\/\/chemsxpress.com\/#website"},"primaryImageOfPage":{"@id":"https:\/\/chemsxpress.com\/product\/buy-white-vietnam-kratom\/#primaryimage"},"image":{"@id":"https:\/\/chemsxpress.com\/product\/buy-white-vietnam-kratom\/#primaryimage"},"thumbnailUrl":"https:\/\/chemsxpress.com\/wp-content\/uploads\/2024\/04\/white-veitnam.jpg","datePublished":"2024-04-29T13:21:22+00:00","dateModified":"2025-05-17T10:09:22+00:00","description":"Kaufen Sie 100 % wei\u00dfe Kratom-Sorten aus Vietnam. Entdecken Sie unsere Premium-Auswahl und steigern Sie Ihr botanisches Erlebnis. Vertrauensw\u00fcrdige Quelle, schneller Versand","breadcrumb":{"@id":"https:\/\/chemsxpress.com\/product\/buy-white-vietnam-kratom\/#breadcrumb"},"inLanguage":"de","potentialAction":[{"@type":"ReadAction","target":["https:\/\/chemsxpress.com\/product\/buy-white-vietnam-kratom\/"]}]},{"@type":"ImageObject","inLanguage":"de","@id":"https:\/\/chemsxpress.com\/product\/buy-white-vietnam-kratom\/#primaryimage","url":"https:\/\/chemsxpress.com\/wp-content\/uploads\/2024\/04\/white-veitnam.jpg","contentUrl":"https:\/\/chemsxpress.com\/wp-content\/uploads\/2024\/04\/white-veitnam.jpg","width":600,"height":600,"caption":"BUY WHITE VIETNAM KRATOM"},{"@type":"BreadcrumbList","@id":"https:\/\/chemsxpress.com\/product\/buy-white-vietnam-kratom\/#breadcrumb","itemListElement":[{"@type":"ListItem","position":1,"name":"Home","item":"https:\/\/chemsxpress.com\/"},{"@type":"ListItem","position":2,"name":"Shop","item":"https:\/\/chemsxpress.com\/shop\/"},{"@type":"ListItem","position":3,"name":"White Vietnam"}]},{"@type":"WebSite","@id":"https:\/\/chemsxpress.com\/#website","url":"https:\/\/chemsxpress.com\/","name":"MDPHP EINKAUFEN","description":"MDPHP freebase von einem zuverl\u00e4ssigen Anbieter kaufen","potentialAction":[{"@type":"SearchAction","target":{"@type":"EntryPoint","urlTemplate":"https:\/\/chemsxpress.com\/?s={search_term_string}"},"query-input":{"@type":"PropertyValueSpecification","valueRequired":true,"valueName":"search_term_string"}}],"inLanguage":"de"}]}},"jetpack_sharing_enabled":true,"_links":{"self":[{"href":"https:\/\/chemsxpress.com\/de\/wp-json\/wp\/v2\/product\/29318","targetHints":{"allow":["GET"]}}],"collection":[{"href":"https:\/\/chemsxpress.com\/de\/wp-json\/wp\/v2\/product"}],"about":[{"href":"https:\/\/chemsxpress.com\/de\/wp-json\/wp\/v2\/types\/product"}],"replies":[{"embeddable":true,"href":"https:\/\/chemsxpress.com\/de\/wp-json\/wp\/v2\/comments?post=29318"}],"version-history":[{"count":4,"href":"https:\/\/chemsxpress.com\/de\/wp-json\/wp\/v2\/product\/29318\/revisions"}],"predecessor-version":[{"id":29983,"href":"https:\/\/chemsxpress.com\/de\/wp-json\/wp\/v2\/product\/29318\/revisions\/29983"}],"wp:featuredmedia":[{"embeddable":true,"href":"https:\/\/chemsxpress.com\/de\/wp-json\/wp\/v2\/media\/29381"}],"wp:attachment":[{"href":"https:\/\/chemsxpress.com\/de\/wp-json\/wp\/v2\/media?parent=29318"}],"wp:term":[{"taxonomy":"product_brand","embeddable":true,"href":"https:\/\/chemsxpress.com\/de\/wp-json\/wp\/v2\/product_brand?post=29318"},{"taxonomy":"product_cat","embeddable":true,"href":"https:\/\/chemsxpress.com\/de\/wp-json\/wp\/v2\/product_cat?post=29318"},{"taxonomy":"product_tag","embeddable":true,"href":"https:\/\/chemsxpress.com\/de\/wp-json\/wp\/v2\/product_tag?post=29318"}],"curies":[{"name":"wp","href":"https:\/\/api.w.org\/{rel}","templated":true}]}}