{"id":29320,"date":"2024-04-29T13:21:22","date_gmt":"2024-04-29T13:21:22","guid":{"rendered":"https:\/\/chemsxpress.com\/?post_type=product&#038;p=29320"},"modified":"2024-07-04T21:52:13","modified_gmt":"2024-07-04T21:52:13","slug":"4-aco-dp-kaufen","status":"publish","type":"product","link":"https:\/\/chemsxpress.com\/de\/produkt\/4-aco-dp-kaufen\/","title":{"rendered":"4-ACO-DPT"},"content":{"rendered":"<h2><strong>4-ACO-DPT KAUFEN<\/strong><\/h2>\n<p>4-AcO-DPT kaufen ist eine neue Forschungschemikalie. Sie ist noch nicht so bekannt wie die Verbindung, von der sie abgeleitet ist, 4-HO-DPT. 4-HO-DPT wurde erstmals von Alexander Shulgin synthetisiert und durch die Ver\u00f6ffentlichung in seinem Buch TiHKAL bekannt gemacht.<\/p>\n<p>Tryptaminverbindungen sind in der Regel sicher zu erforschen, obwohl bei Experimenten mit Chemikalien, f\u00fcr die keine langfristigen Sicherheitsdaten vorliegen, Vorsicht geboten ist.<\/p>\n<p>&nbsp;<\/p>\n<h2><strong>ANWENDUNGSHINWEISE 4-ACO-DPT POWDER kaufen<\/strong><\/h2>\n<p>Unter <a href=\"https:\/\/chemsxpress.com\/de\/\">ChemsXpress.de<\/a> k\u00f6nnen Sie 4-AcO-DPT in Pulverform von h\u00f6chster Qualit\u00e4t kaufen. Unabh\u00e4ngig davon, ob Sie sich f\u00fcr den Kauf von 4-AcO-DPT in unserer 0,25g, 0,5g, 1g oder 2g Produktgr\u00f6\u00dfe entscheiden, k\u00f6nnen Sie sicher sein, dass Sie ein Produkt erhalten, das mindestens 97% rein getestet wurde. Bei ChemsXpress sind wir stolz darauf, zuverl\u00e4ssig und qualitativ hochwertig zu sein, und dies ist eines der reinsten 4-AcO-DPT, die Sie online finden k\u00f6nnen.<\/p>\n<p>Achten Sie darauf, das 4-AcO-DPT-Pulver an einem trockenen und k\u00fchlen Ort zu lagern, um eine maximale Haltbarkeit zu gew\u00e4hrleisten. Achten Sie beim Umgang mit Forschungschemikalien darauf, dass Sie im Labor immer die richtigen Vorsichtsma\u00dfnahmen treffen, wie z. B. das Abwischen von Oberfl\u00e4chen und das Tragen von Handschuhen, einer Maske und Schutzkleidung.<\/p>\n<p>Abgesehen davon kann 4-AcO-DPT auf \u00e4hnliche Weise wie andere Tryptamin-Psychedelika untersucht werden. Es gibt verschiedene <a href=\"https:\/\/chemsxpress.com\/de\/produktkategorie\/forschungschemikalien\/\">Methoden der Forschung<\/a> die Shulgin in seinem Buch TiHKAL beschreibt, obwohl es ziemlich offensichtlich ist, dass er sich diese Forschungsmethoden selbst ausgedacht hat.<\/p>\n<p>Da Shulgin keine weiteren Informationen \u00fcber diese Verbindungen herausgibt, m\u00fcssen sich die Forscher auf eigene Faust mit ihnen befassen. Seien Sie bei der Erforschung von 4-AcO-DPT vorsichtig und behandeln Sie es wie jedes andere Tryptamin. Tryptamine sind daf\u00fcr ber\u00fcchtigt, dass sie selbst in sehr geringen Mengen hochwirksam und aktiv sind.<\/p>\n<p>&nbsp;<\/p>\n<h2><strong>DEFINITION 4-ACO-DPT<\/strong><\/h2>\n<p>Die Definition von 4-AcO-DPT ist offiziell als 4-Acetoxy-N,N,-Dipropyltryptamin bekannt und ist ein psychedelisches Tryptamin. Es ist ein Ester eines anderen, h\u00e4ufigeren psychedelischen Tryptamins namens 4-HO-DPT.<\/p>\n<p>Die beiden Verbindungen weisen eine Reihe von \u00c4hnlichkeiten auf, obwohl sie nicht identisch sind, und aufgrund der begrenzten Menge an verf\u00fcgbaren pharmakologischen Daten k\u00f6nnen die Forscher nicht genau sagen, wie 4-AcO-DPT funktioniert.<\/p>\n<p>Es gibt jedoch Grund zu der Annahme, dass es \u00e4hnlich wie andere Tryptamine wirkt. Dies bedeutet, dass die Forscher gut daran tun, daran zu denken, dass Tryptamine hochwirksam sind und selbst bei einer relativ geringen Menge Wechselwirkungen verursachen k\u00f6nnen.<\/p>\n<p>4-AcO-DPT wurde zum ersten Mal im Jahr 2012 in den Handel gebracht, obwohl es nicht viel Aufmerksamkeit erregte und von denjenigen, die es getestet haben, widerspr\u00fcchliche Berichte erhielt.<\/p>\n<p>&nbsp;<\/p>\n<h2><strong>CHEMIE HINTERGRUNDINFORMATIONEN 4-ACO-DPT<\/strong><\/h2>\n<p>4-AcO-DPT ist ein Ester von 4-HO-DPT. Zu den anderen Estern von 4-HO-DPT geh\u00f6rt Psilocybin, ein psychedelisches Mittel, das bekanntlich in \"Zauberpilzen\" vorkommt. Psilocybin ist der Phosphatester von 4-HO-DPT.<\/p>\n<p>4-AcO-DPT liegt im Allgemeinen als kristalliner Feststoff mit einem Formelgewicht von 362,5 vor. Es ist in den meisten L\u00f6sungen nicht leicht l\u00f6slich.<\/p>\n<p>&nbsp;<\/p>\n<h2><strong>WO MAN 4-ACO-DPT KAUFEN KANN<\/strong><\/h2>\n<p>4-AcO-DPT k\u00f6nnen Sie hier auf der\u00a0<a href=\"https:\/\/chemsxpress.com\/de\/\">ChemxPress-Website<\/a>. Wir verkaufen 4-AcO-DPT in Premiumqualit\u00e4t, in der Regel in Pulverform. Wir haben jedoch oft auch andere Substanzformen zur Verf\u00fcgung, also z\u00f6gern Sie nicht, uns zu kontaktieren, um zu sehen, ob wir Ihre bevorzugte Substanzform auf Lager haben. Sie m\u00fcssen mindestens 18 Jahre alt sein, um 4-AcO-DPT bei uns zu kaufen.<\/p>","protected":false},"excerpt":{"rendered":"<p><strong>IUPAC-Name: <\/strong>[3-[2-(dipropylamino)ethyl]-1H-indol-4-yl] acetate<\/p>\n<p><strong>CAS # <\/strong>1445751-75-6<\/p>\n<p><strong>Other name: <\/strong>4-Acetoxy-N,N-dipropyltryptamine<\/p>\n<p><strong>Form: <\/strong>fumarate<\/p>\n<p><strong>NMR Analysis: <\/strong>C18H26N2O2<\/p>\n","protected":false},"featured_media":29385,"comment_status":"open","ping_status":"closed","template":"","meta":[],"product_brand":[],"product_cat":[92],"product_tag":[],"class_list":{"0":"post-29320","1":"product","2":"type-product","3":"status-publish","4":"has-post-thumbnail","6":"product_cat-tryptamines","8":"first","9":"instock","10":"shipping-taxable","11":"purchasable","12":"product-type-variable"},"yoast_head":"<!-- This site is optimized with the Yoast SEO Premium plugin v24.1 (Yoast SEO v27.4) - https:\/\/yoast.com\/product\/yoast-seo-premium-wordpress\/ -->\n<title>Buy 4-AcO-DPT: Premium Research Chemicals | ChemsXpress<\/title>\n<meta name=\"description\" content=\"Buy 4-AcO-DPT from ChemsXpress. Explore our premium selection of RC&#039;s with fast and discreet shipping. Trust in our quality.\" \/>\n<meta name=\"robots\" content=\"index, follow, max-snippet:-1, max-image-preview:large, max-video-preview:-1\" \/>\n<link rel=\"canonical\" href=\"https:\/\/chemsxpress.com\/de\/produkt\/4-aco-dp-kaufen\/\" \/>\n<meta property=\"og:locale\" content=\"de_DE\" \/>\n<meta property=\"og:type\" content=\"article\" \/>\n<meta property=\"og:title\" content=\"4-ACO-DPT\" \/>\n<meta property=\"og:description\" content=\"Buy 4-AcO-DPT from ChemsXpress. Explore our premium selection of RC&#039;s with fast and discreet shipping. Trust in our quality.\" \/>\n<meta property=\"og:url\" content=\"https:\/\/chemsxpress.com\/de\/produkt\/4-aco-dp-kaufen\/\" \/>\n<meta property=\"og:site_name\" content=\"SHOP MDPHP\" \/>\n<meta property=\"article:modified_time\" content=\"2024-07-04T21:52:13+00:00\" \/>\n<meta property=\"og:image\" content=\"https:\/\/chemsxpress.com\/wp-content\/uploads\/2024\/04\/4-ACO-DPT-1.jpg\" \/>\n\t<meta property=\"og:image:width\" content=\"600\" \/>\n\t<meta property=\"og:image:height\" content=\"600\" \/>\n\t<meta property=\"og:image:type\" content=\"image\/jpeg\" \/>\n<meta name=\"twitter:card\" content=\"summary_large_image\" \/>\n<meta name=\"twitter:label1\" content=\"Gesch\u00e4tzte Lesezeit\" \/>\n\t<meta name=\"twitter:data1\" content=\"3\u00a0Minuten\" \/>\n<script type=\"application\/ld+json\" class=\"yoast-schema-graph\">{\"@context\":\"https:\\\/\\\/schema.org\",\"@graph\":[{\"@type\":\"WebPage\",\"@id\":\"https:\\\/\\\/chemsxpress.com\\\/product\\\/buy-4-aco-dp\\\/\",\"url\":\"https:\\\/\\\/chemsxpress.com\\\/product\\\/buy-4-aco-dp\\\/\",\"name\":\"Buy 4-AcO-DPT: Premium Research Chemicals | ChemsXpress\",\"isPartOf\":{\"@id\":\"https:\\\/\\\/chemsxpress.com\\\/#website\"},\"primaryImageOfPage\":{\"@id\":\"https:\\\/\\\/chemsxpress.com\\\/product\\\/buy-4-aco-dp\\\/#primaryimage\"},\"image\":{\"@id\":\"https:\\\/\\\/chemsxpress.com\\\/product\\\/buy-4-aco-dp\\\/#primaryimage\"},\"thumbnailUrl\":\"https:\\\/\\\/chemsxpress.com\\\/wp-content\\\/uploads\\\/2024\\\/04\\\/4-ACO-DPT-1.jpg\",\"datePublished\":\"2024-04-29T13:21:22+00:00\",\"dateModified\":\"2024-07-04T21:52:13+00:00\",\"description\":\"Buy 4-AcO-DPT from ChemsXpress. Explore our premium selection of RC's with fast and discreet shipping. Trust in our quality.\",\"breadcrumb\":{\"@id\":\"https:\\\/\\\/chemsxpress.com\\\/product\\\/buy-4-aco-dp\\\/#breadcrumb\"},\"inLanguage\":\"de\",\"potentialAction\":[{\"@type\":\"ReadAction\",\"target\":[\"https:\\\/\\\/chemsxpress.com\\\/product\\\/buy-4-aco-dp\\\/\"]}]},{\"@type\":\"ImageObject\",\"inLanguage\":\"de\",\"@id\":\"https:\\\/\\\/chemsxpress.com\\\/product\\\/buy-4-aco-dp\\\/#primaryimage\",\"url\":\"https:\\\/\\\/chemsxpress.com\\\/wp-content\\\/uploads\\\/2024\\\/04\\\/4-ACO-DPT-1.jpg\",\"contentUrl\":\"https:\\\/\\\/chemsxpress.com\\\/wp-content\\\/uploads\\\/2024\\\/04\\\/4-ACO-DPT-1.jpg\",\"width\":600,\"height\":600,\"caption\":\"Buy 4-AcO-DP\"},{\"@type\":\"BreadcrumbList\",\"@id\":\"https:\\\/\\\/chemsxpress.com\\\/product\\\/buy-4-aco-dp\\\/#breadcrumb\",\"itemListElement\":[{\"@type\":\"ListItem\",\"position\":1,\"name\":\"Home\",\"item\":\"https:\\\/\\\/chemsxpress.com\\\/\"},{\"@type\":\"ListItem\",\"position\":2,\"name\":\"Shop\",\"item\":\"https:\\\/\\\/chemsxpress.com\\\/shop\\\/\"},{\"@type\":\"ListItem\",\"position\":3,\"name\":\"4-ACO-DPT\"}]},{\"@type\":\"WebSite\",\"@id\":\"https:\\\/\\\/chemsxpress.com\\\/#website\",\"url\":\"https:\\\/\\\/chemsxpress.com\\\/\",\"name\":\"SHOP MDPHP\",\"description\":\"Buy MDPHP freebase from reliable supplier\",\"potentialAction\":[{\"@type\":\"SearchAction\",\"target\":{\"@type\":\"EntryPoint\",\"urlTemplate\":\"https:\\\/\\\/chemsxpress.com\\\/?s={search_term_string}\"},\"query-input\":{\"@type\":\"PropertyValueSpecification\",\"valueRequired\":true,\"valueName\":\"search_term_string\"}}],\"inLanguage\":\"de\"}]}<\/script>\n<!-- \/ Yoast SEO Premium plugin. -->","yoast_head_json":{"title":"4-AcO-DPT kaufen: Premium Forschungschemikalien | ChemsXpress","description":"Kaufen Sie 4-AcO-DPT von ChemsXpress. Entdecken Sie unsere erstklassige Auswahl an RC's mit schnellem und diskretem Versand. Vertrauen Sie auf unsere Qualit\u00e4t.","robots":{"index":"index","follow":"follow","max-snippet":"max-snippet:-1","max-image-preview":"max-image-preview:large","max-video-preview":"max-video-preview:-1"},"canonical":"https:\/\/chemsxpress.com\/de\/produkt\/4-aco-dp-kaufen\/","og_locale":"de_DE","og_type":"article","og_title":"4-ACO-DPT","og_description":"Buy 4-AcO-DPT from ChemsXpress. Explore our premium selection of RC's with fast and discreet shipping. Trust in our quality.","og_url":"https:\/\/chemsxpress.com\/de\/produkt\/4-aco-dp-kaufen\/","og_site_name":"SHOP MDPHP","article_modified_time":"2024-07-04T21:52:13+00:00","og_image":[{"width":600,"height":600,"url":"https:\/\/chemsxpress.com\/wp-content\/uploads\/2024\/04\/4-ACO-DPT-1.jpg","type":"image\/jpeg"}],"twitter_card":"summary_large_image","twitter_misc":{"Gesch\u00e4tzte Lesezeit":"3\u00a0Minuten"},"schema":{"@context":"https:\/\/schema.org","@graph":[{"@type":"WebPage","@id":"https:\/\/chemsxpress.com\/product\/buy-4-aco-dp\/","url":"https:\/\/chemsxpress.com\/product\/buy-4-aco-dp\/","name":"4-AcO-DPT kaufen: Premium Forschungschemikalien | ChemsXpress","isPartOf":{"@id":"https:\/\/chemsxpress.com\/#website"},"primaryImageOfPage":{"@id":"https:\/\/chemsxpress.com\/product\/buy-4-aco-dp\/#primaryimage"},"image":{"@id":"https:\/\/chemsxpress.com\/product\/buy-4-aco-dp\/#primaryimage"},"thumbnailUrl":"https:\/\/chemsxpress.com\/wp-content\/uploads\/2024\/04\/4-ACO-DPT-1.jpg","datePublished":"2024-04-29T13:21:22+00:00","dateModified":"2024-07-04T21:52:13+00:00","description":"Kaufen Sie 4-AcO-DPT von ChemsXpress. Entdecken Sie unsere erstklassige Auswahl an RC's mit schnellem und diskretem Versand. Vertrauen Sie auf unsere Qualit\u00e4t.","breadcrumb":{"@id":"https:\/\/chemsxpress.com\/product\/buy-4-aco-dp\/#breadcrumb"},"inLanguage":"de","potentialAction":[{"@type":"ReadAction","target":["https:\/\/chemsxpress.com\/product\/buy-4-aco-dp\/"]}]},{"@type":"ImageObject","inLanguage":"de","@id":"https:\/\/chemsxpress.com\/product\/buy-4-aco-dp\/#primaryimage","url":"https:\/\/chemsxpress.com\/wp-content\/uploads\/2024\/04\/4-ACO-DPT-1.jpg","contentUrl":"https:\/\/chemsxpress.com\/wp-content\/uploads\/2024\/04\/4-ACO-DPT-1.jpg","width":600,"height":600,"caption":"Buy 4-AcO-DP"},{"@type":"BreadcrumbList","@id":"https:\/\/chemsxpress.com\/product\/buy-4-aco-dp\/#breadcrumb","itemListElement":[{"@type":"ListItem","position":1,"name":"Home","item":"https:\/\/chemsxpress.com\/"},{"@type":"ListItem","position":2,"name":"Shop","item":"https:\/\/chemsxpress.com\/shop\/"},{"@type":"ListItem","position":3,"name":"4-ACO-DPT"}]},{"@type":"WebSite","@id":"https:\/\/chemsxpress.com\/#website","url":"https:\/\/chemsxpress.com\/","name":"MDPHP EINKAUFEN","description":"MDPHP freebase von einem zuverl\u00e4ssigen Anbieter kaufen","potentialAction":[{"@type":"SearchAction","target":{"@type":"EntryPoint","urlTemplate":"https:\/\/chemsxpress.com\/?s={search_term_string}"},"query-input":{"@type":"PropertyValueSpecification","valueRequired":true,"valueName":"search_term_string"}}],"inLanguage":"de"}]}},"jetpack_sharing_enabled":true,"_links":{"self":[{"href":"https:\/\/chemsxpress.com\/de\/wp-json\/wp\/v2\/product\/29320","targetHints":{"allow":["GET"]}}],"collection":[{"href":"https:\/\/chemsxpress.com\/de\/wp-json\/wp\/v2\/product"}],"about":[{"href":"https:\/\/chemsxpress.com\/de\/wp-json\/wp\/v2\/types\/product"}],"replies":[{"embeddable":true,"href":"https:\/\/chemsxpress.com\/de\/wp-json\/wp\/v2\/comments?post=29320"}],"version-history":[{"count":4,"href":"https:\/\/chemsxpress.com\/de\/wp-json\/wp\/v2\/product\/29320\/revisions"}],"predecessor-version":[{"id":29988,"href":"https:\/\/chemsxpress.com\/de\/wp-json\/wp\/v2\/product\/29320\/revisions\/29988"}],"wp:featuredmedia":[{"embeddable":true,"href":"https:\/\/chemsxpress.com\/de\/wp-json\/wp\/v2\/media\/29385"}],"wp:attachment":[{"href":"https:\/\/chemsxpress.com\/de\/wp-json\/wp\/v2\/media?parent=29320"}],"wp:term":[{"taxonomy":"product_brand","embeddable":true,"href":"https:\/\/chemsxpress.com\/de\/wp-json\/wp\/v2\/product_brand?post=29320"},{"taxonomy":"product_cat","embeddable":true,"href":"https:\/\/chemsxpress.com\/de\/wp-json\/wp\/v2\/product_cat?post=29320"},{"taxonomy":"product_tag","embeddable":true,"href":"https:\/\/chemsxpress.com\/de\/wp-json\/wp\/v2\/product_tag?post=29320"}],"curies":[{"name":"wp","href":"https:\/\/api.w.org\/{rel}","templated":true}]}}