{"id":29321,"date":"2024-04-29T13:21:22","date_gmt":"2024-04-29T13:21:22","guid":{"rendered":"https:\/\/chemsxpress.com\/?post_type=product&#038;p=29321"},"modified":"2025-05-26T11:48:31","modified_gmt":"2025-05-26T11:48:31","slug":"4-ho-mpt-online-kaufen","status":"publish","type":"product","link":"https:\/\/chemsxpress.com\/de\/produkt\/4-ho-mpt-online-kaufen\/","title":{"rendered":"4-HO-MPT"},"content":{"rendered":"<h1><strong>4-HO-MPT online kaufen<\/strong><\/h1>\n<p>4-HO-MPT online kaufen ist ein synthetisches Indolmolek\u00fcl aus der Klasse der Tryptamine und ein Homolog eines nat\u00fcrlich vorkommenden Tryptamins, Psilocin.<\/p>\n<p>Bei der Forschung mit dieser Chemikalie sollten Chemiker immer ihre exponierten Bereiche und ihre Haut durch das Tragen von Schutzbrillen, Masken und Overalls sch\u00fctzen.<\/p>\n<p>4-HO-MET online kaufen AKA schleeb, Farbe, Methylcybin, Metocin, und offiziell bekannt unter dem Namen 4-Hydroxy-N-methyl-N-ethyltryptamin, ist ein weniger bekanntes Psychedelikum der Tryptaminklasse. Der amerikanische Wissenschaftler dokumentierte seine Entdeckung 1997 in seinem Buch TiHKAL \"Tryptamines I Have Known and Loved\". Der Auftritt im Internet <a href=\"https:\/\/chemsxpress.com\/de\/produktkategorie\/forschungschemikalien\/\">Forschungschemikalien<\/a> kam erst nach dem Jahr 2000 auf den Markt und erschien neben anderen psilocybin\u00e4hnlichen Substanzen wie 4-HO-MiPT und 4-AcO-DMT.<\/p>\n<p>Es wird angenommen, dass die psychedelischen Forschungsergebnisse von buy 4-HO-MET online auf seine Aktivit\u00e4t am 5-HT2A-Rezeptor als partieller Agonist zur\u00fcckzuf\u00fchren sind. Diese Rolle und die Art und Weise, wie sie zu diesen Forschungsergebnissen f\u00fchren, sind jedoch noch Gegenstand laufender wissenschaftlicher Untersuchungen. Gelegenheit f\u00fcr Forscher, dies weiter zu untersuchen!<\/p>\n<h3><strong>WIE VERWENDET MAN 4-HO-MET-SPR\u00dcHFLASCHEN?<\/strong><\/h3>\n<p>Bewahren Sie die 4-HO-MET Spr\u00fchflaschen an einem trockenen und k\u00fchlen Ort auf, um eine maximale Haltbarkeit zu gew\u00e4hrleisten. Achten Sie beim Umgang mit Forschungschemikalien darauf, im Labor immer die richtigen Vorsichtsma\u00dfnahmen zu treffen, wie z. B. das Abwischen von Oberfl\u00e4chen und das Tragen von Handschuhen, einer Maske und Schutzkleidung. Wir raten dringend dazu, bei der Verwendung von Forschungschemikalien Ma\u00dfnahmen zur Schadensbegrenzung zu ergreifen.<\/p>\n<h3><strong>DEFINITION 4-HO-MET\u00a0<\/strong><\/h3>\n<p>Die Definition von 4-HO-MET ist offiziell als 4-Hydroxy-N-methyl-N-ethyltryptamin bekannt.  Schleeb, Farbe, Methylcybin, Metocin sind alles gebr\u00e4uchliche Bezeichnungen f\u00fcr dieses weniger bekannte Psychedelikum aus der Tryptaminklasse. 4-HO-MET ist strukturell mit Psilocin verwandt, das auch als Zauberpilz bekannt ist.<\/p>\n<h3><strong>CHEMIE HINTERGRUNDINFORMATIONEN 4-HO-MET<\/strong><\/h3>\n<p>4-HO-MET, oder 4-Hydroxy-N-Ethyl-N-Methyltryptamin, ist ein synthetisches Molek\u00fcl der Tryptaminklasse. Tryptamine haben eine gemeinsame Kernstruktur, die aus einem bicyclischen Indol-Heterozyklus besteht, der an R3 \u00fcber eine Ethyl-Seitenkette mit einer Aminogruppe verbunden ist. 4-Hydroxy-N-ethyl-N-methyltryptamin enth\u00e4lt ebenfalls eine Methylgruppe und eine Ethylkette, die an das terminale Amin RN des Tryptamingrundger\u00fcsts (MET) gebunden sind.<\/p>\n<p>4-HO-MET ist verwandt mit 4-AcO-MET und Psilocin (4-HO-DMT). Es ist auch das 4-Hydroxyl-Analogon des Grundtryptamins MET. Es wird angenommen, dass die psychedelischen Wirkungen auf seine Aktivit\u00e4t am 5-HT2A-Rezeptor als partieller Agonist zur\u00fcckzuf\u00fchren sind. Die Rolle dieser Wirkungen und wie sie zustande kommen, ist jedoch noch Gegenstand laufender wissenschaftlicher Untersuchungen.<\/p>\n<h3><strong>WO KANN MAN 4-HO-MET KAUFEN?<\/strong><\/h3>\n<p>4-HO-MET kann hier erworben werden <a href=\"https:\/\/chemsxpress.com\/de\/\">ChemsXpress<\/a>\u00a0Website. Wir verkaufen 4-HO-MET in Premiumqualit\u00e4t, in der Regel in Form von Pellets und Spray. Wir haben jedoch oft auch andere Substanzformen zur Verf\u00fcgung, also z\u00f6gern Sie nicht, uns zu kontaktieren, um zu sehen, ob wir Ihre bevorzugte Substanzform auf Lager haben. Sie m\u00fcssen mindestens 18 Jahre alt sein, um 4-HO-MET bei uns zu kaufen.<\/p>","protected":false},"excerpt":{"rendered":"<p>Buy 4-HO-MPT Online Buy 4-HO-MPT online ist ein synthetisches Indolmolek\u00fcl der Tryptaminklasse, es ist auch ein Homolog<\/p>","protected":false},"featured_media":29387,"comment_status":"open","ping_status":"closed","template":"","meta":[],"product_brand":[],"product_cat":[92],"product_tag":[],"class_list":{"0":"post-29321","1":"product","2":"type-product","3":"status-publish","4":"has-post-thumbnail","6":"product_cat-tryptamines","8":"first","9":"instock","10":"shipping-taxable","11":"purchasable","12":"product-type-variable"},"yoast_head":"<!-- This site is optimized with the Yoast SEO Premium plugin v24.1 (Yoast SEO v27.4) - https:\/\/yoast.com\/product\/yoast-seo-premium-wordpress\/ -->\n<title>Buy 4-HO-MPT Online: Premium Quality Research Chemicals<\/title>\n<meta name=\"description\" content=\"Buy 4-HO-MPT Online. Browse our premium collection of research chemicals available for purchase online. Fast shipping and exceptional service guaranteed.\" \/>\n<meta name=\"robots\" content=\"index, follow, max-snippet:-1, max-image-preview:large, max-video-preview:-1\" \/>\n<link rel=\"canonical\" href=\"https:\/\/chemsxpress.com\/de\/produkt\/4-ho-mpt-online-kaufen\/\" \/>\n<meta property=\"og:locale\" content=\"de_DE\" \/>\n<meta property=\"og:type\" content=\"article\" \/>\n<meta property=\"og:title\" content=\"4-HO-MPT\" \/>\n<meta property=\"og:description\" content=\"Buy 4-HO-MPT Online. Browse our premium collection of research chemicals available for purchase online. Fast shipping and exceptional service guaranteed.\" \/>\n<meta property=\"og:url\" content=\"https:\/\/chemsxpress.com\/de\/produkt\/4-ho-mpt-online-kaufen\/\" \/>\n<meta property=\"og:site_name\" content=\"SHOP MDPHP\" \/>\n<meta property=\"article:modified_time\" content=\"2025-05-26T11:48:31+00:00\" \/>\n<meta property=\"og:image\" content=\"https:\/\/chemsxpress.com\/wp-content\/uploads\/2024\/04\/4-HO-MET-1.jpg\" \/>\n\t<meta property=\"og:image:width\" content=\"600\" \/>\n\t<meta property=\"og:image:height\" content=\"600\" \/>\n\t<meta property=\"og:image:type\" content=\"image\/jpeg\" \/>\n<meta name=\"twitter:card\" content=\"summary_large_image\" \/>\n<meta name=\"twitter:label1\" content=\"Gesch\u00e4tzte Lesezeit\" \/>\n\t<meta name=\"twitter:data1\" content=\"3\u00a0Minuten\" \/>\n<script type=\"application\/ld+json\" class=\"yoast-schema-graph\">{\"@context\":\"https:\\\/\\\/schema.org\",\"@graph\":[{\"@type\":\"WebPage\",\"@id\":\"https:\\\/\\\/chemsxpress.com\\\/product\\\/buy-4-ho-mpt-online\\\/\",\"url\":\"https:\\\/\\\/chemsxpress.com\\\/product\\\/buy-4-ho-mpt-online\\\/\",\"name\":\"Buy 4-HO-MPT Online: Premium Quality Research Chemicals\",\"isPartOf\":{\"@id\":\"https:\\\/\\\/chemsxpress.com\\\/#website\"},\"primaryImageOfPage\":{\"@id\":\"https:\\\/\\\/chemsxpress.com\\\/product\\\/buy-4-ho-mpt-online\\\/#primaryimage\"},\"image\":{\"@id\":\"https:\\\/\\\/chemsxpress.com\\\/product\\\/buy-4-ho-mpt-online\\\/#primaryimage\"},\"thumbnailUrl\":\"https:\\\/\\\/chemsxpress.com\\\/wp-content\\\/uploads\\\/2024\\\/04\\\/4-HO-MET-1.jpg\",\"datePublished\":\"2024-04-29T13:21:22+00:00\",\"dateModified\":\"2025-05-26T11:48:31+00:00\",\"description\":\"Buy 4-HO-MPT Online. Browse our premium collection of research chemicals available for purchase online. Fast shipping and exceptional service guaranteed.\",\"breadcrumb\":{\"@id\":\"https:\\\/\\\/chemsxpress.com\\\/product\\\/buy-4-ho-mpt-online\\\/#breadcrumb\"},\"inLanguage\":\"de\",\"potentialAction\":[{\"@type\":\"ReadAction\",\"target\":[\"https:\\\/\\\/chemsxpress.com\\\/product\\\/buy-4-ho-mpt-online\\\/\"]}]},{\"@type\":\"ImageObject\",\"inLanguage\":\"de\",\"@id\":\"https:\\\/\\\/chemsxpress.com\\\/product\\\/buy-4-ho-mpt-online\\\/#primaryimage\",\"url\":\"https:\\\/\\\/chemsxpress.com\\\/wp-content\\\/uploads\\\/2024\\\/04\\\/4-HO-MET-1.jpg\",\"contentUrl\":\"https:\\\/\\\/chemsxpress.com\\\/wp-content\\\/uploads\\\/2024\\\/04\\\/4-HO-MET-1.jpg\",\"width\":600,\"height\":600,\"caption\":\"Buy 4-HO-MPT online\"},{\"@type\":\"BreadcrumbList\",\"@id\":\"https:\\\/\\\/chemsxpress.com\\\/product\\\/buy-4-ho-mpt-online\\\/#breadcrumb\",\"itemListElement\":[{\"@type\":\"ListItem\",\"position\":1,\"name\":\"Home\",\"item\":\"https:\\\/\\\/chemsxpress.com\\\/\"},{\"@type\":\"ListItem\",\"position\":2,\"name\":\"Shop\",\"item\":\"https:\\\/\\\/chemsxpress.com\\\/shop\\\/\"},{\"@type\":\"ListItem\",\"position\":3,\"name\":\"4-HO-MPT\"}]},{\"@type\":\"WebSite\",\"@id\":\"https:\\\/\\\/chemsxpress.com\\\/#website\",\"url\":\"https:\\\/\\\/chemsxpress.com\\\/\",\"name\":\"SHOP MDPHP\",\"description\":\"Buy MDPHP freebase from reliable supplier\",\"potentialAction\":[{\"@type\":\"SearchAction\",\"target\":{\"@type\":\"EntryPoint\",\"urlTemplate\":\"https:\\\/\\\/chemsxpress.com\\\/?s={search_term_string}\"},\"query-input\":{\"@type\":\"PropertyValueSpecification\",\"valueRequired\":true,\"valueName\":\"search_term_string\"}}],\"inLanguage\":\"de\"}]}<\/script>\n<!-- \/ Yoast SEO Premium plugin. -->","yoast_head_json":{"title":"4-HO-MPT online kaufen: Premium Qualit\u00e4t Forschungschemikalien","description":"Schalten Sie neue Forschungsm\u00f6glichkeiten frei und kaufen Sie 4-HO-MiPT. Kaufen Sie online unsere Premium-Auswahl an Forschungschemikalien. Schneller Versand und au\u00dfergew\u00f6hnlicher Service garantiert.","robots":{"index":"index","follow":"follow","max-snippet":"max-snippet:-1","max-image-preview":"max-image-preview:large","max-video-preview":"max-video-preview:-1"},"canonical":"https:\/\/chemsxpress.com\/de\/produkt\/4-ho-mpt-online-kaufen\/","og_locale":"de_DE","og_type":"article","og_title":"4-HO-MPT","og_description":"Buy 4-HO-MPT Online. Browse our premium collection of research chemicals available for purchase online. Fast shipping and exceptional service guaranteed.","og_url":"https:\/\/chemsxpress.com\/de\/produkt\/4-ho-mpt-online-kaufen\/","og_site_name":"SHOP MDPHP","article_modified_time":"2025-05-26T11:48:31+00:00","og_image":[{"width":600,"height":600,"url":"https:\/\/chemsxpress.com\/wp-content\/uploads\/2024\/04\/4-HO-MET-1.jpg","type":"image\/jpeg"}],"twitter_card":"summary_large_image","twitter_misc":{"Gesch\u00e4tzte Lesezeit":"3\u00a0Minuten"},"schema":{"@context":"https:\/\/schema.org","@graph":[{"@type":"WebPage","@id":"https:\/\/chemsxpress.com\/product\/buy-4-ho-mpt-online\/","url":"https:\/\/chemsxpress.com\/product\/buy-4-ho-mpt-online\/","name":"4-HO-MPT online kaufen: Premium Qualit\u00e4t Forschungschemikalien","isPartOf":{"@id":"https:\/\/chemsxpress.com\/#website"},"primaryImageOfPage":{"@id":"https:\/\/chemsxpress.com\/product\/buy-4-ho-mpt-online\/#primaryimage"},"image":{"@id":"https:\/\/chemsxpress.com\/product\/buy-4-ho-mpt-online\/#primaryimage"},"thumbnailUrl":"https:\/\/chemsxpress.com\/wp-content\/uploads\/2024\/04\/4-HO-MET-1.jpg","datePublished":"2024-04-29T13:21:22+00:00","dateModified":"2025-05-26T11:48:31+00:00","description":"Schalten Sie neue Forschungsm\u00f6glichkeiten frei und kaufen Sie 4-HO-MiPT. Kaufen Sie online unsere Premium-Auswahl an Forschungschemikalien. Schneller Versand und au\u00dfergew\u00f6hnlicher Service garantiert.","breadcrumb":{"@id":"https:\/\/chemsxpress.com\/product\/buy-4-ho-mpt-online\/#breadcrumb"},"inLanguage":"de","potentialAction":[{"@type":"ReadAction","target":["https:\/\/chemsxpress.com\/product\/buy-4-ho-mpt-online\/"]}]},{"@type":"ImageObject","inLanguage":"de","@id":"https:\/\/chemsxpress.com\/product\/buy-4-ho-mpt-online\/#primaryimage","url":"https:\/\/chemsxpress.com\/wp-content\/uploads\/2024\/04\/4-HO-MET-1.jpg","contentUrl":"https:\/\/chemsxpress.com\/wp-content\/uploads\/2024\/04\/4-HO-MET-1.jpg","width":600,"height":600,"caption":"Buy 4-HO-MPT online"},{"@type":"BreadcrumbList","@id":"https:\/\/chemsxpress.com\/product\/buy-4-ho-mpt-online\/#breadcrumb","itemListElement":[{"@type":"ListItem","position":1,"name":"Home","item":"https:\/\/chemsxpress.com\/"},{"@type":"ListItem","position":2,"name":"Shop","item":"https:\/\/chemsxpress.com\/shop\/"},{"@type":"ListItem","position":3,"name":"4-HO-MPT"}]},{"@type":"WebSite","@id":"https:\/\/chemsxpress.com\/#website","url":"https:\/\/chemsxpress.com\/","name":"MDPHP EINKAUFEN","description":"MDPHP freebase von einem zuverl\u00e4ssigen Anbieter kaufen","potentialAction":[{"@type":"SearchAction","target":{"@type":"EntryPoint","urlTemplate":"https:\/\/chemsxpress.com\/?s={search_term_string}"},"query-input":{"@type":"PropertyValueSpecification","valueRequired":true,"valueName":"search_term_string"}}],"inLanguage":"de"}]}},"jetpack_sharing_enabled":true,"_links":{"self":[{"href":"https:\/\/chemsxpress.com\/de\/wp-json\/wp\/v2\/product\/29321","targetHints":{"allow":["GET"]}}],"collection":[{"href":"https:\/\/chemsxpress.com\/de\/wp-json\/wp\/v2\/product"}],"about":[{"href":"https:\/\/chemsxpress.com\/de\/wp-json\/wp\/v2\/types\/product"}],"replies":[{"embeddable":true,"href":"https:\/\/chemsxpress.com\/de\/wp-json\/wp\/v2\/comments?post=29321"}],"version-history":[{"count":4,"href":"https:\/\/chemsxpress.com\/de\/wp-json\/wp\/v2\/product\/29321\/revisions"}],"predecessor-version":[{"id":29987,"href":"https:\/\/chemsxpress.com\/de\/wp-json\/wp\/v2\/product\/29321\/revisions\/29987"}],"wp:featuredmedia":[{"embeddable":true,"href":"https:\/\/chemsxpress.com\/de\/wp-json\/wp\/v2\/media\/29387"}],"wp:attachment":[{"href":"https:\/\/chemsxpress.com\/de\/wp-json\/wp\/v2\/media?parent=29321"}],"wp:term":[{"taxonomy":"product_brand","embeddable":true,"href":"https:\/\/chemsxpress.com\/de\/wp-json\/wp\/v2\/product_brand?post=29321"},{"taxonomy":"product_cat","embeddable":true,"href":"https:\/\/chemsxpress.com\/de\/wp-json\/wp\/v2\/product_cat?post=29321"},{"taxonomy":"product_tag","embeddable":true,"href":"https:\/\/chemsxpress.com\/de\/wp-json\/wp\/v2\/product_tag?post=29321"}],"curies":[{"name":"wp","href":"https:\/\/api.w.org\/{rel}","templated":true}]}}