{"id":29355,"date":"2024-04-29T13:21:43","date_gmt":"2024-04-29T13:21:43","guid":{"rendered":"https:\/\/chemsxpress.com\/?post_type=product&#038;p=29355"},"modified":"2026-02-03T09:53:32","modified_gmt":"2026-02-03T09:53:32","slug":"4-aco-met","status":"publish","type":"product","link":"https:\/\/chemsxpress.com\/de\/produkt\/4-aco-met\/","title":{"rendered":"4-ACO-MET"},"content":{"rendered":"<h2><strong>4-ACO-MET KAUFEN<\/strong><\/h2>\n<p>Kaufen Sie 4-ACO-MET Online, 4-Acetoxy-N-Ethyl-N-Methyltryptamin, auch bekannt als 4-Aco-MET, Metacetin oder Azomet, ist eine weniger bekannte psychedelische Substanz, die in die chemische Klasse der Tryptamine f\u00e4llt. Mitglieder dieser chemischen Klasse haben psilocybin\u00e4hnliche Forschungsergebnisse und sind strukturell mit vielen anderen psychedelischen Tryptaminen wie 4-AcO-DMT, 4-AcO-DET und 4-AcO-MiPT verwandt. 4-AcO-MET ist strukturell \u00e4hnlich wie 4-HO-MET, auch bekannt als \"Schleeb\" und \"Farbe\". 4-HO-MET ist chemisch verwandt mit Psilocin, dem Wirkstoff in Psilocybin-Pilzen (\"Magic Mushrooms\"), daher ist es nicht verwunderlich, dass 4-AcO-MET h\u00f6chstwahrscheinlich die gleichen Forschungsergebnisse hat.<\/p>\n<p>&nbsp;<\/p>\n<h2><strong>WIE VERWENDET MAN 4-ACO-MET PULVER &amp; PELLETS?<\/strong><\/h2>\n<p>Unter <a href=\"https:\/\/chemsxpress.com\/de\/\">Chemsxpress<\/a> k\u00f6nnen Sie 4-AcO-MET und eines der besten psychedelischen Tryptamine online in der hochwertigsten Pulver- und Pelletform kaufen. 4-AcO-MET Pulver ist in den Mengen 0,25gr, 0,5gr, 1gr, 2gr, 5gr, oder 10gr erh\u00e4ltlich. Unser <a href=\"https:\/\/chemsxpress.com\/de\/produktschild\/4-aco-met-kugelchen-20mg\/\">4-AcO-MET Pellets<\/a> sind in Mengen von 1-25 erh\u00e4ltlich. Jedes Pellet enth\u00e4lt genau 20mcg (Mikrogramm) von 4-AcO-MET.<\/p>\n<p>Ensure to store the 4-AcO-MET powder or 4-AcO-MET pellets in a dry and cool place for maximum shelf-life. When <a href=\"https:\/\/chemsxpress.com\/de\/wie-man-forschungschemikalien-sicher-lagert-und-handhabt\/\">handling research chemicals<\/a> ensure to always take the proper precautions in the laboratory like wiping down surfaces and wearing gloves, a mask &amp; protective clothing. We\u00a0strongly advised using harm reduction practices when using research chemicals.<\/p>\n<p>&nbsp;<\/p>\n<h2><strong>DEFINITION 4-ACO-MET<\/strong><\/h2>\n<p>Die Definition von 4-AcO-MET ist offiziell als 4-Acetoxy-N-ethyl-N-methyltryptamin bekannt, wird aber oft auch unter den Namen Metacetin und Azomet gef\u00fchrt. Es ist eine weniger bekannte psychedelische Substanz der Tryptaminklasse, die strukturell mit psychedelischen Tryptaminen wie 4-AcO-DMT, 4-AcO-DET und 4-AcO-MiPT verwandt ist.<\/p>\n<p>&nbsp;<\/p>\n<h2><strong>CHEMIE HINTERGRUNDINFORMATIONEN 4-ACO-MET<\/strong><\/h2>\n<p>4-Acetoxy-N-methyl-N-ethyltryptamin ist ein synthetisches Molek\u00fcl aus der Familie der Tryptamine. Tryptamine kommen auch nat\u00fcrlich in den meisten Pflanzen und Tieren vor und entstehen durch die Decarboxylierung der Aminos\u00e4ure Tryptophan. Die Kernstruktur der Tryptamine besteht aus einem bicyclischen Indol-Heterocyclus, der \u00fcber eine Ethyl-Seitenkette an eine Aminogruppe gebunden ist. Es ist zu erwarten, dass die Substanz durch Serumesterasen rasch in das freie Phenol 4-HO-DET hydrolysiert wird. 4-AcO-DET enth\u00e4lt eine Methylgruppe und eine Ethylkette, die an das endst\u00e4ndige Amin RN seines Tryptamingrundger\u00fcsts (MET) gebunden sind. Es wird angenommen, dass die Forschungsergebnisse von 4-Acetoxy-N-methyl-N-ethyltryptamin auf seine Wirksamkeit am 5-HT2A-Rezeptor als partieller Agonist zur\u00fcckzuf\u00fchren sind.<\/p>\n<p>&nbsp;<\/p>\n<h2><strong>WO KANN MAN 4-ACOMET KAUFEN?<\/strong><\/h2>\n<p>4-AcO-MET can be purchased here on the chemsxpress\u00a0website. We sell premium quality 4-AcO-MET, typically in powder and pellets. However, we often have other substance forms available, so feel free to contact us to see if we have your preferred substance form in stock. You must be at least 18 years old to buy <a href=\"https:\/\/rocketchems.com\/\">4-AcO-MET Powd<\/a>er &amp; Pellets from us.<\/p>","protected":false},"excerpt":{"rendered":"<p><strong>IUPAC-Name: <\/strong>3-(2-Ethyl(methyl)aminoethyl)-1H-indol-4-yl-acetat<\/p>\n<p><strong>CAS # <\/strong>246-87-2<\/p>\n<p><strong>Erscheinungsbild: <\/strong>Pulver<\/p>\n<p><strong>Form: <\/strong>Fumarat<\/p>\n<p><strong>NMR-Analyse: <\/strong>C15H20N2O2<\/p>","protected":false},"featured_media":29389,"comment_status":"open","ping_status":"closed","template":"","meta":[],"product_brand":[],"product_cat":[92],"product_tag":[],"class_list":{"0":"post-29355","1":"product","2":"type-product","3":"status-publish","4":"has-post-thumbnail","6":"product_cat-tryptamines","8":"first","9":"instock","10":"shipping-taxable","11":"purchasable","12":"product-type-variable"},"yoast_head":"<!-- This site is optimized with the Yoast SEO Premium plugin v24.1 (Yoast SEO v27.4) - https:\/\/yoast.com\/product\/yoast-seo-premium-wordpress\/ -->\n<title>Buy 4-ACO-MET Online:Best Research Chemicals at chemsxpress<\/title>\n<meta name=\"description\" content=\"Buy 4-ACO-MET Elevate your research with 4-ACO-MET. Explore our selection of A grade research chemicals. Trusted source, discreet packaging, fast shipping\" \/>\n<meta name=\"robots\" content=\"index, follow, max-snippet:-1, max-image-preview:large, max-video-preview:-1\" \/>\n<link rel=\"canonical\" href=\"https:\/\/chemsxpress.com\/de\/produkt\/4-aco-met\/\" \/>\n<meta property=\"og:locale\" content=\"de_DE\" \/>\n<meta property=\"og:type\" content=\"article\" \/>\n<meta property=\"og:title\" content=\"4-ACO-MET\" \/>\n<meta property=\"og:description\" content=\"Buy 4-ACO-MET Elevate your research with 4-ACO-MET. Explore our selection of A grade research chemicals. Trusted source, discreet packaging, fast shipping\" \/>\n<meta property=\"og:url\" content=\"https:\/\/chemsxpress.com\/de\/produkt\/4-aco-met\/\" \/>\n<meta property=\"og:site_name\" content=\"SHOP MDPHP\" \/>\n<meta property=\"article:modified_time\" content=\"2026-02-03T09:53:32+00:00\" \/>\n<meta property=\"og:image\" content=\"https:\/\/chemsxpress.com\/wp-content\/uploads\/2024\/04\/4-ACO-MET.jpg\" \/>\n\t<meta property=\"og:image:width\" content=\"600\" \/>\n\t<meta property=\"og:image:height\" content=\"600\" \/>\n\t<meta property=\"og:image:type\" content=\"image\/jpeg\" \/>\n<meta name=\"twitter:card\" content=\"summary_large_image\" \/>\n<meta name=\"twitter:label1\" content=\"Gesch\u00e4tzte Lesezeit\" \/>\n\t<meta name=\"twitter:data1\" content=\"3\u00a0Minuten\" \/>\n<script type=\"application\/ld+json\" class=\"yoast-schema-graph\">{\"@context\":\"https:\\\/\\\/schema.org\",\"@graph\":[{\"@type\":\"WebPage\",\"@id\":\"https:\\\/\\\/chemsxpress.com\\\/product\\\/4-aco-met\\\/\",\"url\":\"https:\\\/\\\/chemsxpress.com\\\/product\\\/4-aco-met\\\/\",\"name\":\"Buy 4-ACO-MET Online:Best Research Chemicals at chemsxpress\",\"isPartOf\":{\"@id\":\"https:\\\/\\\/chemsxpress.com\\\/#website\"},\"primaryImageOfPage\":{\"@id\":\"https:\\\/\\\/chemsxpress.com\\\/product\\\/4-aco-met\\\/#primaryimage\"},\"image\":{\"@id\":\"https:\\\/\\\/chemsxpress.com\\\/product\\\/4-aco-met\\\/#primaryimage\"},\"thumbnailUrl\":\"https:\\\/\\\/chemsxpress.com\\\/wp-content\\\/uploads\\\/2024\\\/04\\\/4-ACO-MET.jpg\",\"datePublished\":\"2024-04-29T13:21:43+00:00\",\"dateModified\":\"2026-02-03T09:53:32+00:00\",\"description\":\"Buy 4-ACO-MET Elevate your research with 4-ACO-MET. Explore our selection of A grade research chemicals. Trusted source, discreet packaging, fast shipping\",\"breadcrumb\":{\"@id\":\"https:\\\/\\\/chemsxpress.com\\\/product\\\/4-aco-met\\\/#breadcrumb\"},\"inLanguage\":\"de\",\"potentialAction\":[{\"@type\":\"ReadAction\",\"target\":[\"https:\\\/\\\/chemsxpress.com\\\/product\\\/4-aco-met\\\/\"]}]},{\"@type\":\"ImageObject\",\"inLanguage\":\"de\",\"@id\":\"https:\\\/\\\/chemsxpress.com\\\/product\\\/4-aco-met\\\/#primaryimage\",\"url\":\"https:\\\/\\\/chemsxpress.com\\\/wp-content\\\/uploads\\\/2024\\\/04\\\/4-ACO-MET.jpg\",\"contentUrl\":\"https:\\\/\\\/chemsxpress.com\\\/wp-content\\\/uploads\\\/2024\\\/04\\\/4-ACO-MET.jpg\",\"width\":600,\"height\":600,\"caption\":\"Buy 4-ACO-MET Online\"},{\"@type\":\"BreadcrumbList\",\"@id\":\"https:\\\/\\\/chemsxpress.com\\\/product\\\/4-aco-met\\\/#breadcrumb\",\"itemListElement\":[{\"@type\":\"ListItem\",\"position\":1,\"name\":\"Home\",\"item\":\"https:\\\/\\\/chemsxpress.com\\\/\"},{\"@type\":\"ListItem\",\"position\":2,\"name\":\"Shop\",\"item\":\"https:\\\/\\\/chemsxpress.com\\\/shop\\\/\"},{\"@type\":\"ListItem\",\"position\":3,\"name\":\"4-ACO-MET\"}]},{\"@type\":\"WebSite\",\"@id\":\"https:\\\/\\\/chemsxpress.com\\\/#website\",\"url\":\"https:\\\/\\\/chemsxpress.com\\\/\",\"name\":\"SHOP MDPHP\",\"description\":\"Buy MDPHP freebase from reliable supplier\",\"potentialAction\":[{\"@type\":\"SearchAction\",\"target\":{\"@type\":\"EntryPoint\",\"urlTemplate\":\"https:\\\/\\\/chemsxpress.com\\\/?s={search_term_string}\"},\"query-input\":{\"@type\":\"PropertyValueSpecification\",\"valueRequired\":true,\"valueName\":\"search_term_string\"}}],\"inLanguage\":\"de\"}]}<\/script>\n<!-- \/ Yoast SEO Premium plugin. -->","yoast_head_json":{"title":"Kaufen Sie 4-ACO-MET online: Beste Forschungschemikalien bei chemsxpress","description":"Kaufen Sie 4-ACO-MET. Erweitern Sie Ihre Forschung mit 4-ACO-MET. Entdecken Sie unsere Auswahl an Forschungschemikalien der G\u00fcteklasse A. Vertrauensw\u00fcrdige Quelle, diskrete Verpackung, schneller Versand","robots":{"index":"index","follow":"follow","max-snippet":"max-snippet:-1","max-image-preview":"max-image-preview:large","max-video-preview":"max-video-preview:-1"},"canonical":"https:\/\/chemsxpress.com\/de\/produkt\/4-aco-met\/","og_locale":"de_DE","og_type":"article","og_title":"4-ACO-MET","og_description":"Buy 4-ACO-MET Elevate your research with 4-ACO-MET. Explore our selection of A grade research chemicals. Trusted source, discreet packaging, fast shipping","og_url":"https:\/\/chemsxpress.com\/de\/produkt\/4-aco-met\/","og_site_name":"SHOP MDPHP","article_modified_time":"2026-02-03T09:53:32+00:00","og_image":[{"width":600,"height":600,"url":"https:\/\/chemsxpress.com\/wp-content\/uploads\/2024\/04\/4-ACO-MET.jpg","type":"image\/jpeg"}],"twitter_card":"summary_large_image","twitter_misc":{"Gesch\u00e4tzte Lesezeit":"3\u00a0Minuten"},"schema":{"@context":"https:\/\/schema.org","@graph":[{"@type":"WebPage","@id":"https:\/\/chemsxpress.com\/product\/4-aco-met\/","url":"https:\/\/chemsxpress.com\/product\/4-aco-met\/","name":"Kaufen Sie 4-ACO-MET online: Beste Forschungschemikalien bei chemsxpress","isPartOf":{"@id":"https:\/\/chemsxpress.com\/#website"},"primaryImageOfPage":{"@id":"https:\/\/chemsxpress.com\/product\/4-aco-met\/#primaryimage"},"image":{"@id":"https:\/\/chemsxpress.com\/product\/4-aco-met\/#primaryimage"},"thumbnailUrl":"https:\/\/chemsxpress.com\/wp-content\/uploads\/2024\/04\/4-ACO-MET.jpg","datePublished":"2024-04-29T13:21:43+00:00","dateModified":"2026-02-03T09:53:32+00:00","description":"Kaufen Sie 4-ACO-MET. Erweitern Sie Ihre Forschung mit 4-ACO-MET. Entdecken Sie unsere Auswahl an Forschungschemikalien der G\u00fcteklasse A. Vertrauensw\u00fcrdige Quelle, diskrete Verpackung, schneller Versand","breadcrumb":{"@id":"https:\/\/chemsxpress.com\/product\/4-aco-met\/#breadcrumb"},"inLanguage":"de","potentialAction":[{"@type":"ReadAction","target":["https:\/\/chemsxpress.com\/product\/4-aco-met\/"]}]},{"@type":"ImageObject","inLanguage":"de","@id":"https:\/\/chemsxpress.com\/product\/4-aco-met\/#primaryimage","url":"https:\/\/chemsxpress.com\/wp-content\/uploads\/2024\/04\/4-ACO-MET.jpg","contentUrl":"https:\/\/chemsxpress.com\/wp-content\/uploads\/2024\/04\/4-ACO-MET.jpg","width":600,"height":600,"caption":"Buy 4-ACO-MET Online"},{"@type":"BreadcrumbList","@id":"https:\/\/chemsxpress.com\/product\/4-aco-met\/#breadcrumb","itemListElement":[{"@type":"ListItem","position":1,"name":"Home","item":"https:\/\/chemsxpress.com\/"},{"@type":"ListItem","position":2,"name":"Shop","item":"https:\/\/chemsxpress.com\/shop\/"},{"@type":"ListItem","position":3,"name":"4-ACO-MET"}]},{"@type":"WebSite","@id":"https:\/\/chemsxpress.com\/#website","url":"https:\/\/chemsxpress.com\/","name":"MDPHP EINKAUFEN","description":"MDPHP freebase von einem zuverl\u00e4ssigen Anbieter kaufen","potentialAction":[{"@type":"SearchAction","target":{"@type":"EntryPoint","urlTemplate":"https:\/\/chemsxpress.com\/?s={search_term_string}"},"query-input":{"@type":"PropertyValueSpecification","valueRequired":true,"valueName":"search_term_string"}}],"inLanguage":"de"}]}},"jetpack_sharing_enabled":true,"_links":{"self":[{"href":"https:\/\/chemsxpress.com\/de\/wp-json\/wp\/v2\/product\/29355","targetHints":{"allow":["GET"]}}],"collection":[{"href":"https:\/\/chemsxpress.com\/de\/wp-json\/wp\/v2\/product"}],"about":[{"href":"https:\/\/chemsxpress.com\/de\/wp-json\/wp\/v2\/types\/product"}],"replies":[{"embeddable":true,"href":"https:\/\/chemsxpress.com\/de\/wp-json\/wp\/v2\/comments?post=29355"}],"version-history":[{"count":5,"href":"https:\/\/chemsxpress.com\/de\/wp-json\/wp\/v2\/product\/29355\/revisions"}],"predecessor-version":[{"id":29546,"href":"https:\/\/chemsxpress.com\/de\/wp-json\/wp\/v2\/product\/29355\/revisions\/29546"}],"wp:featuredmedia":[{"embeddable":true,"href":"https:\/\/chemsxpress.com\/de\/wp-json\/wp\/v2\/media\/29389"}],"wp:attachment":[{"href":"https:\/\/chemsxpress.com\/de\/wp-json\/wp\/v2\/media?parent=29355"}],"wp:term":[{"taxonomy":"product_brand","embeddable":true,"href":"https:\/\/chemsxpress.com\/de\/wp-json\/wp\/v2\/product_brand?post=29355"},{"taxonomy":"product_cat","embeddable":true,"href":"https:\/\/chemsxpress.com\/de\/wp-json\/wp\/v2\/product_cat?post=29355"},{"taxonomy":"product_tag","embeddable":true,"href":"https:\/\/chemsxpress.com\/de\/wp-json\/wp\/v2\/product_tag?post=29355"}],"curies":[{"name":"wp","href":"https:\/\/api.w.org\/{rel}","templated":true}]}}