{"id":29356,"date":"2024-04-29T13:21:43","date_gmt":"2024-04-29T13:21:43","guid":{"rendered":"https:\/\/chemsxpress.com\/?post_type=product&#038;p=29356"},"modified":"2025-05-29T06:02:56","modified_gmt":"2025-05-29T06:02:56","slug":"kaufen-4-ho-met","status":"publish","type":"product","link":"https:\/\/chemsxpress.com\/de\/produkt\/kaufen-4-ho-met\/","title":{"rendered":"4-HO-MET"},"content":{"rendered":"<h1>4-HO-MET kaufen<\/h1>\n<p>4-HO-MET kaufen M\u00f6chten Sie 4-HO-MET bestellen? Bestellen Sie noch heute 4-HO-MET in h\u00f6chster Qualit\u00e4t <a href=\"https:\/\/chemsxpress.com\/de\/\">chemsxpress<\/a>. 4-HO-MET ist eine Forschungschemikalie und ist nicht f\u00fcr den menschlichen Verzehr geeignet. Vor 17:30 Uhr bestellt, wird morgen geliefert! Sie k\u00f6nnen einfach und sicher mit iDEAL bezahlen, wie Sie es bereits gewohnt sind. Kaufen Sie 4-HO-MET bei rchemshop, dem schnellsten, besten und g\u00fcnstigsten <a href=\"https:\/\/chemsxpress.com\/de\/produktkategorie\/forschungschemikalien\/\">Forschungschemikalien<\/a> Spezialist in Europa! Wir bieten auch 3CMC-Kristalle, 3CMC-Pulver und 3CMC-Kapseln an. Sie sind unsicher, welches Produkt am besten zu Ihnen passt? Dann w\u00e4hlen Sie das 3CMC Doubt Pack.<\/p>\n<h2>4-HO-MET Wirkung<\/h2>\n<p>4-HO-MET, auch bekannt als \"Farbe\" und \"Metocin\", ist eine weniger bekannte psychedelische Substanz, die zur Klasse der Tryptamine geh\u00f6rt. \u00c4hnlich wie Psilocin, der Wirkstoff in \"Magic Mushrooms\", bindet sich 4-HO-MET an Serotoninrezeptoren im Gehirn, um seine Wirkung zu entfalten. Es verursacht visuelle Halluzinationen, Zeitverzerrungen und Introspektion. Es wird als Freizeitvariante der Psilocybin-Pilze betrachtet, da es einen milderen mentalen Zustand hervorruft und die visuellen Effekte im Vordergrund stehen.<\/p>\n<p>Hinweis! \u00dcber die pharmakologischen Eigenschaften, den Stoffwechsel und die Toxizit\u00e4t von 4-HO-MET ist nur wenig bekannt, aber es wird empfohlen, bei der Durchf\u00fchrung von Forschungsarbeiten Praktiken zur Schadensbegrenzung anzuwenden. Chemisch gesehen handelt es sich um ein synthetisches Indolalkaloid, das den 5-HT2A-Rezeptor beeinflusst und zu psychedelischen Erfahrungen f\u00fchrt, obwohl die genauen Mechanismen noch untersucht werden.<\/p>\n<p>Heute bestellt = morgen geliefert!<br \/>\nDie beste Qualit\u00e4t 4-HO-MET morgen! Bestellen Sie 4-HO-MET vor 17:30 Uhr und Sie haben es am n\u00e4chsten Tag. Sie k\u00f6nnen einfach und sicher mit Bank\u00fcberweisung oder Bitcoins bezahlen. Wir tun alles, was wir k\u00f6nnen, um unsere Produkte so schnell wie m\u00f6glich zu Ihnen zu bringen. Beginnen Sie noch heute mit Ihrer Recherche. Wir verkaufen nur die h\u00f6chste Qualit\u00e4t 4-HO-MET, Labor getestet.<\/p>\n<p>ChemsXpress ist einer der gr\u00f6\u00dften und zuverl\u00e4ssigsten Lieferanten von Forschungschemikalien in den Niederlanden. rchemshop bietet wettbewerbsf\u00e4hige Preise f\u00fcr gr\u00f6\u00dfere Mengen. Warten Sie nicht l\u00e4nger und kontaktieren Sie uns noch heute.<\/p>","protected":false},"excerpt":{"rendered":"<h6>IUPAC-Name:<\/h6>\n<p>3-(2-(Ethyl(methyl)amino)ethyl)-1H-indol-4-ol<\/p>","protected":false},"featured_media":29391,"comment_status":"open","ping_status":"closed","template":"","meta":[],"product_brand":[],"product_cat":[92],"product_tag":[],"class_list":{"0":"post-29356","1":"product","2":"type-product","3":"status-publish","4":"has-post-thumbnail","6":"product_cat-tryptamines","8":"first","9":"instock","10":"shipping-taxable","11":"purchasable","12":"product-type-variable"},"yoast_head":"<!-- This site is optimized with the Yoast SEO Premium plugin v24.1 (Yoast SEO v27.4) - https:\/\/yoast.com\/product\/yoast-seo-premium-wordpress\/ -->\n<title>Buy 4-HO-MET Online: Premium Psychedelic Research Chemicals<\/title>\n<meta name=\"description\" content=\"Buy 4-HO-MET . Shop now for premium-grade 4-HO-MET, a popular psychedelic research chemical known for its unique effects. Trusted source, fast shipping.\" \/>\n<meta name=\"robots\" content=\"index, follow, max-snippet:-1, max-image-preview:large, max-video-preview:-1\" \/>\n<link rel=\"canonical\" href=\"https:\/\/chemsxpress.com\/de\/produkt\/kaufen-4-ho-met\/\" \/>\n<meta property=\"og:locale\" content=\"de_DE\" \/>\n<meta property=\"og:type\" content=\"article\" \/>\n<meta property=\"og:title\" content=\"4-HO-MET\" \/>\n<meta property=\"og:description\" content=\"Buy 4-HO-MET . Shop now for premium-grade 4-HO-MET, a popular psychedelic research chemical known for its unique effects. Trusted source, fast shipping.\" \/>\n<meta property=\"og:url\" content=\"https:\/\/chemsxpress.com\/de\/produkt\/kaufen-4-ho-met\/\" \/>\n<meta property=\"og:site_name\" content=\"SHOP MDPHP\" \/>\n<meta property=\"article:modified_time\" content=\"2025-05-29T06:02:56+00:00\" \/>\n<meta property=\"og:image\" content=\"https:\/\/chemsxpress.com\/wp-content\/uploads\/2024\/04\/4-HO-MET.jpg\" \/>\n\t<meta property=\"og:image:width\" content=\"600\" \/>\n\t<meta property=\"og:image:height\" content=\"600\" \/>\n\t<meta property=\"og:image:type\" content=\"image\/jpeg\" \/>\n<meta name=\"twitter:card\" content=\"summary_large_image\" \/>\n<meta name=\"twitter:label1\" content=\"Gesch\u00e4tzte Lesezeit\" \/>\n\t<meta name=\"twitter:data1\" content=\"2\u00a0Minuten\" \/>\n<script type=\"application\/ld+json\" class=\"yoast-schema-graph\">{\"@context\":\"https:\\\/\\\/schema.org\",\"@graph\":[{\"@type\":\"WebPage\",\"@id\":\"https:\\\/\\\/chemsxpress.com\\\/product\\\/buy-4-ho-met\\\/\",\"url\":\"https:\\\/\\\/chemsxpress.com\\\/product\\\/buy-4-ho-met\\\/\",\"name\":\"Buy 4-HO-MET Online: Premium Psychedelic Research Chemicals\",\"isPartOf\":{\"@id\":\"https:\\\/\\\/chemsxpress.com\\\/#website\"},\"primaryImageOfPage\":{\"@id\":\"https:\\\/\\\/chemsxpress.com\\\/product\\\/buy-4-ho-met\\\/#primaryimage\"},\"image\":{\"@id\":\"https:\\\/\\\/chemsxpress.com\\\/product\\\/buy-4-ho-met\\\/#primaryimage\"},\"thumbnailUrl\":\"https:\\\/\\\/chemsxpress.com\\\/wp-content\\\/uploads\\\/2024\\\/04\\\/4-HO-MET.jpg\",\"datePublished\":\"2024-04-29T13:21:43+00:00\",\"dateModified\":\"2025-05-29T06:02:56+00:00\",\"description\":\"Buy 4-HO-MET . Shop now for premium-grade 4-HO-MET, a popular psychedelic research chemical known for its unique effects. Trusted source, fast shipping.\",\"breadcrumb\":{\"@id\":\"https:\\\/\\\/chemsxpress.com\\\/product\\\/buy-4-ho-met\\\/#breadcrumb\"},\"inLanguage\":\"de\",\"potentialAction\":[{\"@type\":\"ReadAction\",\"target\":[\"https:\\\/\\\/chemsxpress.com\\\/product\\\/buy-4-ho-met\\\/\"]}]},{\"@type\":\"ImageObject\",\"inLanguage\":\"de\",\"@id\":\"https:\\\/\\\/chemsxpress.com\\\/product\\\/buy-4-ho-met\\\/#primaryimage\",\"url\":\"https:\\\/\\\/chemsxpress.com\\\/wp-content\\\/uploads\\\/2024\\\/04\\\/4-HO-MET.jpg\",\"contentUrl\":\"https:\\\/\\\/chemsxpress.com\\\/wp-content\\\/uploads\\\/2024\\\/04\\\/4-HO-MET.jpg\",\"width\":600,\"height\":600,\"caption\":\"Buy 4-HO-MET\"},{\"@type\":\"BreadcrumbList\",\"@id\":\"https:\\\/\\\/chemsxpress.com\\\/product\\\/buy-4-ho-met\\\/#breadcrumb\",\"itemListElement\":[{\"@type\":\"ListItem\",\"position\":1,\"name\":\"Home\",\"item\":\"https:\\\/\\\/chemsxpress.com\\\/\"},{\"@type\":\"ListItem\",\"position\":2,\"name\":\"Shop\",\"item\":\"https:\\\/\\\/chemsxpress.com\\\/shop\\\/\"},{\"@type\":\"ListItem\",\"position\":3,\"name\":\"4-HO-MET\"}]},{\"@type\":\"WebSite\",\"@id\":\"https:\\\/\\\/chemsxpress.com\\\/#website\",\"url\":\"https:\\\/\\\/chemsxpress.com\\\/\",\"name\":\"SHOP MDPHP\",\"description\":\"Buy MDPHP freebase from reliable supplier\",\"potentialAction\":[{\"@type\":\"SearchAction\",\"target\":{\"@type\":\"EntryPoint\",\"urlTemplate\":\"https:\\\/\\\/chemsxpress.com\\\/?s={search_term_string}\"},\"query-input\":{\"@type\":\"PropertyValueSpecification\",\"valueRequired\":true,\"valueName\":\"search_term_string\"}}],\"inLanguage\":\"de\"}]}<\/script>\n<!-- \/ Yoast SEO Premium plugin. -->","yoast_head_json":{"title":"Kaufen Sie 4-HO-MET online: Premium-Chemikalien f\u00fcr die psychedelische Forschung","description":"Kaufen Sie 4-HO-MET. Kaufen Sie jetzt hochwertiges 4-HO-MET, eine beliebte psychedelische Forschungschemikalie, die f\u00fcr ihre einzigartige Wirkung bekannt ist. Vertrauensw\u00fcrdige Quelle, schneller Versand.","robots":{"index":"index","follow":"follow","max-snippet":"max-snippet:-1","max-image-preview":"max-image-preview:large","max-video-preview":"max-video-preview:-1"},"canonical":"https:\/\/chemsxpress.com\/de\/produkt\/kaufen-4-ho-met\/","og_locale":"de_DE","og_type":"article","og_title":"4-HO-MET","og_description":"Buy 4-HO-MET . Shop now for premium-grade 4-HO-MET, a popular psychedelic research chemical known for its unique effects. Trusted source, fast shipping.","og_url":"https:\/\/chemsxpress.com\/de\/produkt\/kaufen-4-ho-met\/","og_site_name":"SHOP MDPHP","article_modified_time":"2025-05-29T06:02:56+00:00","og_image":[{"width":600,"height":600,"url":"https:\/\/chemsxpress.com\/wp-content\/uploads\/2024\/04\/4-HO-MET.jpg","type":"image\/jpeg"}],"twitter_card":"summary_large_image","twitter_misc":{"Gesch\u00e4tzte Lesezeit":"2\u00a0Minuten"},"schema":{"@context":"https:\/\/schema.org","@graph":[{"@type":"WebPage","@id":"https:\/\/chemsxpress.com\/product\/buy-4-ho-met\/","url":"https:\/\/chemsxpress.com\/product\/buy-4-ho-met\/","name":"Kaufen Sie 4-HO-MET online: Premium-Chemikalien f\u00fcr die psychedelische Forschung","isPartOf":{"@id":"https:\/\/chemsxpress.com\/#website"},"primaryImageOfPage":{"@id":"https:\/\/chemsxpress.com\/product\/buy-4-ho-met\/#primaryimage"},"image":{"@id":"https:\/\/chemsxpress.com\/product\/buy-4-ho-met\/#primaryimage"},"thumbnailUrl":"https:\/\/chemsxpress.com\/wp-content\/uploads\/2024\/04\/4-HO-MET.jpg","datePublished":"2024-04-29T13:21:43+00:00","dateModified":"2025-05-29T06:02:56+00:00","description":"Kaufen Sie 4-HO-MET. Kaufen Sie jetzt hochwertiges 4-HO-MET, eine beliebte psychedelische Forschungschemikalie, die f\u00fcr ihre einzigartige Wirkung bekannt ist. Vertrauensw\u00fcrdige Quelle, schneller Versand.","breadcrumb":{"@id":"https:\/\/chemsxpress.com\/product\/buy-4-ho-met\/#breadcrumb"},"inLanguage":"de","potentialAction":[{"@type":"ReadAction","target":["https:\/\/chemsxpress.com\/product\/buy-4-ho-met\/"]}]},{"@type":"ImageObject","inLanguage":"de","@id":"https:\/\/chemsxpress.com\/product\/buy-4-ho-met\/#primaryimage","url":"https:\/\/chemsxpress.com\/wp-content\/uploads\/2024\/04\/4-HO-MET.jpg","contentUrl":"https:\/\/chemsxpress.com\/wp-content\/uploads\/2024\/04\/4-HO-MET.jpg","width":600,"height":600,"caption":"Buy 4-HO-MET"},{"@type":"BreadcrumbList","@id":"https:\/\/chemsxpress.com\/product\/buy-4-ho-met\/#breadcrumb","itemListElement":[{"@type":"ListItem","position":1,"name":"Home","item":"https:\/\/chemsxpress.com\/"},{"@type":"ListItem","position":2,"name":"Shop","item":"https:\/\/chemsxpress.com\/shop\/"},{"@type":"ListItem","position":3,"name":"4-HO-MET"}]},{"@type":"WebSite","@id":"https:\/\/chemsxpress.com\/#website","url":"https:\/\/chemsxpress.com\/","name":"MDPHP EINKAUFEN","description":"MDPHP freebase von einem zuverl\u00e4ssigen Anbieter kaufen","potentialAction":[{"@type":"SearchAction","target":{"@type":"EntryPoint","urlTemplate":"https:\/\/chemsxpress.com\/?s={search_term_string}"},"query-input":{"@type":"PropertyValueSpecification","valueRequired":true,"valueName":"search_term_string"}}],"inLanguage":"de"}]}},"jetpack_sharing_enabled":true,"_links":{"self":[{"href":"https:\/\/chemsxpress.com\/de\/wp-json\/wp\/v2\/product\/29356","targetHints":{"allow":["GET"]}}],"collection":[{"href":"https:\/\/chemsxpress.com\/de\/wp-json\/wp\/v2\/product"}],"about":[{"href":"https:\/\/chemsxpress.com\/de\/wp-json\/wp\/v2\/types\/product"}],"replies":[{"embeddable":true,"href":"https:\/\/chemsxpress.com\/de\/wp-json\/wp\/v2\/comments?post=29356"}],"version-history":[{"count":5,"href":"https:\/\/chemsxpress.com\/de\/wp-json\/wp\/v2\/product\/29356\/revisions"}],"predecessor-version":[{"id":29981,"href":"https:\/\/chemsxpress.com\/de\/wp-json\/wp\/v2\/product\/29356\/revisions\/29981"}],"wp:featuredmedia":[{"embeddable":true,"href":"https:\/\/chemsxpress.com\/de\/wp-json\/wp\/v2\/media\/29391"}],"wp:attachment":[{"href":"https:\/\/chemsxpress.com\/de\/wp-json\/wp\/v2\/media?parent=29356"}],"wp:term":[{"taxonomy":"product_brand","embeddable":true,"href":"https:\/\/chemsxpress.com\/de\/wp-json\/wp\/v2\/product_brand?post=29356"},{"taxonomy":"product_cat","embeddable":true,"href":"https:\/\/chemsxpress.com\/de\/wp-json\/wp\/v2\/product_cat?post=29356"},{"taxonomy":"product_tag","embeddable":true,"href":"https:\/\/chemsxpress.com\/de\/wp-json\/wp\/v2\/product_tag?post=29356"}],"curies":[{"name":"wp","href":"https:\/\/api.w.org\/{rel}","templated":true}]}}