{"id":18,"date":"2021-08-26T12:13:00","date_gmt":"2021-08-26T12:13:00","guid":{"rendered":"http:\/\/dummy.xtemos.com\/woodmart2\/elementor\/?page_id=18"},"modified":"2025-01-05T10:37:47","modified_gmt":"2025-01-05T10:37:47","slug":"acheter-mdphp-en-ligne","status":"publish","type":"page","link":"https:\/\/chemsxpress.com\/fr\/","title":{"rendered":"domicile"},"content":{"rendered":"<div data-elementor-type=\"wp-page\" data-elementor-id=\"18\" class=\"elementor elementor-18\">\n\t\t\t\t<div class=\"wd-negative-gap elementor-element elementor-element-b8d38ec e-flex e-con-boxed e-con e-parent\" data-id=\"b8d38ec\" data-element_type=\"container\" data-e-type=\"container\">\n\t\t\t\t\t<div class=\"e-con-inner\">\n\t\t<div class=\"elementor-element elementor-element-982ffbd e-con-full e-flex e-con e-child\" data-id=\"982ffbd\" data-element_type=\"container\" data-e-type=\"container\">\n\t\t\t\t<div class=\"elementor-element elementor-element-ac1420b elementor-widget elementor-widget-image\" data-id=\"ac1420b\" data-element_type=\"widget\" data-e-type=\"widget\" data-widget_type=\"image.default\">\n\t\t\t\t<div class=\"elementor-widget-container\">\n\t\t\t\t\t\t\t\t\t\t\t\t\t\t\t<img loading=\"lazy\" decoding=\"async\" width=\"600\" height=\"400\" src=\"https:\/\/chemsxpress.com\/wp-content\/uploads\/2024\/08\/5-Meo-DALT-Powder3.png\" class=\"attachment-large size-large wp-image-30141\" alt=\"acheter mdphp en ligne\" srcset=\"https:\/\/chemsxpress.com\/wp-content\/uploads\/2024\/08\/5-Meo-DALT-Powder3.png 600w, https:\/\/chemsxpress.com\/wp-content\/uploads\/2024\/08\/5-Meo-DALT-Powder3-400x267.png 400w, https:\/\/chemsxpress.com\/wp-content\/uploads\/2024\/08\/5-Meo-DALT-Powder3-430x287.png 430w, https:\/\/chemsxpress.com\/wp-content\/uploads\/2024\/08\/5-Meo-DALT-Powder3-150x100.png 150w\" sizes=\"auto, (max-width: 600px) 100vw, 600px\" \/>\t\t\t\t\t\t\t\t\t\t\t\t\t\t\t<\/div>\n\t\t\t\t<\/div>\n\t\t\t\t<\/div>\n\t\t\t\t\t<\/div>\n\t\t\t\t<\/div>\n\t\t<div class=\"elementor-element elementor-element-9bb7362 wd-section-stretch e-flex e-con-boxed e-con e-parent\" data-id=\"9bb7362\" data-element_type=\"container\" data-e-type=\"container\" data-settings=\"{&quot;background_background&quot;:&quot;classic&quot;,&quot;position&quot;:&quot;fixed&quot;}\">\n\t\t\t\t\t<div class=\"e-con-inner\">\n\t\t<div class=\"elementor-element elementor-element-556b149 e-con-full e-flex e-con e-child\" data-id=\"556b149\" data-element_type=\"container\" data-e-type=\"container\">\n\t\t\t\t<\/div>\n\t\t\t\t\t<\/div>\n\t\t\t\t<\/div>\n\t\t<div class=\"wd-negative-gap elementor-element elementor-element-8ee27ca e-flex e-con-boxed e-con e-parent\" data-id=\"8ee27ca\" data-element_type=\"container\" data-e-type=\"container\">\n\t\t\t\t\t<div class=\"e-con-inner\">\n\t\t\t\t<div class=\"elementor-element elementor-element-9936e6a color-scheme-inherit text-left elementor-widget elementor-widget-text-editor\" data-id=\"9936e6a\" data-element_type=\"widget\" data-e-type=\"widget\" data-widget_type=\"text-editor.default\">\n\t\t\t\t<div class=\"elementor-widget-container\">\n\t\t\t\t\t\t\t\t\t<h2 style=\"text-align: center;\"><strong>Acheter MDPHP en ligne<\/strong><\/h2>\n<p style=\"text-align: center;\"><a href=\"https:\/\/chemsxpress.com\/fr\/comment-acheter-du-mdphp\/\">Acheter MDPHP en ligne<\/a> est un proche parent d'un stimulant plus connu, le MDPV, d\u00e9velopp\u00e9 \u00e0 l'origine par une soci\u00e9t\u00e9 pharmaceutique allemande dans les ann\u00e9es 1960.<\/p>\n<p style=\"text-align: center;\"><strong><em>CAS # :&nbsp;<\/em><\/strong>776994-64-0<\/p>\n<p style=\"text-align: center;\"><strong>Forme :&nbsp;<\/strong>Base libre<\/p>\n<p style=\"text-align: center;\"><strong>Analyse RMN :&nbsp;<\/strong>C17H23NO3<\/p>\n<p style=\"text-align: center;\">\u00c9galement connu sous le nom de (<strong>3\u2032,4\u2032-M\u00e9thyl\u00e8nedioxy-\u03b1-pyrrolidinohexioph\u00e9none<\/strong>) ou \"poussi\u00e8re de singe\" La MDPHP agit comme un inhibiteur de la recapture de la nor\u00e9pin\u00e9phrine et de la dopamine (NDRI) et, \u00e0 l'\u00e9tat de chlorhydrate (HCL), elle ressemble \u00e0 une tr\u00e8s fine poussi\u00e8re de singe. <a href=\"https:\/\/chemsxpress.com\/fr\/produit\/acheter-3-mmc-poudre-cristalline\/\">poudre cristalline<\/a>. Une quantit\u00e9 substantielle d'informations sur les <a href=\"https:\/\/chemsxpress.com\/fr\/etiquette\/comprendre-les-effets-du-mdphp\/\">MDPHP et ses effets<\/a> La MDPHP est signal\u00e9e dans des \u00e9tudes trouv\u00e9es sur divers forums Internet et dans des \u00e9tudes scientifiques, mais sa l\u00e9galit\u00e9 future et son inclusion \u00e9ventuelle dans la loi sur l'opium restent incertaines. Pour l'instant, elle reste l\u00e9gale dans une grande partie de l'Europe, c'est pourquoi Chemical Planet est heureux de vous proposer de la poudre de MDPHP de qualit\u00e9 laboratoire \u00e0 des fins de recherche. Vous trouverez ci-dessous d'autres informations techniques pour votre plus grand plaisir !<br><strong><em>Nom IUPAC :&nbsp;<\/em><\/strong><em>3\u2032,4\u2032-M\u00e9thyl\u00e8nedioxy-\u03b1-pyrrolidinohexioph\u00e9none<\/em><\/p>\t\t\t\t\t\t\t\t<\/div>\n\t\t\t\t<\/div>\n\t\t\t\t\t<\/div>\n\t\t\t\t<\/div>\n\t\t<div class=\"wd-negative-gap elementor-element elementor-element-4bbb14c wd-section-stretch e-flex e-con-boxed e-con e-parent\" data-id=\"4bbb14c\" data-element_type=\"container\" data-e-type=\"container\" data-settings=\"{&quot;background_background&quot;:&quot;classic&quot;}\">\n\t\t\t\t\t<div class=\"e-con-inner\">\n\t\t\t\t<div class=\"elementor-element elementor-element-060f99b elementor-widget elementor-widget-heading\" data-id=\"060f99b\" data-element_type=\"widget\" data-e-type=\"widget\" data-widget_type=\"heading.default\">\n\t\t\t\t<div class=\"elementor-widget-container\">\n\t\t\t\t\t<h2 class=\"elementor-heading-title elementor-size-default\"><h2><strong>Mesures de s\u00e9curit\u00e9<\/strong><\/h2><\/h2>\t\t\t\t<\/div>\n\t\t\t\t<\/div>\n\t\t\t\t<div class=\"elementor-element elementor-element-5309ee2 color-scheme-inherit text-left elementor-widget elementor-widget-text-editor\" data-id=\"5309ee2\" data-element_type=\"widget\" data-e-type=\"widget\" data-widget_type=\"text-editor.default\">\n\t\t\t\t<div class=\"elementor-widget-container\">\n\t\t\t\t\t\t\t\t\t<p style=\"text-align: center;\">Il est recommand\u00e9 d'utiliser des gants, des lunettes et des respirateurs lorsque <a href=\"https:\/\/chemsxpress.com\/fr\/etiquette\/manipuler-le-mdphp-en-toute-securite\/\">manipulation de la poudre de MDPHP<\/a> dans le laboratoire ; il s'agit d'une poudre fine qui pourrait facilement se r\u00e9pandre dans l'air et \u00eatre inhal\u00e9e accidentellement.<br \/>En cas d'exposition accidentelle, il est recommand\u00e9 de montrer l'\u00e9tiquette du produit (contenant les informations IUPAC et CAS) aux professionnels de la sant\u00e9.<br \/>Un contact accidentel avec les yeux doit \u00eatre trait\u00e9 imm\u00e9diatement par un rin\u00e7age soigneux \u00e0 l'eau apr\u00e8s le retrait des lentilles de contact.<\/p>\n<h4>\u00a0<\/h4>\t\t\t\t\t\t\t\t<\/div>\n\t\t\t\t<\/div>\n\t\t\t\t\t<\/div>\n\t\t\t\t<\/div>\n\t\t<div class=\"wd-negative-gap elementor-element elementor-element-fccb2b2 e-flex e-con-boxed e-con e-parent\" data-id=\"fccb2b2\" data-element_type=\"container\" data-e-type=\"container\">\n\t\t\t\t\t<div class=\"e-con-inner\">\n\t\t<div class=\"elementor-element elementor-element-972ee80 e-con-full e-flex e-con e-child\" data-id=\"972ee80\" data-element_type=\"container\" data-e-type=\"container\">\n\t\t\t\t<div class=\"elementor-element elementor-element-af1b0f5 color-scheme-inherit text-left elementor-widget elementor-widget-text-editor\" data-id=\"af1b0f5\" data-element_type=\"widget\" data-e-type=\"widget\" data-widget_type=\"text-editor.default\">\n\t\t\t\t<div class=\"elementor-widget-container\">\n\t\t\t\t\t\t\t\t\t<h2 style=\"text-align: center;\"><strong>O\u00f9 acheter MDPHP en ligne ?<\/strong><\/h2>\n<p style=\"text-align: center;\">Chez Chemsxpress, nous sommes fiers d'offrir la meilleure qualit\u00e9 disponible de MDPHP de qualit\u00e9 laboratoire. Chemsxpress est la premi\u00e8re option pour ceux qui cherchent \u00e0 acheter des produits chimiques de recherche. Nous testons rigoureusement tous nos stocks par GC MS avant de les mettre en vente.<br \/>Veuillez noter que vous devez \u00eatre \u00e2g\u00e9 d'au moins 18 ans pour acheter. <a href=\"https:\/\/mdphpwelt.com\/\">MDPHP<\/a> de Chemsxpress. Tous <a href=\"https:\/\/chemsxpress.com\/fr\/categorie-produit\/produits-chimiques-de-recherche\/\">produits chimiques de recherche<\/a> vendus sont destin\u00e9s \u00e0 \u00eatre utilis\u00e9s dans le cadre de recherches en laboratoire et ne sont absolument pas destin\u00e9s \u00e0 la consommation humaine.<\/p>\t\t\t\t\t\t\t\t<\/div>\n\t\t\t\t<\/div>\n\t\t\t\t<\/div>\n\t\t<div class=\"elementor-element elementor-element-cfb8ed4 e-con-full e-flex e-con e-child\" data-id=\"cfb8ed4\" data-element_type=\"container\" data-e-type=\"container\">\n\t\t\t\t<div class=\"elementor-element elementor-element-427228f color-scheme-inherit text-left elementor-widget elementor-widget-text-editor\" data-id=\"427228f\" data-element_type=\"widget\" data-e-type=\"widget\" data-widget_type=\"text-editor.default\">\n\t\t\t\t<div class=\"elementor-widget-container\">\n\t\t\t\t\t\t\t\t\t<h2 style=\"text-align: center;\"><strong>La MDPHP est-elle l\u00e9gale ?<\/strong><\/h2>\n<p style=\"text-align: center;\">\u00a0<\/p>\n<p style=\"text-align: center;\">En ce qui concerne la <a href=\"https:\/\/chemsxpress.com\/fr\/comprendre-le-statut-juridique-des-mdphp-dans-le-monde-entier\/\">l\u00e9galit\u00e9 de la MDPHP<\/a>Nous vous conseillons vivement de vous r\u00e9f\u00e9rer \u00e0 la l\u00e9gislation en vigueur dans votre pays de r\u00e9sidence\/adresse d'exp\u00e9dition.<br \/>Nous faisons tout ce qui est en notre pouvoir pour minimiser les risques pour nos clients gr\u00e2ce \u00e0 nos restrictions d'exp\u00e9dition actives.<br \/>TOUTEFOIS, la l\u00e9gislation \u00e9volue constamment dans le monde et ChemicalPlanet ne peut assumer aucune responsabilit\u00e9 en cas de complications. En fin de compte, il incombe \u00e0 l'acheteur de s'assurer que le produit n'enfreint aucune loi ou l\u00e9gislation dans le pays de destination.<\/p>\t\t\t\t\t\t\t\t<\/div>\n\t\t\t\t<\/div>\n\t\t\t\t<\/div>\n\t\t\t\t\t<\/div>\n\t\t\t\t<\/div>\n\t\t\t\t<\/div>","protected":false},"excerpt":{"rendered":"<p>Buy MDPHP online Buy MDPHP Online is a close relative to a more well-known stimulant MDPV which was originally developed<\/p>","protected":false},"author":1,"featured_media":0,"parent":0,"menu_order":0,"comment_status":"closed","ping_status":"closed","template":"","meta":{"footnotes":""},"class_list":["post-18","page","type-page","status-publish","hentry"],"yoast_head":"<!-- This site is optimized with the Yoast SEO Premium plugin v24.1 (Yoast SEO v27.5) - https:\/\/yoast.com\/product\/yoast-seo-premium-wordpress\/ -->\n<title>Buy MDPHP Online: High-Quality Research Chemicals<\/title>\n<meta name=\"description\" content=\"Buy mdphp online, Monkey dust for sale. Shop now for reliable MDPHP sourced from trusted suppliers. Fast and safe delivery\" \/>\n<meta name=\"robots\" content=\"index, follow, max-snippet:-1, max-image-preview:large, max-video-preview:-1\" \/>\n<link rel=\"canonical\" href=\"https:\/\/chemsxpress.com\/fr\/\" \/>\n<meta property=\"og:locale\" content=\"fr_FR\" \/>\n<meta property=\"og:type\" content=\"article\" \/>\n<meta property=\"og:title\" content=\"home\" \/>\n<meta property=\"og:description\" content=\"Buy mdphp online, Monkey dust for sale. Shop now for reliable MDPHP sourced from trusted suppliers. Fast and safe delivery\" \/>\n<meta property=\"og:url\" content=\"https:\/\/chemsxpress.com\/fr\/\" \/>\n<meta property=\"og:site_name\" content=\"SHOP MDPHP\" \/>\n<meta property=\"article:modified_time\" content=\"2025-01-05T10:37:47+00:00\" \/>\n<meta property=\"og:image\" content=\"https:\/\/chemsxpress.com\/wp-content\/uploads\/2024\/08\/5-Meo-DALT-Powder3.png\" \/>\n\t<meta property=\"og:image:width\" content=\"600\" \/>\n\t<meta property=\"og:image:height\" content=\"400\" \/>\n\t<meta property=\"og:image:type\" content=\"image\/png\" \/>\n<meta name=\"twitter:card\" content=\"summary_large_image\" \/>\n<meta name=\"twitter:label1\" content=\"Dur\u00e9e de lecture estim\u00e9e\" \/>\n\t<meta name=\"twitter:data1\" content=\"2 minutes\" \/>\n<script type=\"application\/ld+json\" class=\"yoast-schema-graph\">{\"@context\":\"https:\\\/\\\/schema.org\",\"@graph\":[{\"@type\":\"WebPage\",\"@id\":\"https:\\\/\\\/chemsxpress.com\\\/\",\"url\":\"https:\\\/\\\/chemsxpress.com\\\/\",\"name\":\"Buy MDPHP Online: High-Quality Research Chemicals\",\"isPartOf\":{\"@id\":\"https:\\\/\\\/chemsxpress.com\\\/#website\"},\"primaryImageOfPage\":{\"@id\":\"https:\\\/\\\/chemsxpress.com\\\/#primaryimage\"},\"image\":{\"@id\":\"https:\\\/\\\/chemsxpress.com\\\/#primaryimage\"},\"thumbnailUrl\":\"https:\\\/\\\/chemsxpress.com\\\/wp-content\\\/uploads\\\/2024\\\/08\\\/5-Meo-DALT-Powder3.png\",\"datePublished\":\"2021-08-26T12:13:00+00:00\",\"dateModified\":\"2025-01-05T10:37:47+00:00\",\"description\":\"Buy mdphp online, Monkey dust for sale. Shop now for reliable MDPHP sourced from trusted suppliers. Fast and safe delivery\",\"breadcrumb\":{\"@id\":\"https:\\\/\\\/chemsxpress.com\\\/#breadcrumb\"},\"inLanguage\":\"fr-FR\",\"potentialAction\":[{\"@type\":\"ReadAction\",\"target\":[\"https:\\\/\\\/chemsxpress.com\\\/\"]}]},{\"@type\":\"ImageObject\",\"inLanguage\":\"fr-FR\",\"@id\":\"https:\\\/\\\/chemsxpress.com\\\/#primaryimage\",\"url\":\"https:\\\/\\\/chemsxpress.com\\\/wp-content\\\/uploads\\\/2024\\\/08\\\/5-Meo-DALT-Powder3.png\",\"contentUrl\":\"https:\\\/\\\/chemsxpress.com\\\/wp-content\\\/uploads\\\/2024\\\/08\\\/5-Meo-DALT-Powder3.png\"},{\"@type\":\"BreadcrumbList\",\"@id\":\"https:\\\/\\\/chemsxpress.com\\\/#breadcrumb\",\"itemListElement\":[{\"@type\":\"ListItem\",\"position\":1,\"name\":\"Home\",\"item\":\"https:\\\/\\\/chemsxpress.com\\\/\"},{\"@type\":\"ListItem\",\"position\":2,\"name\":\"home\"}]},{\"@type\":\"WebSite\",\"@id\":\"https:\\\/\\\/chemsxpress.com\\\/#website\",\"url\":\"https:\\\/\\\/chemsxpress.com\\\/\",\"name\":\"SHOP MDPHP\",\"description\":\"Buy MDPHP freebase from reliable supplier\",\"potentialAction\":[{\"@type\":\"SearchAction\",\"target\":{\"@type\":\"EntryPoint\",\"urlTemplate\":\"https:\\\/\\\/chemsxpress.com\\\/?s={search_term_string}\"},\"query-input\":{\"@type\":\"PropertyValueSpecification\",\"valueRequired\":true,\"valueName\":\"search_term_string\"}}],\"inLanguage\":\"fr-FR\"}]}<\/script>\n<!-- \/ Yoast SEO Premium plugin. -->","yoast_head_json":{"title":"Acheter MDPHP en ligne : Produits chimiques de recherche de haute qualit\u00e9","description":"Acheter mdphp en ligne, Poussi\u00e8re de singe en vente. Achetez maintenant de la MDPHP provenant de fournisseurs de confiance. Livraison rapide et s\u00fbre","robots":{"index":"index","follow":"follow","max-snippet":"max-snippet:-1","max-image-preview":"max-image-preview:large","max-video-preview":"max-video-preview:-1"},"canonical":"https:\/\/chemsxpress.com\/fr\/","og_locale":"fr_FR","og_type":"article","og_title":"home","og_description":"Buy mdphp online, Monkey dust for sale. Shop now for reliable MDPHP sourced from trusted suppliers. Fast and safe delivery","og_url":"https:\/\/chemsxpress.com\/fr\/","og_site_name":"SHOP MDPHP","article_modified_time":"2025-01-05T10:37:47+00:00","og_image":[{"width":600,"height":400,"url":"https:\/\/chemsxpress.com\/wp-content\/uploads\/2024\/08\/5-Meo-DALT-Powder3.png","type":"image\/png"}],"twitter_card":"summary_large_image","twitter_misc":{"Dur\u00e9e de lecture estim\u00e9e":"2 minutes"},"schema":{"@context":"https:\/\/schema.org","@graph":[{"@type":"WebPage","@id":"https:\/\/chemsxpress.com\/","url":"https:\/\/chemsxpress.com\/","name":"Acheter MDPHP en ligne : Produits chimiques de recherche de haute qualit\u00e9","isPartOf":{"@id":"https:\/\/chemsxpress.com\/#website"},"primaryImageOfPage":{"@id":"https:\/\/chemsxpress.com\/#primaryimage"},"image":{"@id":"https:\/\/chemsxpress.com\/#primaryimage"},"thumbnailUrl":"https:\/\/chemsxpress.com\/wp-content\/uploads\/2024\/08\/5-Meo-DALT-Powder3.png","datePublished":"2021-08-26T12:13:00+00:00","dateModified":"2025-01-05T10:37:47+00:00","description":"Acheter mdphp en ligne, Poussi\u00e8re de singe en vente. Achetez maintenant de la MDPHP provenant de fournisseurs de confiance. Livraison rapide et s\u00fbre","breadcrumb":{"@id":"https:\/\/chemsxpress.com\/#breadcrumb"},"inLanguage":"fr-FR","potentialAction":[{"@type":"ReadAction","target":["https:\/\/chemsxpress.com\/"]}]},{"@type":"ImageObject","inLanguage":"fr-FR","@id":"https:\/\/chemsxpress.com\/#primaryimage","url":"https:\/\/chemsxpress.com\/wp-content\/uploads\/2024\/08\/5-Meo-DALT-Powder3.png","contentUrl":"https:\/\/chemsxpress.com\/wp-content\/uploads\/2024\/08\/5-Meo-DALT-Powder3.png"},{"@type":"BreadcrumbList","@id":"https:\/\/chemsxpress.com\/#breadcrumb","itemListElement":[{"@type":"ListItem","position":1,"name":"Home","item":"https:\/\/chemsxpress.com\/"},{"@type":"ListItem","position":2,"name":"home"}]},{"@type":"WebSite","@id":"https:\/\/chemsxpress.com\/#website","url":"https:\/\/chemsxpress.com\/","name":"SHOP MDPHP","description":"Acheter MDPHP freebase aupr\u00e8s d'un fournisseur fiable","potentialAction":[{"@type":"SearchAction","target":{"@type":"EntryPoint","urlTemplate":"https:\/\/chemsxpress.com\/?s={search_term_string}"},"query-input":{"@type":"PropertyValueSpecification","valueRequired":true,"valueName":"search_term_string"}}],"inLanguage":"fr-FR"}]}},"jetpack_sharing_enabled":true,"_links":{"self":[{"href":"https:\/\/chemsxpress.com\/fr\/wp-json\/wp\/v2\/pages\/18","targetHints":{"allow":["GET"]}}],"collection":[{"href":"https:\/\/chemsxpress.com\/fr\/wp-json\/wp\/v2\/pages"}],"about":[{"href":"https:\/\/chemsxpress.com\/fr\/wp-json\/wp\/v2\/types\/page"}],"author":[{"embeddable":true,"href":"https:\/\/chemsxpress.com\/fr\/wp-json\/wp\/v2\/users\/1"}],"replies":[{"embeddable":true,"href":"https:\/\/chemsxpress.com\/fr\/wp-json\/wp\/v2\/comments?post=18"}],"version-history":[{"count":104,"href":"https:\/\/chemsxpress.com\/fr\/wp-json\/wp\/v2\/pages\/18\/revisions"}],"predecessor-version":[{"id":30241,"href":"https:\/\/chemsxpress.com\/fr\/wp-json\/wp\/v2\/pages\/18\/revisions\/30241"}],"wp:attachment":[{"href":"https:\/\/chemsxpress.com\/fr\/wp-json\/wp\/v2\/media?parent=18"}],"curies":[{"name":"wp","href":"https:\/\/api.w.org\/{rel}","templated":true}]}}