{"id":27836,"date":"2024-04-29T13:12:41","date_gmt":"2024-04-29T13:12:41","guid":{"rendered":"https:\/\/chemsxpress.com\/?post_type=product&#038;p=27836"},"modified":"2025-05-23T11:46:27","modified_gmt":"2025-05-23T11:46:27","slug":"acheter-bizarro-liquid-k2","status":"publish","type":"product","link":"https:\/\/chemsxpress.com\/fr\/produit\/acheter-bizarro-liquid-k2\/","title":{"rendered":"Liquide K2 Bizarro"},"content":{"rendered":"<h1>Acheter Bizarro Liquid K2<\/h1>\n<h3>Acheter Bizarro Liquid K2 sur papier en ligne<\/h3>\n<p>Acheter Bizarro Liquid K2. Bizzaro e Liquid for sale Les cannabino\u00efdes sont des substances artificielles fabriqu\u00e9es par l'homme qui modifient le cerveau et qui sont soit appliqu\u00e9es sur des plantes s\u00e9ch\u00e9es et d\u00e9truites afin de pouvoir \u00eatre fum\u00e9es, soit vendues sous forme de liquides \u00e0 affaiblir et \u00e0 utiliser dans des e-cigarettes et d'autres appareils.<\/p>\n<p>Ces substances sont pour la plupart appel\u00e9es encens de proximit\u00e9 ou encens fluide. Ces substances fabriqu\u00e9es sont appel\u00e9es cannabino\u00efdes parce qu'elles s'inspirent des substances artificielles que l'on trouve dans la plante de cannabis. <span style=\"color: #ffffff;\">encens liquide bizarro\u00efde<\/span><\/p>\n<p>Compte tenu de cette comparabilit\u00e9, les cannabino\u00efdes organis\u00e9s sont souvent appel\u00e9s \u00e0 tort marijuana fabriqu\u00e9e (ou fausse herbe), et ils sont pr\u00e9sent\u00e9s comme des d\u00e9cisions garanties et authentiques par opposition \u00e0 cette drogue.<a href=\"https:\/\/k2liquidspray.se\/shop\/bizarro-liquid-k2-spray\/\">.<\/a> <span style=\"color: #ffffff;\">encens liquide bizarro\u00efde<\/span><\/p>\n<h2>Bizzaro e Liquid \u00e0 vendre<\/h2>\n<p>Cannabicyclohezanol ou autres embellissements refus\u00e9s. Nicotine et sans tabac Avis de non-responsabilit\u00e9 : Ce produit est \u00e9trangement propos\u00e9 pour \u00eatre utilis\u00e9 comme un m\u00e9lange \u00e0 l'odeur sucr\u00e9e, comme on l'a dit.<\/p>\n<p>Il n'est pas con\u00e7u ni propos\u00e9 pour un usage humain. Les fabricants et les revendeurs de cet objet ne per\u00e7oivent aucun danger li\u00e9 \u00e0 une utilisation inad\u00e9quate ou abusive de cet objet.<\/p>\n<p>C'est pr\u00e9cis\u00e9ment lorsque Bizarro a explos\u00e9 sur la sc\u00e8ne de l'encens, qu'il a parcouru les \u00c9tats-Unis et le monde entier, pulv\u00e9risant la plupart des marques et devenant rapidement l'encens \u00e0 base de plantes le plus \u00e9minent au monde. <span style=\"color: #ffffff;\">encens liquide bizarro\u00efde<\/span><\/p>\n<p>L'ar\u00f4me Bizarro est exceptionnel parmi les autres marques vendues dans l'histoire pour l'explication et a laiss\u00e9 d'innombrables individus joyeux sur leurs apparitions.<a href=\"https:\/\/chemsxpress.com\/fr\/\"> Contactez nous<\/a> pour plus d'informations.<\/p>","protected":false},"excerpt":{"rendered":"<p>3 feuilles A4 sont impr\u00e9gn\u00e9es de 25 ml=0.845351 oz fluide de liquide K2. Ce papier est inodore et incolore.<\/p>","protected":false},"featured_media":27866,"comment_status":"open","ping_status":"closed","template":"","meta":[],"product_brand":[],"product_cat":[72],"product_tag":[],"class_list":{"0":"post-27836","1":"product","2":"type-product","3":"status-publish","4":"has-post-thumbnail","6":"product_cat-k2-products","8":"first","9":"instock","10":"shipping-taxable","11":"purchasable","12":"product-type-variable"},"yoast_head":"<!-- This site is optimized with the Yoast SEO Premium plugin v24.1 (Yoast SEO v27.4) - https:\/\/yoast.com\/product\/yoast-seo-premium-wordpress\/ -->\n<title>Buy Bizarro Liquid K2 Premium Quality Incense | ChemsXpress<\/title>\n<meta name=\"description\" content=\"Buy Bizarro Liquid K2, fast shipping. Trust our quality assurance for all your herbal incense needs. Order now discounted price.\" \/>\n<meta name=\"robots\" content=\"index, follow, max-snippet:-1, max-image-preview:large, max-video-preview:-1\" \/>\n<link rel=\"canonical\" href=\"https:\/\/chemsxpress.com\/fr\/produit\/acheter-bizarro-liquid-k2\/\" \/>\n<meta property=\"og:locale\" content=\"fr_FR\" \/>\n<meta property=\"og:type\" content=\"article\" \/>\n<meta property=\"og:title\" content=\"Bizarro Liquid K2\" \/>\n<meta property=\"og:description\" content=\"Buy Bizarro Liquid K2, fast shipping. Trust our quality assurance for all your herbal incense needs. Order now discounted price.\" \/>\n<meta property=\"og:url\" content=\"https:\/\/chemsxpress.com\/fr\/produit\/acheter-bizarro-liquid-k2\/\" \/>\n<meta property=\"og:site_name\" content=\"SHOP MDPHP\" \/>\n<meta property=\"article:modified_time\" content=\"2025-05-23T11:46:27+00:00\" \/>\n<meta property=\"og:image\" content=\"https:\/\/chemsxpress.com\/wp-content\/uploads\/2024\/04\/Bizzaro-e-Liquid-for-sale1.jpg\" \/>\n\t<meta property=\"og:image:width\" content=\"600\" \/>\n\t<meta property=\"og:image:height\" content=\"600\" \/>\n\t<meta property=\"og:image:type\" content=\"image\/jpeg\" \/>\n<meta name=\"twitter:card\" content=\"summary_large_image\" \/>\n<meta name=\"twitter:label1\" content=\"Dur\u00e9e de lecture estim\u00e9e\" \/>\n\t<meta name=\"twitter:data1\" content=\"2 minutes\" \/>\n<script type=\"application\/ld+json\" class=\"yoast-schema-graph\">{\"@context\":\"https:\\\/\\\/schema.org\",\"@graph\":[{\"@type\":\"WebPage\",\"@id\":\"https:\\\/\\\/chemsxpress.com\\\/product\\\/buy-bizarro-liquid-k2\\\/\",\"url\":\"https:\\\/\\\/chemsxpress.com\\\/product\\\/buy-bizarro-liquid-k2\\\/\",\"name\":\"Buy Bizarro Liquid K2 Premium Quality Incense | ChemsXpress\",\"isPartOf\":{\"@id\":\"https:\\\/\\\/chemsxpress.com\\\/#website\"},\"primaryImageOfPage\":{\"@id\":\"https:\\\/\\\/chemsxpress.com\\\/product\\\/buy-bizarro-liquid-k2\\\/#primaryimage\"},\"image\":{\"@id\":\"https:\\\/\\\/chemsxpress.com\\\/product\\\/buy-bizarro-liquid-k2\\\/#primaryimage\"},\"thumbnailUrl\":\"https:\\\/\\\/chemsxpress.com\\\/wp-content\\\/uploads\\\/2024\\\/04\\\/Bizzaro-e-Liquid-for-sale1.jpg\",\"datePublished\":\"2024-04-29T13:12:41+00:00\",\"dateModified\":\"2025-05-23T11:46:27+00:00\",\"description\":\"Buy Bizarro Liquid K2, fast shipping. Trust our quality assurance for all your herbal incense needs. Order now discounted price.\",\"breadcrumb\":{\"@id\":\"https:\\\/\\\/chemsxpress.com\\\/product\\\/buy-bizarro-liquid-k2\\\/#breadcrumb\"},\"inLanguage\":\"fr-FR\",\"potentialAction\":[{\"@type\":\"ReadAction\",\"target\":[\"https:\\\/\\\/chemsxpress.com\\\/product\\\/buy-bizarro-liquid-k2\\\/\"]}]},{\"@type\":\"ImageObject\",\"inLanguage\":\"fr-FR\",\"@id\":\"https:\\\/\\\/chemsxpress.com\\\/product\\\/buy-bizarro-liquid-k2\\\/#primaryimage\",\"url\":\"https:\\\/\\\/chemsxpress.com\\\/wp-content\\\/uploads\\\/2024\\\/04\\\/Bizzaro-e-Liquid-for-sale1.jpg\",\"contentUrl\":\"https:\\\/\\\/chemsxpress.com\\\/wp-content\\\/uploads\\\/2024\\\/04\\\/Bizzaro-e-Liquid-for-sale1.jpg\",\"width\":600,\"height\":600,\"caption\":\"Buy Bizarro Liquid K2\"},{\"@type\":\"BreadcrumbList\",\"@id\":\"https:\\\/\\\/chemsxpress.com\\\/product\\\/buy-bizarro-liquid-k2\\\/#breadcrumb\",\"itemListElement\":[{\"@type\":\"ListItem\",\"position\":1,\"name\":\"Home\",\"item\":\"https:\\\/\\\/chemsxpress.com\\\/\"},{\"@type\":\"ListItem\",\"position\":2,\"name\":\"Shop\",\"item\":\"https:\\\/\\\/chemsxpress.com\\\/shop\\\/\"},{\"@type\":\"ListItem\",\"position\":3,\"name\":\"Bizarro Liquid K2\"}]},{\"@type\":\"WebSite\",\"@id\":\"https:\\\/\\\/chemsxpress.com\\\/#website\",\"url\":\"https:\\\/\\\/chemsxpress.com\\\/\",\"name\":\"SHOP MDPHP\",\"description\":\"Buy MDPHP freebase from reliable supplier\",\"potentialAction\":[{\"@type\":\"SearchAction\",\"target\":{\"@type\":\"EntryPoint\",\"urlTemplate\":\"https:\\\/\\\/chemsxpress.com\\\/?s={search_term_string}\"},\"query-input\":{\"@type\":\"PropertyValueSpecification\",\"valueRequired\":true,\"valueName\":\"search_term_string\"}}],\"inLanguage\":\"fr-FR\"}]}<\/script>\n<!-- \/ Yoast SEO Premium plugin. -->","yoast_head_json":{"title":"Achetez de l'encens Bizarro Liquid K2 de qualit\u00e9 sup\u00e9rieure | ChemsXpress","description":"Achetez l'encens Space Cadet \u00e0 ChemsXpress. Encens \u00e0 base de plantes de premi\u00e8re qualit\u00e9, livraison rapide. Faites confiance \u00e0 notre assurance qualit\u00e9 pour tous vos besoins de recherche. Commandez maintenant","robots":{"index":"index","follow":"follow","max-snippet":"max-snippet:-1","max-image-preview":"max-image-preview:large","max-video-preview":"max-video-preview:-1"},"canonical":"https:\/\/chemsxpress.com\/fr\/produit\/acheter-bizarro-liquid-k2\/","og_locale":"fr_FR","og_type":"article","og_title":"Bizarro Liquid K2","og_description":"Buy Bizarro Liquid K2, fast shipping. Trust our quality assurance for all your herbal incense needs. Order now discounted price.","og_url":"https:\/\/chemsxpress.com\/fr\/produit\/acheter-bizarro-liquid-k2\/","og_site_name":"SHOP MDPHP","article_modified_time":"2025-05-23T11:46:27+00:00","og_image":[{"width":600,"height":600,"url":"https:\/\/chemsxpress.com\/wp-content\/uploads\/2024\/04\/Bizzaro-e-Liquid-for-sale1.jpg","type":"image\/jpeg"}],"twitter_card":"summary_large_image","twitter_misc":{"Dur\u00e9e de lecture estim\u00e9e":"2 minutes"},"schema":{"@context":"https:\/\/schema.org","@graph":[{"@type":"WebPage","@id":"https:\/\/chemsxpress.com\/product\/buy-bizarro-liquid-k2\/","url":"https:\/\/chemsxpress.com\/product\/buy-bizarro-liquid-k2\/","name":"Achetez de l'encens Bizarro Liquid K2 de qualit\u00e9 sup\u00e9rieure | ChemsXpress","isPartOf":{"@id":"https:\/\/chemsxpress.com\/#website"},"primaryImageOfPage":{"@id":"https:\/\/chemsxpress.com\/product\/buy-bizarro-liquid-k2\/#primaryimage"},"image":{"@id":"https:\/\/chemsxpress.com\/product\/buy-bizarro-liquid-k2\/#primaryimage"},"thumbnailUrl":"https:\/\/chemsxpress.com\/wp-content\/uploads\/2024\/04\/Bizzaro-e-Liquid-for-sale1.jpg","datePublished":"2024-04-29T13:12:41+00:00","dateModified":"2025-05-23T11:46:27+00:00","description":"Achetez l'encens Space Cadet \u00e0 ChemsXpress. Encens \u00e0 base de plantes de premi\u00e8re qualit\u00e9, livraison rapide. Faites confiance \u00e0 notre assurance qualit\u00e9 pour tous vos besoins de recherche. Commandez maintenant","breadcrumb":{"@id":"https:\/\/chemsxpress.com\/product\/buy-bizarro-liquid-k2\/#breadcrumb"},"inLanguage":"fr-FR","potentialAction":[{"@type":"ReadAction","target":["https:\/\/chemsxpress.com\/product\/buy-bizarro-liquid-k2\/"]}]},{"@type":"ImageObject","inLanguage":"fr-FR","@id":"https:\/\/chemsxpress.com\/product\/buy-bizarro-liquid-k2\/#primaryimage","url":"https:\/\/chemsxpress.com\/wp-content\/uploads\/2024\/04\/Bizzaro-e-Liquid-for-sale1.jpg","contentUrl":"https:\/\/chemsxpress.com\/wp-content\/uploads\/2024\/04\/Bizzaro-e-Liquid-for-sale1.jpg","width":600,"height":600,"caption":"Buy Bizarro Liquid K2"},{"@type":"BreadcrumbList","@id":"https:\/\/chemsxpress.com\/product\/buy-bizarro-liquid-k2\/#breadcrumb","itemListElement":[{"@type":"ListItem","position":1,"name":"Home","item":"https:\/\/chemsxpress.com\/"},{"@type":"ListItem","position":2,"name":"Shop","item":"https:\/\/chemsxpress.com\/shop\/"},{"@type":"ListItem","position":3,"name":"Bizarro Liquid K2"}]},{"@type":"WebSite","@id":"https:\/\/chemsxpress.com\/#website","url":"https:\/\/chemsxpress.com\/","name":"SHOP MDPHP","description":"Acheter MDPHP freebase aupr\u00e8s d'un fournisseur fiable","potentialAction":[{"@type":"SearchAction","target":{"@type":"EntryPoint","urlTemplate":"https:\/\/chemsxpress.com\/?s={search_term_string}"},"query-input":{"@type":"PropertyValueSpecification","valueRequired":true,"valueName":"search_term_string"}}],"inLanguage":"fr-FR"}]}},"jetpack_sharing_enabled":true,"_links":{"self":[{"href":"https:\/\/chemsxpress.com\/fr\/wp-json\/wp\/v2\/product\/27836","targetHints":{"allow":["GET"]}}],"collection":[{"href":"https:\/\/chemsxpress.com\/fr\/wp-json\/wp\/v2\/product"}],"about":[{"href":"https:\/\/chemsxpress.com\/fr\/wp-json\/wp\/v2\/types\/product"}],"replies":[{"embeddable":true,"href":"https:\/\/chemsxpress.com\/fr\/wp-json\/wp\/v2\/comments?post=27836"}],"version-history":[{"count":3,"href":"https:\/\/chemsxpress.com\/fr\/wp-json\/wp\/v2\/product\/27836\/revisions"}],"predecessor-version":[{"id":29899,"href":"https:\/\/chemsxpress.com\/fr\/wp-json\/wp\/v2\/product\/27836\/revisions\/29899"}],"wp:featuredmedia":[{"embeddable":true,"href":"https:\/\/chemsxpress.com\/fr\/wp-json\/wp\/v2\/media\/27866"}],"wp:attachment":[{"href":"https:\/\/chemsxpress.com\/fr\/wp-json\/wp\/v2\/media?parent=27836"}],"wp:term":[{"taxonomy":"product_brand","embeddable":true,"href":"https:\/\/chemsxpress.com\/fr\/wp-json\/wp\/v2\/product_brand?post=27836"},{"taxonomy":"product_cat","embeddable":true,"href":"https:\/\/chemsxpress.com\/fr\/wp-json\/wp\/v2\/product_cat?post=27836"},{"taxonomy":"product_tag","embeddable":true,"href":"https:\/\/chemsxpress.com\/fr\/wp-json\/wp\/v2\/product_tag?post=27836"}],"curies":[{"name":"wp","href":"https:\/\/api.w.org\/{rel}","templated":true}]}}