{"id":27837,"date":"2024-04-29T13:12:41","date_gmt":"2024-04-29T13:12:41","guid":{"rendered":"https:\/\/chemsxpress.com\/?post_type=product&#038;p=27837"},"modified":"2024-07-04T23:59:33","modified_gmt":"2024-07-04T23:59:33","slug":"acheter-k2-code-red-liquid","status":"publish","type":"product","link":"https:\/\/chemsxpress.com\/fr\/produit\/acheter-k2-code-red-liquid\/","title":{"rendered":"k2 code red liquid"},"content":{"rendered":"<h1>Acheter k2 code red liquid<\/h1>\n<h4><span class=\"___SText_17rlk-ko_\" data-ui-name=\"Link.Text\">k2 code red liquid<\/span><\/h4>\n<p>Acheter k2 code red liquid. Ce m\u00e9lange tr\u00e8s puissant a \u00e9t\u00e9 cr\u00e9\u00e9 pour stimuler votre esprit et porter vos niveaux d'\u00e9nergie \u00e0 de nouveaux extr\u00eames. Il s'agit d'un m\u00e9lange d'herbes puissantes qui \u00e9veillera vos sens et augmentera votre sensibilit\u00e9 au monde qui vous entoure. Vente d'encens \u00e0 base de plantes fortes. Vous profiterez d'une euphorie unique comme vous n'en avez jamais connue.<\/p>\n<h2>D\u00e9tails de <span class=\"___SText_17rlk-ko_\" data-ui-name=\"Link.Text\">k2 code red liquid<\/span><\/h2>\n<p>Cependant, ce m\u00e9lange de code rouge liquide est si puissant qu'il suffit d'une goutte pour ressentir toute la sensation. Vous aurez un sentiment accru de bien-\u00eatre et un \u00e9tat d'esprit plus paisible jusqu'\u00e0 deux heures apr\u00e8s avoir atteint l'euphorie du code rouge.<\/p>\n<h2>Utilisations de <span class=\"___SText_17rlk-ko_\" data-ui-name=\"Link.Text\">k2 code red liquid<\/span><\/h2>\n<p>Il est si puissant qu'il suffit d'une goutte pour ressentir toute la sensation. Vous aurez un sentiment accru de bien-\u00eatre et un \u00e9tat d'esprit plus paisible jusqu'\u00e0 deux heures apr\u00e8s avoir atteint votre code rouge euphorie, par exemple. Ce m\u00e9lange est le parfum id\u00e9al pour la m\u00e9ditation et la relaxation, car il cr\u00e9e un \u00e9tat d'esprit \u00e0 la fois positif et serein.<\/p>\n<p>De plus, K2 e liquid code red peut \u00eatre utilis\u00e9 avec n'importe quel vaporisateur \u00e9lectronique personnel. Lorsque vous vapotez avec code red, vous pouvez \u00eatre s\u00fbr que vous obtenez l'am\u00e9liorateur d'humeur le plus efficace jamais cr\u00e9\u00e9.<\/p>\n<div class=\"product__item product__item--col3\">\n<p><a href=\"https:\/\/chemsxpress.com\/fr\/\">ChemsXpress<\/a> s'engage \u00e0 soutenir la recherche scientifique et l'innovation en fournissant aux chercheurs un acc\u00e8s \u00e0 des produits chimiques de recherche de premi\u00e8re qualit\u00e9. Explorez notre vaste catalogue de <a href=\"https:\/\/chemsxpress.com\/fr\/categorie-produit\/produits-chimiques-de-recherche\/\">produits chimiques de recherche<\/a>Les r\u00e9sultats de l'\u00e9tude de ChemsXpress ont \u00e9t\u00e9 pr\u00e9sent\u00e9s \u00e0 la Commission europ\u00e9enne et \u00e0 l'Agence europ\u00e9enne pour la s\u00e9curit\u00e9 et la sant\u00e9 au travail (ESA).<\/p>\n<\/div>","protected":false},"excerpt":{"rendered":"<p>Chaque feuille publicitaire contient 25 ml=0,845351 oz liquide de liquide K2. Ce papier est inodore et incolore.<\/p>","protected":false},"featured_media":27868,"comment_status":"open","ping_status":"closed","template":"","meta":[],"product_brand":[],"product_cat":[72],"product_tag":[],"class_list":{"0":"post-27837","1":"product","2":"type-product","3":"status-publish","4":"has-post-thumbnail","6":"product_cat-k2-products","8":"first","9":"instock","10":"shipping-taxable","11":"purchasable","12":"product-type-variable"},"yoast_head":"<!-- This site is optimized with the Yoast SEO Premium plugin v24.1 (Yoast SEO v27.4) - https:\/\/yoast.com\/product\/yoast-seo-premium-wordpress\/ -->\n<title>Buy k2 code red liquid Premium Quality Herbal | ChemsXpress<\/title>\n<meta name=\"description\" content=\"Buy k2 code red liquid Premium herbal incense, fast shipping. Trust our quality assurance for all your research needs. Order now\" \/>\n<meta name=\"robots\" content=\"index, follow, max-snippet:-1, max-image-preview:large, max-video-preview:-1\" \/>\n<link rel=\"canonical\" href=\"https:\/\/chemsxpress.com\/fr\/produit\/acheter-k2-code-red-liquid\/\" \/>\n<meta property=\"og:locale\" content=\"fr_FR\" \/>\n<meta property=\"og:type\" content=\"article\" \/>\n<meta property=\"og:title\" content=\"k2 code red liquid\" \/>\n<meta property=\"og:description\" content=\"Buy k2 code red liquid Premium herbal incense, fast shipping. Trust our quality assurance for all your research needs. Order now\" \/>\n<meta property=\"og:url\" content=\"https:\/\/chemsxpress.com\/fr\/produit\/acheter-k2-code-red-liquid\/\" \/>\n<meta property=\"og:site_name\" content=\"SHOP MDPHP\" \/>\n<meta property=\"article:modified_time\" content=\"2024-07-04T23:59:33+00:00\" \/>\n<meta property=\"og:image\" content=\"https:\/\/chemsxpress.com\/wp-content\/uploads\/2024\/04\/k2-code-red-liquid.jpg\" \/>\n\t<meta property=\"og:image:width\" content=\"800\" \/>\n\t<meta property=\"og:image:height\" content=\"800\" \/>\n\t<meta property=\"og:image:type\" content=\"image\/jpeg\" \/>\n<meta name=\"twitter:card\" content=\"summary_large_image\" \/>\n<meta name=\"twitter:label1\" content=\"Dur\u00e9e de lecture estim\u00e9e\" \/>\n\t<meta name=\"twitter:data1\" content=\"2 minutes\" \/>\n<script type=\"application\/ld+json\" class=\"yoast-schema-graph\">{\"@context\":\"https:\\\/\\\/schema.org\",\"@graph\":[{\"@type\":\"WebPage\",\"@id\":\"https:\\\/\\\/chemsxpress.com\\\/product\\\/buy-k2-code-red-liquid\\\/\",\"url\":\"https:\\\/\\\/chemsxpress.com\\\/product\\\/buy-k2-code-red-liquid\\\/\",\"name\":\"Buy k2 code red liquid Premium Quality Herbal | ChemsXpress\",\"isPartOf\":{\"@id\":\"https:\\\/\\\/chemsxpress.com\\\/#website\"},\"primaryImageOfPage\":{\"@id\":\"https:\\\/\\\/chemsxpress.com\\\/product\\\/buy-k2-code-red-liquid\\\/#primaryimage\"},\"image\":{\"@id\":\"https:\\\/\\\/chemsxpress.com\\\/product\\\/buy-k2-code-red-liquid\\\/#primaryimage\"},\"thumbnailUrl\":\"https:\\\/\\\/chemsxpress.com\\\/wp-content\\\/uploads\\\/2024\\\/04\\\/k2-code-red-liquid.jpg\",\"datePublished\":\"2024-04-29T13:12:41+00:00\",\"dateModified\":\"2024-07-04T23:59:33+00:00\",\"description\":\"Buy k2 code red liquid Premium herbal incense, fast shipping. Trust our quality assurance for all your research needs. Order now\",\"breadcrumb\":{\"@id\":\"https:\\\/\\\/chemsxpress.com\\\/product\\\/buy-k2-code-red-liquid\\\/#breadcrumb\"},\"inLanguage\":\"fr-FR\",\"potentialAction\":[{\"@type\":\"ReadAction\",\"target\":[\"https:\\\/\\\/chemsxpress.com\\\/product\\\/buy-k2-code-red-liquid\\\/\"]}]},{\"@type\":\"ImageObject\",\"inLanguage\":\"fr-FR\",\"@id\":\"https:\\\/\\\/chemsxpress.com\\\/product\\\/buy-k2-code-red-liquid\\\/#primaryimage\",\"url\":\"https:\\\/\\\/chemsxpress.com\\\/wp-content\\\/uploads\\\/2024\\\/04\\\/k2-code-red-liquid.jpg\",\"contentUrl\":\"https:\\\/\\\/chemsxpress.com\\\/wp-content\\\/uploads\\\/2024\\\/04\\\/k2-code-red-liquid.jpg\",\"width\":800,\"height\":800,\"caption\":\"Buy k2 code red liquid\"},{\"@type\":\"BreadcrumbList\",\"@id\":\"https:\\\/\\\/chemsxpress.com\\\/product\\\/buy-k2-code-red-liquid\\\/#breadcrumb\",\"itemListElement\":[{\"@type\":\"ListItem\",\"position\":1,\"name\":\"Home\",\"item\":\"https:\\\/\\\/chemsxpress.com\\\/\"},{\"@type\":\"ListItem\",\"position\":2,\"name\":\"Shop\",\"item\":\"https:\\\/\\\/chemsxpress.com\\\/shop\\\/\"},{\"@type\":\"ListItem\",\"position\":3,\"name\":\"k2 code red liquid\"}]},{\"@type\":\"WebSite\",\"@id\":\"https:\\\/\\\/chemsxpress.com\\\/#website\",\"url\":\"https:\\\/\\\/chemsxpress.com\\\/\",\"name\":\"SHOP MDPHP\",\"description\":\"Buy MDPHP freebase from reliable supplier\",\"potentialAction\":[{\"@type\":\"SearchAction\",\"target\":{\"@type\":\"EntryPoint\",\"urlTemplate\":\"https:\\\/\\\/chemsxpress.com\\\/?s={search_term_string}\"},\"query-input\":{\"@type\":\"PropertyValueSpecification\",\"valueRequired\":true,\"valueName\":\"search_term_string\"}}],\"inLanguage\":\"fr-FR\"}]}<\/script>\n<!-- \/ Yoast SEO Premium plugin. -->","yoast_head_json":{"title":"Acheter K2 Code Red Liquide \u00e0 base de plantes de qualit\u00e9 sup\u00e9rieure | ChemsXpress","description":"Achetez l'encens Space Cadet \u00e0 ChemsXpress. Encens \u00e0 base de plantes de premi\u00e8re qualit\u00e9, livraison rapide. Faites confiance \u00e0 notre assurance qualit\u00e9 pour tous vos besoins de recherche. Commandez maintenant","robots":{"index":"index","follow":"follow","max-snippet":"max-snippet:-1","max-image-preview":"max-image-preview:large","max-video-preview":"max-video-preview:-1"},"canonical":"https:\/\/chemsxpress.com\/fr\/produit\/acheter-k2-code-red-liquid\/","og_locale":"fr_FR","og_type":"article","og_title":"k2 code red liquid","og_description":"Buy k2 code red liquid Premium herbal incense, fast shipping. Trust our quality assurance for all your research needs. Order now","og_url":"https:\/\/chemsxpress.com\/fr\/produit\/acheter-k2-code-red-liquid\/","og_site_name":"SHOP MDPHP","article_modified_time":"2024-07-04T23:59:33+00:00","og_image":[{"width":800,"height":800,"url":"https:\/\/chemsxpress.com\/wp-content\/uploads\/2024\/04\/k2-code-red-liquid.jpg","type":"image\/jpeg"}],"twitter_card":"summary_large_image","twitter_misc":{"Dur\u00e9e de lecture estim\u00e9e":"2 minutes"},"schema":{"@context":"https:\/\/schema.org","@graph":[{"@type":"WebPage","@id":"https:\/\/chemsxpress.com\/product\/buy-k2-code-red-liquid\/","url":"https:\/\/chemsxpress.com\/product\/buy-k2-code-red-liquid\/","name":"Acheter K2 Code Red Liquide \u00e0 base de plantes de qualit\u00e9 sup\u00e9rieure | ChemsXpress","isPartOf":{"@id":"https:\/\/chemsxpress.com\/#website"},"primaryImageOfPage":{"@id":"https:\/\/chemsxpress.com\/product\/buy-k2-code-red-liquid\/#primaryimage"},"image":{"@id":"https:\/\/chemsxpress.com\/product\/buy-k2-code-red-liquid\/#primaryimage"},"thumbnailUrl":"https:\/\/chemsxpress.com\/wp-content\/uploads\/2024\/04\/k2-code-red-liquid.jpg","datePublished":"2024-04-29T13:12:41+00:00","dateModified":"2024-07-04T23:59:33+00:00","description":"Achetez l'encens Space Cadet \u00e0 ChemsXpress. Encens \u00e0 base de plantes de premi\u00e8re qualit\u00e9, livraison rapide. Faites confiance \u00e0 notre assurance qualit\u00e9 pour tous vos besoins de recherche. Commandez maintenant","breadcrumb":{"@id":"https:\/\/chemsxpress.com\/product\/buy-k2-code-red-liquid\/#breadcrumb"},"inLanguage":"fr-FR","potentialAction":[{"@type":"ReadAction","target":["https:\/\/chemsxpress.com\/product\/buy-k2-code-red-liquid\/"]}]},{"@type":"ImageObject","inLanguage":"fr-FR","@id":"https:\/\/chemsxpress.com\/product\/buy-k2-code-red-liquid\/#primaryimage","url":"https:\/\/chemsxpress.com\/wp-content\/uploads\/2024\/04\/k2-code-red-liquid.jpg","contentUrl":"https:\/\/chemsxpress.com\/wp-content\/uploads\/2024\/04\/k2-code-red-liquid.jpg","width":800,"height":800,"caption":"Buy k2 code red liquid"},{"@type":"BreadcrumbList","@id":"https:\/\/chemsxpress.com\/product\/buy-k2-code-red-liquid\/#breadcrumb","itemListElement":[{"@type":"ListItem","position":1,"name":"Home","item":"https:\/\/chemsxpress.com\/"},{"@type":"ListItem","position":2,"name":"Shop","item":"https:\/\/chemsxpress.com\/shop\/"},{"@type":"ListItem","position":3,"name":"k2 code red liquid"}]},{"@type":"WebSite","@id":"https:\/\/chemsxpress.com\/#website","url":"https:\/\/chemsxpress.com\/","name":"SHOP MDPHP","description":"Acheter MDPHP freebase aupr\u00e8s d'un fournisseur fiable","potentialAction":[{"@type":"SearchAction","target":{"@type":"EntryPoint","urlTemplate":"https:\/\/chemsxpress.com\/?s={search_term_string}"},"query-input":{"@type":"PropertyValueSpecification","valueRequired":true,"valueName":"search_term_string"}}],"inLanguage":"fr-FR"}]}},"jetpack_sharing_enabled":true,"_links":{"self":[{"href":"https:\/\/chemsxpress.com\/fr\/wp-json\/wp\/v2\/product\/27837","targetHints":{"allow":["GET"]}}],"collection":[{"href":"https:\/\/chemsxpress.com\/fr\/wp-json\/wp\/v2\/product"}],"about":[{"href":"https:\/\/chemsxpress.com\/fr\/wp-json\/wp\/v2\/types\/product"}],"replies":[{"embeddable":true,"href":"https:\/\/chemsxpress.com\/fr\/wp-json\/wp\/v2\/comments?post=27837"}],"version-history":[{"count":4,"href":"https:\/\/chemsxpress.com\/fr\/wp-json\/wp\/v2\/product\/27837\/revisions"}],"predecessor-version":[{"id":30101,"href":"https:\/\/chemsxpress.com\/fr\/wp-json\/wp\/v2\/product\/27837\/revisions\/30101"}],"wp:featuredmedia":[{"embeddable":true,"href":"https:\/\/chemsxpress.com\/fr\/wp-json\/wp\/v2\/media\/27868"}],"wp:attachment":[{"href":"https:\/\/chemsxpress.com\/fr\/wp-json\/wp\/v2\/media?parent=27837"}],"wp:term":[{"taxonomy":"product_brand","embeddable":true,"href":"https:\/\/chemsxpress.com\/fr\/wp-json\/wp\/v2\/product_brand?post=27837"},{"taxonomy":"product_cat","embeddable":true,"href":"https:\/\/chemsxpress.com\/fr\/wp-json\/wp\/v2\/product_cat?post=27837"},{"taxonomy":"product_tag","embeddable":true,"href":"https:\/\/chemsxpress.com\/fr\/wp-json\/wp\/v2\/product_tag?post=27837"}],"curies":[{"name":"wp","href":"https:\/\/api.w.org\/{rel}","templated":true}]}}