{"id":27841,"date":"2024-04-29T13:12:41","date_gmt":"2024-04-29T13:12:41","guid":{"rendered":"https:\/\/chemsxpress.com\/?post_type=product&#038;p=27841"},"modified":"2024-07-04T23:59:01","modified_gmt":"2024-07-04T23:59:01","slug":"acheter-le-papier-k2-spice","status":"publish","type":"product","link":"https:\/\/chemsxpress.com\/fr\/produit\/acheter-le-papier-k2-spice\/","title":{"rendered":"Papier \u00e0 \u00e9pices K2"},"content":{"rendered":"<h1>Acheter le papier \u00e0 \u00e9pices K2<\/h1>\n<h5><strong>Introduction \u00e0 K2 Spice :<\/strong><\/h5>\n<ul>\n<li>Acheter du papier K2 Spice. Expliquez ce qu'est le K2 Spice et en quoi il est diff\u00e9rent du cannabis naturel.<\/li>\n<li>Donnez un bref aper\u00e7u de son histoire, y compris son \u00e9mergence en tant qu'alternative l\u00e9gale \u00e0 la marijuana.<\/li>\n<\/ul>\n<p><strong>2. Composition et effets :<\/strong><\/p>\n<ul>\n<li>D\u00e9tailler la composition chimique du K2 Spice, en mettant en \u00e9vidence les cannabino\u00efdes synth\u00e9tiques utilis\u00e9s.<\/li>\n<li>D\u00e9crire les effets du K2 Spice sur le corps et l'esprit, y compris les effets positifs et n\u00e9gatifs.<\/li>\n<li>Insister sur le caract\u00e8re impr\u00e9visible des cannabino\u00efdes synth\u00e9tiques et sur le risque de r\u00e9actions graves.<\/li>\n<\/ul>\n<h1>Papier \u00e0 \u00e9pices \u00e0 vendre<\/h1>\n<p>Papier \u00e9pic\u00e9 \u00e0 vendre. 25 ml=0.845351 oz liquide de K2 sont infus\u00e9s dans chaque page A4. Achetez du papier ordinaire A4 infus\u00e9 et \u00e9crivez une lettre \u00e0 votre ami en prison. Ce papier n'a pas d'odeur et est incolore. <span style=\"color: #ffffff;\">feuilles de papier k2.<\/span><\/p>\n<p>Le meilleur papier aux \u00e9pices du monde. Nous avons un papier sp\u00e9cial a4 infus\u00e9 de K2 \u00e0 vendre. Papier K2 Spice, papier k2, papier mamba, quoi qu'il en soit, il est si fort qu'il va vous \u00e9poustoufler. Nous exp\u00e9dions dans le monde entier. Nous avons le meilleur emballage discret et les meilleures m\u00e9thodes d'exp\u00e9dition. Nous avons \u00e9galement d'autres produits que vous pouvez consulter. Contactez-nous pour plus d'informations.<span style=\"color: #ffffff;\"> feuilles de papier k2.<\/span><\/p>\n<h2>Papiers \u00e0 \u00e9pices disponibles<\/h2>\n<ul>\n<li><a href=\"https:\/\/chemsxpress.com\/fr\/produit\/acheter-encens-liquide-cloud-9\/\">Cloud 9 Liquid<\/a> Papier A4 infus\u00e9 \u00e0 l'encens<\/li>\n<li>Papier A4 avec encens liquide ALOHA Tangerine<\/li>\n<li>Bizarro Fresh Liquid Papier A4 infus\u00e9 \u00e0 l'encens<\/li>\n<li><a href=\"https:\/\/chemsxpress.com\/fr\/produit\/acheter-bizarro-liquid-k2\/\">Liquide Bizarro<\/a> Papier A4 infus\u00e9 \u00e0 l'encens<\/li>\n<li>Papier A4 infus\u00e9 \u00e0 l'encens liquide Black Label<\/li>\n<li>Papier A4 infus\u00e9 aux myrtilles<\/li>\n<li>Papier A4 infus\u00e9 au punch hawa\u00efen 7H<\/li>\n<li>Brainfreeze Liquid Papier A4 infus\u00e9 \u00e0 l'encens<\/li>\n<li>Buzz Liquid Papier A4 infus\u00e9 \u00e0 l'encens<\/li>\n<li>California Dreams Papier A4 infus\u00e9 de liquide<\/li>\n<li>Papier A4 infus\u00e9 de c-liquide cannabino\u00efde<\/li>\n<li>Diablo Liquid Papier A4 infus\u00e9 \u00e0 l'encens<\/li>\n<li>e <a href=\"https:\/\/chemsxpress.com\/fr\/produit\/acheter-k2-code-red-liquid\/\">liquide CODE ROUGE<\/a> Papier A4 infus\u00e9<\/li>\n<li>Papier A4 infus\u00e9 Berry Colada de Klimax<\/li>\n<li>Papier A4 infus\u00e9 \u00e0 l'encens liquide Kush<\/li>\n<\/ul>\n<p><a href=\"https:\/\/chemsxpress.com\/fr\/\">ChemsXpress<\/a>\u00a0 votre guichet unique pour tous les produits de papier d'\u00e9pices, livraison rapide et discr\u00e8te.<\/p>\n<p>&nbsp;<\/p>","protected":false},"excerpt":{"rendered":"<p>Acheter du papier K2 Spice Introduction \u00e0 K2 Spice : Acheter du papier K2 Spice. Expliquer ce qu'est le K2 Spice et comment il fonctionne.<\/p>","protected":false},"featured_media":27870,"comment_status":"open","ping_status":"closed","template":"","meta":[],"product_brand":[],"product_cat":[72],"product_tag":[],"class_list":{"0":"post-27841","1":"product","2":"type-product","3":"status-publish","4":"has-post-thumbnail","6":"product_cat-k2-products","8":"first","9":"instock","10":"shipping-taxable","11":"purchasable","12":"product-type-variable"},"yoast_head":"<!-- This site is optimized with the Yoast SEO Premium plugin v24.1 (Yoast SEO v27.4) - https:\/\/yoast.com\/product\/yoast-seo-premium-wordpress\/ -->\n<title>Buy K2 spice paperPremium Quality RC&#039;s | ChemsXpress<\/title>\n<meta name=\"description\" content=\"Buy K2 spice paper at ChemsXpress. Premium research chemicals, fast shipping. Trust our quality assurance for all your research needs. Order now\" \/>\n<meta name=\"robots\" content=\"index, follow, max-snippet:-1, max-image-preview:large, max-video-preview:-1\" \/>\n<link rel=\"canonical\" href=\"https:\/\/chemsxpress.com\/fr\/produit\/acheter-le-papier-k2-spice\/\" \/>\n<meta property=\"og:locale\" content=\"fr_FR\" \/>\n<meta property=\"og:type\" content=\"article\" \/>\n<meta property=\"og:title\" content=\"K2 spice paper\" \/>\n<meta property=\"og:description\" content=\"Buy K2 spice paper at ChemsXpress. Premium research chemicals, fast shipping. Trust our quality assurance for all your research needs. Order now\" \/>\n<meta property=\"og:url\" content=\"https:\/\/chemsxpress.com\/fr\/produit\/acheter-le-papier-k2-spice\/\" \/>\n<meta property=\"og:site_name\" content=\"SHOP MDPHP\" \/>\n<meta property=\"article:modified_time\" content=\"2024-07-04T23:59:01+00:00\" \/>\n<meta property=\"og:image\" content=\"https:\/\/chemsxpress.com\/wp-content\/uploads\/2024\/04\/spice-paper-for-sale.jpg\" \/>\n\t<meta property=\"og:image:width\" content=\"1000\" \/>\n\t<meta property=\"og:image:height\" content=\"1000\" \/>\n\t<meta property=\"og:image:type\" content=\"image\/jpeg\" \/>\n<meta name=\"twitter:card\" content=\"summary_large_image\" \/>\n<meta name=\"twitter:label1\" content=\"Dur\u00e9e de lecture estim\u00e9e\" \/>\n\t<meta name=\"twitter:data1\" content=\"2 minutes\" \/>\n<script type=\"application\/ld+json\" class=\"yoast-schema-graph\">{\"@context\":\"https:\\\/\\\/schema.org\",\"@graph\":[{\"@type\":\"WebPage\",\"@id\":\"https:\\\/\\\/chemsxpress.com\\\/product\\\/buy-k2-spice-paper\\\/\",\"url\":\"https:\\\/\\\/chemsxpress.com\\\/product\\\/buy-k2-spice-paper\\\/\",\"name\":\"Buy K2 spice paperPremium Quality RC's | ChemsXpress\",\"isPartOf\":{\"@id\":\"https:\\\/\\\/chemsxpress.com\\\/#website\"},\"primaryImageOfPage\":{\"@id\":\"https:\\\/\\\/chemsxpress.com\\\/product\\\/buy-k2-spice-paper\\\/#primaryimage\"},\"image\":{\"@id\":\"https:\\\/\\\/chemsxpress.com\\\/product\\\/buy-k2-spice-paper\\\/#primaryimage\"},\"thumbnailUrl\":\"https:\\\/\\\/chemsxpress.com\\\/wp-content\\\/uploads\\\/2024\\\/04\\\/spice-paper-for-sale.jpg\",\"datePublished\":\"2024-04-29T13:12:41+00:00\",\"dateModified\":\"2024-07-04T23:59:01+00:00\",\"description\":\"Buy K2 spice paper at ChemsXpress. Premium research chemicals, fast shipping. Trust our quality assurance for all your research needs. Order now\",\"breadcrumb\":{\"@id\":\"https:\\\/\\\/chemsxpress.com\\\/product\\\/buy-k2-spice-paper\\\/#breadcrumb\"},\"inLanguage\":\"fr-FR\",\"potentialAction\":[{\"@type\":\"ReadAction\",\"target\":[\"https:\\\/\\\/chemsxpress.com\\\/product\\\/buy-k2-spice-paper\\\/\"]}]},{\"@type\":\"ImageObject\",\"inLanguage\":\"fr-FR\",\"@id\":\"https:\\\/\\\/chemsxpress.com\\\/product\\\/buy-k2-spice-paper\\\/#primaryimage\",\"url\":\"https:\\\/\\\/chemsxpress.com\\\/wp-content\\\/uploads\\\/2024\\\/04\\\/spice-paper-for-sale.jpg\",\"contentUrl\":\"https:\\\/\\\/chemsxpress.com\\\/wp-content\\\/uploads\\\/2024\\\/04\\\/spice-paper-for-sale.jpg\",\"width\":1000,\"height\":1000,\"caption\":\"Buy K2 spice paper\"},{\"@type\":\"BreadcrumbList\",\"@id\":\"https:\\\/\\\/chemsxpress.com\\\/product\\\/buy-k2-spice-paper\\\/#breadcrumb\",\"itemListElement\":[{\"@type\":\"ListItem\",\"position\":1,\"name\":\"Home\",\"item\":\"https:\\\/\\\/chemsxpress.com\\\/\"},{\"@type\":\"ListItem\",\"position\":2,\"name\":\"Shop\",\"item\":\"https:\\\/\\\/chemsxpress.com\\\/shop\\\/\"},{\"@type\":\"ListItem\",\"position\":3,\"name\":\"K2 spice paper\"}]},{\"@type\":\"WebSite\",\"@id\":\"https:\\\/\\\/chemsxpress.com\\\/#website\",\"url\":\"https:\\\/\\\/chemsxpress.com\\\/\",\"name\":\"SHOP MDPHP\",\"description\":\"Buy MDPHP freebase from reliable supplier\",\"potentialAction\":[{\"@type\":\"SearchAction\",\"target\":{\"@type\":\"EntryPoint\",\"urlTemplate\":\"https:\\\/\\\/chemsxpress.com\\\/?s={search_term_string}\"},\"query-input\":{\"@type\":\"PropertyValueSpecification\",\"valueRequired\":true,\"valueName\":\"search_term_string\"}}],\"inLanguage\":\"fr-FR\"}]}<\/script>\n<!-- \/ Yoast SEO Premium plugin. -->","yoast_head_json":{"title":"Achetez du papier \u00e0 \u00e9pices K2 RC de qualit\u00e9 sup\u00e9rieure | ChemsXpress","description":"Achetez des pastilles de 2C-D \u00e0 ChemsXpress. Produits chimiques de recherche de premi\u00e8re qualit\u00e9, livraison rapide. Faites confiance \u00e0 notre assurance qualit\u00e9 pour tous vos besoins de recherche. Commandez maintenant","robots":{"index":"index","follow":"follow","max-snippet":"max-snippet:-1","max-image-preview":"max-image-preview:large","max-video-preview":"max-video-preview:-1"},"canonical":"https:\/\/chemsxpress.com\/fr\/produit\/acheter-le-papier-k2-spice\/","og_locale":"fr_FR","og_type":"article","og_title":"K2 spice paper","og_description":"Buy K2 spice paper at ChemsXpress. Premium research chemicals, fast shipping. Trust our quality assurance for all your research needs. Order now","og_url":"https:\/\/chemsxpress.com\/fr\/produit\/acheter-le-papier-k2-spice\/","og_site_name":"SHOP MDPHP","article_modified_time":"2024-07-04T23:59:01+00:00","og_image":[{"width":1000,"height":1000,"url":"https:\/\/chemsxpress.com\/wp-content\/uploads\/2024\/04\/spice-paper-for-sale.jpg","type":"image\/jpeg"}],"twitter_card":"summary_large_image","twitter_misc":{"Dur\u00e9e de lecture estim\u00e9e":"2 minutes"},"schema":{"@context":"https:\/\/schema.org","@graph":[{"@type":"WebPage","@id":"https:\/\/chemsxpress.com\/product\/buy-k2-spice-paper\/","url":"https:\/\/chemsxpress.com\/product\/buy-k2-spice-paper\/","name":"Achetez du papier \u00e0 \u00e9pices K2 RC de qualit\u00e9 sup\u00e9rieure | ChemsXpress","isPartOf":{"@id":"https:\/\/chemsxpress.com\/#website"},"primaryImageOfPage":{"@id":"https:\/\/chemsxpress.com\/product\/buy-k2-spice-paper\/#primaryimage"},"image":{"@id":"https:\/\/chemsxpress.com\/product\/buy-k2-spice-paper\/#primaryimage"},"thumbnailUrl":"https:\/\/chemsxpress.com\/wp-content\/uploads\/2024\/04\/spice-paper-for-sale.jpg","datePublished":"2024-04-29T13:12:41+00:00","dateModified":"2024-07-04T23:59:01+00:00","description":"Achetez des pastilles de 2C-D \u00e0 ChemsXpress. Produits chimiques de recherche de premi\u00e8re qualit\u00e9, livraison rapide. Faites confiance \u00e0 notre assurance qualit\u00e9 pour tous vos besoins de recherche. Commandez maintenant","breadcrumb":{"@id":"https:\/\/chemsxpress.com\/product\/buy-k2-spice-paper\/#breadcrumb"},"inLanguage":"fr-FR","potentialAction":[{"@type":"ReadAction","target":["https:\/\/chemsxpress.com\/product\/buy-k2-spice-paper\/"]}]},{"@type":"ImageObject","inLanguage":"fr-FR","@id":"https:\/\/chemsxpress.com\/product\/buy-k2-spice-paper\/#primaryimage","url":"https:\/\/chemsxpress.com\/wp-content\/uploads\/2024\/04\/spice-paper-for-sale.jpg","contentUrl":"https:\/\/chemsxpress.com\/wp-content\/uploads\/2024\/04\/spice-paper-for-sale.jpg","width":1000,"height":1000,"caption":"Buy K2 spice paper"},{"@type":"BreadcrumbList","@id":"https:\/\/chemsxpress.com\/product\/buy-k2-spice-paper\/#breadcrumb","itemListElement":[{"@type":"ListItem","position":1,"name":"Home","item":"https:\/\/chemsxpress.com\/"},{"@type":"ListItem","position":2,"name":"Shop","item":"https:\/\/chemsxpress.com\/shop\/"},{"@type":"ListItem","position":3,"name":"K2 spice paper"}]},{"@type":"WebSite","@id":"https:\/\/chemsxpress.com\/#website","url":"https:\/\/chemsxpress.com\/","name":"SHOP MDPHP","description":"Acheter MDPHP freebase aupr\u00e8s d'un fournisseur fiable","potentialAction":[{"@type":"SearchAction","target":{"@type":"EntryPoint","urlTemplate":"https:\/\/chemsxpress.com\/?s={search_term_string}"},"query-input":{"@type":"PropertyValueSpecification","valueRequired":true,"valueName":"search_term_string"}}],"inLanguage":"fr-FR"}]}},"jetpack_sharing_enabled":true,"_links":{"self":[{"href":"https:\/\/chemsxpress.com\/fr\/wp-json\/wp\/v2\/product\/27841","targetHints":{"allow":["GET"]}}],"collection":[{"href":"https:\/\/chemsxpress.com\/fr\/wp-json\/wp\/v2\/product"}],"about":[{"href":"https:\/\/chemsxpress.com\/fr\/wp-json\/wp\/v2\/types\/product"}],"replies":[{"embeddable":true,"href":"https:\/\/chemsxpress.com\/fr\/wp-json\/wp\/v2\/comments?post=27841"}],"version-history":[{"count":3,"href":"https:\/\/chemsxpress.com\/fr\/wp-json\/wp\/v2\/product\/27841\/revisions"}],"predecessor-version":[{"id":30100,"href":"https:\/\/chemsxpress.com\/fr\/wp-json\/wp\/v2\/product\/27841\/revisions\/30100"}],"wp:featuredmedia":[{"embeddable":true,"href":"https:\/\/chemsxpress.com\/fr\/wp-json\/wp\/v2\/media\/27870"}],"wp:attachment":[{"href":"https:\/\/chemsxpress.com\/fr\/wp-json\/wp\/v2\/media?parent=27841"}],"wp:term":[{"taxonomy":"product_brand","embeddable":true,"href":"https:\/\/chemsxpress.com\/fr\/wp-json\/wp\/v2\/product_brand?post=27841"},{"taxonomy":"product_cat","embeddable":true,"href":"https:\/\/chemsxpress.com\/fr\/wp-json\/wp\/v2\/product_cat?post=27841"},{"taxonomy":"product_tag","embeddable":true,"href":"https:\/\/chemsxpress.com\/fr\/wp-json\/wp\/v2\/product_tag?post=27841"}],"curies":[{"name":"wp","href":"https:\/\/api.w.org\/{rel}","templated":true}]}}