{"id":27842,"date":"2024-04-29T13:12:41","date_gmt":"2024-04-29T13:12:41","guid":{"rendered":"https:\/\/chemsxpress.com\/?post_type=product&#038;p=27842"},"modified":"2024-07-04T23:58:08","modified_gmt":"2024-07-04T23:58:08","slug":"acheter-k2-spice-spray-diablo","status":"publish","type":"product","link":"https:\/\/chemsxpress.com\/fr\/produit\/acheter-k2-spice-spray-diablo\/","title":{"rendered":"K2 Spice spray diablo"},"content":{"rendered":"<h1>Acheter K2 spice spray diablo<\/h1>\n<h2>K2 Spice Spray Diablo<\/h2>\n<p>Acheter K2 spice spray diablo, Diablo K2 liquid spray on paper est l'un des articles les plus vendus de la soci\u00e9t\u00e9 Diablo. Le liquide est extrait de cannabino\u00efdes synth\u00e9tiques qui sont similaires aux cannabino\u00efdes provenant de la plante de cannabis. L'encens est pr\u00e9par\u00e9 sous la supervision d'un personnel qualifi\u00e9 dans des laboratoires d'essai. Il est extrait de <a href=\"https:\/\/chemsxpress.com\/fr\/categorie-produit\/produits-chimiques-de-recherche\/\">produits chimiques de recherche<\/a> qui sont pr\u00e9par\u00e9s sous la supervision du personnel qualifi\u00e9 des laboratoires d'essai.<\/p>\n<p>Lorsque le liquide est extrait, il est transform\u00e9 en spray K2, puis vaporis\u00e9 sur du papier d'impression de format A4. C'est le moyen id\u00e9al de se d\u00e9tendre apr\u00e8s une journ\u00e9e stressante. Le spray liquide Diablo K2 se vend comme des petits pains en raison de sa composition chimique qui vous permet de planer en quelques minutes, c'est pourquoi les gens le demandent plus qu'avant.<\/p>\n<h2>Propri\u00e9t\u00e9s :<\/h2>\n<ul>\n<li>Des r\u00e9sultats durables<\/li>\n<li>Fumer pour le plaisir<\/li>\n<li>Tr\u00e8s puissant<\/li>\n<li>Haute Af<\/li>\n<\/ul>\n<h2>Environnement d'utilisation :<\/h2>\n<p>Vous pouvez utiliser les feuilles Diablo K2 dans n'importe quel type d'environnement. De plus, nous recommandons de l'utiliser \u00e0 l'int\u00e9rieur pour profiter du meilleur go\u00fbt de votre produit d\u00e9sir\u00e9. Il est parfait pour les f\u00eates avec de vieux amis en raison de sa forte puissance, ils seront surpris par les r\u00e9sultats de ce spray liquide avec peu d'effort pour se d\u00e9foncer.<\/p>\n<h2>Effets du papier Diablo k2 :<\/h2>\n<p>Diablo K2 liquid spray est une des drogues \u00e0 action rapide qui vous fera sentir boost\u00e9 en quelques minutes. La meilleure fa\u00e7on de consommer et de gagner du temps est que ce produit est d\u00e9j\u00e0 complet, apr\u00e8s en avoir consomm\u00e9 une petite quantit\u00e9, vous vous sentirez d\u00e9fonc\u00e9 au plus haut point. La plupart des gens utilisent les feuilles Diablo K2 pour am\u00e9liorer leurs capacit\u00e9s de travail en raison de leur forme pure extraite et certains d'entre eux utilisent ce produit pour surmonter la d\u00e9pression et l'anxi\u00e9t\u00e9.<\/p>\n<h2>N'utilisez pas le papier Diablo k2 :<\/h2>\n<ul>\n<li>Les femmes enceintes ne peuvent pas utiliser ce produit.<\/li>\n<li>N'UTILISEZ PAS ce produit avant l'\u00e2ge de 18 ans.<\/li>\n<\/ul>\n<h2>Avis de non-responsabilit\u00e9 :<\/h2>\n<p>N'utilisez les feuilles d'encens Diablo que pour traiter certaines maladies mentales et non pour une consommation quotidienne. Utilisez-le en faible quantit\u00e9 si vous l'utilisez pour la premi\u00e8re fois.<br \/>\nEn outre, ces feuilles d'encens Diablo ne sont pas con\u00e7ues pour \u00eatre utilis\u00e9es au quotidien. Un usage excessif de ce produit peut entra\u00eener de graves troubles mentaux apr\u00e8s un certain temps, ainsi que d'autres probl\u00e8mes de sant\u00e9. Les fabricants et les d\u00e9taillants ne sont pas responsables d'une mauvaise utilisation. Attention !<\/p>\n<p><a href=\"https:\/\/chemsxpress.com\/fr\/\">ChemsXpress<\/a> s'engage \u00e0 soutenir la recherche scientifique et l'innovation en fournissant aux chercheurs un acc\u00e8s \u00e0 des produits chimiques de recherche de premi\u00e8re qualit\u00e9. Explorez notre vaste catalogue d'encens \u00e0 base de plantes et embarquez pour votre voyage scientifique en toute confiance avec ChemsXpress.<\/p>","protected":false},"excerpt":{"rendered":"<p>Acheter K2 Spice Spray diablo K2 Spice Spray Diablo Acheter K2 Spice Spray diablo, Diablo K2 spray liquide sur papier<\/p>","protected":false},"featured_media":27872,"comment_status":"open","ping_status":"closed","template":"","meta":[],"product_brand":[],"product_cat":[72],"product_tag":[],"class_list":{"0":"post-27842","1":"product","2":"type-product","3":"status-publish","4":"has-post-thumbnail","6":"product_cat-k2-products","8":"first","9":"instock","10":"shipping-taxable","11":"purchasable","12":"product-type-variable"},"yoast_head":"<!-- This site is optimized with the Yoast SEO Premium plugin v24.1 (Yoast SEO v27.4) - https:\/\/yoast.com\/product\/yoast-seo-premium-wordpress\/ -->\n<title>Buy K2 spice spray diablo Premium Quality | ChemsXpress<\/title>\n<meta name=\"description\" content=\"Buy K2 spice spray diablo at ChemsXpress. Premium , fast shipping. Trust our quality assurance for all your research needs. Order now\" \/>\n<meta name=\"robots\" content=\"index, follow, max-snippet:-1, max-image-preview:large, max-video-preview:-1\" \/>\n<link rel=\"canonical\" href=\"https:\/\/chemsxpress.com\/fr\/produit\/acheter-k2-spice-spray-diablo\/\" \/>\n<meta property=\"og:locale\" content=\"fr_FR\" \/>\n<meta property=\"og:type\" content=\"article\" \/>\n<meta property=\"og:title\" content=\"K2 spice spray diablo\" \/>\n<meta property=\"og:description\" content=\"Buy K2 spice spray diablo at ChemsXpress. Premium , fast shipping. Trust our quality assurance for all your research needs. Order now\" \/>\n<meta property=\"og:url\" content=\"https:\/\/chemsxpress.com\/fr\/produit\/acheter-k2-spice-spray-diablo\/\" \/>\n<meta property=\"og:site_name\" content=\"SHOP MDPHP\" \/>\n<meta property=\"article:modified_time\" content=\"2024-07-04T23:58:08+00:00\" \/>\n<meta property=\"og:image\" content=\"https:\/\/chemsxpress.com\/wp-content\/uploads\/2024\/04\/K2-Spice-Spray-Diablo-1.jpg\" \/>\n\t<meta property=\"og:image:width\" content=\"800\" \/>\n\t<meta property=\"og:image:height\" content=\"800\" \/>\n\t<meta property=\"og:image:type\" content=\"image\/jpeg\" \/>\n<meta name=\"twitter:card\" content=\"summary_large_image\" \/>\n<meta name=\"twitter:label1\" content=\"Dur\u00e9e de lecture estim\u00e9e\" \/>\n\t<meta name=\"twitter:data1\" content=\"3 minutes\" \/>\n<script type=\"application\/ld+json\" class=\"yoast-schema-graph\">{\"@context\":\"https:\\\/\\\/schema.org\",\"@graph\":[{\"@type\":\"WebPage\",\"@id\":\"https:\\\/\\\/chemsxpress.com\\\/product\\\/buy-k2-spice-spray-diablo\\\/\",\"url\":\"https:\\\/\\\/chemsxpress.com\\\/product\\\/buy-k2-spice-spray-diablo\\\/\",\"name\":\"Buy K2 spice spray diablo Premium Quality | ChemsXpress\",\"isPartOf\":{\"@id\":\"https:\\\/\\\/chemsxpress.com\\\/#website\"},\"primaryImageOfPage\":{\"@id\":\"https:\\\/\\\/chemsxpress.com\\\/product\\\/buy-k2-spice-spray-diablo\\\/#primaryimage\"},\"image\":{\"@id\":\"https:\\\/\\\/chemsxpress.com\\\/product\\\/buy-k2-spice-spray-diablo\\\/#primaryimage\"},\"thumbnailUrl\":\"https:\\\/\\\/chemsxpress.com\\\/wp-content\\\/uploads\\\/2024\\\/04\\\/K2-Spice-Spray-Diablo-1.jpg\",\"datePublished\":\"2024-04-29T13:12:41+00:00\",\"dateModified\":\"2024-07-04T23:58:08+00:00\",\"description\":\"Buy K2 spice spray diablo at ChemsXpress. Premium , fast shipping. Trust our quality assurance for all your research needs. Order now\",\"breadcrumb\":{\"@id\":\"https:\\\/\\\/chemsxpress.com\\\/product\\\/buy-k2-spice-spray-diablo\\\/#breadcrumb\"},\"inLanguage\":\"fr-FR\",\"potentialAction\":[{\"@type\":\"ReadAction\",\"target\":[\"https:\\\/\\\/chemsxpress.com\\\/product\\\/buy-k2-spice-spray-diablo\\\/\"]}]},{\"@type\":\"ImageObject\",\"inLanguage\":\"fr-FR\",\"@id\":\"https:\\\/\\\/chemsxpress.com\\\/product\\\/buy-k2-spice-spray-diablo\\\/#primaryimage\",\"url\":\"https:\\\/\\\/chemsxpress.com\\\/wp-content\\\/uploads\\\/2024\\\/04\\\/K2-Spice-Spray-Diablo-1.jpg\",\"contentUrl\":\"https:\\\/\\\/chemsxpress.com\\\/wp-content\\\/uploads\\\/2024\\\/04\\\/K2-Spice-Spray-Diablo-1.jpg\",\"width\":800,\"height\":800,\"caption\":\"Buy K2 spice spray diablo\"},{\"@type\":\"BreadcrumbList\",\"@id\":\"https:\\\/\\\/chemsxpress.com\\\/product\\\/buy-k2-spice-spray-diablo\\\/#breadcrumb\",\"itemListElement\":[{\"@type\":\"ListItem\",\"position\":1,\"name\":\"Home\",\"item\":\"https:\\\/\\\/chemsxpress.com\\\/\"},{\"@type\":\"ListItem\",\"position\":2,\"name\":\"Shop\",\"item\":\"https:\\\/\\\/chemsxpress.com\\\/shop\\\/\"},{\"@type\":\"ListItem\",\"position\":3,\"name\":\"K2 spice spray diablo\"}]},{\"@type\":\"WebSite\",\"@id\":\"https:\\\/\\\/chemsxpress.com\\\/#website\",\"url\":\"https:\\\/\\\/chemsxpress.com\\\/\",\"name\":\"SHOP MDPHP\",\"description\":\"Buy MDPHP freebase from reliable supplier\",\"potentialAction\":[{\"@type\":\"SearchAction\",\"target\":{\"@type\":\"EntryPoint\",\"urlTemplate\":\"https:\\\/\\\/chemsxpress.com\\\/?s={search_term_string}\"},\"query-input\":{\"@type\":\"PropertyValueSpecification\",\"valueRequired\":true,\"valueName\":\"search_term_string\"}}],\"inLanguage\":\"fr-FR\"}]}<\/script>\n<!-- \/ Yoast SEO Premium plugin. -->","yoast_head_json":{"title":"Achetez K2 spray \u00e0 \u00e9pices diablo Qualit\u00e9 Premium | ChemsXpress","description":"Achetez des pastilles de 2C-D \u00e0 ChemsXpress. Produits chimiques de recherche de premi\u00e8re qualit\u00e9, livraison rapide. Faites confiance \u00e0 notre assurance qualit\u00e9 pour tous vos besoins de recherche. Commandez maintenant","robots":{"index":"index","follow":"follow","max-snippet":"max-snippet:-1","max-image-preview":"max-image-preview:large","max-video-preview":"max-video-preview:-1"},"canonical":"https:\/\/chemsxpress.com\/fr\/produit\/acheter-k2-spice-spray-diablo\/","og_locale":"fr_FR","og_type":"article","og_title":"K2 spice spray diablo","og_description":"Buy K2 spice spray diablo at ChemsXpress. Premium , fast shipping. Trust our quality assurance for all your research needs. Order now","og_url":"https:\/\/chemsxpress.com\/fr\/produit\/acheter-k2-spice-spray-diablo\/","og_site_name":"SHOP MDPHP","article_modified_time":"2024-07-04T23:58:08+00:00","og_image":[{"width":800,"height":800,"url":"https:\/\/chemsxpress.com\/wp-content\/uploads\/2024\/04\/K2-Spice-Spray-Diablo-1.jpg","type":"image\/jpeg"}],"twitter_card":"summary_large_image","twitter_misc":{"Dur\u00e9e de lecture estim\u00e9e":"3 minutes"},"schema":{"@context":"https:\/\/schema.org","@graph":[{"@type":"WebPage","@id":"https:\/\/chemsxpress.com\/product\/buy-k2-spice-spray-diablo\/","url":"https:\/\/chemsxpress.com\/product\/buy-k2-spice-spray-diablo\/","name":"Achetez K2 spray \u00e0 \u00e9pices diablo Qualit\u00e9 Premium | ChemsXpress","isPartOf":{"@id":"https:\/\/chemsxpress.com\/#website"},"primaryImageOfPage":{"@id":"https:\/\/chemsxpress.com\/product\/buy-k2-spice-spray-diablo\/#primaryimage"},"image":{"@id":"https:\/\/chemsxpress.com\/product\/buy-k2-spice-spray-diablo\/#primaryimage"},"thumbnailUrl":"https:\/\/chemsxpress.com\/wp-content\/uploads\/2024\/04\/K2-Spice-Spray-Diablo-1.jpg","datePublished":"2024-04-29T13:12:41+00:00","dateModified":"2024-07-04T23:58:08+00:00","description":"Achetez des pastilles de 2C-D \u00e0 ChemsXpress. Produits chimiques de recherche de premi\u00e8re qualit\u00e9, livraison rapide. Faites confiance \u00e0 notre assurance qualit\u00e9 pour tous vos besoins de recherche. Commandez maintenant","breadcrumb":{"@id":"https:\/\/chemsxpress.com\/product\/buy-k2-spice-spray-diablo\/#breadcrumb"},"inLanguage":"fr-FR","potentialAction":[{"@type":"ReadAction","target":["https:\/\/chemsxpress.com\/product\/buy-k2-spice-spray-diablo\/"]}]},{"@type":"ImageObject","inLanguage":"fr-FR","@id":"https:\/\/chemsxpress.com\/product\/buy-k2-spice-spray-diablo\/#primaryimage","url":"https:\/\/chemsxpress.com\/wp-content\/uploads\/2024\/04\/K2-Spice-Spray-Diablo-1.jpg","contentUrl":"https:\/\/chemsxpress.com\/wp-content\/uploads\/2024\/04\/K2-Spice-Spray-Diablo-1.jpg","width":800,"height":800,"caption":"Buy K2 spice spray diablo"},{"@type":"BreadcrumbList","@id":"https:\/\/chemsxpress.com\/product\/buy-k2-spice-spray-diablo\/#breadcrumb","itemListElement":[{"@type":"ListItem","position":1,"name":"Home","item":"https:\/\/chemsxpress.com\/"},{"@type":"ListItem","position":2,"name":"Shop","item":"https:\/\/chemsxpress.com\/shop\/"},{"@type":"ListItem","position":3,"name":"K2 spice spray diablo"}]},{"@type":"WebSite","@id":"https:\/\/chemsxpress.com\/#website","url":"https:\/\/chemsxpress.com\/","name":"SHOP MDPHP","description":"Acheter MDPHP freebase aupr\u00e8s d'un fournisseur fiable","potentialAction":[{"@type":"SearchAction","target":{"@type":"EntryPoint","urlTemplate":"https:\/\/chemsxpress.com\/?s={search_term_string}"},"query-input":{"@type":"PropertyValueSpecification","valueRequired":true,"valueName":"search_term_string"}}],"inLanguage":"fr-FR"}]}},"jetpack_sharing_enabled":true,"_links":{"self":[{"href":"https:\/\/chemsxpress.com\/fr\/wp-json\/wp\/v2\/product\/27842","targetHints":{"allow":["GET"]}}],"collection":[{"href":"https:\/\/chemsxpress.com\/fr\/wp-json\/wp\/v2\/product"}],"about":[{"href":"https:\/\/chemsxpress.com\/fr\/wp-json\/wp\/v2\/types\/product"}],"replies":[{"embeddable":true,"href":"https:\/\/chemsxpress.com\/fr\/wp-json\/wp\/v2\/comments?post=27842"}],"version-history":[{"count":4,"href":"https:\/\/chemsxpress.com\/fr\/wp-json\/wp\/v2\/product\/27842\/revisions"}],"predecessor-version":[{"id":30099,"href":"https:\/\/chemsxpress.com\/fr\/wp-json\/wp\/v2\/product\/27842\/revisions\/30099"}],"wp:featuredmedia":[{"embeddable":true,"href":"https:\/\/chemsxpress.com\/fr\/wp-json\/wp\/v2\/media\/27872"}],"wp:attachment":[{"href":"https:\/\/chemsxpress.com\/fr\/wp-json\/wp\/v2\/media?parent=27842"}],"wp:term":[{"taxonomy":"product_brand","embeddable":true,"href":"https:\/\/chemsxpress.com\/fr\/wp-json\/wp\/v2\/product_brand?post=27842"},{"taxonomy":"product_cat","embeddable":true,"href":"https:\/\/chemsxpress.com\/fr\/wp-json\/wp\/v2\/product_cat?post=27842"},{"taxonomy":"product_tag","embeddable":true,"href":"https:\/\/chemsxpress.com\/fr\/wp-json\/wp\/v2\/product_tag?post=27842"}],"curies":[{"name":"wp","href":"https:\/\/api.w.org\/{rel}","templated":true}]}}