{"id":27847,"date":"2024-04-29T13:12:41","date_gmt":"2024-04-29T13:12:41","guid":{"rendered":"https:\/\/chemsxpress.com\/?post_type=product&#038;p=27847"},"modified":"2024-07-04T23:57:38","modified_gmt":"2024-07-04T23:57:38","slug":"acheter-angry-birds-space-incense","status":"publish","type":"product","link":"https:\/\/chemsxpress.com\/fr\/produit\/acheter-angry-birds-space-incense\/","title":{"rendered":"Encens Angry Birds Space"},"content":{"rendered":"<h1>Acheter de l'encens Angry Birds Space<\/h1>\n<p>Acheter l'encens Angry Birds Space, l'encens aux herbes Angry Birds Space endort les clients experts avec juste le parfum d'une petite touche. Les nouveaux clients doivent \u00eatre prudents lors de l'utilisation de ce produit.<\/p>\n<h2>O\u00f9 peut-on utiliser ce produit ?<\/h2>\n<p>Il ne peut pas \u00eatre utilis\u00e9 par voie orale et peut \u00eatre utilis\u00e9 en inhalant directement la substance.<\/p>\n<h2>Quand doit-on utiliser le produit ?<\/h2>\n<p>Les personnes qui ont utilis\u00e9 ce produit sont heureuses de le fumer, il aura un effet positif sur votre corps. Certains disent qu'il s'agit d'une \"herbe m\u00e9dicinale\" et beaucoup d'entre eux disent qu'il s'agit d'une herbe miraculeuse qui peut \u00eatre utilis\u00e9e pour gu\u00e9rir diverses maladies, en particulier comme agent relaxant et qui a une grande qualit\u00e9 de changement d'humeur et de propri\u00e9t\u00e9s de lib\u00e9ration du stress. Depuis que nous avons introduit ce produit r\u00e9cemment, les commandes arrivent tr\u00e8s vite comme des petits pains, ce qui montre que les clients l'appr\u00e9cient en tant que m\u00e9dicament. Cependant, nous avertissons que ce produit n'est pas destin\u00e9 aux personnes de moins de 18 ans.<\/p>\n<p><a href=\"https:\/\/chemsxpress.com\/fr\/\">ChemsXpress<\/a> s'engage \u00e0 soutenir la recherche scientifique et l'innovation en fournissant aux chercheurs un acc\u00e8s \u00e0 des produits chimiques de recherche de premi\u00e8re qualit\u00e9. D\u00e9couvrez notre vaste catalogue de produits chimiques de recherche, notamment <a href=\"https:\/\/chemsxpress.com\/fr\/produit\/acheter-encens-aux-herbes-cadet-de-lespace\/\">encens aux herbes\u00a0<\/a> et embarquez pour votre voyage scientifique en toute confiance avec ChemsXpress.<\/p>\n<p>Les encens \u00e0 base de plantes comme \"Angry Birds Space Incense\" sont souvent pr\u00e9sent\u00e9s comme des alternatives l\u00e9gales au cannabis ou comme des produits d'aromath\u00e9rapie. Cependant, ils peuvent contenir des cannabino\u00efdes synth\u00e9tiques ou d'autres substances qui peuvent avoir des effets impr\u00e9visibles et pr\u00e9senter des risques importants pour la sant\u00e9.<\/p>\n<p>Compte tenu des dangers potentiels associ\u00e9s \u00e0 ces produits, il est essentiel de donner la priorit\u00e9 \u00e0 la sant\u00e9 et \u00e0 la s\u00e9curit\u00e9. Si vous recherchez des informations sur des substances \u00e0 des fins de recherche ou si vous avez des questions sur l'abus de substances, pensez \u00e0 consulter des sources fiables telles que des professionnels de la sant\u00e9, des sp\u00e9cialistes de l'addiction ou des organismes de sant\u00e9 publique.<\/p>\n<p>Si vous ou l'un de vos proches \u00eates aux prises avec un probl\u00e8me de toxicomanie, il est important de chercher de l'aide aupr\u00e8s de professionnels qualifi\u00e9s qui peuvent vous apporter un soutien, des conseils et des options de traitement. En outre, la sensibilisation aux risques associ\u00e9s \u00e0 l'abus de substances et la promotion d'efforts de pr\u00e9vention et de r\u00e9duction des dommages fond\u00e9s sur des donn\u00e9es probantes peuvent contribuer \u00e0 prot\u00e9ger les individus et les familles de l'abus de substances. <a href=\"https:\/\/chemsxpress.com\/fr\/categorie-produit\/produits-chimiques-de-recherche\/\">communaut\u00e9s.<\/a><\/p>","protected":false},"excerpt":{"rendered":"<p>Acheter de l'encens Angry Birds Space Acheter de l'encens Angry Birds Space, l'encens \u00e0 base de plantes Angry Birds Space endort les clients experts.<\/p>","protected":false},"featured_media":27874,"comment_status":"open","ping_status":"closed","template":"","meta":[],"product_brand":[],"product_cat":[73],"product_tag":[],"class_list":{"0":"post-27847","1":"product","2":"type-product","3":"status-publish","4":"has-post-thumbnail","6":"product_cat-herbal-incense","8":"first","9":"instock","10":"shipping-taxable","11":"purchasable","12":"product-type-variable"},"yoast_head":"<!-- This site is optimized with the Yoast SEO Premium plugin v24.1 (Yoast SEO v27.3) - https:\/\/yoast.com\/product\/yoast-seo-premium-wordpress\/ -->\n<title>Buy Angry Birds Space Incense | Premium incense ChemsXpress<\/title>\n<meta name=\"description\" content=\"Buy Angry Birds Space Incense at ChemsXpress. Premium herbal incense, fast shipping. Trust our quality assurance for all your research needs. Order now\" \/>\n<meta name=\"robots\" content=\"index, follow, max-snippet:-1, max-image-preview:large, max-video-preview:-1\" \/>\n<link rel=\"canonical\" href=\"https:\/\/chemsxpress.com\/fr\/produit\/acheter-angry-birds-space-incense\/\" \/>\n<meta property=\"og:locale\" content=\"fr_FR\" \/>\n<meta property=\"og:type\" content=\"article\" \/>\n<meta property=\"og:title\" content=\"Angry Birds Space Incense\" \/>\n<meta property=\"og:description\" content=\"Buy Angry Birds Space Incense at ChemsXpress. Premium herbal incense, fast shipping. Trust our quality assurance for all your research needs. Order now\" \/>\n<meta property=\"og:url\" content=\"https:\/\/chemsxpress.com\/fr\/produit\/acheter-angry-birds-space-incense\/\" \/>\n<meta property=\"og:site_name\" content=\"SHOP MDPHP\" \/>\n<meta property=\"article:modified_time\" content=\"2024-07-04T23:57:38+00:00\" \/>\n<meta property=\"og:image\" content=\"https:\/\/chemsxpress.com\/wp-content\/uploads\/2024\/04\/angry-birds-space-incense.jpg\" \/>\n\t<meta property=\"og:image:width\" content=\"800\" \/>\n\t<meta property=\"og:image:height\" content=\"800\" \/>\n\t<meta property=\"og:image:type\" content=\"image\/jpeg\" \/>\n<meta name=\"twitter:card\" content=\"summary_large_image\" \/>\n<meta name=\"twitter:label1\" content=\"Dur\u00e9e de lecture estim\u00e9e\" \/>\n\t<meta name=\"twitter:data1\" content=\"2 minutes\" \/>\n<script type=\"application\/ld+json\" class=\"yoast-schema-graph\">{\"@context\":\"https:\\\/\\\/schema.org\",\"@graph\":[{\"@type\":\"WebPage\",\"@id\":\"https:\\\/\\\/chemsxpress.com\\\/product\\\/buy-angry-birds-space-incense\\\/\",\"url\":\"https:\\\/\\\/chemsxpress.com\\\/product\\\/buy-angry-birds-space-incense\\\/\",\"name\":\"Buy Angry Birds Space Incense | Premium incense ChemsXpress\",\"isPartOf\":{\"@id\":\"https:\\\/\\\/chemsxpress.com\\\/#website\"},\"primaryImageOfPage\":{\"@id\":\"https:\\\/\\\/chemsxpress.com\\\/product\\\/buy-angry-birds-space-incense\\\/#primaryimage\"},\"image\":{\"@id\":\"https:\\\/\\\/chemsxpress.com\\\/product\\\/buy-angry-birds-space-incense\\\/#primaryimage\"},\"thumbnailUrl\":\"https:\\\/\\\/chemsxpress.com\\\/wp-content\\\/uploads\\\/2024\\\/04\\\/angry-birds-space-incense.jpg\",\"datePublished\":\"2024-04-29T13:12:41+00:00\",\"dateModified\":\"2024-07-04T23:57:38+00:00\",\"description\":\"Buy Angry Birds Space Incense at ChemsXpress. Premium herbal incense, fast shipping. Trust our quality assurance for all your research needs. Order now\",\"breadcrumb\":{\"@id\":\"https:\\\/\\\/chemsxpress.com\\\/product\\\/buy-angry-birds-space-incense\\\/#breadcrumb\"},\"inLanguage\":\"fr-FR\",\"potentialAction\":[{\"@type\":\"ReadAction\",\"target\":[\"https:\\\/\\\/chemsxpress.com\\\/product\\\/buy-angry-birds-space-incense\\\/\"]}]},{\"@type\":\"ImageObject\",\"inLanguage\":\"fr-FR\",\"@id\":\"https:\\\/\\\/chemsxpress.com\\\/product\\\/buy-angry-birds-space-incense\\\/#primaryimage\",\"url\":\"https:\\\/\\\/chemsxpress.com\\\/wp-content\\\/uploads\\\/2024\\\/04\\\/angry-birds-space-incense.jpg\",\"contentUrl\":\"https:\\\/\\\/chemsxpress.com\\\/wp-content\\\/uploads\\\/2024\\\/04\\\/angry-birds-space-incense.jpg\",\"width\":800,\"height\":800,\"caption\":\"Buy Angry Birds Space Incense\"},{\"@type\":\"BreadcrumbList\",\"@id\":\"https:\\\/\\\/chemsxpress.com\\\/product\\\/buy-angry-birds-space-incense\\\/#breadcrumb\",\"itemListElement\":[{\"@type\":\"ListItem\",\"position\":1,\"name\":\"Home\",\"item\":\"https:\\\/\\\/chemsxpress.com\\\/\"},{\"@type\":\"ListItem\",\"position\":2,\"name\":\"Shop\",\"item\":\"https:\\\/\\\/chemsxpress.com\\\/shop\\\/\"},{\"@type\":\"ListItem\",\"position\":3,\"name\":\"Angry Birds Space Incense\"}]},{\"@type\":\"WebSite\",\"@id\":\"https:\\\/\\\/chemsxpress.com\\\/#website\",\"url\":\"https:\\\/\\\/chemsxpress.com\\\/\",\"name\":\"SHOP MDPHP\",\"description\":\"Buy MDPHP freebase from reliable supplier\",\"potentialAction\":[{\"@type\":\"SearchAction\",\"target\":{\"@type\":\"EntryPoint\",\"urlTemplate\":\"https:\\\/\\\/chemsxpress.com\\\/?s={search_term_string}\"},\"query-input\":{\"@type\":\"PropertyValueSpecification\",\"valueRequired\":true,\"valueName\":\"search_term_string\"}}],\"inLanguage\":\"fr-FR\"}]}<\/script>\n<!-- \/ Yoast SEO Premium plugin. -->","yoast_head_json":{"title":"Achetez de l'encens spatial Angry Birds | Encens premium ChemsXpress","description":"Achetez de l'encens spatial Angry Birds sur ChemsXpress. Encens \u00e0 base de plantes premium, exp\u00e9dition rapide. Faites confiance \u00e0 notre assurance qualit\u00e9 pour tous vos besoins de recherche. Commandez maintenant","robots":{"index":"index","follow":"follow","max-snippet":"max-snippet:-1","max-image-preview":"max-image-preview:large","max-video-preview":"max-video-preview:-1"},"canonical":"https:\/\/chemsxpress.com\/fr\/produit\/acheter-angry-birds-space-incense\/","og_locale":"fr_FR","og_type":"article","og_title":"Angry Birds Space Incense","og_description":"Buy Angry Birds Space Incense at ChemsXpress. Premium herbal incense, fast shipping. Trust our quality assurance for all your research needs. Order now","og_url":"https:\/\/chemsxpress.com\/fr\/produit\/acheter-angry-birds-space-incense\/","og_site_name":"SHOP MDPHP","article_modified_time":"2024-07-04T23:57:38+00:00","og_image":[{"width":800,"height":800,"url":"https:\/\/chemsxpress.com\/wp-content\/uploads\/2024\/04\/angry-birds-space-incense.jpg","type":"image\/jpeg"}],"twitter_card":"summary_large_image","twitter_misc":{"Dur\u00e9e de lecture estim\u00e9e":"2 minutes"},"schema":{"@context":"https:\/\/schema.org","@graph":[{"@type":"WebPage","@id":"https:\/\/chemsxpress.com\/product\/buy-angry-birds-space-incense\/","url":"https:\/\/chemsxpress.com\/product\/buy-angry-birds-space-incense\/","name":"Achetez de l'encens spatial Angry Birds | Encens premium ChemsXpress","isPartOf":{"@id":"https:\/\/chemsxpress.com\/#website"},"primaryImageOfPage":{"@id":"https:\/\/chemsxpress.com\/product\/buy-angry-birds-space-incense\/#primaryimage"},"image":{"@id":"https:\/\/chemsxpress.com\/product\/buy-angry-birds-space-incense\/#primaryimage"},"thumbnailUrl":"https:\/\/chemsxpress.com\/wp-content\/uploads\/2024\/04\/angry-birds-space-incense.jpg","datePublished":"2024-04-29T13:12:41+00:00","dateModified":"2024-07-04T23:57:38+00:00","description":"Achetez de l'encens spatial Angry Birds sur ChemsXpress. Encens \u00e0 base de plantes premium, exp\u00e9dition rapide. Faites confiance \u00e0 notre assurance qualit\u00e9 pour tous vos besoins de recherche. Commandez maintenant","breadcrumb":{"@id":"https:\/\/chemsxpress.com\/product\/buy-angry-birds-space-incense\/#breadcrumb"},"inLanguage":"fr-FR","potentialAction":[{"@type":"ReadAction","target":["https:\/\/chemsxpress.com\/product\/buy-angry-birds-space-incense\/"]}]},{"@type":"ImageObject","inLanguage":"fr-FR","@id":"https:\/\/chemsxpress.com\/product\/buy-angry-birds-space-incense\/#primaryimage","url":"https:\/\/chemsxpress.com\/wp-content\/uploads\/2024\/04\/angry-birds-space-incense.jpg","contentUrl":"https:\/\/chemsxpress.com\/wp-content\/uploads\/2024\/04\/angry-birds-space-incense.jpg","width":800,"height":800,"caption":"Buy Angry Birds Space Incense"},{"@type":"BreadcrumbList","@id":"https:\/\/chemsxpress.com\/product\/buy-angry-birds-space-incense\/#breadcrumb","itemListElement":[{"@type":"ListItem","position":1,"name":"Home","item":"https:\/\/chemsxpress.com\/"},{"@type":"ListItem","position":2,"name":"Shop","item":"https:\/\/chemsxpress.com\/shop\/"},{"@type":"ListItem","position":3,"name":"Angry Birds Space Incense"}]},{"@type":"WebSite","@id":"https:\/\/chemsxpress.com\/#website","url":"https:\/\/chemsxpress.com\/","name":"SHOP MDPHP","description":"Acheter MDPHP freebase aupr\u00e8s d'un fournisseur fiable","potentialAction":[{"@type":"SearchAction","target":{"@type":"EntryPoint","urlTemplate":"https:\/\/chemsxpress.com\/?s={search_term_string}"},"query-input":{"@type":"PropertyValueSpecification","valueRequired":true,"valueName":"search_term_string"}}],"inLanguage":"fr-FR"}]}},"jetpack_sharing_enabled":true,"_links":{"self":[{"href":"https:\/\/chemsxpress.com\/fr\/wp-json\/wp\/v2\/product\/27847","targetHints":{"allow":["GET"]}}],"collection":[{"href":"https:\/\/chemsxpress.com\/fr\/wp-json\/wp\/v2\/product"}],"about":[{"href":"https:\/\/chemsxpress.com\/fr\/wp-json\/wp\/v2\/types\/product"}],"replies":[{"embeddable":true,"href":"https:\/\/chemsxpress.com\/fr\/wp-json\/wp\/v2\/comments?post=27847"}],"version-history":[{"count":4,"href":"https:\/\/chemsxpress.com\/fr\/wp-json\/wp\/v2\/product\/27847\/revisions"}],"predecessor-version":[{"id":30098,"href":"https:\/\/chemsxpress.com\/fr\/wp-json\/wp\/v2\/product\/27847\/revisions\/30098"}],"wp:featuredmedia":[{"embeddable":true,"href":"https:\/\/chemsxpress.com\/fr\/wp-json\/wp\/v2\/media\/27874"}],"wp:attachment":[{"href":"https:\/\/chemsxpress.com\/fr\/wp-json\/wp\/v2\/media?parent=27847"}],"wp:term":[{"taxonomy":"product_brand","embeddable":true,"href":"https:\/\/chemsxpress.com\/fr\/wp-json\/wp\/v2\/product_brand?post=27847"},{"taxonomy":"product_cat","embeddable":true,"href":"https:\/\/chemsxpress.com\/fr\/wp-json\/wp\/v2\/product_cat?post=27847"},{"taxonomy":"product_tag","embeddable":true,"href":"https:\/\/chemsxpress.com\/fr\/wp-json\/wp\/v2\/product_tag?post=27847"}],"curies":[{"name":"wp","href":"https:\/\/api.w.org\/{rel}","templated":true}]}}