{"id":27852,"date":"2024-04-29T13:12:42","date_gmt":"2024-04-29T13:12:42","guid":{"rendered":"https:\/\/chemsxpress.com\/?post_type=product&#038;p=27852"},"modified":"2025-05-25T21:17:57","modified_gmt":"2025-05-25T21:17:57","slug":"acheter-jwh-018-en-ligne","status":"publish","type":"product","link":"https:\/\/chemsxpress.com\/fr\/produit\/acheter-jwh-018-en-ligne\/","title":{"rendered":"JWH 018"},"content":{"rendered":"<h1><span class=\"___SText_17rlk-ko_\" data-ui-name=\"Link.Text\">Acheter JWH 018 en ligne\u00a0<\/span><\/h1>\n<h3>Qu'est-ce que la poudre JWH-018 ?<\/h3>\n<p>Acheter JWH 018 en ligne . Le m\u00e9dicament JWH-018 est un cannabino\u00efde synth\u00e9tique que l'on trouve dans diverses formes de \"spice\", une pr\u00e9paration \u00e0 base de plantes. Il est plus prometteur que le cannabis en quantit\u00e9s comparables. Cet analg\u00e9sique appartient \u00e0 la classe des naphtoylindoles.<\/p>\n<h3>Quelles sont les diff\u00e9rentes formes ou types du m\u00e9dicament JWH-018 ?<\/h3>\n<p>Le m\u00e9dicament JWH-018 est disponible sous forme de poudre et de liquide. Les deux formes sont disponibles.<\/p>\n<h3>Quels sont les autres noms de rue du m\u00e9dicament JWH-018 ?<\/h3>\n<p>Les autres noms de rue du m\u00e9dicament JWH-018 sont les suivants :<span class=\"___SText_17rlk-ko_\" style=\"color: #ffffff;\" data-ui-name=\"Link.Text\"> jwh 018 \u00e0 vendre.<\/span><\/p>\n<ul>\n<li>\u00c9pices<\/li>\n<li>K2<\/li>\n<li>l'herbe l\u00e9gale<\/li>\n<li>cannabis synth\u00e9tique<\/li>\n<li>Encens aux herbes<\/li>\n<\/ul>\n<h3>O\u00f9 acheter la poudre JWH-018 ?<\/h3>\n<p>La poudre JWH-018 peut \u00eatre achet\u00e9e dans notre magasin en ligne. Nous exp\u00e9dions le produit dans le monde entier. <span class=\"___SText_17rlk-ko_\" style=\"color: #ffffff;\" data-ui-name=\"Link.Text\">acheter jwh 018 pur en ligne.<\/span><\/p>\n<h3>Quelles sont les utilisations du m\u00e9dicament JWH-018 Powder ?<\/h3>\n<p>Les utilisations du m\u00e9dicament JWH-018 Powder sont les suivantes :<\/p>\n<p>Le JWH-018 est un nouveau m\u00e9dicament qui est choisi pour remplacer l'usage de la marijuana, car l'effet qu'il produit est similaire \u00e0 celui de la marijuana. Dans la plupart des m\u00e9langes de fum\u00e9e \u00e0 base de plantes, cette drogue est incorpor\u00e9e pour obtenir une meilleure \"exp\u00e9rience de d\u00e9fonce\".<\/p>\n<h3>Comment fonctionne la poudre JWH-018 ? <span style=\"color: #ffffff;\">comment acheter jwh 018 en ligne.<\/span><\/h3>\n<p>JWH-018 Powder agit comme un agoniste complet des r\u00e9cepteurs cannabino\u00efdes CB1 et CB2, avec une certaine s\u00e9lectivit\u00e9 pour CB2.<\/p>\n<h3>Quelle est la posologie de la poudre JWH-018 ?<\/h3>\n<p>La poudre JWH-018 est administr\u00e9e en fumant le m\u00e9lange d'herbes sous forme de joint ou \u00e0 l'aide d'un vaporisateur, d'un bang ou d'une pipe.<\/p>\n<p>Les doses couramment prises sont de 2 \u00e0 5 mg en fumant ou en vaporisant. L'application orale est consid\u00e9r\u00e9e comme plus \u00e9lev\u00e9e en raison de la faible biodisponibilit\u00e9. Son effet persiste pendant 1 \u00e0 2 heures lorsqu'il est fum\u00e9. <span class=\"___SText_17rlk-ko_\" style=\"color: #ffffff;\" data-ui-name=\"Link.Text\">acheter jwh 018 pur en ligne.<\/span><\/p>\n<h3>Surdose de poudre de JWH-018 :<\/h3>\n<p>La consommation d'une quantit\u00e9 excessive de JWH-018 peut avoir des cons\u00e9quences extr\u00eamement n\u00e9gatives, voire entra\u00eener la mort de l'individu.<\/p>\n<p>Vous pouvez \u00eatre confront\u00e9 \u00e0 des bad trips qui d\u00e9crivent une incapacit\u00e9 extr\u00eame \u00e0 se mouvoir, comme si l'utilisateur n'avait pas le contr\u00f4le de son propre corps. Il s'agit d'une catatonie comparable \u00e0 des convulsions. Dans ce cas, le centre antipoison doit \u00eatre inform\u00e9.<span class=\"___SText_17rlk-ko_\" style=\"color: #ffffff;\" data-ui-name=\"Link.Text\"> jwh 018 \u00e0 vendre.<\/span><\/p>\n<h3>Quels sont les effets \u00e0 court et \u00e0 long terme de la poudre JWH-018 ?<\/h3>\n<p>Il s'agit d'une drogue contr\u00f4l\u00e9e et interdite dans de nombreux pays. Vous pouvez nous envoyer un message avant d'acheter si vous vous inqui\u00e9tez de la l\u00e9gislation dans votre pays. <a href=\"https:\/\/chemsxpress.com\/fr\/\">Contact<\/a> pour plus d'informations.<\/p>","protected":false},"excerpt":{"rendered":"<p>Acheter JWH 018 en ligne Qu'est-ce que JWH-018 Powder ? Acheter JWH 018 en ligne . Le m\u00e9dicament JWH-018 est un cannabino\u00efde synth\u00e9tique.<\/p>","protected":false},"featured_media":27876,"comment_status":"open","ping_status":"closed","template":"","meta":[],"product_brand":[],"product_cat":[74],"product_tag":[],"class_list":{"0":"post-27852","1":"product","2":"type-product","3":"status-publish","4":"has-post-thumbnail","6":"product_cat-research-chemicals","8":"first","9":"instock","10":"shipping-taxable","11":"purchasable","12":"product-type-variable"},"yoast_head":"<!-- This site is optimized with the Yoast SEO Premium plugin v24.1 (Yoast SEO v27.3) - https:\/\/yoast.com\/product\/yoast-seo-premium-wordpress\/ -->\n<title>Buy JWH 018 online\u00a0Premium Quality RC&#039;s | ChemsXpress<\/title>\n<meta name=\"description\" content=\"Buy JWH 018 online\u00a0Premium research chemicals, fast shipping. Trust our quality assurance for all your research needs. Order now\" \/>\n<meta name=\"robots\" content=\"index, follow, max-snippet:-1, max-image-preview:large, max-video-preview:-1\" \/>\n<link rel=\"canonical\" href=\"https:\/\/chemsxpress.com\/fr\/produit\/acheter-jwh-018-en-ligne\/\" \/>\n<meta property=\"og:locale\" content=\"fr_FR\" \/>\n<meta property=\"og:type\" content=\"article\" \/>\n<meta property=\"og:title\" content=\"JWH 018\" \/>\n<meta property=\"og:description\" content=\"Buy JWH 018 online\u00a0Premium research chemicals, fast shipping. Trust our quality assurance for all your research needs. Order now\" \/>\n<meta property=\"og:url\" content=\"https:\/\/chemsxpress.com\/fr\/produit\/acheter-jwh-018-en-ligne\/\" \/>\n<meta property=\"og:site_name\" content=\"SHOP MDPHP\" \/>\n<meta property=\"article:modified_time\" content=\"2025-05-25T21:17:57+00:00\" \/>\n<meta property=\"og:image\" content=\"https:\/\/chemsxpress.com\/wp-content\/uploads\/2024\/04\/Buy-JWH-018-Online-1.jpg\" \/>\n\t<meta property=\"og:image:width\" content=\"1000\" \/>\n\t<meta property=\"og:image:height\" content=\"1000\" \/>\n\t<meta property=\"og:image:type\" content=\"image\/jpeg\" \/>\n<meta name=\"twitter:card\" content=\"summary_large_image\" \/>\n<meta name=\"twitter:label1\" content=\"Dur\u00e9e de lecture estim\u00e9e\" \/>\n\t<meta name=\"twitter:data1\" content=\"3 minutes\" \/>\n<script type=\"application\/ld+json\" class=\"yoast-schema-graph\">{\"@context\":\"https:\\\/\\\/schema.org\",\"@graph\":[{\"@type\":\"WebPage\",\"@id\":\"https:\\\/\\\/chemsxpress.com\\\/product\\\/buy-jwh-018-online\\\/\",\"url\":\"https:\\\/\\\/chemsxpress.com\\\/product\\\/buy-jwh-018-online\\\/\",\"name\":\"Buy JWH 018 online\u00a0Premium Quality RC's | ChemsXpress\",\"isPartOf\":{\"@id\":\"https:\\\/\\\/chemsxpress.com\\\/#website\"},\"primaryImageOfPage\":{\"@id\":\"https:\\\/\\\/chemsxpress.com\\\/product\\\/buy-jwh-018-online\\\/#primaryimage\"},\"image\":{\"@id\":\"https:\\\/\\\/chemsxpress.com\\\/product\\\/buy-jwh-018-online\\\/#primaryimage\"},\"thumbnailUrl\":\"https:\\\/\\\/chemsxpress.com\\\/wp-content\\\/uploads\\\/2024\\\/04\\\/Buy-JWH-018-Online-1.jpg\",\"datePublished\":\"2024-04-29T13:12:42+00:00\",\"dateModified\":\"2025-05-25T21:17:57+00:00\",\"description\":\"Buy JWH 018 online\u00a0Premium research chemicals, fast shipping. Trust our quality assurance for all your research needs. Order now\",\"breadcrumb\":{\"@id\":\"https:\\\/\\\/chemsxpress.com\\\/product\\\/buy-jwh-018-online\\\/#breadcrumb\"},\"inLanguage\":\"fr-FR\",\"potentialAction\":[{\"@type\":\"ReadAction\",\"target\":[\"https:\\\/\\\/chemsxpress.com\\\/product\\\/buy-jwh-018-online\\\/\"]}]},{\"@type\":\"ImageObject\",\"inLanguage\":\"fr-FR\",\"@id\":\"https:\\\/\\\/chemsxpress.com\\\/product\\\/buy-jwh-018-online\\\/#primaryimage\",\"url\":\"https:\\\/\\\/chemsxpress.com\\\/wp-content\\\/uploads\\\/2024\\\/04\\\/Buy-JWH-018-Online-1.jpg\",\"contentUrl\":\"https:\\\/\\\/chemsxpress.com\\\/wp-content\\\/uploads\\\/2024\\\/04\\\/Buy-JWH-018-Online-1.jpg\",\"width\":1000,\"height\":1000,\"caption\":\"Buy JWH 018 online\u00a0\"},{\"@type\":\"BreadcrumbList\",\"@id\":\"https:\\\/\\\/chemsxpress.com\\\/product\\\/buy-jwh-018-online\\\/#breadcrumb\",\"itemListElement\":[{\"@type\":\"ListItem\",\"position\":1,\"name\":\"Home\",\"item\":\"https:\\\/\\\/chemsxpress.com\\\/\"},{\"@type\":\"ListItem\",\"position\":2,\"name\":\"Shop\",\"item\":\"https:\\\/\\\/chemsxpress.com\\\/shop\\\/\"},{\"@type\":\"ListItem\",\"position\":3,\"name\":\"JWH 018\"}]},{\"@type\":\"WebSite\",\"@id\":\"https:\\\/\\\/chemsxpress.com\\\/#website\",\"url\":\"https:\\\/\\\/chemsxpress.com\\\/\",\"name\":\"SHOP MDPHP\",\"description\":\"Buy MDPHP freebase from reliable supplier\",\"potentialAction\":[{\"@type\":\"SearchAction\",\"target\":{\"@type\":\"EntryPoint\",\"urlTemplate\":\"https:\\\/\\\/chemsxpress.com\\\/?s={search_term_string}\"},\"query-input\":{\"@type\":\"PropertyValueSpecification\",\"valueRequired\":true,\"valueName\":\"search_term_string\"}}],\"inLanguage\":\"fr-FR\"}]}<\/script>\n<!-- \/ Yoast SEO Premium plugin. -->","yoast_head_json":{"title":"Achetez JWH 018 en ligne\u00a0RC de qualit\u00e9 sup\u00e9rieure | ChemsXpress","description":"Achetez des pastilles de 2C-C en ligne sur ChemsXpress. Produits chimiques de recherche de premi\u00e8re qualit\u00e9, livraison rapide. Faites confiance \u00e0 notre assurance qualit\u00e9 pour tous vos besoins de recherche. Commandez maintenant","robots":{"index":"index","follow":"follow","max-snippet":"max-snippet:-1","max-image-preview":"max-image-preview:large","max-video-preview":"max-video-preview:-1"},"canonical":"https:\/\/chemsxpress.com\/fr\/produit\/acheter-jwh-018-en-ligne\/","og_locale":"fr_FR","og_type":"article","og_title":"JWH 018","og_description":"Buy JWH 018 online\u00a0Premium research chemicals, fast shipping. Trust our quality assurance for all your research needs. Order now","og_url":"https:\/\/chemsxpress.com\/fr\/produit\/acheter-jwh-018-en-ligne\/","og_site_name":"SHOP MDPHP","article_modified_time":"2025-05-25T21:17:57+00:00","og_image":[{"width":1000,"height":1000,"url":"https:\/\/chemsxpress.com\/wp-content\/uploads\/2024\/04\/Buy-JWH-018-Online-1.jpg","type":"image\/jpeg"}],"twitter_card":"summary_large_image","twitter_misc":{"Dur\u00e9e de lecture estim\u00e9e":"3 minutes"},"schema":{"@context":"https:\/\/schema.org","@graph":[{"@type":"WebPage","@id":"https:\/\/chemsxpress.com\/product\/buy-jwh-018-online\/","url":"https:\/\/chemsxpress.com\/product\/buy-jwh-018-online\/","name":"Achetez JWH 018 en ligne\u00a0RC de qualit\u00e9 sup\u00e9rieure | ChemsXpress","isPartOf":{"@id":"https:\/\/chemsxpress.com\/#website"},"primaryImageOfPage":{"@id":"https:\/\/chemsxpress.com\/product\/buy-jwh-018-online\/#primaryimage"},"image":{"@id":"https:\/\/chemsxpress.com\/product\/buy-jwh-018-online\/#primaryimage"},"thumbnailUrl":"https:\/\/chemsxpress.com\/wp-content\/uploads\/2024\/04\/Buy-JWH-018-Online-1.jpg","datePublished":"2024-04-29T13:12:42+00:00","dateModified":"2025-05-25T21:17:57+00:00","description":"Achetez des pastilles de 2C-C en ligne sur ChemsXpress. Produits chimiques de recherche de premi\u00e8re qualit\u00e9, livraison rapide. Faites confiance \u00e0 notre assurance qualit\u00e9 pour tous vos besoins de recherche. Commandez maintenant","breadcrumb":{"@id":"https:\/\/chemsxpress.com\/product\/buy-jwh-018-online\/#breadcrumb"},"inLanguage":"fr-FR","potentialAction":[{"@type":"ReadAction","target":["https:\/\/chemsxpress.com\/product\/buy-jwh-018-online\/"]}]},{"@type":"ImageObject","inLanguage":"fr-FR","@id":"https:\/\/chemsxpress.com\/product\/buy-jwh-018-online\/#primaryimage","url":"https:\/\/chemsxpress.com\/wp-content\/uploads\/2024\/04\/Buy-JWH-018-Online-1.jpg","contentUrl":"https:\/\/chemsxpress.com\/wp-content\/uploads\/2024\/04\/Buy-JWH-018-Online-1.jpg","width":1000,"height":1000,"caption":"Buy JWH 018 online\u00a0"},{"@type":"BreadcrumbList","@id":"https:\/\/chemsxpress.com\/product\/buy-jwh-018-online\/#breadcrumb","itemListElement":[{"@type":"ListItem","position":1,"name":"Home","item":"https:\/\/chemsxpress.com\/"},{"@type":"ListItem","position":2,"name":"Shop","item":"https:\/\/chemsxpress.com\/shop\/"},{"@type":"ListItem","position":3,"name":"JWH 018"}]},{"@type":"WebSite","@id":"https:\/\/chemsxpress.com\/#website","url":"https:\/\/chemsxpress.com\/","name":"SHOP MDPHP","description":"Acheter MDPHP freebase aupr\u00e8s d'un fournisseur fiable","potentialAction":[{"@type":"SearchAction","target":{"@type":"EntryPoint","urlTemplate":"https:\/\/chemsxpress.com\/?s={search_term_string}"},"query-input":{"@type":"PropertyValueSpecification","valueRequired":true,"valueName":"search_term_string"}}],"inLanguage":"fr-FR"}]}},"jetpack_sharing_enabled":true,"_links":{"self":[{"href":"https:\/\/chemsxpress.com\/fr\/wp-json\/wp\/v2\/product\/27852","targetHints":{"allow":["GET"]}}],"collection":[{"href":"https:\/\/chemsxpress.com\/fr\/wp-json\/wp\/v2\/product"}],"about":[{"href":"https:\/\/chemsxpress.com\/fr\/wp-json\/wp\/v2\/types\/product"}],"replies":[{"embeddable":true,"href":"https:\/\/chemsxpress.com\/fr\/wp-json\/wp\/v2\/comments?post=27852"}],"version-history":[{"count":3,"href":"https:\/\/chemsxpress.com\/fr\/wp-json\/wp\/v2\/product\/27852\/revisions"}],"predecessor-version":[{"id":29910,"href":"https:\/\/chemsxpress.com\/fr\/wp-json\/wp\/v2\/product\/27852\/revisions\/29910"}],"wp:featuredmedia":[{"embeddable":true,"href":"https:\/\/chemsxpress.com\/fr\/wp-json\/wp\/v2\/media\/27876"}],"wp:attachment":[{"href":"https:\/\/chemsxpress.com\/fr\/wp-json\/wp\/v2\/media?parent=27852"}],"wp:term":[{"taxonomy":"product_brand","embeddable":true,"href":"https:\/\/chemsxpress.com\/fr\/wp-json\/wp\/v2\/product_brand?post=27852"},{"taxonomy":"product_cat","embeddable":true,"href":"https:\/\/chemsxpress.com\/fr\/wp-json\/wp\/v2\/product_cat?post=27852"},{"taxonomy":"product_tag","embeddable":true,"href":"https:\/\/chemsxpress.com\/fr\/wp-json\/wp\/v2\/product_tag?post=27852"}],"curies":[{"name":"wp","href":"https:\/\/api.w.org\/{rel}","templated":true}]}}