{"id":27858,"date":"2024-04-29T13:12:42","date_gmt":"2024-04-29T13:12:42","guid":{"rendered":"https:\/\/chemsxpress.com\/?post_type=product&#038;p=27858"},"modified":"2024-07-04T23:55:59","modified_gmt":"2024-07-04T23:55:59","slug":"acheter-brain-freeze-k2","status":"publish","type":"product","link":"https:\/\/chemsxpress.com\/fr\/produit\/acheter-brain-freeze-k2\/","title":{"rendered":"Gel des cerveaux k2"},"content":{"rendered":"<h1>Acheter Brain freeze K2<\/h1>\n<h3>Vente d'encens \u00e0 base de plantes Brain Freeze<\/h3>\n<p>Acheter Brain freeze K2, encens liquide Brain freeze. Naked 100 apporte un m\u00e9lange de fraises m\u00fbres, de grenades acidul\u00e9es et de kiwis succulents. Il se termine par une expiration menthol\u00e9e rafra\u00eechissante. Appr\u00e9ciable pour tout le monde ! <span style=\"color: #ffffff;\">\u00a0geler l'encens \u00e0 base de plantes \u00e0 vendre<\/span><\/p>\n<ul>\n<li><strong>Bouteille :<\/strong> Verre avec CRC (Child Resistant Cap) et compte-gouttes<\/li>\n<li><strong>Taux de nicotine :<\/strong> Omg, 3mg, 6mg<\/li>\n<li><strong>Avertissement :<\/strong> Ce produit contient de la nicotine, un produit chimique reconnu par l'\u00c9tat de Californie comme \u00e9tant \u00e0 l'origine de malformations cong\u00e9nitales ou d'autres troubles de la reproduction.<\/li>\n<\/ul>\n<h2>Vente d'encens \u00e0 base de plantes Brain Freeze<\/h2>\n<p>Les produits Rxchemlab k2 ne sont pas des produits de sevrage tabagique et n'ont pas \u00e9t\u00e9 \u00e9valu\u00e9s par la Food and Drug Administration. Ils ne sont pas non plus destin\u00e9s \u00e0 traiter, pr\u00e9venir ou gu\u00e9rir une maladie ou un \u00e9tat. Vous n'arrivez pas \u00e0 vous d\u00e9cider sur l'encens liquide \u00e0 base de plantes \u00e0 acheter ? Remplissez notre formulaire ou envoyez-nous un courriel. Vous pouvez \u00e9galement ouvrir un compte afin de b\u00e9n\u00e9ficier d'offres exclusives, d'un meilleur suivi de vos commandes, d'une lettre d'information et de promotions sp\u00e9ciales.<\/p>\n<p>Il va donc sans dire que l'achat de legal highs aux USA chez nous ne concerne pas seulement la relation entre le vendeur et le client, mais aussi vous, notre principale priorit\u00e9. Nous sommes l\u00e0 pour r\u00e9pondre \u00e0 vos besoins en tant qu'amateur d'encens, du d\u00e9but \u00e0 la fin de la transaction et jusqu'\u00e0 tout ce dont vous avez besoin, comme les informations pr\u00e9cieuses et les fonctions pratiques que vous trouverez sur notre site - tout \u00e0 votre avantage ! Contactez-nous pour plus d'informations.<\/p>\n<p>Les encens \u00e0 base de plantes comme le \"Brain Freeze\" sont souvent pr\u00e9sent\u00e9s comme des alternatives l\u00e9gales au cannabis ou comme des produits d'aromath\u00e9rapie. Cependant, ils peuvent contenir des cannabino\u00efdes synth\u00e9tiques ou d'autres substances qui peuvent avoir des effets impr\u00e9visibles et pr\u00e9senter des risques importants pour la sant\u00e9.<\/p>\n<p>Compte tenu des dangers potentiels associ\u00e9s \u00e0 ces produits, il est essentiel de donner la priorit\u00e9 \u00e0 la sant\u00e9 et \u00e0 la s\u00e9curit\u00e9. Si vous recherchez des informations sur des substances \u00e0 des fins de recherche ou si vous avez des questions sur l'abus de substances, pensez \u00e0 consulter des sources fiables telles que des professionnels de la sant\u00e9, des sp\u00e9cialistes de l'addiction ou des organismes de sant\u00e9 publique.<\/p>\n<p>Si vous ou l'un de vos proches \u00eates aux prises avec un probl\u00e8me de toxicomanie, il est important de chercher de l'aide aupr\u00e8s de professionnels qualifi\u00e9s qui peuvent vous apporter un soutien, des conseils et des options de traitement. En outre, la sensibilisation aux risques associ\u00e9s \u00e0 l'abus de substances et la promotion d'efforts de pr\u00e9vention et de r\u00e9duction des dommages fond\u00e9s sur des donn\u00e9es probantes peuvent contribuer \u00e0 prot\u00e9ger les individus et les communaut\u00e9s.<\/p>\n<h2>O\u00f9 acheter l'encens \u00e0 base de plantes Brain freeze ?<\/h2>\n<p><a href=\"https:\/\/chemsxpress.com\/fr\/\">ChemsXpress<\/a> s'engage \u00e0 soutenir la recherche scientifique et l'innovation en fournissant aux chercheurs un acc\u00e8s \u00e0 des produits chimiques de recherche de premi\u00e8re qualit\u00e9. Explorez notre vaste catalogue de <a href=\"https:\/\/chemsxpress.com\/fr\/categorie-produit\/produits-chimiques-de-recherche\/\">produits chimiques de recherche<\/a>Les chercheurs ont besoin d'une aide pour trouver des solutions \u00e0 leurs probl\u00e8mes, y compris la congestion c\u00e9r\u00e9brale, et se lancer dans leur voyage scientifique en toute confiance avec ChemsXpress.<\/p>","protected":false},"excerpt":{"rendered":"<p>Acheter Brain freeze K2 Encens \u00e0 base de plantes Brain freeze \u00e0 vendre Acheter Brain freeze K2, encens liquide Brain freeze. Naked 100<\/p>","protected":false},"featured_media":27878,"comment_status":"open","ping_status":"closed","template":"","meta":[],"product_brand":[],"product_cat":[72],"product_tag":[],"class_list":{"0":"post-27858","1":"product","2":"type-product","3":"status-publish","4":"has-post-thumbnail","6":"product_cat-k2-products","8":"first","9":"instock","10":"shipping-taxable","11":"purchasable","12":"product-type-variable"},"yoast_head":"<!-- This site is optimized with the Yoast SEO Premium plugin v24.1 (Yoast SEO v27.4) - https:\/\/yoast.com\/product\/yoast-seo-premium-wordpress\/ -->\n<title>Buy Brain freeze K2Online: Premium Quality | ChemsXpress<\/title>\n<meta name=\"description\" content=\"Buy Brain freeze K2 Premium herbal incense, fast shipping. Trust our quality assurance for all your research needs. Order now\" \/>\n<meta name=\"robots\" content=\"index, follow, max-snippet:-1, max-image-preview:large, max-video-preview:-1\" \/>\n<link rel=\"canonical\" href=\"https:\/\/chemsxpress.com\/fr\/produit\/acheter-brain-freeze-k2\/\" \/>\n<meta property=\"og:locale\" content=\"fr_FR\" \/>\n<meta property=\"og:type\" content=\"article\" \/>\n<meta property=\"og:title\" content=\"Brain Freeze k2\" \/>\n<meta property=\"og:description\" content=\"Buy Brain freeze K2 Premium herbal incense, fast shipping. Trust our quality assurance for all your research needs. Order now\" \/>\n<meta property=\"og:url\" content=\"https:\/\/chemsxpress.com\/fr\/produit\/acheter-brain-freeze-k2\/\" \/>\n<meta property=\"og:site_name\" content=\"SHOP MDPHP\" \/>\n<meta property=\"article:modified_time\" content=\"2024-07-04T23:55:59+00:00\" \/>\n<meta property=\"og:image\" content=\"https:\/\/chemsxpress.com\/wp-content\/uploads\/2024\/04\/Brain-Freeze-k2.jpg\" \/>\n\t<meta property=\"og:image:width\" content=\"800\" \/>\n\t<meta property=\"og:image:height\" content=\"800\" \/>\n\t<meta property=\"og:image:type\" content=\"image\/jpeg\" \/>\n<meta name=\"twitter:card\" content=\"summary_large_image\" \/>\n<meta name=\"twitter:label1\" content=\"Dur\u00e9e de lecture estim\u00e9e\" \/>\n\t<meta name=\"twitter:data1\" content=\"3 minutes\" \/>\n<script type=\"application\/ld+json\" class=\"yoast-schema-graph\">{\"@context\":\"https:\\\/\\\/schema.org\",\"@graph\":[{\"@type\":\"WebPage\",\"@id\":\"https:\\\/\\\/chemsxpress.com\\\/product\\\/buy-brain-freeze-k2\\\/\",\"url\":\"https:\\\/\\\/chemsxpress.com\\\/product\\\/buy-brain-freeze-k2\\\/\",\"name\":\"Buy Brain freeze K2Online: Premium Quality | ChemsXpress\",\"isPartOf\":{\"@id\":\"https:\\\/\\\/chemsxpress.com\\\/#website\"},\"primaryImageOfPage\":{\"@id\":\"https:\\\/\\\/chemsxpress.com\\\/product\\\/buy-brain-freeze-k2\\\/#primaryimage\"},\"image\":{\"@id\":\"https:\\\/\\\/chemsxpress.com\\\/product\\\/buy-brain-freeze-k2\\\/#primaryimage\"},\"thumbnailUrl\":\"https:\\\/\\\/chemsxpress.com\\\/wp-content\\\/uploads\\\/2024\\\/04\\\/Brain-Freeze-k2.jpg\",\"datePublished\":\"2024-04-29T13:12:42+00:00\",\"dateModified\":\"2024-07-04T23:55:59+00:00\",\"description\":\"Buy Brain freeze K2 Premium herbal incense, fast shipping. Trust our quality assurance for all your research needs. Order now\",\"breadcrumb\":{\"@id\":\"https:\\\/\\\/chemsxpress.com\\\/product\\\/buy-brain-freeze-k2\\\/#breadcrumb\"},\"inLanguage\":\"fr-FR\",\"potentialAction\":[{\"@type\":\"ReadAction\",\"target\":[\"https:\\\/\\\/chemsxpress.com\\\/product\\\/buy-brain-freeze-k2\\\/\"]}]},{\"@type\":\"ImageObject\",\"inLanguage\":\"fr-FR\",\"@id\":\"https:\\\/\\\/chemsxpress.com\\\/product\\\/buy-brain-freeze-k2\\\/#primaryimage\",\"url\":\"https:\\\/\\\/chemsxpress.com\\\/wp-content\\\/uploads\\\/2024\\\/04\\\/Brain-Freeze-k2.jpg\",\"contentUrl\":\"https:\\\/\\\/chemsxpress.com\\\/wp-content\\\/uploads\\\/2024\\\/04\\\/Brain-Freeze-k2.jpg\",\"width\":800,\"height\":800,\"caption\":\"Buy Brain freeze K2\"},{\"@type\":\"BreadcrumbList\",\"@id\":\"https:\\\/\\\/chemsxpress.com\\\/product\\\/buy-brain-freeze-k2\\\/#breadcrumb\",\"itemListElement\":[{\"@type\":\"ListItem\",\"position\":1,\"name\":\"Home\",\"item\":\"https:\\\/\\\/chemsxpress.com\\\/\"},{\"@type\":\"ListItem\",\"position\":2,\"name\":\"Shop\",\"item\":\"https:\\\/\\\/chemsxpress.com\\\/shop\\\/\"},{\"@type\":\"ListItem\",\"position\":3,\"name\":\"Brain Freeze k2\"}]},{\"@type\":\"WebSite\",\"@id\":\"https:\\\/\\\/chemsxpress.com\\\/#website\",\"url\":\"https:\\\/\\\/chemsxpress.com\\\/\",\"name\":\"SHOP MDPHP\",\"description\":\"Buy MDPHP freebase from reliable supplier\",\"potentialAction\":[{\"@type\":\"SearchAction\",\"target\":{\"@type\":\"EntryPoint\",\"urlTemplate\":\"https:\\\/\\\/chemsxpress.com\\\/?s={search_term_string}\"},\"query-input\":{\"@type\":\"PropertyValueSpecification\",\"valueRequired\":true,\"valueName\":\"search_term_string\"}}],\"inLanguage\":\"fr-FR\"}]}<\/script>\n<!-- \/ Yoast SEO Premium plugin. -->","yoast_head_json":{"title":"Achetez Brain freeze K2Online : Qualit\u00e9 Premium | ChemsXpress","description":"Achetez l'encens \u00e0 base de plantes Brain freeze K2 Premium, exp\u00e9dition rapide. Faites confiance \u00e0 notre assurance qualit\u00e9 pour tous vos besoins de recherche. Commandez maintenant","robots":{"index":"index","follow":"follow","max-snippet":"max-snippet:-1","max-image-preview":"max-image-preview:large","max-video-preview":"max-video-preview:-1"},"canonical":"https:\/\/chemsxpress.com\/fr\/produit\/acheter-brain-freeze-k2\/","og_locale":"fr_FR","og_type":"article","og_title":"Brain Freeze k2","og_description":"Buy Brain freeze K2 Premium herbal incense, fast shipping. Trust our quality assurance for all your research needs. Order now","og_url":"https:\/\/chemsxpress.com\/fr\/produit\/acheter-brain-freeze-k2\/","og_site_name":"SHOP MDPHP","article_modified_time":"2024-07-04T23:55:59+00:00","og_image":[{"width":800,"height":800,"url":"https:\/\/chemsxpress.com\/wp-content\/uploads\/2024\/04\/Brain-Freeze-k2.jpg","type":"image\/jpeg"}],"twitter_card":"summary_large_image","twitter_misc":{"Dur\u00e9e de lecture estim\u00e9e":"3 minutes"},"schema":{"@context":"https:\/\/schema.org","@graph":[{"@type":"WebPage","@id":"https:\/\/chemsxpress.com\/product\/buy-brain-freeze-k2\/","url":"https:\/\/chemsxpress.com\/product\/buy-brain-freeze-k2\/","name":"Achetez Brain freeze K2Online : Qualit\u00e9 Premium | ChemsXpress","isPartOf":{"@id":"https:\/\/chemsxpress.com\/#website"},"primaryImageOfPage":{"@id":"https:\/\/chemsxpress.com\/product\/buy-brain-freeze-k2\/#primaryimage"},"image":{"@id":"https:\/\/chemsxpress.com\/product\/buy-brain-freeze-k2\/#primaryimage"},"thumbnailUrl":"https:\/\/chemsxpress.com\/wp-content\/uploads\/2024\/04\/Brain-Freeze-k2.jpg","datePublished":"2024-04-29T13:12:42+00:00","dateModified":"2024-07-04T23:55:59+00:00","description":"Achetez l'encens \u00e0 base de plantes Brain freeze K2 Premium, exp\u00e9dition rapide. Faites confiance \u00e0 notre assurance qualit\u00e9 pour tous vos besoins de recherche. Commandez maintenant","breadcrumb":{"@id":"https:\/\/chemsxpress.com\/product\/buy-brain-freeze-k2\/#breadcrumb"},"inLanguage":"fr-FR","potentialAction":[{"@type":"ReadAction","target":["https:\/\/chemsxpress.com\/product\/buy-brain-freeze-k2\/"]}]},{"@type":"ImageObject","inLanguage":"fr-FR","@id":"https:\/\/chemsxpress.com\/product\/buy-brain-freeze-k2\/#primaryimage","url":"https:\/\/chemsxpress.com\/wp-content\/uploads\/2024\/04\/Brain-Freeze-k2.jpg","contentUrl":"https:\/\/chemsxpress.com\/wp-content\/uploads\/2024\/04\/Brain-Freeze-k2.jpg","width":800,"height":800,"caption":"Buy Brain freeze K2"},{"@type":"BreadcrumbList","@id":"https:\/\/chemsxpress.com\/product\/buy-brain-freeze-k2\/#breadcrumb","itemListElement":[{"@type":"ListItem","position":1,"name":"Home","item":"https:\/\/chemsxpress.com\/"},{"@type":"ListItem","position":2,"name":"Shop","item":"https:\/\/chemsxpress.com\/shop\/"},{"@type":"ListItem","position":3,"name":"Brain Freeze k2"}]},{"@type":"WebSite","@id":"https:\/\/chemsxpress.com\/#website","url":"https:\/\/chemsxpress.com\/","name":"SHOP MDPHP","description":"Acheter MDPHP freebase aupr\u00e8s d'un fournisseur fiable","potentialAction":[{"@type":"SearchAction","target":{"@type":"EntryPoint","urlTemplate":"https:\/\/chemsxpress.com\/?s={search_term_string}"},"query-input":{"@type":"PropertyValueSpecification","valueRequired":true,"valueName":"search_term_string"}}],"inLanguage":"fr-FR"}]}},"jetpack_sharing_enabled":true,"_links":{"self":[{"href":"https:\/\/chemsxpress.com\/fr\/wp-json\/wp\/v2\/product\/27858","targetHints":{"allow":["GET"]}}],"collection":[{"href":"https:\/\/chemsxpress.com\/fr\/wp-json\/wp\/v2\/product"}],"about":[{"href":"https:\/\/chemsxpress.com\/fr\/wp-json\/wp\/v2\/types\/product"}],"replies":[{"embeddable":true,"href":"https:\/\/chemsxpress.com\/fr\/wp-json\/wp\/v2\/comments?post=27858"}],"version-history":[{"count":4,"href":"https:\/\/chemsxpress.com\/fr\/wp-json\/wp\/v2\/product\/27858\/revisions"}],"predecessor-version":[{"id":30096,"href":"https:\/\/chemsxpress.com\/fr\/wp-json\/wp\/v2\/product\/27858\/revisions\/30096"}],"wp:featuredmedia":[{"embeddable":true,"href":"https:\/\/chemsxpress.com\/fr\/wp-json\/wp\/v2\/media\/27878"}],"wp:attachment":[{"href":"https:\/\/chemsxpress.com\/fr\/wp-json\/wp\/v2\/media?parent=27858"}],"wp:term":[{"taxonomy":"product_brand","embeddable":true,"href":"https:\/\/chemsxpress.com\/fr\/wp-json\/wp\/v2\/product_brand?post=27858"},{"taxonomy":"product_cat","embeddable":true,"href":"https:\/\/chemsxpress.com\/fr\/wp-json\/wp\/v2\/product_cat?post=27858"},{"taxonomy":"product_tag","embeddable":true,"href":"https:\/\/chemsxpress.com\/fr\/wp-json\/wp\/v2\/product_tag?post=27858"}],"curies":[{"name":"wp","href":"https:\/\/api.w.org\/{rel}","templated":true}]}}