{"id":27865,"date":"2024-04-29T13:12:42","date_gmt":"2024-04-29T13:12:42","guid":{"rendered":"https:\/\/chemsxpress.com\/?post_type=product&#038;p=27865"},"modified":"2024-07-04T23:56:54","modified_gmt":"2024-07-04T23:56:54","slug":"acheter-encens-blueberry-kush","status":"publish","type":"product","link":"https:\/\/chemsxpress.com\/fr\/produit\/acheter-encens-blueberry-kush\/","title":{"rendered":"Encens Blueberry Kush"},"content":{"rendered":"<h1>Acheter l'encens Blueberry Kush<\/h1>\n<p>Achetez l'encens Blueberry Kush, l'encens liquide Blazing Blueberry contient un m\u00e9lange d'herbes et d'ar\u00f4mes. Il procure aux utilisateurs une atmosph\u00e8re agr\u00e9able et une exp\u00e9rience de fumage de qualit\u00e9. Appr\u00e9ciez le go\u00fbt sucr\u00e9 de cet encens liquide. Il procure \u00e0 ses utilisateurs une grande satisfaction mentale. Si vous vous sentez mal \u00e0 l'aise \u00e0 cause de votre \u00e9tat mental comme l'\u00e9puisement, le stress, l'anxi\u00e9t\u00e9 et l'inconfort musculaire.<\/p>\n<p>Cet encens liquide Blazing Blueberry est donc parfait pour vous. Tous nos produits d'aromath\u00e9rapie sont frais chaque semaine. Nous ne stockons pas de vieilles marchandises. Il poss\u00e8de l'ar\u00f4me apaisant que vous recherchez. Si vous cherchez de l'encens liquide de haute puissance, ne cherchez pas plus loin.<\/p>\n<p><a href=\"https:\/\/chemsxpress.com\/fr\/\">ChemsXpress<\/a> s'engage \u00e0 soutenir la recherche scientifique et l'innovation en fournissant aux chercheurs un acc\u00e8s \u00e0 des produits chimiques de recherche de premi\u00e8re qualit\u00e9. Explorez notre vaste catalogue de <a href=\"https:\/\/chemsxpress.com\/fr\/categorie-produit\/produits-chimiques-de-recherche\/\">produits chimiques de recherche<\/a>Les r\u00e9sultats de l'\u00e9tude de ChemsXpress, y compris l'encens blueberry kush, vous permettront de vous lancer dans votre voyage scientifique en toute confiance.<\/p>\n<p>Les encens \u00e0 base de plantes comme le \"blueberry\" sont souvent pr\u00e9sent\u00e9s comme des alternatives l\u00e9gales au cannabis ou comme des produits d'aromath\u00e9rapie. Cependant, ils peuvent contenir des cannabino\u00efdes synth\u00e9tiques ou d'autres substances qui peuvent avoir des effets impr\u00e9visibles et pr\u00e9senter des risques importants pour la sant\u00e9.<\/p>\n<p>Compte tenu des dangers potentiels associ\u00e9s \u00e0 ces produits, il est essentiel de donner la priorit\u00e9 \u00e0 la sant\u00e9 et \u00e0 la s\u00e9curit\u00e9. Si vous recherchez des informations sur des substances \u00e0 des fins de recherche ou si vous avez des questions sur l'abus de substances, pensez \u00e0 consulter des sources fiables telles que des professionnels de la sant\u00e9, des sp\u00e9cialistes de l'addiction ou des organismes de sant\u00e9 publique.<\/p>\n<p>Si vous ou l'un de vos proches \u00eates aux prises avec un probl\u00e8me de toxicomanie, il est important de chercher de l'aide aupr\u00e8s de professionnels qualifi\u00e9s qui peuvent vous apporter un soutien, des conseils et des options de traitement. En outre, la sensibilisation aux risques associ\u00e9s \u00e0 l'abus de substances et la promotion d'efforts de pr\u00e9vention et de r\u00e9duction des dommages fond\u00e9s sur des donn\u00e9es probantes peuvent contribuer \u00e0 prot\u00e9ger les individus et les communaut\u00e9s.<\/p>\n<p>&nbsp;<\/p>","protected":false},"excerpt":{"rendered":"<p>Acheter de l'encens Blueberry Kush Acheter de l'encens Blueberry Kush, l'encens liquide Blazing Blueberry contient un m\u00e9lange d'herbes et d'ar\u00f4mes.<\/p>","protected":false},"featured_media":27880,"comment_status":"open","ping_status":"closed","template":"","meta":[],"product_brand":[],"product_cat":[73],"product_tag":[],"class_list":{"0":"post-27865","1":"product","2":"type-product","3":"status-publish","4":"has-post-thumbnail","6":"product_cat-herbal-incense","8":"first","9":"instock","10":"shipping-taxable","11":"purchasable","12":"product-type-variable"},"yoast_head":"<!-- This site is optimized with the Yoast SEO Premium plugin v24.1 (Yoast SEO v27.4) - https:\/\/yoast.com\/product\/yoast-seo-premium-wordpress\/ -->\n<title>Buy Blueberry Kush Incense : Premium Quality| ChemsXpress<\/title>\n<meta name=\"description\" content=\"Buy Blueberry Kush Incense at ChemsXpress. Premium herbal incense, fast shipping. Trust our quality assurance for all your research needs. Order now\" \/>\n<meta name=\"robots\" content=\"index, follow, max-snippet:-1, max-image-preview:large, max-video-preview:-1\" \/>\n<link rel=\"canonical\" href=\"https:\/\/chemsxpress.com\/fr\/produit\/acheter-encens-blueberry-kush\/\" \/>\n<meta property=\"og:locale\" content=\"fr_FR\" \/>\n<meta property=\"og:type\" content=\"article\" \/>\n<meta property=\"og:title\" content=\"Blueberry Kush Incense\" \/>\n<meta property=\"og:description\" content=\"Buy Blueberry Kush Incense at ChemsXpress. Premium herbal incense, fast shipping. Trust our quality assurance for all your research needs. Order now\" \/>\n<meta property=\"og:url\" content=\"https:\/\/chemsxpress.com\/fr\/produit\/acheter-encens-blueberry-kush\/\" \/>\n<meta property=\"og:site_name\" content=\"SHOP MDPHP\" \/>\n<meta property=\"article:modified_time\" content=\"2024-07-04T23:56:54+00:00\" \/>\n<meta property=\"og:image\" content=\"https:\/\/chemsxpress.com\/wp-content\/uploads\/2024\/04\/blueberry-kush-incense.jpg\" \/>\n\t<meta property=\"og:image:width\" content=\"800\" \/>\n\t<meta property=\"og:image:height\" content=\"800\" \/>\n\t<meta property=\"og:image:type\" content=\"image\/jpeg\" \/>\n<meta name=\"twitter:card\" content=\"summary_large_image\" \/>\n<meta name=\"twitter:label1\" content=\"Dur\u00e9e de lecture estim\u00e9e\" \/>\n\t<meta name=\"twitter:data1\" content=\"2 minutes\" \/>\n<script type=\"application\/ld+json\" class=\"yoast-schema-graph\">{\"@context\":\"https:\\\/\\\/schema.org\",\"@graph\":[{\"@type\":\"WebPage\",\"@id\":\"https:\\\/\\\/chemsxpress.com\\\/product\\\/buy-blueberry-kush-incense\\\/\",\"url\":\"https:\\\/\\\/chemsxpress.com\\\/product\\\/buy-blueberry-kush-incense\\\/\",\"name\":\"Buy Blueberry Kush Incense : Premium Quality| ChemsXpress\",\"isPartOf\":{\"@id\":\"https:\\\/\\\/chemsxpress.com\\\/#website\"},\"primaryImageOfPage\":{\"@id\":\"https:\\\/\\\/chemsxpress.com\\\/product\\\/buy-blueberry-kush-incense\\\/#primaryimage\"},\"image\":{\"@id\":\"https:\\\/\\\/chemsxpress.com\\\/product\\\/buy-blueberry-kush-incense\\\/#primaryimage\"},\"thumbnailUrl\":\"https:\\\/\\\/chemsxpress.com\\\/wp-content\\\/uploads\\\/2024\\\/04\\\/blueberry-kush-incense.jpg\",\"datePublished\":\"2024-04-29T13:12:42+00:00\",\"dateModified\":\"2024-07-04T23:56:54+00:00\",\"description\":\"Buy Blueberry Kush Incense at ChemsXpress. Premium herbal incense, fast shipping. Trust our quality assurance for all your research needs. Order now\",\"breadcrumb\":{\"@id\":\"https:\\\/\\\/chemsxpress.com\\\/product\\\/buy-blueberry-kush-incense\\\/#breadcrumb\"},\"inLanguage\":\"fr-FR\",\"potentialAction\":[{\"@type\":\"ReadAction\",\"target\":[\"https:\\\/\\\/chemsxpress.com\\\/product\\\/buy-blueberry-kush-incense\\\/\"]}]},{\"@type\":\"ImageObject\",\"inLanguage\":\"fr-FR\",\"@id\":\"https:\\\/\\\/chemsxpress.com\\\/product\\\/buy-blueberry-kush-incense\\\/#primaryimage\",\"url\":\"https:\\\/\\\/chemsxpress.com\\\/wp-content\\\/uploads\\\/2024\\\/04\\\/blueberry-kush-incense.jpg\",\"contentUrl\":\"https:\\\/\\\/chemsxpress.com\\\/wp-content\\\/uploads\\\/2024\\\/04\\\/blueberry-kush-incense.jpg\",\"width\":800,\"height\":800,\"caption\":\"Buy Blueberry Kush Incense\"},{\"@type\":\"BreadcrumbList\",\"@id\":\"https:\\\/\\\/chemsxpress.com\\\/product\\\/buy-blueberry-kush-incense\\\/#breadcrumb\",\"itemListElement\":[{\"@type\":\"ListItem\",\"position\":1,\"name\":\"Home\",\"item\":\"https:\\\/\\\/chemsxpress.com\\\/\"},{\"@type\":\"ListItem\",\"position\":2,\"name\":\"Shop\",\"item\":\"https:\\\/\\\/chemsxpress.com\\\/shop\\\/\"},{\"@type\":\"ListItem\",\"position\":3,\"name\":\"Blueberry Kush Incense\"}]},{\"@type\":\"WebSite\",\"@id\":\"https:\\\/\\\/chemsxpress.com\\\/#website\",\"url\":\"https:\\\/\\\/chemsxpress.com\\\/\",\"name\":\"SHOP MDPHP\",\"description\":\"Buy MDPHP freebase from reliable supplier\",\"potentialAction\":[{\"@type\":\"SearchAction\",\"target\":{\"@type\":\"EntryPoint\",\"urlTemplate\":\"https:\\\/\\\/chemsxpress.com\\\/?s={search_term_string}\"},\"query-input\":{\"@type\":\"PropertyValueSpecification\",\"valueRequired\":true,\"valueName\":\"search_term_string\"}}],\"inLanguage\":\"fr-FR\"}]}<\/script>\n<!-- \/ Yoast SEO Premium plugin. -->","yoast_head_json":{"title":"Acheter Encens Blueberry Kush : Qualit\u00e9 Premium | ChemsXpress","description":"Achetez l'encens Space Cadet \u00e0 ChemsXpress. Encens \u00e0 base de plantes de premi\u00e8re qualit\u00e9, livraison rapide. Faites confiance \u00e0 notre assurance qualit\u00e9 pour tous vos besoins de recherche. Commandez maintenant","robots":{"index":"index","follow":"follow","max-snippet":"max-snippet:-1","max-image-preview":"max-image-preview:large","max-video-preview":"max-video-preview:-1"},"canonical":"https:\/\/chemsxpress.com\/fr\/produit\/acheter-encens-blueberry-kush\/","og_locale":"fr_FR","og_type":"article","og_title":"Blueberry Kush Incense","og_description":"Buy Blueberry Kush Incense at ChemsXpress. Premium herbal incense, fast shipping. Trust our quality assurance for all your research needs. Order now","og_url":"https:\/\/chemsxpress.com\/fr\/produit\/acheter-encens-blueberry-kush\/","og_site_name":"SHOP MDPHP","article_modified_time":"2024-07-04T23:56:54+00:00","og_image":[{"width":800,"height":800,"url":"https:\/\/chemsxpress.com\/wp-content\/uploads\/2024\/04\/blueberry-kush-incense.jpg","type":"image\/jpeg"}],"twitter_card":"summary_large_image","twitter_misc":{"Dur\u00e9e de lecture estim\u00e9e":"2 minutes"},"schema":{"@context":"https:\/\/schema.org","@graph":[{"@type":"WebPage","@id":"https:\/\/chemsxpress.com\/product\/buy-blueberry-kush-incense\/","url":"https:\/\/chemsxpress.com\/product\/buy-blueberry-kush-incense\/","name":"Acheter Encens Blueberry Kush : Qualit\u00e9 Premium | ChemsXpress","isPartOf":{"@id":"https:\/\/chemsxpress.com\/#website"},"primaryImageOfPage":{"@id":"https:\/\/chemsxpress.com\/product\/buy-blueberry-kush-incense\/#primaryimage"},"image":{"@id":"https:\/\/chemsxpress.com\/product\/buy-blueberry-kush-incense\/#primaryimage"},"thumbnailUrl":"https:\/\/chemsxpress.com\/wp-content\/uploads\/2024\/04\/blueberry-kush-incense.jpg","datePublished":"2024-04-29T13:12:42+00:00","dateModified":"2024-07-04T23:56:54+00:00","description":"Achetez l'encens Space Cadet \u00e0 ChemsXpress. Encens \u00e0 base de plantes de premi\u00e8re qualit\u00e9, livraison rapide. Faites confiance \u00e0 notre assurance qualit\u00e9 pour tous vos besoins de recherche. Commandez maintenant","breadcrumb":{"@id":"https:\/\/chemsxpress.com\/product\/buy-blueberry-kush-incense\/#breadcrumb"},"inLanguage":"fr-FR","potentialAction":[{"@type":"ReadAction","target":["https:\/\/chemsxpress.com\/product\/buy-blueberry-kush-incense\/"]}]},{"@type":"ImageObject","inLanguage":"fr-FR","@id":"https:\/\/chemsxpress.com\/product\/buy-blueberry-kush-incense\/#primaryimage","url":"https:\/\/chemsxpress.com\/wp-content\/uploads\/2024\/04\/blueberry-kush-incense.jpg","contentUrl":"https:\/\/chemsxpress.com\/wp-content\/uploads\/2024\/04\/blueberry-kush-incense.jpg","width":800,"height":800,"caption":"Buy Blueberry Kush Incense"},{"@type":"BreadcrumbList","@id":"https:\/\/chemsxpress.com\/product\/buy-blueberry-kush-incense\/#breadcrumb","itemListElement":[{"@type":"ListItem","position":1,"name":"Home","item":"https:\/\/chemsxpress.com\/"},{"@type":"ListItem","position":2,"name":"Shop","item":"https:\/\/chemsxpress.com\/shop\/"},{"@type":"ListItem","position":3,"name":"Blueberry Kush Incense"}]},{"@type":"WebSite","@id":"https:\/\/chemsxpress.com\/#website","url":"https:\/\/chemsxpress.com\/","name":"SHOP MDPHP","description":"Acheter MDPHP freebase aupr\u00e8s d'un fournisseur fiable","potentialAction":[{"@type":"SearchAction","target":{"@type":"EntryPoint","urlTemplate":"https:\/\/chemsxpress.com\/?s={search_term_string}"},"query-input":{"@type":"PropertyValueSpecification","valueRequired":true,"valueName":"search_term_string"}}],"inLanguage":"fr-FR"}]}},"jetpack_sharing_enabled":true,"_links":{"self":[{"href":"https:\/\/chemsxpress.com\/fr\/wp-json\/wp\/v2\/product\/27865","targetHints":{"allow":["GET"]}}],"collection":[{"href":"https:\/\/chemsxpress.com\/fr\/wp-json\/wp\/v2\/product"}],"about":[{"href":"https:\/\/chemsxpress.com\/fr\/wp-json\/wp\/v2\/types\/product"}],"replies":[{"embeddable":true,"href":"https:\/\/chemsxpress.com\/fr\/wp-json\/wp\/v2\/comments?post=27865"}],"version-history":[{"count":4,"href":"https:\/\/chemsxpress.com\/fr\/wp-json\/wp\/v2\/product\/27865\/revisions"}],"predecessor-version":[{"id":30097,"href":"https:\/\/chemsxpress.com\/fr\/wp-json\/wp\/v2\/product\/27865\/revisions\/30097"}],"wp:featuredmedia":[{"embeddable":true,"href":"https:\/\/chemsxpress.com\/fr\/wp-json\/wp\/v2\/media\/27880"}],"wp:attachment":[{"href":"https:\/\/chemsxpress.com\/fr\/wp-json\/wp\/v2\/media?parent=27865"}],"wp:term":[{"taxonomy":"product_brand","embeddable":true,"href":"https:\/\/chemsxpress.com\/fr\/wp-json\/wp\/v2\/product_brand?post=27865"},{"taxonomy":"product_cat","embeddable":true,"href":"https:\/\/chemsxpress.com\/fr\/wp-json\/wp\/v2\/product_cat?post=27865"},{"taxonomy":"product_tag","embeddable":true,"href":"https:\/\/chemsxpress.com\/fr\/wp-json\/wp\/v2\/product_tag?post=27865"}],"curies":[{"name":"wp","href":"https:\/\/api.w.org\/{rel}","templated":true}]}}