{"id":27888,"date":"2024-04-29T13:13:05","date_gmt":"2024-04-29T13:13:05","guid":{"rendered":"https:\/\/chemsxpress.com\/?post_type=product&#038;p=27888"},"modified":"2025-05-27T20:18:01","modified_gmt":"2025-05-27T20:18:01","slug":"acheter-crazy-monkey-spice","status":"publish","type":"product","link":"https:\/\/chemsxpress.com\/fr\/produit\/acheter-crazy-monkey-spice\/","title":{"rendered":"\u00c9pices Crazy Monkey"},"content":{"rendered":"<h1>Acheter Crazy Monkey Spice<\/h1>\n<h2>Crazy Monkey Spice \u00e0 vendre<\/h2>\n<p>Acheter Crazy Monkey Spice 15g en ligne \u00e0 un prix avantageux. L'encens Crazy Monkey 15g est l'une des drogues l\u00e9gales les plus connues. Il poss\u00e8de un large \u00e9ventail d'attraits que les gens du monde entier appr\u00e9cient. L'encens \u00e0 base de plantes est fabriqu\u00e9 par une marque r\u00e9put\u00e9e. Les clients peuvent profiter d'une exp\u00e9rience de consommation olfactive fantastique en choisissant le Crazy Monkey.<\/p>\n<p>Avant d'introduire Crazy Monkey dans notre entreprise, notre personnel a fait de gros efforts pour s'assurer qu'il plairait \u00e0 notre fid\u00e8le client\u00e8le. Nous veillons \u00e0 ce qu'il soit exempt de substances de remplissage et d'additifs et qu'il soit compos\u00e9 uniquement des meilleurs b\u00e2tonnets d'encens \u00e0 base de plantes disponibles sur le march\u00e9.<\/p>\n<p>Nous sommes ravis de pouvoir proposer ce puissant encens \u00e0 base de plantes dans notre magasin d'encens \u00e0 base de plantes aux Etats-Unis ! Si vous souhaitez faire le vide dans votre esprit et vous sentir d\u00e9tendu apr\u00e8s une longue journ\u00e9e de travail, vous devriez l'essayer. Vous pouvez \u00e9galement compter sur lui si vous souhaitez diffuser les ondes positives de l'environnement.  Nous avons \u00e9galement d'autres <a href=\"https:\/\/chemsxpress.com\/fr\/\">Produits k2<\/a> que vous pouvez consulter. <a href=\"https:\/\/chemsxpress.com\/fr\/\">Contactez nous<\/a> pour plus d'informations.<\/p>\n<h2>Acheter de l'encens \u00e0 base de plantes en ligne <span style=\"color: #ffffff;\">| <a style=\"color: #ffffff;\" href=\"http:\/\/rchemshop.com\/\">Acheter l'encens liquide K2 en ligne<\/a> | Acheter K2 Liquid sur le papier<\/span><\/h2>\n<p>L'encens \u00e0 base de plantes, le k2 liquide sur papier et le k2 en spray pr\u00e9par\u00e9s \u00e0 l'avance peuvent \u00eatre fa\u00e7onn\u00e9s en c\u00f4nes, en cylindres ou en rouleaux, ou roul\u00e9s sur des b\u00e2tonnets. Les brochettes de bambou coup\u00e9es dans le sens de la longueur avec une lame de rasoir font de bons b\u00e2tons. Apr\u00e8s avoir form\u00e9 les c\u00f4nes, les cylindres et les rouleaux, mettez-les de c\u00f4t\u00e9 sur une planche de bois pour les faire s\u00e9cher dans une fen\u00eatre ensoleill\u00e9e, un grenier chaud ou m\u00eame un v\u00e9hicule ferm\u00e9 lors d'une journ\u00e9e chaude. \u00c9vitez l'humidit\u00e9 excessive, qui entra\u00eenerait la formation de moisissures sur votre encens. Lors du s\u00e9chage de l'encens en b\u00e2tonnets, enfoncez l'extr\u00e9mit\u00e9 inf\u00e9rieure des b\u00e2tonnets dans un morceau d'argile ou de polystyr\u00e8ne.<\/p>\n<p>Lorsque l'encens est compl\u00e8tement sec, conservez-le dans des r\u00e9cipients herm\u00e9tiques. La couleur et le parfum seront pr\u00e9serv\u00e9s \u00e0 l'abri de la lumi\u00e8re et de l'humidit\u00e9. Acheter l'encens Mad Monkey 4g en ligne n'est possible sur Herbal Incense US.com que lorsqu'il y a une garantie totale de livraison \u00e0 l'endroit o\u00f9 se trouve l'utilisateur. Cela d\u00e9pend \u00e9galement des lois de l'\u00c9tat ou de la r\u00e9gion. Il est plus facile d'\u00eatre pr\u00e9coce que de se repentir plus tard.<\/p>\n<h3>Acheter K2 Spice en ligne<\/h3>\n<p>Parce que nous ne stockons que les meilleures herbes que le march\u00e9 a \u00e0 offrir, ainsi que les m\u00e9langes d'herbes les plus populaires que vous connaissez et aimez ! C'est pourquoi nous avons les meilleurs avis sur les encens \u00e0 base de plantes. En cons\u00e9quence, vous pouvez acheter de l'encens v\u00e9g\u00e9tal en ligne sur le meilleur site d'encens v\u00e9g\u00e9tal, \u00e9galement connu sous le nom de cannabino\u00efdes synth\u00e9tiques. Par exemple, nous offrons la livraison gratuite pour les commandes en gros. De plus, vous pouvez facilement acheter de l'encens \u00e0 base de plantes en ligne avec des services de livraison le jour suivant en utilisant des passerelles de paiement s\u00e9curis\u00e9es. Par cons\u00e9quent, nous voulons vous fournir uniquement les meilleurs m\u00e9langes d'encens \u00e0 base de plantes, tri\u00e9s sur le volet, \u00e0 des prix bas.<\/p>\n<p>acheter de l'encens v\u00e9g\u00e9tal en ligne, acheter de l'encens v\u00e9g\u00e9tal fort, acheter de l'encens liquide k2, acheter des sprays de k2, sprays liquides de k2, liquide k2 en ligne, acheter du k2 liquide sur papier, acheter des \u00e9pices k2 en ligne, \u00e9pice k2 l\u00e9gale forte, acheter de l'encens v\u00e9g\u00e9tal bon march\u00e9, encens v\u00e9g\u00e9tal fort bon march\u00e9 en ligne, acheter de l'encens v\u00e9g\u00e9tal bon march\u00e9 \u00e0 la vente, encens v\u00e9g\u00e9tal fort bon march\u00e9, liquide k2 \u00e0 la vente, commander du k2 en ligne. <a href=\"https:\/\/chemsxpress.com\/fr\/\" target=\"_blank\" rel=\"noopener\">Plus d'informations<\/a><\/p>","protected":false},"excerpt":{"rendered":"<p>Acheter Crazy Monkey Spice Crazy Monkey Spice For Sale Acheter Crazy Monkey Spice 15g en ligne \u00e0 un prix avantageux. Un<\/p>","protected":false},"featured_media":27912,"comment_status":"open","ping_status":"closed","template":"","meta":[],"product_brand":[],"product_cat":[73,72],"product_tag":[],"class_list":{"0":"post-27888","1":"product","2":"type-product","3":"status-publish","4":"has-post-thumbnail","6":"product_cat-herbal-incense","7":"product_cat-k2-products","9":"first","10":"instock","11":"shipping-taxable","12":"purchasable","13":"product-type-variable"},"yoast_head":"<!-- This site is optimized with the Yoast SEO Premium plugin v24.1 (Yoast SEO v27.4) - https:\/\/yoast.com\/product\/yoast-seo-premium-wordpress\/ -->\n<title>Buy Crazy Monkey Spice<\/title>\n<meta name=\"description\" content=\"Buy Crazy Monkey Spice\" \/>\n<meta name=\"robots\" content=\"index, follow, max-snippet:-1, max-image-preview:large, max-video-preview:-1\" \/>\n<link rel=\"canonical\" href=\"https:\/\/chemsxpress.com\/fr\/produit\/acheter-crazy-monkey-spice\/\" \/>\n<meta property=\"og:locale\" content=\"fr_FR\" \/>\n<meta property=\"og:type\" content=\"article\" \/>\n<meta property=\"og:title\" content=\"Crazy Monkey Spice\" \/>\n<meta property=\"og:description\" content=\"Buy Crazy Monkey Spice\" \/>\n<meta property=\"og:url\" content=\"https:\/\/chemsxpress.com\/fr\/produit\/acheter-crazy-monkey-spice\/\" \/>\n<meta property=\"og:site_name\" content=\"SHOP MDPHP\" \/>\n<meta property=\"article:modified_time\" content=\"2025-05-27T20:18:01+00:00\" \/>\n<meta property=\"og:image\" content=\"https:\/\/chemsxpress.com\/wp-content\/uploads\/2024\/04\/crazy-monkey-spice-for-sale.jpg\" \/>\n\t<meta property=\"og:image:width\" content=\"800\" \/>\n\t<meta property=\"og:image:height\" content=\"800\" \/>\n\t<meta property=\"og:image:type\" content=\"image\/jpeg\" \/>\n<meta name=\"twitter:card\" content=\"summary_large_image\" \/>\n<meta name=\"twitter:label1\" content=\"Dur\u00e9e de lecture estim\u00e9e\" \/>\n\t<meta name=\"twitter:data1\" content=\"3 minutes\" \/>\n<script type=\"application\/ld+json\" class=\"yoast-schema-graph\">{\"@context\":\"https:\\\/\\\/schema.org\",\"@graph\":[{\"@type\":\"WebPage\",\"@id\":\"https:\\\/\\\/chemsxpress.com\\\/product\\\/buy-crazy-monkey-spice\\\/\",\"url\":\"https:\\\/\\\/chemsxpress.com\\\/product\\\/buy-crazy-monkey-spice\\\/\",\"name\":\"Buy Crazy Monkey Spice\",\"isPartOf\":{\"@id\":\"https:\\\/\\\/chemsxpress.com\\\/#website\"},\"primaryImageOfPage\":{\"@id\":\"https:\\\/\\\/chemsxpress.com\\\/product\\\/buy-crazy-monkey-spice\\\/#primaryimage\"},\"image\":{\"@id\":\"https:\\\/\\\/chemsxpress.com\\\/product\\\/buy-crazy-monkey-spice\\\/#primaryimage\"},\"thumbnailUrl\":\"https:\\\/\\\/chemsxpress.com\\\/wp-content\\\/uploads\\\/2024\\\/04\\\/crazy-monkey-spice-for-sale.jpg\",\"datePublished\":\"2024-04-29T13:13:05+00:00\",\"dateModified\":\"2025-05-27T20:18:01+00:00\",\"description\":\"Buy Crazy Monkey Spice\",\"breadcrumb\":{\"@id\":\"https:\\\/\\\/chemsxpress.com\\\/product\\\/buy-crazy-monkey-spice\\\/#breadcrumb\"},\"inLanguage\":\"fr-FR\",\"potentialAction\":[{\"@type\":\"ReadAction\",\"target\":[\"https:\\\/\\\/chemsxpress.com\\\/product\\\/buy-crazy-monkey-spice\\\/\"]}]},{\"@type\":\"ImageObject\",\"inLanguage\":\"fr-FR\",\"@id\":\"https:\\\/\\\/chemsxpress.com\\\/product\\\/buy-crazy-monkey-spice\\\/#primaryimage\",\"url\":\"https:\\\/\\\/chemsxpress.com\\\/wp-content\\\/uploads\\\/2024\\\/04\\\/crazy-monkey-spice-for-sale.jpg\",\"contentUrl\":\"https:\\\/\\\/chemsxpress.com\\\/wp-content\\\/uploads\\\/2024\\\/04\\\/crazy-monkey-spice-for-sale.jpg\",\"width\":800,\"height\":800,\"caption\":\"Buy Crazy Monkey Spice\"},{\"@type\":\"BreadcrumbList\",\"@id\":\"https:\\\/\\\/chemsxpress.com\\\/product\\\/buy-crazy-monkey-spice\\\/#breadcrumb\",\"itemListElement\":[{\"@type\":\"ListItem\",\"position\":1,\"name\":\"Home\",\"item\":\"https:\\\/\\\/chemsxpress.com\\\/\"},{\"@type\":\"ListItem\",\"position\":2,\"name\":\"Shop\",\"item\":\"https:\\\/\\\/chemsxpress.com\\\/shop\\\/\"},{\"@type\":\"ListItem\",\"position\":3,\"name\":\"Crazy Monkey Spice\"}]},{\"@type\":\"WebSite\",\"@id\":\"https:\\\/\\\/chemsxpress.com\\\/#website\",\"url\":\"https:\\\/\\\/chemsxpress.com\\\/\",\"name\":\"SHOP MDPHP\",\"description\":\"Buy MDPHP freebase from reliable supplier\",\"potentialAction\":[{\"@type\":\"SearchAction\",\"target\":{\"@type\":\"EntryPoint\",\"urlTemplate\":\"https:\\\/\\\/chemsxpress.com\\\/?s={search_term_string}\"},\"query-input\":{\"@type\":\"PropertyValueSpecification\",\"valueRequired\":true,\"valueName\":\"search_term_string\"}}],\"inLanguage\":\"fr-FR\"}]}<\/script>\n<!-- \/ Yoast SEO Premium plugin. -->","yoast_head_json":{"title":"Acheter Crazy Monkey Spice","description":"Acheter Crazy Monkey Spice","robots":{"index":"index","follow":"follow","max-snippet":"max-snippet:-1","max-image-preview":"max-image-preview:large","max-video-preview":"max-video-preview:-1"},"canonical":"https:\/\/chemsxpress.com\/fr\/produit\/acheter-crazy-monkey-spice\/","og_locale":"fr_FR","og_type":"article","og_title":"Crazy Monkey Spice","og_description":"Buy Crazy Monkey Spice","og_url":"https:\/\/chemsxpress.com\/fr\/produit\/acheter-crazy-monkey-spice\/","og_site_name":"SHOP MDPHP","article_modified_time":"2025-05-27T20:18:01+00:00","og_image":[{"width":800,"height":800,"url":"https:\/\/chemsxpress.com\/wp-content\/uploads\/2024\/04\/crazy-monkey-spice-for-sale.jpg","type":"image\/jpeg"}],"twitter_card":"summary_large_image","twitter_misc":{"Dur\u00e9e de lecture estim\u00e9e":"3 minutes"},"schema":{"@context":"https:\/\/schema.org","@graph":[{"@type":"WebPage","@id":"https:\/\/chemsxpress.com\/product\/buy-crazy-monkey-spice\/","url":"https:\/\/chemsxpress.com\/product\/buy-crazy-monkey-spice\/","name":"Acheter Crazy Monkey Spice","isPartOf":{"@id":"https:\/\/chemsxpress.com\/#website"},"primaryImageOfPage":{"@id":"https:\/\/chemsxpress.com\/product\/buy-crazy-monkey-spice\/#primaryimage"},"image":{"@id":"https:\/\/chemsxpress.com\/product\/buy-crazy-monkey-spice\/#primaryimage"},"thumbnailUrl":"https:\/\/chemsxpress.com\/wp-content\/uploads\/2024\/04\/crazy-monkey-spice-for-sale.jpg","datePublished":"2024-04-29T13:13:05+00:00","dateModified":"2025-05-27T20:18:01+00:00","description":"Acheter Crazy Monkey Spice","breadcrumb":{"@id":"https:\/\/chemsxpress.com\/product\/buy-crazy-monkey-spice\/#breadcrumb"},"inLanguage":"fr-FR","potentialAction":[{"@type":"ReadAction","target":["https:\/\/chemsxpress.com\/product\/buy-crazy-monkey-spice\/"]}]},{"@type":"ImageObject","inLanguage":"fr-FR","@id":"https:\/\/chemsxpress.com\/product\/buy-crazy-monkey-spice\/#primaryimage","url":"https:\/\/chemsxpress.com\/wp-content\/uploads\/2024\/04\/crazy-monkey-spice-for-sale.jpg","contentUrl":"https:\/\/chemsxpress.com\/wp-content\/uploads\/2024\/04\/crazy-monkey-spice-for-sale.jpg","width":800,"height":800,"caption":"Buy Crazy Monkey Spice"},{"@type":"BreadcrumbList","@id":"https:\/\/chemsxpress.com\/product\/buy-crazy-monkey-spice\/#breadcrumb","itemListElement":[{"@type":"ListItem","position":1,"name":"Home","item":"https:\/\/chemsxpress.com\/"},{"@type":"ListItem","position":2,"name":"Shop","item":"https:\/\/chemsxpress.com\/shop\/"},{"@type":"ListItem","position":3,"name":"Crazy Monkey Spice"}]},{"@type":"WebSite","@id":"https:\/\/chemsxpress.com\/#website","url":"https:\/\/chemsxpress.com\/","name":"SHOP MDPHP","description":"Acheter MDPHP freebase aupr\u00e8s d'un fournisseur fiable","potentialAction":[{"@type":"SearchAction","target":{"@type":"EntryPoint","urlTemplate":"https:\/\/chemsxpress.com\/?s={search_term_string}"},"query-input":{"@type":"PropertyValueSpecification","valueRequired":true,"valueName":"search_term_string"}}],"inLanguage":"fr-FR"}]}},"jetpack_sharing_enabled":true,"_links":{"self":[{"href":"https:\/\/chemsxpress.com\/fr\/wp-json\/wp\/v2\/product\/27888","targetHints":{"allow":["GET"]}}],"collection":[{"href":"https:\/\/chemsxpress.com\/fr\/wp-json\/wp\/v2\/product"}],"about":[{"href":"https:\/\/chemsxpress.com\/fr\/wp-json\/wp\/v2\/types\/product"}],"replies":[{"embeddable":true,"href":"https:\/\/chemsxpress.com\/fr\/wp-json\/wp\/v2\/comments?post=27888"}],"version-history":[{"count":3,"href":"https:\/\/chemsxpress.com\/fr\/wp-json\/wp\/v2\/product\/27888\/revisions"}],"predecessor-version":[{"id":29924,"href":"https:\/\/chemsxpress.com\/fr\/wp-json\/wp\/v2\/product\/27888\/revisions\/29924"}],"wp:featuredmedia":[{"embeddable":true,"href":"https:\/\/chemsxpress.com\/fr\/wp-json\/wp\/v2\/media\/27912"}],"wp:attachment":[{"href":"https:\/\/chemsxpress.com\/fr\/wp-json\/wp\/v2\/media?parent=27888"}],"wp:term":[{"taxonomy":"product_brand","embeddable":true,"href":"https:\/\/chemsxpress.com\/fr\/wp-json\/wp\/v2\/product_brand?post=27888"},{"taxonomy":"product_cat","embeddable":true,"href":"https:\/\/chemsxpress.com\/fr\/wp-json\/wp\/v2\/product_cat?post=27888"},{"taxonomy":"product_tag","embeddable":true,"href":"https:\/\/chemsxpress.com\/fr\/wp-json\/wp\/v2\/product_tag?post=27888"}],"curies":[{"name":"wp","href":"https:\/\/api.w.org\/{rel}","templated":true}]}}