{"id":27904,"date":"2024-04-29T13:13:06","date_gmt":"2024-04-29T13:13:06","guid":{"rendered":"https:\/\/chemsxpress.com\/?post_type=product&#038;p=27904"},"modified":"2025-05-27T13:51:52","modified_gmt":"2025-05-27T13:51:52","slug":"acheter-encens-liquide-cloud-9","status":"publish","type":"product","link":"https:\/\/chemsxpress.com\/fr\/produit\/acheter-encens-liquide-cloud-9\/","title":{"rendered":"Encens liquide Cloud 9"},"content":{"rendered":"<h1>Acheter l'encens liquide Cloud 9<\/h1>\n<p>Acheter l'encens liquide Cloud 9. cloud 9 liquid k2 for sale. Achetez le tr\u00e8s puissant encens \u00e0 base de plantes Cloud 9. Le chapelier fou et d'autres m\u00e9langes d'\u00e9pices fortes sont disponibles. Des petites et grandes quantit\u00e9s pour moins que n'importe o\u00f9 \u00e0 des prix de gros discount et discrets de nuit. <a href=\"https:\/\/chemsxpress.com\/fr\/?cms_block=shipping-delivery\">exp\u00e9dition et livraison le lendemain<\/a> service. Cet encens liquide cloud 9 se pr\u00e9sente sous forme de liquide K2 et de poudre avec un haut degr\u00e9 de puissance. Commandez Liquid cloud k2 \u00e0 des prix abordables dans notre boutique en ligne affili\u00e9e officielle. Ce produit est 100{d99a1b8a56936da8dc95a057187ff2adc1ca2392c452472fda10a2857b15d4fc} l\u00e9gal dans 50 \u00e9tats. Nous avons \u00e9galement d'autres <a href=\"https:\/\/chemsxpress.com\/fr\/\">Produits k2<\/a>\u00a0que vous pouvez consulter.\u00a0<a href=\"https:\/\/chemsxpress.com\/fr\/\">Contactez nous<\/a>\u00a0pour plus d'informations.<\/p>\n<ol>\n<li><strong>ngr\u00e9dients :<\/strong> Les encens \u00e0 base de plantes peuvent contenir un large \u00e9ventail d'ingr\u00e9dients, notamment des herbes s\u00e9ch\u00e9es, des fleurs, des \u00e9pices et des r\u00e9sines. Ces ingr\u00e9dients naturels sont souvent associ\u00e9s \u00e0 des huiles essentielles ou \u00e0 des compos\u00e9s parfum\u00e9s afin d'am\u00e9liorer leur ar\u00f4me lorsqu'ils sont br\u00fbl\u00e9s. Toutefois, certains encens \u00e0 base de plantes peuvent \u00e9galement contenir des cannabino\u00efdes synth\u00e9tiques ou d'autres substances psychoactives, qui peuvent avoir des effets impr\u00e9visibles.<\/li>\n<li><strong>Utilisations :<\/strong> L'encens v\u00e9g\u00e9tal est couramment utilis\u00e9 pour l'aromath\u00e9rapie, la m\u00e9ditation, la relaxation et les pratiques spirituelles. Br\u00fbler de l'encens v\u00e9g\u00e9tal peut cr\u00e9er une atmosph\u00e8re apaisante et favoriser un sentiment de calme et de bien-\u00eatre. Diff\u00e9rentes plantes et huiles essentielles peuvent \u00eatre choisies pour leurs propri\u00e9t\u00e9s th\u00e9rapeutiques sp\u00e9cifiques, comme la lavande pour la relaxation ou la menthe poivr\u00e9e pour la clart\u00e9 mentale.<\/li>\n<li><strong>Types :<\/strong> Il existe de nombreux types d'encens aux herbes, chacun ayant son propre m\u00e9lange d'ingr\u00e9dients et de senteurs. Les herbes couramment utilis\u00e9es dans les encens v\u00e9g\u00e9taux sont la sauge, la lavande, le romarin et l'encens. Certains m\u00e9langes d'encens aux herbes peuvent \u00e9galement contenir des ingr\u00e9dients exotiques ou rares provenant du monde entier.<\/li>\n<\/ol>\n<p><a href=\"https:\/\/chemsxpress.com\/fr\/\">ChemsXpress<\/a> s'engage \u00e0 soutenir la recherche scientifique et l'innovation en fournissant aux chercheurs un acc\u00e8s \u00e0 des produits chimiques de recherche de premi\u00e8re qualit\u00e9. Explorez notre vaste catalogue d'encens liquide et embarquez pour votre voyage scientifique en toute confiance avec ChemsXpress.<\/p>","protected":false},"excerpt":{"rendered":"<p>Acheter l'encens liquide Cloud 9 Acheter l'encens liquide Cloud 9. cloud 9 liquid k2 for sale. Acheter le tr\u00e8s puissant<\/p>","protected":false},"featured_media":27918,"comment_status":"open","ping_status":"closed","template":"","meta":[],"product_brand":[],"product_cat":[73,72],"product_tag":[],"class_list":{"0":"post-27904","1":"product","2":"type-product","3":"status-publish","4":"has-post-thumbnail","6":"product_cat-herbal-incense","7":"product_cat-k2-products","9":"first","10":"instock","11":"shipping-taxable","12":"purchasable","13":"product-type-variable"},"yoast_head":"<!-- This site is optimized with the Yoast SEO Premium plugin v24.1 (Yoast SEO v27.4) - https:\/\/yoast.com\/product\/yoast-seo-premium-wordpress\/ -->\n<title>Buy Cloud 9 Liquid Incense Premium Quality | ChemsXpress<\/title>\n<meta name=\"description\" content=\"Buy Cloud 9 Liquid Incense Premium herbal incense, fast shipping. Trust our quality assurance for all your research needs. Order now\" \/>\n<meta name=\"robots\" content=\"index, follow, max-snippet:-1, max-image-preview:large, max-video-preview:-1\" \/>\n<link rel=\"canonical\" href=\"https:\/\/chemsxpress.com\/fr\/produit\/acheter-encens-liquide-cloud-9\/\" \/>\n<meta property=\"og:locale\" content=\"fr_FR\" \/>\n<meta property=\"og:type\" content=\"article\" \/>\n<meta property=\"og:title\" content=\"Cloud 9 Liquid Incense\" \/>\n<meta property=\"og:description\" content=\"Buy Cloud 9 Liquid Incense Premium herbal incense, fast shipping. Trust our quality assurance for all your research needs. Order now\" \/>\n<meta property=\"og:url\" content=\"https:\/\/chemsxpress.com\/fr\/produit\/acheter-encens-liquide-cloud-9\/\" \/>\n<meta property=\"og:site_name\" content=\"SHOP MDPHP\" \/>\n<meta property=\"article:modified_time\" content=\"2025-05-27T13:51:52+00:00\" \/>\n<meta property=\"og:image\" content=\"https:\/\/chemsxpress.com\/wp-content\/uploads\/2024\/04\/Buy-Cloud-9-Liquid-Incense.jpg\" \/>\n\t<meta property=\"og:image:width\" content=\"600\" \/>\n\t<meta property=\"og:image:height\" content=\"600\" \/>\n\t<meta property=\"og:image:type\" content=\"image\/jpeg\" \/>\n<meta name=\"twitter:card\" content=\"summary_large_image\" \/>\n<meta name=\"twitter:label1\" content=\"Dur\u00e9e de lecture estim\u00e9e\" \/>\n\t<meta name=\"twitter:data1\" content=\"2 minutes\" \/>\n<script type=\"application\/ld+json\" class=\"yoast-schema-graph\">{\"@context\":\"https:\\\/\\\/schema.org\",\"@graph\":[{\"@type\":\"WebPage\",\"@id\":\"https:\\\/\\\/chemsxpress.com\\\/product\\\/buy-cloud-9-liquid-incense\\\/\",\"url\":\"https:\\\/\\\/chemsxpress.com\\\/product\\\/buy-cloud-9-liquid-incense\\\/\",\"name\":\"Buy Cloud 9 Liquid Incense Premium Quality | ChemsXpress\",\"isPartOf\":{\"@id\":\"https:\\\/\\\/chemsxpress.com\\\/#website\"},\"primaryImageOfPage\":{\"@id\":\"https:\\\/\\\/chemsxpress.com\\\/product\\\/buy-cloud-9-liquid-incense\\\/#primaryimage\"},\"image\":{\"@id\":\"https:\\\/\\\/chemsxpress.com\\\/product\\\/buy-cloud-9-liquid-incense\\\/#primaryimage\"},\"thumbnailUrl\":\"https:\\\/\\\/chemsxpress.com\\\/wp-content\\\/uploads\\\/2024\\\/04\\\/Buy-Cloud-9-Liquid-Incense.jpg\",\"datePublished\":\"2024-04-29T13:13:06+00:00\",\"dateModified\":\"2025-05-27T13:51:52+00:00\",\"description\":\"Buy Cloud 9 Liquid Incense Premium herbal incense, fast shipping. Trust our quality assurance for all your research needs. Order now\",\"breadcrumb\":{\"@id\":\"https:\\\/\\\/chemsxpress.com\\\/product\\\/buy-cloud-9-liquid-incense\\\/#breadcrumb\"},\"inLanguage\":\"fr-FR\",\"potentialAction\":[{\"@type\":\"ReadAction\",\"target\":[\"https:\\\/\\\/chemsxpress.com\\\/product\\\/buy-cloud-9-liquid-incense\\\/\"]}]},{\"@type\":\"ImageObject\",\"inLanguage\":\"fr-FR\",\"@id\":\"https:\\\/\\\/chemsxpress.com\\\/product\\\/buy-cloud-9-liquid-incense\\\/#primaryimage\",\"url\":\"https:\\\/\\\/chemsxpress.com\\\/wp-content\\\/uploads\\\/2024\\\/04\\\/Buy-Cloud-9-Liquid-Incense.jpg\",\"contentUrl\":\"https:\\\/\\\/chemsxpress.com\\\/wp-content\\\/uploads\\\/2024\\\/04\\\/Buy-Cloud-9-Liquid-Incense.jpg\",\"width\":600,\"height\":600,\"caption\":\"Buy Cloud 9 Liquid Incense\"},{\"@type\":\"BreadcrumbList\",\"@id\":\"https:\\\/\\\/chemsxpress.com\\\/product\\\/buy-cloud-9-liquid-incense\\\/#breadcrumb\",\"itemListElement\":[{\"@type\":\"ListItem\",\"position\":1,\"name\":\"Home\",\"item\":\"https:\\\/\\\/chemsxpress.com\\\/\"},{\"@type\":\"ListItem\",\"position\":2,\"name\":\"Shop\",\"item\":\"https:\\\/\\\/chemsxpress.com\\\/shop\\\/\"},{\"@type\":\"ListItem\",\"position\":3,\"name\":\"Cloud 9 Liquid Incense\"}]},{\"@type\":\"WebSite\",\"@id\":\"https:\\\/\\\/chemsxpress.com\\\/#website\",\"url\":\"https:\\\/\\\/chemsxpress.com\\\/\",\"name\":\"SHOP MDPHP\",\"description\":\"Buy MDPHP freebase from reliable supplier\",\"potentialAction\":[{\"@type\":\"SearchAction\",\"target\":{\"@type\":\"EntryPoint\",\"urlTemplate\":\"https:\\\/\\\/chemsxpress.com\\\/?s={search_term_string}\"},\"query-input\":{\"@type\":\"PropertyValueSpecification\",\"valueRequired\":true,\"valueName\":\"search_term_string\"}}],\"inLanguage\":\"fr-FR\"}]}<\/script>\n<!-- \/ Yoast SEO Premium plugin. -->","yoast_head_json":{"title":"Achetez de l'encens liquide Cloud 9 de qualit\u00e9 sup\u00e9rieure | ChemsXpress","description":"Achetez l'encens Space Cadet \u00e0 ChemsXpress. Encens \u00e0 base de plantes de premi\u00e8re qualit\u00e9, livraison rapide. Faites confiance \u00e0 notre assurance qualit\u00e9 pour tous vos besoins de recherche. Commandez maintenant","robots":{"index":"index","follow":"follow","max-snippet":"max-snippet:-1","max-image-preview":"max-image-preview:large","max-video-preview":"max-video-preview:-1"},"canonical":"https:\/\/chemsxpress.com\/fr\/produit\/acheter-encens-liquide-cloud-9\/","og_locale":"fr_FR","og_type":"article","og_title":"Cloud 9 Liquid Incense","og_description":"Buy Cloud 9 Liquid Incense Premium herbal incense, fast shipping. Trust our quality assurance for all your research needs. Order now","og_url":"https:\/\/chemsxpress.com\/fr\/produit\/acheter-encens-liquide-cloud-9\/","og_site_name":"SHOP MDPHP","article_modified_time":"2025-05-27T13:51:52+00:00","og_image":[{"width":600,"height":600,"url":"https:\/\/chemsxpress.com\/wp-content\/uploads\/2024\/04\/Buy-Cloud-9-Liquid-Incense.jpg","type":"image\/jpeg"}],"twitter_card":"summary_large_image","twitter_misc":{"Dur\u00e9e de lecture estim\u00e9e":"2 minutes"},"schema":{"@context":"https:\/\/schema.org","@graph":[{"@type":"WebPage","@id":"https:\/\/chemsxpress.com\/product\/buy-cloud-9-liquid-incense\/","url":"https:\/\/chemsxpress.com\/product\/buy-cloud-9-liquid-incense\/","name":"Achetez de l'encens liquide Cloud 9 de qualit\u00e9 sup\u00e9rieure | ChemsXpress","isPartOf":{"@id":"https:\/\/chemsxpress.com\/#website"},"primaryImageOfPage":{"@id":"https:\/\/chemsxpress.com\/product\/buy-cloud-9-liquid-incense\/#primaryimage"},"image":{"@id":"https:\/\/chemsxpress.com\/product\/buy-cloud-9-liquid-incense\/#primaryimage"},"thumbnailUrl":"https:\/\/chemsxpress.com\/wp-content\/uploads\/2024\/04\/Buy-Cloud-9-Liquid-Incense.jpg","datePublished":"2024-04-29T13:13:06+00:00","dateModified":"2025-05-27T13:51:52+00:00","description":"Achetez l'encens Space Cadet \u00e0 ChemsXpress. Encens \u00e0 base de plantes de premi\u00e8re qualit\u00e9, livraison rapide. Faites confiance \u00e0 notre assurance qualit\u00e9 pour tous vos besoins de recherche. Commandez maintenant","breadcrumb":{"@id":"https:\/\/chemsxpress.com\/product\/buy-cloud-9-liquid-incense\/#breadcrumb"},"inLanguage":"fr-FR","potentialAction":[{"@type":"ReadAction","target":["https:\/\/chemsxpress.com\/product\/buy-cloud-9-liquid-incense\/"]}]},{"@type":"ImageObject","inLanguage":"fr-FR","@id":"https:\/\/chemsxpress.com\/product\/buy-cloud-9-liquid-incense\/#primaryimage","url":"https:\/\/chemsxpress.com\/wp-content\/uploads\/2024\/04\/Buy-Cloud-9-Liquid-Incense.jpg","contentUrl":"https:\/\/chemsxpress.com\/wp-content\/uploads\/2024\/04\/Buy-Cloud-9-Liquid-Incense.jpg","width":600,"height":600,"caption":"Buy Cloud 9 Liquid Incense"},{"@type":"BreadcrumbList","@id":"https:\/\/chemsxpress.com\/product\/buy-cloud-9-liquid-incense\/#breadcrumb","itemListElement":[{"@type":"ListItem","position":1,"name":"Home","item":"https:\/\/chemsxpress.com\/"},{"@type":"ListItem","position":2,"name":"Shop","item":"https:\/\/chemsxpress.com\/shop\/"},{"@type":"ListItem","position":3,"name":"Cloud 9 Liquid Incense"}]},{"@type":"WebSite","@id":"https:\/\/chemsxpress.com\/#website","url":"https:\/\/chemsxpress.com\/","name":"SHOP MDPHP","description":"Acheter MDPHP freebase aupr\u00e8s d'un fournisseur fiable","potentialAction":[{"@type":"SearchAction","target":{"@type":"EntryPoint","urlTemplate":"https:\/\/chemsxpress.com\/?s={search_term_string}"},"query-input":{"@type":"PropertyValueSpecification","valueRequired":true,"valueName":"search_term_string"}}],"inLanguage":"fr-FR"}]}},"jetpack_sharing_enabled":true,"_links":{"self":[{"href":"https:\/\/chemsxpress.com\/fr\/wp-json\/wp\/v2\/product\/27904","targetHints":{"allow":["GET"]}}],"collection":[{"href":"https:\/\/chemsxpress.com\/fr\/wp-json\/wp\/v2\/product"}],"about":[{"href":"https:\/\/chemsxpress.com\/fr\/wp-json\/wp\/v2\/types\/product"}],"replies":[{"embeddable":true,"href":"https:\/\/chemsxpress.com\/fr\/wp-json\/wp\/v2\/comments?post=27904"}],"version-history":[{"count":4,"href":"https:\/\/chemsxpress.com\/fr\/wp-json\/wp\/v2\/product\/27904\/revisions"}],"predecessor-version":[{"id":30095,"href":"https:\/\/chemsxpress.com\/fr\/wp-json\/wp\/v2\/product\/27904\/revisions\/30095"}],"wp:featuredmedia":[{"embeddable":true,"href":"https:\/\/chemsxpress.com\/fr\/wp-json\/wp\/v2\/media\/27918"}],"wp:attachment":[{"href":"https:\/\/chemsxpress.com\/fr\/wp-json\/wp\/v2\/media?parent=27904"}],"wp:term":[{"taxonomy":"product_brand","embeddable":true,"href":"https:\/\/chemsxpress.com\/fr\/wp-json\/wp\/v2\/product_brand?post=27904"},{"taxonomy":"product_cat","embeddable":true,"href":"https:\/\/chemsxpress.com\/fr\/wp-json\/wp\/v2\/product_cat?post=27904"},{"taxonomy":"product_tag","embeddable":true,"href":"https:\/\/chemsxpress.com\/fr\/wp-json\/wp\/v2\/product_tag?post=27904"}],"curies":[{"name":"wp","href":"https:\/\/api.w.org\/{rel}","templated":true}]}}