{"id":27925,"date":"2024-04-29T13:13:19","date_gmt":"2024-04-29T13:13:19","guid":{"rendered":"https:\/\/chemsxpress.com\/?post_type=product&#038;p=27925"},"modified":"2025-05-28T06:24:29","modified_gmt":"2025-05-28T06:24:29","slug":"acheter-purple-diesel-spice","status":"publish","type":"product","link":"https:\/\/chemsxpress.com\/fr\/produit\/acheter-purple-diesel-spice\/","title":{"rendered":"Purple Diesel Spice"},"content":{"rendered":"<h1>Acheter Purple Diesel Spice<\/h1>\n<p>Acheter Purple Diesel Spice, \u00e0 la recherche d'un m\u00e9lange relaxant d'herbes et d'\u00e9pices.<span style=\"color: #ffffff;\"><a style=\"color: #ffffff;\" href=\"https:\/\/spiru.nl\/categorie\/wierook\/?ppcprotect&amp;utm_source=bing&amp;utm_medium=cpc&amp;utm_campaign=Wierook&amp;utm_term=incense&amp;utm_content=Incense\">.<\/a><\/span> des \u00e9pices pour se d\u00e9tendre \u00e0 la fin de la journ\u00e9e ? Le Diesel violet pourrait \u00eatre la solution. Il est fabriqu\u00e9 \u00e0 partir d'une combinaison de 100 {d99a1b8a56936da8dc95a057187ff2adc1ca2392c452472fda10a2857b15d4fc} de Damiana naturelle avec une saveur unique qui ne peut pas \u00eatre reproduite. Purple Diesel se pr\u00e9sente en paquets de 10 grammes avec la clause de non-responsabilit\u00e9 suivante : Ce produit est uniquement destin\u00e9 \u00e0 \u00eatre utilis\u00e9 comme pot-pourri aromatique. Il n'est pas destin\u00e9 \u00e0 la consommation humaine. Les fabricants et les vendeurs de ce produit n'acceptent aucune responsabilit\u00e9 en cas d'utilisation incorrecte ou abusive du produit. <span style=\"color: #ffffff;\">P<\/span><\/p>\n<p><span style=\"color: #ffffff;\">\u00c9pices<\/span><\/p>\n<p><a href=\"https:\/\/chemsxpress.com\/fr\/\">ChemsXpress<\/a> est fier d'annoncer l'arriv\u00e9e de l'encens Purple Diesel. C'est un produit que tous nos clients (et employ\u00e9s) attendaient avec impatience. Nous pouvons maintenant nous d\u00e9tendre et mettre Purple Diesel dans la sir. Vous n'avez pas encore senti l'encens Purple Diesel ? Alors vous devriez vous procurer imm\u00e9diatement un paquet d'encens Purple Diesel. Les clients qui l'ont essay\u00e9 savent \u00e0 quel point il se vend rapidement ! Nous avons \u00e9galement d'autres produits \u00e0 vous proposer. Contactez-nous pour plus d'informations.<\/p>\n<p>Purple Diesel Spice\" est un terme qui semble faire r\u00e9f\u00e9rence \u00e0 un m\u00e9lange sp\u00e9cifique de cannabino\u00efdes synth\u00e9tiques, souvent vendu sous forme de m\u00e9lange d'herbes ou d'encens. Les cannabino\u00efdes synth\u00e9tiques sont des produits chimiques fabriqu\u00e9s par l'homme et con\u00e7us pour imiter les effets du THC, le compos\u00e9 actif de la marijuana. Toutefois, ils peuvent \u00eatre beaucoup plus puissants et impr\u00e9visibles, ce qui entra\u00eene une s\u00e9rie de risques potentiels pour la sant\u00e9.<\/p>","protected":false},"excerpt":{"rendered":"<p>Acheter Purple Diesel Spice Acheter Purple Diesel Spice, Vous cherchez un m\u00e9lange relaxant d'herbes et d'\u00e9pices pour vous d\u00e9tendre ?<\/p>","protected":false},"featured_media":27952,"comment_status":"open","ping_status":"closed","template":"","meta":[],"product_brand":[],"product_cat":[73],"product_tag":[],"class_list":{"0":"post-27925","1":"product","2":"type-product","3":"status-publish","4":"has-post-thumbnail","6":"product_cat-herbal-incense","8":"first","9":"instock","10":"shipping-taxable","11":"purchasable","12":"product-type-variable"},"yoast_head":"<!-- This site is optimized with the Yoast SEO Premium plugin v24.1 (Yoast SEO v27.6) - https:\/\/yoast.com\/product\/yoast-seo-premium-wordpress\/ -->\n<title>Buy Purple Diesel Spice Premium Quality RC&#039;s | ChemsXpress<\/title>\n<meta name=\"description\" content=\"Buy Purple Diesel Spice at ChemsXpress. Premium research chemicals, fast shipping. Trust our quality assurance for all your research needs. Order now\" \/>\n<meta name=\"robots\" content=\"index, follow, max-snippet:-1, max-image-preview:large, max-video-preview:-1\" \/>\n<link rel=\"canonical\" href=\"https:\/\/chemsxpress.com\/fr\/produit\/acheter-purple-diesel-spice\/\" \/>\n<meta property=\"og:locale\" content=\"fr_FR\" \/>\n<meta property=\"og:type\" content=\"article\" \/>\n<meta property=\"og:title\" content=\"Purple Diesel Spice\" \/>\n<meta property=\"og:description\" content=\"Buy Purple Diesel Spice at ChemsXpress. Premium research chemicals, fast shipping. Trust our quality assurance for all your research needs. Order now\" \/>\n<meta property=\"og:url\" content=\"https:\/\/chemsxpress.com\/fr\/produit\/acheter-purple-diesel-spice\/\" \/>\n<meta property=\"og:site_name\" content=\"SHOP MDPHP\" \/>\n<meta property=\"article:modified_time\" content=\"2025-05-28T06:24:29+00:00\" \/>\n<meta property=\"og:image\" content=\"https:\/\/chemsxpress.com\/wp-content\/uploads\/2024\/04\/Purple-Diesel-Spice.jpg\" \/>\n\t<meta property=\"og:image:width\" content=\"800\" \/>\n\t<meta property=\"og:image:height\" content=\"800\" \/>\n\t<meta property=\"og:image:type\" content=\"image\/jpeg\" \/>\n<meta name=\"twitter:card\" content=\"summary_large_image\" \/>\n<meta name=\"twitter:label1\" content=\"Dur\u00e9e de lecture estim\u00e9e\" \/>\n\t<meta name=\"twitter:data1\" content=\"2 minutes\" \/>\n<script type=\"application\/ld+json\" class=\"yoast-schema-graph\">{\"@context\":\"https:\\\/\\\/schema.org\",\"@graph\":[{\"@type\":\"WebPage\",\"@id\":\"https:\\\/\\\/chemsxpress.com\\\/product\\\/buy-purple-diesel-spice\\\/\",\"url\":\"https:\\\/\\\/chemsxpress.com\\\/product\\\/buy-purple-diesel-spice\\\/\",\"name\":\"Buy Purple Diesel Spice Premium Quality RC's | ChemsXpress\",\"isPartOf\":{\"@id\":\"https:\\\/\\\/chemsxpress.com\\\/#website\"},\"primaryImageOfPage\":{\"@id\":\"https:\\\/\\\/chemsxpress.com\\\/product\\\/buy-purple-diesel-spice\\\/#primaryimage\"},\"image\":{\"@id\":\"https:\\\/\\\/chemsxpress.com\\\/product\\\/buy-purple-diesel-spice\\\/#primaryimage\"},\"thumbnailUrl\":\"https:\\\/\\\/chemsxpress.com\\\/wp-content\\\/uploads\\\/2024\\\/04\\\/Purple-Diesel-Spice.jpg\",\"datePublished\":\"2024-04-29T13:13:19+00:00\",\"dateModified\":\"2025-05-28T06:24:29+00:00\",\"description\":\"Buy Purple Diesel Spice at ChemsXpress. Premium research chemicals, fast shipping. Trust our quality assurance for all your research needs. Order now\",\"breadcrumb\":{\"@id\":\"https:\\\/\\\/chemsxpress.com\\\/product\\\/buy-purple-diesel-spice\\\/#breadcrumb\"},\"inLanguage\":\"fr-FR\",\"potentialAction\":[{\"@type\":\"ReadAction\",\"target\":[\"https:\\\/\\\/chemsxpress.com\\\/product\\\/buy-purple-diesel-spice\\\/\"]}]},{\"@type\":\"ImageObject\",\"inLanguage\":\"fr-FR\",\"@id\":\"https:\\\/\\\/chemsxpress.com\\\/product\\\/buy-purple-diesel-spice\\\/#primaryimage\",\"url\":\"https:\\\/\\\/chemsxpress.com\\\/wp-content\\\/uploads\\\/2024\\\/04\\\/Purple-Diesel-Spice.jpg\",\"contentUrl\":\"https:\\\/\\\/chemsxpress.com\\\/wp-content\\\/uploads\\\/2024\\\/04\\\/Purple-Diesel-Spice.jpg\",\"width\":800,\"height\":800,\"caption\":\"buy Purple Diesel Spice\"},{\"@type\":\"BreadcrumbList\",\"@id\":\"https:\\\/\\\/chemsxpress.com\\\/product\\\/buy-purple-diesel-spice\\\/#breadcrumb\",\"itemListElement\":[{\"@type\":\"ListItem\",\"position\":1,\"name\":\"Home\",\"item\":\"https:\\\/\\\/chemsxpress.com\\\/\"},{\"@type\":\"ListItem\",\"position\":2,\"name\":\"Shop\",\"item\":\"https:\\\/\\\/chemsxpress.com\\\/shop\\\/\"},{\"@type\":\"ListItem\",\"position\":3,\"name\":\"Purple Diesel Spice\"}]},{\"@type\":\"WebSite\",\"@id\":\"https:\\\/\\\/chemsxpress.com\\\/#website\",\"url\":\"https:\\\/\\\/chemsxpress.com\\\/\",\"name\":\"SHOP MDPHP\",\"description\":\"Buy MDPHP freebase from reliable supplier\",\"potentialAction\":[{\"@type\":\"SearchAction\",\"target\":{\"@type\":\"EntryPoint\",\"urlTemplate\":\"https:\\\/\\\/chemsxpress.com\\\/?s={search_term_string}\"},\"query-input\":{\"@type\":\"PropertyValueSpecification\",\"valueRequired\":true,\"valueName\":\"search_term_string\"}}],\"inLanguage\":\"fr-FR\"}]}<\/script>\n<!-- \/ Yoast SEO Premium plugin. -->","yoast_head_json":{"title":"Achetez des RC Purple Diesel Spice de qualit\u00e9 sup\u00e9rieure | ChemsXpress","description":"Achetez des pastilles de 2C-D \u00e0 ChemsXpress. Produits chimiques de recherche de premi\u00e8re qualit\u00e9, livraison rapide. Faites confiance \u00e0 notre assurance qualit\u00e9 pour tous vos besoins de recherche. Commandez maintenant","robots":{"index":"index","follow":"follow","max-snippet":"max-snippet:-1","max-image-preview":"max-image-preview:large","max-video-preview":"max-video-preview:-1"},"canonical":"https:\/\/chemsxpress.com\/fr\/produit\/acheter-purple-diesel-spice\/","og_locale":"fr_FR","og_type":"article","og_title":"Purple Diesel Spice","og_description":"Buy Purple Diesel Spice at ChemsXpress. Premium research chemicals, fast shipping. Trust our quality assurance for all your research needs. Order now","og_url":"https:\/\/chemsxpress.com\/fr\/produit\/acheter-purple-diesel-spice\/","og_site_name":"SHOP MDPHP","article_modified_time":"2025-05-28T06:24:29+00:00","og_image":[{"width":800,"height":800,"url":"https:\/\/chemsxpress.com\/wp-content\/uploads\/2024\/04\/Purple-Diesel-Spice.jpg","type":"image\/jpeg"}],"twitter_card":"summary_large_image","twitter_misc":{"Dur\u00e9e de lecture estim\u00e9e":"2 minutes"},"schema":{"@context":"https:\/\/schema.org","@graph":[{"@type":"WebPage","@id":"https:\/\/chemsxpress.com\/product\/buy-purple-diesel-spice\/","url":"https:\/\/chemsxpress.com\/product\/buy-purple-diesel-spice\/","name":"Achetez des RC Purple Diesel Spice de qualit\u00e9 sup\u00e9rieure | ChemsXpress","isPartOf":{"@id":"https:\/\/chemsxpress.com\/#website"},"primaryImageOfPage":{"@id":"https:\/\/chemsxpress.com\/product\/buy-purple-diesel-spice\/#primaryimage"},"image":{"@id":"https:\/\/chemsxpress.com\/product\/buy-purple-diesel-spice\/#primaryimage"},"thumbnailUrl":"https:\/\/chemsxpress.com\/wp-content\/uploads\/2024\/04\/Purple-Diesel-Spice.jpg","datePublished":"2024-04-29T13:13:19+00:00","dateModified":"2025-05-28T06:24:29+00:00","description":"Achetez des pastilles de 2C-D \u00e0 ChemsXpress. Produits chimiques de recherche de premi\u00e8re qualit\u00e9, livraison rapide. Faites confiance \u00e0 notre assurance qualit\u00e9 pour tous vos besoins de recherche. Commandez maintenant","breadcrumb":{"@id":"https:\/\/chemsxpress.com\/product\/buy-purple-diesel-spice\/#breadcrumb"},"inLanguage":"fr-FR","potentialAction":[{"@type":"ReadAction","target":["https:\/\/chemsxpress.com\/product\/buy-purple-diesel-spice\/"]}]},{"@type":"ImageObject","inLanguage":"fr-FR","@id":"https:\/\/chemsxpress.com\/product\/buy-purple-diesel-spice\/#primaryimage","url":"https:\/\/chemsxpress.com\/wp-content\/uploads\/2024\/04\/Purple-Diesel-Spice.jpg","contentUrl":"https:\/\/chemsxpress.com\/wp-content\/uploads\/2024\/04\/Purple-Diesel-Spice.jpg","width":800,"height":800,"caption":"buy Purple Diesel Spice"},{"@type":"BreadcrumbList","@id":"https:\/\/chemsxpress.com\/product\/buy-purple-diesel-spice\/#breadcrumb","itemListElement":[{"@type":"ListItem","position":1,"name":"Home","item":"https:\/\/chemsxpress.com\/"},{"@type":"ListItem","position":2,"name":"Shop","item":"https:\/\/chemsxpress.com\/shop\/"},{"@type":"ListItem","position":3,"name":"Purple Diesel Spice"}]},{"@type":"WebSite","@id":"https:\/\/chemsxpress.com\/#website","url":"https:\/\/chemsxpress.com\/","name":"SHOP MDPHP","description":"Acheter MDPHP freebase aupr\u00e8s d'un fournisseur fiable","potentialAction":[{"@type":"SearchAction","target":{"@type":"EntryPoint","urlTemplate":"https:\/\/chemsxpress.com\/?s={search_term_string}"},"query-input":{"@type":"PropertyValueSpecification","valueRequired":true,"valueName":"search_term_string"}}],"inLanguage":"fr-FR"}]}},"jetpack_sharing_enabled":true,"_links":{"self":[{"href":"https:\/\/chemsxpress.com\/fr\/wp-json\/wp\/v2\/product\/27925","targetHints":{"allow":["GET"]}}],"collection":[{"href":"https:\/\/chemsxpress.com\/fr\/wp-json\/wp\/v2\/product"}],"about":[{"href":"https:\/\/chemsxpress.com\/fr\/wp-json\/wp\/v2\/types\/product"}],"replies":[{"embeddable":true,"href":"https:\/\/chemsxpress.com\/fr\/wp-json\/wp\/v2\/comments?post=27925"}],"version-history":[{"count":3,"href":"https:\/\/chemsxpress.com\/fr\/wp-json\/wp\/v2\/product\/27925\/revisions"}],"predecessor-version":[{"id":29889,"href":"https:\/\/chemsxpress.com\/fr\/wp-json\/wp\/v2\/product\/27925\/revisions\/29889"}],"wp:featuredmedia":[{"embeddable":true,"href":"https:\/\/chemsxpress.com\/fr\/wp-json\/wp\/v2\/media\/27952"}],"wp:attachment":[{"href":"https:\/\/chemsxpress.com\/fr\/wp-json\/wp\/v2\/media?parent=27925"}],"wp:term":[{"taxonomy":"product_brand","embeddable":true,"href":"https:\/\/chemsxpress.com\/fr\/wp-json\/wp\/v2\/product_brand?post=27925"},{"taxonomy":"product_cat","embeddable":true,"href":"https:\/\/chemsxpress.com\/fr\/wp-json\/wp\/v2\/product_cat?post=27925"},{"taxonomy":"product_tag","embeddable":true,"href":"https:\/\/chemsxpress.com\/fr\/wp-json\/wp\/v2\/product_tag?post=27925"}],"curies":[{"name":"wp","href":"https:\/\/api.w.org\/{rel}","templated":true}]}}