{"id":27940,"date":"2024-04-29T13:13:20","date_gmt":"2024-04-29T13:13:20","guid":{"rendered":"https:\/\/chemsxpress.com\/?post_type=product&#038;p=27940"},"modified":"2025-05-18T23:31:10","modified_gmt":"2025-05-18T23:31:10","slug":"acheter-encens-liquide-jungle-juice","status":"publish","type":"product","link":"https:\/\/chemsxpress.com\/fr\/produit\/acheter-encens-liquide-jungle-juice\/","title":{"rendered":"Encens liquide Jungle Juice"},"content":{"rendered":"<h1>Acheter l'encens liquide Jungle Juice<\/h1>\n<div><\/div>\n<div>Acheter l'encens liquide Jungle Juice, l'odorisant original pour les pi\u00e8ces, le nettoyant pour cuir 10ml. Il est tr\u00e8s clair et contient un m\u00e9lange exclusif d'huiles et d'ar\u00f4mes. <span style=\"color: #ffffff;\">Encens liquide \u00e0 base de plantes \u00e0 vendre<\/span><\/div>\n<div><\/div>\n<div>C'est ce qui vous manquait. Il est extr\u00eamement puissant. Il poss\u00e8de l'ar\u00f4me apaisant que vous recherchez. Si vous recherchez un encens liquide tr\u00e8s puissant, ne cherchez pas plus loin. L'image de l'encens liquide \u00e0 base de plantes que vous voyez sur ce site web sera le m\u00eame sac de produit que celui que nous livrons \u00e0 votre adresse. Les marques d'encens liquide \u00e0 base de plantes les plus vendues. Jungle Juice Encens liquide 10ml ne doit pas \u00eatre utilis\u00e9 par une personne de moins de 18 ans. <span class=\"___SText_17rlk-ko_\" style=\"color: #ffffff;\" data-ui-name=\"Link.Text\">jungle platine<\/span><\/div>\n<div><\/div>\n<div>Ce produit est uniquement destin\u00e9 \u00e0 \u00eatre utilis\u00e9 comme pot-pourri aromatique. Il n'est ni con\u00e7u ni destin\u00e9 \u00e0 la consommation humaine. Les fabricants et les d\u00e9taillants de ce produit n'assument aucune responsabilit\u00e9 en cas d'utilisation incorrecte ou de mauvaise utilisation de ce produit.<\/div>\n<div>Nous avons \u00e9galement d'autres\u00a0<a href=\"https:\/\/chemsxpress.com\/fr\/\">produits<\/a>\u00a0que vous pouvez consulter.\u00a0<a href=\"https:\/\/chemsxpress.com\/fr\/\">Contactez nous<\/a> pour plus d'informations. <span class=\"___SText_17rlk-ko_\" style=\"color: #ffffff;\" data-ui-name=\"Link.Text\">ju<\/span><\/div>\n<div>\n<ol>\n<li><strong>ngr\u00e9dients :<\/strong> Les encens \u00e0 base de plantes peuvent contenir un large \u00e9ventail d'ingr\u00e9dients, notamment des herbes s\u00e9ch\u00e9es, des fleurs, des \u00e9pices et des r\u00e9sines. Ces ingr\u00e9dients naturels sont souvent associ\u00e9s \u00e0 des huiles essentielles ou \u00e0 des compos\u00e9s parfum\u00e9s afin d'am\u00e9liorer leur ar\u00f4me lorsqu'ils sont br\u00fbl\u00e9s. Toutefois, certains encens \u00e0 base de plantes peuvent \u00e9galement contenir des cannabino\u00efdes synth\u00e9tiques ou d'autres substances psychoactives, qui peuvent avoir des effets impr\u00e9visibles.<\/li>\n<li><strong>Utilisations :<\/strong> L'encens v\u00e9g\u00e9tal est couramment utilis\u00e9 pour l'aromath\u00e9rapie, la m\u00e9ditation, la relaxation et les pratiques spirituelles. Br\u00fbler de l'encens v\u00e9g\u00e9tal peut cr\u00e9er une atmosph\u00e8re apaisante et favoriser un sentiment de calme et de bien-\u00eatre. Diff\u00e9rentes plantes et huiles essentielles peuvent \u00eatre choisies pour leurs propri\u00e9t\u00e9s th\u00e9rapeutiques sp\u00e9cifiques, comme la lavande pour la relaxation ou la menthe poivr\u00e9e pour la clart\u00e9 mentale.<\/li>\n<li><strong>Types :<\/strong> Il existe de nombreux types d'encens aux herbes, chacun ayant son propre m\u00e9lange d'ingr\u00e9dients et de senteurs. Les herbes couramment utilis\u00e9es dans les encens v\u00e9g\u00e9taux sont la sauge, la lavande, le romarin et l'encens. Certains m\u00e9langes d'encens aux herbes peuvent \u00e9galement contenir des ingr\u00e9dients exotiques ou rares provenant du monde entier.<\/li>\n<\/ol>\n<p><span class=\"___SText_17rlk-ko_\" style=\"color: #ffffff;\" data-ui-name=\"Link.Text\">ngle platine.<\/span><\/div>","protected":false},"excerpt":{"rendered":"<p>Acheter de l'encens liquide Jungle Juice Acheter de l'encens liquide Jungle Juice L'Original Room Odorizer Leather Cleaner 10ml. Il est tr\u00e8s<\/p>","protected":false},"featured_media":27958,"comment_status":"open","ping_status":"closed","template":"","meta":[],"product_brand":[],"product_cat":[73],"product_tag":[],"class_list":{"0":"post-27940","1":"product","2":"type-product","3":"status-publish","4":"has-post-thumbnail","6":"product_cat-herbal-incense","8":"first","9":"instock","10":"shipping-taxable","11":"purchasable","12":"product-type-variable"},"yoast_head":"<!-- This site is optimized with the Yoast SEO Premium plugin v24.1 (Yoast SEO v27.5) - https:\/\/yoast.com\/product\/yoast-seo-premium-wordpress\/ -->\n<title>Buy Jungle Juice Liquid Incense Premium Quality | ChemsXpress<\/title>\n<meta name=\"description\" content=\"Buy Jungle Juice Liquid Incense at ChemsXpress. Premium , fast shipping. Trust our quality assurance for all your research needs. Order now\" \/>\n<meta name=\"robots\" content=\"index, follow, max-snippet:-1, max-image-preview:large, max-video-preview:-1\" \/>\n<link rel=\"canonical\" href=\"https:\/\/chemsxpress.com\/fr\/produit\/acheter-encens-liquide-jungle-juice\/\" \/>\n<meta property=\"og:locale\" content=\"fr_FR\" \/>\n<meta property=\"og:type\" content=\"article\" \/>\n<meta property=\"og:title\" content=\"Jungle Juice Liquid Incense\" \/>\n<meta property=\"og:description\" content=\"Buy Jungle Juice Liquid Incense at ChemsXpress. Premium , fast shipping. Trust our quality assurance for all your research needs. Order now\" \/>\n<meta property=\"og:url\" content=\"https:\/\/chemsxpress.com\/fr\/produit\/acheter-encens-liquide-jungle-juice\/\" \/>\n<meta property=\"og:site_name\" content=\"SHOP MDPHP\" \/>\n<meta property=\"article:modified_time\" content=\"2025-05-18T23:31:10+00:00\" \/>\n<meta property=\"og:image\" content=\"https:\/\/chemsxpress.com\/wp-content\/uploads\/2024\/04\/jungle-juice-liquid-incense.jpg\" \/>\n\t<meta property=\"og:image:width\" content=\"800\" \/>\n\t<meta property=\"og:image:height\" content=\"800\" \/>\n\t<meta property=\"og:image:type\" content=\"image\/jpeg\" \/>\n<meta name=\"twitter:card\" content=\"summary_large_image\" \/>\n<meta name=\"twitter:label1\" content=\"Dur\u00e9e de lecture estim\u00e9e\" \/>\n\t<meta name=\"twitter:data1\" content=\"2 minutes\" \/>\n<script type=\"application\/ld+json\" class=\"yoast-schema-graph\">{\"@context\":\"https:\\\/\\\/schema.org\",\"@graph\":[{\"@type\":\"WebPage\",\"@id\":\"https:\\\/\\\/chemsxpress.com\\\/product\\\/buy-jungle-juice-liquid-incense\\\/\",\"url\":\"https:\\\/\\\/chemsxpress.com\\\/product\\\/buy-jungle-juice-liquid-incense\\\/\",\"name\":\"Buy Jungle Juice Liquid Incense Premium Quality | ChemsXpress\",\"isPartOf\":{\"@id\":\"https:\\\/\\\/chemsxpress.com\\\/#website\"},\"primaryImageOfPage\":{\"@id\":\"https:\\\/\\\/chemsxpress.com\\\/product\\\/buy-jungle-juice-liquid-incense\\\/#primaryimage\"},\"image\":{\"@id\":\"https:\\\/\\\/chemsxpress.com\\\/product\\\/buy-jungle-juice-liquid-incense\\\/#primaryimage\"},\"thumbnailUrl\":\"https:\\\/\\\/chemsxpress.com\\\/wp-content\\\/uploads\\\/2024\\\/04\\\/jungle-juice-liquid-incense.jpg\",\"datePublished\":\"2024-04-29T13:13:20+00:00\",\"dateModified\":\"2025-05-18T23:31:10+00:00\",\"description\":\"Buy Jungle Juice Liquid Incense at ChemsXpress. Premium , fast shipping. Trust our quality assurance for all your research needs. Order now\",\"breadcrumb\":{\"@id\":\"https:\\\/\\\/chemsxpress.com\\\/product\\\/buy-jungle-juice-liquid-incense\\\/#breadcrumb\"},\"inLanguage\":\"fr-FR\",\"potentialAction\":[{\"@type\":\"ReadAction\",\"target\":[\"https:\\\/\\\/chemsxpress.com\\\/product\\\/buy-jungle-juice-liquid-incense\\\/\"]}]},{\"@type\":\"ImageObject\",\"inLanguage\":\"fr-FR\",\"@id\":\"https:\\\/\\\/chemsxpress.com\\\/product\\\/buy-jungle-juice-liquid-incense\\\/#primaryimage\",\"url\":\"https:\\\/\\\/chemsxpress.com\\\/wp-content\\\/uploads\\\/2024\\\/04\\\/jungle-juice-liquid-incense.jpg\",\"contentUrl\":\"https:\\\/\\\/chemsxpress.com\\\/wp-content\\\/uploads\\\/2024\\\/04\\\/jungle-juice-liquid-incense.jpg\",\"width\":800,\"height\":800,\"caption\":\"Buy Jungle Juice Liquid Incense\"},{\"@type\":\"BreadcrumbList\",\"@id\":\"https:\\\/\\\/chemsxpress.com\\\/product\\\/buy-jungle-juice-liquid-incense\\\/#breadcrumb\",\"itemListElement\":[{\"@type\":\"ListItem\",\"position\":1,\"name\":\"Home\",\"item\":\"https:\\\/\\\/chemsxpress.com\\\/\"},{\"@type\":\"ListItem\",\"position\":2,\"name\":\"Shop\",\"item\":\"https:\\\/\\\/chemsxpress.com\\\/shop\\\/\"},{\"@type\":\"ListItem\",\"position\":3,\"name\":\"Jungle Juice Liquid Incense\"}]},{\"@type\":\"WebSite\",\"@id\":\"https:\\\/\\\/chemsxpress.com\\\/#website\",\"url\":\"https:\\\/\\\/chemsxpress.com\\\/\",\"name\":\"SHOP MDPHP\",\"description\":\"Buy MDPHP freebase from reliable supplier\",\"potentialAction\":[{\"@type\":\"SearchAction\",\"target\":{\"@type\":\"EntryPoint\",\"urlTemplate\":\"https:\\\/\\\/chemsxpress.com\\\/?s={search_term_string}\"},\"query-input\":{\"@type\":\"PropertyValueSpecification\",\"valueRequired\":true,\"valueName\":\"search_term_string\"}}],\"inLanguage\":\"fr-FR\"}]}<\/script>\n<!-- \/ Yoast SEO Premium plugin. -->","yoast_head_json":{"title":"Achetez de l'encens liquide Jungle Juice de qualit\u00e9 sup\u00e9rieure | ChemsXpress","description":"Achetez l'encens Space Cadet \u00e0 ChemsXpress. Encens \u00e0 base de plantes de premi\u00e8re qualit\u00e9, livraison rapide. Faites confiance \u00e0 notre assurance qualit\u00e9 pour tous vos besoins de recherche. Commandez maintenant","robots":{"index":"index","follow":"follow","max-snippet":"max-snippet:-1","max-image-preview":"max-image-preview:large","max-video-preview":"max-video-preview:-1"},"canonical":"https:\/\/chemsxpress.com\/fr\/produit\/acheter-encens-liquide-jungle-juice\/","og_locale":"fr_FR","og_type":"article","og_title":"Jungle Juice Liquid Incense","og_description":"Buy Jungle Juice Liquid Incense at ChemsXpress. Premium , fast shipping. Trust our quality assurance for all your research needs. Order now","og_url":"https:\/\/chemsxpress.com\/fr\/produit\/acheter-encens-liquide-jungle-juice\/","og_site_name":"SHOP MDPHP","article_modified_time":"2025-05-18T23:31:10+00:00","og_image":[{"width":800,"height":800,"url":"https:\/\/chemsxpress.com\/wp-content\/uploads\/2024\/04\/jungle-juice-liquid-incense.jpg","type":"image\/jpeg"}],"twitter_card":"summary_large_image","twitter_misc":{"Dur\u00e9e de lecture estim\u00e9e":"2 minutes"},"schema":{"@context":"https:\/\/schema.org","@graph":[{"@type":"WebPage","@id":"https:\/\/chemsxpress.com\/product\/buy-jungle-juice-liquid-incense\/","url":"https:\/\/chemsxpress.com\/product\/buy-jungle-juice-liquid-incense\/","name":"Achetez de l'encens liquide Jungle Juice de qualit\u00e9 sup\u00e9rieure | ChemsXpress","isPartOf":{"@id":"https:\/\/chemsxpress.com\/#website"},"primaryImageOfPage":{"@id":"https:\/\/chemsxpress.com\/product\/buy-jungle-juice-liquid-incense\/#primaryimage"},"image":{"@id":"https:\/\/chemsxpress.com\/product\/buy-jungle-juice-liquid-incense\/#primaryimage"},"thumbnailUrl":"https:\/\/chemsxpress.com\/wp-content\/uploads\/2024\/04\/jungle-juice-liquid-incense.jpg","datePublished":"2024-04-29T13:13:20+00:00","dateModified":"2025-05-18T23:31:10+00:00","description":"Achetez l'encens Space Cadet \u00e0 ChemsXpress. Encens \u00e0 base de plantes de premi\u00e8re qualit\u00e9, livraison rapide. Faites confiance \u00e0 notre assurance qualit\u00e9 pour tous vos besoins de recherche. Commandez maintenant","breadcrumb":{"@id":"https:\/\/chemsxpress.com\/product\/buy-jungle-juice-liquid-incense\/#breadcrumb"},"inLanguage":"fr-FR","potentialAction":[{"@type":"ReadAction","target":["https:\/\/chemsxpress.com\/product\/buy-jungle-juice-liquid-incense\/"]}]},{"@type":"ImageObject","inLanguage":"fr-FR","@id":"https:\/\/chemsxpress.com\/product\/buy-jungle-juice-liquid-incense\/#primaryimage","url":"https:\/\/chemsxpress.com\/wp-content\/uploads\/2024\/04\/jungle-juice-liquid-incense.jpg","contentUrl":"https:\/\/chemsxpress.com\/wp-content\/uploads\/2024\/04\/jungle-juice-liquid-incense.jpg","width":800,"height":800,"caption":"Buy Jungle Juice Liquid Incense"},{"@type":"BreadcrumbList","@id":"https:\/\/chemsxpress.com\/product\/buy-jungle-juice-liquid-incense\/#breadcrumb","itemListElement":[{"@type":"ListItem","position":1,"name":"Home","item":"https:\/\/chemsxpress.com\/"},{"@type":"ListItem","position":2,"name":"Shop","item":"https:\/\/chemsxpress.com\/shop\/"},{"@type":"ListItem","position":3,"name":"Jungle Juice Liquid Incense"}]},{"@type":"WebSite","@id":"https:\/\/chemsxpress.com\/#website","url":"https:\/\/chemsxpress.com\/","name":"SHOP MDPHP","description":"Acheter MDPHP freebase aupr\u00e8s d'un fournisseur fiable","potentialAction":[{"@type":"SearchAction","target":{"@type":"EntryPoint","urlTemplate":"https:\/\/chemsxpress.com\/?s={search_term_string}"},"query-input":{"@type":"PropertyValueSpecification","valueRequired":true,"valueName":"search_term_string"}}],"inLanguage":"fr-FR"}]}},"jetpack_sharing_enabled":true,"_links":{"self":[{"href":"https:\/\/chemsxpress.com\/fr\/wp-json\/wp\/v2\/product\/27940","targetHints":{"allow":["GET"]}}],"collection":[{"href":"https:\/\/chemsxpress.com\/fr\/wp-json\/wp\/v2\/product"}],"about":[{"href":"https:\/\/chemsxpress.com\/fr\/wp-json\/wp\/v2\/types\/product"}],"replies":[{"embeddable":true,"href":"https:\/\/chemsxpress.com\/fr\/wp-json\/wp\/v2\/comments?post=27940"}],"version-history":[{"count":3,"href":"https:\/\/chemsxpress.com\/fr\/wp-json\/wp\/v2\/product\/27940\/revisions"}],"predecessor-version":[{"id":29916,"href":"https:\/\/chemsxpress.com\/fr\/wp-json\/wp\/v2\/product\/27940\/revisions\/29916"}],"wp:featuredmedia":[{"embeddable":true,"href":"https:\/\/chemsxpress.com\/fr\/wp-json\/wp\/v2\/media\/27958"}],"wp:attachment":[{"href":"https:\/\/chemsxpress.com\/fr\/wp-json\/wp\/v2\/media?parent=27940"}],"wp:term":[{"taxonomy":"product_brand","embeddable":true,"href":"https:\/\/chemsxpress.com\/fr\/wp-json\/wp\/v2\/product_brand?post=27940"},{"taxonomy":"product_cat","embeddable":true,"href":"https:\/\/chemsxpress.com\/fr\/wp-json\/wp\/v2\/product_cat?post=27940"},{"taxonomy":"product_tag","embeddable":true,"href":"https:\/\/chemsxpress.com\/fr\/wp-json\/wp\/v2\/product_tag?post=27940"}],"curies":[{"name":"wp","href":"https:\/\/api.w.org\/{rel}","templated":true}]}}