{"id":27945,"date":"2024-04-29T13:13:20","date_gmt":"2024-04-29T13:13:20","guid":{"rendered":"https:\/\/chemsxpress.com\/?post_type=product&#038;p=27945"},"modified":"2025-08-05T07:32:22","modified_gmt":"2025-08-05T07:32:22","slug":"acheter-3-mmc-poudre-cristalline","status":"publish","type":"product","link":"https:\/\/chemsxpress.com\/fr\/produit\/acheter-3-mmc-poudre-cristalline\/","title":{"rendered":"3 mmc Poudre cristalline"},"content":{"rendered":"<h1>Acheter 3 mmc Poudre cristalline<\/h1>\n<p>Achetez la poudre cristalline de 3-MMC chez ChemsXpress, nous offrons une poudre cristalline de 3-MMC de qualit\u00e9 sup\u00e9rieure pour vos besoins de recherche. La 3-MMC, ou 3-M\u00e9thylm\u00e9thcathinone, est une nouvelle substance psychoactive appartenant \u00e0 la classe des cathinones. Notre produit est soumis \u00e0 des tests rigoureux afin de garantir sa puret\u00e9 et sa consistance, r\u00e9pondant ainsi aux normes les plus \u00e9lev\u00e9es en mati\u00e8re de recherche.<\/p>\n<p>Les chercheurs qui \u00e9tudient la 3-MMC appr\u00e9cient ses effets stimulants et empathiques, ce qui en fait un compos\u00e9 intriguant pour l'investigation scientifique. Avec son potentiel d'affecter les niveaux de neurotransmetteurs dans le cerveau, la 3-MMC est prometteuse pour la compr\u00e9hension de divers m\u00e9canismes neuropsychopharmacologiques.<\/p>\n<p>Lorsque vous achetez de la poudre cristalline de 3-MMC \u00e0 ChemsXpress, vous pouvez compter sur un emballage discret et une livraison s\u00e9curis\u00e9e \u00e0 votre porte. Notre \u00e9quipe d'assistance \u00e0 la client\u00e8le est \u00e0 votre disposition pour r\u00e9pondre \u00e0 toutes vos questions.<\/p>\n<p>Faites confiance \u00e0 ChemsXpress pour tous vos <a href=\"https:\/\/chemsxpress.com\/fr\/categorie-produit\/produits-chimiques-de-recherche\/\">recherche chimique<\/a> besoins. Commandez d\u00e8s aujourd'hui la poudre cristalline de 3-MMC et ouvrez de nouvelles perspectives \u00e0 votre recherche scientifique.<\/p>\n<p>Notre poudre cristalline de 3-MMC provient de fabricants r\u00e9put\u00e9s et est soumise \u00e0 des mesures strictes de contr\u00f4le de la qualit\u00e9 afin de garantir une puret\u00e9 et une coh\u00e9rence in\u00e9gal\u00e9es. Avec chaque lot, les chercheurs peuvent \u00eatre s\u00fbrs de recevoir un produit de la plus haute qualit\u00e9, exempt d'impuret\u00e9s ou de contaminants.<\/p>\n<p>L'exploration des effets de la 3-MMC en laboratoire offre une occasion unique d'\u00e9lucider ses applications th\u00e9rapeutiques potentielles et ses m\u00e9canismes d'action. Qu'il s'agisse d'\u00e9tudier son impact sur les syst\u00e8mes de neurotransmetteurs ou d'explorer ses propri\u00e9t\u00e9s psychoactives, les chercheurs peuvent compter sur ChemsXpress pour leur fournir les outils essentiels \u00e0 leurs \u00e9tudes.<\/p>\n<p>En choisissant ChemsXpress, vous b\u00e9n\u00e9ficiez de notre engagement en mati\u00e8re de satisfaction de la client\u00e8le et d'excellence scientifique. Notre \u00e9quipe d'assistance \u00e0 la client\u00e8le est \u00e0 votre disposition pour vous aider tout au long du processus de commande, afin de vous garantir une exp\u00e9rience sans faille du d\u00e9but \u00e0 la fin.<\/p>\n<p>Faites l'exp\u00e9rience de la diff\u00e9rence avec <a href=\"https:\/\/chemsxpress.com\/fr\/\">ChemsXpress<\/a> et \u00e9levez votre recherche \u00e0 de nouveaux sommets gr\u00e2ce \u00e0 notre poudre cristalline de 3-MMC de premi\u00e8re qualit\u00e9. Commandez d\u00e8s maintenant et embarquez pour un voyage de d\u00e9couverte scientifique en toute confiance.<\/p>","protected":false},"excerpt":{"rendered":"<p>Acheter 3 mmc Crystalline Powder Acheter 3 mmc Crystalline Powder chez ChemsXpress, nous offrons une poudre cristalline de 3-MMC de qualit\u00e9 sup\u00e9rieure pour votre projet.<\/p>","protected":false},"featured_media":27960,"comment_status":"open","ping_status":"closed","template":"","meta":[],"product_brand":[],"product_cat":[74],"product_tag":[],"class_list":{"0":"post-27945","1":"product","2":"type-product","3":"status-publish","4":"has-post-thumbnail","6":"product_cat-research-chemicals","8":"first","9":"instock","10":"shipping-taxable","11":"purchasable","12":"product-type-variable"},"yoast_head":"<!-- This site is optimized with the Yoast SEO Premium plugin v24.1 (Yoast SEO v27.3) - https:\/\/yoast.com\/product\/yoast-seo-premium-wordpress\/ -->\n<title>Buy 3-MMC Crystalline Powder Online - ChemsXpress<\/title>\n<meta name=\"description\" content=\"Buy 3-MMC with our premium-grade Crystalline Powder. Trust ChemsXpress for purity, consistency, and unparalleled research support. Order now!\" \/>\n<meta name=\"robots\" content=\"index, follow, max-snippet:-1, max-image-preview:large, max-video-preview:-1\" \/>\n<link rel=\"canonical\" href=\"https:\/\/chemsxpress.com\/fr\/produit\/acheter-3-mmc-poudre-cristalline\/\" \/>\n<meta property=\"og:locale\" content=\"fr_FR\" \/>\n<meta property=\"og:type\" content=\"article\" \/>\n<meta property=\"og:title\" content=\"3 mmc Crystalline Powder\" \/>\n<meta property=\"og:description\" content=\"Buy 3-MMC with our premium-grade Crystalline Powder. Trust ChemsXpress for purity, consistency, and unparalleled research support. Order now!\" \/>\n<meta property=\"og:url\" content=\"https:\/\/chemsxpress.com\/fr\/produit\/acheter-3-mmc-poudre-cristalline\/\" \/>\n<meta property=\"og:site_name\" content=\"SHOP MDPHP\" \/>\n<meta property=\"article:modified_time\" content=\"2025-08-05T07:32:22+00:00\" \/>\n<meta property=\"og:image\" content=\"https:\/\/chemsxpress.com\/wp-content\/uploads\/2024\/04\/3-mmc-Crystalline-Powder1.jpg\" \/>\n\t<meta property=\"og:image:width\" content=\"1000\" \/>\n\t<meta property=\"og:image:height\" content=\"1000\" \/>\n\t<meta property=\"og:image:type\" content=\"image\/jpeg\" \/>\n<meta name=\"twitter:card\" content=\"summary_large_image\" \/>\n<meta name=\"twitter:label1\" content=\"Dur\u00e9e de lecture estim\u00e9e\" \/>\n\t<meta name=\"twitter:data1\" content=\"2 minutes\" \/>\n<script type=\"application\/ld+json\" class=\"yoast-schema-graph\">{\"@context\":\"https:\\\/\\\/schema.org\",\"@graph\":[{\"@type\":\"WebPage\",\"@id\":\"https:\\\/\\\/chemsxpress.com\\\/product\\\/buy-3-mmc-crystalline-powder\\\/\",\"url\":\"https:\\\/\\\/chemsxpress.com\\\/product\\\/buy-3-mmc-crystalline-powder\\\/\",\"name\":\"Buy 3-MMC Crystalline Powder Online - ChemsXpress\",\"isPartOf\":{\"@id\":\"https:\\\/\\\/chemsxpress.com\\\/#website\"},\"primaryImageOfPage\":{\"@id\":\"https:\\\/\\\/chemsxpress.com\\\/product\\\/buy-3-mmc-crystalline-powder\\\/#primaryimage\"},\"image\":{\"@id\":\"https:\\\/\\\/chemsxpress.com\\\/product\\\/buy-3-mmc-crystalline-powder\\\/#primaryimage\"},\"thumbnailUrl\":\"https:\\\/\\\/chemsxpress.com\\\/wp-content\\\/uploads\\\/2024\\\/04\\\/3-mmc-Crystalline-Powder1.jpg\",\"datePublished\":\"2024-04-29T13:13:20+00:00\",\"dateModified\":\"2025-08-05T07:32:22+00:00\",\"description\":\"Buy 3-MMC with our premium-grade Crystalline Powder. Trust ChemsXpress for purity, consistency, and unparalleled research support. Order now!\",\"breadcrumb\":{\"@id\":\"https:\\\/\\\/chemsxpress.com\\\/product\\\/buy-3-mmc-crystalline-powder\\\/#breadcrumb\"},\"inLanguage\":\"fr-FR\",\"potentialAction\":[{\"@type\":\"ReadAction\",\"target\":[\"https:\\\/\\\/chemsxpress.com\\\/product\\\/buy-3-mmc-crystalline-powder\\\/\"]}]},{\"@type\":\"ImageObject\",\"inLanguage\":\"fr-FR\",\"@id\":\"https:\\\/\\\/chemsxpress.com\\\/product\\\/buy-3-mmc-crystalline-powder\\\/#primaryimage\",\"url\":\"https:\\\/\\\/chemsxpress.com\\\/wp-content\\\/uploads\\\/2024\\\/04\\\/3-mmc-Crystalline-Powder1.jpg\",\"contentUrl\":\"https:\\\/\\\/chemsxpress.com\\\/wp-content\\\/uploads\\\/2024\\\/04\\\/3-mmc-Crystalline-Powder1.jpg\",\"width\":1000,\"height\":1000,\"caption\":\"Buy 3 mmc Crystalline Powder\"},{\"@type\":\"BreadcrumbList\",\"@id\":\"https:\\\/\\\/chemsxpress.com\\\/product\\\/buy-3-mmc-crystalline-powder\\\/#breadcrumb\",\"itemListElement\":[{\"@type\":\"ListItem\",\"position\":1,\"name\":\"Home\",\"item\":\"https:\\\/\\\/chemsxpress.com\\\/\"},{\"@type\":\"ListItem\",\"position\":2,\"name\":\"Shop\",\"item\":\"https:\\\/\\\/chemsxpress.com\\\/shop\\\/\"},{\"@type\":\"ListItem\",\"position\":3,\"name\":\"3 mmc Crystalline Powder\"}]},{\"@type\":\"WebSite\",\"@id\":\"https:\\\/\\\/chemsxpress.com\\\/#website\",\"url\":\"https:\\\/\\\/chemsxpress.com\\\/\",\"name\":\"SHOP MDPHP\",\"description\":\"Buy MDPHP freebase from reliable supplier\",\"potentialAction\":[{\"@type\":\"SearchAction\",\"target\":{\"@type\":\"EntryPoint\",\"urlTemplate\":\"https:\\\/\\\/chemsxpress.com\\\/?s={search_term_string}\"},\"query-input\":{\"@type\":\"PropertyValueSpecification\",\"valueRequired\":true,\"valueName\":\"search_term_string\"}}],\"inLanguage\":\"fr-FR\"}]}<\/script>\n<!-- \/ Yoast SEO Premium plugin. -->","yoast_head_json":{"title":"Acheter de la poudre cristalline 3-MMC en ligne - ChemsXpress","description":"Achetez du 3-MMC avec notre poudre cristalline de qualit\u00e9 sup\u00e9rieure. Faites confiance \u00e0 ChemsXpress pour sa puret\u00e9, sa coh\u00e9rence et son support de recherche in\u00e9gal\u00e9. Commandez maintenant !","robots":{"index":"index","follow":"follow","max-snippet":"max-snippet:-1","max-image-preview":"max-image-preview:large","max-video-preview":"max-video-preview:-1"},"canonical":"https:\/\/chemsxpress.com\/fr\/produit\/acheter-3-mmc-poudre-cristalline\/","og_locale":"fr_FR","og_type":"article","og_title":"3 mmc Crystalline Powder","og_description":"Buy 3-MMC with our premium-grade Crystalline Powder. Trust ChemsXpress for purity, consistency, and unparalleled research support. Order now!","og_url":"https:\/\/chemsxpress.com\/fr\/produit\/acheter-3-mmc-poudre-cristalline\/","og_site_name":"SHOP MDPHP","article_modified_time":"2025-08-05T07:32:22+00:00","og_image":[{"width":1000,"height":1000,"url":"https:\/\/chemsxpress.com\/wp-content\/uploads\/2024\/04\/3-mmc-Crystalline-Powder1.jpg","type":"image\/jpeg"}],"twitter_card":"summary_large_image","twitter_misc":{"Dur\u00e9e de lecture estim\u00e9e":"2 minutes"},"schema":{"@context":"https:\/\/schema.org","@graph":[{"@type":"WebPage","@id":"https:\/\/chemsxpress.com\/product\/buy-3-mmc-crystalline-powder\/","url":"https:\/\/chemsxpress.com\/product\/buy-3-mmc-crystalline-powder\/","name":"Acheter de la poudre cristalline 3-MMC en ligne - ChemsXpress","isPartOf":{"@id":"https:\/\/chemsxpress.com\/#website"},"primaryImageOfPage":{"@id":"https:\/\/chemsxpress.com\/product\/buy-3-mmc-crystalline-powder\/#primaryimage"},"image":{"@id":"https:\/\/chemsxpress.com\/product\/buy-3-mmc-crystalline-powder\/#primaryimage"},"thumbnailUrl":"https:\/\/chemsxpress.com\/wp-content\/uploads\/2024\/04\/3-mmc-Crystalline-Powder1.jpg","datePublished":"2024-04-29T13:13:20+00:00","dateModified":"2025-08-05T07:32:22+00:00","description":"Achetez du 3-MMC avec notre poudre cristalline de qualit\u00e9 sup\u00e9rieure. Faites confiance \u00e0 ChemsXpress pour sa puret\u00e9, sa coh\u00e9rence et son support de recherche in\u00e9gal\u00e9. Commandez maintenant !","breadcrumb":{"@id":"https:\/\/chemsxpress.com\/product\/buy-3-mmc-crystalline-powder\/#breadcrumb"},"inLanguage":"fr-FR","potentialAction":[{"@type":"ReadAction","target":["https:\/\/chemsxpress.com\/product\/buy-3-mmc-crystalline-powder\/"]}]},{"@type":"ImageObject","inLanguage":"fr-FR","@id":"https:\/\/chemsxpress.com\/product\/buy-3-mmc-crystalline-powder\/#primaryimage","url":"https:\/\/chemsxpress.com\/wp-content\/uploads\/2024\/04\/3-mmc-Crystalline-Powder1.jpg","contentUrl":"https:\/\/chemsxpress.com\/wp-content\/uploads\/2024\/04\/3-mmc-Crystalline-Powder1.jpg","width":1000,"height":1000,"caption":"Buy 3 mmc Crystalline Powder"},{"@type":"BreadcrumbList","@id":"https:\/\/chemsxpress.com\/product\/buy-3-mmc-crystalline-powder\/#breadcrumb","itemListElement":[{"@type":"ListItem","position":1,"name":"Home","item":"https:\/\/chemsxpress.com\/"},{"@type":"ListItem","position":2,"name":"Shop","item":"https:\/\/chemsxpress.com\/shop\/"},{"@type":"ListItem","position":3,"name":"3 mmc Crystalline Powder"}]},{"@type":"WebSite","@id":"https:\/\/chemsxpress.com\/#website","url":"https:\/\/chemsxpress.com\/","name":"SHOP MDPHP","description":"Acheter MDPHP freebase aupr\u00e8s d'un fournisseur fiable","potentialAction":[{"@type":"SearchAction","target":{"@type":"EntryPoint","urlTemplate":"https:\/\/chemsxpress.com\/?s={search_term_string}"},"query-input":{"@type":"PropertyValueSpecification","valueRequired":true,"valueName":"search_term_string"}}],"inLanguage":"fr-FR"}]}},"jetpack_sharing_enabled":true,"_links":{"self":[{"href":"https:\/\/chemsxpress.com\/fr\/wp-json\/wp\/v2\/product\/27945","targetHints":{"allow":["GET"]}}],"collection":[{"href":"https:\/\/chemsxpress.com\/fr\/wp-json\/wp\/v2\/product"}],"about":[{"href":"https:\/\/chemsxpress.com\/fr\/wp-json\/wp\/v2\/types\/product"}],"replies":[{"embeddable":true,"href":"https:\/\/chemsxpress.com\/fr\/wp-json\/wp\/v2\/comments?post=27945"}],"version-history":[{"count":4,"href":"https:\/\/chemsxpress.com\/fr\/wp-json\/wp\/v2\/product\/27945\/revisions"}],"predecessor-version":[{"id":30093,"href":"https:\/\/chemsxpress.com\/fr\/wp-json\/wp\/v2\/product\/27945\/revisions\/30093"}],"wp:featuredmedia":[{"embeddable":true,"href":"https:\/\/chemsxpress.com\/fr\/wp-json\/wp\/v2\/media\/27960"}],"wp:attachment":[{"href":"https:\/\/chemsxpress.com\/fr\/wp-json\/wp\/v2\/media?parent=27945"}],"wp:term":[{"taxonomy":"product_brand","embeddable":true,"href":"https:\/\/chemsxpress.com\/fr\/wp-json\/wp\/v2\/product_brand?post=27945"},{"taxonomy":"product_cat","embeddable":true,"href":"https:\/\/chemsxpress.com\/fr\/wp-json\/wp\/v2\/product_cat?post=27945"},{"taxonomy":"product_tag","embeddable":true,"href":"https:\/\/chemsxpress.com\/fr\/wp-json\/wp\/v2\/product_tag?post=27945"}],"curies":[{"name":"wp","href":"https:\/\/api.w.org\/{rel}","templated":true}]}}