{"id":27969,"date":"2024-04-29T13:13:38","date_gmt":"2024-04-29T13:13:38","guid":{"rendered":"https:\/\/chemsxpress.com\/?post_type=product&#038;p=27969"},"modified":"2025-12-24T00:49:02","modified_gmt":"2025-12-24T00:49:02","slug":"acheter-la-poudre-alpha-php-en-ligne","status":"publish","type":"product","link":"https:\/\/chemsxpress.com\/fr\/produit\/acheter-la-poudre-alpha-php-en-ligne\/","title":{"rendered":"Poudre Alpha PHP"},"content":{"rendered":"<h1>Acheter Alpha PHP Powder<\/h1>\n<h4><strong>Bienvenue \u00e0 ChemsXpress : Votre source de confiance pour la poudre Alpha-PHP<\/strong><\/h4>\n<p>Acheter la poudre Alpha PHP. Vous \u00eates \u00e0 la recherche d'une poudre Alpha-PHP de haute qualit\u00e9 ? Ne cherchez pas plus loin que ChemsXpress ! Nous sommes votre fournisseur fiable de poudre Alpha-PHP de premi\u00e8re qualit\u00e9. <a href=\"https:\/\/chemsxpress.com\/fr\/categorie-produit\/produits-chimiques-de-recherche\/\">produits chimiques de recherche<\/a>y compris la poudre d'Alpha-PHP. Gr\u00e2ce \u00e0 notre engagement en mati\u00e8re de qualit\u00e9, de s\u00e9curit\u00e9 et de satisfaction de la client\u00e8le, vous pouvez nous faire confiance pour tous vos besoins en mati\u00e8re de recherche.<\/p>\n<p><strong>Pourquoi choisir ChemsXpress pour la poudre d'alpha-PHP ?<\/strong><\/p>\n<ol>\n<li><strong>Qualit\u00e9 sup\u00e9rieure :<\/strong> Chez ChemsXpress, la qualit\u00e9 est notre priorit\u00e9 absolue. Notre poudre d'Alpha-PHP provient de fabricants r\u00e9put\u00e9s et subit des tests rigoureux pour garantir sa puret\u00e9 et sa coh\u00e9rence. Vous pouvez faire confiance \u00e0 notre produit pour obtenir des r\u00e9sultats fiables dans le cadre de vos recherches.<\/li>\n<li><strong>Large \u00e9ventail d'applications :<\/strong> L'alpha-PHP, \u00e9galement connue sous le nom d'\u03b1-Pyrrolidinohexanoph\u00e9none, est un compos\u00e9 stimulant synth\u00e9tique qui appartient \u00e0 la classe des cathinones. Il a des applications potentielles en mati\u00e8re de recherche dans divers domaines, notamment la chimie, la pharmacologie et les neurosciences. Explorez ses propri\u00e9t\u00e9s et ses effets en toute confiance en utilisant notre poudre Alpha-PHP de qualit\u00e9 sup\u00e9rieure.<\/li>\n<li><strong>Commandes pratiques :<\/strong> La commande de poudre Alpha-PHP aupr\u00e8s de ChemsXpress est rapide, facile et s\u00e9curis\u00e9e. Il vous suffit de parcourir notre boutique en ligne, de s\u00e9lectionner la quantit\u00e9 dont vous avez besoin et de passer \u00e0 la caisse. Nous offrons un emballage discret et une exp\u00e9dition rapide pour garantir une exp\u00e9rience sans tracas pour nos clients.<\/li>\n<li><strong>Support client d\u00e9di\u00e9 :<\/strong> Vous avez des questions ou besoin d'aide ? Notre sympathique \u00e9quipe d'assistance \u00e0 la client\u00e8le est l\u00e0 pour vous aider. Nous nous engageons \u00e0 fournir une assistance rapide et utile afin de garantir une exp\u00e9rience positive \u00e0 nos clients.<\/li>\n<\/ol>\n<p><strong>Commander Alpha-PHP Powder en ligne aujourd'hui<\/strong><\/p>\n<p>Am\u00e9liorez votre recherche avec la poudre Alpha-PHP de qualit\u00e9 sup\u00e9rieure de <a href=\"https:\/\/chemsxpress.com\/fr\/\">ChemsXpress<\/a>. Passez votre commande aujourd'hui et d\u00e9couvrez la diff\u00e9rence de qualit\u00e9 et de service. Nous nous r\u00e9jouissons de vous servir !<\/p>","protected":false},"excerpt":{"rendered":"<p>Acheter Alpha PHP Powder Bienvenue \u00e0 ChemsXpress : Votre source de confiance pour Alpha-PHP Powder Acheter Alpha PHP Powder. Vous cherchez<\/p>","protected":false},"featured_media":27994,"comment_status":"open","ping_status":"closed","template":"","meta":[],"product_brand":[],"product_cat":[74],"product_tag":[],"class_list":{"0":"post-27969","1":"product","2":"type-product","3":"status-publish","4":"has-post-thumbnail","6":"product_cat-research-chemicals","8":"first","9":"instock","10":"shipping-taxable","11":"purchasable","12":"product-type-variable"},"yoast_head":"<!-- This site is optimized with the Yoast SEO Premium plugin v24.1 (Yoast SEO v27.3) - https:\/\/yoast.com\/product\/yoast-seo-premium-wordpress\/ -->\n<title>Buy Alpha-PHP Powder Online |Quality RC&#039;s ChemsXpress<\/title>\n<meta name=\"description\" content=\"Buy Alpha-PHP Powder Online at ChemsXpress. Explore the wide range of applications of this synthetic stimulants high-quality product. Discreet shipping!\" \/>\n<meta name=\"robots\" content=\"index, follow, max-snippet:-1, max-image-preview:large, max-video-preview:-1\" \/>\n<link rel=\"canonical\" href=\"https:\/\/chemsxpress.com\/fr\/produit\/acheter-la-poudre-alpha-php-en-ligne\/\" \/>\n<meta property=\"og:locale\" content=\"fr_FR\" \/>\n<meta property=\"og:type\" content=\"article\" \/>\n<meta property=\"og:title\" content=\"Alpha PHP Powder\" \/>\n<meta property=\"og:description\" content=\"Buy Alpha-PHP Powder Online at ChemsXpress. Explore the wide range of applications of this synthetic stimulants high-quality product. Discreet shipping!\" \/>\n<meta property=\"og:url\" content=\"https:\/\/chemsxpress.com\/fr\/produit\/acheter-la-poudre-alpha-php-en-ligne\/\" \/>\n<meta property=\"og:site_name\" content=\"SHOP MDPHP\" \/>\n<meta property=\"article:modified_time\" content=\"2025-12-24T00:49:02+00:00\" \/>\n<meta property=\"og:image\" content=\"https:\/\/chemsxpress.com\/wp-content\/uploads\/2024\/04\/alpha-php.jpg\" \/>\n\t<meta property=\"og:image:width\" content=\"1000\" \/>\n\t<meta property=\"og:image:height\" content=\"1000\" \/>\n\t<meta property=\"og:image:type\" content=\"image\/jpeg\" \/>\n<meta name=\"twitter:card\" content=\"summary_large_image\" \/>\n<meta name=\"twitter:label1\" content=\"Dur\u00e9e de lecture estim\u00e9e\" \/>\n\t<meta name=\"twitter:data1\" content=\"2 minutes\" \/>\n<script type=\"application\/ld+json\" class=\"yoast-schema-graph\">{\"@context\":\"https:\\\/\\\/schema.org\",\"@graph\":[{\"@type\":\"WebPage\",\"@id\":\"https:\\\/\\\/chemsxpress.com\\\/product\\\/buy-alpha-php-powder-online\\\/\",\"url\":\"https:\\\/\\\/chemsxpress.com\\\/product\\\/buy-alpha-php-powder-online\\\/\",\"name\":\"Buy Alpha-PHP Powder Online |Quality RC's ChemsXpress\",\"isPartOf\":{\"@id\":\"https:\\\/\\\/chemsxpress.com\\\/#website\"},\"primaryImageOfPage\":{\"@id\":\"https:\\\/\\\/chemsxpress.com\\\/product\\\/buy-alpha-php-powder-online\\\/#primaryimage\"},\"image\":{\"@id\":\"https:\\\/\\\/chemsxpress.com\\\/product\\\/buy-alpha-php-powder-online\\\/#primaryimage\"},\"thumbnailUrl\":\"https:\\\/\\\/chemsxpress.com\\\/wp-content\\\/uploads\\\/2024\\\/04\\\/alpha-php.jpg\",\"datePublished\":\"2024-04-29T13:13:38+00:00\",\"dateModified\":\"2025-12-24T00:49:02+00:00\",\"description\":\"Buy Alpha-PHP Powder Online at ChemsXpress. Explore the wide range of applications of this synthetic stimulants high-quality product. Discreet shipping!\",\"breadcrumb\":{\"@id\":\"https:\\\/\\\/chemsxpress.com\\\/product\\\/buy-alpha-php-powder-online\\\/#breadcrumb\"},\"inLanguage\":\"fr-FR\",\"potentialAction\":[{\"@type\":\"ReadAction\",\"target\":[\"https:\\\/\\\/chemsxpress.com\\\/product\\\/buy-alpha-php-powder-online\\\/\"]}]},{\"@type\":\"ImageObject\",\"inLanguage\":\"fr-FR\",\"@id\":\"https:\\\/\\\/chemsxpress.com\\\/product\\\/buy-alpha-php-powder-online\\\/#primaryimage\",\"url\":\"https:\\\/\\\/chemsxpress.com\\\/wp-content\\\/uploads\\\/2024\\\/04\\\/alpha-php.jpg\",\"contentUrl\":\"https:\\\/\\\/chemsxpress.com\\\/wp-content\\\/uploads\\\/2024\\\/04\\\/alpha-php.jpg\",\"width\":1000,\"height\":1000,\"caption\":\"Buy Alpha PHP Powder\"},{\"@type\":\"BreadcrumbList\",\"@id\":\"https:\\\/\\\/chemsxpress.com\\\/product\\\/buy-alpha-php-powder-online\\\/#breadcrumb\",\"itemListElement\":[{\"@type\":\"ListItem\",\"position\":1,\"name\":\"Home\",\"item\":\"https:\\\/\\\/chemsxpress.com\\\/\"},{\"@type\":\"ListItem\",\"position\":2,\"name\":\"Shop\",\"item\":\"https:\\\/\\\/chemsxpress.com\\\/shop\\\/\"},{\"@type\":\"ListItem\",\"position\":3,\"name\":\"Alpha PHP Powder\"}]},{\"@type\":\"WebSite\",\"@id\":\"https:\\\/\\\/chemsxpress.com\\\/#website\",\"url\":\"https:\\\/\\\/chemsxpress.com\\\/\",\"name\":\"SHOP MDPHP\",\"description\":\"Buy MDPHP freebase from reliable supplier\",\"potentialAction\":[{\"@type\":\"SearchAction\",\"target\":{\"@type\":\"EntryPoint\",\"urlTemplate\":\"https:\\\/\\\/chemsxpress.com\\\/?s={search_term_string}\"},\"query-input\":{\"@type\":\"PropertyValueSpecification\",\"valueRequired\":true,\"valueName\":\"search_term_string\"}}],\"inLanguage\":\"fr-FR\"}]}<\/script>\n<!-- \/ Yoast SEO Premium plugin. -->","yoast_head_json":{"title":"Achetez de la poudre Alpha-PHP en ligne | ChemsXpress de qualit\u00e9 RC","description":"Achetez de la poudre Alpha-PHP en ligne sur ChemsXpress. Explorez le large \u00e9ventail d'applications de ce produit stimulant synth\u00e9tique de haute qualit\u00e9. Exp\u00e9dition discr\u00e8te !","robots":{"index":"index","follow":"follow","max-snippet":"max-snippet:-1","max-image-preview":"max-image-preview:large","max-video-preview":"max-video-preview:-1"},"canonical":"https:\/\/chemsxpress.com\/fr\/produit\/acheter-la-poudre-alpha-php-en-ligne\/","og_locale":"fr_FR","og_type":"article","og_title":"Alpha PHP Powder","og_description":"Buy Alpha-PHP Powder Online at ChemsXpress. Explore the wide range of applications of this synthetic stimulants high-quality product. Discreet shipping!","og_url":"https:\/\/chemsxpress.com\/fr\/produit\/acheter-la-poudre-alpha-php-en-ligne\/","og_site_name":"SHOP MDPHP","article_modified_time":"2025-12-24T00:49:02+00:00","og_image":[{"width":1000,"height":1000,"url":"https:\/\/chemsxpress.com\/wp-content\/uploads\/2024\/04\/alpha-php.jpg","type":"image\/jpeg"}],"twitter_card":"summary_large_image","twitter_misc":{"Dur\u00e9e de lecture estim\u00e9e":"2 minutes"},"schema":{"@context":"https:\/\/schema.org","@graph":[{"@type":"WebPage","@id":"https:\/\/chemsxpress.com\/product\/buy-alpha-php-powder-online\/","url":"https:\/\/chemsxpress.com\/product\/buy-alpha-php-powder-online\/","name":"Achetez de la poudre Alpha-PHP en ligne | ChemsXpress de qualit\u00e9 RC","isPartOf":{"@id":"https:\/\/chemsxpress.com\/#website"},"primaryImageOfPage":{"@id":"https:\/\/chemsxpress.com\/product\/buy-alpha-php-powder-online\/#primaryimage"},"image":{"@id":"https:\/\/chemsxpress.com\/product\/buy-alpha-php-powder-online\/#primaryimage"},"thumbnailUrl":"https:\/\/chemsxpress.com\/wp-content\/uploads\/2024\/04\/alpha-php.jpg","datePublished":"2024-04-29T13:13:38+00:00","dateModified":"2025-12-24T00:49:02+00:00","description":"Achetez de la poudre Alpha-PHP en ligne sur ChemsXpress. Explorez le large \u00e9ventail d'applications de ce produit stimulant synth\u00e9tique de haute qualit\u00e9. Exp\u00e9dition discr\u00e8te !","breadcrumb":{"@id":"https:\/\/chemsxpress.com\/product\/buy-alpha-php-powder-online\/#breadcrumb"},"inLanguage":"fr-FR","potentialAction":[{"@type":"ReadAction","target":["https:\/\/chemsxpress.com\/product\/buy-alpha-php-powder-online\/"]}]},{"@type":"ImageObject","inLanguage":"fr-FR","@id":"https:\/\/chemsxpress.com\/product\/buy-alpha-php-powder-online\/#primaryimage","url":"https:\/\/chemsxpress.com\/wp-content\/uploads\/2024\/04\/alpha-php.jpg","contentUrl":"https:\/\/chemsxpress.com\/wp-content\/uploads\/2024\/04\/alpha-php.jpg","width":1000,"height":1000,"caption":"Buy Alpha PHP Powder"},{"@type":"BreadcrumbList","@id":"https:\/\/chemsxpress.com\/product\/buy-alpha-php-powder-online\/#breadcrumb","itemListElement":[{"@type":"ListItem","position":1,"name":"Home","item":"https:\/\/chemsxpress.com\/"},{"@type":"ListItem","position":2,"name":"Shop","item":"https:\/\/chemsxpress.com\/shop\/"},{"@type":"ListItem","position":3,"name":"Alpha PHP Powder"}]},{"@type":"WebSite","@id":"https:\/\/chemsxpress.com\/#website","url":"https:\/\/chemsxpress.com\/","name":"SHOP MDPHP","description":"Acheter MDPHP freebase aupr\u00e8s d'un fournisseur fiable","potentialAction":[{"@type":"SearchAction","target":{"@type":"EntryPoint","urlTemplate":"https:\/\/chemsxpress.com\/?s={search_term_string}"},"query-input":{"@type":"PropertyValueSpecification","valueRequired":true,"valueName":"search_term_string"}}],"inLanguage":"fr-FR"}]}},"jetpack_sharing_enabled":true,"_links":{"self":[{"href":"https:\/\/chemsxpress.com\/fr\/wp-json\/wp\/v2\/product\/27969","targetHints":{"allow":["GET"]}}],"collection":[{"href":"https:\/\/chemsxpress.com\/fr\/wp-json\/wp\/v2\/product"}],"about":[{"href":"https:\/\/chemsxpress.com\/fr\/wp-json\/wp\/v2\/types\/product"}],"replies":[{"embeddable":true,"href":"https:\/\/chemsxpress.com\/fr\/wp-json\/wp\/v2\/comments?post=27969"}],"version-history":[{"count":4,"href":"https:\/\/chemsxpress.com\/fr\/wp-json\/wp\/v2\/product\/27969\/revisions"}],"predecessor-version":[{"id":30092,"href":"https:\/\/chemsxpress.com\/fr\/wp-json\/wp\/v2\/product\/27969\/revisions\/30092"}],"wp:featuredmedia":[{"embeddable":true,"href":"https:\/\/chemsxpress.com\/fr\/wp-json\/wp\/v2\/media\/27994"}],"wp:attachment":[{"href":"https:\/\/chemsxpress.com\/fr\/wp-json\/wp\/v2\/media?parent=27969"}],"wp:term":[{"taxonomy":"product_brand","embeddable":true,"href":"https:\/\/chemsxpress.com\/fr\/wp-json\/wp\/v2\/product_brand?post=27969"},{"taxonomy":"product_cat","embeddable":true,"href":"https:\/\/chemsxpress.com\/fr\/wp-json\/wp\/v2\/product_cat?post=27969"},{"taxonomy":"product_tag","embeddable":true,"href":"https:\/\/chemsxpress.com\/fr\/wp-json\/wp\/v2\/product_tag?post=27969"}],"curies":[{"name":"wp","href":"https:\/\/api.w.org\/{rel}","templated":true}]}}