{"id":27975,"date":"2024-04-29T13:13:38","date_gmt":"2024-04-29T13:13:38","guid":{"rendered":"https:\/\/chemsxpress.com\/?post_type=product&#038;p=27975"},"modified":"2025-04-30T10:37:51","modified_gmt":"2025-04-30T10:37:51","slug":"acheter-4f-adb-en-ligne","status":"publish","type":"product","link":"https:\/\/chemsxpress.com\/fr\/produit\/acheter-4f-adb-en-ligne\/","title":{"rendered":"4F ADB"},"content":{"rendered":"<h1>Acheter 4F-ADB en ligne<\/h1>\n<p>Acheter 4F ADB en ligne. Vous cherchez un moyen \u00e9conomique d'acheter 4F-ADB (<span class=\"___SText_17rlk-ko_\" data-ui-name=\"Link.Text\">4fadb<\/span>) en ligne ? Rxchemlab est le meilleur site pour acheter du 4F-ADB sans aucun probl\u00e8me et \u00e0 un prix raisonnable. En tant que distributeur et fournisseur r\u00e9put\u00e9 de poudre de 4F-ADB, nous servons des clients de presque tous les pays.<\/p>\n<h3>Qu'est-ce que le 4F-ADB ?<\/h3>\n<p>Le 4F-ADB est un cannabino\u00efde synth\u00e9tique \u00e0 base d'indazole utilis\u00e9 comme ingr\u00e9dient actif dans les produits synth\u00e9tiques \u00e0 base de cannabis. Il appartient \u00e0 la famille des indazoles 3 carboxamides. <span class=\"___SText_17rlk-ko_\" style=\"color: #ffffff;\" data-ui-name=\"Link.Text\">4fadb<\/span><\/p>\n<h3>Quelles sont les utilisations du m\u00e9dicament 4F-ADB ?<\/h3>\n<p>Le 4F-ADB est un r\u00e9actif de recherche largement utilis\u00e9 par les scientifiques. Assurez-vous que votre espace de travail est correctement ventil\u00e9 et \u00e9quip\u00e9 pour manipuler le 4F-ADB. <a href=\"https:\/\/chemsxpress.com\/fr\/categorie-produit\/produits-chimiques-de-recherche\/\">produits chimiques de recherche<\/a>.<\/p>\n<h3>Quels sont les effets secondaires du 4F-ADB ?<\/h3>\n<p>Les effets secondaires de la poudre de 4F-ADB sont les suivants :<\/p>\n<ul>\n<li>Maux de t\u00eate<\/li>\n<li>Vertiges<\/li>\n<li>Vomissements<\/li>\n<li>Alt\u00e9ration de la conscience<\/li>\n<\/ul>\n<h3>Pourquoi acheter le 4F-ADB en ligne aupr\u00e8s de ChemsXpress ?<\/h3>\n<p>Nous offrons le meilleur 4F-ADB en ligne au meilleur prix. Nos articles sont d'excellente qualit\u00e9 et vous pouvez les utiliser en toute s\u00e9curit\u00e9 et efficacement. Nous sommes toujours disponibles pour vous aider. Vous pouvez nous contacter \u00e0 n'importe quelle heure du jour ou de la nuit. <span class=\"___SText_17rlk-ko_\" style=\"color: #ffffff;\" data-ui-name=\"Link.Text\">4fadb<\/span><\/p>\n<p>Pour am\u00e9liorer nos ventes en ligne, nous collaborons avec nos laboratoires officiels et les membres de notre \u00e9quipe. Vous n'aurez plus \u00e0 faire la queue, car nous accordons de l'importance \u00e0 chaque commande, qu'elle soit petite ou grande. Nous tenons \u00e0 vous assurer que nos services d'exp\u00e9dition sont totalement confidentiels et que votre produit arrivera \u00e0 bon port. Nous avons \u00e9galement d'autres\u00a0<a href=\"https:\/\/chemsxpress.com\/fr\/\">produits<\/a>\u00a0que vous pouvez consulter.\u00a0<a href=\"https:\/\/chemsxpress.com\/fr\/\">Contactez nous<\/a>\u00a0pour plus d'informations.<\/p>","protected":false},"excerpt":{"rendered":"<p>Acheter 4F-ADB en ligne Acheter 4F ADB en ligne. Vous cherchez un moyen \u00e9conomique d'acheter du 4F-ADB (4fadb) en ligne ? Alors Rxchemlab<\/p>","protected":false},"featured_media":27996,"comment_status":"open","ping_status":"closed","template":"","meta":[],"product_brand":[],"product_cat":[74],"product_tag":[],"class_list":{"0":"post-27975","1":"product","2":"type-product","3":"status-publish","4":"has-post-thumbnail","6":"product_cat-research-chemicals","8":"first","9":"instock","10":"shipping-taxable","11":"purchasable","12":"product-type-variable"},"yoast_head":"<!-- This site is optimized with the Yoast SEO Premium plugin v24.1 (Yoast SEO v27.3) - https:\/\/yoast.com\/product\/yoast-seo-premium-wordpress\/ -->\n<title>Buy 4F ADB online Premium Quality RC&#039;s | ChemsXpress<\/title>\n<meta name=\"description\" content=\"Buy 4F ADB online at chemsXpress Premium research chemicals, fast shipping. Trust our quality assurance for all your research needs. Order now\" \/>\n<meta name=\"robots\" content=\"index, follow, max-snippet:-1, max-image-preview:large, max-video-preview:-1\" \/>\n<link rel=\"canonical\" href=\"https:\/\/chemsxpress.com\/fr\/produit\/acheter-4f-adb-en-ligne\/\" \/>\n<meta property=\"og:locale\" content=\"fr_FR\" \/>\n<meta property=\"og:type\" content=\"article\" \/>\n<meta property=\"og:title\" content=\"4F ADB\" \/>\n<meta property=\"og:description\" content=\"Buy 4F ADB online at chemsXpress Premium research chemicals, fast shipping. Trust our quality assurance for all your research needs. Order now\" \/>\n<meta property=\"og:url\" content=\"https:\/\/chemsxpress.com\/fr\/produit\/acheter-4f-adb-en-ligne\/\" \/>\n<meta property=\"og:site_name\" content=\"SHOP MDPHP\" \/>\n<meta property=\"article:modified_time\" content=\"2025-04-30T10:37:51+00:00\" \/>\n<meta property=\"og:image\" content=\"https:\/\/chemsxpress.com\/wp-content\/uploads\/2024\/04\/4F-ADB.jpg\" \/>\n\t<meta property=\"og:image:width\" content=\"1000\" \/>\n\t<meta property=\"og:image:height\" content=\"1000\" \/>\n\t<meta property=\"og:image:type\" content=\"image\/jpeg\" \/>\n<meta name=\"twitter:card\" content=\"summary_large_image\" \/>\n<meta name=\"twitter:label1\" content=\"Dur\u00e9e de lecture estim\u00e9e\" \/>\n\t<meta name=\"twitter:data1\" content=\"2 minutes\" \/>\n<script type=\"application\/ld+json\" class=\"yoast-schema-graph\">{\"@context\":\"https:\\\/\\\/schema.org\",\"@graph\":[{\"@type\":\"WebPage\",\"@id\":\"https:\\\/\\\/chemsxpress.com\\\/product\\\/buy-4f-adb-online\\\/\",\"url\":\"https:\\\/\\\/chemsxpress.com\\\/product\\\/buy-4f-adb-online\\\/\",\"name\":\"Buy 4F ADB online Premium Quality RC's | ChemsXpress\",\"isPartOf\":{\"@id\":\"https:\\\/\\\/chemsxpress.com\\\/#website\"},\"primaryImageOfPage\":{\"@id\":\"https:\\\/\\\/chemsxpress.com\\\/product\\\/buy-4f-adb-online\\\/#primaryimage\"},\"image\":{\"@id\":\"https:\\\/\\\/chemsxpress.com\\\/product\\\/buy-4f-adb-online\\\/#primaryimage\"},\"thumbnailUrl\":\"https:\\\/\\\/chemsxpress.com\\\/wp-content\\\/uploads\\\/2024\\\/04\\\/4F-ADB.jpg\",\"datePublished\":\"2024-04-29T13:13:38+00:00\",\"dateModified\":\"2025-04-30T10:37:51+00:00\",\"description\":\"Buy 4F ADB online at chemsXpress Premium research chemicals, fast shipping. Trust our quality assurance for all your research needs. Order now\",\"breadcrumb\":{\"@id\":\"https:\\\/\\\/chemsxpress.com\\\/product\\\/buy-4f-adb-online\\\/#breadcrumb\"},\"inLanguage\":\"fr-FR\",\"potentialAction\":[{\"@type\":\"ReadAction\",\"target\":[\"https:\\\/\\\/chemsxpress.com\\\/product\\\/buy-4f-adb-online\\\/\"]}]},{\"@type\":\"ImageObject\",\"inLanguage\":\"fr-FR\",\"@id\":\"https:\\\/\\\/chemsxpress.com\\\/product\\\/buy-4f-adb-online\\\/#primaryimage\",\"url\":\"https:\\\/\\\/chemsxpress.com\\\/wp-content\\\/uploads\\\/2024\\\/04\\\/4F-ADB.jpg\",\"contentUrl\":\"https:\\\/\\\/chemsxpress.com\\\/wp-content\\\/uploads\\\/2024\\\/04\\\/4F-ADB.jpg\",\"width\":1000,\"height\":1000,\"caption\":\"Buy 4F ADB online\"},{\"@type\":\"BreadcrumbList\",\"@id\":\"https:\\\/\\\/chemsxpress.com\\\/product\\\/buy-4f-adb-online\\\/#breadcrumb\",\"itemListElement\":[{\"@type\":\"ListItem\",\"position\":1,\"name\":\"Home\",\"item\":\"https:\\\/\\\/chemsxpress.com\\\/\"},{\"@type\":\"ListItem\",\"position\":2,\"name\":\"Shop\",\"item\":\"https:\\\/\\\/chemsxpress.com\\\/shop\\\/\"},{\"@type\":\"ListItem\",\"position\":3,\"name\":\"4F ADB\"}]},{\"@type\":\"WebSite\",\"@id\":\"https:\\\/\\\/chemsxpress.com\\\/#website\",\"url\":\"https:\\\/\\\/chemsxpress.com\\\/\",\"name\":\"SHOP MDPHP\",\"description\":\"Buy MDPHP freebase from reliable supplier\",\"potentialAction\":[{\"@type\":\"SearchAction\",\"target\":{\"@type\":\"EntryPoint\",\"urlTemplate\":\"https:\\\/\\\/chemsxpress.com\\\/?s={search_term_string}\"},\"query-input\":{\"@type\":\"PropertyValueSpecification\",\"valueRequired\":true,\"valueName\":\"search_term_string\"}}],\"inLanguage\":\"fr-FR\"}]}<\/script>\n<!-- \/ Yoast SEO Premium plugin. -->","yoast_head_json":{"title":"Achetez 7-ADD en ligne par ChemsXpress. Avec qualit\u00e9, tests complets, assemblage discret et service efficace, affidati \u00e0 nos jours comme fonte affidabile di RC","description":"Achetez des pastilles de 2C-C en ligne sur ChemsXpress. Produits chimiques de recherche de premi\u00e8re qualit\u00e9, livraison rapide. Faites confiance \u00e0 notre assurance qualit\u00e9 pour tous vos besoins de recherche. Commandez maintenant","robots":{"index":"index","follow":"follow","max-snippet":"max-snippet:-1","max-image-preview":"max-image-preview:large","max-video-preview":"max-video-preview:-1"},"canonical":"https:\/\/chemsxpress.com\/fr\/produit\/acheter-4f-adb-en-ligne\/","og_locale":"fr_FR","og_type":"article","og_title":"4F ADB","og_description":"Buy 4F ADB online at chemsXpress Premium research chemicals, fast shipping. Trust our quality assurance for all your research needs. Order now","og_url":"https:\/\/chemsxpress.com\/fr\/produit\/acheter-4f-adb-en-ligne\/","og_site_name":"SHOP MDPHP","article_modified_time":"2025-04-30T10:37:51+00:00","og_image":[{"width":1000,"height":1000,"url":"https:\/\/chemsxpress.com\/wp-content\/uploads\/2024\/04\/4F-ADB.jpg","type":"image\/jpeg"}],"twitter_card":"summary_large_image","twitter_misc":{"Dur\u00e9e de lecture estim\u00e9e":"2 minutes"},"schema":{"@context":"https:\/\/schema.org","@graph":[{"@type":"WebPage","@id":"https:\/\/chemsxpress.com\/product\/buy-4f-adb-online\/","url":"https:\/\/chemsxpress.com\/product\/buy-4f-adb-online\/","name":"Achetez 7-ADD en ligne par ChemsXpress. Avec qualit\u00e9, tests complets, assemblage discret et service efficace, affidati \u00e0 nos jours comme fonte affidabile di RC","isPartOf":{"@id":"https:\/\/chemsxpress.com\/#website"},"primaryImageOfPage":{"@id":"https:\/\/chemsxpress.com\/product\/buy-4f-adb-online\/#primaryimage"},"image":{"@id":"https:\/\/chemsxpress.com\/product\/buy-4f-adb-online\/#primaryimage"},"thumbnailUrl":"https:\/\/chemsxpress.com\/wp-content\/uploads\/2024\/04\/4F-ADB.jpg","datePublished":"2024-04-29T13:13:38+00:00","dateModified":"2025-04-30T10:37:51+00:00","description":"Achetez des pastilles de 2C-C en ligne sur ChemsXpress. Produits chimiques de recherche de premi\u00e8re qualit\u00e9, livraison rapide. Faites confiance \u00e0 notre assurance qualit\u00e9 pour tous vos besoins de recherche. Commandez maintenant","breadcrumb":{"@id":"https:\/\/chemsxpress.com\/product\/buy-4f-adb-online\/#breadcrumb"},"inLanguage":"fr-FR","potentialAction":[{"@type":"ReadAction","target":["https:\/\/chemsxpress.com\/product\/buy-4f-adb-online\/"]}]},{"@type":"ImageObject","inLanguage":"fr-FR","@id":"https:\/\/chemsxpress.com\/product\/buy-4f-adb-online\/#primaryimage","url":"https:\/\/chemsxpress.com\/wp-content\/uploads\/2024\/04\/4F-ADB.jpg","contentUrl":"https:\/\/chemsxpress.com\/wp-content\/uploads\/2024\/04\/4F-ADB.jpg","width":1000,"height":1000,"caption":"Buy 4F ADB online"},{"@type":"BreadcrumbList","@id":"https:\/\/chemsxpress.com\/product\/buy-4f-adb-online\/#breadcrumb","itemListElement":[{"@type":"ListItem","position":1,"name":"Home","item":"https:\/\/chemsxpress.com\/"},{"@type":"ListItem","position":2,"name":"Shop","item":"https:\/\/chemsxpress.com\/shop\/"},{"@type":"ListItem","position":3,"name":"4F ADB"}]},{"@type":"WebSite","@id":"https:\/\/chemsxpress.com\/#website","url":"https:\/\/chemsxpress.com\/","name":"SHOP MDPHP","description":"Acheter MDPHP freebase aupr\u00e8s d'un fournisseur fiable","potentialAction":[{"@type":"SearchAction","target":{"@type":"EntryPoint","urlTemplate":"https:\/\/chemsxpress.com\/?s={search_term_string}"},"query-input":{"@type":"PropertyValueSpecification","valueRequired":true,"valueName":"search_term_string"}}],"inLanguage":"fr-FR"}]}},"jetpack_sharing_enabled":true,"_links":{"self":[{"href":"https:\/\/chemsxpress.com\/fr\/wp-json\/wp\/v2\/product\/27975","targetHints":{"allow":["GET"]}}],"collection":[{"href":"https:\/\/chemsxpress.com\/fr\/wp-json\/wp\/v2\/product"}],"about":[{"href":"https:\/\/chemsxpress.com\/fr\/wp-json\/wp\/v2\/types\/product"}],"replies":[{"embeddable":true,"href":"https:\/\/chemsxpress.com\/fr\/wp-json\/wp\/v2\/comments?post=27975"}],"version-history":[{"count":4,"href":"https:\/\/chemsxpress.com\/fr\/wp-json\/wp\/v2\/product\/27975\/revisions"}],"predecessor-version":[{"id":30091,"href":"https:\/\/chemsxpress.com\/fr\/wp-json\/wp\/v2\/product\/27975\/revisions\/30091"}],"wp:featuredmedia":[{"embeddable":true,"href":"https:\/\/chemsxpress.com\/fr\/wp-json\/wp\/v2\/media\/27996"}],"wp:attachment":[{"href":"https:\/\/chemsxpress.com\/fr\/wp-json\/wp\/v2\/media?parent=27975"}],"wp:term":[{"taxonomy":"product_brand","embeddable":true,"href":"https:\/\/chemsxpress.com\/fr\/wp-json\/wp\/v2\/product_brand?post=27975"},{"taxonomy":"product_cat","embeddable":true,"href":"https:\/\/chemsxpress.com\/fr\/wp-json\/wp\/v2\/product_cat?post=27975"},{"taxonomy":"product_tag","embeddable":true,"href":"https:\/\/chemsxpress.com\/fr\/wp-json\/wp\/v2\/product_tag?post=27975"}],"curies":[{"name":"wp","href":"https:\/\/api.w.org\/{rel}","templated":true}]}}