{"id":27981,"date":"2024-04-29T13:13:38","date_gmt":"2024-04-29T13:13:38","guid":{"rendered":"https:\/\/chemsxpress.com\/?post_type=product&#038;p=27981"},"modified":"2024-07-04T23:49:49","modified_gmt":"2024-07-04T23:49:49","slug":"acheter-un-pihp-en-ligne","status":"publish","type":"product","link":"https:\/\/chemsxpress.com\/fr\/produit\/acheter-un-pihp-en-ligne\/","title":{"rendered":"a-PiHP"},"content":{"rendered":"<h1>Acheter a-PiHP en ligne<\/h1>\n<p>Achetez a-PiHP en ligne chez ChemsXpress, nous offrons de l'\u03b1-PiHP de qualit\u00e9 sup\u00e9rieure pour r\u00e9pondre \u00e0 vos besoins de recherche. L'\u03b1-PiHP, \u00e9galement connue sous le nom d'\u03b1-Pyrrolidinoisohexaph\u00e9none, est une nouvelle substance psychoactive qui appartient \u00e0 la classe des cathinones. Notre produit est soumis \u00e0 des tests rigoureux pour garantir sa puret\u00e9 et sa qualit\u00e9, ce qui vous permet de mener vos recherches en toute confiance.<\/p>\n<p>L'\u03b1-PiHP est connue pour ses effets stimulants et euphorisants, ce qui en fait un compos\u00e9 intriguant pour la recherche scientifique. Que vous \u00e9tudiiez ses propri\u00e9t\u00e9s pharmacologiques ou que vous exploriez ses applications th\u00e9rapeutiques potentielles, notre \u03b1-PiHP est un choix fiable.<\/p>\n<p>Lorsque vous achetez de l'\u03b1-PiHP chez ChemsXpress, vous pouvez vous attendre \u00e0 un emballage discret, \u00e0 des options de paiement s\u00e9curis\u00e9es et \u00e0 une livraison rapide \u00e0 votre porte. Notre \u00e9quipe d'assistance \u00e0 la client\u00e8le est \u00e0 votre disposition pour r\u00e9pondre \u00e0 toutes vos questions.<\/p>\n<h2>O\u00f9 commander a-PiHP en ligne.<\/h2>\n<p>Confiance<a href=\"https:\/\/chemsxpress.com\/fr\/\"> ChemsXpress<\/a> pour tous vos besoins en produits chimiques de recherche. Commandez l'\u03b1-PiHP d\u00e8s aujourd'hui et ouvrez de nouvelles perspectives \u00e0 vos travaux scientifiques.<\/p>\n<p>En tant que fournisseur r\u00e9put\u00e9 de <a href=\"https:\/\/chemsxpress.com\/fr\/categorie-produit\/produits-chimiques-de-recherche\/\">produits chimiques de recherche<\/a>ChemsXpress s'engage \u00e0 fournir aux chercheurs un acc\u00e8s \u00e0 des compos\u00e9s de haute qualit\u00e9 tels que l'\u03b1-PiHP. Notre \u03b1-PiHP est soumis \u00e0 des mesures strictes de contr\u00f4le de la qualit\u00e9 afin de garantir sa puret\u00e9 et sa coh\u00e9rence, r\u00e9pondant ainsi aux normes de la communaut\u00e9 scientifique.<\/p>\n<p>Les chercheurs int\u00e9ress\u00e9s par l'exploration des propri\u00e9t\u00e9s pharmacologiques de l'\u03b1-PiHP appr\u00e9cieront son potentiel en tant que stimulant, les effets rapport\u00e9s \u00e9tant similaires \u00e0 ceux d'autres d\u00e9riv\u00e9s de la cathinone. Des \u00e9tudes ont montr\u00e9 que l'\u03b1-PiHP peut avoir des effets psychostimulants, notamment une augmentation de l'\u00e9nergie, de la vigilance et des capacit\u00e9s cognitives.<\/p>\n<p><strong>ChemsXpress<\/strong> donne la priorit\u00e9 \u00e0 la satisfaction et \u00e0 la s\u00e9curit\u00e9 de ses clients, en adh\u00e9rant \u00e0 des r\u00e9glementations et des directives strictes lors de la manipulation et de la distribution de produits chimiques destin\u00e9s \u00e0 la recherche. Nous utilisons des techniques d'emballage avanc\u00e9es pour pr\u00e9server l'int\u00e9grit\u00e9 de nos produits pendant le transport et nous assurons une exp\u00e9dition discr\u00e8te pour prot\u00e9ger votre vie priv\u00e9e.<\/p>\n<p>Notre plateforme en ligne offre une exp\u00e9rience d'achat transparente, avec une navigation facile et des options de paiement s\u00e9curis\u00e9es. Les chercheurs peuvent commander l'\u03b1-PiHP en toute confiance, sachant qu'ils obtiennent un produit de premi\u00e8re qualit\u00e9 soutenu par notre engagement de qualit\u00e9 et d'excellence.<\/p>\n<p>ChemsXpress est votre partenaire de confiance en mati\u00e8re d'approvisionnement en produits chimiques pour la recherche. Explorez les possibilit\u00e9s de l'\u03b1-PiHP et faites avancer vos recherches scientifiques en toute confiance et tranquillit\u00e9 d'esprit.<\/p>","protected":false},"excerpt":{"rendered":"<p>Acheter a-PiHP en ligne Acheter a-PiHP en ligne chez ChemsXpress, nous proposons de l'\u03b1-PiHP de qualit\u00e9 sup\u00e9rieure pour r\u00e9pondre \u00e0 vos besoins en mati\u00e8re de recherche. L'\u03b1-PiHP, \u00e9galement connue sous le nom de<\/p>","protected":false},"featured_media":27998,"comment_status":"open","ping_status":"closed","template":"","meta":[],"product_brand":[],"product_cat":[74],"product_tag":[],"class_list":{"0":"post-27981","1":"product","2":"type-product","3":"status-publish","4":"has-post-thumbnail","6":"product_cat-research-chemicals","8":"first","9":"instock","10":"shipping-taxable","11":"purchasable","12":"product-type-variable"},"yoast_head":"<!-- This site is optimized with the Yoast SEO Premium plugin v24.1 (Yoast SEO v27.3) - https:\/\/yoast.com\/product\/yoast-seo-premium-wordpress\/ -->\n<title>Buy a-PiHP Online at ChemsXpress<\/title>\n<meta name=\"description\" content=\"Buy a-PiHP online from ChemsXpress Explore its properties and effects with our premium product. Fast shipping and excellent customer service guaranteed.\" \/>\n<meta name=\"robots\" content=\"index, follow, max-snippet:-1, max-image-preview:large, max-video-preview:-1\" \/>\n<link rel=\"canonical\" href=\"https:\/\/chemsxpress.com\/fr\/produit\/acheter-un-pihp-en-ligne\/\" \/>\n<meta property=\"og:locale\" content=\"fr_FR\" \/>\n<meta property=\"og:type\" content=\"article\" \/>\n<meta property=\"og:title\" content=\"a-PiHP\" \/>\n<meta property=\"og:description\" content=\"Buy a-PiHP online from ChemsXpress Explore its properties and effects with our premium product. Fast shipping and excellent customer service guaranteed.\" \/>\n<meta property=\"og:url\" content=\"https:\/\/chemsxpress.com\/fr\/produit\/acheter-un-pihp-en-ligne\/\" \/>\n<meta property=\"og:site_name\" content=\"SHOP MDPHP\" \/>\n<meta property=\"article:modified_time\" content=\"2024-07-04T23:49:49+00:00\" \/>\n<meta property=\"og:image\" content=\"https:\/\/chemsxpress.com\/wp-content\/uploads\/2024\/04\/a-PiHP.jpg\" \/>\n\t<meta property=\"og:image:width\" content=\"1000\" \/>\n\t<meta property=\"og:image:height\" content=\"1000\" \/>\n\t<meta property=\"og:image:type\" content=\"image\/jpeg\" \/>\n<meta name=\"twitter:card\" content=\"summary_large_image\" \/>\n<meta name=\"twitter:label1\" content=\"Dur\u00e9e de lecture estim\u00e9e\" \/>\n\t<meta name=\"twitter:data1\" content=\"2 minutes\" \/>\n<script type=\"application\/ld+json\" class=\"yoast-schema-graph\">{\"@context\":\"https:\\\/\\\/schema.org\",\"@graph\":[{\"@type\":\"WebPage\",\"@id\":\"https:\\\/\\\/chemsxpress.com\\\/product\\\/buy-a-pihp-online\\\/\",\"url\":\"https:\\\/\\\/chemsxpress.com\\\/product\\\/buy-a-pihp-online\\\/\",\"name\":\"Buy a-PiHP Online at ChemsXpress\",\"isPartOf\":{\"@id\":\"https:\\\/\\\/chemsxpress.com\\\/#website\"},\"primaryImageOfPage\":{\"@id\":\"https:\\\/\\\/chemsxpress.com\\\/product\\\/buy-a-pihp-online\\\/#primaryimage\"},\"image\":{\"@id\":\"https:\\\/\\\/chemsxpress.com\\\/product\\\/buy-a-pihp-online\\\/#primaryimage\"},\"thumbnailUrl\":\"https:\\\/\\\/chemsxpress.com\\\/wp-content\\\/uploads\\\/2024\\\/04\\\/a-PiHP.jpg\",\"datePublished\":\"2024-04-29T13:13:38+00:00\",\"dateModified\":\"2024-07-04T23:49:49+00:00\",\"description\":\"Buy a-PiHP online from ChemsXpress Explore its properties and effects with our premium product. Fast shipping and excellent customer service guaranteed.\",\"breadcrumb\":{\"@id\":\"https:\\\/\\\/chemsxpress.com\\\/product\\\/buy-a-pihp-online\\\/#breadcrumb\"},\"inLanguage\":\"fr-FR\",\"potentialAction\":[{\"@type\":\"ReadAction\",\"target\":[\"https:\\\/\\\/chemsxpress.com\\\/product\\\/buy-a-pihp-online\\\/\"]}]},{\"@type\":\"ImageObject\",\"inLanguage\":\"fr-FR\",\"@id\":\"https:\\\/\\\/chemsxpress.com\\\/product\\\/buy-a-pihp-online\\\/#primaryimage\",\"url\":\"https:\\\/\\\/chemsxpress.com\\\/wp-content\\\/uploads\\\/2024\\\/04\\\/a-PiHP.jpg\",\"contentUrl\":\"https:\\\/\\\/chemsxpress.com\\\/wp-content\\\/uploads\\\/2024\\\/04\\\/a-PiHP.jpg\",\"width\":1000,\"height\":1000,\"caption\":\"Buy a-PiHP online\"},{\"@type\":\"BreadcrumbList\",\"@id\":\"https:\\\/\\\/chemsxpress.com\\\/product\\\/buy-a-pihp-online\\\/#breadcrumb\",\"itemListElement\":[{\"@type\":\"ListItem\",\"position\":1,\"name\":\"Home\",\"item\":\"https:\\\/\\\/chemsxpress.com\\\/\"},{\"@type\":\"ListItem\",\"position\":2,\"name\":\"Shop\",\"item\":\"https:\\\/\\\/chemsxpress.com\\\/shop\\\/\"},{\"@type\":\"ListItem\",\"position\":3,\"name\":\"a-PiHP\"}]},{\"@type\":\"WebSite\",\"@id\":\"https:\\\/\\\/chemsxpress.com\\\/#website\",\"url\":\"https:\\\/\\\/chemsxpress.com\\\/\",\"name\":\"SHOP MDPHP\",\"description\":\"Buy MDPHP freebase from reliable supplier\",\"potentialAction\":[{\"@type\":\"SearchAction\",\"target\":{\"@type\":\"EntryPoint\",\"urlTemplate\":\"https:\\\/\\\/chemsxpress.com\\\/?s={search_term_string}\"},\"query-input\":{\"@type\":\"PropertyValueSpecification\",\"valueRequired\":true,\"valueName\":\"search_term_string\"}}],\"inLanguage\":\"fr-FR\"}]}<\/script>\n<!-- \/ Yoast SEO Premium plugin. -->","yoast_head_json":{"title":"Achetez a-PiHP en ligne sur ChemsXpress","description":"Achetez a-PiHP en ligne sur ChemsXpress Explorez ses propri\u00e9t\u00e9s et ses effets avec notre produit premium. Exp\u00e9dition rapide et excellent service client garanti.","robots":{"index":"index","follow":"follow","max-snippet":"max-snippet:-1","max-image-preview":"max-image-preview:large","max-video-preview":"max-video-preview:-1"},"canonical":"https:\/\/chemsxpress.com\/fr\/produit\/acheter-un-pihp-en-ligne\/","og_locale":"fr_FR","og_type":"article","og_title":"a-PiHP","og_description":"Buy a-PiHP online from ChemsXpress Explore its properties and effects with our premium product. Fast shipping and excellent customer service guaranteed.","og_url":"https:\/\/chemsxpress.com\/fr\/produit\/acheter-un-pihp-en-ligne\/","og_site_name":"SHOP MDPHP","article_modified_time":"2024-07-04T23:49:49+00:00","og_image":[{"width":1000,"height":1000,"url":"https:\/\/chemsxpress.com\/wp-content\/uploads\/2024\/04\/a-PiHP.jpg","type":"image\/jpeg"}],"twitter_card":"summary_large_image","twitter_misc":{"Dur\u00e9e de lecture estim\u00e9e":"2 minutes"},"schema":{"@context":"https:\/\/schema.org","@graph":[{"@type":"WebPage","@id":"https:\/\/chemsxpress.com\/product\/buy-a-pihp-online\/","url":"https:\/\/chemsxpress.com\/product\/buy-a-pihp-online\/","name":"Achetez a-PiHP en ligne sur ChemsXpress","isPartOf":{"@id":"https:\/\/chemsxpress.com\/#website"},"primaryImageOfPage":{"@id":"https:\/\/chemsxpress.com\/product\/buy-a-pihp-online\/#primaryimage"},"image":{"@id":"https:\/\/chemsxpress.com\/product\/buy-a-pihp-online\/#primaryimage"},"thumbnailUrl":"https:\/\/chemsxpress.com\/wp-content\/uploads\/2024\/04\/a-PiHP.jpg","datePublished":"2024-04-29T13:13:38+00:00","dateModified":"2024-07-04T23:49:49+00:00","description":"Achetez a-PiHP en ligne sur ChemsXpress Explorez ses propri\u00e9t\u00e9s et ses effets avec notre produit premium. Exp\u00e9dition rapide et excellent service client garanti.","breadcrumb":{"@id":"https:\/\/chemsxpress.com\/product\/buy-a-pihp-online\/#breadcrumb"},"inLanguage":"fr-FR","potentialAction":[{"@type":"ReadAction","target":["https:\/\/chemsxpress.com\/product\/buy-a-pihp-online\/"]}]},{"@type":"ImageObject","inLanguage":"fr-FR","@id":"https:\/\/chemsxpress.com\/product\/buy-a-pihp-online\/#primaryimage","url":"https:\/\/chemsxpress.com\/wp-content\/uploads\/2024\/04\/a-PiHP.jpg","contentUrl":"https:\/\/chemsxpress.com\/wp-content\/uploads\/2024\/04\/a-PiHP.jpg","width":1000,"height":1000,"caption":"Buy a-PiHP online"},{"@type":"BreadcrumbList","@id":"https:\/\/chemsxpress.com\/product\/buy-a-pihp-online\/#breadcrumb","itemListElement":[{"@type":"ListItem","position":1,"name":"Home","item":"https:\/\/chemsxpress.com\/"},{"@type":"ListItem","position":2,"name":"Shop","item":"https:\/\/chemsxpress.com\/shop\/"},{"@type":"ListItem","position":3,"name":"a-PiHP"}]},{"@type":"WebSite","@id":"https:\/\/chemsxpress.com\/#website","url":"https:\/\/chemsxpress.com\/","name":"SHOP MDPHP","description":"Acheter MDPHP freebase aupr\u00e8s d'un fournisseur fiable","potentialAction":[{"@type":"SearchAction","target":{"@type":"EntryPoint","urlTemplate":"https:\/\/chemsxpress.com\/?s={search_term_string}"},"query-input":{"@type":"PropertyValueSpecification","valueRequired":true,"valueName":"search_term_string"}}],"inLanguage":"fr-FR"}]}},"jetpack_sharing_enabled":true,"_links":{"self":[{"href":"https:\/\/chemsxpress.com\/fr\/wp-json\/wp\/v2\/product\/27981","targetHints":{"allow":["GET"]}}],"collection":[{"href":"https:\/\/chemsxpress.com\/fr\/wp-json\/wp\/v2\/product"}],"about":[{"href":"https:\/\/chemsxpress.com\/fr\/wp-json\/wp\/v2\/types\/product"}],"replies":[{"embeddable":true,"href":"https:\/\/chemsxpress.com\/fr\/wp-json\/wp\/v2\/comments?post=27981"}],"version-history":[{"count":4,"href":"https:\/\/chemsxpress.com\/fr\/wp-json\/wp\/v2\/product\/27981\/revisions"}],"predecessor-version":[{"id":30090,"href":"https:\/\/chemsxpress.com\/fr\/wp-json\/wp\/v2\/product\/27981\/revisions\/30090"}],"wp:featuredmedia":[{"embeddable":true,"href":"https:\/\/chemsxpress.com\/fr\/wp-json\/wp\/v2\/media\/27998"}],"wp:attachment":[{"href":"https:\/\/chemsxpress.com\/fr\/wp-json\/wp\/v2\/media?parent=27981"}],"wp:term":[{"taxonomy":"product_brand","embeddable":true,"href":"https:\/\/chemsxpress.com\/fr\/wp-json\/wp\/v2\/product_brand?post=27981"},{"taxonomy":"product_cat","embeddable":true,"href":"https:\/\/chemsxpress.com\/fr\/wp-json\/wp\/v2\/product_cat?post=27981"},{"taxonomy":"product_tag","embeddable":true,"href":"https:\/\/chemsxpress.com\/fr\/wp-json\/wp\/v2\/product_tag?post=27981"}],"curies":[{"name":"wp","href":"https:\/\/api.w.org\/{rel}","templated":true}]}}