{"id":27993,"date":"2024-04-29T13:13:39","date_gmt":"2024-04-29T13:13:39","guid":{"rendered":"https:\/\/chemsxpress.com\/?post_type=product&#038;p=27993"},"modified":"2025-05-18T19:14:41","modified_gmt":"2025-05-18T19:14:41","slug":"buy-high-quality-mdphp-online","status":"publish","type":"product","link":"https:\/\/chemsxpress.com\/fr\/produit\/buy-high-quality-mdphp-online\/","title":{"rendered":"MDPHP"},"content":{"rendered":"<h1>Acheter de la MDPHP de haute qualit\u00e9<\/h1>\n<h4><strong>Bienvenue \u00e0 ChemsXpress : Votre source de confiance pour des MDPHP de haute qualit\u00e9<\/strong><\/h4>\n<p>Acheter des MDPHP de haute qualit\u00e9 Vous avez besoin de MDPHP de haute qualit\u00e9 pour vos travaux de recherche ? Ne cherchez pas plus loin que ChemsXpress ! Nous sommes votre fournisseur fiable de produits chimiques de recherche de qualit\u00e9 sup\u00e9rieure, y compris la MDPHP. Gr\u00e2ce \u00e0 notre engagement en faveur de l'excellence, de la s\u00e9curit\u00e9 et de la satisfaction des clients, vous pouvez nous faire confiance pour vous fournir des produits de la plus haute qualit\u00e9 pour vos besoins de recherche.<\/p>\n<p><strong>Pourquoi choisir ChemsXpress pour MDPHP ?<\/strong><\/p>\n<ol>\n<li><strong>Qualit\u00e9 exceptionnelle :<\/strong> Chez ChemsXpress, la qualit\u00e9 est notre priorit\u00e9 absolue. Notre MDPHP provient de fabricants r\u00e9put\u00e9s et fait l'objet de mesures strictes de contr\u00f4le de la qualit\u00e9 afin de garantir sa puret\u00e9, sa coh\u00e9rence et sa fiabilit\u00e9. Vous pouvez faire confiance \u00e0 notre produit pour r\u00e9pondre aux normes les plus \u00e9lev\u00e9es en mati\u00e8re de recherche.<\/li>\n<li><strong>Large \u00e9ventail d'applications :<\/strong> Le MDPHP, \u00e9galement connu sous le nom de 3\u2032,4\u2032-M\u00e9thyl\u00e8nedioxy-\u03b1-pyrrolidinohexanoph\u00e9none, est un compos\u00e9 stimulant synth\u00e9tique ayant des applications de recherche potentielles dans divers domaines, notamment la chimie, la pharmacologie et les neurosciences. Explorez ses propri\u00e9t\u00e9s et ses effets en toute confiance gr\u00e2ce \u00e0 notre MDPHP de qualit\u00e9 sup\u00e9rieure.<\/li>\n<li><strong>Commandes pratiques :<\/strong> La commande de MDPHP aupr\u00e8s de ChemsXpress est rapide, facile et s\u00fbre. Il vous suffit de parcourir notre boutique en ligne, de s\u00e9lectionner la quantit\u00e9 dont vous avez besoin et de passer \u00e0 la caisse. Nous proposons un emballage discret et une exp\u00e9dition rapide pour garantir \u00e0 nos clients une exp\u00e9rience transparente et sans tracas.<\/li>\n<li><strong>Support client d\u00e9di\u00e9 :<\/strong> Vous avez besoin d'aide ou vous avez des questions sur nos produits ? Notre \u00e9quipe d'assistance \u00e0 la client\u00e8le, amicale et comp\u00e9tente, est l\u00e0 pour vous aider. Nous nous engageons \u00e0 fournir une assistance rapide et utile afin de garantir une exp\u00e9rience positive \u00e0 nos clients.<\/li>\n<\/ol>\n<p><strong>Commander MDPHP en ligne aujourd'hui<\/strong><\/p>\n<p>Am\u00e9liorez votre recherche gr\u00e2ce \u00e0 des produits MDPHP de haute qualit\u00e9. <a href=\"https:\/\/chemsxpress.com\/fr\/\">ChemsXpress<\/a>. Passez votre commande aujourd'hui et d\u00e9couvrez la diff\u00e9rence de qualit\u00e9 et de service. Nous nous r\u00e9jouissons de vous servir !<\/p>","protected":false},"excerpt":{"rendered":"<p>Acheter des MDPHP de haute qualit\u00e9 Bienvenue \u00e0 ChemsXpress : Votre source de confiance pour des MDPHP de haute qualit\u00e9 Acheter des MDPHP de haute qualit\u00e9 \u00cates-vous en...<\/p>","protected":false},"featured_media":28002,"comment_status":"open","ping_status":"closed","template":"","meta":[],"product_brand":[],"product_cat":[74],"product_tag":[],"class_list":{"0":"post-27993","1":"product","2":"type-product","3":"status-publish","4":"has-post-thumbnail","6":"product_cat-research-chemicals","8":"first","9":"instock","10":"shipping-taxable","11":"purchasable","12":"product-type-variable"},"yoast_head":"<!-- This site is optimized with the Yoast SEO Premium plugin v24.1 (Yoast SEO v27.3) - https:\/\/yoast.com\/product\/yoast-seo-premium-wordpress\/ -->\n<title>Buy High Quality MDPHP Online | Quality MDPHP ChemsXpress<\/title>\n<meta name=\"description\" content=\"Purchase premium MDPHP at ChemsXpress. Explore the wide range of applications of this synthetic stimulant compound with our high-quality product. Order Now\" \/>\n<meta name=\"robots\" content=\"index, follow, max-snippet:-1, max-image-preview:large, max-video-preview:-1\" \/>\n<link rel=\"canonical\" href=\"https:\/\/chemsxpress.com\/fr\/produit\/buy-high-quality-mdphp-online\/\" \/>\n<meta property=\"og:locale\" content=\"fr_FR\" \/>\n<meta property=\"og:type\" content=\"article\" \/>\n<meta property=\"og:title\" content=\"MDPHP\" \/>\n<meta property=\"og:description\" content=\"Purchase premium MDPHP at ChemsXpress. Explore the wide range of applications of this synthetic stimulant compound with our high-quality product. Order Now\" \/>\n<meta property=\"og:url\" content=\"https:\/\/chemsxpress.com\/fr\/produit\/buy-high-quality-mdphp-online\/\" \/>\n<meta property=\"og:site_name\" content=\"SHOP MDPHP\" \/>\n<meta property=\"article:modified_time\" content=\"2025-05-18T19:14:41+00:00\" \/>\n<meta property=\"og:image\" content=\"https:\/\/chemsxpress.com\/wp-content\/uploads\/2024\/04\/cheap-mdphp-buy-mdphp.jpg\" \/>\n\t<meta property=\"og:image:width\" content=\"1000\" \/>\n\t<meta property=\"og:image:height\" content=\"1000\" \/>\n\t<meta property=\"og:image:type\" content=\"image\/jpeg\" \/>\n<meta name=\"twitter:card\" content=\"summary_large_image\" \/>\n<meta name=\"twitter:label1\" content=\"Dur\u00e9e de lecture estim\u00e9e\" \/>\n\t<meta name=\"twitter:data1\" content=\"2 minutes\" \/>\n<script type=\"application\/ld+json\" class=\"yoast-schema-graph\">{\"@context\":\"https:\\\/\\\/schema.org\",\"@graph\":[{\"@type\":\"WebPage\",\"@id\":\"https:\\\/\\\/chemsxpress.com\\\/product\\\/buy-high-quality-mdphp-online\\\/\",\"url\":\"https:\\\/\\\/chemsxpress.com\\\/product\\\/buy-high-quality-mdphp-online\\\/\",\"name\":\"Buy High Quality MDPHP Online | Quality MDPHP ChemsXpress\",\"isPartOf\":{\"@id\":\"https:\\\/\\\/chemsxpress.com\\\/#website\"},\"primaryImageOfPage\":{\"@id\":\"https:\\\/\\\/chemsxpress.com\\\/product\\\/buy-high-quality-mdphp-online\\\/#primaryimage\"},\"image\":{\"@id\":\"https:\\\/\\\/chemsxpress.com\\\/product\\\/buy-high-quality-mdphp-online\\\/#primaryimage\"},\"thumbnailUrl\":\"https:\\\/\\\/chemsxpress.com\\\/wp-content\\\/uploads\\\/2024\\\/04\\\/cheap-mdphp-buy-mdphp.jpg\",\"datePublished\":\"2024-04-29T13:13:39+00:00\",\"dateModified\":\"2025-05-18T19:14:41+00:00\",\"description\":\"Purchase premium MDPHP at ChemsXpress. Explore the wide range of applications of this synthetic stimulant compound with our high-quality product. Order Now\",\"breadcrumb\":{\"@id\":\"https:\\\/\\\/chemsxpress.com\\\/product\\\/buy-high-quality-mdphp-online\\\/#breadcrumb\"},\"inLanguage\":\"fr-FR\",\"potentialAction\":[{\"@type\":\"ReadAction\",\"target\":[\"https:\\\/\\\/chemsxpress.com\\\/product\\\/buy-high-quality-mdphp-online\\\/\"]}]},{\"@type\":\"ImageObject\",\"inLanguage\":\"fr-FR\",\"@id\":\"https:\\\/\\\/chemsxpress.com\\\/product\\\/buy-high-quality-mdphp-online\\\/#primaryimage\",\"url\":\"https:\\\/\\\/chemsxpress.com\\\/wp-content\\\/uploads\\\/2024\\\/04\\\/cheap-mdphp-buy-mdphp.jpg\",\"contentUrl\":\"https:\\\/\\\/chemsxpress.com\\\/wp-content\\\/uploads\\\/2024\\\/04\\\/cheap-mdphp-buy-mdphp.jpg\",\"width\":1000,\"height\":1000,\"caption\":\"Buy High Quality MDPHP\"},{\"@type\":\"BreadcrumbList\",\"@id\":\"https:\\\/\\\/chemsxpress.com\\\/product\\\/buy-high-quality-mdphp-online\\\/#breadcrumb\",\"itemListElement\":[{\"@type\":\"ListItem\",\"position\":1,\"name\":\"Home\",\"item\":\"https:\\\/\\\/chemsxpress.com\\\/\"},{\"@type\":\"ListItem\",\"position\":2,\"name\":\"Shop\",\"item\":\"https:\\\/\\\/chemsxpress.com\\\/shop\\\/\"},{\"@type\":\"ListItem\",\"position\":3,\"name\":\"MDPHP\"}]},{\"@type\":\"WebSite\",\"@id\":\"https:\\\/\\\/chemsxpress.com\\\/#website\",\"url\":\"https:\\\/\\\/chemsxpress.com\\\/\",\"name\":\"SHOP MDPHP\",\"description\":\"Buy MDPHP freebase from reliable supplier\",\"potentialAction\":[{\"@type\":\"SearchAction\",\"target\":{\"@type\":\"EntryPoint\",\"urlTemplate\":\"https:\\\/\\\/chemsxpress.com\\\/?s={search_term_string}\"},\"query-input\":{\"@type\":\"PropertyValueSpecification\",\"valueRequired\":true,\"valueName\":\"search_term_string\"}}],\"inLanguage\":\"fr-FR\"}]}<\/script>\n<!-- \/ Yoast SEO Premium plugin. -->","yoast_head_json":{"title":"Achetez du MDPHP de haute qualit\u00e9 en ligne | Qualit\u00e9 MDPHP ChemsXpress","description":"Achetez de la poudre Alpha-PHP en ligne sur ChemsXpress. Explorez le large \u00e9ventail d'applications de ce produit stimulant synth\u00e9tique de haute qualit\u00e9. Exp\u00e9dition discr\u00e8te !","robots":{"index":"index","follow":"follow","max-snippet":"max-snippet:-1","max-image-preview":"max-image-preview:large","max-video-preview":"max-video-preview:-1"},"canonical":"https:\/\/chemsxpress.com\/fr\/produit\/buy-high-quality-mdphp-online\/","og_locale":"fr_FR","og_type":"article","og_title":"MDPHP","og_description":"Purchase premium MDPHP at ChemsXpress. Explore the wide range of applications of this synthetic stimulant compound with our high-quality product. Order Now","og_url":"https:\/\/chemsxpress.com\/fr\/produit\/buy-high-quality-mdphp-online\/","og_site_name":"SHOP MDPHP","article_modified_time":"2025-05-18T19:14:41+00:00","og_image":[{"width":1000,"height":1000,"url":"https:\/\/chemsxpress.com\/wp-content\/uploads\/2024\/04\/cheap-mdphp-buy-mdphp.jpg","type":"image\/jpeg"}],"twitter_card":"summary_large_image","twitter_misc":{"Dur\u00e9e de lecture estim\u00e9e":"2 minutes"},"schema":{"@context":"https:\/\/schema.org","@graph":[{"@type":"WebPage","@id":"https:\/\/chemsxpress.com\/product\/buy-high-quality-mdphp-online\/","url":"https:\/\/chemsxpress.com\/product\/buy-high-quality-mdphp-online\/","name":"Achetez du MDPHP de haute qualit\u00e9 en ligne | Qualit\u00e9 MDPHP ChemsXpress","isPartOf":{"@id":"https:\/\/chemsxpress.com\/#website"},"primaryImageOfPage":{"@id":"https:\/\/chemsxpress.com\/product\/buy-high-quality-mdphp-online\/#primaryimage"},"image":{"@id":"https:\/\/chemsxpress.com\/product\/buy-high-quality-mdphp-online\/#primaryimage"},"thumbnailUrl":"https:\/\/chemsxpress.com\/wp-content\/uploads\/2024\/04\/cheap-mdphp-buy-mdphp.jpg","datePublished":"2024-04-29T13:13:39+00:00","dateModified":"2025-05-18T19:14:41+00:00","description":"Achetez de la poudre Alpha-PHP en ligne sur ChemsXpress. Explorez le large \u00e9ventail d'applications de ce produit stimulant synth\u00e9tique de haute qualit\u00e9. Exp\u00e9dition discr\u00e8te !","breadcrumb":{"@id":"https:\/\/chemsxpress.com\/product\/buy-high-quality-mdphp-online\/#breadcrumb"},"inLanguage":"fr-FR","potentialAction":[{"@type":"ReadAction","target":["https:\/\/chemsxpress.com\/product\/buy-high-quality-mdphp-online\/"]}]},{"@type":"ImageObject","inLanguage":"fr-FR","@id":"https:\/\/chemsxpress.com\/product\/buy-high-quality-mdphp-online\/#primaryimage","url":"https:\/\/chemsxpress.com\/wp-content\/uploads\/2024\/04\/cheap-mdphp-buy-mdphp.jpg","contentUrl":"https:\/\/chemsxpress.com\/wp-content\/uploads\/2024\/04\/cheap-mdphp-buy-mdphp.jpg","width":1000,"height":1000,"caption":"Buy High Quality MDPHP"},{"@type":"BreadcrumbList","@id":"https:\/\/chemsxpress.com\/product\/buy-high-quality-mdphp-online\/#breadcrumb","itemListElement":[{"@type":"ListItem","position":1,"name":"Home","item":"https:\/\/chemsxpress.com\/"},{"@type":"ListItem","position":2,"name":"Shop","item":"https:\/\/chemsxpress.com\/shop\/"},{"@type":"ListItem","position":3,"name":"MDPHP"}]},{"@type":"WebSite","@id":"https:\/\/chemsxpress.com\/#website","url":"https:\/\/chemsxpress.com\/","name":"SHOP MDPHP","description":"Acheter MDPHP freebase aupr\u00e8s d'un fournisseur fiable","potentialAction":[{"@type":"SearchAction","target":{"@type":"EntryPoint","urlTemplate":"https:\/\/chemsxpress.com\/?s={search_term_string}"},"query-input":{"@type":"PropertyValueSpecification","valueRequired":true,"valueName":"search_term_string"}}],"inLanguage":"fr-FR"}]}},"jetpack_sharing_enabled":true,"_links":{"self":[{"href":"https:\/\/chemsxpress.com\/fr\/wp-json\/wp\/v2\/product\/27993","targetHints":{"allow":["GET"]}}],"collection":[{"href":"https:\/\/chemsxpress.com\/fr\/wp-json\/wp\/v2\/product"}],"about":[{"href":"https:\/\/chemsxpress.com\/fr\/wp-json\/wp\/v2\/types\/product"}],"replies":[{"embeddable":true,"href":"https:\/\/chemsxpress.com\/fr\/wp-json\/wp\/v2\/comments?post=27993"}],"version-history":[{"count":3,"href":"https:\/\/chemsxpress.com\/fr\/wp-json\/wp\/v2\/product\/27993\/revisions"}],"predecessor-version":[{"id":29878,"href":"https:\/\/chemsxpress.com\/fr\/wp-json\/wp\/v2\/product\/27993\/revisions\/29878"}],"wp:featuredmedia":[{"embeddable":true,"href":"https:\/\/chemsxpress.com\/fr\/wp-json\/wp\/v2\/media\/28002"}],"wp:attachment":[{"href":"https:\/\/chemsxpress.com\/fr\/wp-json\/wp\/v2\/media?parent=27993"}],"wp:term":[{"taxonomy":"product_brand","embeddable":true,"href":"https:\/\/chemsxpress.com\/fr\/wp-json\/wp\/v2\/product_brand?post=27993"},{"taxonomy":"product_cat","embeddable":true,"href":"https:\/\/chemsxpress.com\/fr\/wp-json\/wp\/v2\/product_cat?post=27993"},{"taxonomy":"product_tag","embeddable":true,"href":"https:\/\/chemsxpress.com\/fr\/wp-json\/wp\/v2\/product_tag?post=27993"}],"curies":[{"name":"wp","href":"https:\/\/api.w.org\/{rel}","templated":true}]}}