{"id":28009,"date":"2024-04-29T13:13:56","date_gmt":"2024-04-29T13:13:56","guid":{"rendered":"https:\/\/chemsxpress.com\/?post_type=product&#038;p=28009"},"modified":"2024-07-04T23:48:59","modified_gmt":"2024-07-04T23:48:59","slug":"acheter-5f-mdmb-2201-en-ligne","status":"publish","type":"product","link":"https:\/\/chemsxpress.com\/fr\/produit\/acheter-5f-mdmb-2201-en-ligne\/","title":{"rendered":"5f mdmb 2201"},"content":{"rendered":"<h1>Acheter 5f mdmb 2201<\/h1>\n<h4><strong>D\u00e9couvrez la puissance du 5F-MDMB-2201 \u00e0 ChemsXpress<\/strong><\/h4>\n<p>Acheter 5f mdmb 2201. Vous recherchez une source fiable de 5F-MDMB-2201, un cannabino\u00efde synth\u00e9tique puissant ? Ne cherchez pas plus loin que ChemsXpress ! Nous sommes sp\u00e9cialis\u00e9s dans la fourniture de <a href=\"https:\/\/chemsxpress.com\/fr\/categorie-produit\/produits-chimiques-de-recherche\/\">produits chimiques de recherche<\/a>Nous nous engageons \u00e0 fournir des produits de qualit\u00e9 sup\u00e9rieure, y compris le 5F-MDMB-2201, aux chercheurs et aux passionn\u00e9s du monde entier. Gr\u00e2ce \u00e0 notre engagement en faveur de la qualit\u00e9, de la s\u00e9curit\u00e9 et de la satisfaction des clients, vous pouvez nous faire confiance pour vous fournir des produits de premier ordre pour vos besoins de recherche.<\/p>\n<p><strong>Pourquoi choisir ChemsXpress pour 5F-MDMB-2201 ?<\/strong><\/p>\n<ol>\n<li><strong>Qualit\u00e9 sup\u00e9rieure :<\/strong> Chez ChemsXpress, la qualit\u00e9 est notre priorit\u00e9 absolue. Notre 5F-MDMB-2201 provient de fabricants r\u00e9put\u00e9s et subit des tests rigoureux pour garantir sa puret\u00e9 et sa puissance. Vous pouvez compter sur notre produit pour obtenir des r\u00e9sultats constants dans vos exp\u00e9riences de recherche.<\/li>\n<li><strong>Large \u00e9ventail d'applications :<\/strong> Le 5F-MDMB-2201 est un cannabino\u00efde synth\u00e9tique populaire qui a diverses applications de recherche en pharmacologie, neurosciences et sciences m\u00e9dico-l\u00e9gales. Explorez ses propri\u00e9t\u00e9s et ses effets en toute confiance gr\u00e2ce \u00e0 notre produit de qualit\u00e9 sup\u00e9rieure.<\/li>\n<li><strong>Commandes pratiques :<\/strong> Commander 5F-MDMB-2201 aupr\u00e8s de ChemsXpress est simple et sans souci. Notre site web convivial vous permet de parcourir notre catalogue de produits, de s\u00e9lectionner la quantit\u00e9 dont vous avez besoin et de compl\u00e9ter votre achat en toute simplicit\u00e9. Nous offrons un emballage discret et un service de livraison rapide. <a href=\"https:\/\/chemsxpress.com\/fr\/?cms_block=shipping-delivery\">l'exp\u00e9dition pour garantir une livraison dans les d\u00e9lais<\/a> de votre commande.<\/li>\n<li><strong>Support client d\u00e9di\u00e9 :<\/strong> Vous avez des questions ou besoin d'aide ? Notre \u00e9quipe d'assistance \u00e0 la client\u00e8le, amicale et comp\u00e9tente, est l\u00e0 pour vous aider. Nous nous effor\u00e7ons de fournir une assistance rapide et utile afin de garantir une exp\u00e9rience positive \u00e0 nos clients.<\/li>\n<\/ol>\n<p><strong>Commander 5F-MDMB-2201 en ligne d\u00e8s aujourd'hui<\/strong><\/p>\n<p>Am\u00e9liorez votre recherche avec la qualit\u00e9 sup\u00e9rieure 5F-MDMB-2201 de <a href=\"https:\/\/chemsxpress.com\/fr\/\">ChemsXpress<\/a>. Passez votre commande aujourd'hui et d\u00e9couvrez la diff\u00e9rence de qualit\u00e9 et de service. Nous nous r\u00e9jouissons de vous servir !<\/p>","protected":false},"excerpt":{"rendered":"<p>Acheter 5f mdmb 2201 Explorez la puissance de 5F-MDMB-2201 \u00e0 ChemsXpress Acheter 5f mdmb 2201. Vous \u00eates \u00e0 la recherche d'un<\/p>","protected":false},"featured_media":28034,"comment_status":"open","ping_status":"closed","template":"","meta":[],"product_brand":[],"product_cat":[74],"product_tag":[],"class_list":{"0":"post-28009","1":"product","2":"type-product","3":"status-publish","4":"has-post-thumbnail","6":"product_cat-research-chemicals","8":"first","9":"instock","10":"shipping-taxable","11":"purchasable","12":"product-type-variable"},"yoast_head":"<!-- This site is optimized with the Yoast SEO Premium plugin v24.1 (Yoast SEO v27.4) - https:\/\/yoast.com\/product\/yoast-seo-premium-wordpress\/ -->\n<title>Buy 5F-MDMB-2201 Online at ChemsXpress<\/title>\n<meta name=\"description\" content=\"Buy 5F-MDMB-2201 with ChemsXpress. Order premium-quality 5F-MDMB-2201 for your research needs. Fast shipping and dedicated customer support available\" \/>\n<meta name=\"robots\" content=\"index, follow, max-snippet:-1, max-image-preview:large, max-video-preview:-1\" \/>\n<link rel=\"canonical\" href=\"https:\/\/chemsxpress.com\/fr\/produit\/acheter-5f-mdmb-2201-en-ligne\/\" \/>\n<meta property=\"og:locale\" content=\"fr_FR\" \/>\n<meta property=\"og:type\" content=\"article\" \/>\n<meta property=\"og:title\" content=\"5f mdmb 2201\" \/>\n<meta property=\"og:description\" content=\"Buy 5F-MDMB-2201 with ChemsXpress. Order premium-quality 5F-MDMB-2201 for your research needs. Fast shipping and dedicated customer support available\" \/>\n<meta property=\"og:url\" content=\"https:\/\/chemsxpress.com\/fr\/produit\/acheter-5f-mdmb-2201-en-ligne\/\" \/>\n<meta property=\"og:site_name\" content=\"SHOP MDPHP\" \/>\n<meta property=\"article:modified_time\" content=\"2024-07-04T23:48:59+00:00\" \/>\n<meta property=\"og:image\" content=\"https:\/\/chemsxpress.com\/wp-content\/uploads\/2024\/04\/Buy-5f-mdmb-2201-online.jpg\" \/>\n\t<meta property=\"og:image:width\" content=\"1000\" \/>\n\t<meta property=\"og:image:height\" content=\"1000\" \/>\n\t<meta property=\"og:image:type\" content=\"image\/jpeg\" \/>\n<meta name=\"twitter:card\" content=\"summary_large_image\" \/>\n<meta name=\"twitter:label1\" content=\"Dur\u00e9e de lecture estim\u00e9e\" \/>\n\t<meta name=\"twitter:data1\" content=\"2 minutes\" \/>\n<script type=\"application\/ld+json\" class=\"yoast-schema-graph\">{\"@context\":\"https:\\\/\\\/schema.org\",\"@graph\":[{\"@type\":\"WebPage\",\"@id\":\"https:\\\/\\\/chemsxpress.com\\\/product\\\/buy-5f-mdmb-2201-online\\\/\",\"url\":\"https:\\\/\\\/chemsxpress.com\\\/product\\\/buy-5f-mdmb-2201-online\\\/\",\"name\":\"Buy 5F-MDMB-2201 Online at ChemsXpress\",\"isPartOf\":{\"@id\":\"https:\\\/\\\/chemsxpress.com\\\/#website\"},\"primaryImageOfPage\":{\"@id\":\"https:\\\/\\\/chemsxpress.com\\\/product\\\/buy-5f-mdmb-2201-online\\\/#primaryimage\"},\"image\":{\"@id\":\"https:\\\/\\\/chemsxpress.com\\\/product\\\/buy-5f-mdmb-2201-online\\\/#primaryimage\"},\"thumbnailUrl\":\"https:\\\/\\\/chemsxpress.com\\\/wp-content\\\/uploads\\\/2024\\\/04\\\/Buy-5f-mdmb-2201-online.jpg\",\"datePublished\":\"2024-04-29T13:13:56+00:00\",\"dateModified\":\"2024-07-04T23:48:59+00:00\",\"description\":\"Buy 5F-MDMB-2201 with ChemsXpress. Order premium-quality 5F-MDMB-2201 for your research needs. Fast shipping and dedicated customer support available\",\"breadcrumb\":{\"@id\":\"https:\\\/\\\/chemsxpress.com\\\/product\\\/buy-5f-mdmb-2201-online\\\/#breadcrumb\"},\"inLanguage\":\"fr-FR\",\"potentialAction\":[{\"@type\":\"ReadAction\",\"target\":[\"https:\\\/\\\/chemsxpress.com\\\/product\\\/buy-5f-mdmb-2201-online\\\/\"]}]},{\"@type\":\"ImageObject\",\"inLanguage\":\"fr-FR\",\"@id\":\"https:\\\/\\\/chemsxpress.com\\\/product\\\/buy-5f-mdmb-2201-online\\\/#primaryimage\",\"url\":\"https:\\\/\\\/chemsxpress.com\\\/wp-content\\\/uploads\\\/2024\\\/04\\\/Buy-5f-mdmb-2201-online.jpg\",\"contentUrl\":\"https:\\\/\\\/chemsxpress.com\\\/wp-content\\\/uploads\\\/2024\\\/04\\\/Buy-5f-mdmb-2201-online.jpg\",\"width\":1000,\"height\":1000,\"caption\":\"Buy 5f mdmb 2201\"},{\"@type\":\"BreadcrumbList\",\"@id\":\"https:\\\/\\\/chemsxpress.com\\\/product\\\/buy-5f-mdmb-2201-online\\\/#breadcrumb\",\"itemListElement\":[{\"@type\":\"ListItem\",\"position\":1,\"name\":\"Home\",\"item\":\"https:\\\/\\\/chemsxpress.com\\\/\"},{\"@type\":\"ListItem\",\"position\":2,\"name\":\"Shop\",\"item\":\"https:\\\/\\\/chemsxpress.com\\\/shop\\\/\"},{\"@type\":\"ListItem\",\"position\":3,\"name\":\"5f mdmb 2201\"}]},{\"@type\":\"WebSite\",\"@id\":\"https:\\\/\\\/chemsxpress.com\\\/#website\",\"url\":\"https:\\\/\\\/chemsxpress.com\\\/\",\"name\":\"SHOP MDPHP\",\"description\":\"Buy MDPHP freebase from reliable supplier\",\"potentialAction\":[{\"@type\":\"SearchAction\",\"target\":{\"@type\":\"EntryPoint\",\"urlTemplate\":\"https:\\\/\\\/chemsxpress.com\\\/?s={search_term_string}\"},\"query-input\":{\"@type\":\"PropertyValueSpecification\",\"valueRequired\":true,\"valueName\":\"search_term_string\"}}],\"inLanguage\":\"fr-FR\"}]}<\/script>\n<!-- \/ Yoast SEO Premium plugin. -->","yoast_head_json":{"title":"Achetez 5F-MDMB-2201 en ligne sur ChemsXpress","description":"Achetez 5F-MDMB-2201 avec ChemsXpress. Commandez le 5F-MDMB-2201 de qualit\u00e9 sup\u00e9rieure pour vos besoins de recherche. Exp\u00e9dition rapide et support client d\u00e9di\u00e9 disponible","robots":{"index":"index","follow":"follow","max-snippet":"max-snippet:-1","max-image-preview":"max-image-preview:large","max-video-preview":"max-video-preview:-1"},"canonical":"https:\/\/chemsxpress.com\/fr\/produit\/acheter-5f-mdmb-2201-en-ligne\/","og_locale":"fr_FR","og_type":"article","og_title":"5f mdmb 2201","og_description":"Buy 5F-MDMB-2201 with ChemsXpress. Order premium-quality 5F-MDMB-2201 for your research needs. Fast shipping and dedicated customer support available","og_url":"https:\/\/chemsxpress.com\/fr\/produit\/acheter-5f-mdmb-2201-en-ligne\/","og_site_name":"SHOP MDPHP","article_modified_time":"2024-07-04T23:48:59+00:00","og_image":[{"width":1000,"height":1000,"url":"https:\/\/chemsxpress.com\/wp-content\/uploads\/2024\/04\/Buy-5f-mdmb-2201-online.jpg","type":"image\/jpeg"}],"twitter_card":"summary_large_image","twitter_misc":{"Dur\u00e9e de lecture estim\u00e9e":"2 minutes"},"schema":{"@context":"https:\/\/schema.org","@graph":[{"@type":"WebPage","@id":"https:\/\/chemsxpress.com\/product\/buy-5f-mdmb-2201-online\/","url":"https:\/\/chemsxpress.com\/product\/buy-5f-mdmb-2201-online\/","name":"Achetez 5F-MDMB-2201 en ligne sur ChemsXpress","isPartOf":{"@id":"https:\/\/chemsxpress.com\/#website"},"primaryImageOfPage":{"@id":"https:\/\/chemsxpress.com\/product\/buy-5f-mdmb-2201-online\/#primaryimage"},"image":{"@id":"https:\/\/chemsxpress.com\/product\/buy-5f-mdmb-2201-online\/#primaryimage"},"thumbnailUrl":"https:\/\/chemsxpress.com\/wp-content\/uploads\/2024\/04\/Buy-5f-mdmb-2201-online.jpg","datePublished":"2024-04-29T13:13:56+00:00","dateModified":"2024-07-04T23:48:59+00:00","description":"Achetez 5F-MDMB-2201 avec ChemsXpress. Commandez le 5F-MDMB-2201 de qualit\u00e9 sup\u00e9rieure pour vos besoins de recherche. Exp\u00e9dition rapide et support client d\u00e9di\u00e9 disponible","breadcrumb":{"@id":"https:\/\/chemsxpress.com\/product\/buy-5f-mdmb-2201-online\/#breadcrumb"},"inLanguage":"fr-FR","potentialAction":[{"@type":"ReadAction","target":["https:\/\/chemsxpress.com\/product\/buy-5f-mdmb-2201-online\/"]}]},{"@type":"ImageObject","inLanguage":"fr-FR","@id":"https:\/\/chemsxpress.com\/product\/buy-5f-mdmb-2201-online\/#primaryimage","url":"https:\/\/chemsxpress.com\/wp-content\/uploads\/2024\/04\/Buy-5f-mdmb-2201-online.jpg","contentUrl":"https:\/\/chemsxpress.com\/wp-content\/uploads\/2024\/04\/Buy-5f-mdmb-2201-online.jpg","width":1000,"height":1000,"caption":"Buy 5f mdmb 2201"},{"@type":"BreadcrumbList","@id":"https:\/\/chemsxpress.com\/product\/buy-5f-mdmb-2201-online\/#breadcrumb","itemListElement":[{"@type":"ListItem","position":1,"name":"Home","item":"https:\/\/chemsxpress.com\/"},{"@type":"ListItem","position":2,"name":"Shop","item":"https:\/\/chemsxpress.com\/shop\/"},{"@type":"ListItem","position":3,"name":"5f mdmb 2201"}]},{"@type":"WebSite","@id":"https:\/\/chemsxpress.com\/#website","url":"https:\/\/chemsxpress.com\/","name":"SHOP MDPHP","description":"Acheter MDPHP freebase aupr\u00e8s d'un fournisseur fiable","potentialAction":[{"@type":"SearchAction","target":{"@type":"EntryPoint","urlTemplate":"https:\/\/chemsxpress.com\/?s={search_term_string}"},"query-input":{"@type":"PropertyValueSpecification","valueRequired":true,"valueName":"search_term_string"}}],"inLanguage":"fr-FR"}]}},"jetpack_sharing_enabled":true,"_links":{"self":[{"href":"https:\/\/chemsxpress.com\/fr\/wp-json\/wp\/v2\/product\/28009","targetHints":{"allow":["GET"]}}],"collection":[{"href":"https:\/\/chemsxpress.com\/fr\/wp-json\/wp\/v2\/product"}],"about":[{"href":"https:\/\/chemsxpress.com\/fr\/wp-json\/wp\/v2\/types\/product"}],"replies":[{"embeddable":true,"href":"https:\/\/chemsxpress.com\/fr\/wp-json\/wp\/v2\/comments?post=28009"}],"version-history":[{"count":4,"href":"https:\/\/chemsxpress.com\/fr\/wp-json\/wp\/v2\/product\/28009\/revisions"}],"predecessor-version":[{"id":30089,"href":"https:\/\/chemsxpress.com\/fr\/wp-json\/wp\/v2\/product\/28009\/revisions\/30089"}],"wp:featuredmedia":[{"embeddable":true,"href":"https:\/\/chemsxpress.com\/fr\/wp-json\/wp\/v2\/media\/28034"}],"wp:attachment":[{"href":"https:\/\/chemsxpress.com\/fr\/wp-json\/wp\/v2\/media?parent=28009"}],"wp:term":[{"taxonomy":"product_brand","embeddable":true,"href":"https:\/\/chemsxpress.com\/fr\/wp-json\/wp\/v2\/product_brand?post=28009"},{"taxonomy":"product_cat","embeddable":true,"href":"https:\/\/chemsxpress.com\/fr\/wp-json\/wp\/v2\/product_cat?post=28009"},{"taxonomy":"product_tag","embeddable":true,"href":"https:\/\/chemsxpress.com\/fr\/wp-json\/wp\/v2\/product_tag?post=28009"}],"curies":[{"name":"wp","href":"https:\/\/api.w.org\/{rel}","templated":true}]}}