{"id":28015,"date":"2024-04-29T13:13:57","date_gmt":"2024-04-29T13:13:57","guid":{"rendered":"https:\/\/chemsxpress.com\/?post_type=product&#038;p=28015"},"modified":"2025-05-25T19:39:03","modified_gmt":"2025-05-25T19:39:03","slug":"buy-4-emc-powder-online","status":"publish","type":"product","link":"https:\/\/chemsxpress.com\/fr\/produit\/buy-4-emc-powder-online\/","title":{"rendered":"4-EMC Poudre"},"content":{"rendered":"<h1>Acheter la poudre 4-EMC<\/h1>\n<h4><strong>Bienvenue \u00e0 ChemsXpress : Votre source de confiance pour la poudre 4-EMC<\/strong><\/h4>\n<p>Acheter 4-EMC en poudre, vous cherchez \u00e0 acheter 4-EMC en poudre en ligne ? ChemsXpress est votre fournisseur fiable de produits chimiques de recherche de haute qualit\u00e9, y compris le 4-EMC. Nos produits proviennent de fabricants r\u00e9put\u00e9s et sont soumis \u00e0 des contr\u00f4les de qualit\u00e9 rigoureux afin d'en garantir la puret\u00e9 et la coh\u00e9rence.<\/p>\n<p><strong>Pourquoi choisir ChemsXpress pour la poudre 4-EMC ?<\/strong><\/p>\n<ol>\n<li><strong>Qualit\u00e9 sup\u00e9rieure :<\/strong> Chez ChemsXpress, la qualit\u00e9 est notre priorit\u00e9 absolue. Notre poudre de 4-EMC est synth\u00e9tis\u00e9e selon les normes les plus strictes et subit des tests rigoureux pour r\u00e9pondre \u00e0 nos crit\u00e8res de qualit\u00e9 stricts.<\/li>\n<li><strong>Large \u00e9ventail d'applications :<\/strong> La 4-EMC, \u00e9galement connue sous le nom de 4-Ethylmethcathinone, est un stimulant synth\u00e9tique dont la structure est apparent\u00e9e \u00e0 celle des compos\u00e9s de la cathinone. Il a des applications potentielles dans les domaines de la chimie, de la pharmacologie et des neurosciences.<\/li>\n<li><strong>Des r\u00e9sultats fiables :<\/strong> Nous comprenons l'importance de r\u00e9sultats fiables dans la recherche scientifique. C'est pourquoi nous fournissons aux chercheurs de la poudre de 4-EMC de haute qualit\u00e9 qui permet d'obtenir des r\u00e9sultats coh\u00e9rents et reproductibles.<\/li>\n<li><strong>Commandes pratiques :<\/strong> Commander de la poudre 4-EMC aupr\u00e8s de ChemsXpress est rapide et facile. Il vous suffit de parcourir notre boutique en ligne, de s\u00e9lectionner la quantit\u00e9 dont vous avez besoin et de passer \u00e0 la caisse. Nous proposons des options de paiement s\u00e9curis\u00e9es et un emballage discret pour votre tranquillit\u00e9 d'esprit.<\/li>\n<li><strong>Support client d\u00e9di\u00e9 :<\/strong> Vous avez des questions ou besoin d'aide ? Notre sympathique \u00e9quipe d'assistance \u00e0 la client\u00e8le est l\u00e0 pour vous aider. Nous nous engageons \u00e0 fournir un excellent service et \u00e0 garantir une exp\u00e9rience positive \u00e0 nos clients.<\/li>\n<\/ol>\n<p><strong>Commander la poudre 4-EMC en ligne d\u00e8s aujourd'hui<\/strong><\/p>\n<p>Am\u00e9liorez votre recherche avec la poudre 4-EMC de qualit\u00e9 sup\u00e9rieure de <a href=\"https:\/\/chemsxpress.com\/fr\/\">ChemsXpress<\/a>. Passez votre commande aujourd'hui et d\u00e9couvrez la diff\u00e9rence de qualit\u00e9 et de service. Nous nous r\u00e9jouissons de vous servir !<\/p>","protected":false},"excerpt":{"rendered":"<p>Acheter de la poudre de 4-EMC Bienvenue \u00e0 ChemsXpress : Your Trusted Source for 4-EMC Powder Buy 4-EMC Powder, looking to buy 4-EMC powder<\/p>","protected":false},"featured_media":28036,"comment_status":"open","ping_status":"closed","template":"","meta":[],"product_brand":[],"product_cat":[74],"product_tag":[],"class_list":{"0":"post-28015","1":"product","2":"type-product","3":"status-publish","4":"has-post-thumbnail","6":"product_cat-research-chemicals","8":"first","9":"instock","10":"shipping-taxable","11":"purchasable","12":"product-type-variable"},"yoast_head":"<!-- This site is optimized with the Yoast SEO Premium plugin v24.1 (Yoast SEO v27.3) - https:\/\/yoast.com\/product\/yoast-seo-premium-wordpress\/ -->\n<title>Buy 4-EMC Powder Online | Research Chemicals at ChemsXpress<\/title>\n<meta name=\"description\" content=\"Buy 4-EMC Powder Online from ChemsXpress. Our products undergo rigorous testing and quality control to ensure reliability and purity\" \/>\n<meta name=\"robots\" content=\"index, follow, max-snippet:-1, max-image-preview:large, max-video-preview:-1\" \/>\n<link rel=\"canonical\" href=\"https:\/\/chemsxpress.com\/fr\/produit\/buy-4-emc-powder-online\/\" \/>\n<meta property=\"og:locale\" content=\"fr_FR\" \/>\n<meta property=\"og:type\" content=\"article\" \/>\n<meta property=\"og:title\" content=\"4-EMC Powder\" \/>\n<meta property=\"og:description\" content=\"Buy 4-EMC Powder Online from ChemsXpress. Our products undergo rigorous testing and quality control to ensure reliability and purity\" \/>\n<meta property=\"og:url\" content=\"https:\/\/chemsxpress.com\/fr\/produit\/buy-4-emc-powder-online\/\" \/>\n<meta property=\"og:site_name\" content=\"SHOP MDPHP\" \/>\n<meta property=\"article:modified_time\" content=\"2025-05-25T19:39:03+00:00\" \/>\n<meta property=\"og:image\" content=\"https:\/\/chemsxpress.com\/wp-content\/uploads\/2024\/04\/4-emc-for-sale.jpg\" \/>\n\t<meta property=\"og:image:width\" content=\"1000\" \/>\n\t<meta property=\"og:image:height\" content=\"1000\" \/>\n\t<meta property=\"og:image:type\" content=\"image\/jpeg\" \/>\n<meta name=\"twitter:card\" content=\"summary_large_image\" \/>\n<meta name=\"twitter:label1\" content=\"Dur\u00e9e de lecture estim\u00e9e\" \/>\n\t<meta name=\"twitter:data1\" content=\"2 minutes\" \/>\n<script type=\"application\/ld+json\" class=\"yoast-schema-graph\">{\"@context\":\"https:\\\/\\\/schema.org\",\"@graph\":[{\"@type\":\"WebPage\",\"@id\":\"https:\\\/\\\/chemsxpress.com\\\/product\\\/buy-4-emc-powder-online\\\/\",\"url\":\"https:\\\/\\\/chemsxpress.com\\\/product\\\/buy-4-emc-powder-online\\\/\",\"name\":\"Buy 4-EMC Powder Online | Research Chemicals at ChemsXpress\",\"isPartOf\":{\"@id\":\"https:\\\/\\\/chemsxpress.com\\\/#website\"},\"primaryImageOfPage\":{\"@id\":\"https:\\\/\\\/chemsxpress.com\\\/product\\\/buy-4-emc-powder-online\\\/#primaryimage\"},\"image\":{\"@id\":\"https:\\\/\\\/chemsxpress.com\\\/product\\\/buy-4-emc-powder-online\\\/#primaryimage\"},\"thumbnailUrl\":\"https:\\\/\\\/chemsxpress.com\\\/wp-content\\\/uploads\\\/2024\\\/04\\\/4-emc-for-sale.jpg\",\"datePublished\":\"2024-04-29T13:13:57+00:00\",\"dateModified\":\"2025-05-25T19:39:03+00:00\",\"description\":\"Buy 4-EMC Powder Online from ChemsXpress. Our products undergo rigorous testing and quality control to ensure reliability and purity\",\"breadcrumb\":{\"@id\":\"https:\\\/\\\/chemsxpress.com\\\/product\\\/buy-4-emc-powder-online\\\/#breadcrumb\"},\"inLanguage\":\"fr-FR\",\"potentialAction\":[{\"@type\":\"ReadAction\",\"target\":[\"https:\\\/\\\/chemsxpress.com\\\/product\\\/buy-4-emc-powder-online\\\/\"]}]},{\"@type\":\"ImageObject\",\"inLanguage\":\"fr-FR\",\"@id\":\"https:\\\/\\\/chemsxpress.com\\\/product\\\/buy-4-emc-powder-online\\\/#primaryimage\",\"url\":\"https:\\\/\\\/chemsxpress.com\\\/wp-content\\\/uploads\\\/2024\\\/04\\\/4-emc-for-sale.jpg\",\"contentUrl\":\"https:\\\/\\\/chemsxpress.com\\\/wp-content\\\/uploads\\\/2024\\\/04\\\/4-emc-for-sale.jpg\",\"width\":1000,\"height\":1000,\"caption\":\"Buy 4-EMC Powder\"},{\"@type\":\"BreadcrumbList\",\"@id\":\"https:\\\/\\\/chemsxpress.com\\\/product\\\/buy-4-emc-powder-online\\\/#breadcrumb\",\"itemListElement\":[{\"@type\":\"ListItem\",\"position\":1,\"name\":\"Home\",\"item\":\"https:\\\/\\\/chemsxpress.com\\\/\"},{\"@type\":\"ListItem\",\"position\":2,\"name\":\"Shop\",\"item\":\"https:\\\/\\\/chemsxpress.com\\\/shop\\\/\"},{\"@type\":\"ListItem\",\"position\":3,\"name\":\"4-EMC Powder\"}]},{\"@type\":\"WebSite\",\"@id\":\"https:\\\/\\\/chemsxpress.com\\\/#website\",\"url\":\"https:\\\/\\\/chemsxpress.com\\\/\",\"name\":\"SHOP MDPHP\",\"description\":\"Buy MDPHP freebase from reliable supplier\",\"potentialAction\":[{\"@type\":\"SearchAction\",\"target\":{\"@type\":\"EntryPoint\",\"urlTemplate\":\"https:\\\/\\\/chemsxpress.com\\\/?s={search_term_string}\"},\"query-input\":{\"@type\":\"PropertyValueSpecification\",\"valueRequired\":true,\"valueName\":\"search_term_string\"}}],\"inLanguage\":\"fr-FR\"}]}<\/script>\n<!-- \/ Yoast SEO Premium plugin. -->","yoast_head_json":{"title":"Achetez de la poudre 4-EMC en ligne | Recherche sur les produits chimiques chez ChemsXpress","description":"Achetez Bretazenil Onlinel chez ChemsXpress. Nos produits de qualit\u00e9 sup\u00e9rieure font l'objet d'un contr\u00f4le de qualit\u00e9 rigoureux afin de garantir leur fiabilit\u00e9 et leur coh\u00e9rence.","robots":{"index":"index","follow":"follow","max-snippet":"max-snippet:-1","max-image-preview":"max-image-preview:large","max-video-preview":"max-video-preview:-1"},"canonical":"https:\/\/chemsxpress.com\/fr\/produit\/buy-4-emc-powder-online\/","og_locale":"fr_FR","og_type":"article","og_title":"4-EMC Powder","og_description":"Buy 4-EMC Powder Online from ChemsXpress. Our products undergo rigorous testing and quality control to ensure reliability and purity","og_url":"https:\/\/chemsxpress.com\/fr\/produit\/buy-4-emc-powder-online\/","og_site_name":"SHOP MDPHP","article_modified_time":"2025-05-25T19:39:03+00:00","og_image":[{"width":1000,"height":1000,"url":"https:\/\/chemsxpress.com\/wp-content\/uploads\/2024\/04\/4-emc-for-sale.jpg","type":"image\/jpeg"}],"twitter_card":"summary_large_image","twitter_misc":{"Dur\u00e9e de lecture estim\u00e9e":"2 minutes"},"schema":{"@context":"https:\/\/schema.org","@graph":[{"@type":"WebPage","@id":"https:\/\/chemsxpress.com\/product\/buy-4-emc-powder-online\/","url":"https:\/\/chemsxpress.com\/product\/buy-4-emc-powder-online\/","name":"Achetez de la poudre 4-EMC en ligne | Recherche sur les produits chimiques chez ChemsXpress","isPartOf":{"@id":"https:\/\/chemsxpress.com\/#website"},"primaryImageOfPage":{"@id":"https:\/\/chemsxpress.com\/product\/buy-4-emc-powder-online\/#primaryimage"},"image":{"@id":"https:\/\/chemsxpress.com\/product\/buy-4-emc-powder-online\/#primaryimage"},"thumbnailUrl":"https:\/\/chemsxpress.com\/wp-content\/uploads\/2024\/04\/4-emc-for-sale.jpg","datePublished":"2024-04-29T13:13:57+00:00","dateModified":"2025-05-25T19:39:03+00:00","description":"Achetez Bretazenil Onlinel chez ChemsXpress. Nos produits de qualit\u00e9 sup\u00e9rieure font l'objet d'un contr\u00f4le de qualit\u00e9 rigoureux afin de garantir leur fiabilit\u00e9 et leur coh\u00e9rence.","breadcrumb":{"@id":"https:\/\/chemsxpress.com\/product\/buy-4-emc-powder-online\/#breadcrumb"},"inLanguage":"fr-FR","potentialAction":[{"@type":"ReadAction","target":["https:\/\/chemsxpress.com\/product\/buy-4-emc-powder-online\/"]}]},{"@type":"ImageObject","inLanguage":"fr-FR","@id":"https:\/\/chemsxpress.com\/product\/buy-4-emc-powder-online\/#primaryimage","url":"https:\/\/chemsxpress.com\/wp-content\/uploads\/2024\/04\/4-emc-for-sale.jpg","contentUrl":"https:\/\/chemsxpress.com\/wp-content\/uploads\/2024\/04\/4-emc-for-sale.jpg","width":1000,"height":1000,"caption":"Buy 4-EMC Powder"},{"@type":"BreadcrumbList","@id":"https:\/\/chemsxpress.com\/product\/buy-4-emc-powder-online\/#breadcrumb","itemListElement":[{"@type":"ListItem","position":1,"name":"Home","item":"https:\/\/chemsxpress.com\/"},{"@type":"ListItem","position":2,"name":"Shop","item":"https:\/\/chemsxpress.com\/shop\/"},{"@type":"ListItem","position":3,"name":"4-EMC Powder"}]},{"@type":"WebSite","@id":"https:\/\/chemsxpress.com\/#website","url":"https:\/\/chemsxpress.com\/","name":"SHOP MDPHP","description":"Acheter MDPHP freebase aupr\u00e8s d'un fournisseur fiable","potentialAction":[{"@type":"SearchAction","target":{"@type":"EntryPoint","urlTemplate":"https:\/\/chemsxpress.com\/?s={search_term_string}"},"query-input":{"@type":"PropertyValueSpecification","valueRequired":true,"valueName":"search_term_string"}}],"inLanguage":"fr-FR"}]}},"jetpack_sharing_enabled":true,"_links":{"self":[{"href":"https:\/\/chemsxpress.com\/fr\/wp-json\/wp\/v2\/product\/28015","targetHints":{"allow":["GET"]}}],"collection":[{"href":"https:\/\/chemsxpress.com\/fr\/wp-json\/wp\/v2\/product"}],"about":[{"href":"https:\/\/chemsxpress.com\/fr\/wp-json\/wp\/v2\/types\/product"}],"replies":[{"embeddable":true,"href":"https:\/\/chemsxpress.com\/fr\/wp-json\/wp\/v2\/comments?post=28015"}],"version-history":[{"count":3,"href":"https:\/\/chemsxpress.com\/fr\/wp-json\/wp\/v2\/product\/28015\/revisions"}],"predecessor-version":[{"id":29874,"href":"https:\/\/chemsxpress.com\/fr\/wp-json\/wp\/v2\/product\/28015\/revisions\/29874"}],"wp:featuredmedia":[{"embeddable":true,"href":"https:\/\/chemsxpress.com\/fr\/wp-json\/wp\/v2\/media\/28036"}],"wp:attachment":[{"href":"https:\/\/chemsxpress.com\/fr\/wp-json\/wp\/v2\/media?parent=28015"}],"wp:term":[{"taxonomy":"product_brand","embeddable":true,"href":"https:\/\/chemsxpress.com\/fr\/wp-json\/wp\/v2\/product_brand?post=28015"},{"taxonomy":"product_cat","embeddable":true,"href":"https:\/\/chemsxpress.com\/fr\/wp-json\/wp\/v2\/product_cat?post=28015"},{"taxonomy":"product_tag","embeddable":true,"href":"https:\/\/chemsxpress.com\/fr\/wp-json\/wp\/v2\/product_tag?post=28015"}],"curies":[{"name":"wp","href":"https:\/\/api.w.org\/{rel}","templated":true}]}}