{"id":28031,"date":"2024-04-29T13:13:57","date_gmt":"2024-04-29T13:13:57","guid":{"rendered":"https:\/\/chemsxpress.com\/?post_type=product&#038;p=28031"},"modified":"2024-05-05T08:35:32","modified_gmt":"2024-05-05T08:35:32","slug":"acheter-bretazenil-en-ligne","status":"publish","type":"product","link":"https:\/\/chemsxpress.com\/fr\/produit\/acheter-bretazenil-en-ligne\/","title":{"rendered":"Bretazenil"},"content":{"rendered":"<h1>Buy Bretazenil Online<\/h1>\n<h4><strong>Bienvenue \u00e0 ChemsXpress : Votre source de Bretazenil de haute qualit\u00e9<\/strong><\/h4>\n<p>Buy Bretazenil Online, vous \u00eates \u00e0 la recherche de Bretazenil de qualit\u00e9 sup\u00e9rieure pour vos besoins de recherche ? Ne cherchez pas plus loin ! ChemsXpress est votre fournisseur de confiance de Bretazenil de premi\u00e8re qualit\u00e9, fournissant aux chercheurs des produits de la plus haute qualit\u00e9 pour leurs efforts scientifiques.<\/p>\n<p><strong>Pourquoi choisir ChemsXpress pour le Bretazenil ?<\/strong><\/p>\n<p><strong>1. Qualit\u00e9 sup\u00e9rieure :<\/strong> Notre Bretazenil provient de fabricants r\u00e9put\u00e9s et fait l'objet de mesures strictes de contr\u00f4le de la qualit\u00e9 afin d'en garantir la puret\u00e9 et la coh\u00e9rence. Nous donnons la priorit\u00e9 \u00e0 l'int\u00e9grit\u00e9 de nos produits, offrant aux chercheurs des r\u00e9sultats fiables auxquels ils peuvent se fier.<\/p>\n<p><strong>2. Applications de recherche polyvalentes :<\/strong> Bretazenil est un puissant agoniste des r\u00e9cepteurs GABAA qui pr\u00e9sente un large \u00e9ventail d'applications potentielles pour la recherche. Qu'il s'agisse d'\u00e9tudier ses propri\u00e9t\u00e9s pharmacologiques, ses effets neurologiques ou son potentiel th\u00e9rapeutique, notre Bretazenil est id\u00e9al pour divers projets de recherche.<\/p>\n<p><strong>3. Options de commande flexibles :<\/strong> Nous comprenons que les projets de recherche varient en taille et en port\u00e9e. C'est pourquoi nous proposons des options de commande flexibles pour r\u00e9pondre \u00e0 vos besoins sp\u00e9cifiques. Que vous ayez besoin d'un petit \u00e9chantillon ou d'une quantit\u00e9 importante, nous avons ce qu'il vous faut.<\/p>\n<p><strong>4. Exp\u00e9dition rapide et s\u00e9curis\u00e9e :<\/strong> Chez ChemsXpress, nous donnons la priorit\u00e9 \u00e0 la satisfaction de nos clients et nous assurons une livraison rapide et discr\u00e8te \u00e0 votre porte. Nous nous effor\u00e7ons de livrer votre Bretazenil de mani\u00e8re s\u00fbre et efficace, o\u00f9 que vous soyez dans le monde.<\/p>\n<p><strong>5. Support client d\u00e9di\u00e9 :<\/strong> Vous avez des questions ou besoin d'aide ? Notre \u00e9quipe de repr\u00e9sentants du service client\u00e8le est l\u00e0 pour vous aider. Nous nous engageons \u00e0 fournir un service exceptionnel et \u00e0 garantir une exp\u00e9rience transparente \u00e0 nos clients.<\/p>\n<p><strong>Commander aujourd'hui du Bretazenil de haute qualit\u00e9<\/strong><\/p>\n<p>Am\u00e9liorez votre recherche avec le Bretazenil de qualit\u00e9 sup\u00e9rieure de <a href=\"https:\/\/chemsxpress.com\/fr\/\">ChemsXpress<\/a>. Passez votre commande aujourd'hui et d\u00e9couvrez la diff\u00e9rence en termes de qualit\u00e9 et de service. Nous sommes votre partenaire de confiance en mati\u00e8re d'exploration scientifique, et nous offrons l'excellence pour chaque produit que nous proposons.<\/p>","protected":false},"excerpt":{"rendered":"<p><strong>Nom IUPAC : <\/strong>tert-butyl-8-bromo-11,12,13,13a-t\u00e9trahydro-9-oxo-9H-imidazo(1,5-a)-pyrrolo(2,1-c)(1,4)benzodiaz\u00e9pine-1-carboxylate<\/p>\n<p><strong>CAS # <\/strong>84379-13-5<\/p>\n<p><strong>Apparence : <\/strong>poudre<\/p>\n<p><strong>Analyse RMN : <\/strong>C19H20BrN3O3<\/p>","protected":false},"featured_media":28040,"comment_status":"open","ping_status":"closed","template":"","meta":[],"product_brand":[],"product_cat":[75],"product_tag":[],"class_list":{"0":"post-28031","1":"product","2":"type-product","3":"status-publish","4":"has-post-thumbnail","6":"product_cat-benzodiazepines","8":"first","9":"instock","10":"shipping-taxable","11":"purchasable","12":"product-type-variable"},"yoast_head":"<!-- This site is optimized with the Yoast SEO Premium plugin v24.1 (Yoast SEO v27.4) - https:\/\/yoast.com\/product\/yoast-seo-premium-wordpress\/ -->\n<title>Buy Bretazenil Online Reseach Chemicals | ChemsXpress<\/title>\n<meta name=\"description\" content=\"Buy Bretazenil Onlinel at ChemsXpress. Our premium-grade products undergo rigorous quality control to ensure reliability and consistency.\" \/>\n<meta name=\"robots\" content=\"index, follow, max-snippet:-1, max-image-preview:large, max-video-preview:-1\" \/>\n<link rel=\"canonical\" href=\"https:\/\/chemsxpress.com\/fr\/produit\/acheter-bretazenil-en-ligne\/\" \/>\n<meta property=\"og:locale\" content=\"fr_FR\" \/>\n<meta property=\"og:type\" content=\"article\" \/>\n<meta property=\"og:title\" content=\"Bretazenil\" \/>\n<meta property=\"og:description\" content=\"Buy Bretazenil Onlinel at ChemsXpress. Our premium-grade products undergo rigorous quality control to ensure reliability and consistency.\" \/>\n<meta property=\"og:url\" content=\"https:\/\/chemsxpress.com\/fr\/produit\/acheter-bretazenil-en-ligne\/\" \/>\n<meta property=\"og:site_name\" content=\"SHOP MDPHP\" \/>\n<meta property=\"article:modified_time\" content=\"2024-05-05T08:35:32+00:00\" \/>\n<meta property=\"og:image\" content=\"https:\/\/chemsxpress.com\/wp-content\/uploads\/2024\/04\/Bretazenil.jpg\" \/>\n\t<meta property=\"og:image:width\" content=\"600\" \/>\n\t<meta property=\"og:image:height\" content=\"600\" \/>\n\t<meta property=\"og:image:type\" content=\"image\/jpeg\" \/>\n<meta name=\"twitter:card\" content=\"summary_large_image\" \/>\n<meta name=\"twitter:label1\" content=\"Dur\u00e9e de lecture estim\u00e9e\" \/>\n\t<meta name=\"twitter:data1\" content=\"2 minutes\" \/>\n<script type=\"application\/ld+json\" class=\"yoast-schema-graph\">{\"@context\":\"https:\\\/\\\/schema.org\",\"@graph\":[{\"@type\":\"WebPage\",\"@id\":\"https:\\\/\\\/chemsxpress.com\\\/product\\\/buy-bretazenil-online\\\/\",\"url\":\"https:\\\/\\\/chemsxpress.com\\\/product\\\/buy-bretazenil-online\\\/\",\"name\":\"Buy Bretazenil Online Reseach Chemicals | ChemsXpress\",\"isPartOf\":{\"@id\":\"https:\\\/\\\/chemsxpress.com\\\/#website\"},\"primaryImageOfPage\":{\"@id\":\"https:\\\/\\\/chemsxpress.com\\\/product\\\/buy-bretazenil-online\\\/#primaryimage\"},\"image\":{\"@id\":\"https:\\\/\\\/chemsxpress.com\\\/product\\\/buy-bretazenil-online\\\/#primaryimage\"},\"thumbnailUrl\":\"https:\\\/\\\/chemsxpress.com\\\/wp-content\\\/uploads\\\/2024\\\/04\\\/Bretazenil.jpg\",\"datePublished\":\"2024-04-29T13:13:57+00:00\",\"dateModified\":\"2024-05-05T08:35:32+00:00\",\"description\":\"Buy Bretazenil Onlinel at ChemsXpress. Our premium-grade products undergo rigorous quality control to ensure reliability and consistency.\",\"breadcrumb\":{\"@id\":\"https:\\\/\\\/chemsxpress.com\\\/product\\\/buy-bretazenil-online\\\/#breadcrumb\"},\"inLanguage\":\"fr-FR\",\"potentialAction\":[{\"@type\":\"ReadAction\",\"target\":[\"https:\\\/\\\/chemsxpress.com\\\/product\\\/buy-bretazenil-online\\\/\"]}]},{\"@type\":\"ImageObject\",\"inLanguage\":\"fr-FR\",\"@id\":\"https:\\\/\\\/chemsxpress.com\\\/product\\\/buy-bretazenil-online\\\/#primaryimage\",\"url\":\"https:\\\/\\\/chemsxpress.com\\\/wp-content\\\/uploads\\\/2024\\\/04\\\/Bretazenil.jpg\",\"contentUrl\":\"https:\\\/\\\/chemsxpress.com\\\/wp-content\\\/uploads\\\/2024\\\/04\\\/Bretazenil.jpg\",\"width\":600,\"height\":600,\"caption\":\"Buy Bretazenil Online\"},{\"@type\":\"BreadcrumbList\",\"@id\":\"https:\\\/\\\/chemsxpress.com\\\/product\\\/buy-bretazenil-online\\\/#breadcrumb\",\"itemListElement\":[{\"@type\":\"ListItem\",\"position\":1,\"name\":\"Home\",\"item\":\"https:\\\/\\\/chemsxpress.com\\\/\"},{\"@type\":\"ListItem\",\"position\":2,\"name\":\"Shop\",\"item\":\"https:\\\/\\\/chemsxpress.com\\\/shop\\\/\"},{\"@type\":\"ListItem\",\"position\":3,\"name\":\"Bretazenil\"}]},{\"@type\":\"WebSite\",\"@id\":\"https:\\\/\\\/chemsxpress.com\\\/#website\",\"url\":\"https:\\\/\\\/chemsxpress.com\\\/\",\"name\":\"SHOP MDPHP\",\"description\":\"Buy MDPHP freebase from reliable supplier\",\"potentialAction\":[{\"@type\":\"SearchAction\",\"target\":{\"@type\":\"EntryPoint\",\"urlTemplate\":\"https:\\\/\\\/chemsxpress.com\\\/?s={search_term_string}\"},\"query-input\":{\"@type\":\"PropertyValueSpecification\",\"valueRequired\":true,\"valueName\":\"search_term_string\"}}],\"inLanguage\":\"fr-FR\"}]}<\/script>\n<!-- \/ Yoast SEO Premium plugin. -->","yoast_head_json":{"title":"Buy Bretazenil Online Reseach Chemicals | ChemsXpress","description":"Achetez Bretazenil Onlinel chez ChemsXpress. Nos produits de qualit\u00e9 sup\u00e9rieure font l'objet d'un contr\u00f4le de qualit\u00e9 rigoureux afin de garantir leur fiabilit\u00e9 et leur coh\u00e9rence.","robots":{"index":"index","follow":"follow","max-snippet":"max-snippet:-1","max-image-preview":"max-image-preview:large","max-video-preview":"max-video-preview:-1"},"canonical":"https:\/\/chemsxpress.com\/fr\/produit\/acheter-bretazenil-en-ligne\/","og_locale":"fr_FR","og_type":"article","og_title":"Bretazenil","og_description":"Buy Bretazenil Onlinel at ChemsXpress. Our premium-grade products undergo rigorous quality control to ensure reliability and consistency.","og_url":"https:\/\/chemsxpress.com\/fr\/produit\/acheter-bretazenil-en-ligne\/","og_site_name":"SHOP MDPHP","article_modified_time":"2024-05-05T08:35:32+00:00","og_image":[{"width":600,"height":600,"url":"https:\/\/chemsxpress.com\/wp-content\/uploads\/2024\/04\/Bretazenil.jpg","type":"image\/jpeg"}],"twitter_card":"summary_large_image","twitter_misc":{"Dur\u00e9e de lecture estim\u00e9e":"2 minutes"},"schema":{"@context":"https:\/\/schema.org","@graph":[{"@type":"WebPage","@id":"https:\/\/chemsxpress.com\/product\/buy-bretazenil-online\/","url":"https:\/\/chemsxpress.com\/product\/buy-bretazenil-online\/","name":"Buy Bretazenil Online Reseach Chemicals | ChemsXpress","isPartOf":{"@id":"https:\/\/chemsxpress.com\/#website"},"primaryImageOfPage":{"@id":"https:\/\/chemsxpress.com\/product\/buy-bretazenil-online\/#primaryimage"},"image":{"@id":"https:\/\/chemsxpress.com\/product\/buy-bretazenil-online\/#primaryimage"},"thumbnailUrl":"https:\/\/chemsxpress.com\/wp-content\/uploads\/2024\/04\/Bretazenil.jpg","datePublished":"2024-04-29T13:13:57+00:00","dateModified":"2024-05-05T08:35:32+00:00","description":"Achetez Bretazenil Onlinel chez ChemsXpress. Nos produits de qualit\u00e9 sup\u00e9rieure font l'objet d'un contr\u00f4le de qualit\u00e9 rigoureux afin de garantir leur fiabilit\u00e9 et leur coh\u00e9rence.","breadcrumb":{"@id":"https:\/\/chemsxpress.com\/product\/buy-bretazenil-online\/#breadcrumb"},"inLanguage":"fr-FR","potentialAction":[{"@type":"ReadAction","target":["https:\/\/chemsxpress.com\/product\/buy-bretazenil-online\/"]}]},{"@type":"ImageObject","inLanguage":"fr-FR","@id":"https:\/\/chemsxpress.com\/product\/buy-bretazenil-online\/#primaryimage","url":"https:\/\/chemsxpress.com\/wp-content\/uploads\/2024\/04\/Bretazenil.jpg","contentUrl":"https:\/\/chemsxpress.com\/wp-content\/uploads\/2024\/04\/Bretazenil.jpg","width":600,"height":600,"caption":"Buy Bretazenil Online"},{"@type":"BreadcrumbList","@id":"https:\/\/chemsxpress.com\/product\/buy-bretazenil-online\/#breadcrumb","itemListElement":[{"@type":"ListItem","position":1,"name":"Home","item":"https:\/\/chemsxpress.com\/"},{"@type":"ListItem","position":2,"name":"Shop","item":"https:\/\/chemsxpress.com\/shop\/"},{"@type":"ListItem","position":3,"name":"Bretazenil"}]},{"@type":"WebSite","@id":"https:\/\/chemsxpress.com\/#website","url":"https:\/\/chemsxpress.com\/","name":"SHOP MDPHP","description":"Acheter MDPHP freebase aupr\u00e8s d'un fournisseur fiable","potentialAction":[{"@type":"SearchAction","target":{"@type":"EntryPoint","urlTemplate":"https:\/\/chemsxpress.com\/?s={search_term_string}"},"query-input":{"@type":"PropertyValueSpecification","valueRequired":true,"valueName":"search_term_string"}}],"inLanguage":"fr-FR"}]}},"jetpack_sharing_enabled":true,"_links":{"self":[{"href":"https:\/\/chemsxpress.com\/fr\/wp-json\/wp\/v2\/product\/28031","targetHints":{"allow":["GET"]}}],"collection":[{"href":"https:\/\/chemsxpress.com\/fr\/wp-json\/wp\/v2\/product"}],"about":[{"href":"https:\/\/chemsxpress.com\/fr\/wp-json\/wp\/v2\/types\/product"}],"replies":[{"embeddable":true,"href":"https:\/\/chemsxpress.com\/fr\/wp-json\/wp\/v2\/comments?post=28031"}],"version-history":[{"count":3,"href":"https:\/\/chemsxpress.com\/fr\/wp-json\/wp\/v2\/product\/28031\/revisions"}],"predecessor-version":[{"id":29868,"href":"https:\/\/chemsxpress.com\/fr\/wp-json\/wp\/v2\/product\/28031\/revisions\/29868"}],"wp:featuredmedia":[{"embeddable":true,"href":"https:\/\/chemsxpress.com\/fr\/wp-json\/wp\/v2\/media\/28040"}],"wp:attachment":[{"href":"https:\/\/chemsxpress.com\/fr\/wp-json\/wp\/v2\/media?parent=28031"}],"wp:term":[{"taxonomy":"product_brand","embeddable":true,"href":"https:\/\/chemsxpress.com\/fr\/wp-json\/wp\/v2\/product_brand?post=28031"},{"taxonomy":"product_cat","embeddable":true,"href":"https:\/\/chemsxpress.com\/fr\/wp-json\/wp\/v2\/product_cat?post=28031"},{"taxonomy":"product_tag","embeddable":true,"href":"https:\/\/chemsxpress.com\/fr\/wp-json\/wp\/v2\/product_tag?post=28031"}],"curies":[{"name":"wp","href":"https:\/\/api.w.org\/{rel}","templated":true}]}}