{"id":28032,"date":"2024-04-29T13:13:57","date_gmt":"2024-04-29T13:13:57","guid":{"rendered":"https:\/\/chemsxpress.com\/?post_type=product&#038;p=28032"},"modified":"2024-05-05T08:41:42","modified_gmt":"2024-05-05T08:41:42","slug":"acheter-metizolam-en-ligne","status":"publish","type":"product","link":"https:\/\/chemsxpress.com\/fr\/produit\/acheter-metizolam-en-ligne\/","title":{"rendered":"M\u00e9tizolam"},"content":{"rendered":"<h1>Acheter Metizolam en ligne<\/h1>\n<h4><strong>Bienvenue \u00e0 ChemsXpress : Votre source de Metizolam de qualit\u00e9 sup\u00e9rieure<\/strong><\/h4>\n<p>Buy Metizolam online, Looking to buy Metizolam online ? Ne cherchez pas plus loin que ChemsXpress. Nous sommes un fournisseur de confiance de Metizolam de haute qualit\u00e9, fournissant aux chercheurs des produits de qualit\u00e9 sup\u00e9rieure pour leurs investigations scientifiques.<\/p>\n<p><strong>Pourquoi choisir ChemsXpress pour le Metizolam ?<\/strong><\/p>\n<ol>\n<li><strong>Qualit\u00e9 sup\u00e9rieure :<\/strong> Chez ChemsXpress, nous privil\u00e9gions la qualit\u00e9 et la puret\u00e9. Notre Metizolam provient de fabricants r\u00e9put\u00e9s et subit des tests rigoureux pour s'assurer qu'il r\u00e9pond \u00e0 nos normes de qualit\u00e9 strictes.<\/li>\n<li><strong>Large \u00e9ventail d'applications :<\/strong> Le m\u00e9tizolam est un analogue de la benzodiaz\u00e9pine avec des applications potentielles en pharmacologie, neuroscience et chimie m\u00e9dicinale. Que vous \u00e9tudiiez ses effets pharmacologiques ou que vous exploriez son potentiel th\u00e9rapeutique, notre m\u00e9tizolam est parfait pour vos besoins de recherche.<\/li>\n<li><strong>Des r\u00e9sultats fiables :<\/strong> Nous comprenons l'importance de r\u00e9sultats fiables dans la recherche scientifique. C'est pourquoi nous fournissons aux chercheurs du Metizolam de haute qualit\u00e9 qui donne des r\u00e9sultats coh\u00e9rents et reproductibles.<\/li>\n<li><strong>Commandes pratiques :<\/strong> Commander du Metizolam aupr\u00e8s de ChemsXpress est rapide et facile. Il vous suffit de parcourir notre boutique en ligne, de s\u00e9lectionner la quantit\u00e9 dont vous avez besoin et de passer \u00e0 la caisse. Nous offrons des options de paiement flexibles et un emballage discret pour votre commodit\u00e9.<\/li>\n<li><strong>Support client d\u00e9di\u00e9 :<\/strong> Vous avez des questions ou besoin d'aide ? Notre sympathique \u00e9quipe d'assistance \u00e0 la client\u00e8le est l\u00e0 pour vous aider. Nous nous engageons \u00e0 fournir un excellent service et \u00e0 garantir une exp\u00e9rience positive \u00e0 nos clients.<\/li>\n<\/ol>\n<p><strong>Commander Metizolam en ligne aujourd'hui<\/strong><\/p>\n<p>Am\u00e9liorez votre recherche avec le Metizolam de qualit\u00e9 sup\u00e9rieure de <a href=\"https:\/\/chemsxpress.com\/fr\/\">ChemsXpress<\/a>. Passez votre commande d\u00e8s aujourd'hui et profitez de nos options d'exp\u00e9dition rapides et fiables. Nous sommes votre partenaire de confiance dans l'exploration scientifique. Acheter Metizolam en ligne sur ChemXpress<\/p>","protected":false},"excerpt":{"rendered":"<p><strong>IUPAC-Name: <\/strong>4-(2-Chlorophenyl)-2-ethyl-6H-thieno[3,2-f][1,2,4]triazolo[4,3-a][1,4]diazepine<\/p>\n<p><strong>CAS # <\/strong>40054-68-0<\/p>\n<p><strong>Appearance: <\/strong>powder<\/p>\n<p><strong>NMR Analysis: <\/strong>C16H13ClN4S<\/p>\n","protected":false},"featured_media":28042,"comment_status":"open","ping_status":"closed","template":"","meta":[],"product_brand":[],"product_cat":[75],"product_tag":[],"class_list":{"0":"post-28032","1":"product","2":"type-product","3":"status-publish","4":"has-post-thumbnail","6":"product_cat-benzodiazepines","8":"first","9":"instock","10":"shipping-taxable","11":"purchasable","12":"product-type-variable"},"yoast_head":"<!-- This site is optimized with the Yoast SEO Premium plugin v24.1 (Yoast SEO v27.4) - https:\/\/yoast.com\/product\/yoast-seo-premium-wordpress\/ -->\n<title>Buy Metizolam Online Research Chemicals at | ChemsXpress<\/title>\n<meta name=\"description\" content=\"Buy Metizolam Online Metizolam research with ChemsXpress. We offer top-grade Metizolam for scientific exploration, ensuring purity and reliability in every order. Order now for fast shipping and discreet packaging\" \/>\n<meta name=\"robots\" content=\"index, follow, max-snippet:-1, max-image-preview:large, max-video-preview:-1\" \/>\n<link rel=\"canonical\" href=\"https:\/\/chemsxpress.com\/fr\/produit\/acheter-metizolam-en-ligne\/\" \/>\n<meta property=\"og:locale\" content=\"fr_FR\" \/>\n<meta property=\"og:type\" content=\"article\" \/>\n<meta property=\"og:title\" content=\"Metizolam\" \/>\n<meta property=\"og:description\" content=\"Buy Metizolam Online Metizolam research with ChemsXpress. We offer top-grade Metizolam for scientific exploration, ensuring purity and reliability in every order. Order now for fast shipping and discreet packaging\" \/>\n<meta property=\"og:url\" content=\"https:\/\/chemsxpress.com\/fr\/produit\/acheter-metizolam-en-ligne\/\" \/>\n<meta property=\"og:site_name\" content=\"SHOP MDPHP\" \/>\n<meta property=\"article:modified_time\" content=\"2024-05-05T08:41:42+00:00\" \/>\n<meta property=\"og:image\" content=\"https:\/\/chemsxpress.com\/wp-content\/uploads\/2024\/04\/Metizolam.jpg\" \/>\n\t<meta property=\"og:image:width\" content=\"600\" \/>\n\t<meta property=\"og:image:height\" content=\"600\" \/>\n\t<meta property=\"og:image:type\" content=\"image\/jpeg\" \/>\n<meta name=\"twitter:card\" content=\"summary_large_image\" \/>\n<meta name=\"twitter:label1\" content=\"Dur\u00e9e de lecture estim\u00e9e\" \/>\n\t<meta name=\"twitter:data1\" content=\"2 minutes\" \/>\n<script type=\"application\/ld+json\" class=\"yoast-schema-graph\">{\"@context\":\"https:\\\/\\\/schema.org\",\"@graph\":[{\"@type\":\"WebPage\",\"@id\":\"https:\\\/\\\/chemsxpress.com\\\/product\\\/buy-metizolam-online\\\/\",\"url\":\"https:\\\/\\\/chemsxpress.com\\\/product\\\/buy-metizolam-online\\\/\",\"name\":\"Buy Metizolam Online Research Chemicals at | ChemsXpress\",\"isPartOf\":{\"@id\":\"https:\\\/\\\/chemsxpress.com\\\/#website\"},\"primaryImageOfPage\":{\"@id\":\"https:\\\/\\\/chemsxpress.com\\\/product\\\/buy-metizolam-online\\\/#primaryimage\"},\"image\":{\"@id\":\"https:\\\/\\\/chemsxpress.com\\\/product\\\/buy-metizolam-online\\\/#primaryimage\"},\"thumbnailUrl\":\"https:\\\/\\\/chemsxpress.com\\\/wp-content\\\/uploads\\\/2024\\\/04\\\/Metizolam.jpg\",\"datePublished\":\"2024-04-29T13:13:57+00:00\",\"dateModified\":\"2024-05-05T08:41:42+00:00\",\"description\":\"Buy Metizolam Online Metizolam research with ChemsXpress. We offer top-grade Metizolam for scientific exploration, ensuring purity and reliability in every order. Order now for fast shipping and discreet packaging\",\"breadcrumb\":{\"@id\":\"https:\\\/\\\/chemsxpress.com\\\/product\\\/buy-metizolam-online\\\/#breadcrumb\"},\"inLanguage\":\"fr-FR\",\"potentialAction\":[{\"@type\":\"ReadAction\",\"target\":[\"https:\\\/\\\/chemsxpress.com\\\/product\\\/buy-metizolam-online\\\/\"]}]},{\"@type\":\"ImageObject\",\"inLanguage\":\"fr-FR\",\"@id\":\"https:\\\/\\\/chemsxpress.com\\\/product\\\/buy-metizolam-online\\\/#primaryimage\",\"url\":\"https:\\\/\\\/chemsxpress.com\\\/wp-content\\\/uploads\\\/2024\\\/04\\\/Metizolam.jpg\",\"contentUrl\":\"https:\\\/\\\/chemsxpress.com\\\/wp-content\\\/uploads\\\/2024\\\/04\\\/Metizolam.jpg\",\"width\":600,\"height\":600,\"caption\":\"Buy Metizolam online\"},{\"@type\":\"BreadcrumbList\",\"@id\":\"https:\\\/\\\/chemsxpress.com\\\/product\\\/buy-metizolam-online\\\/#breadcrumb\",\"itemListElement\":[{\"@type\":\"ListItem\",\"position\":1,\"name\":\"Home\",\"item\":\"https:\\\/\\\/chemsxpress.com\\\/\"},{\"@type\":\"ListItem\",\"position\":2,\"name\":\"Shop\",\"item\":\"https:\\\/\\\/chemsxpress.com\\\/shop\\\/\"},{\"@type\":\"ListItem\",\"position\":3,\"name\":\"Metizolam\"}]},{\"@type\":\"WebSite\",\"@id\":\"https:\\\/\\\/chemsxpress.com\\\/#website\",\"url\":\"https:\\\/\\\/chemsxpress.com\\\/\",\"name\":\"SHOP MDPHP\",\"description\":\"Buy MDPHP freebase from reliable supplier\",\"potentialAction\":[{\"@type\":\"SearchAction\",\"target\":{\"@type\":\"EntryPoint\",\"urlTemplate\":\"https:\\\/\\\/chemsxpress.com\\\/?s={search_term_string}\"},\"query-input\":{\"@type\":\"PropertyValueSpecification\",\"valueRequired\":true,\"valueName\":\"search_term_string\"}}],\"inLanguage\":\"fr-FR\"}]}<\/script>\n<!-- \/ Yoast SEO Premium plugin. -->","yoast_head_json":{"title":"Achetez des produits chimiques de recherche en ligne Metizolam sur | ChemsXpress","description":"Achetez Metizolam en ligne Recherche sur Metizolam avec ChemsXpress. Nous proposons du Metizolam de premi\u00e8re qualit\u00e9 pour l'exploration scientifique, garantissant la puret\u00e9 et la fiabilit\u00e9 de chaque commande. Commandez maintenant pour une exp\u00e9dition rapide et un emballage discret","robots":{"index":"index","follow":"follow","max-snippet":"max-snippet:-1","max-image-preview":"max-image-preview:large","max-video-preview":"max-video-preview:-1"},"canonical":"https:\/\/chemsxpress.com\/fr\/produit\/acheter-metizolam-en-ligne\/","og_locale":"fr_FR","og_type":"article","og_title":"Metizolam","og_description":"Buy Metizolam Online Metizolam research with ChemsXpress. We offer top-grade Metizolam for scientific exploration, ensuring purity and reliability in every order. Order now for fast shipping and discreet packaging","og_url":"https:\/\/chemsxpress.com\/fr\/produit\/acheter-metizolam-en-ligne\/","og_site_name":"SHOP MDPHP","article_modified_time":"2024-05-05T08:41:42+00:00","og_image":[{"width":600,"height":600,"url":"https:\/\/chemsxpress.com\/wp-content\/uploads\/2024\/04\/Metizolam.jpg","type":"image\/jpeg"}],"twitter_card":"summary_large_image","twitter_misc":{"Dur\u00e9e de lecture estim\u00e9e":"2 minutes"},"schema":{"@context":"https:\/\/schema.org","@graph":[{"@type":"WebPage","@id":"https:\/\/chemsxpress.com\/product\/buy-metizolam-online\/","url":"https:\/\/chemsxpress.com\/product\/buy-metizolam-online\/","name":"Achetez des produits chimiques de recherche en ligne Metizolam sur | ChemsXpress","isPartOf":{"@id":"https:\/\/chemsxpress.com\/#website"},"primaryImageOfPage":{"@id":"https:\/\/chemsxpress.com\/product\/buy-metizolam-online\/#primaryimage"},"image":{"@id":"https:\/\/chemsxpress.com\/product\/buy-metizolam-online\/#primaryimage"},"thumbnailUrl":"https:\/\/chemsxpress.com\/wp-content\/uploads\/2024\/04\/Metizolam.jpg","datePublished":"2024-04-29T13:13:57+00:00","dateModified":"2024-05-05T08:41:42+00:00","description":"Achetez Metizolam en ligne Recherche sur Metizolam avec ChemsXpress. Nous proposons du Metizolam de premi\u00e8re qualit\u00e9 pour l'exploration scientifique, garantissant la puret\u00e9 et la fiabilit\u00e9 de chaque commande. Commandez maintenant pour une exp\u00e9dition rapide et un emballage discret","breadcrumb":{"@id":"https:\/\/chemsxpress.com\/product\/buy-metizolam-online\/#breadcrumb"},"inLanguage":"fr-FR","potentialAction":[{"@type":"ReadAction","target":["https:\/\/chemsxpress.com\/product\/buy-metizolam-online\/"]}]},{"@type":"ImageObject","inLanguage":"fr-FR","@id":"https:\/\/chemsxpress.com\/product\/buy-metizolam-online\/#primaryimage","url":"https:\/\/chemsxpress.com\/wp-content\/uploads\/2024\/04\/Metizolam.jpg","contentUrl":"https:\/\/chemsxpress.com\/wp-content\/uploads\/2024\/04\/Metizolam.jpg","width":600,"height":600,"caption":"Buy Metizolam online"},{"@type":"BreadcrumbList","@id":"https:\/\/chemsxpress.com\/product\/buy-metizolam-online\/#breadcrumb","itemListElement":[{"@type":"ListItem","position":1,"name":"Home","item":"https:\/\/chemsxpress.com\/"},{"@type":"ListItem","position":2,"name":"Shop","item":"https:\/\/chemsxpress.com\/shop\/"},{"@type":"ListItem","position":3,"name":"Metizolam"}]},{"@type":"WebSite","@id":"https:\/\/chemsxpress.com\/#website","url":"https:\/\/chemsxpress.com\/","name":"SHOP MDPHP","description":"Acheter MDPHP freebase aupr\u00e8s d'un fournisseur fiable","potentialAction":[{"@type":"SearchAction","target":{"@type":"EntryPoint","urlTemplate":"https:\/\/chemsxpress.com\/?s={search_term_string}"},"query-input":{"@type":"PropertyValueSpecification","valueRequired":true,"valueName":"search_term_string"}}],"inLanguage":"fr-FR"}]}},"jetpack_sharing_enabled":true,"_links":{"self":[{"href":"https:\/\/chemsxpress.com\/fr\/wp-json\/wp\/v2\/product\/28032","targetHints":{"allow":["GET"]}}],"collection":[{"href":"https:\/\/chemsxpress.com\/fr\/wp-json\/wp\/v2\/product"}],"about":[{"href":"https:\/\/chemsxpress.com\/fr\/wp-json\/wp\/v2\/types\/product"}],"replies":[{"embeddable":true,"href":"https:\/\/chemsxpress.com\/fr\/wp-json\/wp\/v2\/comments?post=28032"}],"version-history":[{"count":3,"href":"https:\/\/chemsxpress.com\/fr\/wp-json\/wp\/v2\/product\/28032\/revisions"}],"predecessor-version":[{"id":29870,"href":"https:\/\/chemsxpress.com\/fr\/wp-json\/wp\/v2\/product\/28032\/revisions\/29870"}],"wp:featuredmedia":[{"embeddable":true,"href":"https:\/\/chemsxpress.com\/fr\/wp-json\/wp\/v2\/media\/28042"}],"wp:attachment":[{"href":"https:\/\/chemsxpress.com\/fr\/wp-json\/wp\/v2\/media?parent=28032"}],"wp:term":[{"taxonomy":"product_brand","embeddable":true,"href":"https:\/\/chemsxpress.com\/fr\/wp-json\/wp\/v2\/product_brand?post=28032"},{"taxonomy":"product_cat","embeddable":true,"href":"https:\/\/chemsxpress.com\/fr\/wp-json\/wp\/v2\/product_cat?post=28032"},{"taxonomy":"product_tag","embeddable":true,"href":"https:\/\/chemsxpress.com\/fr\/wp-json\/wp\/v2\/product_tag?post=28032"}],"curies":[{"name":"wp","href":"https:\/\/api.w.org\/{rel}","templated":true}]}}