{"id":28048,"date":"2024-04-29T13:14:14","date_gmt":"2024-04-29T13:14:14","guid":{"rendered":"https:\/\/chemsxpress.com\/?post_type=product&#038;p=28048"},"modified":"2024-07-04T23:43:38","modified_gmt":"2024-07-04T23:43:38","slug":"acheter-bromonordiazepam-en-ligne","status":"publish","type":"product","link":"https:\/\/chemsxpress.com\/fr\/produit\/acheter-bromonordiazepam-en-ligne\/","title":{"rendered":"bromonordiaz\u00e9pam"},"content":{"rendered":"<h1>Acheter bromonordiazepam en ligne<\/h1>\n<h2><strong>Informations g\u00e9n\u00e9rales Bromonordiazepam \u00a0<\/strong><\/h2>\n<p>Acheter du bromonordiazepam en ligne. Le bromaz\u00e9pam est une benzodiaz\u00e9pine. Il s'agit principalement d'un agent anxiolytique dont les effets sont similaires \u00e0 ceux du diaz\u00e9pam (Valium). En plus d'\u00eatre utilis\u00e9 pour traiter les \u00e9tats de tension ou de fr\u00e9n\u00e9sie, le bromaz\u00e9pam peut \u00eatre utilis\u00e9 comme pr\u00e9m\u00e9dication avant une proc\u00e9dure m\u00e9dicale mineure. Le bromaz\u00e9pam se pr\u00e9sente r\u00e9guli\u00e8rement sous forme de comprim\u00e9s de 3 mg et de 6 mg.<\/p>\n<p>Il a \u00e9t\u00e9 homologu\u00e9 en 1961 par Roche et son utilisation clinique a \u00e9t\u00e9 approuv\u00e9e en 1974.<\/p>\n<p>Apr\u00e8s la prise de bromaz\u00e9pam le soir, une r\u00e9duction tr\u00e8s importante de la s\u00e9cr\u00e9tion d'acide gastrique se produit pendant le repos, suivie d'une remont\u00e9e exceptionnellement critique de l'acide gastrique. <a href=\"https:\/\/chemsxpress.com\/fr\/categorie-produit\/produits-chimiques-de-recherche\/\">recherche chimique<\/a> le lendemain.<\/p>\n<h3><strong>Composition chimique du bromonordiaz\u00e9pam<\/strong><\/h3>\n<p>Son nom conventionnel est 7-Bromo-1,3-dihydro-5-ph\u00e9nyl-2H-1,4-benzodiaz\u00e9pine-2-one. L'\u00e9quation mol\u00e9culaire du bromaz\u00e9pam est C15H11BrN2O. Le bromaz\u00e9pam est une norme de r\u00e9f\u00e9rence scientifique class\u00e9e comme m\u00e9tabolite de benzodiaz\u00e9pine.1 Le desalkylgidaz\u00e9pam est un m\u00e9tabolite du gidaz\u00e9pam. Ce compos\u00e9 d'exploration est pr\u00e9vu pour des applications m\u00e9dico-l\u00e9gales et de recherche.<\/p>\n<h3><strong>Pharmacologie du bromonordiaz\u00e9pam<\/strong><\/h3>\n<p>Le bromaz\u00e9pam est une benzodiaz\u00e9pine \"classique\" ; les autres benzodiaz\u00e9pines anciennes comprennent : le diaz\u00e9pam, le clonaz\u00e9pam, l'oxaz\u00e9pam, le loraz\u00e9pam, le nitraz\u00e9pam, le fluraz\u00e9pam et le cloraz\u00e9pate. Sa structure mol\u00e9culaire est constitu\u00e9e d'une diaz\u00e9pine associ\u00e9e \u00e0 un anneau benz\u00e9nique et \u00e0 un anneau pyridinique, l'anneau benz\u00e9nique ayant une particule d'azote solitaire qui remplace l'une des mol\u00e9cules de carbone dans la structure de l'anneau. Il s'agit d'une 1,4-benzodiaz\u00e9pine, ce qui signifie que les nitrog\u00e8nes de l'anneau diaz\u00e9pine \u00e0 sept c\u00f4t\u00e9s sont en positions 1 et 4.<\/p>\n<p>Le bromaz\u00e9pam se lie au r\u00e9cepteur GABA GABAA, provoquant un changement de conformation et \u00e9tendant les effets inhibiteurs du GABA. Il agit comme un modulateur positif, d\u00e9veloppant la r\u00e9action des r\u00e9cepteurs lorsqu'elle est d\u00e9clench\u00e9e par le GABA lui-m\u00eame ou par un agoniste (comme l'alcool). Contrairement au barbital, les BZD ne sont pas des activateurs des r\u00e9cepteurs GABA et d\u00e9pendent de l'expansion de l'activit\u00e9 biologique de la synapse. Le bromaz\u00e9pam est une benzodiaz\u00e9pine \u00e0 action interm\u00e9diaire, mod\u00e9r\u00e9ment lipophile par rapport \u00e0 d'autres substances de son groupe, et utilis\u00e9e de mani\u00e8re h\u00e9patique par des voies oxydatives. Il n'a pas de propri\u00e9t\u00e9s stimulantes ou antipsychotiques.<\/p>\n<h3><strong>Acheter du Bromonordiazepam en poudre de haute qualit\u00e9 en ligne<\/strong><\/h3>\n<p><strong>ChemsXpress<\/strong>\u00a0poss\u00e8de de nombreuses ann\u00e9es d'exp\u00e9rience dans l'industrie de la conception de produits chimiques de recherche, ce qui lui permet de garantir la plus haute qualit\u00e9 de ces produits chimiques de recherche. L'\u00e9quipe de recherche chimique vend <a href=\"https:\/\/chemsxpress.com\/fr\/produit\/acheter-des-pastilles-de-bromonordiazepam\/\">Bromonordiaz\u00e9pam et pastilles de 2,5 mg<\/a>. Les produits chimiques de recherche, y compris le Bromonordiazepam, r\u00e9pondent \u00e0 toutes les exigences de s\u00e9curit\u00e9. Les produits chimiques de recherche sont distribu\u00e9s avec soin et stock\u00e9s dans un endroit frais et sec.<\/p>\n<p>Tous les produits sont r\u00e9guli\u00e8rement contr\u00f4l\u00e9s pour en v\u00e9rifier la qualit\u00e9, la puret\u00e9 et la s\u00e9curit\u00e9. Conservez toujours le bromonordiaz\u00e9pam \u00e0 temp\u00e9rature ambiante et hors de port\u00e9e des enfants et des animaux domestiques. Notre bromonordiaz\u00e9pam n'est pas destin\u00e9 \u00e0 un usage personnel. Il est destin\u00e9 uniquement \u00e0 la recherche.<\/p>\n<p>Il ne doit pas \u00eatre m\u00e9lang\u00e9 avec de l'alcool ou des produits chimiques de recherche lors de la recherche de ce produit chimique de recherche !<\/p>\n<p>Acheter bromonordizepam poudre en ligne ChemsXpress. Tous nos produits ont un prix \u00e9quitable !<\/p>\n<h3><strong>Le laboratoire a test\u00e9 le bromonordiaz\u00e9pam et a obtenu des r\u00e9sultats.<\/strong><\/h3>\n<p>Remakes progresse vers la satisfaction g\u00e9n\u00e9rale de ses clients. Diff\u00e9rents examens ont montr\u00e9 que les clients demandent autant de donn\u00e9es que pr\u00e9vu avant d'acheter des produits chimiques de recherche synth\u00e9tiques. En outre, nous publions toutes les cons\u00e9quences de laboratoire de chaque compos\u00e9 d'examen sur une fiche PDF.<\/p>\n<p>Notre bromonordiazepam r\u00e9pond toujours aux ingr\u00e9dients actifs et peut \u00eatre vu directement par tout le monde.<\/p>\n<p>Nous distribuons toutes les cons\u00e9quences de laboratoire de chaque produit chimique de recherche sur un document PDF.<\/p>\n<h3><strong>Commander en toute s\u00e9curit\u00e9 du bromonordiazepam.<\/strong><\/h3>\n<p>Les produits chimiques de recherche ChemsXpress sont d'excellente qualit\u00e9 et ont un co\u00fbt raisonnable. Par cons\u00e9quent, lorsque vous demandez vos produits chimiques de recherche dans notre boutique, nous vous garantissons que nous transmettrons votre demande \u00e0 votre laboratoire de recherche rapidement et en toute s\u00e9curit\u00e9, car les produits chimiques de recherche en vente sont toujours disponibles dans notre boutique.<\/p>\n<p>Il est facile de demander des compos\u00e9s de recherche synth\u00e9tiques avec Bitcoin ou par virement bancaire sur le site de la Commission europ\u00e9enne. <a href=\"https:\/\/chemsxpress.com\/fr\/\">ChemXpress<\/a>.<\/p>\n<p>Nous exp\u00e9dions les produits chimiques de recherche le m\u00eame jour ouvrable si le paiement est re\u00e7u avant 15h00 CEST.<\/p>\n<p>Nous ne fournissons pas d'articles aux personnes de moins de 18 ans !<\/p>\n<p>bromonordiazepam for sale est uniquement destin\u00e9 \u00e0 la recherche.<\/p>\n<p>&nbsp;<\/p>\n<p><strong>Exp\u00e9dition discr\u00e8te de produits chimiques destin\u00e9s \u00e0 la recherche.<\/strong><\/p>\n<p><a href=\"https:\/\/chemsxpress.com\/fr\/\">ChemsXpress<\/a> emballera votre commande de mani\u00e8re s\u00fbre et s\u00e9curis\u00e9e afin d'assurer un transport ad\u00e9quat. De plus, nous emballons en toute discr\u00e9tion et aucun signe de ce qui pourrait se trouver \u00e0 l'int\u00e9rieur ne sera visible \u00e0 l'ext\u00e9rieur.<\/p>","protected":false},"excerpt":{"rendered":"<p><strong>Nom IUPAC : <\/strong>7-bromo-5-phenyl-1,3-dihydro-1,4-benzodiazepin-2-one<\/p>\n<p><strong>CAS # <\/strong>2894-61-3<\/p>\n<p><strong>Autre nom : <\/strong>desalkylgidaz\u00e9pam<\/p>\n<p><strong>Forme : <\/strong>poudre<\/p>\n<p><strong>Analyse RMN : <\/strong>C15H11BrN2O<\/p>","protected":false},"featured_media":28079,"comment_status":"open","ping_status":"closed","template":"","meta":[],"product_brand":[],"product_cat":[75],"product_tag":[],"class_list":{"0":"post-28048","1":"product","2":"type-product","3":"status-publish","4":"has-post-thumbnail","6":"product_cat-benzodiazepines","8":"first","9":"instock","10":"shipping-taxable","11":"purchasable","12":"product-type-variable"},"yoast_head":"<!-- This site is optimized with the Yoast SEO Premium plugin v24.1 (Yoast SEO v27.4) - https:\/\/yoast.com\/product\/yoast-seo-premium-wordpress\/ -->\n<title>Buy bromonordiazepam online Quality RC&#039;s | ChemsXpress<\/title>\n<meta name=\"description\" content=\"Buy bromonordiazepam online Premium research chemicals, fast shipping. Trust our quality assurance for all your research needs. Order now\" \/>\n<meta name=\"robots\" content=\"index, follow, max-snippet:-1, max-image-preview:large, max-video-preview:-1\" \/>\n<link rel=\"canonical\" href=\"https:\/\/chemsxpress.com\/fr\/produit\/acheter-bromonordiazepam-en-ligne\/\" \/>\n<meta property=\"og:locale\" content=\"fr_FR\" \/>\n<meta property=\"og:type\" content=\"article\" \/>\n<meta property=\"og:title\" content=\"bromonordiazepam\" \/>\n<meta property=\"og:description\" content=\"Buy bromonordiazepam online Premium research chemicals, fast shipping. Trust our quality assurance for all your research needs. Order now\" \/>\n<meta property=\"og:url\" content=\"https:\/\/chemsxpress.com\/fr\/produit\/acheter-bromonordiazepam-en-ligne\/\" \/>\n<meta property=\"og:site_name\" content=\"SHOP MDPHP\" \/>\n<meta property=\"article:modified_time\" content=\"2024-07-04T23:43:38+00:00\" \/>\n<meta property=\"og:image\" content=\"https:\/\/chemsxpress.com\/wp-content\/uploads\/2024\/04\/Bromazolam.jpg\" \/>\n\t<meta property=\"og:image:width\" content=\"600\" \/>\n\t<meta property=\"og:image:height\" content=\"600\" \/>\n\t<meta property=\"og:image:type\" content=\"image\/jpeg\" \/>\n<meta name=\"twitter:card\" content=\"summary_large_image\" \/>\n<meta name=\"twitter:label1\" content=\"Dur\u00e9e de lecture estim\u00e9e\" \/>\n\t<meta name=\"twitter:data1\" content=\"4 minutes\" \/>\n<script type=\"application\/ld+json\" class=\"yoast-schema-graph\">{\"@context\":\"https:\\\/\\\/schema.org\",\"@graph\":[{\"@type\":\"WebPage\",\"@id\":\"https:\\\/\\\/chemsxpress.com\\\/product\\\/buy-bromonordiazepam-online\\\/\",\"url\":\"https:\\\/\\\/chemsxpress.com\\\/product\\\/buy-bromonordiazepam-online\\\/\",\"name\":\"Buy bromonordiazepam online Quality RC's | ChemsXpress\",\"isPartOf\":{\"@id\":\"https:\\\/\\\/chemsxpress.com\\\/#website\"},\"primaryImageOfPage\":{\"@id\":\"https:\\\/\\\/chemsxpress.com\\\/product\\\/buy-bromonordiazepam-online\\\/#primaryimage\"},\"image\":{\"@id\":\"https:\\\/\\\/chemsxpress.com\\\/product\\\/buy-bromonordiazepam-online\\\/#primaryimage\"},\"thumbnailUrl\":\"https:\\\/\\\/chemsxpress.com\\\/wp-content\\\/uploads\\\/2024\\\/04\\\/Bromazolam.jpg\",\"datePublished\":\"2024-04-29T13:14:14+00:00\",\"dateModified\":\"2024-07-04T23:43:38+00:00\",\"description\":\"Buy bromonordiazepam online Premium research chemicals, fast shipping. Trust our quality assurance for all your research needs. Order now\",\"breadcrumb\":{\"@id\":\"https:\\\/\\\/chemsxpress.com\\\/product\\\/buy-bromonordiazepam-online\\\/#breadcrumb\"},\"inLanguage\":\"fr-FR\",\"potentialAction\":[{\"@type\":\"ReadAction\",\"target\":[\"https:\\\/\\\/chemsxpress.com\\\/product\\\/buy-bromonordiazepam-online\\\/\"]}]},{\"@type\":\"ImageObject\",\"inLanguage\":\"fr-FR\",\"@id\":\"https:\\\/\\\/chemsxpress.com\\\/product\\\/buy-bromonordiazepam-online\\\/#primaryimage\",\"url\":\"https:\\\/\\\/chemsxpress.com\\\/wp-content\\\/uploads\\\/2024\\\/04\\\/Bromazolam.jpg\",\"contentUrl\":\"https:\\\/\\\/chemsxpress.com\\\/wp-content\\\/uploads\\\/2024\\\/04\\\/Bromazolam.jpg\",\"width\":600,\"height\":600,\"caption\":\"Buy High Quality Bromazolam\"},{\"@type\":\"BreadcrumbList\",\"@id\":\"https:\\\/\\\/chemsxpress.com\\\/product\\\/buy-bromonordiazepam-online\\\/#breadcrumb\",\"itemListElement\":[{\"@type\":\"ListItem\",\"position\":1,\"name\":\"Home\",\"item\":\"https:\\\/\\\/chemsxpress.com\\\/\"},{\"@type\":\"ListItem\",\"position\":2,\"name\":\"Shop\",\"item\":\"https:\\\/\\\/chemsxpress.com\\\/shop\\\/\"},{\"@type\":\"ListItem\",\"position\":3,\"name\":\"bromonordiazepam\"}]},{\"@type\":\"WebSite\",\"@id\":\"https:\\\/\\\/chemsxpress.com\\\/#website\",\"url\":\"https:\\\/\\\/chemsxpress.com\\\/\",\"name\":\"SHOP MDPHP\",\"description\":\"Buy MDPHP freebase from reliable supplier\",\"potentialAction\":[{\"@type\":\"SearchAction\",\"target\":{\"@type\":\"EntryPoint\",\"urlTemplate\":\"https:\\\/\\\/chemsxpress.com\\\/?s={search_term_string}\"},\"query-input\":{\"@type\":\"PropertyValueSpecification\",\"valueRequired\":true,\"valueName\":\"search_term_string\"}}],\"inLanguage\":\"fr-FR\"}]}<\/script>\n<!-- \/ Yoast SEO Premium plugin. -->","yoast_head_json":{"title":"Acheter du bromonordiaz\u00e9pam en ligne Qualit\u00e9 RC's | ChemsXpress","description":"Acheter bromonordiazepam en ligne Produits chimiques de recherche de premi\u00e8re qualit\u00e9, livraison rapide. Faites confiance \u00e0 notre assurance qualit\u00e9 pour tous vos besoins de recherche. Commandez maintenant","robots":{"index":"index","follow":"follow","max-snippet":"max-snippet:-1","max-image-preview":"max-image-preview:large","max-video-preview":"max-video-preview:-1"},"canonical":"https:\/\/chemsxpress.com\/fr\/produit\/acheter-bromonordiazepam-en-ligne\/","og_locale":"fr_FR","og_type":"article","og_title":"bromonordiazepam","og_description":"Buy bromonordiazepam online Premium research chemicals, fast shipping. Trust our quality assurance for all your research needs. Order now","og_url":"https:\/\/chemsxpress.com\/fr\/produit\/acheter-bromonordiazepam-en-ligne\/","og_site_name":"SHOP MDPHP","article_modified_time":"2024-07-04T23:43:38+00:00","og_image":[{"width":600,"height":600,"url":"https:\/\/chemsxpress.com\/wp-content\/uploads\/2024\/04\/Bromazolam.jpg","type":"image\/jpeg"}],"twitter_card":"summary_large_image","twitter_misc":{"Dur\u00e9e de lecture estim\u00e9e":"4 minutes"},"schema":{"@context":"https:\/\/schema.org","@graph":[{"@type":"WebPage","@id":"https:\/\/chemsxpress.com\/product\/buy-bromonordiazepam-online\/","url":"https:\/\/chemsxpress.com\/product\/buy-bromonordiazepam-online\/","name":"Acheter du bromonordiaz\u00e9pam en ligne Qualit\u00e9 RC's | ChemsXpress","isPartOf":{"@id":"https:\/\/chemsxpress.com\/#website"},"primaryImageOfPage":{"@id":"https:\/\/chemsxpress.com\/product\/buy-bromonordiazepam-online\/#primaryimage"},"image":{"@id":"https:\/\/chemsxpress.com\/product\/buy-bromonordiazepam-online\/#primaryimage"},"thumbnailUrl":"https:\/\/chemsxpress.com\/wp-content\/uploads\/2024\/04\/Bromazolam.jpg","datePublished":"2024-04-29T13:14:14+00:00","dateModified":"2024-07-04T23:43:38+00:00","description":"Acheter bromonordiazepam en ligne Produits chimiques de recherche de premi\u00e8re qualit\u00e9, livraison rapide. Faites confiance \u00e0 notre assurance qualit\u00e9 pour tous vos besoins de recherche. Commandez maintenant","breadcrumb":{"@id":"https:\/\/chemsxpress.com\/product\/buy-bromonordiazepam-online\/#breadcrumb"},"inLanguage":"fr-FR","potentialAction":[{"@type":"ReadAction","target":["https:\/\/chemsxpress.com\/product\/buy-bromonordiazepam-online\/"]}]},{"@type":"ImageObject","inLanguage":"fr-FR","@id":"https:\/\/chemsxpress.com\/product\/buy-bromonordiazepam-online\/#primaryimage","url":"https:\/\/chemsxpress.com\/wp-content\/uploads\/2024\/04\/Bromazolam.jpg","contentUrl":"https:\/\/chemsxpress.com\/wp-content\/uploads\/2024\/04\/Bromazolam.jpg","width":600,"height":600,"caption":"Buy High Quality Bromazolam"},{"@type":"BreadcrumbList","@id":"https:\/\/chemsxpress.com\/product\/buy-bromonordiazepam-online\/#breadcrumb","itemListElement":[{"@type":"ListItem","position":1,"name":"Home","item":"https:\/\/chemsxpress.com\/"},{"@type":"ListItem","position":2,"name":"Shop","item":"https:\/\/chemsxpress.com\/shop\/"},{"@type":"ListItem","position":3,"name":"bromonordiazepam"}]},{"@type":"WebSite","@id":"https:\/\/chemsxpress.com\/#website","url":"https:\/\/chemsxpress.com\/","name":"SHOP MDPHP","description":"Acheter MDPHP freebase aupr\u00e8s d'un fournisseur fiable","potentialAction":[{"@type":"SearchAction","target":{"@type":"EntryPoint","urlTemplate":"https:\/\/chemsxpress.com\/?s={search_term_string}"},"query-input":{"@type":"PropertyValueSpecification","valueRequired":true,"valueName":"search_term_string"}}],"inLanguage":"fr-FR"}]}},"jetpack_sharing_enabled":true,"_links":{"self":[{"href":"https:\/\/chemsxpress.com\/fr\/wp-json\/wp\/v2\/product\/28048","targetHints":{"allow":["GET"]}}],"collection":[{"href":"https:\/\/chemsxpress.com\/fr\/wp-json\/wp\/v2\/product"}],"about":[{"href":"https:\/\/chemsxpress.com\/fr\/wp-json\/wp\/v2\/types\/product"}],"replies":[{"embeddable":true,"href":"https:\/\/chemsxpress.com\/fr\/wp-json\/wp\/v2\/comments?post=28048"}],"version-history":[{"count":4,"href":"https:\/\/chemsxpress.com\/fr\/wp-json\/wp\/v2\/product\/28048\/revisions"}],"predecessor-version":[{"id":30084,"href":"https:\/\/chemsxpress.com\/fr\/wp-json\/wp\/v2\/product\/28048\/revisions\/30084"}],"wp:featuredmedia":[{"embeddable":true,"href":"https:\/\/chemsxpress.com\/fr\/wp-json\/wp\/v2\/media\/28079"}],"wp:attachment":[{"href":"https:\/\/chemsxpress.com\/fr\/wp-json\/wp\/v2\/media?parent=28048"}],"wp:term":[{"taxonomy":"product_brand","embeddable":true,"href":"https:\/\/chemsxpress.com\/fr\/wp-json\/wp\/v2\/product_brand?post=28048"},{"taxonomy":"product_cat","embeddable":true,"href":"https:\/\/chemsxpress.com\/fr\/wp-json\/wp\/v2\/product_cat?post=28048"},{"taxonomy":"product_tag","embeddable":true,"href":"https:\/\/chemsxpress.com\/fr\/wp-json\/wp\/v2\/product_tag?post=28048"}],"curies":[{"name":"wp","href":"https:\/\/api.w.org\/{rel}","templated":true}]}}