{"id":28052,"date":"2024-04-29T13:14:14","date_gmt":"2024-04-29T13:14:14","guid":{"rendered":"https:\/\/chemsxpress.com\/?post_type=product&#038;p=28052"},"modified":"2026-02-07T20:54:16","modified_gmt":"2026-02-07T20:54:16","slug":"acheter-pagoclone-en-ligne-2","status":"publish","type":"product","link":"https:\/\/chemsxpress.com\/fr\/produit\/acheter-pagoclone-en-ligne-2\/","title":{"rendered":"Pagoclone"},"content":{"rendered":"<h1>Acheter Pagoclone de qualit\u00e9 en ligne<\/h1>\n<h3><strong>Bienvenue \u00e0 ChemsXpress : Votre source de Pagoclone<\/strong><\/h3>\n<p>Achetez du Pagoclone de qualit\u00e9 en ligne chez ChemsXpress, nous nous engageons \u00e0 fournir aux chercheurs des produits chimiques de qualit\u00e9 sup\u00e9rieure, y compris le Pagoclone. Avec notre engagement \u00e0 l'excellence, vous pouvez nous faire confiance pour vous fournir les mat\u00e9riaux dont vous avez besoin pour vos \u00e9tudes scientifiques.<\/p>\n<p><strong>\u00c0 propos de Pagoclone<\/strong><\/p>\n<p>Pagoclone est un <a href=\"https:\/\/chemsxpress.com\/fr\/categorie-produit\/produits-chimiques-de-recherche\/\">recherche chimique<\/a> appartenant \u00e0 la classe des cyclopyrrolones. Il pr\u00e9sente des propri\u00e9t\u00e9s anxiolytiques (contre l'anxi\u00e9t\u00e9) et est structurellement apparent\u00e9 \u00e0 des compos\u00e9s tels que la zopiclone et l'eszopiclone. La pagoclone int\u00e9resse les chercheurs qui \u00e9tudient les troubles anxieux et les affections connexes.<\/p>\n<p><strong>Pourquoi choisir ChemsXpress pour acheter Pagoclone en ligne ?<\/strong><\/p>\n<ol>\n<li><strong>Assurance qualit\u00e9 :<\/strong> Nous nous approvisionnons en Pagoclone aupr\u00e8s de fabricants r\u00e9put\u00e9s et effectuons des tests de contr\u00f4le de qualit\u00e9 rigoureux afin de garantir la puret\u00e9 et la coh\u00e9rence de nos produits.<\/li>\n<li><strong>Test\u00e9 en laboratoire :<\/strong> Tous nos produits sont soumis \u00e0 des tests complets en laboratoire afin de v\u00e9rifier leur authenticit\u00e9 et leur puissance.<\/li>\n<li><strong>Emballage discret :<\/strong> Votre vie priv\u00e9e est importante pour nous. Nous exp\u00e9dions toutes les commandes dans un emballage discret afin de prot\u00e9ger votre confidentialit\u00e9.<\/li>\n<li><strong>Support client d\u00e9di\u00e9 :<\/strong> Notre \u00e9quipe d'assistance \u00e0 la client\u00e8le, amicale et comp\u00e9tente, est \u00e0 votre disposition pour r\u00e9pondre \u00e0 toutes vos questions.<\/li>\n<\/ol>\n<p><strong>Commander Pagoclone en ligne aujourd'hui<\/strong><\/p>\n<p>Pr\u00eat \u00e0 commencer votre recherche avec Pagoclone ? Parcourez notre s\u00e9lection et passez votre commande d\u00e8s aujourd'hui. Avec <a href=\"https:\/\/chemsxpress.com\/fr\/\">ChemsXpress<\/a>vous pouvez \u00eatre s\u00fbr d'obtenir des produits chimiques de la plus haute qualit\u00e9 pour vos travaux scientifiques.<\/p>","protected":false},"excerpt":{"rendered":"<p><strong>Nom IUPAC : <\/strong>2-(7-chloro-1,8-naphthyridin-2-yl)-3-(5-methyl-2-oxohexyl)-3H-isoindol-1-one<\/p>\n<p><strong>CAS # <\/strong>133737-32-3<\/p>\n<p><strong>Apparence : <\/strong>poudre<\/p>\n<p><strong>Analyse RMN : <\/strong>C23H22ClN3O2<\/p>","protected":false},"featured_media":28095,"comment_status":"open","ping_status":"closed","template":"","meta":[],"product_brand":[],"product_cat":[75],"product_tag":[],"class_list":{"0":"post-28052","1":"product","2":"type-product","3":"status-publish","4":"has-post-thumbnail","6":"product_cat-benzodiazepines","8":"first","9":"instock","10":"shipping-taxable","11":"purchasable","12":"product-type-variable"},"yoast_head":"<!-- This site is optimized with the Yoast SEO Premium plugin v24.1 (Yoast SEO v27.4) - https:\/\/yoast.com\/product\/yoast-seo-premium-wordpress\/ -->\n<title>Buy Quality Pagoclone online: Quality RC&#039;s | ChemsXpress<\/title>\n<meta name=\"description\" content=\"Buy Quality Pagoclone online at ChemsXpress. Trust our lab-tested products for reliable results. Order now for discreet shipping and exceptional service\" \/>\n<meta name=\"robots\" content=\"index, follow, max-snippet:-1, max-image-preview:large, max-video-preview:-1\" \/>\n<link rel=\"canonical\" href=\"https:\/\/chemsxpress.com\/fr\/produit\/acheter-pagoclone-en-ligne-2\/\" \/>\n<meta property=\"og:locale\" content=\"fr_FR\" \/>\n<meta property=\"og:type\" content=\"article\" \/>\n<meta property=\"og:title\" content=\"Pagoclone\" \/>\n<meta property=\"og:description\" content=\"Buy Quality Pagoclone online at ChemsXpress. Trust our lab-tested products for reliable results. Order now for discreet shipping and exceptional service\" \/>\n<meta property=\"og:url\" content=\"https:\/\/chemsxpress.com\/fr\/produit\/acheter-pagoclone-en-ligne-2\/\" \/>\n<meta property=\"og:site_name\" content=\"SHOP MDPHP\" \/>\n<meta property=\"article:modified_time\" content=\"2026-02-07T20:54:16+00:00\" \/>\n<meta property=\"og:image\" content=\"https:\/\/chemsxpress.com\/wp-content\/uploads\/2024\/04\/Pagoclone-1.jpg\" \/>\n\t<meta property=\"og:image:width\" content=\"600\" \/>\n\t<meta property=\"og:image:height\" content=\"600\" \/>\n\t<meta property=\"og:image:type\" content=\"image\/jpeg\" \/>\n<meta name=\"twitter:card\" content=\"summary_large_image\" \/>\n<meta name=\"twitter:label1\" content=\"Dur\u00e9e de lecture estim\u00e9e\" \/>\n\t<meta name=\"twitter:data1\" content=\"2 minutes\" \/>\n<script type=\"application\/ld+json\" class=\"yoast-schema-graph\">{\"@context\":\"https:\\\/\\\/schema.org\",\"@graph\":[{\"@type\":\"WebPage\",\"@id\":\"https:\\\/\\\/chemsxpress.com\\\/product\\\/buy-pagoclone-online-2\\\/\",\"url\":\"https:\\\/\\\/chemsxpress.com\\\/product\\\/buy-pagoclone-online-2\\\/\",\"name\":\"Buy Quality Pagoclone online: Quality RC's | ChemsXpress\",\"isPartOf\":{\"@id\":\"https:\\\/\\\/chemsxpress.com\\\/#website\"},\"primaryImageOfPage\":{\"@id\":\"https:\\\/\\\/chemsxpress.com\\\/product\\\/buy-pagoclone-online-2\\\/#primaryimage\"},\"image\":{\"@id\":\"https:\\\/\\\/chemsxpress.com\\\/product\\\/buy-pagoclone-online-2\\\/#primaryimage\"},\"thumbnailUrl\":\"https:\\\/\\\/chemsxpress.com\\\/wp-content\\\/uploads\\\/2024\\\/04\\\/Pagoclone-1.jpg\",\"datePublished\":\"2024-04-29T13:14:14+00:00\",\"dateModified\":\"2026-02-07T20:54:16+00:00\",\"description\":\"Buy Quality Pagoclone online at ChemsXpress. Trust our lab-tested products for reliable results. Order now for discreet shipping and exceptional service\",\"breadcrumb\":{\"@id\":\"https:\\\/\\\/chemsxpress.com\\\/product\\\/buy-pagoclone-online-2\\\/#breadcrumb\"},\"inLanguage\":\"fr-FR\",\"potentialAction\":[{\"@type\":\"ReadAction\",\"target\":[\"https:\\\/\\\/chemsxpress.com\\\/product\\\/buy-pagoclone-online-2\\\/\"]}]},{\"@type\":\"ImageObject\",\"inLanguage\":\"fr-FR\",\"@id\":\"https:\\\/\\\/chemsxpress.com\\\/product\\\/buy-pagoclone-online-2\\\/#primaryimage\",\"url\":\"https:\\\/\\\/chemsxpress.com\\\/wp-content\\\/uploads\\\/2024\\\/04\\\/Pagoclone-1.jpg\",\"contentUrl\":\"https:\\\/\\\/chemsxpress.com\\\/wp-content\\\/uploads\\\/2024\\\/04\\\/Pagoclone-1.jpg\",\"width\":600,\"height\":600,\"caption\":\"Buy Pagoclone online\"},{\"@type\":\"BreadcrumbList\",\"@id\":\"https:\\\/\\\/chemsxpress.com\\\/product\\\/buy-pagoclone-online-2\\\/#breadcrumb\",\"itemListElement\":[{\"@type\":\"ListItem\",\"position\":1,\"name\":\"Home\",\"item\":\"https:\\\/\\\/chemsxpress.com\\\/\"},{\"@type\":\"ListItem\",\"position\":2,\"name\":\"Shop\",\"item\":\"https:\\\/\\\/chemsxpress.com\\\/shop\\\/\"},{\"@type\":\"ListItem\",\"position\":3,\"name\":\"Pagoclone\"}]},{\"@type\":\"WebSite\",\"@id\":\"https:\\\/\\\/chemsxpress.com\\\/#website\",\"url\":\"https:\\\/\\\/chemsxpress.com\\\/\",\"name\":\"SHOP MDPHP\",\"description\":\"Buy MDPHP freebase from reliable supplier\",\"potentialAction\":[{\"@type\":\"SearchAction\",\"target\":{\"@type\":\"EntryPoint\",\"urlTemplate\":\"https:\\\/\\\/chemsxpress.com\\\/?s={search_term_string}\"},\"query-input\":{\"@type\":\"PropertyValueSpecification\",\"valueRequired\":true,\"valueName\":\"search_term_string\"}}],\"inLanguage\":\"fr-FR\"}]}<\/script>\n<!-- \/ Yoast SEO Premium plugin. -->","yoast_head_json":{"title":"Achetez du Pagoclone de qualit\u00e9 en ligne\u00a0: RC de qualit\u00e9 | ChemsXpress","description":"Achetez du Pagoclone de qualit\u00e9 en ligne sur ChemsXpress. Faites confiance \u00e0 nos produits test\u00e9s en laboratoire pour des r\u00e9sultats fiables. Commandez maintenant pour une exp\u00e9dition discr\u00e8te et un service exceptionnel","robots":{"index":"index","follow":"follow","max-snippet":"max-snippet:-1","max-image-preview":"max-image-preview:large","max-video-preview":"max-video-preview:-1"},"canonical":"https:\/\/chemsxpress.com\/fr\/produit\/acheter-pagoclone-en-ligne-2\/","og_locale":"fr_FR","og_type":"article","og_title":"Pagoclone","og_description":"Buy Quality Pagoclone online at ChemsXpress. Trust our lab-tested products for reliable results. Order now for discreet shipping and exceptional service","og_url":"https:\/\/chemsxpress.com\/fr\/produit\/acheter-pagoclone-en-ligne-2\/","og_site_name":"SHOP MDPHP","article_modified_time":"2026-02-07T20:54:16+00:00","og_image":[{"width":600,"height":600,"url":"https:\/\/chemsxpress.com\/wp-content\/uploads\/2024\/04\/Pagoclone-1.jpg","type":"image\/jpeg"}],"twitter_card":"summary_large_image","twitter_misc":{"Dur\u00e9e de lecture estim\u00e9e":"2 minutes"},"schema":{"@context":"https:\/\/schema.org","@graph":[{"@type":"WebPage","@id":"https:\/\/chemsxpress.com\/product\/buy-pagoclone-online-2\/","url":"https:\/\/chemsxpress.com\/product\/buy-pagoclone-online-2\/","name":"Achetez du Pagoclone de qualit\u00e9 en ligne\u00a0: RC de qualit\u00e9 | ChemsXpress","isPartOf":{"@id":"https:\/\/chemsxpress.com\/#website"},"primaryImageOfPage":{"@id":"https:\/\/chemsxpress.com\/product\/buy-pagoclone-online-2\/#primaryimage"},"image":{"@id":"https:\/\/chemsxpress.com\/product\/buy-pagoclone-online-2\/#primaryimage"},"thumbnailUrl":"https:\/\/chemsxpress.com\/wp-content\/uploads\/2024\/04\/Pagoclone-1.jpg","datePublished":"2024-04-29T13:14:14+00:00","dateModified":"2026-02-07T20:54:16+00:00","description":"Achetez du Pagoclone de qualit\u00e9 en ligne sur ChemsXpress. Faites confiance \u00e0 nos produits test\u00e9s en laboratoire pour des r\u00e9sultats fiables. Commandez maintenant pour une exp\u00e9dition discr\u00e8te et un service exceptionnel","breadcrumb":{"@id":"https:\/\/chemsxpress.com\/product\/buy-pagoclone-online-2\/#breadcrumb"},"inLanguage":"fr-FR","potentialAction":[{"@type":"ReadAction","target":["https:\/\/chemsxpress.com\/product\/buy-pagoclone-online-2\/"]}]},{"@type":"ImageObject","inLanguage":"fr-FR","@id":"https:\/\/chemsxpress.com\/product\/buy-pagoclone-online-2\/#primaryimage","url":"https:\/\/chemsxpress.com\/wp-content\/uploads\/2024\/04\/Pagoclone-1.jpg","contentUrl":"https:\/\/chemsxpress.com\/wp-content\/uploads\/2024\/04\/Pagoclone-1.jpg","width":600,"height":600,"caption":"Buy Pagoclone online"},{"@type":"BreadcrumbList","@id":"https:\/\/chemsxpress.com\/product\/buy-pagoclone-online-2\/#breadcrumb","itemListElement":[{"@type":"ListItem","position":1,"name":"Home","item":"https:\/\/chemsxpress.com\/"},{"@type":"ListItem","position":2,"name":"Shop","item":"https:\/\/chemsxpress.com\/shop\/"},{"@type":"ListItem","position":3,"name":"Pagoclone"}]},{"@type":"WebSite","@id":"https:\/\/chemsxpress.com\/#website","url":"https:\/\/chemsxpress.com\/","name":"SHOP MDPHP","description":"Acheter MDPHP freebase aupr\u00e8s d'un fournisseur fiable","potentialAction":[{"@type":"SearchAction","target":{"@type":"EntryPoint","urlTemplate":"https:\/\/chemsxpress.com\/?s={search_term_string}"},"query-input":{"@type":"PropertyValueSpecification","valueRequired":true,"valueName":"search_term_string"}}],"inLanguage":"fr-FR"}]}},"jetpack_sharing_enabled":true,"_links":{"self":[{"href":"https:\/\/chemsxpress.com\/fr\/wp-json\/wp\/v2\/product\/28052","targetHints":{"allow":["GET"]}}],"collection":[{"href":"https:\/\/chemsxpress.com\/fr\/wp-json\/wp\/v2\/product"}],"about":[{"href":"https:\/\/chemsxpress.com\/fr\/wp-json\/wp\/v2\/types\/product"}],"replies":[{"embeddable":true,"href":"https:\/\/chemsxpress.com\/fr\/wp-json\/wp\/v2\/comments?post=28052"}],"version-history":[{"count":4,"href":"https:\/\/chemsxpress.com\/fr\/wp-json\/wp\/v2\/product\/28052\/revisions"}],"predecessor-version":[{"id":30087,"href":"https:\/\/chemsxpress.com\/fr\/wp-json\/wp\/v2\/product\/28052\/revisions\/30087"}],"wp:featuredmedia":[{"embeddable":true,"href":"https:\/\/chemsxpress.com\/fr\/wp-json\/wp\/v2\/media\/28095"}],"wp:attachment":[{"href":"https:\/\/chemsxpress.com\/fr\/wp-json\/wp\/v2\/media?parent=28052"}],"wp:term":[{"taxonomy":"product_brand","embeddable":true,"href":"https:\/\/chemsxpress.com\/fr\/wp-json\/wp\/v2\/product_brand?post=28052"},{"taxonomy":"product_cat","embeddable":true,"href":"https:\/\/chemsxpress.com\/fr\/wp-json\/wp\/v2\/product_cat?post=28052"},{"taxonomy":"product_tag","embeddable":true,"href":"https:\/\/chemsxpress.com\/fr\/wp-json\/wp\/v2\/product_tag?post=28052"}],"curies":[{"name":"wp","href":"https:\/\/api.w.org\/{rel}","templated":true}]}}