{"id":28054,"date":"2024-04-29T13:14:14","date_gmt":"2024-04-29T13:14:14","guid":{"rendered":"https:\/\/chemsxpress.com\/?post_type=product&#038;p=28054"},"modified":"2025-05-28T19:26:59","modified_gmt":"2025-05-28T19:26:59","slug":"acheter-bromazolam-de-haute-qualite","status":"publish","type":"product","link":"https:\/\/chemsxpress.com\/fr\/produit\/acheter-bromazolam-de-haute-qualite\/","title":{"rendered":"Bromazolam"},"content":{"rendered":"<h1>Acheter du Bromazolam de haute qualit\u00e9<\/h1>\n<h5><strong>Bienvenue \u00e0 ChemsXpress : Votre source de Bromazolam de haute qualit\u00e9<\/strong><\/h5>\n<p>Acheter du Bromazolam de haute qualit\u00e9. Vous avez besoin de Bromazolam de haute qualit\u00e9 pour vos projets de recherche ? Ne cherchez pas plus loin ! ChemsXpress est votre fournisseur de confiance de Bromazolam de premi\u00e8re qualit\u00e9, offrant des produits de la plus haute qualit\u00e9 aux chercheurs du monde entier.<\/p>\n<p><strong>Pourquoi choisir ChemsXpress pour le Bromazolam ?<\/strong><\/p>\n<p><strong>1. Qualit\u00e9 sup\u00e9rieure :<\/strong> Notre Bromazolam provient de fabricants r\u00e9put\u00e9s et fait l'objet de mesures de contr\u00f4le de qualit\u00e9 rigoureuses afin de garantir sa puret\u00e9 et sa coh\u00e9rence. Nous accordons la priorit\u00e9 \u00e0 l'int\u00e9grit\u00e9 de nos produits, afin de fournir aux chercheurs des r\u00e9sultats fiables auxquels ils peuvent se fier.<\/p>\n<p><strong>2. Nombreuses applications dans le domaine de la recherche :<\/strong> Le bromazolam est un d\u00e9riv\u00e9 de la benzodiaz\u00e9pine qui pr\u00e9sente un large \u00e9ventail d'applications potentielles pour la recherche. Que vous \u00e9tudiiez ses propri\u00e9t\u00e9s pharmacologiques, ses effets th\u00e9rapeutiques ou ses r\u00e9sultats comportementaux, notre Bromazolam est id\u00e9al pour divers projets de recherche.<\/p>\n<p><strong>3. Options de commande flexibles :<\/strong> Nous comprenons que les projets de recherche sont de toutes formes et de toutes tailles. C'est pourquoi nous proposons des options de commande flexibles pour r\u00e9pondre \u00e0 vos besoins sp\u00e9cifiques. Que vous ayez besoin d'un petit \u00e9chantillon ou d'une quantit\u00e9 importante, nous avons ce qu'il vous faut.<\/p>\n<p><strong>4. Exp\u00e9dition rapide et s\u00e9curis\u00e9e :<\/strong> Avec ChemsXpress, vous pouvez compter sur une livraison rapide et discr\u00e8te \u00e0 votre porte. Nous donnons la priorit\u00e9 \u00e0 la satisfaction de nos clients et nous nous effor\u00e7ons de livrer votre Bromazolam de mani\u00e8re s\u00fbre et efficace, o\u00f9 que vous soyez dans le monde.<\/p>\n<p><strong>5. Support client d\u00e9di\u00e9 :<\/strong> Vous avez des questions ou besoin d'aide ? Notre \u00e9quipe de repr\u00e9sentants du service client\u00e8le est l\u00e0 pour vous aider. Nous nous engageons \u00e0 fournir un service exceptionnel et \u00e0 faire en sorte que votre exp\u00e9rience avec nous soit tout simplement excellente.<\/p>\n<p><strong>Commander aujourd'hui du Bromazolam de haute qualit\u00e9<\/strong><\/p>\n<p>Pr\u00eat \u00e0 am\u00e9liorer votre recherche avec du Bromazolam de qualit\u00e9 sup\u00e9rieure ? Passez votre commande aupr\u00e8s de ChemsXpress d\u00e8s aujourd'hui et d\u00e9couvrez la diff\u00e9rence en termes de qualit\u00e9 et de service. Nous sommes votre partenaire de confiance en mati\u00e8re d'exploration scientifique, et nous offrons l'excellence avec chaque produit que nous proposons.<\/p>","protected":false},"excerpt":{"rendered":"<p><strong>IUPAC-Name: <\/strong>8-bromo-1-methyl-6-phenyl-4H-benzo[f][1,2,4]triazolo[4,3-a][1,4]diazepine<\/p>\n<p><strong>CAS # <\/strong>71368-80-4<\/p>\n<p><strong>Appearance: <\/strong>powder<\/p>\n<p><strong>NMR Analysis: <\/strong>C17H13BrN4<\/p>\n","protected":false},"featured_media":28079,"comment_status":"open","ping_status":"closed","template":"","meta":[],"product_brand":[],"product_cat":[75],"product_tag":[],"class_list":{"0":"post-28054","1":"product","2":"type-product","3":"status-publish","4":"has-post-thumbnail","6":"product_cat-benzodiazepines","8":"first","9":"instock","10":"shipping-taxable","11":"purchasable","12":"product-type-variable"},"yoast_head":"<!-- This site is optimized with the Yoast SEO Premium plugin v24.1 (Yoast SEO v27.4) - https:\/\/yoast.com\/product\/yoast-seo-premium-wordpress\/ -->\n<title>Buy High-Quality Bromazolam Online | ChemsXpress<\/title>\n<meta name=\"description\" content=\"Buy High-Quality Bromazolam at ChemsXpress. Our premium-grade products undergo rigorous quality control for reliable results. Order n\" \/>\n<meta name=\"robots\" content=\"index, follow, max-snippet:-1, max-image-preview:large, max-video-preview:-1\" \/>\n<link rel=\"canonical\" href=\"https:\/\/chemsxpress.com\/fr\/produit\/acheter-bromazolam-de-haute-qualite\/\" \/>\n<meta property=\"og:locale\" content=\"fr_FR\" \/>\n<meta property=\"og:type\" content=\"article\" \/>\n<meta property=\"og:title\" content=\"Bromazolam\" \/>\n<meta property=\"og:description\" content=\"Buy High-Quality Bromazolam at ChemsXpress. Our premium-grade products undergo rigorous quality control for reliable results. Order n\" \/>\n<meta property=\"og:url\" content=\"https:\/\/chemsxpress.com\/fr\/produit\/acheter-bromazolam-de-haute-qualite\/\" \/>\n<meta property=\"og:site_name\" content=\"SHOP MDPHP\" \/>\n<meta property=\"article:modified_time\" content=\"2025-05-28T19:26:59+00:00\" \/>\n<meta property=\"og:image\" content=\"https:\/\/chemsxpress.com\/wp-content\/uploads\/2024\/04\/Bromazolam.jpg\" \/>\n\t<meta property=\"og:image:width\" content=\"600\" \/>\n\t<meta property=\"og:image:height\" content=\"600\" \/>\n\t<meta property=\"og:image:type\" content=\"image\/jpeg\" \/>\n<meta name=\"twitter:card\" content=\"summary_large_image\" \/>\n<meta name=\"twitter:label1\" content=\"Dur\u00e9e de lecture estim\u00e9e\" \/>\n\t<meta name=\"twitter:data1\" content=\"2 minutes\" \/>\n<script type=\"application\/ld+json\" class=\"yoast-schema-graph\">{\"@context\":\"https:\\\/\\\/schema.org\",\"@graph\":[{\"@type\":\"WebPage\",\"@id\":\"https:\\\/\\\/chemsxpress.com\\\/product\\\/buy-high-quality-bromazolam\\\/\",\"url\":\"https:\\\/\\\/chemsxpress.com\\\/product\\\/buy-high-quality-bromazolam\\\/\",\"name\":\"Buy High-Quality Bromazolam Online | ChemsXpress\",\"isPartOf\":{\"@id\":\"https:\\\/\\\/chemsxpress.com\\\/#website\"},\"primaryImageOfPage\":{\"@id\":\"https:\\\/\\\/chemsxpress.com\\\/product\\\/buy-high-quality-bromazolam\\\/#primaryimage\"},\"image\":{\"@id\":\"https:\\\/\\\/chemsxpress.com\\\/product\\\/buy-high-quality-bromazolam\\\/#primaryimage\"},\"thumbnailUrl\":\"https:\\\/\\\/chemsxpress.com\\\/wp-content\\\/uploads\\\/2024\\\/04\\\/Bromazolam.jpg\",\"datePublished\":\"2024-04-29T13:14:14+00:00\",\"dateModified\":\"2025-05-28T19:26:59+00:00\",\"description\":\"Buy High-Quality Bromazolam at ChemsXpress. Our premium-grade products undergo rigorous quality control for reliable results. Order n\",\"breadcrumb\":{\"@id\":\"https:\\\/\\\/chemsxpress.com\\\/product\\\/buy-high-quality-bromazolam\\\/#breadcrumb\"},\"inLanguage\":\"fr-FR\",\"potentialAction\":[{\"@type\":\"ReadAction\",\"target\":[\"https:\\\/\\\/chemsxpress.com\\\/product\\\/buy-high-quality-bromazolam\\\/\"]}]},{\"@type\":\"ImageObject\",\"inLanguage\":\"fr-FR\",\"@id\":\"https:\\\/\\\/chemsxpress.com\\\/product\\\/buy-high-quality-bromazolam\\\/#primaryimage\",\"url\":\"https:\\\/\\\/chemsxpress.com\\\/wp-content\\\/uploads\\\/2024\\\/04\\\/Bromazolam.jpg\",\"contentUrl\":\"https:\\\/\\\/chemsxpress.com\\\/wp-content\\\/uploads\\\/2024\\\/04\\\/Bromazolam.jpg\",\"width\":600,\"height\":600,\"caption\":\"Buy High Quality Bromazolam\"},{\"@type\":\"BreadcrumbList\",\"@id\":\"https:\\\/\\\/chemsxpress.com\\\/product\\\/buy-high-quality-bromazolam\\\/#breadcrumb\",\"itemListElement\":[{\"@type\":\"ListItem\",\"position\":1,\"name\":\"Home\",\"item\":\"https:\\\/\\\/chemsxpress.com\\\/\"},{\"@type\":\"ListItem\",\"position\":2,\"name\":\"Shop\",\"item\":\"https:\\\/\\\/chemsxpress.com\\\/shop\\\/\"},{\"@type\":\"ListItem\",\"position\":3,\"name\":\"Bromazolam\"}]},{\"@type\":\"WebSite\",\"@id\":\"https:\\\/\\\/chemsxpress.com\\\/#website\",\"url\":\"https:\\\/\\\/chemsxpress.com\\\/\",\"name\":\"SHOP MDPHP\",\"description\":\"Buy MDPHP freebase from reliable supplier\",\"potentialAction\":[{\"@type\":\"SearchAction\",\"target\":{\"@type\":\"EntryPoint\",\"urlTemplate\":\"https:\\\/\\\/chemsxpress.com\\\/?s={search_term_string}\"},\"query-input\":{\"@type\":\"PropertyValueSpecification\",\"valueRequired\":true,\"valueName\":\"search_term_string\"}}],\"inLanguage\":\"fr-FR\"}]}<\/script>\n<!-- \/ Yoast SEO Premium plugin. -->","yoast_head_json":{"title":"Acheter du Bromazolam de haute qualit\u00e9 en ligne | ChemsXpress","description":"Achetez du Bromazolam de haute qualit\u00e9 chez ChemsXpress. Nos produits de qualit\u00e9 sup\u00e9rieure sont soumis \u00e0 un contr\u00f4le de qualit\u00e9 rigoureux pour des r\u00e9sultats fiables. Commander n","robots":{"index":"index","follow":"follow","max-snippet":"max-snippet:-1","max-image-preview":"max-image-preview:large","max-video-preview":"max-video-preview:-1"},"canonical":"https:\/\/chemsxpress.com\/fr\/produit\/acheter-bromazolam-de-haute-qualite\/","og_locale":"fr_FR","og_type":"article","og_title":"Bromazolam","og_description":"Buy High-Quality Bromazolam at ChemsXpress. Our premium-grade products undergo rigorous quality control for reliable results. Order n","og_url":"https:\/\/chemsxpress.com\/fr\/produit\/acheter-bromazolam-de-haute-qualite\/","og_site_name":"SHOP MDPHP","article_modified_time":"2025-05-28T19:26:59+00:00","og_image":[{"width":600,"height":600,"url":"https:\/\/chemsxpress.com\/wp-content\/uploads\/2024\/04\/Bromazolam.jpg","type":"image\/jpeg"}],"twitter_card":"summary_large_image","twitter_misc":{"Dur\u00e9e de lecture estim\u00e9e":"2 minutes"},"schema":{"@context":"https:\/\/schema.org","@graph":[{"@type":"WebPage","@id":"https:\/\/chemsxpress.com\/product\/buy-high-quality-bromazolam\/","url":"https:\/\/chemsxpress.com\/product\/buy-high-quality-bromazolam\/","name":"Acheter du Bromazolam de haute qualit\u00e9 en ligne | ChemsXpress","isPartOf":{"@id":"https:\/\/chemsxpress.com\/#website"},"primaryImageOfPage":{"@id":"https:\/\/chemsxpress.com\/product\/buy-high-quality-bromazolam\/#primaryimage"},"image":{"@id":"https:\/\/chemsxpress.com\/product\/buy-high-quality-bromazolam\/#primaryimage"},"thumbnailUrl":"https:\/\/chemsxpress.com\/wp-content\/uploads\/2024\/04\/Bromazolam.jpg","datePublished":"2024-04-29T13:14:14+00:00","dateModified":"2025-05-28T19:26:59+00:00","description":"Achetez du Bromazolam de haute qualit\u00e9 chez ChemsXpress. Nos produits de qualit\u00e9 sup\u00e9rieure sont soumis \u00e0 un contr\u00f4le de qualit\u00e9 rigoureux pour des r\u00e9sultats fiables. Commander n","breadcrumb":{"@id":"https:\/\/chemsxpress.com\/product\/buy-high-quality-bromazolam\/#breadcrumb"},"inLanguage":"fr-FR","potentialAction":[{"@type":"ReadAction","target":["https:\/\/chemsxpress.com\/product\/buy-high-quality-bromazolam\/"]}]},{"@type":"ImageObject","inLanguage":"fr-FR","@id":"https:\/\/chemsxpress.com\/product\/buy-high-quality-bromazolam\/#primaryimage","url":"https:\/\/chemsxpress.com\/wp-content\/uploads\/2024\/04\/Bromazolam.jpg","contentUrl":"https:\/\/chemsxpress.com\/wp-content\/uploads\/2024\/04\/Bromazolam.jpg","width":600,"height":600,"caption":"Buy High Quality Bromazolam"},{"@type":"BreadcrumbList","@id":"https:\/\/chemsxpress.com\/product\/buy-high-quality-bromazolam\/#breadcrumb","itemListElement":[{"@type":"ListItem","position":1,"name":"Home","item":"https:\/\/chemsxpress.com\/"},{"@type":"ListItem","position":2,"name":"Shop","item":"https:\/\/chemsxpress.com\/shop\/"},{"@type":"ListItem","position":3,"name":"Bromazolam"}]},{"@type":"WebSite","@id":"https:\/\/chemsxpress.com\/#website","url":"https:\/\/chemsxpress.com\/","name":"SHOP MDPHP","description":"Acheter MDPHP freebase aupr\u00e8s d'un fournisseur fiable","potentialAction":[{"@type":"SearchAction","target":{"@type":"EntryPoint","urlTemplate":"https:\/\/chemsxpress.com\/?s={search_term_string}"},"query-input":{"@type":"PropertyValueSpecification","valueRequired":true,"valueName":"search_term_string"}}],"inLanguage":"fr-FR"}]}},"jetpack_sharing_enabled":true,"_links":{"self":[{"href":"https:\/\/chemsxpress.com\/fr\/wp-json\/wp\/v2\/product\/28054","targetHints":{"allow":["GET"]}}],"collection":[{"href":"https:\/\/chemsxpress.com\/fr\/wp-json\/wp\/v2\/product"}],"about":[{"href":"https:\/\/chemsxpress.com\/fr\/wp-json\/wp\/v2\/types\/product"}],"replies":[{"embeddable":true,"href":"https:\/\/chemsxpress.com\/fr\/wp-json\/wp\/v2\/comments?post=28054"}],"version-history":[{"count":3,"href":"https:\/\/chemsxpress.com\/fr\/wp-json\/wp\/v2\/product\/28054\/revisions"}],"predecessor-version":[{"id":29866,"href":"https:\/\/chemsxpress.com\/fr\/wp-json\/wp\/v2\/product\/28054\/revisions\/29866"}],"wp:featuredmedia":[{"embeddable":true,"href":"https:\/\/chemsxpress.com\/fr\/wp-json\/wp\/v2\/media\/28079"}],"wp:attachment":[{"href":"https:\/\/chemsxpress.com\/fr\/wp-json\/wp\/v2\/media?parent=28054"}],"wp:term":[{"taxonomy":"product_brand","embeddable":true,"href":"https:\/\/chemsxpress.com\/fr\/wp-json\/wp\/v2\/product_brand?post=28054"},{"taxonomy":"product_cat","embeddable":true,"href":"https:\/\/chemsxpress.com\/fr\/wp-json\/wp\/v2\/product_cat?post=28054"},{"taxonomy":"product_tag","embeddable":true,"href":"https:\/\/chemsxpress.com\/fr\/wp-json\/wp\/v2\/product_tag?post=28054"}],"curies":[{"name":"wp","href":"https:\/\/api.w.org\/{rel}","templated":true}]}}