{"id":28056,"date":"2024-04-29T13:14:15","date_gmt":"2024-04-29T13:14:15","guid":{"rendered":"https:\/\/chemsxpress.com\/?post_type=product&#038;p=28056"},"modified":"2025-05-29T09:07:53","modified_gmt":"2025-05-29T09:07:53","slug":"buy-brown-5-mapb-online","status":"publish","type":"product","link":"https:\/\/chemsxpress.com\/fr\/produit\/buy-brown-5-mapb-online\/","title":{"rendered":"5-MAPB brun"},"content":{"rendered":"<h1>Acheter 5-MAPB marron<\/h1>\n<h4><strong>Bienvenue \u00e0 ChemsXpress : Votre source de confiance pour le Brown 5-MAPB<\/strong><\/h4>\n<p>Achetez du 5-MAPB brun, ChemsXpress est votre premi\u00e8re destination pour les produits chimiques de recherche de haute qualit\u00e9, y compris le 5-MAPB brun. Avec un engagement de qualit\u00e9, de s\u00e9curit\u00e9 et de satisfaction du client, nous nous effor\u00e7ons d'\u00eatre votre fournisseur de confiance pour tous vos besoins de recherche.<\/p>\n<p><strong>\u00c0 propos de Brown 5-MAPB<\/strong><\/p>\n<p>Le 5-MAPB brun, ou 5-(2-m\u00e9thylaminopropyl)benzofurane, est un compos\u00e9 synth\u00e9tique empathog\u00e8ne appartenant \u00e0 la classe des benzofuranes. Il est connu pour ses effets empathog\u00e8nes et entactog\u00e8nes, notamment l'augmentation de la sociabilit\u00e9, de l'empathie et des sentiments de connexion. Le 5-MAPB brun est principalement utilis\u00e9 \u00e0 des fins de recherche scientifique et n'est pas destin\u00e9 \u00e0 la consommation humaine.<\/p>\n<p><strong>Pourquoi choisir ChemsXpress pour le Brown 5-MAPB ?<\/strong><\/p>\n<ol>\n<li><strong>Assurance qualit\u00e9 :<\/strong> Notre 5-MAPB brun est synth\u00e9tis\u00e9 \u00e0 l'aide d'ingr\u00e9dients de la plus haute qualit\u00e9 et de proc\u00e9d\u00e9s de fabrication de pointe afin d'en garantir la puret\u00e9 et la coh\u00e9rence.<\/li>\n<li><strong>Test\u00e9 en laboratoire :<\/strong> Chaque lot de 5-MAPB brun est soumis \u00e0 des tests rigoureux dans des laboratoires ind\u00e9pendants afin de v\u00e9rifier son authenticit\u00e9, sa puissance et sa puret\u00e9.<\/li>\n<li><strong>Exp\u00e9dition discr\u00e8te :<\/strong> Nous comprenons l'importance de la confidentialit\u00e9 et de la discr\u00e9tion. Toutes les commandes sont emball\u00e9es discr\u00e8tement et exp\u00e9di\u00e9es en toute s\u00e9curit\u00e9 \u00e0 votre domicile.<\/li>\n<li><strong>Support client d\u00e9di\u00e9 :<\/strong> Notre \u00e9quipe d'assistance \u00e0 la client\u00e8le, comp\u00e9tente et amicale, est \u00e0 votre disposition pour r\u00e9pondre \u00e0 toutes vos questions et vous aider tout au long du processus de commande.<\/li>\n<\/ol>\n<p><strong>Commander le 5-MAPB brun en ligne aujourd'hui<\/strong><\/p>\n<p>Pr\u00eat \u00e0 vous lancer dans la recherche ? Parcourez notre s\u00e9lection de 5-MAPB brun et passez votre commande en toute confiance. Avec <a href=\"https:\/\/chemsxpress.com\/fr\/\">ChemsXpress<\/a>vous pouvez \u00eatre s\u00fbr de recevoir des produits chimiques de recherche de qualit\u00e9 sup\u00e9rieure pour vos travaux scientifiques.<\/p>","protected":false},"excerpt":{"rendered":"<p><strong>Nom IUPAC : <\/strong>(1-(benzofuran-5-yl)-N-m\u00e9thylpropan-2-amine)<\/p>\n<p><strong>CAS # <\/strong>1823925-53-6<\/p>\n<p><strong>Apparence : <\/strong>poudre brune<\/p>\n<p><strong>Forme : <\/strong>HCl<\/p>\n<p><strong>Analyse RMN : <\/strong>C12H15NO.HCL<\/p>","protected":false},"featured_media":28111,"comment_status":"open","ping_status":"closed","template":"","meta":[],"product_brand":[],"product_cat":[75],"product_tag":[],"class_list":{"0":"post-28056","1":"product","2":"type-product","3":"status-publish","4":"has-post-thumbnail","6":"product_cat-benzodiazepines","8":"first","9":"instock","10":"shipping-taxable","11":"purchasable","12":"product-type-variable"},"yoast_head":"<!-- This site is optimized with the Yoast SEO Premium plugin v24.1 (Yoast SEO v27.4) - https:\/\/yoast.com\/product\/yoast-seo-premium-wordpress\/ -->\n<title>Buy Brown 5-MAPB Online: High-Quality RC&#039;s | ChemsXpress<\/title>\n<meta name=\"description\" content=\"Buy brown 5-MAPB for your scientific experiments and studies. Quality-assured, lab-tested, and discreet shipping. Best prices and free shipping.\" \/>\n<meta name=\"robots\" content=\"index, follow, max-snippet:-1, max-image-preview:large, max-video-preview:-1\" \/>\n<link rel=\"canonical\" href=\"https:\/\/chemsxpress.com\/fr\/produit\/buy-brown-5-mapb-online\/\" \/>\n<meta property=\"og:locale\" content=\"fr_FR\" \/>\n<meta property=\"og:type\" content=\"article\" \/>\n<meta property=\"og:title\" content=\"5-MAPB brown\" \/>\n<meta property=\"og:description\" content=\"Buy brown 5-MAPB for your scientific experiments and studies. Quality-assured, lab-tested, and discreet shipping. Best prices and free shipping.\" \/>\n<meta property=\"og:url\" content=\"https:\/\/chemsxpress.com\/fr\/produit\/buy-brown-5-mapb-online\/\" \/>\n<meta property=\"og:site_name\" content=\"SHOP MDPHP\" \/>\n<meta property=\"article:modified_time\" content=\"2025-05-29T09:07:53+00:00\" \/>\n<meta property=\"og:image\" content=\"https:\/\/chemsxpress.com\/wp-content\/uploads\/2024\/04\/5-MAPB-brown.jpg\" \/>\n\t<meta property=\"og:image:width\" content=\"600\" \/>\n\t<meta property=\"og:image:height\" content=\"600\" \/>\n\t<meta property=\"og:image:type\" content=\"image\/jpeg\" \/>\n<meta name=\"twitter:card\" content=\"summary_large_image\" \/>\n<meta name=\"twitter:label1\" content=\"Dur\u00e9e de lecture estim\u00e9e\" \/>\n\t<meta name=\"twitter:data1\" content=\"2 minutes\" \/>\n<script type=\"application\/ld+json\" class=\"yoast-schema-graph\">{\"@context\":\"https:\\\/\\\/schema.org\",\"@graph\":[{\"@type\":\"WebPage\",\"@id\":\"https:\\\/\\\/chemsxpress.com\\\/product\\\/buy-brown-5-mapb-online\\\/\",\"url\":\"https:\\\/\\\/chemsxpress.com\\\/product\\\/buy-brown-5-mapb-online\\\/\",\"name\":\"Buy Brown 5-MAPB Online: High-Quality RC's | ChemsXpress\",\"isPartOf\":{\"@id\":\"https:\\\/\\\/chemsxpress.com\\\/#website\"},\"primaryImageOfPage\":{\"@id\":\"https:\\\/\\\/chemsxpress.com\\\/product\\\/buy-brown-5-mapb-online\\\/#primaryimage\"},\"image\":{\"@id\":\"https:\\\/\\\/chemsxpress.com\\\/product\\\/buy-brown-5-mapb-online\\\/#primaryimage\"},\"thumbnailUrl\":\"https:\\\/\\\/chemsxpress.com\\\/wp-content\\\/uploads\\\/2024\\\/04\\\/5-MAPB-brown.jpg\",\"datePublished\":\"2024-04-29T13:14:15+00:00\",\"dateModified\":\"2025-05-29T09:07:53+00:00\",\"description\":\"Buy brown 5-MAPB for your scientific experiments and studies. Quality-assured, lab-tested, and discreet shipping. Best prices and free shipping.\",\"breadcrumb\":{\"@id\":\"https:\\\/\\\/chemsxpress.com\\\/product\\\/buy-brown-5-mapb-online\\\/#breadcrumb\"},\"inLanguage\":\"fr-FR\",\"potentialAction\":[{\"@type\":\"ReadAction\",\"target\":[\"https:\\\/\\\/chemsxpress.com\\\/product\\\/buy-brown-5-mapb-online\\\/\"]}]},{\"@type\":\"ImageObject\",\"inLanguage\":\"fr-FR\",\"@id\":\"https:\\\/\\\/chemsxpress.com\\\/product\\\/buy-brown-5-mapb-online\\\/#primaryimage\",\"url\":\"https:\\\/\\\/chemsxpress.com\\\/wp-content\\\/uploads\\\/2024\\\/04\\\/5-MAPB-brown.jpg\",\"contentUrl\":\"https:\\\/\\\/chemsxpress.com\\\/wp-content\\\/uploads\\\/2024\\\/04\\\/5-MAPB-brown.jpg\",\"width\":600,\"height\":600,\"caption\":\"Buy brown 5-MAPB\"},{\"@type\":\"BreadcrumbList\",\"@id\":\"https:\\\/\\\/chemsxpress.com\\\/product\\\/buy-brown-5-mapb-online\\\/#breadcrumb\",\"itemListElement\":[{\"@type\":\"ListItem\",\"position\":1,\"name\":\"Home\",\"item\":\"https:\\\/\\\/chemsxpress.com\\\/\"},{\"@type\":\"ListItem\",\"position\":2,\"name\":\"Shop\",\"item\":\"https:\\\/\\\/chemsxpress.com\\\/shop\\\/\"},{\"@type\":\"ListItem\",\"position\":3,\"name\":\"5-MAPB brown\"}]},{\"@type\":\"WebSite\",\"@id\":\"https:\\\/\\\/chemsxpress.com\\\/#website\",\"url\":\"https:\\\/\\\/chemsxpress.com\\\/\",\"name\":\"SHOP MDPHP\",\"description\":\"Buy MDPHP freebase from reliable supplier\",\"potentialAction\":[{\"@type\":\"SearchAction\",\"target\":{\"@type\":\"EntryPoint\",\"urlTemplate\":\"https:\\\/\\\/chemsxpress.com\\\/?s={search_term_string}\"},\"query-input\":{\"@type\":\"PropertyValueSpecification\",\"valueRequired\":true,\"valueName\":\"search_term_string\"}}],\"inLanguage\":\"fr-FR\"}]}<\/script>\n<!-- \/ Yoast SEO Premium plugin. -->","yoast_head_json":{"title":"Acheter Brown 5-MAPB en ligne : ChemsXpress - RC's de haute qualit\u00e9","description":"Achetez du 5-MAPB brun pour vos exp\u00e9riences et \u00e9tudes scientifiques. Qualit\u00e9 assur\u00e9e, test\u00e9 en laboratoire et livraison discr\u00e8te. Meilleurs prix et livraison gratuite.","robots":{"index":"index","follow":"follow","max-snippet":"max-snippet:-1","max-image-preview":"max-image-preview:large","max-video-preview":"max-video-preview:-1"},"canonical":"https:\/\/chemsxpress.com\/fr\/produit\/buy-brown-5-mapb-online\/","og_locale":"fr_FR","og_type":"article","og_title":"5-MAPB brown","og_description":"Buy brown 5-MAPB for your scientific experiments and studies. Quality-assured, lab-tested, and discreet shipping. Best prices and free shipping.","og_url":"https:\/\/chemsxpress.com\/fr\/produit\/buy-brown-5-mapb-online\/","og_site_name":"SHOP MDPHP","article_modified_time":"2025-05-29T09:07:53+00:00","og_image":[{"width":600,"height":600,"url":"https:\/\/chemsxpress.com\/wp-content\/uploads\/2024\/04\/5-MAPB-brown.jpg","type":"image\/jpeg"}],"twitter_card":"summary_large_image","twitter_misc":{"Dur\u00e9e de lecture estim\u00e9e":"2 minutes"},"schema":{"@context":"https:\/\/schema.org","@graph":[{"@type":"WebPage","@id":"https:\/\/chemsxpress.com\/product\/buy-brown-5-mapb-online\/","url":"https:\/\/chemsxpress.com\/product\/buy-brown-5-mapb-online\/","name":"Acheter Brown 5-MAPB en ligne : ChemsXpress - RC's de haute qualit\u00e9","isPartOf":{"@id":"https:\/\/chemsxpress.com\/#website"},"primaryImageOfPage":{"@id":"https:\/\/chemsxpress.com\/product\/buy-brown-5-mapb-online\/#primaryimage"},"image":{"@id":"https:\/\/chemsxpress.com\/product\/buy-brown-5-mapb-online\/#primaryimage"},"thumbnailUrl":"https:\/\/chemsxpress.com\/wp-content\/uploads\/2024\/04\/5-MAPB-brown.jpg","datePublished":"2024-04-29T13:14:15+00:00","dateModified":"2025-05-29T09:07:53+00:00","description":"Achetez du 5-MAPB brun pour vos exp\u00e9riences et \u00e9tudes scientifiques. Qualit\u00e9 assur\u00e9e, test\u00e9 en laboratoire et livraison discr\u00e8te. Meilleurs prix et livraison gratuite.","breadcrumb":{"@id":"https:\/\/chemsxpress.com\/product\/buy-brown-5-mapb-online\/#breadcrumb"},"inLanguage":"fr-FR","potentialAction":[{"@type":"ReadAction","target":["https:\/\/chemsxpress.com\/product\/buy-brown-5-mapb-online\/"]}]},{"@type":"ImageObject","inLanguage":"fr-FR","@id":"https:\/\/chemsxpress.com\/product\/buy-brown-5-mapb-online\/#primaryimage","url":"https:\/\/chemsxpress.com\/wp-content\/uploads\/2024\/04\/5-MAPB-brown.jpg","contentUrl":"https:\/\/chemsxpress.com\/wp-content\/uploads\/2024\/04\/5-MAPB-brown.jpg","width":600,"height":600,"caption":"Buy brown 5-MAPB"},{"@type":"BreadcrumbList","@id":"https:\/\/chemsxpress.com\/product\/buy-brown-5-mapb-online\/#breadcrumb","itemListElement":[{"@type":"ListItem","position":1,"name":"Home","item":"https:\/\/chemsxpress.com\/"},{"@type":"ListItem","position":2,"name":"Shop","item":"https:\/\/chemsxpress.com\/shop\/"},{"@type":"ListItem","position":3,"name":"5-MAPB brown"}]},{"@type":"WebSite","@id":"https:\/\/chemsxpress.com\/#website","url":"https:\/\/chemsxpress.com\/","name":"SHOP MDPHP","description":"Acheter MDPHP freebase aupr\u00e8s d'un fournisseur fiable","potentialAction":[{"@type":"SearchAction","target":{"@type":"EntryPoint","urlTemplate":"https:\/\/chemsxpress.com\/?s={search_term_string}"},"query-input":{"@type":"PropertyValueSpecification","valueRequired":true,"valueName":"search_term_string"}}],"inLanguage":"fr-FR"}]}},"jetpack_sharing_enabled":true,"_links":{"self":[{"href":"https:\/\/chemsxpress.com\/fr\/wp-json\/wp\/v2\/product\/28056","targetHints":{"allow":["GET"]}}],"collection":[{"href":"https:\/\/chemsxpress.com\/fr\/wp-json\/wp\/v2\/product"}],"about":[{"href":"https:\/\/chemsxpress.com\/fr\/wp-json\/wp\/v2\/types\/product"}],"replies":[{"embeddable":true,"href":"https:\/\/chemsxpress.com\/fr\/wp-json\/wp\/v2\/comments?post=28056"}],"version-history":[{"count":3,"href":"https:\/\/chemsxpress.com\/fr\/wp-json\/wp\/v2\/product\/28056\/revisions"}],"predecessor-version":[{"id":29850,"href":"https:\/\/chemsxpress.com\/fr\/wp-json\/wp\/v2\/product\/28056\/revisions\/29850"}],"wp:featuredmedia":[{"embeddable":true,"href":"https:\/\/chemsxpress.com\/fr\/wp-json\/wp\/v2\/media\/28111"}],"wp:attachment":[{"href":"https:\/\/chemsxpress.com\/fr\/wp-json\/wp\/v2\/media?parent=28056"}],"wp:term":[{"taxonomy":"product_brand","embeddable":true,"href":"https:\/\/chemsxpress.com\/fr\/wp-json\/wp\/v2\/product_brand?post=28056"},{"taxonomy":"product_cat","embeddable":true,"href":"https:\/\/chemsxpress.com\/fr\/wp-json\/wp\/v2\/product_cat?post=28056"},{"taxonomy":"product_tag","embeddable":true,"href":"https:\/\/chemsxpress.com\/fr\/wp-json\/wp\/v2\/product_tag?post=28056"}],"curies":[{"name":"wp","href":"https:\/\/api.w.org\/{rel}","templated":true}]}}