{"id":28057,"date":"2024-04-29T13:14:15","date_gmt":"2024-04-29T13:14:15","guid":{"rendered":"https:\/\/chemsxpress.com\/?post_type=product&#038;p=28057"},"modified":"2024-05-05T07:46:30","modified_gmt":"2024-05-05T07:46:30","slug":"acheter-5-dbfpv-en-ligne","status":"publish","type":"product","link":"https:\/\/chemsxpress.com\/fr\/produit\/acheter-5-dbfpv-en-ligne\/","title":{"rendered":"5-DBFPV"},"content":{"rendered":"<h1>Acheter le 5-DBFPV en ligne<\/h1>\n<h4><strong>Bienvenue \u00e0 ChemsXpress : Votre source de confiance pour le 5-DBFPV<\/strong><\/h4>\n<p>Achetez le 5-DBFPV en ligne, ChemsXpress est votre premi\u00e8re destination pour les produits chimiques de recherche de haute qualit\u00e9, y compris le 5-DBFPV. Avec un engagement de qualit\u00e9, de s\u00e9curit\u00e9 et de satisfaction du client, nous nous effor\u00e7ons d'\u00eatre votre fournisseur de confiance pour tous vos besoins de recherche.<\/p>\n<p><strong>\u00c0 propos de 5-DBFPV<\/strong><\/p>\n<p>Le 5-DBFPV, ou 1-(5-fluoropentyl)-2-(1-benzofuran-5-yl)pentan-1-one, est un d\u00e9riv\u00e9 synth\u00e9tique de la cathinone aux propri\u00e9t\u00e9s stimulantes. Il appartient \u00e0 la classe des cathinones substitu\u00e9es et est principalement utilis\u00e9 \u00e0 des fins de recherche scientifique. Le 5-DBFPV est connu pour ses effets sur la recapture de la dopamine et de la nor\u00e9pin\u00e9phrine, ce qui entra\u00eene une augmentation de la vigilance, de la concentration et de l'euphorie.<\/p>\n<p><strong>Pourquoi choisir ChemsXpress pour le 5-DBFPV ?<\/strong><\/p>\n<ol>\n<li><strong>Assurance qualit\u00e9 :<\/strong> Notre 5-DBFPV est synth\u00e9tis\u00e9 \u00e0 l'aide d'ingr\u00e9dients de la plus haute qualit\u00e9 et de proc\u00e9d\u00e9s de fabrication de pointe afin d'en garantir la puret\u00e9 et la coh\u00e9rence.<\/li>\n<li><strong>Test\u00e9 en laboratoire :<\/strong> Chaque lot de 5-DBFPV est soumis \u00e0 des tests rigoureux dans des laboratoires ind\u00e9pendants afin de v\u00e9rifier son authenticit\u00e9, sa puissance et sa puret\u00e9.<\/li>\n<li><strong>Exp\u00e9dition discr\u00e8te :<\/strong> Nous comprenons l'importance de la confidentialit\u00e9 et de la discr\u00e9tion. Toutes les commandes sont emball\u00e9es discr\u00e8tement et exp\u00e9di\u00e9es en toute s\u00e9curit\u00e9 \u00e0 votre domicile.<\/li>\n<li><strong>Support client d\u00e9di\u00e9 :<\/strong> Notre \u00e9quipe d'assistance \u00e0 la client\u00e8le, comp\u00e9tente et amicale, est \u00e0 votre disposition pour r\u00e9pondre \u00e0 toutes vos questions et vous aider tout au long du processus de commande.<\/li>\n<\/ol>\n<p><strong>Commander le 5-DBFPV en ligne aujourd'hui<\/strong><\/p>\n<p>Pr\u00eat \u00e0 vous lancer dans la recherche ? Parcourez notre s\u00e9lection de 5-DBFPV et passez votre commande en toute confiance. Avec <a href=\"https:\/\/chemsxpress.com\/fr\/\">ChemsXpress<\/a>vous pouvez \u00eatre s\u00fbr de recevoir des produits chimiques de recherche de qualit\u00e9 sup\u00e9rieure pour vos travaux scientifiques.<\/p>","protected":false},"excerpt":{"rendered":"<p><strong>Nom IUPAC : <\/strong>1-(2,3-dihydrobenzofuran-5-yl)-2-(pyrrolidine-1-yl)pentan-1-one<\/p>\n<p><strong>CAS # <\/strong>1620807-94-4<\/p>\n<p><strong>Apparence : <\/strong>poudre<\/p>\n<p><strong>Analyse RMN : <\/strong>N\/A<\/p>","protected":false},"featured_media":28114,"comment_status":"open","ping_status":"closed","template":"","meta":[],"product_brand":[],"product_cat":[76],"product_tag":[],"class_list":{"0":"post-28057","1":"product","2":"type-product","3":"status-publish","4":"has-post-thumbnail","6":"product_cat-benzofurans","8":"first","9":"instock","10":"shipping-taxable","11":"purchasable","12":"product-type-variable"},"yoast_head":"<!-- This site is optimized with the Yoast SEO Premium plugin v24.1 (Yoast SEO v27.5) - https:\/\/yoast.com\/product\/yoast-seo-premium-wordpress\/ -->\n<title>Buy 5-DBFPV Online:Quality Research Chems | ChemsXpress<\/title>\n<meta name=\"description\" content=\"Buy 5-DBFPV for your scientific experiments and studies. Quality-assured, lab-tested, and discreet shipping. Discount 50% on bulk order.\" \/>\n<meta name=\"robots\" content=\"index, follow, max-snippet:-1, max-image-preview:large, max-video-preview:-1\" \/>\n<link rel=\"canonical\" href=\"https:\/\/chemsxpress.com\/fr\/produit\/acheter-5-dbfpv-en-ligne\/\" \/>\n<meta property=\"og:locale\" content=\"fr_FR\" \/>\n<meta property=\"og:type\" content=\"article\" \/>\n<meta property=\"og:title\" content=\"5-DBFPV\" \/>\n<meta property=\"og:description\" content=\"Buy 5-DBFPV for your scientific experiments and studies. Quality-assured, lab-tested, and discreet shipping. Discount 50% on bulk order.\" \/>\n<meta property=\"og:url\" content=\"https:\/\/chemsxpress.com\/fr\/produit\/acheter-5-dbfpv-en-ligne\/\" \/>\n<meta property=\"og:site_name\" content=\"SHOP MDPHP\" \/>\n<meta property=\"article:modified_time\" content=\"2024-05-05T07:46:30+00:00\" \/>\n<meta property=\"og:image\" content=\"https:\/\/chemsxpress.com\/wp-content\/uploads\/2024\/04\/5-DBFPV.jpg\" \/>\n\t<meta property=\"og:image:width\" content=\"600\" \/>\n\t<meta property=\"og:image:height\" content=\"600\" \/>\n\t<meta property=\"og:image:type\" content=\"image\/jpeg\" \/>\n<meta name=\"twitter:card\" content=\"summary_large_image\" \/>\n<meta name=\"twitter:label1\" content=\"Dur\u00e9e de lecture estim\u00e9e\" \/>\n\t<meta name=\"twitter:data1\" content=\"2 minutes\" \/>\n<script type=\"application\/ld+json\" class=\"yoast-schema-graph\">{\"@context\":\"https:\\\/\\\/schema.org\",\"@graph\":[{\"@type\":\"WebPage\",\"@id\":\"https:\\\/\\\/chemsxpress.com\\\/product\\\/buy-5-dbfpv-online\\\/\",\"url\":\"https:\\\/\\\/chemsxpress.com\\\/product\\\/buy-5-dbfpv-online\\\/\",\"name\":\"Buy 5-DBFPV Online:Quality Research Chems | ChemsXpress\",\"isPartOf\":{\"@id\":\"https:\\\/\\\/chemsxpress.com\\\/#website\"},\"primaryImageOfPage\":{\"@id\":\"https:\\\/\\\/chemsxpress.com\\\/product\\\/buy-5-dbfpv-online\\\/#primaryimage\"},\"image\":{\"@id\":\"https:\\\/\\\/chemsxpress.com\\\/product\\\/buy-5-dbfpv-online\\\/#primaryimage\"},\"thumbnailUrl\":\"https:\\\/\\\/chemsxpress.com\\\/wp-content\\\/uploads\\\/2024\\\/04\\\/5-DBFPV.jpg\",\"datePublished\":\"2024-04-29T13:14:15+00:00\",\"dateModified\":\"2024-05-05T07:46:30+00:00\",\"description\":\"Buy 5-DBFPV for your scientific experiments and studies. Quality-assured, lab-tested, and discreet shipping. Discount 50% on bulk order.\",\"breadcrumb\":{\"@id\":\"https:\\\/\\\/chemsxpress.com\\\/product\\\/buy-5-dbfpv-online\\\/#breadcrumb\"},\"inLanguage\":\"fr-FR\",\"potentialAction\":[{\"@type\":\"ReadAction\",\"target\":[\"https:\\\/\\\/chemsxpress.com\\\/product\\\/buy-5-dbfpv-online\\\/\"]}]},{\"@type\":\"ImageObject\",\"inLanguage\":\"fr-FR\",\"@id\":\"https:\\\/\\\/chemsxpress.com\\\/product\\\/buy-5-dbfpv-online\\\/#primaryimage\",\"url\":\"https:\\\/\\\/chemsxpress.com\\\/wp-content\\\/uploads\\\/2024\\\/04\\\/5-DBFPV.jpg\",\"contentUrl\":\"https:\\\/\\\/chemsxpress.com\\\/wp-content\\\/uploads\\\/2024\\\/04\\\/5-DBFPV.jpg\",\"width\":600,\"height\":600,\"caption\":\"Buy 5-DBFPV online\"},{\"@type\":\"BreadcrumbList\",\"@id\":\"https:\\\/\\\/chemsxpress.com\\\/product\\\/buy-5-dbfpv-online\\\/#breadcrumb\",\"itemListElement\":[{\"@type\":\"ListItem\",\"position\":1,\"name\":\"Home\",\"item\":\"https:\\\/\\\/chemsxpress.com\\\/\"},{\"@type\":\"ListItem\",\"position\":2,\"name\":\"Shop\",\"item\":\"https:\\\/\\\/chemsxpress.com\\\/shop\\\/\"},{\"@type\":\"ListItem\",\"position\":3,\"name\":\"5-DBFPV\"}]},{\"@type\":\"WebSite\",\"@id\":\"https:\\\/\\\/chemsxpress.com\\\/#website\",\"url\":\"https:\\\/\\\/chemsxpress.com\\\/\",\"name\":\"SHOP MDPHP\",\"description\":\"Buy MDPHP freebase from reliable supplier\",\"potentialAction\":[{\"@type\":\"SearchAction\",\"target\":{\"@type\":\"EntryPoint\",\"urlTemplate\":\"https:\\\/\\\/chemsxpress.com\\\/?s={search_term_string}\"},\"query-input\":{\"@type\":\"PropertyValueSpecification\",\"valueRequired\":true,\"valueName\":\"search_term_string\"}}],\"inLanguage\":\"fr-FR\"}]}<\/script>\n<!-- \/ Yoast SEO Premium plugin. -->","yoast_head_json":{"title":"Achetez du 5-DBFPV en ligne\u00a0: produits chimiques de recherche de qualit\u00e9 | ChemsXpress","description":"Achetez du 5-MAPB brun pour vos exp\u00e9riences et \u00e9tudes scientifiques. Qualit\u00e9 assur\u00e9e, test\u00e9 en laboratoire et livraison discr\u00e8te. Meilleurs prix et livraison gratuite.","robots":{"index":"index","follow":"follow","max-snippet":"max-snippet:-1","max-image-preview":"max-image-preview:large","max-video-preview":"max-video-preview:-1"},"canonical":"https:\/\/chemsxpress.com\/fr\/produit\/acheter-5-dbfpv-en-ligne\/","og_locale":"fr_FR","og_type":"article","og_title":"5-DBFPV","og_description":"Buy 5-DBFPV for your scientific experiments and studies. Quality-assured, lab-tested, and discreet shipping. Discount 50% on bulk order.","og_url":"https:\/\/chemsxpress.com\/fr\/produit\/acheter-5-dbfpv-en-ligne\/","og_site_name":"SHOP MDPHP","article_modified_time":"2024-05-05T07:46:30+00:00","og_image":[{"width":600,"height":600,"url":"https:\/\/chemsxpress.com\/wp-content\/uploads\/2024\/04\/5-DBFPV.jpg","type":"image\/jpeg"}],"twitter_card":"summary_large_image","twitter_misc":{"Dur\u00e9e de lecture estim\u00e9e":"2 minutes"},"schema":{"@context":"https:\/\/schema.org","@graph":[{"@type":"WebPage","@id":"https:\/\/chemsxpress.com\/product\/buy-5-dbfpv-online\/","url":"https:\/\/chemsxpress.com\/product\/buy-5-dbfpv-online\/","name":"Achetez du 5-DBFPV en ligne\u00a0: produits chimiques de recherche de qualit\u00e9 | ChemsXpress","isPartOf":{"@id":"https:\/\/chemsxpress.com\/#website"},"primaryImageOfPage":{"@id":"https:\/\/chemsxpress.com\/product\/buy-5-dbfpv-online\/#primaryimage"},"image":{"@id":"https:\/\/chemsxpress.com\/product\/buy-5-dbfpv-online\/#primaryimage"},"thumbnailUrl":"https:\/\/chemsxpress.com\/wp-content\/uploads\/2024\/04\/5-DBFPV.jpg","datePublished":"2024-04-29T13:14:15+00:00","dateModified":"2024-05-05T07:46:30+00:00","description":"Achetez du 5-MAPB brun pour vos exp\u00e9riences et \u00e9tudes scientifiques. Qualit\u00e9 assur\u00e9e, test\u00e9 en laboratoire et livraison discr\u00e8te. Meilleurs prix et livraison gratuite.","breadcrumb":{"@id":"https:\/\/chemsxpress.com\/product\/buy-5-dbfpv-online\/#breadcrumb"},"inLanguage":"fr-FR","potentialAction":[{"@type":"ReadAction","target":["https:\/\/chemsxpress.com\/product\/buy-5-dbfpv-online\/"]}]},{"@type":"ImageObject","inLanguage":"fr-FR","@id":"https:\/\/chemsxpress.com\/product\/buy-5-dbfpv-online\/#primaryimage","url":"https:\/\/chemsxpress.com\/wp-content\/uploads\/2024\/04\/5-DBFPV.jpg","contentUrl":"https:\/\/chemsxpress.com\/wp-content\/uploads\/2024\/04\/5-DBFPV.jpg","width":600,"height":600,"caption":"Buy 5-DBFPV online"},{"@type":"BreadcrumbList","@id":"https:\/\/chemsxpress.com\/product\/buy-5-dbfpv-online\/#breadcrumb","itemListElement":[{"@type":"ListItem","position":1,"name":"Home","item":"https:\/\/chemsxpress.com\/"},{"@type":"ListItem","position":2,"name":"Shop","item":"https:\/\/chemsxpress.com\/shop\/"},{"@type":"ListItem","position":3,"name":"5-DBFPV"}]},{"@type":"WebSite","@id":"https:\/\/chemsxpress.com\/#website","url":"https:\/\/chemsxpress.com\/","name":"SHOP MDPHP","description":"Acheter MDPHP freebase aupr\u00e8s d'un fournisseur fiable","potentialAction":[{"@type":"SearchAction","target":{"@type":"EntryPoint","urlTemplate":"https:\/\/chemsxpress.com\/?s={search_term_string}"},"query-input":{"@type":"PropertyValueSpecification","valueRequired":true,"valueName":"search_term_string"}}],"inLanguage":"fr-FR"}]}},"jetpack_sharing_enabled":true,"_links":{"self":[{"href":"https:\/\/chemsxpress.com\/fr\/wp-json\/wp\/v2\/product\/28057","targetHints":{"allow":["GET"]}}],"collection":[{"href":"https:\/\/chemsxpress.com\/fr\/wp-json\/wp\/v2\/product"}],"about":[{"href":"https:\/\/chemsxpress.com\/fr\/wp-json\/wp\/v2\/types\/product"}],"replies":[{"embeddable":true,"href":"https:\/\/chemsxpress.com\/fr\/wp-json\/wp\/v2\/comments?post=28057"}],"version-history":[{"count":3,"href":"https:\/\/chemsxpress.com\/fr\/wp-json\/wp\/v2\/product\/28057\/revisions"}],"predecessor-version":[{"id":29852,"href":"https:\/\/chemsxpress.com\/fr\/wp-json\/wp\/v2\/product\/28057\/revisions\/29852"}],"wp:featuredmedia":[{"embeddable":true,"href":"https:\/\/chemsxpress.com\/fr\/wp-json\/wp\/v2\/media\/28114"}],"wp:attachment":[{"href":"https:\/\/chemsxpress.com\/fr\/wp-json\/wp\/v2\/media?parent=28057"}],"wp:term":[{"taxonomy":"product_brand","embeddable":true,"href":"https:\/\/chemsxpress.com\/fr\/wp-json\/wp\/v2\/product_brand?post=28057"},{"taxonomy":"product_cat","embeddable":true,"href":"https:\/\/chemsxpress.com\/fr\/wp-json\/wp\/v2\/product_cat?post=28057"},{"taxonomy":"product_tag","embeddable":true,"href":"https:\/\/chemsxpress.com\/fr\/wp-json\/wp\/v2\/product_tag?post=28057"}],"curies":[{"name":"wp","href":"https:\/\/api.w.org\/{rel}","templated":true}]}}