{"id":28060,"date":"2024-04-29T13:14:15","date_gmt":"2024-04-29T13:14:15","guid":{"rendered":"https:\/\/chemsxpress.com\/?post_type=product&#038;p=28060"},"modified":"2024-07-04T23:42:02","modified_gmt":"2024-07-04T23:42:02","slug":"buy-1v-lsd-online-premium-quality-research-chemicals-chemsxpress","status":"publish","type":"product","link":"https:\/\/chemsxpress.com\/fr\/produit\/buy-1v-lsd-online-premium-quality-research-chemicals-chemsxpress\/","title":{"rendered":"1V-LSD 150mcg Blotters"},"content":{"rendered":"<h1>Acheter 1V-LSD<\/h1>\n<p>Acheter 1V-LSD. Le LSD, ou di\u00e9thylamide de l'acide lysergique, est une puissante drogue psych\u00e9d\u00e9lique connue pour ses effets hallucinog\u00e8nes. Il est d\u00e9riv\u00e9 de l'ergot de seigle, un champignon qui pousse sur certaines c\u00e9r\u00e9ales. Le LSD est g\u00e9n\u00e9ralement consomm\u00e9 par voie orale et induit des alt\u00e9rations de la perception, de l'humeur et de la conscience. Les effets peuvent inclure des hallucinations visuelles et auditives, des changements dans les sch\u00e9mas de pens\u00e9e et un sentiment accru de spiritualit\u00e9 ou d'interd\u00e9pendance.<\/p>\n<p>Bien que le LSD ne soit pas consid\u00e9r\u00e9 comme une d\u00e9pendance physique, il peut entra\u00eener une d\u00e9pendance psychologique chez certains individus. Son utilisation comporte des risques, notamment des exp\u00e9riences potentiellement intenses et impr\u00e9visibles (connues sous le nom de \"bad trips\"), ainsi que des r\u00e9actions ind\u00e9sirables telles que l'anxi\u00e9t\u00e9, la parano\u00efa et la psychose, en particulier chez les personnes pr\u00e9dispos\u00e9es \u00e0 des probl\u00e8mes de sant\u00e9 mentale.<\/p>\n<p>Le LSD est class\u00e9 parmi les substances contr\u00f4l\u00e9es de l'annexe I dans de nombreux pays en raison de son potentiel d'abus et de l'absence d'usage m\u00e9dical reconnu. Toutefois, des recherches sont en cours sur son potentiel th\u00e9rapeutique pour des affections telles que la d\u00e9pression, l'anxi\u00e9t\u00e9 et la toxicomanie.<\/p>\n<p>Il est essentiel d'aborder la consommation de LSD avec prudence et d'\u00eatre conscient du statut l\u00e9gal et des risques potentiels associ\u00e9s \u00e0 sa consommation. Si vous avez des questions sp\u00e9cifiques sur le LSD ou ses effets, n'h\u00e9sitez pas \u00e0 les poser !<\/p>\n<p>Pr\u00eat \u00e0 \u00e9lever votre recherche \u00e0 de nouveaux sommets ? Parcourez notre s\u00e9lection de 1V-LSD de premi\u00e8re qualit\u00e9 et passez votre commande en toute confiance. Gr\u00e2ce \u00e0 notre processus de commande efficace et \u00e0 notre livraison rapide, vous aurez votre <a href=\"https:\/\/chemsxpress.com\/fr\/categorie-produit\/produits-chimiques-de-recherche\/\">recherche chimique<\/a> en un rien de temps, pr\u00eat \u00e0 alimenter vos exp\u00e9riences.<\/p>\n<p>Confiance <a href=\"https:\/\/chemsxpress.com\/fr\/\">ChemsXpress<\/a> comme votre partenaire dans l'exploration scientifique. Commandez votre Buy 1V-LSD d\u00e8s aujourd'hui et lib\u00e9rez le potentiel de votre recherche.<\/p>","protected":false},"excerpt":{"rendered":"<p><strong>Apparence : <\/strong>buvards<\/p>\n<p><strong>Forme : <\/strong>buvards<\/p>","protected":false},"featured_media":28131,"comment_status":"open","ping_status":"closed","template":"","meta":[],"product_brand":[],"product_cat":[77],"product_tag":[],"class_list":{"0":"post-28060","1":"product","2":"type-product","3":"status-publish","4":"has-post-thumbnail","6":"product_cat-blotters","8":"first","9":"instock","10":"shipping-taxable","11":"purchasable","12":"product-type-variable"},"yoast_head":"<!-- This site is optimized with the Yoast SEO Premium plugin v24.1 (Yoast SEO v27.4) - https:\/\/yoast.com\/product\/yoast-seo-premium-wordpress\/ -->\n<title>1V-LSD 150mcg Blotters - SHOP MDPHP<\/title>\n<meta name=\"description\" content=\"Buy 1V-LSD from ChemsXpress. With exceptional quality, comprehensive testing, discreet packaging. Order Now and get 50 discount\" \/>\n<meta name=\"robots\" content=\"index, follow, max-snippet:-1, max-image-preview:large, max-video-preview:-1\" \/>\n<link rel=\"canonical\" href=\"https:\/\/chemsxpress.com\/fr\/produit\/buy-1v-lsd-online-premium-quality-research-chemicals-chemsxpress\/\" \/>\n<meta property=\"og:locale\" content=\"fr_FR\" \/>\n<meta property=\"og:type\" content=\"article\" \/>\n<meta property=\"og:title\" content=\"1V-LSD 150mcg Blotters\" \/>\n<meta property=\"og:description\" content=\"Buy 1V-LSD from ChemsXpress. With exceptional quality, comprehensive testing, discreet packaging. Order Now and get 50 discount\" \/>\n<meta property=\"og:url\" content=\"https:\/\/chemsxpress.com\/fr\/produit\/buy-1v-lsd-online-premium-quality-research-chemicals-chemsxpress\/\" \/>\n<meta property=\"og:site_name\" content=\"SHOP MDPHP\" \/>\n<meta property=\"article:modified_time\" content=\"2024-07-04T23:42:02+00:00\" \/>\n<meta property=\"og:image\" content=\"https:\/\/chemsxpress.com\/wp-content\/uploads\/2024\/04\/1V-LSD-150mcg-Blotters.jpg\" \/>\n\t<meta property=\"og:image:width\" content=\"600\" \/>\n\t<meta property=\"og:image:height\" content=\"600\" \/>\n\t<meta property=\"og:image:type\" content=\"image\/jpeg\" \/>\n<meta name=\"twitter:card\" content=\"summary_large_image\" \/>\n<meta name=\"twitter:label1\" content=\"Dur\u00e9e de lecture estim\u00e9e\" \/>\n\t<meta name=\"twitter:data1\" content=\"2 minutes\" \/>\n<script type=\"application\/ld+json\" class=\"yoast-schema-graph\">{\"@context\":\"https:\\\/\\\/schema.org\",\"@graph\":[{\"@type\":\"WebPage\",\"@id\":\"https:\\\/\\\/chemsxpress.com\\\/product\\\/buy-1v-lsd-online-premium-quality-research-chemicals-chemsxpress\\\/\",\"url\":\"https:\\\/\\\/chemsxpress.com\\\/product\\\/buy-1v-lsd-online-premium-quality-research-chemicals-chemsxpress\\\/\",\"name\":\"1V-LSD 150mcg Blotters - SHOP MDPHP\",\"isPartOf\":{\"@id\":\"https:\\\/\\\/chemsxpress.com\\\/#website\"},\"primaryImageOfPage\":{\"@id\":\"https:\\\/\\\/chemsxpress.com\\\/product\\\/buy-1v-lsd-online-premium-quality-research-chemicals-chemsxpress\\\/#primaryimage\"},\"image\":{\"@id\":\"https:\\\/\\\/chemsxpress.com\\\/product\\\/buy-1v-lsd-online-premium-quality-research-chemicals-chemsxpress\\\/#primaryimage\"},\"thumbnailUrl\":\"https:\\\/\\\/chemsxpress.com\\\/wp-content\\\/uploads\\\/2024\\\/04\\\/1V-LSD-150mcg-Blotters.jpg\",\"datePublished\":\"2024-04-29T13:14:15+00:00\",\"dateModified\":\"2024-07-04T23:42:02+00:00\",\"description\":\"Buy 1V-LSD from ChemsXpress. With exceptional quality, comprehensive testing, discreet packaging. Order Now and get 50 discount\",\"breadcrumb\":{\"@id\":\"https:\\\/\\\/chemsxpress.com\\\/product\\\/buy-1v-lsd-online-premium-quality-research-chemicals-chemsxpress\\\/#breadcrumb\"},\"inLanguage\":\"fr-FR\",\"potentialAction\":[{\"@type\":\"ReadAction\",\"target\":[\"https:\\\/\\\/chemsxpress.com\\\/product\\\/buy-1v-lsd-online-premium-quality-research-chemicals-chemsxpress\\\/\"]}]},{\"@type\":\"ImageObject\",\"inLanguage\":\"fr-FR\",\"@id\":\"https:\\\/\\\/chemsxpress.com\\\/product\\\/buy-1v-lsd-online-premium-quality-research-chemicals-chemsxpress\\\/#primaryimage\",\"url\":\"https:\\\/\\\/chemsxpress.com\\\/wp-content\\\/uploads\\\/2024\\\/04\\\/1V-LSD-150mcg-Blotters.jpg\",\"contentUrl\":\"https:\\\/\\\/chemsxpress.com\\\/wp-content\\\/uploads\\\/2024\\\/04\\\/1V-LSD-150mcg-Blotters.jpg\",\"width\":600,\"height\":600,\"caption\":\"1V-LSD\"},{\"@type\":\"BreadcrumbList\",\"@id\":\"https:\\\/\\\/chemsxpress.com\\\/product\\\/buy-1v-lsd-online-premium-quality-research-chemicals-chemsxpress\\\/#breadcrumb\",\"itemListElement\":[{\"@type\":\"ListItem\",\"position\":1,\"name\":\"Home\",\"item\":\"https:\\\/\\\/chemsxpress.com\\\/\"},{\"@type\":\"ListItem\",\"position\":2,\"name\":\"Shop\",\"item\":\"https:\\\/\\\/chemsxpress.com\\\/shop\\\/\"},{\"@type\":\"ListItem\",\"position\":3,\"name\":\"1V-LSD 150mcg Blotters\"}]},{\"@type\":\"WebSite\",\"@id\":\"https:\\\/\\\/chemsxpress.com\\\/#website\",\"url\":\"https:\\\/\\\/chemsxpress.com\\\/\",\"name\":\"SHOP MDPHP\",\"description\":\"Buy MDPHP freebase from reliable supplier\",\"potentialAction\":[{\"@type\":\"SearchAction\",\"target\":{\"@type\":\"EntryPoint\",\"urlTemplate\":\"https:\\\/\\\/chemsxpress.com\\\/?s={search_term_string}\"},\"query-input\":{\"@type\":\"PropertyValueSpecification\",\"valueRequired\":true,\"valueName\":\"search_term_string\"}}],\"inLanguage\":\"fr-FR\"}]}<\/script>\n<!-- \/ Yoast SEO Premium plugin. -->","yoast_head_json":{"title":"1V-LSD 150mcg Blotters - SHOP MDPHP","description":"Achetez 1V-LSD sur ChemsXpress. Une qualit\u00e9 exceptionnelle, des tests complets, un emballage discret. Commandez maintenant et b\u00e9n\u00e9ficiez d'une remise de 50","robots":{"index":"index","follow":"follow","max-snippet":"max-snippet:-1","max-image-preview":"max-image-preview:large","max-video-preview":"max-video-preview:-1"},"canonical":"https:\/\/chemsxpress.com\/fr\/produit\/buy-1v-lsd-online-premium-quality-research-chemicals-chemsxpress\/","og_locale":"fr_FR","og_type":"article","og_title":"1V-LSD 150mcg Blotters","og_description":"Buy 1V-LSD from ChemsXpress. With exceptional quality, comprehensive testing, discreet packaging. Order Now and get 50 discount","og_url":"https:\/\/chemsxpress.com\/fr\/produit\/buy-1v-lsd-online-premium-quality-research-chemicals-chemsxpress\/","og_site_name":"SHOP MDPHP","article_modified_time":"2024-07-04T23:42:02+00:00","og_image":[{"width":600,"height":600,"url":"https:\/\/chemsxpress.com\/wp-content\/uploads\/2024\/04\/1V-LSD-150mcg-Blotters.jpg","type":"image\/jpeg"}],"twitter_card":"summary_large_image","twitter_misc":{"Dur\u00e9e de lecture estim\u00e9e":"2 minutes"},"schema":{"@context":"https:\/\/schema.org","@graph":[{"@type":"WebPage","@id":"https:\/\/chemsxpress.com\/product\/buy-1v-lsd-online-premium-quality-research-chemicals-chemsxpress\/","url":"https:\/\/chemsxpress.com\/product\/buy-1v-lsd-online-premium-quality-research-chemicals-chemsxpress\/","name":"1V-LSD 150mcg Blotters - SHOP MDPHP","isPartOf":{"@id":"https:\/\/chemsxpress.com\/#website"},"primaryImageOfPage":{"@id":"https:\/\/chemsxpress.com\/product\/buy-1v-lsd-online-premium-quality-research-chemicals-chemsxpress\/#primaryimage"},"image":{"@id":"https:\/\/chemsxpress.com\/product\/buy-1v-lsd-online-premium-quality-research-chemicals-chemsxpress\/#primaryimage"},"thumbnailUrl":"https:\/\/chemsxpress.com\/wp-content\/uploads\/2024\/04\/1V-LSD-150mcg-Blotters.jpg","datePublished":"2024-04-29T13:14:15+00:00","dateModified":"2024-07-04T23:42:02+00:00","description":"Achetez 1V-LSD sur ChemsXpress. Une qualit\u00e9 exceptionnelle, des tests complets, un emballage discret. Commandez maintenant et b\u00e9n\u00e9ficiez d'une remise de 50","breadcrumb":{"@id":"https:\/\/chemsxpress.com\/product\/buy-1v-lsd-online-premium-quality-research-chemicals-chemsxpress\/#breadcrumb"},"inLanguage":"fr-FR","potentialAction":[{"@type":"ReadAction","target":["https:\/\/chemsxpress.com\/product\/buy-1v-lsd-online-premium-quality-research-chemicals-chemsxpress\/"]}]},{"@type":"ImageObject","inLanguage":"fr-FR","@id":"https:\/\/chemsxpress.com\/product\/buy-1v-lsd-online-premium-quality-research-chemicals-chemsxpress\/#primaryimage","url":"https:\/\/chemsxpress.com\/wp-content\/uploads\/2024\/04\/1V-LSD-150mcg-Blotters.jpg","contentUrl":"https:\/\/chemsxpress.com\/wp-content\/uploads\/2024\/04\/1V-LSD-150mcg-Blotters.jpg","width":600,"height":600,"caption":"1V-LSD"},{"@type":"BreadcrumbList","@id":"https:\/\/chemsxpress.com\/product\/buy-1v-lsd-online-premium-quality-research-chemicals-chemsxpress\/#breadcrumb","itemListElement":[{"@type":"ListItem","position":1,"name":"Home","item":"https:\/\/chemsxpress.com\/"},{"@type":"ListItem","position":2,"name":"Shop","item":"https:\/\/chemsxpress.com\/shop\/"},{"@type":"ListItem","position":3,"name":"1V-LSD 150mcg Blotters"}]},{"@type":"WebSite","@id":"https:\/\/chemsxpress.com\/#website","url":"https:\/\/chemsxpress.com\/","name":"SHOP MDPHP","description":"Acheter MDPHP freebase aupr\u00e8s d'un fournisseur fiable","potentialAction":[{"@type":"SearchAction","target":{"@type":"EntryPoint","urlTemplate":"https:\/\/chemsxpress.com\/?s={search_term_string}"},"query-input":{"@type":"PropertyValueSpecification","valueRequired":true,"valueName":"search_term_string"}}],"inLanguage":"fr-FR"}]}},"jetpack_sharing_enabled":true,"_links":{"self":[{"href":"https:\/\/chemsxpress.com\/fr\/wp-json\/wp\/v2\/product\/28060","targetHints":{"allow":["GET"]}}],"collection":[{"href":"https:\/\/chemsxpress.com\/fr\/wp-json\/wp\/v2\/product"}],"about":[{"href":"https:\/\/chemsxpress.com\/fr\/wp-json\/wp\/v2\/types\/product"}],"replies":[{"embeddable":true,"href":"https:\/\/chemsxpress.com\/fr\/wp-json\/wp\/v2\/comments?post=28060"}],"version-history":[{"count":4,"href":"https:\/\/chemsxpress.com\/fr\/wp-json\/wp\/v2\/product\/28060\/revisions"}],"predecessor-version":[{"id":30083,"href":"https:\/\/chemsxpress.com\/fr\/wp-json\/wp\/v2\/product\/28060\/revisions\/30083"}],"wp:featuredmedia":[{"embeddable":true,"href":"https:\/\/chemsxpress.com\/fr\/wp-json\/wp\/v2\/media\/28131"}],"wp:attachment":[{"href":"https:\/\/chemsxpress.com\/fr\/wp-json\/wp\/v2\/media?parent=28060"}],"wp:term":[{"taxonomy":"product_brand","embeddable":true,"href":"https:\/\/chemsxpress.com\/fr\/wp-json\/wp\/v2\/product_brand?post=28060"},{"taxonomy":"product_cat","embeddable":true,"href":"https:\/\/chemsxpress.com\/fr\/wp-json\/wp\/v2\/product_cat?post=28060"},{"taxonomy":"product_tag","embeddable":true,"href":"https:\/\/chemsxpress.com\/fr\/wp-json\/wp\/v2\/product_tag?post=28060"}],"curies":[{"name":"wp","href":"https:\/\/api.w.org\/{rel}","templated":true}]}}