{"id":28062,"date":"2024-04-29T13:14:15","date_gmt":"2024-04-29T13:14:15","guid":{"rendered":"https:\/\/chemsxpress.com\/?post_type=product&#038;p=28062"},"modified":"2025-05-23T16:27:58","modified_gmt":"2025-05-23T16:27:58","slug":"acheter-lsz-en-ligne","status":"publish","type":"product","link":"https:\/\/chemsxpress.com\/fr\/produit\/acheter-lsz-en-ligne\/","title":{"rendered":"Feuillets LSZ 150mcg"},"content":{"rendered":"<h1 style=\"text-align: center;\">Acheter LSZ en ligne<\/h1>\n<p style=\"text-align: center;\">\n<h4 style=\"text-align: center;\"><strong>Bienvenue \u00e0 ChemsXpress : Votre source de confiance pour LSZ<\/strong><\/h4>\n<p style=\"text-align: center;\">Acheter LSZ en ligne. ChemsXpress est votre premi\u00e8re destination pour les produits chimiques de recherche de haute qualit\u00e9, y compris le LSZ. Avec un engagement de qualit\u00e9, de s\u00e9curit\u00e9 et de satisfaction du client, nous nous effor\u00e7ons d'\u00eatre votre fournisseur de confiance pour tous vos besoins de recherche.<\/p>\n<p style=\"text-align: center;\"><strong>\u00c0 propos de LSZ<\/strong><\/p>\n<p style=\"text-align: center;\">Le LSZ, ou acide lysergique 2,4-dim\u00e9thylaz\u00e9tide, est un compos\u00e9 psych\u00e9d\u00e9lique synth\u00e9tique qui pr\u00e9sente des similitudes structurelles avec le LSD. Il est connu pour ses puissants effets psychoactifs, notamment des hallucinations visuelles et auditives, une alt\u00e9ration de la perception du temps et des changements dans les sch\u00e9mas de pens\u00e9e. Le LSZ est principalement utilis\u00e9 \u00e0 des fins de recherche scientifique et n'est pas destin\u00e9 \u00e0 la consommation humaine.<\/p>\n<p style=\"text-align: center;\"><strong>Pourquoi choisir ChemsXpress pour LSZ ?<\/strong><\/p>\n<ol style=\"text-align: center;\">\n<li><strong>Assurance qualit\u00e9 :<\/strong> Notre LSZ est synth\u00e9tis\u00e9 \u00e0 l'aide d'ingr\u00e9dients de la plus haute qualit\u00e9 et de proc\u00e9d\u00e9s de fabrication de pointe afin d'en garantir la puret\u00e9 et la coh\u00e9rence.<\/li>\n<li><strong>Test\u00e9 en laboratoire :<\/strong> Chaque lot de LSZ est soumis \u00e0 des tests rigoureux dans des laboratoires ind\u00e9pendants afin de v\u00e9rifier son authenticit\u00e9, sa puissance et sa puret\u00e9.<\/li>\n<li><strong>Exp\u00e9dition discr\u00e8te :<\/strong> Nous comprenons l'importance de la confidentialit\u00e9 et de la discr\u00e9tion. Toutes les commandes sont emball\u00e9es discr\u00e8tement et exp\u00e9di\u00e9es en toute s\u00e9curit\u00e9 \u00e0 votre domicile.<\/li>\n<li><strong>Support client d\u00e9di\u00e9 :<\/strong> Notre \u00e9quipe d'assistance \u00e0 la client\u00e8le, comp\u00e9tente et amicale, est \u00e0 votre disposition pour r\u00e9pondre \u00e0 toutes vos questions et vous aider tout au long du processus de commande.<\/li>\n<\/ol>\n<p style=\"text-align: center;\"><strong>Commander LSZ en ligne aujourd'hui<\/strong><\/p>\n<p style=\"text-align: center;\">Pr\u00eat \u00e0 vous lancer dans la recherche ? Parcourez notre s\u00e9lection de LSZ et passez votre commande en toute confiance. Avec ChemsXpress, vous avez l'assurance de recevoir des produits de recherche de qualit\u00e9 sup\u00e9rieure. <a href=\"https:\/\/chemsxpress.com\/fr\/\">Produits chimiques<\/a> pour vos travaux scientifiques.<\/p>","protected":false},"excerpt":{"rendered":"<p><strong>IUPAC-Name: <\/strong>[(6aR,9R)-7-methyl-6,6a,8,9-tetrahydro-4H-indolo[4,3-fg]quinoline-9-yl]-[(2S,4S)-2,4-dimethylazetidin-1-yl]methanone<\/p>\n<p><strong>CAS # <\/strong>470666-32-1<\/p>\n<p><strong>Other name: <\/strong>Lambda<\/p>\n<p><strong>Form: <\/strong>blotters<\/p>\n<p><strong>NMR Analysis: <\/strong>C21H25N3O<\/p>\n","protected":false},"featured_media":28135,"comment_status":"open","ping_status":"closed","template":"","meta":[],"product_brand":[],"product_cat":[77],"product_tag":[],"class_list":{"0":"post-28062","1":"product","2":"type-product","3":"status-publish","4":"has-post-thumbnail","6":"product_cat-blotters","8":"first","9":"instock","10":"shipping-taxable","11":"purchasable","12":"product-type-variable"},"yoast_head":"<!-- This site is optimized with the Yoast SEO Premium plugin v24.1 (Yoast SEO v27.4) - https:\/\/yoast.com\/product\/yoast-seo-premium-wordpress\/ -->\n<title>Buy LSZ Online: High-Quality Research Chemicals | ChemsXpress<\/title>\n<meta name=\"description\" content=\"Explore the world of research chemicals with ChemsXpress. Buy LSZ online. Quality-assured, lab-tested, and discreet shipping\" \/>\n<meta name=\"robots\" content=\"index, follow, max-snippet:-1, max-image-preview:large, max-video-preview:-1\" \/>\n<link rel=\"canonical\" href=\"https:\/\/chemsxpress.com\/fr\/produit\/acheter-lsz-en-ligne\/\" \/>\n<meta property=\"og:locale\" content=\"fr_FR\" \/>\n<meta property=\"og:type\" content=\"article\" \/>\n<meta property=\"og:title\" content=\"LSZ 150mcg blotters\" \/>\n<meta property=\"og:description\" content=\"Explore the world of research chemicals with ChemsXpress. Buy LSZ online. Quality-assured, lab-tested, and discreet shipping\" \/>\n<meta property=\"og:url\" content=\"https:\/\/chemsxpress.com\/fr\/produit\/acheter-lsz-en-ligne\/\" \/>\n<meta property=\"og:site_name\" content=\"SHOP MDPHP\" \/>\n<meta property=\"article:modified_time\" content=\"2025-05-23T16:27:58+00:00\" \/>\n<meta property=\"og:image\" content=\"https:\/\/chemsxpress.com\/wp-content\/uploads\/2024\/04\/LSZ-150mcg-blotters.jpg\" \/>\n\t<meta property=\"og:image:width\" content=\"600\" \/>\n\t<meta property=\"og:image:height\" content=\"600\" \/>\n\t<meta property=\"og:image:type\" content=\"image\/jpeg\" \/>\n<meta name=\"twitter:card\" content=\"summary_large_image\" \/>\n<meta name=\"twitter:label1\" content=\"Dur\u00e9e de lecture estim\u00e9e\" \/>\n\t<meta name=\"twitter:data1\" content=\"2 minutes\" \/>\n<script type=\"application\/ld+json\" class=\"yoast-schema-graph\">{\"@context\":\"https:\\\/\\\/schema.org\",\"@graph\":[{\"@type\":\"WebPage\",\"@id\":\"https:\\\/\\\/chemsxpress.com\\\/product\\\/buy-lsz-online\\\/\",\"url\":\"https:\\\/\\\/chemsxpress.com\\\/product\\\/buy-lsz-online\\\/\",\"name\":\"Buy LSZ Online: High-Quality Research Chemicals | ChemsXpress\",\"isPartOf\":{\"@id\":\"https:\\\/\\\/chemsxpress.com\\\/#website\"},\"primaryImageOfPage\":{\"@id\":\"https:\\\/\\\/chemsxpress.com\\\/product\\\/buy-lsz-online\\\/#primaryimage\"},\"image\":{\"@id\":\"https:\\\/\\\/chemsxpress.com\\\/product\\\/buy-lsz-online\\\/#primaryimage\"},\"thumbnailUrl\":\"https:\\\/\\\/chemsxpress.com\\\/wp-content\\\/uploads\\\/2024\\\/04\\\/LSZ-150mcg-blotters.jpg\",\"datePublished\":\"2024-04-29T13:14:15+00:00\",\"dateModified\":\"2025-05-23T16:27:58+00:00\",\"description\":\"Explore the world of research chemicals with ChemsXpress. Buy LSZ online. Quality-assured, lab-tested, and discreet shipping\",\"breadcrumb\":{\"@id\":\"https:\\\/\\\/chemsxpress.com\\\/product\\\/buy-lsz-online\\\/#breadcrumb\"},\"inLanguage\":\"fr-FR\",\"potentialAction\":[{\"@type\":\"ReadAction\",\"target\":[\"https:\\\/\\\/chemsxpress.com\\\/product\\\/buy-lsz-online\\\/\"]}]},{\"@type\":\"ImageObject\",\"inLanguage\":\"fr-FR\",\"@id\":\"https:\\\/\\\/chemsxpress.com\\\/product\\\/buy-lsz-online\\\/#primaryimage\",\"url\":\"https:\\\/\\\/chemsxpress.com\\\/wp-content\\\/uploads\\\/2024\\\/04\\\/LSZ-150mcg-blotters.jpg\",\"contentUrl\":\"https:\\\/\\\/chemsxpress.com\\\/wp-content\\\/uploads\\\/2024\\\/04\\\/LSZ-150mcg-blotters.jpg\",\"width\":600,\"height\":600,\"caption\":\"Buy LSZ Online\"},{\"@type\":\"BreadcrumbList\",\"@id\":\"https:\\\/\\\/chemsxpress.com\\\/product\\\/buy-lsz-online\\\/#breadcrumb\",\"itemListElement\":[{\"@type\":\"ListItem\",\"position\":1,\"name\":\"Home\",\"item\":\"https:\\\/\\\/chemsxpress.com\\\/\"},{\"@type\":\"ListItem\",\"position\":2,\"name\":\"Shop\",\"item\":\"https:\\\/\\\/chemsxpress.com\\\/shop\\\/\"},{\"@type\":\"ListItem\",\"position\":3,\"name\":\"LSZ 150mcg blotters\"}]},{\"@type\":\"WebSite\",\"@id\":\"https:\\\/\\\/chemsxpress.com\\\/#website\",\"url\":\"https:\\\/\\\/chemsxpress.com\\\/\",\"name\":\"SHOP MDPHP\",\"description\":\"Buy MDPHP freebase from reliable supplier\",\"potentialAction\":[{\"@type\":\"SearchAction\",\"target\":{\"@type\":\"EntryPoint\",\"urlTemplate\":\"https:\\\/\\\/chemsxpress.com\\\/?s={search_term_string}\"},\"query-input\":{\"@type\":\"PropertyValueSpecification\",\"valueRequired\":true,\"valueName\":\"search_term_string\"}}],\"inLanguage\":\"fr-FR\"}]}<\/script>\n<!-- \/ Yoast SEO Premium plugin. -->","yoast_head_json":{"title":"Achetez LSZ en ligne\u00a0: produits chimiques de recherche de haute qualit\u00e9 | ChemsXpress","description":"Acheter 5-MAPB en ligne, qualit\u00e9 garantie, test\u00e9 en laboratoire et livraison discr\u00e8te. Explorez le monde des produits chimiques de recherche avec ChemsXpress.","robots":{"index":"index","follow":"follow","max-snippet":"max-snippet:-1","max-image-preview":"max-image-preview:large","max-video-preview":"max-video-preview:-1"},"canonical":"https:\/\/chemsxpress.com\/fr\/produit\/acheter-lsz-en-ligne\/","og_locale":"fr_FR","og_type":"article","og_title":"LSZ 150mcg blotters","og_description":"Explore the world of research chemicals with ChemsXpress. Buy LSZ online. Quality-assured, lab-tested, and discreet shipping","og_url":"https:\/\/chemsxpress.com\/fr\/produit\/acheter-lsz-en-ligne\/","og_site_name":"SHOP MDPHP","article_modified_time":"2025-05-23T16:27:58+00:00","og_image":[{"width":600,"height":600,"url":"https:\/\/chemsxpress.com\/wp-content\/uploads\/2024\/04\/LSZ-150mcg-blotters.jpg","type":"image\/jpeg"}],"twitter_card":"summary_large_image","twitter_misc":{"Dur\u00e9e de lecture estim\u00e9e":"2 minutes"},"schema":{"@context":"https:\/\/schema.org","@graph":[{"@type":"WebPage","@id":"https:\/\/chemsxpress.com\/product\/buy-lsz-online\/","url":"https:\/\/chemsxpress.com\/product\/buy-lsz-online\/","name":"Achetez LSZ en ligne\u00a0: produits chimiques de recherche de haute qualit\u00e9 | ChemsXpress","isPartOf":{"@id":"https:\/\/chemsxpress.com\/#website"},"primaryImageOfPage":{"@id":"https:\/\/chemsxpress.com\/product\/buy-lsz-online\/#primaryimage"},"image":{"@id":"https:\/\/chemsxpress.com\/product\/buy-lsz-online\/#primaryimage"},"thumbnailUrl":"https:\/\/chemsxpress.com\/wp-content\/uploads\/2024\/04\/LSZ-150mcg-blotters.jpg","datePublished":"2024-04-29T13:14:15+00:00","dateModified":"2025-05-23T16:27:58+00:00","description":"Acheter 5-MAPB en ligne, qualit\u00e9 garantie, test\u00e9 en laboratoire et livraison discr\u00e8te. Explorez le monde des produits chimiques de recherche avec ChemsXpress.","breadcrumb":{"@id":"https:\/\/chemsxpress.com\/product\/buy-lsz-online\/#breadcrumb"},"inLanguage":"fr-FR","potentialAction":[{"@type":"ReadAction","target":["https:\/\/chemsxpress.com\/product\/buy-lsz-online\/"]}]},{"@type":"ImageObject","inLanguage":"fr-FR","@id":"https:\/\/chemsxpress.com\/product\/buy-lsz-online\/#primaryimage","url":"https:\/\/chemsxpress.com\/wp-content\/uploads\/2024\/04\/LSZ-150mcg-blotters.jpg","contentUrl":"https:\/\/chemsxpress.com\/wp-content\/uploads\/2024\/04\/LSZ-150mcg-blotters.jpg","width":600,"height":600,"caption":"Buy LSZ Online"},{"@type":"BreadcrumbList","@id":"https:\/\/chemsxpress.com\/product\/buy-lsz-online\/#breadcrumb","itemListElement":[{"@type":"ListItem","position":1,"name":"Home","item":"https:\/\/chemsxpress.com\/"},{"@type":"ListItem","position":2,"name":"Shop","item":"https:\/\/chemsxpress.com\/shop\/"},{"@type":"ListItem","position":3,"name":"LSZ 150mcg blotters"}]},{"@type":"WebSite","@id":"https:\/\/chemsxpress.com\/#website","url":"https:\/\/chemsxpress.com\/","name":"SHOP MDPHP","description":"Acheter MDPHP freebase aupr\u00e8s d'un fournisseur fiable","potentialAction":[{"@type":"SearchAction","target":{"@type":"EntryPoint","urlTemplate":"https:\/\/chemsxpress.com\/?s={search_term_string}"},"query-input":{"@type":"PropertyValueSpecification","valueRequired":true,"valueName":"search_term_string"}}],"inLanguage":"fr-FR"}]}},"jetpack_sharing_enabled":true,"_links":{"self":[{"href":"https:\/\/chemsxpress.com\/fr\/wp-json\/wp\/v2\/product\/28062","targetHints":{"allow":["GET"]}}],"collection":[{"href":"https:\/\/chemsxpress.com\/fr\/wp-json\/wp\/v2\/product"}],"about":[{"href":"https:\/\/chemsxpress.com\/fr\/wp-json\/wp\/v2\/types\/product"}],"replies":[{"embeddable":true,"href":"https:\/\/chemsxpress.com\/fr\/wp-json\/wp\/v2\/comments?post=28062"}],"version-history":[{"count":3,"href":"https:\/\/chemsxpress.com\/fr\/wp-json\/wp\/v2\/product\/28062\/revisions"}],"predecessor-version":[{"id":29836,"href":"https:\/\/chemsxpress.com\/fr\/wp-json\/wp\/v2\/product\/28062\/revisions\/29836"}],"wp:featuredmedia":[{"embeddable":true,"href":"https:\/\/chemsxpress.com\/fr\/wp-json\/wp\/v2\/media\/28135"}],"wp:attachment":[{"href":"https:\/\/chemsxpress.com\/fr\/wp-json\/wp\/v2\/media?parent=28062"}],"wp:term":[{"taxonomy":"product_brand","embeddable":true,"href":"https:\/\/chemsxpress.com\/fr\/wp-json\/wp\/v2\/product_brand?post=28062"},{"taxonomy":"product_cat","embeddable":true,"href":"https:\/\/chemsxpress.com\/fr\/wp-json\/wp\/v2\/product_cat?post=28062"},{"taxonomy":"product_tag","embeddable":true,"href":"https:\/\/chemsxpress.com\/fr\/wp-json\/wp\/v2\/product_tag?post=28062"}],"curies":[{"name":"wp","href":"https:\/\/api.w.org\/{rel}","templated":true}]}}