{"id":28071,"date":"2024-04-29T13:14:16","date_gmt":"2024-04-29T13:14:16","guid":{"rendered":"https:\/\/chemsxpress.com\/?post_type=product&#038;p=28071"},"modified":"2025-05-16T20:23:45","modified_gmt":"2025-05-16T20:23:45","slug":"1p-lsd-blotters-online-achat","status":"publish","type":"product","link":"https:\/\/chemsxpress.com\/fr\/produit\/1p-lsd-blotters-online-achat\/","title":{"rendered":"1P-LSD-blotters-100mcg-2.jpg"},"content":{"rendered":"<p style=\"text-align: center;\">Acheter des buvards 1P-LSD<\/p>\n<p style=\"text-align: center;\"><strong>D\u00e9couvrez les buvards Premium 1P-LSD en vente sur ChemsXpress<\/strong><\/p>\n<p style=\"text-align: center;\">Acheter des buvards 1P-LSD, bienvenue \u00e0 <a href=\"https:\/\/chemsxpress.com\/fr\/\">ChemsXpress<\/a>votre source de confiance pour des buvards 1P-LSD de haute qualit\u00e9. Embarquez pour un voyage d'exploration et de d\u00e9couverte avec nos buvards 1P-LSD m\u00e9ticuleusement \u00e9labor\u00e9s et rigoureusement test\u00e9s, con\u00e7us pour r\u00e9pondre aux besoins des chercheurs et des passionn\u00e9s.<\/p>\n<p style=\"text-align: center;\"><strong>Pourquoi choisir ChemsXpress ? Acheter des buvards 1P-LSD<\/strong><\/p>\n<ul style=\"text-align: center;\">\n<li><strong>Qualit\u00e9 exceptionnelle :<\/strong> Nos buvards 1P-LSD sont fabriqu\u00e9s selon les normes de qualit\u00e9 les plus strictes, garantissant la puret\u00e9, la puissance et la coh\u00e9rence de chaque lot.<\/li>\n<li><strong>Test\u00e9 en laboratoire :<\/strong> Chaque lot de nos buvards 1P-LSD est soumis \u00e0 des tests rigoureux dans des laboratoires ind\u00e9pendants afin de v\u00e9rifier sa composition chimique et de garantir le respect des normes r\u00e9glementaires.<\/li>\n<li><strong>Exp\u00e9dition discr\u00e8te :<\/strong> Nous accordons la priorit\u00e9 \u00e0 la protection de votre vie priv\u00e9e et \u00e0 votre s\u00e9curit\u00e9. Votre commande sera emball\u00e9e discr\u00e8tement et exp\u00e9di\u00e9e rapidement \u00e0 votre domicile, ce qui vous garantit une exp\u00e9rience d'achat sans tracas.<\/li>\n<\/ul>\n<p style=\"text-align: center;\"><strong>Commandez d\u00e8s aujourd'hui vos buvards 1P-LSD<\/strong><\/p>\n<p style=\"text-align: center;\">D\u00e9couvrez les avantages des buvards 1P-LSD de premi\u00e8re qualit\u00e9 de ChemsXpress. Passez votre commande d\u00e8s aujourd'hui et faites le premier pas vers de nouveaux domaines de d\u00e9couverte scientifique et d'exploration personnelle.<\/p>\n<p style=\"text-align: center;\"><strong>Rejoindre notre communaut\u00e9<\/strong><\/p>\n<p style=\"text-align: center;\">Restez inform\u00e9 des derniers d\u00e9veloppements dans le domaine des produits chimiques de recherche et b\u00e9n\u00e9ficiez d'offres exclusives en vous inscrivant \u00e0 notre lettre d'information. Rejoignez notre communaut\u00e9 de chercheurs, de passionn\u00e9s et d'explorateurs d\u00e8s aujourd'hui !<\/p>\n<p style=\"text-align: center;\"><strong>La confiance dans ChemsXpress<\/strong><\/p>\n<p style=\"text-align: center;\">Merci d'avoir choisi ChemsXpress comme source de confiance pour les buvards 1P-LSD. Gr\u00e2ce \u00e0 notre engagement en faveur de la qualit\u00e9, de la s\u00e9curit\u00e9 et de la satisfaction des clients, vous pouvez acheter en toute confiance en sachant que vous \u00eates entre de bonnes mains.<\/p>","protected":false},"excerpt":{"rendered":"<p><strong>IUPAC-Name: <\/strong>(6aR,9R)-4-propionyl-N,N-diethyl-7-methyl-4,6,6a,7,8,9-hexahydroindolo[4,3-fg]quinoline-9-carboxamide<\/p>\n<p><strong>CAS # <\/strong>N\/A<\/p>\n<p><strong>Other name: <\/strong>1P-LSD, 1-propionyl-lysergic acid diethylamide<\/p>\n<p><strong>Appearance: <\/strong>100ug Blotters (&gt;99% purity)<\/p>\n<p><strong>Form: <\/strong>L-tartrate<\/p>\n<p><strong>NMR Analysis: <\/strong>N\/A<\/p>\n","protected":false},"featured_media":28170,"comment_status":"open","ping_status":"closed","template":"","meta":[],"product_brand":[],"product_cat":[77],"product_tag":[],"class_list":{"0":"post-28071","1":"product","2":"type-product","3":"status-publish","4":"has-post-thumbnail","6":"product_cat-blotters","8":"first","9":"instock","10":"shipping-taxable","11":"purchasable","12":"product-type-variable"},"yoast_head":"<!-- This site is optimized with the Yoast SEO Premium plugin v24.1 (Yoast SEO v27.4) - https:\/\/yoast.com\/product\/yoast-seo-premium-wordpress\/ -->\n<title>Buy 1P-LSD Blotters Online: Premium Quality | ChemsXpress<\/title>\n<meta name=\"description\" content=\"Buy 1P-LSD blotters at ChemsXpress. With exceptional quality, lab-tested purity, and discreet shipping, trust us for a seamless shopping experience.\" \/>\n<meta name=\"robots\" content=\"index, follow, max-snippet:-1, max-image-preview:large, max-video-preview:-1\" \/>\n<link rel=\"canonical\" href=\"https:\/\/chemsxpress.com\/fr\/produit\/1p-lsd-blotters-online-achat\/\" \/>\n<meta property=\"og:locale\" content=\"fr_FR\" \/>\n<meta property=\"og:type\" content=\"article\" \/>\n<meta property=\"og:title\" content=\"1P-LSD blotters 100mcg\" \/>\n<meta property=\"og:description\" content=\"Buy 1P-LSD blotters at ChemsXpress. With exceptional quality, lab-tested purity, and discreet shipping, trust us for a seamless shopping experience.\" \/>\n<meta property=\"og:url\" content=\"https:\/\/chemsxpress.com\/fr\/produit\/1p-lsd-blotters-online-achat\/\" \/>\n<meta property=\"og:site_name\" content=\"SHOP MDPHP\" \/>\n<meta property=\"article:modified_time\" content=\"2025-05-16T20:23:45+00:00\" \/>\n<meta property=\"og:image\" content=\"https:\/\/chemsxpress.com\/wp-content\/uploads\/2024\/04\/1P-LSD-blotters-100mcg-1.jpg\" \/>\n\t<meta property=\"og:image:width\" content=\"600\" \/>\n\t<meta property=\"og:image:height\" content=\"600\" \/>\n\t<meta property=\"og:image:type\" content=\"image\/jpeg\" \/>\n<meta name=\"twitter:card\" content=\"summary_large_image\" \/>\n<meta name=\"twitter:label1\" content=\"Dur\u00e9e de lecture estim\u00e9e\" \/>\n\t<meta name=\"twitter:data1\" content=\"2 minutes\" \/>\n<script type=\"application\/ld+json\" class=\"yoast-schema-graph\">{\"@context\":\"https:\\\/\\\/schema.org\",\"@graph\":[{\"@type\":\"WebPage\",\"@id\":\"https:\\\/\\\/chemsxpress.com\\\/product\\\/buy-1p-lsd-blotters-online\\\/\",\"url\":\"https:\\\/\\\/chemsxpress.com\\\/product\\\/buy-1p-lsd-blotters-online\\\/\",\"name\":\"Buy 1P-LSD Blotters Online: Premium Quality | ChemsXpress\",\"isPartOf\":{\"@id\":\"https:\\\/\\\/chemsxpress.com\\\/#website\"},\"primaryImageOfPage\":{\"@id\":\"https:\\\/\\\/chemsxpress.com\\\/product\\\/buy-1p-lsd-blotters-online\\\/#primaryimage\"},\"image\":{\"@id\":\"https:\\\/\\\/chemsxpress.com\\\/product\\\/buy-1p-lsd-blotters-online\\\/#primaryimage\"},\"thumbnailUrl\":\"https:\\\/\\\/chemsxpress.com\\\/wp-content\\\/uploads\\\/2024\\\/04\\\/1P-LSD-blotters-100mcg-1.jpg\",\"datePublished\":\"2024-04-29T13:14:16+00:00\",\"dateModified\":\"2025-05-16T20:23:45+00:00\",\"description\":\"Buy 1P-LSD blotters at ChemsXpress. With exceptional quality, lab-tested purity, and discreet shipping, trust us for a seamless shopping experience.\",\"breadcrumb\":{\"@id\":\"https:\\\/\\\/chemsxpress.com\\\/product\\\/buy-1p-lsd-blotters-online\\\/#breadcrumb\"},\"inLanguage\":\"fr-FR\",\"potentialAction\":[{\"@type\":\"ReadAction\",\"target\":[\"https:\\\/\\\/chemsxpress.com\\\/product\\\/buy-1p-lsd-blotters-online\\\/\"]}]},{\"@type\":\"ImageObject\",\"inLanguage\":\"fr-FR\",\"@id\":\"https:\\\/\\\/chemsxpress.com\\\/product\\\/buy-1p-lsd-blotters-online\\\/#primaryimage\",\"url\":\"https:\\\/\\\/chemsxpress.com\\\/wp-content\\\/uploads\\\/2024\\\/04\\\/1P-LSD-blotters-100mcg-1.jpg\",\"contentUrl\":\"https:\\\/\\\/chemsxpress.com\\\/wp-content\\\/uploads\\\/2024\\\/04\\\/1P-LSD-blotters-100mcg-1.jpg\",\"width\":600,\"height\":600,\"caption\":\"Buy 1P-LSD blotters\"},{\"@type\":\"BreadcrumbList\",\"@id\":\"https:\\\/\\\/chemsxpress.com\\\/product\\\/buy-1p-lsd-blotters-online\\\/#breadcrumb\",\"itemListElement\":[{\"@type\":\"ListItem\",\"position\":1,\"name\":\"Home\",\"item\":\"https:\\\/\\\/chemsxpress.com\\\/\"},{\"@type\":\"ListItem\",\"position\":2,\"name\":\"Shop\",\"item\":\"https:\\\/\\\/chemsxpress.com\\\/shop\\\/\"},{\"@type\":\"ListItem\",\"position\":3,\"name\":\"1P-LSD blotters 100mcg\"}]},{\"@type\":\"WebSite\",\"@id\":\"https:\\\/\\\/chemsxpress.com\\\/#website\",\"url\":\"https:\\\/\\\/chemsxpress.com\\\/\",\"name\":\"SHOP MDPHP\",\"description\":\"Buy MDPHP freebase from reliable supplier\",\"potentialAction\":[{\"@type\":\"SearchAction\",\"target\":{\"@type\":\"EntryPoint\",\"urlTemplate\":\"https:\\\/\\\/chemsxpress.com\\\/?s={search_term_string}\"},\"query-input\":{\"@type\":\"PropertyValueSpecification\",\"valueRequired\":true,\"valueName\":\"search_term_string\"}}],\"inLanguage\":\"fr-FR\"}]}<\/script>\n<!-- \/ Yoast SEO Premium plugin. -->","yoast_head_json":{"title":"Acheter des buvards 1P-LSD en ligne : Qualit\u00e9 Premium | ChemsXpress","description":"Achetez des buvards de 1P-LSD chez ChemsXpress. Avec une qualit\u00e9 exceptionnelle, une puret\u00e9 test\u00e9e en laboratoire et une livraison discr\u00e8te, faites-nous confiance pour une exp\u00e9rience d'achat sans faille.","robots":{"index":"index","follow":"follow","max-snippet":"max-snippet:-1","max-image-preview":"max-image-preview:large","max-video-preview":"max-video-preview:-1"},"canonical":"https:\/\/chemsxpress.com\/fr\/produit\/1p-lsd-blotters-online-achat\/","og_locale":"fr_FR","og_type":"article","og_title":"1P-LSD blotters 100mcg","og_description":"Buy 1P-LSD blotters at ChemsXpress. With exceptional quality, lab-tested purity, and discreet shipping, trust us for a seamless shopping experience.","og_url":"https:\/\/chemsxpress.com\/fr\/produit\/1p-lsd-blotters-online-achat\/","og_site_name":"SHOP MDPHP","article_modified_time":"2025-05-16T20:23:45+00:00","og_image":[{"width":600,"height":600,"url":"https:\/\/chemsxpress.com\/wp-content\/uploads\/2024\/04\/1P-LSD-blotters-100mcg-1.jpg","type":"image\/jpeg"}],"twitter_card":"summary_large_image","twitter_misc":{"Dur\u00e9e de lecture estim\u00e9e":"2 minutes"},"schema":{"@context":"https:\/\/schema.org","@graph":[{"@type":"WebPage","@id":"https:\/\/chemsxpress.com\/product\/buy-1p-lsd-blotters-online\/","url":"https:\/\/chemsxpress.com\/product\/buy-1p-lsd-blotters-online\/","name":"Acheter des buvards 1P-LSD en ligne : Qualit\u00e9 Premium | ChemsXpress","isPartOf":{"@id":"https:\/\/chemsxpress.com\/#website"},"primaryImageOfPage":{"@id":"https:\/\/chemsxpress.com\/product\/buy-1p-lsd-blotters-online\/#primaryimage"},"image":{"@id":"https:\/\/chemsxpress.com\/product\/buy-1p-lsd-blotters-online\/#primaryimage"},"thumbnailUrl":"https:\/\/chemsxpress.com\/wp-content\/uploads\/2024\/04\/1P-LSD-blotters-100mcg-1.jpg","datePublished":"2024-04-29T13:14:16+00:00","dateModified":"2025-05-16T20:23:45+00:00","description":"Achetez des buvards de 1P-LSD chez ChemsXpress. Avec une qualit\u00e9 exceptionnelle, une puret\u00e9 test\u00e9e en laboratoire et une livraison discr\u00e8te, faites-nous confiance pour une exp\u00e9rience d'achat sans faille.","breadcrumb":{"@id":"https:\/\/chemsxpress.com\/product\/buy-1p-lsd-blotters-online\/#breadcrumb"},"inLanguage":"fr-FR","potentialAction":[{"@type":"ReadAction","target":["https:\/\/chemsxpress.com\/product\/buy-1p-lsd-blotters-online\/"]}]},{"@type":"ImageObject","inLanguage":"fr-FR","@id":"https:\/\/chemsxpress.com\/product\/buy-1p-lsd-blotters-online\/#primaryimage","url":"https:\/\/chemsxpress.com\/wp-content\/uploads\/2024\/04\/1P-LSD-blotters-100mcg-1.jpg","contentUrl":"https:\/\/chemsxpress.com\/wp-content\/uploads\/2024\/04\/1P-LSD-blotters-100mcg-1.jpg","width":600,"height":600,"caption":"Buy 1P-LSD blotters"},{"@type":"BreadcrumbList","@id":"https:\/\/chemsxpress.com\/product\/buy-1p-lsd-blotters-online\/#breadcrumb","itemListElement":[{"@type":"ListItem","position":1,"name":"Home","item":"https:\/\/chemsxpress.com\/"},{"@type":"ListItem","position":2,"name":"Shop","item":"https:\/\/chemsxpress.com\/shop\/"},{"@type":"ListItem","position":3,"name":"1P-LSD blotters 100mcg"}]},{"@type":"WebSite","@id":"https:\/\/chemsxpress.com\/#website","url":"https:\/\/chemsxpress.com\/","name":"SHOP MDPHP","description":"Acheter MDPHP freebase aupr\u00e8s d'un fournisseur fiable","potentialAction":[{"@type":"SearchAction","target":{"@type":"EntryPoint","urlTemplate":"https:\/\/chemsxpress.com\/?s={search_term_string}"},"query-input":{"@type":"PropertyValueSpecification","valueRequired":true,"valueName":"search_term_string"}}],"inLanguage":"fr-FR"}]}},"jetpack_sharing_enabled":true,"_links":{"self":[{"href":"https:\/\/chemsxpress.com\/fr\/wp-json\/wp\/v2\/product\/28071","targetHints":{"allow":["GET"]}}],"collection":[{"href":"https:\/\/chemsxpress.com\/fr\/wp-json\/wp\/v2\/product"}],"about":[{"href":"https:\/\/chemsxpress.com\/fr\/wp-json\/wp\/v2\/types\/product"}],"replies":[{"embeddable":true,"href":"https:\/\/chemsxpress.com\/fr\/wp-json\/wp\/v2\/comments?post=28071"}],"version-history":[{"count":3,"href":"https:\/\/chemsxpress.com\/fr\/wp-json\/wp\/v2\/product\/28071\/revisions"}],"predecessor-version":[{"id":29822,"href":"https:\/\/chemsxpress.com\/fr\/wp-json\/wp\/v2\/product\/28071\/revisions\/29822"}],"wp:featuredmedia":[{"embeddable":true,"href":"https:\/\/chemsxpress.com\/fr\/wp-json\/wp\/v2\/media\/28170"}],"wp:attachment":[{"href":"https:\/\/chemsxpress.com\/fr\/wp-json\/wp\/v2\/media?parent=28071"}],"wp:term":[{"taxonomy":"product_brand","embeddable":true,"href":"https:\/\/chemsxpress.com\/fr\/wp-json\/wp\/v2\/product_brand?post=28071"},{"taxonomy":"product_cat","embeddable":true,"href":"https:\/\/chemsxpress.com\/fr\/wp-json\/wp\/v2\/product_cat?post=28071"},{"taxonomy":"product_tag","embeddable":true,"href":"https:\/\/chemsxpress.com\/fr\/wp-json\/wp\/v2\/product_tag?post=28071"}],"curies":[{"name":"wp","href":"https:\/\/api.w.org\/{rel}","templated":true}]}}