{"id":28072,"date":"2024-04-29T13:14:16","date_gmt":"2024-04-29T13:14:16","guid":{"rendered":"https:\/\/chemsxpress.com\/?post_type=product&#038;p=28072"},"modified":"2024-07-04T23:35:49","modified_gmt":"2024-07-04T23:35:49","slug":"acheter-5c-akb48-en-ligne","status":"publish","type":"product","link":"https:\/\/chemsxpress.com\/fr\/produit\/acheter-5c-akb48-en-ligne\/","title":{"rendered":"5C-AKB48"},"content":{"rendered":"<p style=\"text-align: center;\">Acheter la qualit\u00e9 5C-AKB48<\/p>\n<p style=\"text-align: center;\"><strong>D\u00e9couvrez la qualit\u00e9 sup\u00e9rieure de 5C-AKB48 chez ChemsXpress<\/strong><\/p>\n<p style=\"text-align: center;\">Achetez 5C-AKB48 de qualit\u00e9 \u00e0 ChemsXpress, votre source de confiance pour 5C-AKB48 de haute qualit\u00e9. Plongez dans le monde de <a href=\"https:\/\/chemsxpress.com\/fr\/categorie-produit\/produits-chimiques-de-recherche\/\">produits chimiques de recherche<\/a> avec notre 5C-AKB48 m\u00e9ticuleusement synth\u00e9tis\u00e9 et rigoureusement test\u00e9, con\u00e7u pour r\u00e9pondre aux exigences de l'exploration scientifique.<\/p>\n<p style=\"text-align: center;\"><strong>Pourquoi choisir ChemsXpress ?<\/strong><\/p>\n<ul style=\"text-align: center;\">\n<li><strong>Qualit\u00e9 exceptionnelle :<\/strong> Notre 5C-AKB48 est soumis \u00e0 des mesures rigoureuses de contr\u00f4le de la qualit\u00e9 afin de garantir sa puret\u00e9, sa puissance et sa coh\u00e9rence, ce qui permet d'obtenir des r\u00e9sultats fiables pour vos travaux de recherche.<\/li>\n<li><strong>Test\u00e9 en laboratoire :<\/strong> Chaque lot de notre 5C-AKB48 est minutieusement test\u00e9 dans des laboratoires ind\u00e9pendants afin de v\u00e9rifier sa composition chimique et de s'assurer qu'il r\u00e9pond \u00e0 nos normes \u00e9lev\u00e9es.<\/li>\n<li><strong>Exp\u00e9dition discr\u00e8te :<\/strong> Nous accordons la priorit\u00e9 \u00e0 la protection de votre vie priv\u00e9e et \u00e0 votre s\u00e9curit\u00e9. Votre commande sera emball\u00e9e discr\u00e8tement et exp\u00e9di\u00e9e rapidement \u00e0 votre domicile, ce qui vous garantit une exp\u00e9rience d'achat sans tracas.<\/li>\n<\/ul>\n<p style=\"text-align: center;\"><strong>Commandez votre 5C-AKB48 d\u00e8s aujourd'hui<\/strong><\/p>\n<p style=\"text-align: center;\">Faites passer vos recherches \u00e0 la vitesse sup\u00e9rieure avec le 5C-AKB48 de qualit\u00e9 sup\u00e9rieure de ChemsXpress. Passez votre commande d\u00e8s aujourd'hui et embarquez pour un voyage de d\u00e9couverte scientifique en toute confiance.<\/p>\n<p style=\"text-align: center;\"><strong>Rejoignez notre communaut\u00e9 de recherche, achetez la qualit\u00e9 5C-AKB48.<\/strong><\/p>\n<p style=\"text-align: center;\">Restez inform\u00e9 des derni\u00e8res avanc\u00e9es en mati\u00e8re de recherche chimique et b\u00e9n\u00e9ficiez d'offres exclusives en vous inscrivant \u00e0 notre lettre d'information. Rejoignez une communaut\u00e9 de chercheurs passionn\u00e9s qui se consacrent \u00e0 repousser les limites de la science.<\/p>\n<p style=\"text-align: center;\"><strong>La confiance dans ChemsXpress<\/strong><\/p>\n<p style=\"text-align: center;\">Merci d'avoir choisi <a href=\"https:\/\/chemsxpress.com\/fr\/\">ChemsXpress<\/a> en tant que partenaire de confiance dans l'exploration scientifique. Gr\u00e2ce \u00e0 notre engagement in\u00e9branlable en faveur de la qualit\u00e9 et de la satisfaction du client, vous pouvez \u00eatre certain que votre recherche est entre de bonnes mains.<\/p>","protected":false},"excerpt":{"rendered":"<p>Nom IUPAC : N-(adamantan-1-yl)-1-(5-chloropentyl)-1H-indazole-3-carboxamide<br \/>\nCAS # 2160555-52-0<br \/>\nAnalyse RMN : C23H30CIN3O<\/p>","protected":false},"featured_media":28173,"comment_status":"open","ping_status":"closed","template":"","meta":[],"product_brand":[],"product_cat":[78],"product_tag":[],"class_list":{"0":"post-28072","1":"product","2":"type-product","3":"status-publish","4":"has-post-thumbnail","6":"product_cat-cannabinoids","8":"first","9":"instock","10":"shipping-taxable","11":"purchasable","12":"product-type-variable"},"yoast_head":"<!-- This site is optimized with the Yoast SEO Premium plugin v24.1 (Yoast SEO v27.4) - https:\/\/yoast.com\/product\/yoast-seo-premium-wordpress\/ -->\n<title>Buy Quality 5C-AKB48: Premium Research Chems | ChemsXpress<\/title>\n<meta name=\"description\" content=\"Buy Quality 5C-AKB48 at ChemsXpress. With exceptional quality, lab-tested purity, and discreet shipping, trust us to fuel your scientific endeavors\" \/>\n<meta name=\"robots\" content=\"index, follow, max-snippet:-1, max-image-preview:large, max-video-preview:-1\" \/>\n<link rel=\"canonical\" href=\"https:\/\/chemsxpress.com\/fr\/produit\/acheter-5c-akb48-en-ligne\/\" \/>\n<meta property=\"og:locale\" content=\"fr_FR\" \/>\n<meta property=\"og:type\" content=\"article\" \/>\n<meta property=\"og:title\" content=\"5C-AKB48\" \/>\n<meta property=\"og:description\" content=\"Buy Quality 5C-AKB48 at ChemsXpress. With exceptional quality, lab-tested purity, and discreet shipping, trust us to fuel your scientific endeavors\" \/>\n<meta property=\"og:url\" content=\"https:\/\/chemsxpress.com\/fr\/produit\/acheter-5c-akb48-en-ligne\/\" \/>\n<meta property=\"og:site_name\" content=\"SHOP MDPHP\" \/>\n<meta property=\"article:modified_time\" content=\"2024-07-04T23:35:49+00:00\" \/>\n<meta property=\"og:image\" content=\"https:\/\/chemsxpress.com\/wp-content\/uploads\/2024\/04\/5C-AKB48.jpg\" \/>\n\t<meta property=\"og:image:width\" content=\"600\" \/>\n\t<meta property=\"og:image:height\" content=\"600\" \/>\n\t<meta property=\"og:image:type\" content=\"image\/jpeg\" \/>\n<meta name=\"twitter:card\" content=\"summary_large_image\" \/>\n<meta name=\"twitter:label1\" content=\"Dur\u00e9e de lecture estim\u00e9e\" \/>\n\t<meta name=\"twitter:data1\" content=\"2 minutes\" \/>\n<script type=\"application\/ld+json\" class=\"yoast-schema-graph\">{\"@context\":\"https:\\\/\\\/schema.org\",\"@graph\":[{\"@type\":\"WebPage\",\"@id\":\"https:\\\/\\\/chemsxpress.com\\\/product\\\/buy-5c-akb48-online\\\/\",\"url\":\"https:\\\/\\\/chemsxpress.com\\\/product\\\/buy-5c-akb48-online\\\/\",\"name\":\"Buy Quality 5C-AKB48: Premium Research Chems | ChemsXpress\",\"isPartOf\":{\"@id\":\"https:\\\/\\\/chemsxpress.com\\\/#website\"},\"primaryImageOfPage\":{\"@id\":\"https:\\\/\\\/chemsxpress.com\\\/product\\\/buy-5c-akb48-online\\\/#primaryimage\"},\"image\":{\"@id\":\"https:\\\/\\\/chemsxpress.com\\\/product\\\/buy-5c-akb48-online\\\/#primaryimage\"},\"thumbnailUrl\":\"https:\\\/\\\/chemsxpress.com\\\/wp-content\\\/uploads\\\/2024\\\/04\\\/5C-AKB48.jpg\",\"datePublished\":\"2024-04-29T13:14:16+00:00\",\"dateModified\":\"2024-07-04T23:35:49+00:00\",\"description\":\"Buy Quality 5C-AKB48 at ChemsXpress. With exceptional quality, lab-tested purity, and discreet shipping, trust us to fuel your scientific endeavors\",\"breadcrumb\":{\"@id\":\"https:\\\/\\\/chemsxpress.com\\\/product\\\/buy-5c-akb48-online\\\/#breadcrumb\"},\"inLanguage\":\"fr-FR\",\"potentialAction\":[{\"@type\":\"ReadAction\",\"target\":[\"https:\\\/\\\/chemsxpress.com\\\/product\\\/buy-5c-akb48-online\\\/\"]}]},{\"@type\":\"ImageObject\",\"inLanguage\":\"fr-FR\",\"@id\":\"https:\\\/\\\/chemsxpress.com\\\/product\\\/buy-5c-akb48-online\\\/#primaryimage\",\"url\":\"https:\\\/\\\/chemsxpress.com\\\/wp-content\\\/uploads\\\/2024\\\/04\\\/5C-AKB48.jpg\",\"contentUrl\":\"https:\\\/\\\/chemsxpress.com\\\/wp-content\\\/uploads\\\/2024\\\/04\\\/5C-AKB48.jpg\",\"width\":600,\"height\":600,\"caption\":\"Buy Quality 5C-AKB48\"},{\"@type\":\"BreadcrumbList\",\"@id\":\"https:\\\/\\\/chemsxpress.com\\\/product\\\/buy-5c-akb48-online\\\/#breadcrumb\",\"itemListElement\":[{\"@type\":\"ListItem\",\"position\":1,\"name\":\"Home\",\"item\":\"https:\\\/\\\/chemsxpress.com\\\/\"},{\"@type\":\"ListItem\",\"position\":2,\"name\":\"Shop\",\"item\":\"https:\\\/\\\/chemsxpress.com\\\/shop\\\/\"},{\"@type\":\"ListItem\",\"position\":3,\"name\":\"5C-AKB48\"}]},{\"@type\":\"WebSite\",\"@id\":\"https:\\\/\\\/chemsxpress.com\\\/#website\",\"url\":\"https:\\\/\\\/chemsxpress.com\\\/\",\"name\":\"SHOP MDPHP\",\"description\":\"Buy MDPHP freebase from reliable supplier\",\"potentialAction\":[{\"@type\":\"SearchAction\",\"target\":{\"@type\":\"EntryPoint\",\"urlTemplate\":\"https:\\\/\\\/chemsxpress.com\\\/?s={search_term_string}\"},\"query-input\":{\"@type\":\"PropertyValueSpecification\",\"valueRequired\":true,\"valueName\":\"search_term_string\"}}],\"inLanguage\":\"fr-FR\"}]}<\/script>\n<!-- \/ Yoast SEO Premium plugin. -->","yoast_head_json":{"title":"Achetez la qualit\u00e9 5C-AKB48\u00a0:\u00a0produits chimiques de recherche haut de gamme | ChemsXpress","description":"Achetez du 4F-ABINAC chez ChemsXpress. Avec une qualit\u00e9 exceptionnelle, une puret\u00e9 test\u00e9e en laboratoire et un support client expert, faites-nous confiance pour alimenter vos efforts scientifiques.","robots":{"index":"index","follow":"follow","max-snippet":"max-snippet:-1","max-image-preview":"max-image-preview:large","max-video-preview":"max-video-preview:-1"},"canonical":"https:\/\/chemsxpress.com\/fr\/produit\/acheter-5c-akb48-en-ligne\/","og_locale":"fr_FR","og_type":"article","og_title":"5C-AKB48","og_description":"Buy Quality 5C-AKB48 at ChemsXpress. With exceptional quality, lab-tested purity, and discreet shipping, trust us to fuel your scientific endeavors","og_url":"https:\/\/chemsxpress.com\/fr\/produit\/acheter-5c-akb48-en-ligne\/","og_site_name":"SHOP MDPHP","article_modified_time":"2024-07-04T23:35:49+00:00","og_image":[{"width":600,"height":600,"url":"https:\/\/chemsxpress.com\/wp-content\/uploads\/2024\/04\/5C-AKB48.jpg","type":"image\/jpeg"}],"twitter_card":"summary_large_image","twitter_misc":{"Dur\u00e9e de lecture estim\u00e9e":"2 minutes"},"schema":{"@context":"https:\/\/schema.org","@graph":[{"@type":"WebPage","@id":"https:\/\/chemsxpress.com\/product\/buy-5c-akb48-online\/","url":"https:\/\/chemsxpress.com\/product\/buy-5c-akb48-online\/","name":"Achetez la qualit\u00e9 5C-AKB48\u00a0:\u00a0produits chimiques de recherche haut de gamme | ChemsXpress","isPartOf":{"@id":"https:\/\/chemsxpress.com\/#website"},"primaryImageOfPage":{"@id":"https:\/\/chemsxpress.com\/product\/buy-5c-akb48-online\/#primaryimage"},"image":{"@id":"https:\/\/chemsxpress.com\/product\/buy-5c-akb48-online\/#primaryimage"},"thumbnailUrl":"https:\/\/chemsxpress.com\/wp-content\/uploads\/2024\/04\/5C-AKB48.jpg","datePublished":"2024-04-29T13:14:16+00:00","dateModified":"2024-07-04T23:35:49+00:00","description":"Achetez du 4F-ABINAC chez ChemsXpress. Avec une qualit\u00e9 exceptionnelle, une puret\u00e9 test\u00e9e en laboratoire et un support client expert, faites-nous confiance pour alimenter vos efforts scientifiques.","breadcrumb":{"@id":"https:\/\/chemsxpress.com\/product\/buy-5c-akb48-online\/#breadcrumb"},"inLanguage":"fr-FR","potentialAction":[{"@type":"ReadAction","target":["https:\/\/chemsxpress.com\/product\/buy-5c-akb48-online\/"]}]},{"@type":"ImageObject","inLanguage":"fr-FR","@id":"https:\/\/chemsxpress.com\/product\/buy-5c-akb48-online\/#primaryimage","url":"https:\/\/chemsxpress.com\/wp-content\/uploads\/2024\/04\/5C-AKB48.jpg","contentUrl":"https:\/\/chemsxpress.com\/wp-content\/uploads\/2024\/04\/5C-AKB48.jpg","width":600,"height":600,"caption":"Buy Quality 5C-AKB48"},{"@type":"BreadcrumbList","@id":"https:\/\/chemsxpress.com\/product\/buy-5c-akb48-online\/#breadcrumb","itemListElement":[{"@type":"ListItem","position":1,"name":"Home","item":"https:\/\/chemsxpress.com\/"},{"@type":"ListItem","position":2,"name":"Shop","item":"https:\/\/chemsxpress.com\/shop\/"},{"@type":"ListItem","position":3,"name":"5C-AKB48"}]},{"@type":"WebSite","@id":"https:\/\/chemsxpress.com\/#website","url":"https:\/\/chemsxpress.com\/","name":"SHOP MDPHP","description":"Acheter MDPHP freebase aupr\u00e8s d'un fournisseur fiable","potentialAction":[{"@type":"SearchAction","target":{"@type":"EntryPoint","urlTemplate":"https:\/\/chemsxpress.com\/?s={search_term_string}"},"query-input":{"@type":"PropertyValueSpecification","valueRequired":true,"valueName":"search_term_string"}}],"inLanguage":"fr-FR"}]}},"jetpack_sharing_enabled":true,"_links":{"self":[{"href":"https:\/\/chemsxpress.com\/fr\/wp-json\/wp\/v2\/product\/28072","targetHints":{"allow":["GET"]}}],"collection":[{"href":"https:\/\/chemsxpress.com\/fr\/wp-json\/wp\/v2\/product"}],"about":[{"href":"https:\/\/chemsxpress.com\/fr\/wp-json\/wp\/v2\/types\/product"}],"replies":[{"embeddable":true,"href":"https:\/\/chemsxpress.com\/fr\/wp-json\/wp\/v2\/comments?post=28072"}],"version-history":[{"count":4,"href":"https:\/\/chemsxpress.com\/fr\/wp-json\/wp\/v2\/product\/28072\/revisions"}],"predecessor-version":[{"id":30079,"href":"https:\/\/chemsxpress.com\/fr\/wp-json\/wp\/v2\/product\/28072\/revisions\/30079"}],"wp:featuredmedia":[{"embeddable":true,"href":"https:\/\/chemsxpress.com\/fr\/wp-json\/wp\/v2\/media\/28173"}],"wp:attachment":[{"href":"https:\/\/chemsxpress.com\/fr\/wp-json\/wp\/v2\/media?parent=28072"}],"wp:term":[{"taxonomy":"product_brand","embeddable":true,"href":"https:\/\/chemsxpress.com\/fr\/wp-json\/wp\/v2\/product_brand?post=28072"},{"taxonomy":"product_cat","embeddable":true,"href":"https:\/\/chemsxpress.com\/fr\/wp-json\/wp\/v2\/product_cat?post=28072"},{"taxonomy":"product_tag","embeddable":true,"href":"https:\/\/chemsxpress.com\/fr\/wp-json\/wp\/v2\/product_tag?post=28072"}],"curies":[{"name":"wp","href":"https:\/\/api.w.org\/{rel}","templated":true}]}}