{"id":28074,"date":"2024-04-29T13:14:16","date_gmt":"2024-04-29T13:14:16","guid":{"rendered":"https:\/\/chemsxpress.com\/?post_type=product&#038;p=28074"},"modified":"2024-07-04T23:36:36","modified_gmt":"2024-07-04T23:36:36","slug":"acheter-7-abf-en-ligne","status":"publish","type":"product","link":"https:\/\/chemsxpress.com\/fr\/produit\/acheter-7-abf-en-ligne\/","title":{"rendered":"7-abf"},"content":{"rendered":"<h1 style=\"text-align: center;\">Acheter 7-abf en ligne<\/h1>\n<h4 style=\"text-align: center;\"><strong>Achetez le 7-ABF de qualit\u00e9 sup\u00e9rieure disponible chez ChemsXpress<\/strong><\/h4>\n<p style=\"text-align: center;\">Buy 7-abf online, Welcome to ChemsXpress, your trusted online destination for high-quality 7-ABF. Explorez notre vaste s\u00e9lection de produits chimiques de recherche con\u00e7us pour r\u00e9pondre aux besoins de la recherche scientifique et de l'exploration.<\/p>\n<p style=\"text-align: center;\"><strong>Pourquoi choisir ChemsXpress ?<\/strong><\/p>\n<ul style=\"text-align: center;\">\n<li><strong>Qualit\u00e9 exceptionnelle :<\/strong> Notre 7-ABF est synth\u00e9tis\u00e9 \u00e0 partir d'ingr\u00e9dients de la plus haute qualit\u00e9 et subit des tests rigoureux pour en garantir la puret\u00e9 et la puissance.<\/li>\n<li><strong>Un service fiable :<\/strong> Nous accordons la priorit\u00e9 \u00e0 la satisfaction de nos clients et nous nous effor\u00e7ons de fournir un service rapide et fiable, de la commande \u00e0 la livraison.<\/li>\n<li><strong>Exp\u00e9dition discr\u00e8te :<\/strong> Nous accordons une grande importance \u00e0 la protection de votre vie priv\u00e9e. Nous veillons \u00e0 ce que toutes les commandes soient emball\u00e9es discr\u00e8tement et exp\u00e9di\u00e9es en toute s\u00e9curit\u00e9 jusqu'\u00e0 votre porte.<\/li>\n<\/ul>\n<p style=\"text-align: center;\"><strong>Commandez votre 7-ABF d\u00e8s aujourd'hui<\/strong><\/p>\n<p style=\"text-align: center;\">Faites l'exp\u00e9rience de la commodit\u00e9 d'acheter du 7-ABF de qualit\u00e9 sup\u00e9rieure en ligne aupr\u00e8s de ChemsXpress. Il vous suffit de parcourir notre s\u00e9lection, de passer votre commande et de la faire livrer directement chez vous.<\/p>\n<p style=\"text-align: center;\"><strong>Rejoindre notre communaut\u00e9<\/strong><\/p>\n<p style=\"text-align: center;\">Restez inform\u00e9 des derni\u00e8res nouveaut\u00e9s <a href=\"https:\/\/chemsxpress.com\/fr\/categorie-produit\/produits-chimiques-de-recherche\/\">produits chimiques de recherche<\/a> et les d\u00e9veloppements en s'inscrivant \u00e0 notre lettre d'information. Rejoignez notre communaut\u00e9 de chercheurs et de passionn\u00e9s pour partager vos connaissances et vos id\u00e9es.<\/p>\n<p style=\"text-align: center;\"><strong>Faites confiance \u00e0 ChemsXpress<\/strong><\/p>\n<p style=\"text-align: center;\">Gr\u00e2ce \u00e0 notre engagement en faveur de la qualit\u00e9, de la fiabilit\u00e9 et de la satisfaction du client, vous pouvez faire confiance \u00e0 <a href=\"https:\/\/chemsxpress.com\/fr\/\">ChemsXpress<\/a> comme source de r\u00e9f\u00e9rence pour le 7-ABF et d'autres produits chimiques de recherche.<\/p>\n<p style=\"text-align: center;\">Passez votre commande aujourd'hui et lib\u00e9rez le potentiel de la d\u00e9couverte scientifique avec ChemsXpress.<\/p>\n<p style=\"text-align: center;\"><strong>Commandez votre 7-ABF d\u00e8s aujourd'hui<\/strong><\/p>\n<p style=\"text-align: center;\">Faites passer vos recherches \u00e0 la vitesse sup\u00e9rieure avec le 7-ABF de qualit\u00e9 sup\u00e9rieure de ChemsXpress. Passez votre commande d\u00e8s aujourd'hui et embarquez pour un voyage de d\u00e9couverte scientifique en toute confiance.<\/p>\n<p style=\"text-align: center;\"><strong>Rejoignez notre communaut\u00e9 de recherche<\/strong><\/p>\n<p style=\"text-align: center;\">Restez inform\u00e9 des derni\u00e8res avanc\u00e9es en mati\u00e8re de recherche chimique et b\u00e9n\u00e9ficiez d'offres exclusives en vous inscrivant \u00e0 notre lettre d'information. Rejoignez une communaut\u00e9 de chercheurs passionn\u00e9s qui se consacrent \u00e0 repousser les limites de la science.<\/p>\n<p style=\"text-align: center;\"><strong>La confiance dans ChemsXpress<\/strong><\/p>\n<p style=\"text-align: center;\">Nous vous remercions d'avoir choisi ChemsXpress comme partenaire de confiance dans l'exploration scientifique. Gr\u00e2ce \u00e0 notre engagement in\u00e9branlable en faveur de la qualit\u00e9 et de la satisfaction du client, soyez assur\u00e9 que votre recherche est entre de bonnes mains.<\/p>","protected":false},"excerpt":{"rendered":"<p><strong>IUPAC-Name: <\/strong>2-(7-fluoro-1H-benzo[d]imidazol-2-yl)aniline<\/p>\n<p><strong>Form: <\/strong>powder<\/p>\n","protected":false},"featured_media":28179,"comment_status":"open","ping_status":"closed","template":"","meta":[],"product_brand":[],"product_cat":[78],"product_tag":[],"class_list":{"0":"post-28074","1":"product","2":"type-product","3":"status-publish","4":"has-post-thumbnail","6":"product_cat-cannabinoids","8":"first","9":"instock","10":"shipping-taxable","11":"purchasable","12":"product-type-variable"},"yoast_head":"<!-- This site is optimized with the Yoast SEO Premium plugin v24.1 (Yoast SEO v27.5) - https:\/\/yoast.com\/product\/yoast-seo-premium-wordpress\/ -->\n<title>Buy 7-ABF Online: Premium Research Chemicals | ChemsXpress<\/title>\n<meta name=\"description\" content=\"Buy 7-ABF Online at ChemsXpress. With discreet shipping and reliable service, trust us for all your research chemical needs\" \/>\n<meta name=\"robots\" content=\"index, follow, max-snippet:-1, max-image-preview:large, max-video-preview:-1\" \/>\n<link rel=\"canonical\" href=\"https:\/\/chemsxpress.com\/fr\/produit\/acheter-7-abf-en-ligne\/\" \/>\n<meta property=\"og:locale\" content=\"fr_FR\" \/>\n<meta property=\"og:type\" content=\"article\" \/>\n<meta property=\"og:title\" content=\"7-abf\" \/>\n<meta property=\"og:description\" content=\"Buy 7-ABF Online at ChemsXpress. With discreet shipping and reliable service, trust us for all your research chemical needs\" \/>\n<meta property=\"og:url\" content=\"https:\/\/chemsxpress.com\/fr\/produit\/acheter-7-abf-en-ligne\/\" \/>\n<meta property=\"og:site_name\" content=\"SHOP MDPHP\" \/>\n<meta property=\"article:modified_time\" content=\"2024-07-04T23:36:36+00:00\" \/>\n<meta property=\"og:image\" content=\"https:\/\/chemsxpress.com\/wp-content\/uploads\/2024\/04\/7-abf.jpg\" \/>\n\t<meta property=\"og:image:width\" content=\"600\" \/>\n\t<meta property=\"og:image:height\" content=\"600\" \/>\n\t<meta property=\"og:image:type\" content=\"image\/jpeg\" \/>\n<meta name=\"twitter:card\" content=\"summary_large_image\" \/>\n<meta name=\"twitter:label1\" content=\"Dur\u00e9e de lecture estim\u00e9e\" \/>\n\t<meta name=\"twitter:data1\" content=\"2 minutes\" \/>\n<script type=\"application\/ld+json\" class=\"yoast-schema-graph\">{\"@context\":\"https:\\\/\\\/schema.org\",\"@graph\":[{\"@type\":\"WebPage\",\"@id\":\"https:\\\/\\\/chemsxpress.com\\\/product\\\/buy-7-abf-online\\\/\",\"url\":\"https:\\\/\\\/chemsxpress.com\\\/product\\\/buy-7-abf-online\\\/\",\"name\":\"Buy 7-ABF Online: Premium Research Chemicals | ChemsXpress\",\"isPartOf\":{\"@id\":\"https:\\\/\\\/chemsxpress.com\\\/#website\"},\"primaryImageOfPage\":{\"@id\":\"https:\\\/\\\/chemsxpress.com\\\/product\\\/buy-7-abf-online\\\/#primaryimage\"},\"image\":{\"@id\":\"https:\\\/\\\/chemsxpress.com\\\/product\\\/buy-7-abf-online\\\/#primaryimage\"},\"thumbnailUrl\":\"https:\\\/\\\/chemsxpress.com\\\/wp-content\\\/uploads\\\/2024\\\/04\\\/7-abf.jpg\",\"datePublished\":\"2024-04-29T13:14:16+00:00\",\"dateModified\":\"2024-07-04T23:36:36+00:00\",\"description\":\"Buy 7-ABF Online at ChemsXpress. With discreet shipping and reliable service, trust us for all your research chemical needs\",\"breadcrumb\":{\"@id\":\"https:\\\/\\\/chemsxpress.com\\\/product\\\/buy-7-abf-online\\\/#breadcrumb\"},\"inLanguage\":\"fr-FR\",\"potentialAction\":[{\"@type\":\"ReadAction\",\"target\":[\"https:\\\/\\\/chemsxpress.com\\\/product\\\/buy-7-abf-online\\\/\"]}]},{\"@type\":\"ImageObject\",\"inLanguage\":\"fr-FR\",\"@id\":\"https:\\\/\\\/chemsxpress.com\\\/product\\\/buy-7-abf-online\\\/#primaryimage\",\"url\":\"https:\\\/\\\/chemsxpress.com\\\/wp-content\\\/uploads\\\/2024\\\/04\\\/7-abf.jpg\",\"contentUrl\":\"https:\\\/\\\/chemsxpress.com\\\/wp-content\\\/uploads\\\/2024\\\/04\\\/7-abf.jpg\",\"width\":600,\"height\":600,\"caption\":\"Buy 7-abf online\"},{\"@type\":\"BreadcrumbList\",\"@id\":\"https:\\\/\\\/chemsxpress.com\\\/product\\\/buy-7-abf-online\\\/#breadcrumb\",\"itemListElement\":[{\"@type\":\"ListItem\",\"position\":1,\"name\":\"Home\",\"item\":\"https:\\\/\\\/chemsxpress.com\\\/\"},{\"@type\":\"ListItem\",\"position\":2,\"name\":\"Shop\",\"item\":\"https:\\\/\\\/chemsxpress.com\\\/shop\\\/\"},{\"@type\":\"ListItem\",\"position\":3,\"name\":\"7-abf\"}]},{\"@type\":\"WebSite\",\"@id\":\"https:\\\/\\\/chemsxpress.com\\\/#website\",\"url\":\"https:\\\/\\\/chemsxpress.com\\\/\",\"name\":\"SHOP MDPHP\",\"description\":\"Buy MDPHP freebase from reliable supplier\",\"potentialAction\":[{\"@type\":\"SearchAction\",\"target\":{\"@type\":\"EntryPoint\",\"urlTemplate\":\"https:\\\/\\\/chemsxpress.com\\\/?s={search_term_string}\"},\"query-input\":{\"@type\":\"PropertyValueSpecification\",\"valueRequired\":true,\"valueName\":\"search_term_string\"}}],\"inLanguage\":\"fr-FR\"}]}<\/script>\n<!-- \/ Yoast SEO Premium plugin. -->","yoast_head_json":{"title":"Achetez du 7-ABF en ligne\u00a0: produits chimiques de recherche de qualit\u00e9 sup\u00e9rieure | ChemsXpress","description":"Achetez du 7-ABF en ligne sur ChemsXpress. Avec une exp\u00e9dition discr\u00e8te et un service fiable, faites-nous confiance pour tous vos besoins en produits chimiques de recherche","robots":{"index":"index","follow":"follow","max-snippet":"max-snippet:-1","max-image-preview":"max-image-preview:large","max-video-preview":"max-video-preview:-1"},"canonical":"https:\/\/chemsxpress.com\/fr\/produit\/acheter-7-abf-en-ligne\/","og_locale":"fr_FR","og_type":"article","og_title":"7-abf","og_description":"Buy 7-ABF Online at ChemsXpress. With discreet shipping and reliable service, trust us for all your research chemical needs","og_url":"https:\/\/chemsxpress.com\/fr\/produit\/acheter-7-abf-en-ligne\/","og_site_name":"SHOP MDPHP","article_modified_time":"2024-07-04T23:36:36+00:00","og_image":[{"width":600,"height":600,"url":"https:\/\/chemsxpress.com\/wp-content\/uploads\/2024\/04\/7-abf.jpg","type":"image\/jpeg"}],"twitter_card":"summary_large_image","twitter_misc":{"Dur\u00e9e de lecture estim\u00e9e":"2 minutes"},"schema":{"@context":"https:\/\/schema.org","@graph":[{"@type":"WebPage","@id":"https:\/\/chemsxpress.com\/product\/buy-7-abf-online\/","url":"https:\/\/chemsxpress.com\/product\/buy-7-abf-online\/","name":"Achetez du 7-ABF en ligne\u00a0: produits chimiques de recherche de qualit\u00e9 sup\u00e9rieure | ChemsXpress","isPartOf":{"@id":"https:\/\/chemsxpress.com\/#website"},"primaryImageOfPage":{"@id":"https:\/\/chemsxpress.com\/product\/buy-7-abf-online\/#primaryimage"},"image":{"@id":"https:\/\/chemsxpress.com\/product\/buy-7-abf-online\/#primaryimage"},"thumbnailUrl":"https:\/\/chemsxpress.com\/wp-content\/uploads\/2024\/04\/7-abf.jpg","datePublished":"2024-04-29T13:14:16+00:00","dateModified":"2024-07-04T23:36:36+00:00","description":"Achetez du 7-ABF en ligne sur ChemsXpress. Avec une exp\u00e9dition discr\u00e8te et un service fiable, faites-nous confiance pour tous vos besoins en produits chimiques de recherche","breadcrumb":{"@id":"https:\/\/chemsxpress.com\/product\/buy-7-abf-online\/#breadcrumb"},"inLanguage":"fr-FR","potentialAction":[{"@type":"ReadAction","target":["https:\/\/chemsxpress.com\/product\/buy-7-abf-online\/"]}]},{"@type":"ImageObject","inLanguage":"fr-FR","@id":"https:\/\/chemsxpress.com\/product\/buy-7-abf-online\/#primaryimage","url":"https:\/\/chemsxpress.com\/wp-content\/uploads\/2024\/04\/7-abf.jpg","contentUrl":"https:\/\/chemsxpress.com\/wp-content\/uploads\/2024\/04\/7-abf.jpg","width":600,"height":600,"caption":"Buy 7-abf online"},{"@type":"BreadcrumbList","@id":"https:\/\/chemsxpress.com\/product\/buy-7-abf-online\/#breadcrumb","itemListElement":[{"@type":"ListItem","position":1,"name":"Home","item":"https:\/\/chemsxpress.com\/"},{"@type":"ListItem","position":2,"name":"Shop","item":"https:\/\/chemsxpress.com\/shop\/"},{"@type":"ListItem","position":3,"name":"7-abf"}]},{"@type":"WebSite","@id":"https:\/\/chemsxpress.com\/#website","url":"https:\/\/chemsxpress.com\/","name":"SHOP MDPHP","description":"Acheter MDPHP freebase aupr\u00e8s d'un fournisseur fiable","potentialAction":[{"@type":"SearchAction","target":{"@type":"EntryPoint","urlTemplate":"https:\/\/chemsxpress.com\/?s={search_term_string}"},"query-input":{"@type":"PropertyValueSpecification","valueRequired":true,"valueName":"search_term_string"}}],"inLanguage":"fr-FR"}]}},"jetpack_sharing_enabled":true,"_links":{"self":[{"href":"https:\/\/chemsxpress.com\/fr\/wp-json\/wp\/v2\/product\/28074","targetHints":{"allow":["GET"]}}],"collection":[{"href":"https:\/\/chemsxpress.com\/fr\/wp-json\/wp\/v2\/product"}],"about":[{"href":"https:\/\/chemsxpress.com\/fr\/wp-json\/wp\/v2\/types\/product"}],"replies":[{"embeddable":true,"href":"https:\/\/chemsxpress.com\/fr\/wp-json\/wp\/v2\/comments?post=28074"}],"version-history":[{"count":4,"href":"https:\/\/chemsxpress.com\/fr\/wp-json\/wp\/v2\/product\/28074\/revisions"}],"predecessor-version":[{"id":30080,"href":"https:\/\/chemsxpress.com\/fr\/wp-json\/wp\/v2\/product\/28074\/revisions\/30080"}],"wp:featuredmedia":[{"embeddable":true,"href":"https:\/\/chemsxpress.com\/fr\/wp-json\/wp\/v2\/media\/28179"}],"wp:attachment":[{"href":"https:\/\/chemsxpress.com\/fr\/wp-json\/wp\/v2\/media?parent=28074"}],"wp:term":[{"taxonomy":"product_brand","embeddable":true,"href":"https:\/\/chemsxpress.com\/fr\/wp-json\/wp\/v2\/product_brand?post=28074"},{"taxonomy":"product_cat","embeddable":true,"href":"https:\/\/chemsxpress.com\/fr\/wp-json\/wp\/v2\/product_cat?post=28074"},{"taxonomy":"product_tag","embeddable":true,"href":"https:\/\/chemsxpress.com\/fr\/wp-json\/wp\/v2\/product_tag?post=28074"}],"curies":[{"name":"wp","href":"https:\/\/api.w.org\/{rel}","templated":true}]}}