{"id":28076,"date":"2024-04-29T13:14:16","date_gmt":"2024-04-29T13:14:16","guid":{"rendered":"https:\/\/chemsxpress.com\/?post_type=product&#038;p=28076"},"modified":"2024-07-04T23:38:31","modified_gmt":"2024-07-04T23:38:31","slug":"acheter-7-add-en-ligne-2","status":"publish","type":"product","link":"https:\/\/chemsxpress.com\/fr\/produit\/acheter-7-add-en-ligne-2\/","title":{"rendered":"7-ADD"},"content":{"rendered":"<h1 style=\"text-align: center;\">Acheter 7-ADD en ligne<\/h1>\n<p style=\"text-align: center;\">Acheter 7-ADD en ligne, sur\u00a0 <a href=\"https:\/\/chemsxpress.com\/fr\/\">ChemsXpress<\/a>votre fournisseur de confiance de produits chimiques de recherche de premi\u00e8re qualit\u00e9. Plongez dans le monde de l'exploration scientifique avec notre 7-ADD de haute qualit\u00e9, m\u00e9ticuleusement synth\u00e9tis\u00e9 et test\u00e9 pour r\u00e9pondre aux exigences de la recherche de pointe.<\/p>\n<p style=\"text-align: center;\"><strong>Pourquoi choisir ChemsXpress pour 7-ADD ?<\/strong><\/p>\n<ol style=\"text-align: center;\">\n<li><strong>Qualit\u00e9 exceptionnelle :<\/strong> Notre 7-ADD est fabriqu\u00e9 \u00e0 l'aide de techniques de synth\u00e8se de pointe, ce qui garantit la puret\u00e9 et la coh\u00e9rence de chaque lot. Faites confiance \u00e0 la fiabilit\u00e9 de notre produit pour obtenir des r\u00e9sultats de recherche pr\u00e9cis.<\/li>\n<li><strong>Tests complets :<\/strong> Chaque lot de 7-ADD est soumis \u00e0 des tests rigoureux dans nos laboratoires de pointe afin de v\u00e9rifier sa composition chimique et de garantir le respect de normes de qualit\u00e9 strictes. Votre recherche ne m\u00e9rite rien de moins que le meilleur.<\/li>\n<li><strong>Emballage discret :<\/strong> Nous comprenons l'importance de la confidentialit\u00e9 dans la recherche scientifique. C'est pourquoi nous utilisons un emballage discret pour prot\u00e9ger votre vie priv\u00e9e et assurer une livraison s\u00e9curis\u00e9e \u00e0 votre porte.<\/li>\n<li><strong>Service efficace :<\/strong> Chez ChemsXpress, la satisfaction du client est notre priorit\u00e9. Profitez d'une exp\u00e9rience de commande transparente et d'une livraison rapide, gr\u00e2ce \u00e0 notre \u00e9quipe de service \u00e0 la client\u00e8le d\u00e9vou\u00e9e, pr\u00eate \u00e0 vous aider \u00e0 chaque \u00e9tape du processus.<\/li>\n<\/ol>\n<p style=\"text-align: center;\"><strong>Rejoignez notre communaut\u00e9 de recherche :<\/strong><\/p>\n<p style=\"text-align: center;\">En choisissant ChemsXpress, vous n'achetez pas seulement un produit - vous rejoignez une communaut\u00e9 de chercheurs passionn\u00e9s qui se consacrent \u00e0 repousser les limites de la connaissance scientifique. Abonnez-vous \u00e0 notre lettre d'information pour rester inform\u00e9 des derniers d\u00e9veloppements dans les domaines suivants <a href=\"https:\/\/chemsxpress.com\/fr\/categorie-produit\/produits-chimiques-de-recherche\/\">produits chimiques de recherche<\/a> et acc\u00e9der \u00e0 des offres et des r\u00e9ductions exclusives.<\/p>\n<p style=\"text-align: center;\"><strong>Commandez votre 7-ADD d\u00e8s aujourd'hui :<\/strong><\/p>\n<p style=\"text-align: center;\">Pr\u00eat \u00e0 \u00e9lever votre recherche \u00e0 de nouveaux sommets ? Parcourez notre s\u00e9lection de 7-ADD de qualit\u00e9 sup\u00e9rieure et passez votre commande en toute confiance. Gr\u00e2ce \u00e0 notre processus de commande efficace et \u00e0 notre livraison rapide, vous obtiendrez votre produit chimique de recherche en un rien de temps, pr\u00eat \u00e0 alimenter vos exp\u00e9riences.<\/p>","protected":false},"excerpt":{"rendered":"<p><strong>Nom IUPAC : <\/strong>N-(1-amino-3,3-dimethyl-1-oxobutan-2-yl)-1-butyl-1H-indazole-3-acetamide<\/p>\n<p><strong>Autre nom : <\/strong>AB-Pyca<\/p>\n<p><strong>Apparence : <\/strong>poudre<\/p>\n<p><strong>Forme : <\/strong>HCL en poudre<\/p>\n<p><strong>Analyse RMN : <\/strong>C19H28N4O2<\/p>","protected":false},"featured_media":28192,"comment_status":"open","ping_status":"closed","template":"","meta":[],"product_brand":[],"product_cat":[78],"product_tag":[],"class_list":{"0":"post-28076","1":"product","2":"type-product","3":"status-publish","4":"has-post-thumbnail","6":"product_cat-cannabinoids","8":"first","9":"instock","10":"shipping-taxable","11":"purchasable","12":"product-type-variable"},"yoast_head":"<!-- This site is optimized with the Yoast SEO Premium plugin v24.1 (Yoast SEO v27.4) - https:\/\/yoast.com\/product\/yoast-seo-premium-wordpress\/ -->\n<title>Buy 7-ADD Online: Premium Quality RC&#039;s | ChemsXpress<\/title>\n<meta name=\"description\" content=\"Buy 7-ADD Online from ChemsXpress. With quality, comprehensive testing, discreet packaging, efficient service, trust us as your reliable source for rc\" \/>\n<meta name=\"robots\" content=\"index, follow, max-snippet:-1, max-image-preview:large, max-video-preview:-1\" \/>\n<link rel=\"canonical\" href=\"https:\/\/chemsxpress.com\/fr\/produit\/acheter-7-add-en-ligne-2\/\" \/>\n<meta property=\"og:locale\" content=\"fr_FR\" \/>\n<meta property=\"og:type\" content=\"article\" \/>\n<meta property=\"og:title\" content=\"7-ADD\" \/>\n<meta property=\"og:description\" content=\"Buy 7-ADD Online from ChemsXpress. With quality, comprehensive testing, discreet packaging, efficient service, trust us as your reliable source for rc\" \/>\n<meta property=\"og:url\" content=\"https:\/\/chemsxpress.com\/fr\/produit\/acheter-7-add-en-ligne-2\/\" \/>\n<meta property=\"og:site_name\" content=\"SHOP MDPHP\" \/>\n<meta property=\"article:modified_time\" content=\"2024-07-04T23:38:31+00:00\" \/>\n<meta property=\"og:image\" content=\"https:\/\/chemsxpress.com\/wp-content\/uploads\/2024\/04\/7-ADD.jpg\" \/>\n\t<meta property=\"og:image:width\" content=\"600\" \/>\n\t<meta property=\"og:image:height\" content=\"600\" \/>\n\t<meta property=\"og:image:type\" content=\"image\/jpeg\" \/>\n<meta name=\"twitter:card\" content=\"summary_large_image\" \/>\n<meta name=\"twitter:label1\" content=\"Dur\u00e9e de lecture estim\u00e9e\" \/>\n\t<meta name=\"twitter:data1\" content=\"2 minutes\" \/>\n<script type=\"application\/ld+json\" class=\"yoast-schema-graph\">{\"@context\":\"https:\\\/\\\/schema.org\",\"@graph\":[{\"@type\":\"WebPage\",\"@id\":\"https:\\\/\\\/chemsxpress.com\\\/product\\\/buy-7-add-online\\\/\",\"url\":\"https:\\\/\\\/chemsxpress.com\\\/product\\\/buy-7-add-online\\\/\",\"name\":\"Buy 7-ADD Online: Premium Quality RC's | ChemsXpress\",\"isPartOf\":{\"@id\":\"https:\\\/\\\/chemsxpress.com\\\/#website\"},\"primaryImageOfPage\":{\"@id\":\"https:\\\/\\\/chemsxpress.com\\\/product\\\/buy-7-add-online\\\/#primaryimage\"},\"image\":{\"@id\":\"https:\\\/\\\/chemsxpress.com\\\/product\\\/buy-7-add-online\\\/#primaryimage\"},\"thumbnailUrl\":\"https:\\\/\\\/chemsxpress.com\\\/wp-content\\\/uploads\\\/2024\\\/04\\\/7-ADD.jpg\",\"datePublished\":\"2024-04-29T13:14:16+00:00\",\"dateModified\":\"2024-07-04T23:38:31+00:00\",\"description\":\"Buy 7-ADD Online from ChemsXpress. With quality, comprehensive testing, discreet packaging, efficient service, trust us as your reliable source for rc\",\"breadcrumb\":{\"@id\":\"https:\\\/\\\/chemsxpress.com\\\/product\\\/buy-7-add-online\\\/#breadcrumb\"},\"inLanguage\":\"fr-FR\",\"potentialAction\":[{\"@type\":\"ReadAction\",\"target\":[\"https:\\\/\\\/chemsxpress.com\\\/product\\\/buy-7-add-online\\\/\"]}]},{\"@type\":\"ImageObject\",\"inLanguage\":\"fr-FR\",\"@id\":\"https:\\\/\\\/chemsxpress.com\\\/product\\\/buy-7-add-online\\\/#primaryimage\",\"url\":\"https:\\\/\\\/chemsxpress.com\\\/wp-content\\\/uploads\\\/2024\\\/04\\\/7-ADD.jpg\",\"contentUrl\":\"https:\\\/\\\/chemsxpress.com\\\/wp-content\\\/uploads\\\/2024\\\/04\\\/7-ADD.jpg\",\"width\":600,\"height\":600,\"caption\":\"Buy 7-ADD Online\"},{\"@type\":\"BreadcrumbList\",\"@id\":\"https:\\\/\\\/chemsxpress.com\\\/product\\\/buy-7-add-online\\\/#breadcrumb\",\"itemListElement\":[{\"@type\":\"ListItem\",\"position\":1,\"name\":\"Home\",\"item\":\"https:\\\/\\\/chemsxpress.com\\\/\"},{\"@type\":\"ListItem\",\"position\":2,\"name\":\"Shop\",\"item\":\"https:\\\/\\\/chemsxpress.com\\\/shop\\\/\"},{\"@type\":\"ListItem\",\"position\":3,\"name\":\"7-ADD\"}]},{\"@type\":\"WebSite\",\"@id\":\"https:\\\/\\\/chemsxpress.com\\\/#website\",\"url\":\"https:\\\/\\\/chemsxpress.com\\\/\",\"name\":\"SHOP MDPHP\",\"description\":\"Buy MDPHP freebase from reliable supplier\",\"potentialAction\":[{\"@type\":\"SearchAction\",\"target\":{\"@type\":\"EntryPoint\",\"urlTemplate\":\"https:\\\/\\\/chemsxpress.com\\\/?s={search_term_string}\"},\"query-input\":{\"@type\":\"PropertyValueSpecification\",\"valueRequired\":true,\"valueName\":\"search_term_string\"}}],\"inLanguage\":\"fr-FR\"}]}<\/script>\n<!-- \/ Yoast SEO Premium plugin. -->","yoast_head_json":{"title":"Achetez 7-ADD en ligne\u00a0: RC de qualit\u00e9 sup\u00e9rieure | ChemsXpress","description":"Achetez 7-ADD en ligne sur ChemsXpress. Avec la qualit\u00e9, des tests complets, un emballage discret, un service efficace, faites-nous confiance comme votre source fiable pour rc","robots":{"index":"index","follow":"follow","max-snippet":"max-snippet:-1","max-image-preview":"max-image-preview:large","max-video-preview":"max-video-preview:-1"},"canonical":"https:\/\/chemsxpress.com\/fr\/produit\/acheter-7-add-en-ligne-2\/","og_locale":"fr_FR","og_type":"article","og_title":"7-ADD","og_description":"Buy 7-ADD Online from ChemsXpress. With quality, comprehensive testing, discreet packaging, efficient service, trust us as your reliable source for rc","og_url":"https:\/\/chemsxpress.com\/fr\/produit\/acheter-7-add-en-ligne-2\/","og_site_name":"SHOP MDPHP","article_modified_time":"2024-07-04T23:38:31+00:00","og_image":[{"width":600,"height":600,"url":"https:\/\/chemsxpress.com\/wp-content\/uploads\/2024\/04\/7-ADD.jpg","type":"image\/jpeg"}],"twitter_card":"summary_large_image","twitter_misc":{"Dur\u00e9e de lecture estim\u00e9e":"2 minutes"},"schema":{"@context":"https:\/\/schema.org","@graph":[{"@type":"WebPage","@id":"https:\/\/chemsxpress.com\/product\/buy-7-add-online\/","url":"https:\/\/chemsxpress.com\/product\/buy-7-add-online\/","name":"Achetez 7-ADD en ligne\u00a0: RC de qualit\u00e9 sup\u00e9rieure | ChemsXpress","isPartOf":{"@id":"https:\/\/chemsxpress.com\/#website"},"primaryImageOfPage":{"@id":"https:\/\/chemsxpress.com\/product\/buy-7-add-online\/#primaryimage"},"image":{"@id":"https:\/\/chemsxpress.com\/product\/buy-7-add-online\/#primaryimage"},"thumbnailUrl":"https:\/\/chemsxpress.com\/wp-content\/uploads\/2024\/04\/7-ADD.jpg","datePublished":"2024-04-29T13:14:16+00:00","dateModified":"2024-07-04T23:38:31+00:00","description":"Achetez 7-ADD en ligne sur ChemsXpress. Avec la qualit\u00e9, des tests complets, un emballage discret, un service efficace, faites-nous confiance comme votre source fiable pour rc","breadcrumb":{"@id":"https:\/\/chemsxpress.com\/product\/buy-7-add-online\/#breadcrumb"},"inLanguage":"fr-FR","potentialAction":[{"@type":"ReadAction","target":["https:\/\/chemsxpress.com\/product\/buy-7-add-online\/"]}]},{"@type":"ImageObject","inLanguage":"fr-FR","@id":"https:\/\/chemsxpress.com\/product\/buy-7-add-online\/#primaryimage","url":"https:\/\/chemsxpress.com\/wp-content\/uploads\/2024\/04\/7-ADD.jpg","contentUrl":"https:\/\/chemsxpress.com\/wp-content\/uploads\/2024\/04\/7-ADD.jpg","width":600,"height":600,"caption":"Buy 7-ADD Online"},{"@type":"BreadcrumbList","@id":"https:\/\/chemsxpress.com\/product\/buy-7-add-online\/#breadcrumb","itemListElement":[{"@type":"ListItem","position":1,"name":"Home","item":"https:\/\/chemsxpress.com\/"},{"@type":"ListItem","position":2,"name":"Shop","item":"https:\/\/chemsxpress.com\/shop\/"},{"@type":"ListItem","position":3,"name":"7-ADD"}]},{"@type":"WebSite","@id":"https:\/\/chemsxpress.com\/#website","url":"https:\/\/chemsxpress.com\/","name":"SHOP MDPHP","description":"Acheter MDPHP freebase aupr\u00e8s d'un fournisseur fiable","potentialAction":[{"@type":"SearchAction","target":{"@type":"EntryPoint","urlTemplate":"https:\/\/chemsxpress.com\/?s={search_term_string}"},"query-input":{"@type":"PropertyValueSpecification","valueRequired":true,"valueName":"search_term_string"}}],"inLanguage":"fr-FR"}]}},"jetpack_sharing_enabled":true,"_links":{"self":[{"href":"https:\/\/chemsxpress.com\/fr\/wp-json\/wp\/v2\/product\/28076","targetHints":{"allow":["GET"]}}],"collection":[{"href":"https:\/\/chemsxpress.com\/fr\/wp-json\/wp\/v2\/product"}],"about":[{"href":"https:\/\/chemsxpress.com\/fr\/wp-json\/wp\/v2\/types\/product"}],"replies":[{"embeddable":true,"href":"https:\/\/chemsxpress.com\/fr\/wp-json\/wp\/v2\/comments?post=28076"}],"version-history":[{"count":4,"href":"https:\/\/chemsxpress.com\/fr\/wp-json\/wp\/v2\/product\/28076\/revisions"}],"predecessor-version":[{"id":30081,"href":"https:\/\/chemsxpress.com\/fr\/wp-json\/wp\/v2\/product\/28076\/revisions\/30081"}],"wp:featuredmedia":[{"embeddable":true,"href":"https:\/\/chemsxpress.com\/fr\/wp-json\/wp\/v2\/media\/28192"}],"wp:attachment":[{"href":"https:\/\/chemsxpress.com\/fr\/wp-json\/wp\/v2\/media?parent=28076"}],"wp:term":[{"taxonomy":"product_brand","embeddable":true,"href":"https:\/\/chemsxpress.com\/fr\/wp-json\/wp\/v2\/product_brand?post=28076"},{"taxonomy":"product_cat","embeddable":true,"href":"https:\/\/chemsxpress.com\/fr\/wp-json\/wp\/v2\/product_cat?post=28076"},{"taxonomy":"product_tag","embeddable":true,"href":"https:\/\/chemsxpress.com\/fr\/wp-json\/wp\/v2\/product_tag?post=28076"}],"curies":[{"name":"wp","href":"https:\/\/api.w.org\/{rel}","templated":true}]}}