{"id":28122,"date":"2024-04-29T13:14:47","date_gmt":"2024-04-29T13:14:47","guid":{"rendered":"https:\/\/chemsxpress.com\/?post_type=product&#038;p=28122"},"modified":"2024-07-04T23:32:32","modified_gmt":"2024-07-04T23:32:32","slug":"acheter-qualite-adb-ca","status":"publish","type":"product","link":"https:\/\/chemsxpress.com\/fr\/produit\/acheter-qualite-adb-ca\/","title":{"rendered":"ADB CA"},"content":{"rendered":"<h1 style=\"text-align: center;\">Acheter des ADB CA de qualit\u00e9<\/h1>\n<h5 style=\"text-align: center;\"><strong>D\u00e9couvrez l'ADB-CA de premi\u00e8re qualit\u00e9 pour votre recherche chez ChemsXpress<\/strong><\/h5>\n<p style=\"text-align: center;\">Acheter un CA ADB de qualit\u00e9. Bienvenue \u00e0 ChemsXpress, votre source de confiance pour l'ADB-CA de haute qualit\u00e9. Plongez dans le domaine de l'exploration scientifique avec notre ADB-CA m\u00e9ticuleusement synth\u00e9tis\u00e9 et rigoureusement test\u00e9, con\u00e7u pour r\u00e9pondre aux normes exigeantes de la recherche de pointe.<\/p>\n<p style=\"text-align: center;\"><strong>Pourquoi choisir ChemsXpress ?<\/strong><\/p>\n<ul style=\"text-align: center;\">\n<li><strong>Une qualit\u00e9 sans compromis :<\/strong> Notre ADB-CA est soumis \u00e0 des mesures rigoureuses de contr\u00f4le de la qualit\u00e9 afin de garantir sa puret\u00e9, sa puissance et sa coh\u00e9rence, ce qui vous permet d'obtenir des r\u00e9sultats fiables pour vos travaux de recherche.<\/li>\n<li><strong>Exp\u00e9dition rapide et s\u00e9curis\u00e9e :<\/strong> Nous comprenons l'importance d'une livraison rapide pour vos projets de recherche. Gr\u00e2ce \u00e0 notre processus d'exp\u00e9dition efficace, votre commande ADB-CA vous parviendra rapidement et en toute s\u00e9curit\u00e9.<\/li>\n<li><strong>Un support client expert :<\/strong> Vous avez des questions ou besoin d'aide ? Notre \u00e9quipe d'assistance \u00e0 la client\u00e8le est \u00e0 votre disposition pour r\u00e9pondre \u00e0 vos questions et vous guider tout au long de votre exp\u00e9rience d'achat.<\/li>\n<\/ul>\n<p style=\"text-align: center;\"><strong>Commandez votre ADB-CA d\u00e8s aujourd'hui<\/strong><\/p>\n<p style=\"text-align: center;\">Faites passer vos recherches \u00e0 la vitesse sup\u00e9rieure gr\u00e2ce \u00e0 l'ADB-CA de qualit\u00e9 sup\u00e9rieure de ChemsXpress. Passez votre commande d\u00e8s aujourd'hui et embarquez pour un voyage de d\u00e9couverte scientifique en toute confiance.<\/p>\n<p style=\"text-align: center;\"><strong>Rejoignez notre communaut\u00e9 de recherche<\/strong><\/p>\n<p style=\"text-align: center;\">Restez inform\u00e9 des derni\u00e8res avanc\u00e9es en mati\u00e8re de <a href=\"https:\/\/chemsxpress.com\/fr\/categorie-produit\/produits-chimiques-de-recherche\/\">produits chimiques de recherche<\/a> et b\u00e9n\u00e9ficiez d'offres exclusives en vous inscrivant \u00e0 notre lettre d'information. Rejoignez une communaut\u00e9 de chercheurs passionn\u00e9s qui se consacrent \u00e0 repousser les limites de la science.<\/p>\n<p style=\"text-align: center;\"><strong>La confiance dans ChemsXpress<\/strong><\/p>\n<p style=\"text-align: center;\">Merci d'avoir choisi <a href=\"https:\/\/chemsxpress.com\/fr\/\">ChemsXpress<\/a> en tant que partenaire de confiance dans l'exploration scientifique. Gr\u00e2ce \u00e0 notre engagement in\u00e9branlable en faveur de la qualit\u00e9 et de la satisfaction du client, vous pouvez nous faire confiance pour soutenir vos efforts de recherche.<\/p>\n<p style=\"text-align: center;\">","protected":false},"excerpt":{"rendered":"<p>Nom IUPAC : ADB-CA<\/p>","protected":false},"featured_media":28195,"comment_status":"open","ping_status":"closed","template":"","meta":[],"product_brand":[],"product_cat":[78],"product_tag":[],"class_list":{"0":"post-28122","1":"product","2":"type-product","3":"status-publish","4":"has-post-thumbnail","6":"product_cat-cannabinoids","8":"first","9":"instock","10":"shipping-taxable","11":"purchasable","12":"product-type-variable"},"yoast_head":"<!-- This site is optimized with the Yoast SEO Premium plugin v24.1 (Yoast SEO v27.5) - https:\/\/yoast.com\/product\/yoast-seo-premium-wordpress\/ -->\n<title>Buy Quality ADB-CA Online: Premium RC&#039;s| ChemsXpress<\/title>\n<meta name=\"description\" content=\"Buy-quality ADB-CA at ChemsXpress. With uncompromising quality, prompt shipping, and expert customer support, trust us to fuel your scientific endeavors.\" \/>\n<meta name=\"robots\" content=\"index, follow, max-snippet:-1, max-image-preview:large, max-video-preview:-1\" \/>\n<link rel=\"canonical\" href=\"https:\/\/chemsxpress.com\/fr\/produit\/acheter-qualite-adb-ca\/\" \/>\n<meta property=\"og:locale\" content=\"fr_FR\" \/>\n<meta property=\"og:type\" content=\"article\" \/>\n<meta property=\"og:title\" content=\"ADB CA\" \/>\n<meta property=\"og:description\" content=\"Buy-quality ADB-CA at ChemsXpress. With uncompromising quality, prompt shipping, and expert customer support, trust us to fuel your scientific endeavors.\" \/>\n<meta property=\"og:url\" content=\"https:\/\/chemsxpress.com\/fr\/produit\/acheter-qualite-adb-ca\/\" \/>\n<meta property=\"og:site_name\" content=\"SHOP MDPHP\" \/>\n<meta property=\"article:modified_time\" content=\"2024-07-04T23:32:32+00:00\" \/>\n<meta property=\"og:image\" content=\"https:\/\/chemsxpress.com\/wp-content\/uploads\/2024\/04\/ADB-CA.jpg\" \/>\n\t<meta property=\"og:image:width\" content=\"600\" \/>\n\t<meta property=\"og:image:height\" content=\"600\" \/>\n\t<meta property=\"og:image:type\" content=\"image\/jpeg\" \/>\n<meta name=\"twitter:card\" content=\"summary_large_image\" \/>\n<meta name=\"twitter:label1\" content=\"Dur\u00e9e de lecture estim\u00e9e\" \/>\n\t<meta name=\"twitter:data1\" content=\"2 minutes\" \/>\n<script type=\"application\/ld+json\" class=\"yoast-schema-graph\">{\"@context\":\"https:\\\/\\\/schema.org\",\"@graph\":[{\"@type\":\"WebPage\",\"@id\":\"https:\\\/\\\/chemsxpress.com\\\/product\\\/buy-quality-adb-ca\\\/\",\"url\":\"https:\\\/\\\/chemsxpress.com\\\/product\\\/buy-quality-adb-ca\\\/\",\"name\":\"Buy Quality ADB-CA Online: Premium RC's| ChemsXpress\",\"isPartOf\":{\"@id\":\"https:\\\/\\\/chemsxpress.com\\\/#website\"},\"primaryImageOfPage\":{\"@id\":\"https:\\\/\\\/chemsxpress.com\\\/product\\\/buy-quality-adb-ca\\\/#primaryimage\"},\"image\":{\"@id\":\"https:\\\/\\\/chemsxpress.com\\\/product\\\/buy-quality-adb-ca\\\/#primaryimage\"},\"thumbnailUrl\":\"https:\\\/\\\/chemsxpress.com\\\/wp-content\\\/uploads\\\/2024\\\/04\\\/ADB-CA.jpg\",\"datePublished\":\"2024-04-29T13:14:47+00:00\",\"dateModified\":\"2024-07-04T23:32:32+00:00\",\"description\":\"Buy-quality ADB-CA at ChemsXpress. With uncompromising quality, prompt shipping, and expert customer support, trust us to fuel your scientific endeavors.\",\"breadcrumb\":{\"@id\":\"https:\\\/\\\/chemsxpress.com\\\/product\\\/buy-quality-adb-ca\\\/#breadcrumb\"},\"inLanguage\":\"fr-FR\",\"potentialAction\":[{\"@type\":\"ReadAction\",\"target\":[\"https:\\\/\\\/chemsxpress.com\\\/product\\\/buy-quality-adb-ca\\\/\"]}]},{\"@type\":\"ImageObject\",\"inLanguage\":\"fr-FR\",\"@id\":\"https:\\\/\\\/chemsxpress.com\\\/product\\\/buy-quality-adb-ca\\\/#primaryimage\",\"url\":\"https:\\\/\\\/chemsxpress.com\\\/wp-content\\\/uploads\\\/2024\\\/04\\\/ADB-CA.jpg\",\"contentUrl\":\"https:\\\/\\\/chemsxpress.com\\\/wp-content\\\/uploads\\\/2024\\\/04\\\/ADB-CA.jpg\",\"width\":600,\"height\":600,\"caption\":\"Buy Quality ADB CA\"},{\"@type\":\"BreadcrumbList\",\"@id\":\"https:\\\/\\\/chemsxpress.com\\\/product\\\/buy-quality-adb-ca\\\/#breadcrumb\",\"itemListElement\":[{\"@type\":\"ListItem\",\"position\":1,\"name\":\"Home\",\"item\":\"https:\\\/\\\/chemsxpress.com\\\/\"},{\"@type\":\"ListItem\",\"position\":2,\"name\":\"Shop\",\"item\":\"https:\\\/\\\/chemsxpress.com\\\/shop\\\/\"},{\"@type\":\"ListItem\",\"position\":3,\"name\":\"ADB CA\"}]},{\"@type\":\"WebSite\",\"@id\":\"https:\\\/\\\/chemsxpress.com\\\/#website\",\"url\":\"https:\\\/\\\/chemsxpress.com\\\/\",\"name\":\"SHOP MDPHP\",\"description\":\"Buy MDPHP freebase from reliable supplier\",\"potentialAction\":[{\"@type\":\"SearchAction\",\"target\":{\"@type\":\"EntryPoint\",\"urlTemplate\":\"https:\\\/\\\/chemsxpress.com\\\/?s={search_term_string}\"},\"query-input\":{\"@type\":\"PropertyValueSpecification\",\"valueRequired\":true,\"valueName\":\"search_term_string\"}}],\"inLanguage\":\"fr-FR\"}]}<\/script>\n<!-- \/ Yoast SEO Premium plugin. -->","yoast_head_json":{"title":"Achetez 7-ADD en ligne par ChemsXpress. Avec qualit\u00e9, tests complets, assemblage discret et service efficace, affidati \u00e0 nos jours comme fonte affidabile di RC","description":"Achetez du 4F-ABINAC chez ChemsXpress. Avec une qualit\u00e9 exceptionnelle, une puret\u00e9 test\u00e9e en laboratoire et un support client expert, faites-nous confiance pour alimenter vos efforts scientifiques.","robots":{"index":"index","follow":"follow","max-snippet":"max-snippet:-1","max-image-preview":"max-image-preview:large","max-video-preview":"max-video-preview:-1"},"canonical":"https:\/\/chemsxpress.com\/fr\/produit\/acheter-qualite-adb-ca\/","og_locale":"fr_FR","og_type":"article","og_title":"ADB CA","og_description":"Buy-quality ADB-CA at ChemsXpress. With uncompromising quality, prompt shipping, and expert customer support, trust us to fuel your scientific endeavors.","og_url":"https:\/\/chemsxpress.com\/fr\/produit\/acheter-qualite-adb-ca\/","og_site_name":"SHOP MDPHP","article_modified_time":"2024-07-04T23:32:32+00:00","og_image":[{"width":600,"height":600,"url":"https:\/\/chemsxpress.com\/wp-content\/uploads\/2024\/04\/ADB-CA.jpg","type":"image\/jpeg"}],"twitter_card":"summary_large_image","twitter_misc":{"Dur\u00e9e de lecture estim\u00e9e":"2 minutes"},"schema":{"@context":"https:\/\/schema.org","@graph":[{"@type":"WebPage","@id":"https:\/\/chemsxpress.com\/product\/buy-quality-adb-ca\/","url":"https:\/\/chemsxpress.com\/product\/buy-quality-adb-ca\/","name":"Achetez 7-ADD en ligne par ChemsXpress. Avec qualit\u00e9, tests complets, assemblage discret et service efficace, affidati \u00e0 nos jours comme fonte affidabile di RC","isPartOf":{"@id":"https:\/\/chemsxpress.com\/#website"},"primaryImageOfPage":{"@id":"https:\/\/chemsxpress.com\/product\/buy-quality-adb-ca\/#primaryimage"},"image":{"@id":"https:\/\/chemsxpress.com\/product\/buy-quality-adb-ca\/#primaryimage"},"thumbnailUrl":"https:\/\/chemsxpress.com\/wp-content\/uploads\/2024\/04\/ADB-CA.jpg","datePublished":"2024-04-29T13:14:47+00:00","dateModified":"2024-07-04T23:32:32+00:00","description":"Achetez du 4F-ABINAC chez ChemsXpress. Avec une qualit\u00e9 exceptionnelle, une puret\u00e9 test\u00e9e en laboratoire et un support client expert, faites-nous confiance pour alimenter vos efforts scientifiques.","breadcrumb":{"@id":"https:\/\/chemsxpress.com\/product\/buy-quality-adb-ca\/#breadcrumb"},"inLanguage":"fr-FR","potentialAction":[{"@type":"ReadAction","target":["https:\/\/chemsxpress.com\/product\/buy-quality-adb-ca\/"]}]},{"@type":"ImageObject","inLanguage":"fr-FR","@id":"https:\/\/chemsxpress.com\/product\/buy-quality-adb-ca\/#primaryimage","url":"https:\/\/chemsxpress.com\/wp-content\/uploads\/2024\/04\/ADB-CA.jpg","contentUrl":"https:\/\/chemsxpress.com\/wp-content\/uploads\/2024\/04\/ADB-CA.jpg","width":600,"height":600,"caption":"Buy Quality ADB CA"},{"@type":"BreadcrumbList","@id":"https:\/\/chemsxpress.com\/product\/buy-quality-adb-ca\/#breadcrumb","itemListElement":[{"@type":"ListItem","position":1,"name":"Home","item":"https:\/\/chemsxpress.com\/"},{"@type":"ListItem","position":2,"name":"Shop","item":"https:\/\/chemsxpress.com\/shop\/"},{"@type":"ListItem","position":3,"name":"ADB CA"}]},{"@type":"WebSite","@id":"https:\/\/chemsxpress.com\/#website","url":"https:\/\/chemsxpress.com\/","name":"SHOP MDPHP","description":"Acheter MDPHP freebase aupr\u00e8s d'un fournisseur fiable","potentialAction":[{"@type":"SearchAction","target":{"@type":"EntryPoint","urlTemplate":"https:\/\/chemsxpress.com\/?s={search_term_string}"},"query-input":{"@type":"PropertyValueSpecification","valueRequired":true,"valueName":"search_term_string"}}],"inLanguage":"fr-FR"}]}},"jetpack_sharing_enabled":true,"_links":{"self":[{"href":"https:\/\/chemsxpress.com\/fr\/wp-json\/wp\/v2\/product\/28122","targetHints":{"allow":["GET"]}}],"collection":[{"href":"https:\/\/chemsxpress.com\/fr\/wp-json\/wp\/v2\/product"}],"about":[{"href":"https:\/\/chemsxpress.com\/fr\/wp-json\/wp\/v2\/types\/product"}],"replies":[{"embeddable":true,"href":"https:\/\/chemsxpress.com\/fr\/wp-json\/wp\/v2\/comments?post=28122"}],"version-history":[{"count":4,"href":"https:\/\/chemsxpress.com\/fr\/wp-json\/wp\/v2\/product\/28122\/revisions"}],"predecessor-version":[{"id":30075,"href":"https:\/\/chemsxpress.com\/fr\/wp-json\/wp\/v2\/product\/28122\/revisions\/30075"}],"wp:featuredmedia":[{"embeddable":true,"href":"https:\/\/chemsxpress.com\/fr\/wp-json\/wp\/v2\/media\/28195"}],"wp:attachment":[{"href":"https:\/\/chemsxpress.com\/fr\/wp-json\/wp\/v2\/media?parent=28122"}],"wp:term":[{"taxonomy":"product_brand","embeddable":true,"href":"https:\/\/chemsxpress.com\/fr\/wp-json\/wp\/v2\/product_brand?post=28122"},{"taxonomy":"product_cat","embeddable":true,"href":"https:\/\/chemsxpress.com\/fr\/wp-json\/wp\/v2\/product_cat?post=28122"},{"taxonomy":"product_tag","embeddable":true,"href":"https:\/\/chemsxpress.com\/fr\/wp-json\/wp\/v2\/product_tag?post=28122"}],"curies":[{"name":"wp","href":"https:\/\/api.w.org\/{rel}","templated":true}]}}