{"id":28123,"date":"2024-04-29T13:14:47","date_gmt":"2024-04-29T13:14:47","guid":{"rendered":"https:\/\/chemsxpress.com\/?post_type=product&#038;p=28123"},"modified":"2025-05-24T08:32:44","modified_gmt":"2025-05-24T08:32:44","slug":"acheter-de-la-poudre-de-cbd-en-ligne","status":"publish","type":"product","link":"https:\/\/chemsxpress.com\/fr\/produit\/acheter-de-la-poudre-de-cbd-en-ligne\/","title":{"rendered":"Poudre de CBD"},"content":{"rendered":"<p style=\"text-align: center;\">Acheter de la poudre de CBD en ligne<\/p>\n<p style=\"text-align: center;\"><strong>D\u00e9couvrez la poudre de CBD de qualit\u00e9 sup\u00e9rieure en vente chez ChemsXpress<\/strong><\/p>\n<p style=\"text-align: center;\">Acheter de la poudre de CBD en ligne, Bienvenue sur <a href=\"https:\/\/chemsxpress.com\/fr\/\">ChemsXpress<\/a>CBD, votre source de confiance pour de la poudre de CBD de haute qualit\u00e9. Plongez dans le monde du bien-\u00eatre naturel avec notre poudre de CBD d'origine m\u00e9ticuleuse et rigoureusement test\u00e9e, con\u00e7ue pour r\u00e9pondre aux divers besoins de nos clients.<\/p>\n<p style=\"text-align: center;\"><strong>Pourquoi choisir ChemsXpress ?<\/strong><\/p>\n<ul style=\"text-align: center;\">\n<li><strong>Qualit\u00e9 sup\u00e9rieure :<\/strong> Notre poudre de CBD provient de plants de chanvre de premi\u00e8re qualit\u00e9 et est soumise \u00e0 des mesures strictes de contr\u00f4le de la qualit\u00e9 afin d'en garantir la puret\u00e9, la puissance et la coh\u00e9rence.<\/li>\n<li><strong>Test\u00e9 en laboratoire :<\/strong> Chaque lot de notre poudre de CBD est test\u00e9 dans des laboratoires tiers afin de v\u00e9rifier son profil cannabino\u00efde et de s'assurer qu'il est exempt de contaminants, de pesticides et de m\u00e9taux lourds.<\/li>\n<li><strong>Polyvalence :<\/strong> Que vous souhaitiez cr\u00e9er vos propres produits CBD ou int\u00e9grer le CBD \u00e0 votre routine quotidienne de bien-\u00eatre, notre poudre de CBD est polyvalente et pratique.<\/li>\n<li><strong>Soutien d'un expert :<\/strong> Vous avez des questions ou besoin d'aide ? Notre \u00e9quipe d'assistance \u00e0 la client\u00e8le est \u00e0 votre disposition pour vous fournir des conseils d'experts et une assistance \u00e0 chaque \u00e9tape du processus.<\/li>\n<\/ul>\n<p style=\"text-align: center;\"><strong>Commandez votre poudre de CBD d\u00e8s aujourd'hui<\/strong><\/p>\n<p style=\"text-align: center;\">D\u00e9couvrez les avantages de la poudre de CBD de qualit\u00e9 sup\u00e9rieure de ChemsXpress. Passez votre commande d\u00e8s aujourd'hui et faites le premier pas vers un mode de vie plus sain et plus \u00e9quilibr\u00e9.<\/p>\n<p style=\"text-align: center;\"><strong>Rejoindre notre communaut\u00e9<\/strong><\/p>\n<p style=\"text-align: center;\">Restez inform\u00e9 des derniers d\u00e9veloppements de la recherche sur le CBD et b\u00e9n\u00e9ficiez d'offres exclusives en vous inscrivant \u00e0 notre lettre d'information. Rejoignez notre communaut\u00e9 de passionn\u00e9s du CBD et de d\u00e9fenseurs du bien-\u00eatre d\u00e8s aujourd'hui !<\/p>\n<p style=\"text-align: center;\"><strong>La confiance dans ChemsXpress<\/strong><\/p>\n<p style=\"text-align: center;\">Nous vous remercions d'avoir choisi ChemsXpress comme source de confiance pour les produits CBD de premi\u00e8re qualit\u00e9. Gr\u00e2ce \u00e0 notre engagement en faveur de la qualit\u00e9, de la transparence et de la satisfaction des clients, vous pouvez acheter en toute confiance.<\/p>","protected":false},"excerpt":{"rendered":"<p><strong>IUPAC-Name: <\/strong>2-[(1R,6R)-6-isopropenyl-3-methylcyclohex-2-en-1-yl]-5-pentylbenzene-1,3-diol<\/p>\n<p><strong>CAS # <\/strong>13956-29-1<\/p>\n<p><strong>Appearance: <\/strong>powder<\/p>\n<p><strong>NMR Analysis: <\/strong>C21H30O2<\/p>\n","protected":false},"featured_media":28198,"comment_status":"open","ping_status":"closed","template":"","meta":[],"product_brand":[],"product_cat":[78],"product_tag":[],"class_list":{"0":"post-28123","1":"product","2":"type-product","3":"status-publish","4":"has-post-thumbnail","6":"product_cat-cannabinoids","8":"first","9":"instock","10":"shipping-taxable","11":"purchasable","12":"product-type-variable"},"yoast_head":"<!-- This site is optimized with the Yoast SEO Premium plugin v24.1 (Yoast SEO v27.4) - https:\/\/yoast.com\/product\/yoast-seo-premium-wordpress\/ -->\n<title>Buy CBD Powder Online: Hemp-Derived CBD | ChemsXpress<\/title>\n<meta name=\"description\" content=\"Buy CBD powder for sale at ChemsXpress. Sourced from premium-grade hemp plants and rigorously tested, our CBD powder offers versatility for you. Order Now\" \/>\n<meta name=\"robots\" content=\"index, follow, max-snippet:-1, max-image-preview:large, max-video-preview:-1\" \/>\n<link rel=\"canonical\" href=\"https:\/\/chemsxpress.com\/fr\/produit\/acheter-de-la-poudre-de-cbd-en-ligne\/\" \/>\n<meta property=\"og:locale\" content=\"fr_FR\" \/>\n<meta property=\"og:type\" content=\"article\" \/>\n<meta property=\"og:title\" content=\"CBD powder\" \/>\n<meta property=\"og:description\" content=\"Buy CBD powder for sale at ChemsXpress. Sourced from premium-grade hemp plants and rigorously tested, our CBD powder offers versatility for you. Order Now\" \/>\n<meta property=\"og:url\" content=\"https:\/\/chemsxpress.com\/fr\/produit\/acheter-de-la-poudre-de-cbd-en-ligne\/\" \/>\n<meta property=\"og:site_name\" content=\"SHOP MDPHP\" \/>\n<meta property=\"article:modified_time\" content=\"2025-05-24T08:32:44+00:00\" \/>\n<meta property=\"og:image\" content=\"https:\/\/chemsxpress.com\/wp-content\/uploads\/2024\/04\/CBD-powder-1.jpg\" \/>\n\t<meta property=\"og:image:width\" content=\"600\" \/>\n\t<meta property=\"og:image:height\" content=\"600\" \/>\n\t<meta property=\"og:image:type\" content=\"image\/jpeg\" \/>\n<meta name=\"twitter:card\" content=\"summary_large_image\" \/>\n<meta name=\"twitter:label1\" content=\"Dur\u00e9e de lecture estim\u00e9e\" \/>\n\t<meta name=\"twitter:data1\" content=\"2 minutes\" \/>\n<script type=\"application\/ld+json\" class=\"yoast-schema-graph\">{\"@context\":\"https:\\\/\\\/schema.org\",\"@graph\":[{\"@type\":\"WebPage\",\"@id\":\"https:\\\/\\\/chemsxpress.com\\\/product\\\/buy-cbd-powder-online\\\/\",\"url\":\"https:\\\/\\\/chemsxpress.com\\\/product\\\/buy-cbd-powder-online\\\/\",\"name\":\"Buy CBD Powder Online: Hemp-Derived CBD | ChemsXpress\",\"isPartOf\":{\"@id\":\"https:\\\/\\\/chemsxpress.com\\\/#website\"},\"primaryImageOfPage\":{\"@id\":\"https:\\\/\\\/chemsxpress.com\\\/product\\\/buy-cbd-powder-online\\\/#primaryimage\"},\"image\":{\"@id\":\"https:\\\/\\\/chemsxpress.com\\\/product\\\/buy-cbd-powder-online\\\/#primaryimage\"},\"thumbnailUrl\":\"https:\\\/\\\/chemsxpress.com\\\/wp-content\\\/uploads\\\/2024\\\/04\\\/CBD-powder-1.jpg\",\"datePublished\":\"2024-04-29T13:14:47+00:00\",\"dateModified\":\"2025-05-24T08:32:44+00:00\",\"description\":\"Buy CBD powder for sale at ChemsXpress. Sourced from premium-grade hemp plants and rigorously tested, our CBD powder offers versatility for you. Order Now\",\"breadcrumb\":{\"@id\":\"https:\\\/\\\/chemsxpress.com\\\/product\\\/buy-cbd-powder-online\\\/#breadcrumb\"},\"inLanguage\":\"fr-FR\",\"potentialAction\":[{\"@type\":\"ReadAction\",\"target\":[\"https:\\\/\\\/chemsxpress.com\\\/product\\\/buy-cbd-powder-online\\\/\"]}]},{\"@type\":\"ImageObject\",\"inLanguage\":\"fr-FR\",\"@id\":\"https:\\\/\\\/chemsxpress.com\\\/product\\\/buy-cbd-powder-online\\\/#primaryimage\",\"url\":\"https:\\\/\\\/chemsxpress.com\\\/wp-content\\\/uploads\\\/2024\\\/04\\\/CBD-powder-1.jpg\",\"contentUrl\":\"https:\\\/\\\/chemsxpress.com\\\/wp-content\\\/uploads\\\/2024\\\/04\\\/CBD-powder-1.jpg\",\"width\":600,\"height\":600,\"caption\":\"Buy CBD powder online\"},{\"@type\":\"BreadcrumbList\",\"@id\":\"https:\\\/\\\/chemsxpress.com\\\/product\\\/buy-cbd-powder-online\\\/#breadcrumb\",\"itemListElement\":[{\"@type\":\"ListItem\",\"position\":1,\"name\":\"Home\",\"item\":\"https:\\\/\\\/chemsxpress.com\\\/\"},{\"@type\":\"ListItem\",\"position\":2,\"name\":\"Shop\",\"item\":\"https:\\\/\\\/chemsxpress.com\\\/shop\\\/\"},{\"@type\":\"ListItem\",\"position\":3,\"name\":\"CBD powder\"}]},{\"@type\":\"WebSite\",\"@id\":\"https:\\\/\\\/chemsxpress.com\\\/#website\",\"url\":\"https:\\\/\\\/chemsxpress.com\\\/\",\"name\":\"SHOP MDPHP\",\"description\":\"Buy MDPHP freebase from reliable supplier\",\"potentialAction\":[{\"@type\":\"SearchAction\",\"target\":{\"@type\":\"EntryPoint\",\"urlTemplate\":\"https:\\\/\\\/chemsxpress.com\\\/?s={search_term_string}\"},\"query-input\":{\"@type\":\"PropertyValueSpecification\",\"valueRequired\":true,\"valueName\":\"search_term_string\"}}],\"inLanguage\":\"fr-FR\"}]}<\/script>\n<!-- \/ Yoast SEO Premium plugin. -->","yoast_head_json":{"title":"Achetez de la poudre de CBD en ligne\u00a0: CBD d\u00e9riv\u00e9 du chanvre | ChemsXpress","description":"Achetez de la poudre de CBD en vente chez ChemsXpress. Provenant de plantes de chanvre de qualit\u00e9 sup\u00e9rieure et rigoureusement test\u00e9e, notre poudre de CBD vous offre une polyvalence. Commandez maintenant","robots":{"index":"index","follow":"follow","max-snippet":"max-snippet:-1","max-image-preview":"max-image-preview:large","max-video-preview":"max-video-preview:-1"},"canonical":"https:\/\/chemsxpress.com\/fr\/produit\/acheter-de-la-poudre-de-cbd-en-ligne\/","og_locale":"fr_FR","og_type":"article","og_title":"CBD powder","og_description":"Buy CBD powder for sale at ChemsXpress. Sourced from premium-grade hemp plants and rigorously tested, our CBD powder offers versatility for you. Order Now","og_url":"https:\/\/chemsxpress.com\/fr\/produit\/acheter-de-la-poudre-de-cbd-en-ligne\/","og_site_name":"SHOP MDPHP","article_modified_time":"2025-05-24T08:32:44+00:00","og_image":[{"width":600,"height":600,"url":"https:\/\/chemsxpress.com\/wp-content\/uploads\/2024\/04\/CBD-powder-1.jpg","type":"image\/jpeg"}],"twitter_card":"summary_large_image","twitter_misc":{"Dur\u00e9e de lecture estim\u00e9e":"2 minutes"},"schema":{"@context":"https:\/\/schema.org","@graph":[{"@type":"WebPage","@id":"https:\/\/chemsxpress.com\/product\/buy-cbd-powder-online\/","url":"https:\/\/chemsxpress.com\/product\/buy-cbd-powder-online\/","name":"Achetez de la poudre de CBD en ligne\u00a0: CBD d\u00e9riv\u00e9 du chanvre | ChemsXpress","isPartOf":{"@id":"https:\/\/chemsxpress.com\/#website"},"primaryImageOfPage":{"@id":"https:\/\/chemsxpress.com\/product\/buy-cbd-powder-online\/#primaryimage"},"image":{"@id":"https:\/\/chemsxpress.com\/product\/buy-cbd-powder-online\/#primaryimage"},"thumbnailUrl":"https:\/\/chemsxpress.com\/wp-content\/uploads\/2024\/04\/CBD-powder-1.jpg","datePublished":"2024-04-29T13:14:47+00:00","dateModified":"2025-05-24T08:32:44+00:00","description":"Achetez de la poudre de CBD en vente chez ChemsXpress. Provenant de plantes de chanvre de qualit\u00e9 sup\u00e9rieure et rigoureusement test\u00e9e, notre poudre de CBD vous offre une polyvalence. Commandez maintenant","breadcrumb":{"@id":"https:\/\/chemsxpress.com\/product\/buy-cbd-powder-online\/#breadcrumb"},"inLanguage":"fr-FR","potentialAction":[{"@type":"ReadAction","target":["https:\/\/chemsxpress.com\/product\/buy-cbd-powder-online\/"]}]},{"@type":"ImageObject","inLanguage":"fr-FR","@id":"https:\/\/chemsxpress.com\/product\/buy-cbd-powder-online\/#primaryimage","url":"https:\/\/chemsxpress.com\/wp-content\/uploads\/2024\/04\/CBD-powder-1.jpg","contentUrl":"https:\/\/chemsxpress.com\/wp-content\/uploads\/2024\/04\/CBD-powder-1.jpg","width":600,"height":600,"caption":"Buy CBD powder online"},{"@type":"BreadcrumbList","@id":"https:\/\/chemsxpress.com\/product\/buy-cbd-powder-online\/#breadcrumb","itemListElement":[{"@type":"ListItem","position":1,"name":"Home","item":"https:\/\/chemsxpress.com\/"},{"@type":"ListItem","position":2,"name":"Shop","item":"https:\/\/chemsxpress.com\/shop\/"},{"@type":"ListItem","position":3,"name":"CBD powder"}]},{"@type":"WebSite","@id":"https:\/\/chemsxpress.com\/#website","url":"https:\/\/chemsxpress.com\/","name":"SHOP MDPHP","description":"Acheter MDPHP freebase aupr\u00e8s d'un fournisseur fiable","potentialAction":[{"@type":"SearchAction","target":{"@type":"EntryPoint","urlTemplate":"https:\/\/chemsxpress.com\/?s={search_term_string}"},"query-input":{"@type":"PropertyValueSpecification","valueRequired":true,"valueName":"search_term_string"}}],"inLanguage":"fr-FR"}]}},"jetpack_sharing_enabled":true,"_links":{"self":[{"href":"https:\/\/chemsxpress.com\/fr\/wp-json\/wp\/v2\/product\/28123","targetHints":{"allow":["GET"]}}],"collection":[{"href":"https:\/\/chemsxpress.com\/fr\/wp-json\/wp\/v2\/product"}],"about":[{"href":"https:\/\/chemsxpress.com\/fr\/wp-json\/wp\/v2\/types\/product"}],"replies":[{"embeddable":true,"href":"https:\/\/chemsxpress.com\/fr\/wp-json\/wp\/v2\/comments?post=28123"}],"version-history":[{"count":3,"href":"https:\/\/chemsxpress.com\/fr\/wp-json\/wp\/v2\/product\/28123\/revisions"}],"predecessor-version":[{"id":29816,"href":"https:\/\/chemsxpress.com\/fr\/wp-json\/wp\/v2\/product\/28123\/revisions\/29816"}],"wp:featuredmedia":[{"embeddable":true,"href":"https:\/\/chemsxpress.com\/fr\/wp-json\/wp\/v2\/media\/28198"}],"wp:attachment":[{"href":"https:\/\/chemsxpress.com\/fr\/wp-json\/wp\/v2\/media?parent=28123"}],"wp:term":[{"taxonomy":"product_brand","embeddable":true,"href":"https:\/\/chemsxpress.com\/fr\/wp-json\/wp\/v2\/product_brand?post=28123"},{"taxonomy":"product_cat","embeddable":true,"href":"https:\/\/chemsxpress.com\/fr\/wp-json\/wp\/v2\/product_cat?post=28123"},{"taxonomy":"product_tag","embeddable":true,"href":"https:\/\/chemsxpress.com\/fr\/wp-json\/wp\/v2\/product_tag?post=28123"}],"curies":[{"name":"wp","href":"https:\/\/api.w.org\/{rel}","templated":true}]}}