{"id":28125,"date":"2024-04-29T13:14:47","date_gmt":"2024-04-29T13:14:47","guid":{"rendered":"https:\/\/chemsxpress.com\/?post_type=product&#038;p=28125"},"modified":"2024-07-04T23:33:44","modified_gmt":"2024-07-04T23:33:44","slug":"buy-4f-abinaca-online","status":"publish","type":"product","link":"https:\/\/chemsxpress.com\/fr\/produit\/buy-4f-abinaca-online\/","title":{"rendered":"4F-ABINACA"},"content":{"rendered":"<h1 style=\"text-align: center;\">Acheter 4F-ABINACA en ligne<\/h1>\n<h5 style=\"text-align: center;\"><strong>D\u00e9couvrez la prime 4F-ABINACA \u00e0 vendre sur ChemsXpress<\/strong><\/h5>\n<p style=\"text-align: center;\">Achetez 4F-ABINACA en ligne sur ChemsXpress, votre source de confiance pour 4F-ABINACA de haute qualit\u00e9. Plongez dans le monde des produits chimiques de recherche avec notre 4F-ABINACA m\u00e9ticuleusement synth\u00e9tis\u00e9 et rigoureusement test\u00e9, con\u00e7u pour r\u00e9pondre aux exigences de l'exploration scientifique.<\/p>\n<h3 style=\"text-align: center;\"><strong>Pourquoi choisir ChemsXpress ? Acheter 4F-ABINACA en ligne<\/strong><\/h3>\n<ul style=\"text-align: center;\">\n<li><strong>Qualit\u00e9 exceptionnelle :<\/strong> Notre 4F-ABINACA est soumis \u00e0 des mesures rigoureuses de contr\u00f4le de la qualit\u00e9 afin de garantir sa puret\u00e9, sa puissance et sa coh\u00e9rence, ce qui permet d'obtenir des r\u00e9sultats fiables pour vos travaux de recherche.<\/li>\n<li><strong>Test\u00e9 en laboratoire :<\/strong> Chaque lot de notre 4F-ABINACA est minutieusement test\u00e9 dans des laboratoires ind\u00e9pendants afin de v\u00e9rifier sa composition chimique et de s'assurer qu'il r\u00e9pond \u00e0 nos normes \u00e9lev\u00e9es.<\/li>\n<li><strong>Soutien d'un expert :<\/strong> Vous avez des questions ou besoin d'aide ? Notre \u00e9quipe d'assistance \u00e0 la client\u00e8le est \u00e0 votre disposition pour vous conseiller et vous aider tout au long de votre exp\u00e9rience d'achat.<\/li>\n<\/ul>\n<p style=\"text-align: center;\"><strong>Commandez votre 4F-ABINACA d\u00e8s aujourd'hui<\/strong><\/p>\n<p style=\"text-align: center;\">Faites passer vos recherches \u00e0 la vitesse sup\u00e9rieure avec le 4F-ABINACA de qualit\u00e9 sup\u00e9rieure de ChemsXpress. Passez votre commande d\u00e8s aujourd'hui et embarquez pour un voyage de d\u00e9couverte scientifique en toute confiance.<\/p>\n<p style=\"text-align: center;\"><strong>Rejoignez notre communaut\u00e9 de recherche<\/strong><\/p>\n<p style=\"text-align: center;\">Restez au courant des derni\u00e8res avanc\u00e9es en mati\u00e8re de <a href=\"https:\/\/chemsxpress.com\/fr\/categorie-produit\/produits-chimiques-de-recherche\/\">produits chimiques de recherche<\/a> et b\u00e9n\u00e9ficiez d'offres exclusives en vous inscrivant \u00e0 notre lettre d'information. Rejoignez une communaut\u00e9 de chercheurs passionn\u00e9s qui se consacrent \u00e0 repousser les limites de la science.<\/p>\n<p style=\"text-align: center;\"><strong>La confiance dans ChemsXpress<\/strong><\/p>\n<p style=\"text-align: center;\">Merci d'avoir choisi <a href=\"https:\/\/chemsxpress.com\/fr\/\">ChemsXpress<\/a> en tant que partenaire de confiance dans l'exploration scientifique. Gr\u00e2ce \u00e0 notre engagement in\u00e9branlable en faveur de la qualit\u00e9 et de la satisfaction du client, vous pouvez \u00eatre certain que votre recherche est entre de bonnes mains.<\/p>","protected":false},"excerpt":{"rendered":"<p><strong>Nom IUPAC : <\/strong>N-(1-adamantyl)-1-(4-fluorobutyl)indazole-3-carboxamide<\/p>\n<p><strong>Apparence : <\/strong>poudre<\/p>\n<p><strong>Analyse RMN : <\/strong>C22H28FN3O<\/p>","protected":false},"featured_media":28204,"comment_status":"open","ping_status":"closed","template":"","meta":[],"product_brand":[],"product_cat":[78],"product_tag":[],"class_list":{"0":"post-28125","1":"product","2":"type-product","3":"status-publish","4":"has-post-thumbnail","6":"product_cat-cannabinoids","8":"first","9":"instock","10":"shipping-taxable","11":"purchasable","12":"product-type-variable"},"yoast_head":"<!-- This site is optimized with the Yoast SEO Premium plugin v24.1 (Yoast SEO v27.4) - https:\/\/yoast.com\/product\/yoast-seo-premium-wordpress\/ -->\n<title>Buy 4F-ABINACA Online: Premium RC&#039;s| ChemsXpress<\/title>\n<meta name=\"description\" content=\"Buy 4F-ABINAC at ChemsXpress. With exceptional quality, lab-tested purity, and expert customer support, trust us to fuel your scientific endeavors.\" \/>\n<meta name=\"robots\" content=\"index, follow, max-snippet:-1, max-image-preview:large, max-video-preview:-1\" \/>\n<link rel=\"canonical\" href=\"https:\/\/chemsxpress.com\/fr\/produit\/buy-4f-abinaca-online\/\" \/>\n<meta property=\"og:locale\" content=\"fr_FR\" \/>\n<meta property=\"og:type\" content=\"article\" \/>\n<meta property=\"og:title\" content=\"4F-ABINACA\" \/>\n<meta property=\"og:description\" content=\"Buy 4F-ABINAC at ChemsXpress. With exceptional quality, lab-tested purity, and expert customer support, trust us to fuel your scientific endeavors.\" \/>\n<meta property=\"og:url\" content=\"https:\/\/chemsxpress.com\/fr\/produit\/buy-4f-abinaca-online\/\" \/>\n<meta property=\"og:site_name\" content=\"SHOP MDPHP\" \/>\n<meta property=\"article:modified_time\" content=\"2024-07-04T23:33:44+00:00\" \/>\n<meta property=\"og:image\" content=\"https:\/\/chemsxpress.com\/wp-content\/uploads\/2024\/04\/4F-ABINACA.jpg\" \/>\n\t<meta property=\"og:image:width\" content=\"600\" \/>\n\t<meta property=\"og:image:height\" content=\"600\" \/>\n\t<meta property=\"og:image:type\" content=\"image\/jpeg\" \/>\n<meta name=\"twitter:card\" content=\"summary_large_image\" \/>\n<meta name=\"twitter:label1\" content=\"Dur\u00e9e de lecture estim\u00e9e\" \/>\n\t<meta name=\"twitter:data1\" content=\"2 minutes\" \/>\n<script type=\"application\/ld+json\" class=\"yoast-schema-graph\">{\"@context\":\"https:\\\/\\\/schema.org\",\"@graph\":[{\"@type\":\"WebPage\",\"@id\":\"https:\\\/\\\/chemsxpress.com\\\/product\\\/buy-4f-abinaca-online\\\/\",\"url\":\"https:\\\/\\\/chemsxpress.com\\\/product\\\/buy-4f-abinaca-online\\\/\",\"name\":\"Buy 4F-ABINACA Online: Premium RC's| ChemsXpress\",\"isPartOf\":{\"@id\":\"https:\\\/\\\/chemsxpress.com\\\/#website\"},\"primaryImageOfPage\":{\"@id\":\"https:\\\/\\\/chemsxpress.com\\\/product\\\/buy-4f-abinaca-online\\\/#primaryimage\"},\"image\":{\"@id\":\"https:\\\/\\\/chemsxpress.com\\\/product\\\/buy-4f-abinaca-online\\\/#primaryimage\"},\"thumbnailUrl\":\"https:\\\/\\\/chemsxpress.com\\\/wp-content\\\/uploads\\\/2024\\\/04\\\/4F-ABINACA.jpg\",\"datePublished\":\"2024-04-29T13:14:47+00:00\",\"dateModified\":\"2024-07-04T23:33:44+00:00\",\"description\":\"Buy 4F-ABINAC at ChemsXpress. With exceptional quality, lab-tested purity, and expert customer support, trust us to fuel your scientific endeavors.\",\"breadcrumb\":{\"@id\":\"https:\\\/\\\/chemsxpress.com\\\/product\\\/buy-4f-abinaca-online\\\/#breadcrumb\"},\"inLanguage\":\"fr-FR\",\"potentialAction\":[{\"@type\":\"ReadAction\",\"target\":[\"https:\\\/\\\/chemsxpress.com\\\/product\\\/buy-4f-abinaca-online\\\/\"]}]},{\"@type\":\"ImageObject\",\"inLanguage\":\"fr-FR\",\"@id\":\"https:\\\/\\\/chemsxpress.com\\\/product\\\/buy-4f-abinaca-online\\\/#primaryimage\",\"url\":\"https:\\\/\\\/chemsxpress.com\\\/wp-content\\\/uploads\\\/2024\\\/04\\\/4F-ABINACA.jpg\",\"contentUrl\":\"https:\\\/\\\/chemsxpress.com\\\/wp-content\\\/uploads\\\/2024\\\/04\\\/4F-ABINACA.jpg\",\"width\":600,\"height\":600,\"caption\":\"Buy 4F-ABINACA Online\"},{\"@type\":\"BreadcrumbList\",\"@id\":\"https:\\\/\\\/chemsxpress.com\\\/product\\\/buy-4f-abinaca-online\\\/#breadcrumb\",\"itemListElement\":[{\"@type\":\"ListItem\",\"position\":1,\"name\":\"Home\",\"item\":\"https:\\\/\\\/chemsxpress.com\\\/\"},{\"@type\":\"ListItem\",\"position\":2,\"name\":\"Shop\",\"item\":\"https:\\\/\\\/chemsxpress.com\\\/shop\\\/\"},{\"@type\":\"ListItem\",\"position\":3,\"name\":\"4F-ABINACA\"}]},{\"@type\":\"WebSite\",\"@id\":\"https:\\\/\\\/chemsxpress.com\\\/#website\",\"url\":\"https:\\\/\\\/chemsxpress.com\\\/\",\"name\":\"SHOP MDPHP\",\"description\":\"Buy MDPHP freebase from reliable supplier\",\"potentialAction\":[{\"@type\":\"SearchAction\",\"target\":{\"@type\":\"EntryPoint\",\"urlTemplate\":\"https:\\\/\\\/chemsxpress.com\\\/?s={search_term_string}\"},\"query-input\":{\"@type\":\"PropertyValueSpecification\",\"valueRequired\":true,\"valueName\":\"search_term_string\"}}],\"inLanguage\":\"fr-FR\"}]}<\/script>\n<!-- \/ Yoast SEO Premium plugin. -->","yoast_head_json":{"title":"Achetez 4F-ABINACA en ligne : RC premium | ChemsXpress","description":"Achetez du 4F-ABINAC chez ChemsXpress. Avec une qualit\u00e9 exceptionnelle, une puret\u00e9 test\u00e9e en laboratoire et un support client expert, faites-nous confiance pour alimenter vos efforts scientifiques.","robots":{"index":"index","follow":"follow","max-snippet":"max-snippet:-1","max-image-preview":"max-image-preview:large","max-video-preview":"max-video-preview:-1"},"canonical":"https:\/\/chemsxpress.com\/fr\/produit\/buy-4f-abinaca-online\/","og_locale":"fr_FR","og_type":"article","og_title":"4F-ABINACA","og_description":"Buy 4F-ABINAC at ChemsXpress. With exceptional quality, lab-tested purity, and expert customer support, trust us to fuel your scientific endeavors.","og_url":"https:\/\/chemsxpress.com\/fr\/produit\/buy-4f-abinaca-online\/","og_site_name":"SHOP MDPHP","article_modified_time":"2024-07-04T23:33:44+00:00","og_image":[{"width":600,"height":600,"url":"https:\/\/chemsxpress.com\/wp-content\/uploads\/2024\/04\/4F-ABINACA.jpg","type":"image\/jpeg"}],"twitter_card":"summary_large_image","twitter_misc":{"Dur\u00e9e de lecture estim\u00e9e":"2 minutes"},"schema":{"@context":"https:\/\/schema.org","@graph":[{"@type":"WebPage","@id":"https:\/\/chemsxpress.com\/product\/buy-4f-abinaca-online\/","url":"https:\/\/chemsxpress.com\/product\/buy-4f-abinaca-online\/","name":"Achetez 4F-ABINACA en ligne : RC premium | ChemsXpress","isPartOf":{"@id":"https:\/\/chemsxpress.com\/#website"},"primaryImageOfPage":{"@id":"https:\/\/chemsxpress.com\/product\/buy-4f-abinaca-online\/#primaryimage"},"image":{"@id":"https:\/\/chemsxpress.com\/product\/buy-4f-abinaca-online\/#primaryimage"},"thumbnailUrl":"https:\/\/chemsxpress.com\/wp-content\/uploads\/2024\/04\/4F-ABINACA.jpg","datePublished":"2024-04-29T13:14:47+00:00","dateModified":"2024-07-04T23:33:44+00:00","description":"Achetez du 4F-ABINAC chez ChemsXpress. Avec une qualit\u00e9 exceptionnelle, une puret\u00e9 test\u00e9e en laboratoire et un support client expert, faites-nous confiance pour alimenter vos efforts scientifiques.","breadcrumb":{"@id":"https:\/\/chemsxpress.com\/product\/buy-4f-abinaca-online\/#breadcrumb"},"inLanguage":"fr-FR","potentialAction":[{"@type":"ReadAction","target":["https:\/\/chemsxpress.com\/product\/buy-4f-abinaca-online\/"]}]},{"@type":"ImageObject","inLanguage":"fr-FR","@id":"https:\/\/chemsxpress.com\/product\/buy-4f-abinaca-online\/#primaryimage","url":"https:\/\/chemsxpress.com\/wp-content\/uploads\/2024\/04\/4F-ABINACA.jpg","contentUrl":"https:\/\/chemsxpress.com\/wp-content\/uploads\/2024\/04\/4F-ABINACA.jpg","width":600,"height":600,"caption":"Buy 4F-ABINACA Online"},{"@type":"BreadcrumbList","@id":"https:\/\/chemsxpress.com\/product\/buy-4f-abinaca-online\/#breadcrumb","itemListElement":[{"@type":"ListItem","position":1,"name":"Home","item":"https:\/\/chemsxpress.com\/"},{"@type":"ListItem","position":2,"name":"Shop","item":"https:\/\/chemsxpress.com\/shop\/"},{"@type":"ListItem","position":3,"name":"4F-ABINACA"}]},{"@type":"WebSite","@id":"https:\/\/chemsxpress.com\/#website","url":"https:\/\/chemsxpress.com\/","name":"SHOP MDPHP","description":"Acheter MDPHP freebase aupr\u00e8s d'un fournisseur fiable","potentialAction":[{"@type":"SearchAction","target":{"@type":"EntryPoint","urlTemplate":"https:\/\/chemsxpress.com\/?s={search_term_string}"},"query-input":{"@type":"PropertyValueSpecification","valueRequired":true,"valueName":"search_term_string"}}],"inLanguage":"fr-FR"}]}},"jetpack_sharing_enabled":true,"_links":{"self":[{"href":"https:\/\/chemsxpress.com\/fr\/wp-json\/wp\/v2\/product\/28125","targetHints":{"allow":["GET"]}}],"collection":[{"href":"https:\/\/chemsxpress.com\/fr\/wp-json\/wp\/v2\/product"}],"about":[{"href":"https:\/\/chemsxpress.com\/fr\/wp-json\/wp\/v2\/types\/product"}],"replies":[{"embeddable":true,"href":"https:\/\/chemsxpress.com\/fr\/wp-json\/wp\/v2\/comments?post=28125"}],"version-history":[{"count":4,"href":"https:\/\/chemsxpress.com\/fr\/wp-json\/wp\/v2\/product\/28125\/revisions"}],"predecessor-version":[{"id":30077,"href":"https:\/\/chemsxpress.com\/fr\/wp-json\/wp\/v2\/product\/28125\/revisions\/30077"}],"wp:featuredmedia":[{"embeddable":true,"href":"https:\/\/chemsxpress.com\/fr\/wp-json\/wp\/v2\/media\/28204"}],"wp:attachment":[{"href":"https:\/\/chemsxpress.com\/fr\/wp-json\/wp\/v2\/media?parent=28125"}],"wp:term":[{"taxonomy":"product_brand","embeddable":true,"href":"https:\/\/chemsxpress.com\/fr\/wp-json\/wp\/v2\/product_brand?post=28125"},{"taxonomy":"product_cat","embeddable":true,"href":"https:\/\/chemsxpress.com\/fr\/wp-json\/wp\/v2\/product_cat?post=28125"},{"taxonomy":"product_tag","embeddable":true,"href":"https:\/\/chemsxpress.com\/fr\/wp-json\/wp\/v2\/product_tag?post=28125"}],"curies":[{"name":"wp","href":"https:\/\/api.w.org\/{rel}","templated":true}]}}